{"id":2485,"date":"2021-01-07T18:51:14","date_gmt":"2021-01-07T18:51:14","guid":{"rendered":"https:\/\/iwk.de\/en\/projektmanagement\/"},"modified":"2021-02-26T01:00:45","modified_gmt":"2021-02-26T01:00:45","slug":"projektmanagement","status":"publish","type":"page","link":"https:\/\/vipgo.atsautomation.com\/iwk-de\/%20%20\/beratung\/projektmanagement\/","title":{"rendered":"PROJEKTMANAGEMENT"},"content":{"rendered":"<div class=\"home-main row\">\n<span><span><a href=\"https:\/\/vipgo.atsautomation.com\/iwk-de\/%20%20\/\">HOME<\/a><\/span><\/span><\/p>\n<h2>F\u00fcr uns eine Selbstverst\u00e4ndlichkeit: Professionelles, zielgerichtetes Projektmanagement<\/h2>\n<p>Nach dem Eingang Ihrer Bestellung \u00fcbernimmt einer unserer erfahrenen Projektmanager die verantwortungsvolle Aufgabe, Ihr Projekt abzuwickeln und die vertraglichen Anforderungen zu erf\u00fcllen. Zusammen mit einem Team aus u.a. Konstrukteuren, Technikern und Beschaffern, werden die anstehenden Aufgaben im Projekt gem\u00e4\u00df Ihrer und unserer hohen Anspr\u00fcche an Qualit\u00e4t und Termintreue erf\u00fcllt. Wir legen dabei gro\u00dfen Wert auf Schnelligkeit, Transparenz und Flexibilit\u00e4t. Mithilfe eines strengen Quality Gate Prozesses \u00fcberwacht der Projektmanager Ihr Projekt und alle dazugeh\u00f6rigen Meilensteine.<br \/>\nDer Projektmanager ist vom Auftragsstart bis zur Inbetriebnahme bzw. Abnahme Ihrer Anlage in Ihrem Werk Ansprechpartner f\u00fcr alle technischen und kommerziellen Themen.<br \/>\nDabei verantwortet unser Projektmanager f\u00fcr Sie u.a. folgende T\u00e4tigkeiten:<\/p>\n<div class=\"list-style\">\n<ul>\n<li>Reporting und Informationsaustausch mit Ihnen<\/li>\n<li>Kaufm\u00e4nnische und technische Kl\u00e4rung bei neuen Anforderungen im Verlauf Ihres Projektes<\/li>\n<li>Interne Koordination der Fachabteilungen<\/li>\n<li>Betrachten und Bewerten von Risiken<\/li>\n<li>Entscheidung \u00fcber Ma\u00dfnahmen im Fall von Abweichungen<\/li>\n<li>Durchf\u00fchrung und Betreuung der Quality Gates<\/li>\n<li>Organisation der logistischen Aufgaben (Terminierung, Validierung, Versuchsgutanforderung, Versand)<\/li>\n<li>Betreuung und Steuerung von Tests und Abnahmen (FAT bzw. SAT) und der Inbetriebnahme Ihrer Anlage<\/li>\n<\/ul>\n<\/div>\n<p>Mit Abschluss der Inbetriebnahme und Abnahme Ihrer Anlage gibt der Projektleiter das Projekt ab. Die weitere Betreuung Ihrer Anlage, bis zum Ende der Gew\u00e4hrleistungszeit und gerne auch dar\u00fcber hinaus, \u00fcbernimmt dann unser\u00a0<a href=\"https:\/\/iwk.de\/de\/service-de\/\" target=\"_blank\" rel=\"noopener\" style=\"color:#2160ab;font-weight: 700;\">Service\u00a0<\/a>f\u00fcr Sie.<\/p>\n<p><a class=\"backLink\" href=\"\/\/iwk.de\/de\/beratung\/\" rel=\"noopener\">ZUR\u00dcCK ZU \u201eBERATUNG\u201c<\/a><\/p>\n<\/div>\n","protected":false},"excerpt":{"rendered":"<p>F\u00fcr uns eine Selbstverst\u00e4ndlichkeit: Professionelles, zielgerichtetes Projektmanagement Nach dem Eingang Ihrer Bestellung \u00fcbernimmt einer unserer erfahrenen Projektmanager die verantwortungsvolle Aufgabe, Ihr Projekt abzuwickeln und die vertraglichen Anforderungen zu erf\u00fcllen. Zusammen mit einem Team aus u.a. Konstrukteuren, Technikern und Beschaffern, werden die anstehenden Aufgaben im Projekt gem\u00e4\u00df Ihrer und unserer hohen Anspr\u00fcche an Qualit\u00e4t und Termintreue&#8230;<\/p>\n<div class=\"post-button\"><a href=\"https:\/\/vipgo.atsautomation.com\/iwk-de\/%20%20\/beratung\/projektmanagement\/\">Read More<\/a><\/div>\n","protected":false},"author":3,"featured_media":2084,"parent":2909,"menu_order":0,"comment_status":"closed","ping_status":"closed","template":"","meta":{"inline_featured_image":false,"footnotes":""},"class_list":["post-2485","page","type-page","status-publish","has-post-thumbnail","hentry"],"yoast_head":"<!-- This site is optimized with the Yoast SEO Premium plugin v26.8 (Yoast SEO v26.8) - https:\/\/yoast.com\/product\/yoast-seo-premium-wordpress\/ -->\n<title>PROJEKTMANAGEMENT - Innovative And Customized Manufacturing Solutions<\/title>\n<meta name=\"robots\" content=\"index, follow, max-snippet:-1, max-image-preview:large, max-video-preview:-1\" \/>\n<link rel=\"canonical\" href=\"https:\/\/vipgo.atsautomation.com\/iwk-de\/%20%20\/beratung\/projektmanagement\/\" \/>\n<meta property=\"og:locale\" content=\"de_DE\" \/>\n<meta property=\"og:type\" content=\"article\" \/>\n<meta property=\"og:title\" content=\"PROJEKTMANAGEMENT\" \/>\n<meta property=\"og:description\" content=\"F\u00fcr uns eine Selbstverst\u00e4ndlichkeit: Professionelles, zielgerichtetes Projektmanagement Nach dem Eingang Ihrer Bestellung \u00fcbernimmt einer unserer erfahrenen Projektmanager die verantwortungsvolle Aufgabe, Ihr Projekt abzuwickeln und die vertraglichen Anforderungen zu erf\u00fcllen. Zusammen mit einem Team aus u.a. Konstrukteuren, Technikern und Beschaffern, werden die anstehenden Aufgaben im Projekt gem\u00e4\u00df Ihrer und unserer hohen Anspr\u00fcche an Qualit\u00e4t und Termintreue...Read More\" \/>\n<meta property=\"og:url\" content=\"https:\/\/vipgo.atsautomation.com\/iwk-de\/  \/beratung\/projektmanagement\/\" \/>\n<meta property=\"og:site_name\" content=\"Innovative And Customized Manufacturing Solutions\" \/>\n<meta property=\"article:modified_time\" content=\"2021-02-26T01:00:45+00:00\" \/>\n<meta property=\"og:image\" content=\"https:\/\/vipgo.atsautomation.com\/iwk-de\/%20%20\/wp-content\/uploads\/sites\/22\/2021\/01\/consulting.jpg\" \/>\n\t<meta property=\"og:image:width\" content=\"1899\" \/>\n\t<meta property=\"og:image:height\" content=\"724\" \/>\n\t<meta property=\"og:image:type\" content=\"image\/jpeg\" \/>\n<meta name=\"twitter:card\" content=\"summary_large_image\" \/>\n<meta name=\"twitter:label1\" content=\"Gesch\u00e4tzte Lesezeit\" \/>\n\t<meta name=\"twitter:data1\" content=\"1 Minute\" \/>\n<script type=\"application\/ld+json\" class=\"yoast-schema-graph\">{\"@context\":\"https:\/\/schema.org\",\"@graph\":[{\"@type\":\"WebPage\",\"@id\":\"https:\/\/vipgo.atsautomation.com\/iwk-de\/%20%20\/beratung\/projektmanagement\/\",\"url\":\"https:\/\/vipgo.atsautomation.com\/iwk-de\/%20%20\/beratung\/projektmanagement\/\",\"name\":\"PROJEKTMANAGEMENT - Innovative And Customized Manufacturing Solutions\",\"isPartOf\":{\"@id\":\"https:\/\/vipgo.atsautomation.com\/iwk-de\/%20%20\/#website\"},\"primaryImageOfPage\":{\"@id\":\"https:\/\/vipgo.atsautomation.com\/iwk-de\/%20%20\/beratung\/projektmanagement\/#primaryimage\"},\"image\":{\"@id\":\"https:\/\/vipgo.atsautomation.com\/iwk-de\/%20%20\/beratung\/projektmanagement\/#primaryimage\"},\"thumbnailUrl\":\"https:\/\/vipgo.atsautomation.com\/iwk-de\/%20%20\/wp-content\/uploads\/sites\/22\/2021\/01\/consulting.jpg\",\"datePublished\":\"2021-01-07T18:51:14+00:00\",\"dateModified\":\"2021-02-26T01:00:45+00:00\",\"breadcrumb\":{\"@id\":\"https:\/\/vipgo.atsautomation.com\/iwk-de\/%20%20\/beratung\/projektmanagement\/#breadcrumb\"},\"inLanguage\":\"de-DE\",\"potentialAction\":[{\"@type\":\"ReadAction\",\"target\":[\"https:\/\/vipgo.atsautomation.com\/iwk-de\/%20%20\/beratung\/projektmanagement\/\"]}]},{\"@type\":\"ImageObject\",\"inLanguage\":\"de-DE\",\"@id\":\"https:\/\/vipgo.atsautomation.com\/iwk-de\/%20%20\/beratung\/projektmanagement\/#primaryimage\",\"url\":\"https:\/\/vipgo.atsautomation.com\/iwk-de\/%20%20\/wp-content\/uploads\/sites\/22\/2021\/01\/consulting.jpg\",\"contentUrl\":\"https:\/\/vipgo.atsautomation.com\/iwk-de\/%20%20\/wp-content\/uploads\/sites\/22\/2021\/01\/consulting.jpg\",\"width\":1899,\"height\":724},{\"@type\":\"BreadcrumbList\",\"@id\":\"https:\/\/vipgo.atsautomation.com\/iwk-de\/%20%20\/beratung\/projektmanagement\/#breadcrumb\",\"itemListElement\":[{\"@type\":\"ListItem\",\"position\":1,\"name\":\"HOME\",\"item\":\"https:\/\/vipgo.atsautomation.com\/iwk-de\/%20%20\/\"},{\"@type\":\"ListItem\",\"position\":2,\"name\":\"BERATUNG\",\"item\":\"https:\/\/vipgo.atsautomation.com\/iwk-de\/%20%20\/beratung\/\"},{\"@type\":\"ListItem\",\"position\":3,\"name\":\"PROJEKTMANAGEMENT\"}]},{\"@type\":\"WebSite\",\"@id\":\"https:\/\/vipgo.atsautomation.com\/iwk-de\/%20%20\/#website\",\"url\":\"https:\/\/vipgo.atsautomation.com\/iwk-de\/%20%20\/\",\"name\":\"Innovative And Customized Manufacturing Solutions\",\"description\":\"\",\"publisher\":{\"@id\":\"https:\/\/vipgo.atsautomation.com\/iwk-de\/%20%20\/#organization\"},\"potentialAction\":[{\"@type\":\"SearchAction\",\"target\":{\"@type\":\"EntryPoint\",\"urlTemplate\":\"https:\/\/vipgo.atsautomation.com\/iwk-de\/%20%20\/?s={search_term_string}\"},\"query-input\":{\"@type\":\"PropertyValueSpecification\",\"valueRequired\":true,\"valueName\":\"search_term_string\"}}],\"inLanguage\":\"de-DE\"},{\"@type\":\"Organization\",\"@id\":\"https:\/\/vipgo.atsautomation.com\/iwk-de\/%20%20\/#organization\",\"name\":\"Innovative And Customized Manufacturing Solutions\",\"url\":\"https:\/\/vipgo.atsautomation.com\/iwk-de\/%20%20\/\",\"logo\":{\"@type\":\"ImageObject\",\"inLanguage\":\"de-DE\",\"@id\":\"https:\/\/vipgo.atsautomation.com\/iwk-de\/%20%20\/#\/schema\/logo\/image\/\",\"url\":\"https:\/\/vipgo.atsautomation.com\/iwk-de\/%20%20\/wp-content\/uploads\/sites\/22\/2023\/02\/LOGO_IWK_4c_Size_2.png\",\"contentUrl\":\"https:\/\/vipgo.atsautomation.com\/iwk-de\/%20%20\/wp-content\/uploads\/sites\/22\/2023\/02\/LOGO_IWK_4c_Size_2.png\",\"width\":238,\"height\":137,\"caption\":\"Innovative And Customized Manufacturing Solutions\"},\"image\":{\"@id\":\"https:\/\/vipgo.atsautomation.com\/iwk-de\/%20%20\/#\/schema\/logo\/image\/\"}}]}<\/script>\n<!-- \/ Yoast SEO Premium plugin. -->","yoast_head_json":{"title":"PROJEKTMANAGEMENT - Innovative And Customized Manufacturing Solutions","robots":{"index":"index","follow":"follow","max-snippet":"max-snippet:-1","max-image-preview":"max-image-preview:large","max-video-preview":"max-video-preview:-1"},"canonical":"https:\/\/vipgo.atsautomation.com\/iwk-de\/  \/beratung\/projektmanagement\/","og_locale":"de_DE","og_type":"article","og_title":"PROJEKTMANAGEMENT","og_description":"F\u00fcr uns eine Selbstverst\u00e4ndlichkeit: Professionelles, zielgerichtetes Projektmanagement Nach dem Eingang Ihrer Bestellung \u00fcbernimmt einer unserer erfahrenen Projektmanager die verantwortungsvolle Aufgabe, Ihr Projekt abzuwickeln und die vertraglichen Anforderungen zu erf\u00fcllen. Zusammen mit einem Team aus u.a. Konstrukteuren, Technikern und Beschaffern, werden die anstehenden Aufgaben im Projekt gem\u00e4\u00df Ihrer und unserer hohen Anspr\u00fcche an Qualit\u00e4t und Termintreue...Read More","og_url":"https:\/\/vipgo.atsautomation.com\/iwk-de\/  \/beratung\/projektmanagement\/","og_site_name":"Innovative And Customized Manufacturing Solutions","article_modified_time":"2021-02-26T01:00:45+00:00","og_image":[{"width":1899,"height":724,"url":"https:\/\/vipgo.atsautomation.com\/iwk-de\/%20%20\/wp-content\/uploads\/sites\/22\/2021\/01\/consulting.jpg","type":"image\/jpeg"}],"twitter_card":"summary_large_image","twitter_misc":{"Gesch\u00e4tzte Lesezeit":"1 Minute"},"schema":{"@context":"https:\/\/schema.org","@graph":[{"@type":"WebPage","@id":"https:\/\/vipgo.atsautomation.com\/iwk-de\/%20%20\/beratung\/projektmanagement\/","url":"https:\/\/vipgo.atsautomation.com\/iwk-de\/%20%20\/beratung\/projektmanagement\/","name":"PROJEKTMANAGEMENT - Innovative And Customized Manufacturing Solutions","isPartOf":{"@id":"https:\/\/vipgo.atsautomation.com\/iwk-de\/%20%20\/#website"},"primaryImageOfPage":{"@id":"https:\/\/vipgo.atsautomation.com\/iwk-de\/%20%20\/beratung\/projektmanagement\/#primaryimage"},"image":{"@id":"https:\/\/vipgo.atsautomation.com\/iwk-de\/%20%20\/beratung\/projektmanagement\/#primaryimage"},"thumbnailUrl":"https:\/\/vipgo.atsautomation.com\/iwk-de\/%20%20\/wp-content\/uploads\/sites\/22\/2021\/01\/consulting.jpg","datePublished":"2021-01-07T18:51:14+00:00","dateModified":"2021-02-26T01:00:45+00:00","breadcrumb":{"@id":"https:\/\/vipgo.atsautomation.com\/iwk-de\/%20%20\/beratung\/projektmanagement\/#breadcrumb"},"inLanguage":"de-DE","potentialAction":[{"@type":"ReadAction","target":["https:\/\/vipgo.atsautomation.com\/iwk-de\/%20%20\/beratung\/projektmanagement\/"]}]},{"@type":"ImageObject","inLanguage":"de-DE","@id":"https:\/\/vipgo.atsautomation.com\/iwk-de\/%20%20\/beratung\/projektmanagement\/#primaryimage","url":"https:\/\/vipgo.atsautomation.com\/iwk-de\/%20%20\/wp-content\/uploads\/sites\/22\/2021\/01\/consulting.jpg","contentUrl":"https:\/\/vipgo.atsautomation.com\/iwk-de\/%20%20\/wp-content\/uploads\/sites\/22\/2021\/01\/consulting.jpg","width":1899,"height":724},{"@type":"BreadcrumbList","@id":"https:\/\/vipgo.atsautomation.com\/iwk-de\/%20%20\/beratung\/projektmanagement\/#breadcrumb","itemListElement":[{"@type":"ListItem","position":1,"name":"HOME","item":"https:\/\/vipgo.atsautomation.com\/iwk-de\/%20%20\/"},{"@type":"ListItem","position":2,"name":"BERATUNG","item":"https:\/\/vipgo.atsautomation.com\/iwk-de\/%20%20\/beratung\/"},{"@type":"ListItem","position":3,"name":"PROJEKTMANAGEMENT"}]},{"@type":"WebSite","@id":"https:\/\/vipgo.atsautomation.com\/iwk-de\/%20%20\/#website","url":"https:\/\/vipgo.atsautomation.com\/iwk-de\/%20%20\/","name":"Innovative And Customized Manufacturing Solutions","description":"","publisher":{"@id":"https:\/\/vipgo.atsautomation.com\/iwk-de\/%20%20\/#organization"},"potentialAction":[{"@type":"SearchAction","target":{"@type":"EntryPoint","urlTemplate":"https:\/\/vipgo.atsautomation.com\/iwk-de\/%20%20\/?s={search_term_string}"},"query-input":{"@type":"PropertyValueSpecification","valueRequired":true,"valueName":"search_term_string"}}],"inLanguage":"de-DE"},{"@type":"Organization","@id":"https:\/\/vipgo.atsautomation.com\/iwk-de\/%20%20\/#organization","name":"Innovative And Customized Manufacturing Solutions","url":"https:\/\/vipgo.atsautomation.com\/iwk-de\/%20%20\/","logo":{"@type":"ImageObject","inLanguage":"de-DE","@id":"https:\/\/vipgo.atsautomation.com\/iwk-de\/%20%20\/#\/schema\/logo\/image\/","url":"https:\/\/vipgo.atsautomation.com\/iwk-de\/%20%20\/wp-content\/uploads\/sites\/22\/2023\/02\/LOGO_IWK_4c_Size_2.png","contentUrl":"https:\/\/vipgo.atsautomation.com\/iwk-de\/%20%20\/wp-content\/uploads\/sites\/22\/2023\/02\/LOGO_IWK_4c_Size_2.png","width":238,"height":137,"caption":"Innovative And Customized Manufacturing Solutions"},"image":{"@id":"https:\/\/vipgo.atsautomation.com\/iwk-de\/%20%20\/#\/schema\/logo\/image\/"}}]}},"jetpack_sharing_enabled":true,"_links":{"self":[{"href":"https:\/\/vipgo.atsautomation.com\/iwk-de\/%20%20\/wp-json\/wp\/v2\/pages\/2485","targetHints":{"allow":["GET"]}}],"collection":[{"href":"https:\/\/vipgo.atsautomation.com\/iwk-de\/%20%20\/wp-json\/wp\/v2\/pages"}],"about":[{"href":"https:\/\/vipgo.atsautomation.com\/iwk-de\/%20%20\/wp-json\/wp\/v2\/types\/page"}],"author":[{"embeddable":true,"href":"https:\/\/vipgo.atsautomation.com\/iwk-de\/%20%20\/wp-json\/wp\/v2\/users\/3"}],"replies":[{"embeddable":true,"href":"https:\/\/vipgo.atsautomation.com\/iwk-de\/%20%20\/wp-json\/wp\/v2\/comments?post=2485"}],"version-history":[{"count":8,"href":"https:\/\/vipgo.atsautomation.com\/iwk-de\/%20%20\/wp-json\/wp\/v2\/pages\/2485\/revisions"}],"predecessor-version":[{"id":5176,"href":"https:\/\/vipgo.atsautomation.com\/iwk-de\/%20%20\/wp-json\/wp\/v2\/pages\/2485\/revisions\/5176"}],"up":[{"embeddable":true,"href":"https:\/\/vipgo.atsautomation.com\/iwk-de\/%20%20\/wp-json\/wp\/v2\/pages\/2909"}],"wp:featuredmedia":[{"embeddable":true,"href":"https:\/\/vipgo.atsautomation.com\/iwk-de\/%20%20\/wp-json\/wp\/v2\/media\/2084"}],"wp:attachment":[{"href":"https:\/\/vipgo.atsautomation.com\/iwk-de\/%20%20\/wp-json\/wp\/v2\/media?parent=2485"}],"curies":[{"name":"wp","href":"https:\/\/api.w.org\/{rel}","templated":true}]}}