{"id":2526,"date":"2021-01-12T15:52:53","date_gmt":"2021-01-12T15:52:53","guid":{"rendered":"https:\/\/iwk.de\/?page_id=2526"},"modified":"2021-11-17T10:52:33","modified_gmt":"2021-11-17T10:52:33","slug":"berufserfahrene-hochschulabsolventen","status":"publish","type":"page","link":"https:\/\/vipgo.atsautomation.com\/iwk-de\/%20%20\/karriere\/berufserfahrene-hochschulabsolventen\/","title":{"rendered":"BERUFSERFAHRENE &amp; HOCHSCHULABSOLVENTEN"},"content":{"rendered":"<div class=\"glance-second\">\n<div class=\"home-main row\"><span><span><a href=\"https:\/\/vipgo.atsautomation.com\/iwk-de\/%20%20\/\">HOME<\/a><\/span><\/span><\/p>\n<details>\n<summary>BERUFSERFAHRENE<\/summary>\n<div class=\"faq__content\">\n<p>Bei IWK Verpackungstechnik GmbH finden Sie ein optimales Umfeld zur weiteren Entwicklung Ihres Berufswegs und Ihrer Karriere.<\/p>\n<p>Die wachsende Nachfrage nach effizienten L\u00f6sungen zur Verpackung komplexer Produktgruppen stellen immer neue, hohe Anforderungen an Ingenieure. Gleichzeitig sind sie eine entscheidende Triebfeder zur Entwicklung immer leistungsf\u00e4higerer L\u00f6sungen, die den Anspruch als Innovationsf\u00fchrer unterstreichen.<\/p>\n<p>Als zukunftsorientiertes Unternehmen bieten wir Perspektiven auf allen Ebenen im In- und Ausland und f\u00f6rdern unsere Mitarbeiter in ihrer pers\u00f6nlichen Weiterentwicklung. Attraktive Verg\u00fctung, variable Arbeitszeiten und umfangreiche Sozialleistungen in einer teamorientierten und wertsch\u00e4tzenden Arbeitsatmosph\u00e4re erm\u00f6glichen bestm\u00f6gliche Arbeitsbedingungen. Schlanke Strukturen und Prozesse, Dynamik sowie Kompetenz in anspruchsvoller Technik bieten Ihnen herausragende Chancen.<\/p>\n<h4>IWK Application Center<\/h4>\n<p>Bewerben Sie sich in unserem <a style=\"color: #2160ab;font-weight: bold\" href=\"https:\/\/jobs.atsautomation.com\/?locale=de_DE\" target=\"_blank\" rel=\"noopener\">Application Center<\/a> unter dem gew\u00fcnschten Stellenangebot mit dem Button \u201ejetzt bewerben\u201c: Sie werden automatisch auf die Seiten unserer Muttergesellschaft ATS Automation Tooling Systems Inc. weitergeleitet. Ihre Bewerbung geht anschlie\u00dfend bei uns, der IWK Verpackungstechnik GmbH, ein. Hinweis: Bei einer Erstanmeldung richten Sie bitte erst ein Benutzerkonto ein!<\/p>\n<\/div>\n<\/details>\n<details>\n<summary>HOCHSCHULABSOLVENTEN<\/summary>\n<div class=\"faq__content\">\n<p>Die hohen Standards auf dem Markt der Verpackungstechnik lassen unser Unternehmen stetig nach technischen Verbesserungen und neuen wirtschaftlichen L\u00f6sungen f\u00fcr unsere Verpackungsmaschinen suchen.<br \/>\nIWK hat ein innerbetriebliches Umfeld geschaffen, das Berufsanf\u00e4nger von Anfang an entsprechend ihrer Qualifikation fordert, f\u00f6rdert und ihnen dabei zahlreiche M\u00f6glichkeiten bietet:<\/p>\n<ul>\n<li>Gute Entwicklungs- und Aufstiegschancen<\/li>\n<li>Freir\u00e4ume f\u00fcr Kreativit\u00e4t<\/li>\n<li>Eigenverantwortliches Handeln<\/li>\n<li>Abwechslungsreiche und interessante T\u00e4tigkeiten<\/li>\n<p><\/p>\n<p>In folgenden Bereichen:<\/p>\n<h4>Elektro- und Informationstechnik<\/h4>\n<p>In dem spannenden und innovativen Umfeld des Sondermaschinenbaus und im Zuge des hohen Automatisierungsgrades unserer Verpackungsmaschinen nimmt die Elektrotechnik einen immer h\u00f6heren Stellenwert unseres gesamten Aufgabenspektrums ein. Als Absolventen der Hochschulen\/Universit\u00e4ten bringen wir Ihnen die Vielfalt der verschiedenen Steuerungssysteme, Roboter- und Bildverarbeitungssysteme, die Entwicklung von Visualisierungen anhand modernster Tools und zukunftsweisende Softwaretechnologien wie z.B. die objektorientierte Programmierung in der Steuerungs- und Antriebstechnik nahe.<\/p>\n<h4>Maschinenbau<\/h4>\n<p>Wechselnde Kundenanforderungen stellen hohe Anspr\u00fcche an die Konstruktion von Automatisierungssystemen und einzelnen mechanischen Komponenten. Ein ideales Umfeld f\u00fcr das Zusammenspiel von Pioniergeist und langj\u00e4hriger Erfahrung.<\/p>\n<p>Wirtschaftsingenieurwesen: Die Verantwortung f\u00fcr die Abstimmung wirtschaftlicher Aspekte auf die technischen Gegebenheiten w\u00e4chst. Das Zusammenspiel von M\u00e4rkten, Produkten und den betrieblichen Prozess spielt eine immer gr\u00f6\u00dfer werdende Rolle.<\/p>\n<p>Die langj\u00e4hrige Erfahrung und der Pioniergeist unseres Unternehmens erm\u00f6glichen es uns, die neuen und spannenden Technologien in der Verpackungstechnik unserer Kunden zu erf\u00fcllen. Sie sind offen f\u00fcr Neues, bringen Engagement und Teamgeist mit und zudem gute Sprachkenntnisse (Englisch, Franz\u00f6sisch, Spanisch).<\/p>\n<h4>IWK Application Center<\/h4>\n<p>Bewerben Sie sich in unserem <a style=\"color: #2160ab;font-weight: bold\" href=\"https:\/\/jobs.atsautomation.com\/?locale=de_DE\" target=\"_blank\" rel=\"noopener\">Application Center<\/a> unter dem gew\u00fcnschten Stellenangebot mit dem Button \u201ejetzt bewerben\u201c: Sie werden automatisch auf die Seiten unserer Muttergesellschaft ATS Automation Tooling Systems Inc. weitergeleitet. Ihre Bewerbung geht anschlie\u00dfend bei uns, der IWK Verpackungstechnik GmbH, ein. Hinweis: Bei einer Erstanmeldung richten Sie bitte erst ein Benutzerkonto ein!<\/p>\n<\/div>\n<\/details>\n<p>&nbsp;<\/p>\n<p><a class=\"backLink\" href=\"https:\/\/iwk.de\/de\/karriere\/\" target=\"_self\" rel=\"noopener\">ZUR\u00dcCK ZU \u201eKARRIERE\u201c<\/a><\/p>\n<\/div>\n<\/div>\n","protected":false},"excerpt":{"rendered":"<p>BERUFSERFAHRENE Bei IWK Verpackungstechnik GmbH finden Sie ein optimales Umfeld zur weiteren Entwicklung Ihres Berufswegs und Ihrer Karriere. Die wachsende Nachfrage nach effizienten L\u00f6sungen zur Verpackung komplexer Produktgruppen stellen immer neue, hohe Anforderungen an Ingenieure. Gleichzeitig sind sie eine entscheidende Triebfeder zur Entwicklung immer leistungsf\u00e4higerer L\u00f6sungen, die den Anspruch als Innovationsf\u00fchrer unterstreichen. Als zukunftsorientiertes Unternehmen&#8230;<\/p>\n<div class=\"post-button\"><a href=\"https:\/\/vipgo.atsautomation.com\/iwk-de\/%20%20\/karriere\/berufserfahrene-hochschulabsolventen\/\">Read More<\/a><\/div>\n","protected":false},"author":3,"featured_media":2114,"parent":3365,"menu_order":0,"comment_status":"closed","ping_status":"closed","template":"","meta":{"inline_featured_image":false,"footnotes":""},"class_list":["post-2526","page","type-page","status-publish","has-post-thumbnail","hentry"],"yoast_head":"<!-- This site is optimized with the Yoast SEO Premium plugin v26.8 (Yoast SEO v26.8) - https:\/\/yoast.com\/product\/yoast-seo-premium-wordpress\/ -->\n<title>BERUFSERFAHRENE &amp; HOCHSCHULABSOLVENTEN - Innovative And Customized Manufacturing Solutions<\/title>\n<meta name=\"robots\" content=\"index, follow, max-snippet:-1, max-image-preview:large, max-video-preview:-1\" \/>\n<link rel=\"canonical\" href=\"https:\/\/vipgo.atsautomation.com\/iwk-de\/%20%20\/karriere\/berufserfahrene-hochschulabsolventen\/\" \/>\n<meta property=\"og:locale\" content=\"de_DE\" \/>\n<meta property=\"og:type\" content=\"article\" \/>\n<meta property=\"og:title\" content=\"BERUFSERFAHRENE &amp; HOCHSCHULABSOLVENTEN\" \/>\n<meta property=\"og:description\" content=\"BERUFSERFAHRENE Bei IWK Verpackungstechnik GmbH finden Sie ein optimales Umfeld zur weiteren Entwicklung Ihres Berufswegs und Ihrer Karriere. Die wachsende Nachfrage nach effizienten L\u00f6sungen zur Verpackung komplexer Produktgruppen stellen immer neue, hohe Anforderungen an Ingenieure. Gleichzeitig sind sie eine entscheidende Triebfeder zur Entwicklung immer leistungsf\u00e4higerer L\u00f6sungen, die den Anspruch als Innovationsf\u00fchrer unterstreichen. Als zukunftsorientiertes Unternehmen...Read More\" \/>\n<meta property=\"og:url\" content=\"https:\/\/vipgo.atsautomation.com\/iwk-de\/  \/karriere\/berufserfahrene-hochschulabsolventen\/\" \/>\n<meta property=\"og:site_name\" content=\"Innovative And Customized Manufacturing Solutions\" \/>\n<meta property=\"article:modified_time\" content=\"2021-11-17T10:52:33+00:00\" \/>\n<meta property=\"og:image\" content=\"https:\/\/vipgo.atsautomation.com\/iwk-de\/%20%20\/wp-content\/uploads\/sites\/22\/2021\/01\/career.jpg\" \/>\n\t<meta property=\"og:image:width\" content=\"1895\" \/>\n\t<meta property=\"og:image:height\" content=\"727\" \/>\n\t<meta property=\"og:image:type\" content=\"image\/jpeg\" \/>\n<meta name=\"twitter:card\" content=\"summary_large_image\" \/>\n<meta name=\"twitter:label1\" content=\"Gesch\u00e4tzte Lesezeit\" \/>\n\t<meta name=\"twitter:data1\" content=\"2 Minuten\" \/>\n<script type=\"application\/ld+json\" class=\"yoast-schema-graph\">{\"@context\":\"https:\/\/schema.org\",\"@graph\":[{\"@type\":\"WebPage\",\"@id\":\"https:\/\/vipgo.atsautomation.com\/iwk-de\/%20%20\/karriere\/berufserfahrene-hochschulabsolventen\/\",\"url\":\"https:\/\/vipgo.atsautomation.com\/iwk-de\/%20%20\/karriere\/berufserfahrene-hochschulabsolventen\/\",\"name\":\"BERUFSERFAHRENE &amp; HOCHSCHULABSOLVENTEN - Innovative And Customized Manufacturing Solutions\",\"isPartOf\":{\"@id\":\"https:\/\/vipgo.atsautomation.com\/iwk-de\/%20%20\/#website\"},\"primaryImageOfPage\":{\"@id\":\"https:\/\/vipgo.atsautomation.com\/iwk-de\/%20%20\/karriere\/berufserfahrene-hochschulabsolventen\/#primaryimage\"},\"image\":{\"@id\":\"https:\/\/vipgo.atsautomation.com\/iwk-de\/%20%20\/karriere\/berufserfahrene-hochschulabsolventen\/#primaryimage\"},\"thumbnailUrl\":\"https:\/\/vipgo.atsautomation.com\/iwk-de\/%20%20\/wp-content\/uploads\/sites\/22\/2021\/01\/career.jpg\",\"datePublished\":\"2021-01-12T15:52:53+00:00\",\"dateModified\":\"2021-11-17T10:52:33+00:00\",\"breadcrumb\":{\"@id\":\"https:\/\/vipgo.atsautomation.com\/iwk-de\/%20%20\/karriere\/berufserfahrene-hochschulabsolventen\/#breadcrumb\"},\"inLanguage\":\"de-DE\",\"potentialAction\":[{\"@type\":\"ReadAction\",\"target\":[\"https:\/\/vipgo.atsautomation.com\/iwk-de\/%20%20\/karriere\/berufserfahrene-hochschulabsolventen\/\"]}]},{\"@type\":\"ImageObject\",\"inLanguage\":\"de-DE\",\"@id\":\"https:\/\/vipgo.atsautomation.com\/iwk-de\/%20%20\/karriere\/berufserfahrene-hochschulabsolventen\/#primaryimage\",\"url\":\"https:\/\/vipgo.atsautomation.com\/iwk-de\/%20%20\/wp-content\/uploads\/sites\/22\/2021\/01\/career.jpg\",\"contentUrl\":\"https:\/\/vipgo.atsautomation.com\/iwk-de\/%20%20\/wp-content\/uploads\/sites\/22\/2021\/01\/career.jpg\",\"width\":1895,\"height\":727},{\"@type\":\"BreadcrumbList\",\"@id\":\"https:\/\/vipgo.atsautomation.com\/iwk-de\/%20%20\/karriere\/berufserfahrene-hochschulabsolventen\/#breadcrumb\",\"itemListElement\":[{\"@type\":\"ListItem\",\"position\":1,\"name\":\"HOME\",\"item\":\"https:\/\/vipgo.atsautomation.com\/iwk-de\/%20%20\/\"},{\"@type\":\"ListItem\",\"position\":2,\"name\":\"KARRIERE\",\"item\":\"https:\/\/vipgo.atsautomation.com\/iwk-de\/%20%20\/karriere\/\"},{\"@type\":\"ListItem\",\"position\":3,\"name\":\"BERUFSERFAHRENE &amp; HOCHSCHULABSOLVENTEN\"}]},{\"@type\":\"WebSite\",\"@id\":\"https:\/\/vipgo.atsautomation.com\/iwk-de\/%20%20\/#website\",\"url\":\"https:\/\/vipgo.atsautomation.com\/iwk-de\/%20%20\/\",\"name\":\"Innovative And Customized Manufacturing Solutions\",\"description\":\"\",\"publisher\":{\"@id\":\"https:\/\/vipgo.atsautomation.com\/iwk-de\/%20%20\/#organization\"},\"potentialAction\":[{\"@type\":\"SearchAction\",\"target\":{\"@type\":\"EntryPoint\",\"urlTemplate\":\"https:\/\/vipgo.atsautomation.com\/iwk-de\/%20%20\/?s={search_term_string}\"},\"query-input\":{\"@type\":\"PropertyValueSpecification\",\"valueRequired\":true,\"valueName\":\"search_term_string\"}}],\"inLanguage\":\"de-DE\"},{\"@type\":\"Organization\",\"@id\":\"https:\/\/vipgo.atsautomation.com\/iwk-de\/%20%20\/#organization\",\"name\":\"Innovative And Customized Manufacturing Solutions\",\"url\":\"https:\/\/vipgo.atsautomation.com\/iwk-de\/%20%20\/\",\"logo\":{\"@type\":\"ImageObject\",\"inLanguage\":\"de-DE\",\"@id\":\"https:\/\/vipgo.atsautomation.com\/iwk-de\/%20%20\/#\/schema\/logo\/image\/\",\"url\":\"https:\/\/vipgo.atsautomation.com\/iwk-de\/%20%20\/wp-content\/uploads\/sites\/22\/2023\/02\/LOGO_IWK_4c_Size_2.png\",\"contentUrl\":\"https:\/\/vipgo.atsautomation.com\/iwk-de\/%20%20\/wp-content\/uploads\/sites\/22\/2023\/02\/LOGO_IWK_4c_Size_2.png\",\"width\":238,\"height\":137,\"caption\":\"Innovative And Customized Manufacturing Solutions\"},\"image\":{\"@id\":\"https:\/\/vipgo.atsautomation.com\/iwk-de\/%20%20\/#\/schema\/logo\/image\/\"}}]}<\/script>\n<!-- \/ Yoast SEO Premium plugin. -->","yoast_head_json":{"title":"BERUFSERFAHRENE &amp; HOCHSCHULABSOLVENTEN - Innovative And Customized Manufacturing Solutions","robots":{"index":"index","follow":"follow","max-snippet":"max-snippet:-1","max-image-preview":"max-image-preview:large","max-video-preview":"max-video-preview:-1"},"canonical":"https:\/\/vipgo.atsautomation.com\/iwk-de\/  \/karriere\/berufserfahrene-hochschulabsolventen\/","og_locale":"de_DE","og_type":"article","og_title":"BERUFSERFAHRENE &amp; HOCHSCHULABSOLVENTEN","og_description":"BERUFSERFAHRENE Bei IWK Verpackungstechnik GmbH finden Sie ein optimales Umfeld zur weiteren Entwicklung Ihres Berufswegs und Ihrer Karriere. Die wachsende Nachfrage nach effizienten L\u00f6sungen zur Verpackung komplexer Produktgruppen stellen immer neue, hohe Anforderungen an Ingenieure. Gleichzeitig sind sie eine entscheidende Triebfeder zur Entwicklung immer leistungsf\u00e4higerer L\u00f6sungen, die den Anspruch als Innovationsf\u00fchrer unterstreichen. Als zukunftsorientiertes Unternehmen...Read More","og_url":"https:\/\/vipgo.atsautomation.com\/iwk-de\/  \/karriere\/berufserfahrene-hochschulabsolventen\/","og_site_name":"Innovative And Customized Manufacturing Solutions","article_modified_time":"2021-11-17T10:52:33+00:00","og_image":[{"width":1895,"height":727,"url":"https:\/\/vipgo.atsautomation.com\/iwk-de\/%20%20\/wp-content\/uploads\/sites\/22\/2021\/01\/career.jpg","type":"image\/jpeg"}],"twitter_card":"summary_large_image","twitter_misc":{"Gesch\u00e4tzte Lesezeit":"2 Minuten"},"schema":{"@context":"https:\/\/schema.org","@graph":[{"@type":"WebPage","@id":"https:\/\/vipgo.atsautomation.com\/iwk-de\/%20%20\/karriere\/berufserfahrene-hochschulabsolventen\/","url":"https:\/\/vipgo.atsautomation.com\/iwk-de\/%20%20\/karriere\/berufserfahrene-hochschulabsolventen\/","name":"BERUFSERFAHRENE &amp; HOCHSCHULABSOLVENTEN - Innovative And Customized Manufacturing Solutions","isPartOf":{"@id":"https:\/\/vipgo.atsautomation.com\/iwk-de\/%20%20\/#website"},"primaryImageOfPage":{"@id":"https:\/\/vipgo.atsautomation.com\/iwk-de\/%20%20\/karriere\/berufserfahrene-hochschulabsolventen\/#primaryimage"},"image":{"@id":"https:\/\/vipgo.atsautomation.com\/iwk-de\/%20%20\/karriere\/berufserfahrene-hochschulabsolventen\/#primaryimage"},"thumbnailUrl":"https:\/\/vipgo.atsautomation.com\/iwk-de\/%20%20\/wp-content\/uploads\/sites\/22\/2021\/01\/career.jpg","datePublished":"2021-01-12T15:52:53+00:00","dateModified":"2021-11-17T10:52:33+00:00","breadcrumb":{"@id":"https:\/\/vipgo.atsautomation.com\/iwk-de\/%20%20\/karriere\/berufserfahrene-hochschulabsolventen\/#breadcrumb"},"inLanguage":"de-DE","potentialAction":[{"@type":"ReadAction","target":["https:\/\/vipgo.atsautomation.com\/iwk-de\/%20%20\/karriere\/berufserfahrene-hochschulabsolventen\/"]}]},{"@type":"ImageObject","inLanguage":"de-DE","@id":"https:\/\/vipgo.atsautomation.com\/iwk-de\/%20%20\/karriere\/berufserfahrene-hochschulabsolventen\/#primaryimage","url":"https:\/\/vipgo.atsautomation.com\/iwk-de\/%20%20\/wp-content\/uploads\/sites\/22\/2021\/01\/career.jpg","contentUrl":"https:\/\/vipgo.atsautomation.com\/iwk-de\/%20%20\/wp-content\/uploads\/sites\/22\/2021\/01\/career.jpg","width":1895,"height":727},{"@type":"BreadcrumbList","@id":"https:\/\/vipgo.atsautomation.com\/iwk-de\/%20%20\/karriere\/berufserfahrene-hochschulabsolventen\/#breadcrumb","itemListElement":[{"@type":"ListItem","position":1,"name":"HOME","item":"https:\/\/vipgo.atsautomation.com\/iwk-de\/%20%20\/"},{"@type":"ListItem","position":2,"name":"KARRIERE","item":"https:\/\/vipgo.atsautomation.com\/iwk-de\/%20%20\/karriere\/"},{"@type":"ListItem","position":3,"name":"BERUFSERFAHRENE &amp; HOCHSCHULABSOLVENTEN"}]},{"@type":"WebSite","@id":"https:\/\/vipgo.atsautomation.com\/iwk-de\/%20%20\/#website","url":"https:\/\/vipgo.atsautomation.com\/iwk-de\/%20%20\/","name":"Innovative And Customized Manufacturing Solutions","description":"","publisher":{"@id":"https:\/\/vipgo.atsautomation.com\/iwk-de\/%20%20\/#organization"},"potentialAction":[{"@type":"SearchAction","target":{"@type":"EntryPoint","urlTemplate":"https:\/\/vipgo.atsautomation.com\/iwk-de\/%20%20\/?s={search_term_string}"},"query-input":{"@type":"PropertyValueSpecification","valueRequired":true,"valueName":"search_term_string"}}],"inLanguage":"de-DE"},{"@type":"Organization","@id":"https:\/\/vipgo.atsautomation.com\/iwk-de\/%20%20\/#organization","name":"Innovative And Customized Manufacturing Solutions","url":"https:\/\/vipgo.atsautomation.com\/iwk-de\/%20%20\/","logo":{"@type":"ImageObject","inLanguage":"de-DE","@id":"https:\/\/vipgo.atsautomation.com\/iwk-de\/%20%20\/#\/schema\/logo\/image\/","url":"https:\/\/vipgo.atsautomation.com\/iwk-de\/%20%20\/wp-content\/uploads\/sites\/22\/2023\/02\/LOGO_IWK_4c_Size_2.png","contentUrl":"https:\/\/vipgo.atsautomation.com\/iwk-de\/%20%20\/wp-content\/uploads\/sites\/22\/2023\/02\/LOGO_IWK_4c_Size_2.png","width":238,"height":137,"caption":"Innovative And Customized Manufacturing Solutions"},"image":{"@id":"https:\/\/vipgo.atsautomation.com\/iwk-de\/%20%20\/#\/schema\/logo\/image\/"}}]}},"jetpack_sharing_enabled":true,"_links":{"self":[{"href":"https:\/\/vipgo.atsautomation.com\/iwk-de\/%20%20\/wp-json\/wp\/v2\/pages\/2526","targetHints":{"allow":["GET"]}}],"collection":[{"href":"https:\/\/vipgo.atsautomation.com\/iwk-de\/%20%20\/wp-json\/wp\/v2\/pages"}],"about":[{"href":"https:\/\/vipgo.atsautomation.com\/iwk-de\/%20%20\/wp-json\/wp\/v2\/types\/page"}],"author":[{"embeddable":true,"href":"https:\/\/vipgo.atsautomation.com\/iwk-de\/%20%20\/wp-json\/wp\/v2\/users\/3"}],"replies":[{"embeddable":true,"href":"https:\/\/vipgo.atsautomation.com\/iwk-de\/%20%20\/wp-json\/wp\/v2\/comments?post=2526"}],"version-history":[{"count":11,"href":"https:\/\/vipgo.atsautomation.com\/iwk-de\/%20%20\/wp-json\/wp\/v2\/pages\/2526\/revisions"}],"predecessor-version":[{"id":8359,"href":"https:\/\/vipgo.atsautomation.com\/iwk-de\/%20%20\/wp-json\/wp\/v2\/pages\/2526\/revisions\/8359"}],"up":[{"embeddable":true,"href":"https:\/\/vipgo.atsautomation.com\/iwk-de\/%20%20\/wp-json\/wp\/v2\/pages\/3365"}],"wp:featuredmedia":[{"embeddable":true,"href":"https:\/\/vipgo.atsautomation.com\/iwk-de\/%20%20\/wp-json\/wp\/v2\/media\/2114"}],"wp:attachment":[{"href":"https:\/\/vipgo.atsautomation.com\/iwk-de\/%20%20\/wp-json\/wp\/v2\/media?parent=2526"}],"curies":[{"name":"wp","href":"https:\/\/api.w.org\/{rel}","templated":true}]}}