{"id":2843,"date":"2021-01-12T15:12:42","date_gmt":"2021-01-12T15:12:42","guid":{"rendered":"https:\/\/iwk.de\/?page_id=2843"},"modified":"2021-10-13T10:48:49","modified_gmt":"2021-10-13T10:48:49","slug":"operativer-betrieb","status":"publish","type":"page","link":"https:\/\/vipgo.atsautomation.com\/iwk-de\/%20%20\/service-de\/operativer-betrieb\/","title":{"rendered":"OPERATIVER BETRIEB"},"content":{"rendered":"<div class=\"glance-second\">\n<div class=\"home-main row\"><span><span><a href=\"https:\/\/vipgo.atsautomation.com\/iwk-de\/%20%20\/\">HOME<\/a><\/span><\/span><\/p>\n<details>\n<summary>ERSATZTEILE<\/summary>\n<div class=\"faq__content\">\n<h4>Ersatzteile auf h\u00f6chstem Niveau<\/h4>\n<p>Unsere Mitarbeiter werden permanent geschult, um den hohen Anspr\u00fcchen an Qualit\u00e4t und Geschwindigkeit in der Ersatzteilversorgung unserer Kunden gerecht zu werden. Da unsere Maschinen und Anlagen auf eine maximale Lebensdauer ausgelegt sind bieten wir h\u00e4ufig eine Ersatzteilversorgung weit \u00fcber die \u00fcblichen zehn Jahre hinaus. Unser Ersatzteilportfolio umfasst:<\/p>\n<ul>\n<li>Kommerzielle Teile: Standardteile, z.B. Ventile, Lager, Ketten, pneumatische Komponenten, Antriebselemente, Getriebe<\/li>\n<li>Von der IWK produzierte Teile: Komplexe Teile, z.B. Werkzeuge, Formatteile, Antriebswellen<\/li>\n<li>Baugruppen: Vormontierte Teile und Komponenten, z.B. Verschlussstation, F\u00f6rderband<\/li>\n<\/ul>\n<\/div>\n<\/details>\n<details>\n<summary>AUSSENDIENST UND FERNWARTUNG<\/summary>\n<div class=\"faq__content\">\n<h4>Installation und Inbetriebnahme<\/h4>\n<ul>\n<li>Vor Ort Installation durch geschulte Servicetechniker<\/li>\n<li>Erh\u00f6hte Produktionseffizienz erzielt durch qualifizierte Servicetechniker<\/li>\n<\/ul>\n<h4>Instandhaltung und Reparaturen<\/h4>\n<ul>\n<li>Teileaustausch durch erfahrene Fachkr\u00e4fte<\/li>\n<li>Garantie f\u00fcr ausgetauschte Teile<\/li>\n<li>Umfassende Bewertung der Ausr\u00fcstung und Empfehlungen f\u00fcr Verbesserungspotenzial (z. B. Upgrades)<\/li>\n<li>Pannenhilfe bei Notf\u00e4llen<\/li>\n<\/ul>\n<h4>Fernwartung<\/h4>\n<ul>\n<li>Erm\u00f6glicht den Online-Zugriff auf die Steuerungseinheit Ihrer Maschine<\/li>\n<li>Nutzung der Daten zur Durchf\u00fchrung von Leistungsanalysen bspw. KPIs<\/li>\n<li>Empfehlungen f\u00fcr Wartungen und Upgrades basierend auf den Betriebsdaten<\/li>\n<li>Durchf\u00fchren von Ferndiagnosen um technische Probleme schnell zu beheben<\/li>\n<li>Kunden profitieren von unserer fundierten Branchenerfahrung und einer hohen Anlagenzuverl\u00e4ssigkeit<\/li>\n<\/ul>\n<\/div>\n<\/details>\n<details>\n<summary>WARTUNGSVERTR\u00c4GE<\/summary>\n<div class=\"faq__content\">\n<ul>\n<li>Regelm\u00e4\u00dfige mit dem Kunden abgestimmte Inspektionen der Anlage<\/li>\n<li>Fr\u00fche Identifikation auszutauschender Teile und kontinuierliche \u00dcberwachung des Anlagenzustands (auf Vertragsbasis)<\/li>\n<li>Reduzierung von unvorhersehbaren Maschinenausfallzeiten durch gezielte Wartung<\/li>\n<li>Fundierte Empfehlungen von Spezialisten im besten Interesse unserer Kunden und unter Ber\u00fccksichtigung der spezifischen Produktionsanforderungen<\/li>\n<\/ul>\n<\/div>\n<\/details>\n<p>&nbsp;<\/p>\n<p><a class=\"backLink\" href=\"https:\/\/iwk.de\/de\/service-de\/\" target=\"_self\" rel=\"noopener\">ZUR\u00dcCK ZU \u201eSERVICE\u201c<\/a><\/p>\n<\/div>\n<\/div>\n","protected":false},"excerpt":{"rendered":"<p>ERSATZTEILE Ersatzteile auf h\u00f6chstem Niveau Unsere Mitarbeiter werden permanent geschult, um den hohen Anspr\u00fcchen an Qualit\u00e4t und Geschwindigkeit in der Ersatzteilversorgung unserer Kunden gerecht zu werden. Da unsere Maschinen und Anlagen auf eine maximale Lebensdauer ausgelegt sind bieten wir h\u00e4ufig eine Ersatzteilversorgung weit \u00fcber die \u00fcblichen zehn Jahre hinaus. Unser Ersatzteilportfolio umfasst: Kommerzielle Teile: Standardteile,&#8230;<\/p>\n<div class=\"post-button\"><a href=\"https:\/\/vipgo.atsautomation.com\/iwk-de\/%20%20\/service-de\/operativer-betrieb\/\">Read More<\/a><\/div>\n","protected":false},"author":62,"featured_media":2104,"parent":3450,"menu_order":0,"comment_status":"closed","ping_status":"closed","template":"","meta":{"inline_featured_image":false,"footnotes":""},"class_list":["post-2843","page","type-page","status-publish","has-post-thumbnail","hentry"],"yoast_head":"<!-- This site is optimized with the Yoast SEO Premium plugin v26.8 (Yoast SEO v26.8) - https:\/\/yoast.com\/product\/yoast-seo-premium-wordpress\/ -->\n<title>OPERATIVER BETRIEB - Innovative And Customized Manufacturing Solutions<\/title>\n<meta name=\"robots\" content=\"index, follow, max-snippet:-1, max-image-preview:large, max-video-preview:-1\" \/>\n<link rel=\"canonical\" href=\"https:\/\/vipgo.atsautomation.com\/iwk-de\/%20%20\/service-de\/operativer-betrieb\/\" \/>\n<meta property=\"og:locale\" content=\"de_DE\" \/>\n<meta property=\"og:type\" content=\"article\" \/>\n<meta property=\"og:title\" content=\"OPERATIVER BETRIEB\" \/>\n<meta property=\"og:description\" content=\"ERSATZTEILE Ersatzteile auf h\u00f6chstem Niveau Unsere Mitarbeiter werden permanent geschult, um den hohen Anspr\u00fcchen an Qualit\u00e4t und Geschwindigkeit in der Ersatzteilversorgung unserer Kunden gerecht zu werden. Da unsere Maschinen und Anlagen auf eine maximale Lebensdauer ausgelegt sind bieten wir h\u00e4ufig eine Ersatzteilversorgung weit \u00fcber die \u00fcblichen zehn Jahre hinaus. Unser Ersatzteilportfolio umfasst: Kommerzielle Teile: Standardteile,...Read More\" \/>\n<meta property=\"og:url\" content=\"https:\/\/vipgo.atsautomation.com\/iwk-de\/  \/service-de\/operativer-betrieb\/\" \/>\n<meta property=\"og:site_name\" content=\"Innovative And Customized Manufacturing Solutions\" \/>\n<meta property=\"article:modified_time\" content=\"2021-10-13T10:48:49+00:00\" \/>\n<meta property=\"og:image\" content=\"https:\/\/vipgo.atsautomation.com\/iwk-de\/%20%20\/wp-content\/uploads\/sites\/22\/2021\/01\/service.jpg\" \/>\n\t<meta property=\"og:image:width\" content=\"1901\" \/>\n\t<meta property=\"og:image:height\" content=\"725\" \/>\n\t<meta property=\"og:image:type\" content=\"image\/jpeg\" \/>\n<meta name=\"twitter:card\" content=\"summary_large_image\" \/>\n<meta name=\"twitter:label1\" content=\"Gesch\u00e4tzte Lesezeit\" \/>\n\t<meta name=\"twitter:data1\" content=\"1 Minute\" \/>\n<script type=\"application\/ld+json\" class=\"yoast-schema-graph\">{\"@context\":\"https:\/\/schema.org\",\"@graph\":[{\"@type\":\"WebPage\",\"@id\":\"https:\/\/vipgo.atsautomation.com\/iwk-de\/%20%20\/service-de\/operativer-betrieb\/\",\"url\":\"https:\/\/vipgo.atsautomation.com\/iwk-de\/%20%20\/service-de\/operativer-betrieb\/\",\"name\":\"OPERATIVER BETRIEB - Innovative And Customized Manufacturing Solutions\",\"isPartOf\":{\"@id\":\"https:\/\/vipgo.atsautomation.com\/iwk-de\/%20%20\/#website\"},\"primaryImageOfPage\":{\"@id\":\"https:\/\/vipgo.atsautomation.com\/iwk-de\/%20%20\/service-de\/operativer-betrieb\/#primaryimage\"},\"image\":{\"@id\":\"https:\/\/vipgo.atsautomation.com\/iwk-de\/%20%20\/service-de\/operativer-betrieb\/#primaryimage\"},\"thumbnailUrl\":\"https:\/\/vipgo.atsautomation.com\/iwk-de\/%20%20\/wp-content\/uploads\/sites\/22\/2021\/01\/service.jpg\",\"datePublished\":\"2021-01-12T15:12:42+00:00\",\"dateModified\":\"2021-10-13T10:48:49+00:00\",\"breadcrumb\":{\"@id\":\"https:\/\/vipgo.atsautomation.com\/iwk-de\/%20%20\/service-de\/operativer-betrieb\/#breadcrumb\"},\"inLanguage\":\"de-DE\",\"potentialAction\":[{\"@type\":\"ReadAction\",\"target\":[\"https:\/\/vipgo.atsautomation.com\/iwk-de\/%20%20\/service-de\/operativer-betrieb\/\"]}]},{\"@type\":\"ImageObject\",\"inLanguage\":\"de-DE\",\"@id\":\"https:\/\/vipgo.atsautomation.com\/iwk-de\/%20%20\/service-de\/operativer-betrieb\/#primaryimage\",\"url\":\"https:\/\/vipgo.atsautomation.com\/iwk-de\/%20%20\/wp-content\/uploads\/sites\/22\/2021\/01\/service.jpg\",\"contentUrl\":\"https:\/\/vipgo.atsautomation.com\/iwk-de\/%20%20\/wp-content\/uploads\/sites\/22\/2021\/01\/service.jpg\",\"width\":1901,\"height\":725},{\"@type\":\"BreadcrumbList\",\"@id\":\"https:\/\/vipgo.atsautomation.com\/iwk-de\/%20%20\/service-de\/operativer-betrieb\/#breadcrumb\",\"itemListElement\":[{\"@type\":\"ListItem\",\"position\":1,\"name\":\"HOME\",\"item\":\"https:\/\/vipgo.atsautomation.com\/iwk-de\/%20%20\/\"},{\"@type\":\"ListItem\",\"position\":2,\"name\":\"TOP SERVICE\",\"item\":\"https:\/\/vipgo.atsautomation.com\/iwk-de\/%20%20\/service-de\/\"},{\"@type\":\"ListItem\",\"position\":3,\"name\":\"OPERATIVER BETRIEB\"}]},{\"@type\":\"WebSite\",\"@id\":\"https:\/\/vipgo.atsautomation.com\/iwk-de\/%20%20\/#website\",\"url\":\"https:\/\/vipgo.atsautomation.com\/iwk-de\/%20%20\/\",\"name\":\"Innovative And Customized Manufacturing Solutions\",\"description\":\"\",\"publisher\":{\"@id\":\"https:\/\/vipgo.atsautomation.com\/iwk-de\/%20%20\/#organization\"},\"potentialAction\":[{\"@type\":\"SearchAction\",\"target\":{\"@type\":\"EntryPoint\",\"urlTemplate\":\"https:\/\/vipgo.atsautomation.com\/iwk-de\/%20%20\/?s={search_term_string}\"},\"query-input\":{\"@type\":\"PropertyValueSpecification\",\"valueRequired\":true,\"valueName\":\"search_term_string\"}}],\"inLanguage\":\"de-DE\"},{\"@type\":\"Organization\",\"@id\":\"https:\/\/vipgo.atsautomation.com\/iwk-de\/%20%20\/#organization\",\"name\":\"Innovative And Customized Manufacturing Solutions\",\"url\":\"https:\/\/vipgo.atsautomation.com\/iwk-de\/%20%20\/\",\"logo\":{\"@type\":\"ImageObject\",\"inLanguage\":\"de-DE\",\"@id\":\"https:\/\/vipgo.atsautomation.com\/iwk-de\/%20%20\/#\/schema\/logo\/image\/\",\"url\":\"https:\/\/vipgo.atsautomation.com\/iwk-de\/%20%20\/wp-content\/uploads\/sites\/22\/2023\/02\/LOGO_IWK_4c_Size_2.png\",\"contentUrl\":\"https:\/\/vipgo.atsautomation.com\/iwk-de\/%20%20\/wp-content\/uploads\/sites\/22\/2023\/02\/LOGO_IWK_4c_Size_2.png\",\"width\":238,\"height\":137,\"caption\":\"Innovative And Customized Manufacturing Solutions\"},\"image\":{\"@id\":\"https:\/\/vipgo.atsautomation.com\/iwk-de\/%20%20\/#\/schema\/logo\/image\/\"}}]}<\/script>\n<!-- \/ Yoast SEO Premium plugin. -->","yoast_head_json":{"title":"OPERATIVER BETRIEB - Innovative And Customized Manufacturing Solutions","robots":{"index":"index","follow":"follow","max-snippet":"max-snippet:-1","max-image-preview":"max-image-preview:large","max-video-preview":"max-video-preview:-1"},"canonical":"https:\/\/vipgo.atsautomation.com\/iwk-de\/  \/service-de\/operativer-betrieb\/","og_locale":"de_DE","og_type":"article","og_title":"OPERATIVER BETRIEB","og_description":"ERSATZTEILE Ersatzteile auf h\u00f6chstem Niveau Unsere Mitarbeiter werden permanent geschult, um den hohen Anspr\u00fcchen an Qualit\u00e4t und Geschwindigkeit in der Ersatzteilversorgung unserer Kunden gerecht zu werden. Da unsere Maschinen und Anlagen auf eine maximale Lebensdauer ausgelegt sind bieten wir h\u00e4ufig eine Ersatzteilversorgung weit \u00fcber die \u00fcblichen zehn Jahre hinaus. Unser Ersatzteilportfolio umfasst: Kommerzielle Teile: Standardteile,...Read More","og_url":"https:\/\/vipgo.atsautomation.com\/iwk-de\/  \/service-de\/operativer-betrieb\/","og_site_name":"Innovative And Customized Manufacturing Solutions","article_modified_time":"2021-10-13T10:48:49+00:00","og_image":[{"width":1901,"height":725,"url":"https:\/\/vipgo.atsautomation.com\/iwk-de\/%20%20\/wp-content\/uploads\/sites\/22\/2021\/01\/service.jpg","type":"image\/jpeg"}],"twitter_card":"summary_large_image","twitter_misc":{"Gesch\u00e4tzte Lesezeit":"1 Minute"},"schema":{"@context":"https:\/\/schema.org","@graph":[{"@type":"WebPage","@id":"https:\/\/vipgo.atsautomation.com\/iwk-de\/%20%20\/service-de\/operativer-betrieb\/","url":"https:\/\/vipgo.atsautomation.com\/iwk-de\/%20%20\/service-de\/operativer-betrieb\/","name":"OPERATIVER BETRIEB - Innovative And Customized Manufacturing Solutions","isPartOf":{"@id":"https:\/\/vipgo.atsautomation.com\/iwk-de\/%20%20\/#website"},"primaryImageOfPage":{"@id":"https:\/\/vipgo.atsautomation.com\/iwk-de\/%20%20\/service-de\/operativer-betrieb\/#primaryimage"},"image":{"@id":"https:\/\/vipgo.atsautomation.com\/iwk-de\/%20%20\/service-de\/operativer-betrieb\/#primaryimage"},"thumbnailUrl":"https:\/\/vipgo.atsautomation.com\/iwk-de\/%20%20\/wp-content\/uploads\/sites\/22\/2021\/01\/service.jpg","datePublished":"2021-01-12T15:12:42+00:00","dateModified":"2021-10-13T10:48:49+00:00","breadcrumb":{"@id":"https:\/\/vipgo.atsautomation.com\/iwk-de\/%20%20\/service-de\/operativer-betrieb\/#breadcrumb"},"inLanguage":"de-DE","potentialAction":[{"@type":"ReadAction","target":["https:\/\/vipgo.atsautomation.com\/iwk-de\/%20%20\/service-de\/operativer-betrieb\/"]}]},{"@type":"ImageObject","inLanguage":"de-DE","@id":"https:\/\/vipgo.atsautomation.com\/iwk-de\/%20%20\/service-de\/operativer-betrieb\/#primaryimage","url":"https:\/\/vipgo.atsautomation.com\/iwk-de\/%20%20\/wp-content\/uploads\/sites\/22\/2021\/01\/service.jpg","contentUrl":"https:\/\/vipgo.atsautomation.com\/iwk-de\/%20%20\/wp-content\/uploads\/sites\/22\/2021\/01\/service.jpg","width":1901,"height":725},{"@type":"BreadcrumbList","@id":"https:\/\/vipgo.atsautomation.com\/iwk-de\/%20%20\/service-de\/operativer-betrieb\/#breadcrumb","itemListElement":[{"@type":"ListItem","position":1,"name":"HOME","item":"https:\/\/vipgo.atsautomation.com\/iwk-de\/%20%20\/"},{"@type":"ListItem","position":2,"name":"TOP SERVICE","item":"https:\/\/vipgo.atsautomation.com\/iwk-de\/%20%20\/service-de\/"},{"@type":"ListItem","position":3,"name":"OPERATIVER BETRIEB"}]},{"@type":"WebSite","@id":"https:\/\/vipgo.atsautomation.com\/iwk-de\/%20%20\/#website","url":"https:\/\/vipgo.atsautomation.com\/iwk-de\/%20%20\/","name":"Innovative And Customized Manufacturing Solutions","description":"","publisher":{"@id":"https:\/\/vipgo.atsautomation.com\/iwk-de\/%20%20\/#organization"},"potentialAction":[{"@type":"SearchAction","target":{"@type":"EntryPoint","urlTemplate":"https:\/\/vipgo.atsautomation.com\/iwk-de\/%20%20\/?s={search_term_string}"},"query-input":{"@type":"PropertyValueSpecification","valueRequired":true,"valueName":"search_term_string"}}],"inLanguage":"de-DE"},{"@type":"Organization","@id":"https:\/\/vipgo.atsautomation.com\/iwk-de\/%20%20\/#organization","name":"Innovative And Customized Manufacturing Solutions","url":"https:\/\/vipgo.atsautomation.com\/iwk-de\/%20%20\/","logo":{"@type":"ImageObject","inLanguage":"de-DE","@id":"https:\/\/vipgo.atsautomation.com\/iwk-de\/%20%20\/#\/schema\/logo\/image\/","url":"https:\/\/vipgo.atsautomation.com\/iwk-de\/%20%20\/wp-content\/uploads\/sites\/22\/2023\/02\/LOGO_IWK_4c_Size_2.png","contentUrl":"https:\/\/vipgo.atsautomation.com\/iwk-de\/%20%20\/wp-content\/uploads\/sites\/22\/2023\/02\/LOGO_IWK_4c_Size_2.png","width":238,"height":137,"caption":"Innovative And Customized Manufacturing Solutions"},"image":{"@id":"https:\/\/vipgo.atsautomation.com\/iwk-de\/%20%20\/#\/schema\/logo\/image\/"}}]}},"jetpack_sharing_enabled":true,"_links":{"self":[{"href":"https:\/\/vipgo.atsautomation.com\/iwk-de\/%20%20\/wp-json\/wp\/v2\/pages\/2843","targetHints":{"allow":["GET"]}}],"collection":[{"href":"https:\/\/vipgo.atsautomation.com\/iwk-de\/%20%20\/wp-json\/wp\/v2\/pages"}],"about":[{"href":"https:\/\/vipgo.atsautomation.com\/iwk-de\/%20%20\/wp-json\/wp\/v2\/types\/page"}],"author":[{"embeddable":true,"href":"https:\/\/vipgo.atsautomation.com\/iwk-de\/%20%20\/wp-json\/wp\/v2\/users\/62"}],"replies":[{"embeddable":true,"href":"https:\/\/vipgo.atsautomation.com\/iwk-de\/%20%20\/wp-json\/wp\/v2\/comments?post=2843"}],"version-history":[{"count":8,"href":"https:\/\/vipgo.atsautomation.com\/iwk-de\/%20%20\/wp-json\/wp\/v2\/pages\/2843\/revisions"}],"predecessor-version":[{"id":8185,"href":"https:\/\/vipgo.atsautomation.com\/iwk-de\/%20%20\/wp-json\/wp\/v2\/pages\/2843\/revisions\/8185"}],"up":[{"embeddable":true,"href":"https:\/\/vipgo.atsautomation.com\/iwk-de\/%20%20\/wp-json\/wp\/v2\/pages\/3450"}],"wp:featuredmedia":[{"embeddable":true,"href":"https:\/\/vipgo.atsautomation.com\/iwk-de\/%20%20\/wp-json\/wp\/v2\/media\/2104"}],"wp:attachment":[{"href":"https:\/\/vipgo.atsautomation.com\/iwk-de\/%20%20\/wp-json\/wp\/v2\/media?parent=2843"}],"curies":[{"name":"wp","href":"https:\/\/api.w.org\/{rel}","templated":true}]}}