{"id":3025,"date":"2021-01-15T12:22:41","date_gmt":"2021-01-15T12:22:41","guid":{"rendered":"https:\/\/iwk.de\/?page_id=3025"},"modified":"2021-08-13T11:35:26","modified_gmt":"2021-08-13T11:35:26","slug":"halbautomatisches-tubenzufuehrsystem-tzf-bis-zu-220-tuben-min","status":"publish","type":"page","link":"https:\/\/vipgo.atsautomation.com\/iwk-de\/%20%20\/produkte-loesungen\/maschinen\/halbautomatisches-tubenzufuehrsystem-tzf-bis-zu-220-tuben-min\/","title":{"rendered":"Halbautomatisches Tubenzuf\u00fchrsystem TZF (bis zu 220 Tuben\/Min.)"},"content":{"rendered":"<div class=\"home-main row\"><span><span><a href=\"https:\/\/vipgo.atsautomation.com\/iwk-de\/%20%20\/\">HOME<\/a><\/span><\/span><\/p>\n<h2>Halbautomatisches Tubenzuf\u00fchrsystem TZF<br \/>\n(bis zu 220 Tuben\/Min.)<\/h2>\n<p>Gro\u00dfer Tubenvorratsspeicher f\u00fcr lange Produktionszeiten ohne Nachlegen von Leertuben.<\/p>\n<p>F\u00fcr F\u00fcllmaschinen bis zu 220 Tuben\/Min.<\/p>\n<p>Die flexible Tubenzuf\u00fchrung TZF wird \u00fcber ein Tubenmagazin manuell mit Leertuben best\u00fcckt.<\/p>\n<p>Am Ausgang des Tubenmagazins befindet sich ein Vereinzelungsmechanismus, der die Tuben sanft auf das Tubenband vereinzelt. Ein Min.\/Max. Stau regelt den Materialfluss. Durch den selbst\u00e4ndigen Antrieb ist das TZF Ger\u00e4t individuell einsetzbar.<\/p>\n<div class=\"advantages\">\n<div class=\"col-sm-7 bodytext mt-4\">\n<h3>VORTEILE<\/h3>\n<div class=\"list-style\">\n<ul>\n<li>Einfache Bedienung<\/li>\n<li>Schonende Tubenbehandlung<\/li>\n<li>Eignung f\u00fcr Laminar Flow (Serie TZ, TZM)<\/li>\n<li>Verarbeitung aller Tubenmaterialien<\/li>\n<li>Verarbeitung unterschiedlicher Tuben-Anordnungen in Kartons<\/li>\n<li>Schnelle Formatumstellung<\/li>\n<li>Gro\u00dfer Vorrat an Leertuben<\/li>\n<\/ul>\n<\/div>\n<\/div>\n<div class=\"col-sm-9\">\n<div class=\"slideshow-container\">\n<div class=\"mySlides fade\"><img loading=\"lazy\" decoding=\"async\"  width=\"500\" height=\"334\"  src=\"https:\/\/iwk.de\/wp-content\/uploads\/sites\/22\/2021\/01\/TZM_3.jpg\" \/><\/div>\n<div class=\"mySlides fade\"><img loading=\"lazy\" decoding=\"async\"  width=\"500\" height=\"334\"  src=\"https:\/\/iwk.de\/wp-content\/uploads\/sites\/22\/2021\/01\/TZM_4.jpg\" \/><\/div>\n<p><a class=\"prev\" onclick=\"plusSlides(-1)\">\u276e<\/a><br \/>\n<a class=\"next\" onclick=\"plusSlides(1)\">\u276f<\/a><\/p>\n<\/div>\n<\/div>\n<\/div>\n<\/div>\n<section class=\"techData\">\n<div class=\"home-main row\">\n<h3>TECHNISCHE DATEN<\/h3>\n<table class=\"table\">\n<thead>\n<tr>\n<th>TYP<\/th>\n<th>TZF<\/th>\n<\/tr>\n<\/thead>\n<tbody>\n<tr>\n<td>Max. Leistung (Tuben\/Min.)<\/td>\n<td>220<\/td>\n<\/tr>\n<tr>\n<td>Tubendurchmesser (mm)<\/td>\n<td>10 \u2013 63 mm (Kunststoff)<br \/>\n10 \u2013 50 mm (Metall)<\/td>\n<\/tr>\n<tr>\n<td>Gesamt-Tubenl\u00e4nge (mm)<\/td>\n<td>60-250<\/td>\n<\/tr>\n<tr>\n<td>Max. Kartonma\u00df-LxBxH (mm)<\/td>\n<td>650 mm x 600 mm x 265 mm<\/td>\n<\/tr>\n<\/tbody>\n<\/table>\n<\/div>\n<\/section>\n<div class=\"home-main row\"><a class=\"backLink\" href=\"https:\/\/iwk.de\/maschinen\/\"> Zur\u00fcck <\/a><\/div>\n","protected":false},"excerpt":{"rendered":"<p>Halbautomatisches Tubenzuf\u00fchrsystem TZF (bis zu 220 Tuben\/Min.) Gro\u00dfer Tubenvorratsspeicher f\u00fcr lange Produktionszeiten ohne Nachlegen von Leertuben. F\u00fcr F\u00fcllmaschinen bis zu 220 Tuben\/Min. Die flexible Tubenzuf\u00fchrung TZF wird \u00fcber ein Tubenmagazin manuell mit Leertuben best\u00fcckt. Am Ausgang des Tubenmagazins befindet sich ein Vereinzelungsmechanismus, der die Tuben sanft auf das Tubenband vereinzelt. Ein Min.\/Max. Stau regelt den&#8230;<\/p>\n<div class=\"post-button\"><a href=\"https:\/\/vipgo.atsautomation.com\/iwk-de\/%20%20\/produkte-loesungen\/maschinen\/halbautomatisches-tubenzufuehrsystem-tzf-bis-zu-220-tuben-min\/\">Read More<\/a><\/div>\n","protected":false},"author":62,"featured_media":2308,"parent":2991,"menu_order":0,"comment_status":"closed","ping_status":"closed","template":"page-templates\/landing-page.php","meta":{"inline_featured_image":false,"footnotes":""},"class_list":["post-3025","page","type-page","status-publish","has-post-thumbnail","hentry"],"yoast_head":"<!-- This site is optimized with the Yoast SEO Premium plugin v26.8 (Yoast SEO v26.8) - https:\/\/yoast.com\/product\/yoast-seo-premium-wordpress\/ -->\n<title>Halbautomatisches Tubenzuf\u00fchrsystem TZF (bis zu 220 Tuben\/Min.) - Innovative And Customized Manufacturing Solutions<\/title>\n<meta name=\"robots\" content=\"index, follow, max-snippet:-1, max-image-preview:large, max-video-preview:-1\" \/>\n<link rel=\"canonical\" href=\"https:\/\/vipgo.atsautomation.com\/iwk-de\/%20%20\/produkte-loesungen\/maschinen\/halbautomatisches-tubenzufuehrsystem-tzf-bis-zu-220-tuben-min\/\" \/>\n<meta property=\"og:locale\" content=\"de_DE\" \/>\n<meta property=\"og:type\" content=\"article\" \/>\n<meta property=\"og:title\" content=\"Halbautomatisches Tubenzuf\u00fchrsystem TZF (bis zu 220 Tuben\/Min.)\" \/>\n<meta property=\"og:description\" content=\"Halbautomatisches Tubenzuf\u00fchrsystem TZF (bis zu 220 Tuben\/Min.) Gro\u00dfer Tubenvorratsspeicher f\u00fcr lange Produktionszeiten ohne Nachlegen von Leertuben. F\u00fcr F\u00fcllmaschinen bis zu 220 Tuben\/Min. Die flexible Tubenzuf\u00fchrung TZF wird \u00fcber ein Tubenmagazin manuell mit Leertuben best\u00fcckt. Am Ausgang des Tubenmagazins befindet sich ein Vereinzelungsmechanismus, der die Tuben sanft auf das Tubenband vereinzelt. Ein Min.\/Max. Stau regelt den...Read More\" \/>\n<meta property=\"og:url\" content=\"https:\/\/vipgo.atsautomation.com\/iwk-de\/  \/produkte-loesungen\/maschinen\/halbautomatisches-tubenzufuehrsystem-tzf-bis-zu-220-tuben-min\/\" \/>\n<meta property=\"og:site_name\" content=\"Innovative And Customized Manufacturing Solutions\" \/>\n<meta property=\"article:modified_time\" content=\"2021-08-13T11:35:26+00:00\" \/>\n<meta property=\"og:image\" content=\"https:\/\/vipgo.atsautomation.com\/iwk-de\/%20%20\/wp-content\/uploads\/sites\/22\/2021\/01\/machine.jpg\" \/>\n\t<meta property=\"og:image:width\" content=\"1895\" \/>\n\t<meta property=\"og:image:height\" content=\"727\" \/>\n\t<meta property=\"og:image:type\" content=\"image\/jpeg\" \/>\n<meta name=\"twitter:card\" content=\"summary_large_image\" \/>\n<meta name=\"twitter:label1\" content=\"Gesch\u00e4tzte Lesezeit\" \/>\n\t<meta name=\"twitter:data1\" content=\"1 Minute\" \/>\n<script type=\"application\/ld+json\" class=\"yoast-schema-graph\">{\"@context\":\"https:\/\/schema.org\",\"@graph\":[{\"@type\":\"WebPage\",\"@id\":\"https:\/\/vipgo.atsautomation.com\/iwk-de\/%20%20\/produkte-loesungen\/maschinen\/halbautomatisches-tubenzufuehrsystem-tzf-bis-zu-220-tuben-min\/\",\"url\":\"https:\/\/vipgo.atsautomation.com\/iwk-de\/%20%20\/produkte-loesungen\/maschinen\/halbautomatisches-tubenzufuehrsystem-tzf-bis-zu-220-tuben-min\/\",\"name\":\"Halbautomatisches Tubenzuf\u00fchrsystem TZF (bis zu 220 Tuben\/Min.) - Innovative And Customized Manufacturing Solutions\",\"isPartOf\":{\"@id\":\"https:\/\/vipgo.atsautomation.com\/iwk-de\/%20%20\/#website\"},\"primaryImageOfPage\":{\"@id\":\"https:\/\/vipgo.atsautomation.com\/iwk-de\/%20%20\/produkte-loesungen\/maschinen\/halbautomatisches-tubenzufuehrsystem-tzf-bis-zu-220-tuben-min\/#primaryimage\"},\"image\":{\"@id\":\"https:\/\/vipgo.atsautomation.com\/iwk-de\/%20%20\/produkte-loesungen\/maschinen\/halbautomatisches-tubenzufuehrsystem-tzf-bis-zu-220-tuben-min\/#primaryimage\"},\"thumbnailUrl\":\"https:\/\/vipgo.atsautomation.com\/iwk-de\/%20%20\/wp-content\/uploads\/sites\/22\/2021\/01\/machine.jpg\",\"datePublished\":\"2021-01-15T12:22:41+00:00\",\"dateModified\":\"2021-08-13T11:35:26+00:00\",\"breadcrumb\":{\"@id\":\"https:\/\/vipgo.atsautomation.com\/iwk-de\/%20%20\/produkte-loesungen\/maschinen\/halbautomatisches-tubenzufuehrsystem-tzf-bis-zu-220-tuben-min\/#breadcrumb\"},\"inLanguage\":\"de-DE\",\"potentialAction\":[{\"@type\":\"ReadAction\",\"target\":[\"https:\/\/vipgo.atsautomation.com\/iwk-de\/%20%20\/produkte-loesungen\/maschinen\/halbautomatisches-tubenzufuehrsystem-tzf-bis-zu-220-tuben-min\/\"]}]},{\"@type\":\"ImageObject\",\"inLanguage\":\"de-DE\",\"@id\":\"https:\/\/vipgo.atsautomation.com\/iwk-de\/%20%20\/produkte-loesungen\/maschinen\/halbautomatisches-tubenzufuehrsystem-tzf-bis-zu-220-tuben-min\/#primaryimage\",\"url\":\"https:\/\/vipgo.atsautomation.com\/iwk-de\/%20%20\/wp-content\/uploads\/sites\/22\/2021\/01\/machine.jpg\",\"contentUrl\":\"https:\/\/vipgo.atsautomation.com\/iwk-de\/%20%20\/wp-content\/uploads\/sites\/22\/2021\/01\/machine.jpg\",\"width\":1895,\"height\":727},{\"@type\":\"BreadcrumbList\",\"@id\":\"https:\/\/vipgo.atsautomation.com\/iwk-de\/%20%20\/produkte-loesungen\/maschinen\/halbautomatisches-tubenzufuehrsystem-tzf-bis-zu-220-tuben-min\/#breadcrumb\",\"itemListElement\":[{\"@type\":\"ListItem\",\"position\":1,\"name\":\"HOME\",\"item\":\"https:\/\/vipgo.atsautomation.com\/iwk-de\/%20%20\/\"},{\"@type\":\"ListItem\",\"position\":2,\"name\":\"PRODUKTE &amp; L\u00d6SUNGEN\",\"item\":\"https:\/\/vipgo.atsautomation.com\/iwk-de\/%20%20\/produkte-loesungen\/\"},{\"@type\":\"ListItem\",\"position\":3,\"name\":\"MASCHINEN\",\"item\":\"https:\/\/vipgo.atsautomation.com\/iwk-de\/%20%20\/produkte-loesungen\/maschinen\/\"},{\"@type\":\"ListItem\",\"position\":4,\"name\":\"Halbautomatisches Tubenzuf\u00fchrsystem TZF (bis zu 220 Tuben\/Min.)\"}]},{\"@type\":\"WebSite\",\"@id\":\"https:\/\/vipgo.atsautomation.com\/iwk-de\/%20%20\/#website\",\"url\":\"https:\/\/vipgo.atsautomation.com\/iwk-de\/%20%20\/\",\"name\":\"Innovative And Customized Manufacturing Solutions\",\"description\":\"\",\"publisher\":{\"@id\":\"https:\/\/vipgo.atsautomation.com\/iwk-de\/%20%20\/#organization\"},\"potentialAction\":[{\"@type\":\"SearchAction\",\"target\":{\"@type\":\"EntryPoint\",\"urlTemplate\":\"https:\/\/vipgo.atsautomation.com\/iwk-de\/%20%20\/?s={search_term_string}\"},\"query-input\":{\"@type\":\"PropertyValueSpecification\",\"valueRequired\":true,\"valueName\":\"search_term_string\"}}],\"inLanguage\":\"de-DE\"},{\"@type\":\"Organization\",\"@id\":\"https:\/\/vipgo.atsautomation.com\/iwk-de\/%20%20\/#organization\",\"name\":\"Innovative And Customized Manufacturing Solutions\",\"url\":\"https:\/\/vipgo.atsautomation.com\/iwk-de\/%20%20\/\",\"logo\":{\"@type\":\"ImageObject\",\"inLanguage\":\"de-DE\",\"@id\":\"https:\/\/vipgo.atsautomation.com\/iwk-de\/%20%20\/#\/schema\/logo\/image\/\",\"url\":\"https:\/\/vipgo.atsautomation.com\/iwk-de\/%20%20\/wp-content\/uploads\/sites\/22\/2023\/02\/LOGO_IWK_4c_Size_2.png\",\"contentUrl\":\"https:\/\/vipgo.atsautomation.com\/iwk-de\/%20%20\/wp-content\/uploads\/sites\/22\/2023\/02\/LOGO_IWK_4c_Size_2.png\",\"width\":238,\"height\":137,\"caption\":\"Innovative And Customized Manufacturing Solutions\"},\"image\":{\"@id\":\"https:\/\/vipgo.atsautomation.com\/iwk-de\/%20%20\/#\/schema\/logo\/image\/\"}}]}<\/script>\n<!-- \/ Yoast SEO Premium plugin. -->","yoast_head_json":{"title":"Halbautomatisches Tubenzuf\u00fchrsystem TZF (bis zu 220 Tuben\/Min.) - Innovative And Customized Manufacturing Solutions","robots":{"index":"index","follow":"follow","max-snippet":"max-snippet:-1","max-image-preview":"max-image-preview:large","max-video-preview":"max-video-preview:-1"},"canonical":"https:\/\/vipgo.atsautomation.com\/iwk-de\/  \/produkte-loesungen\/maschinen\/halbautomatisches-tubenzufuehrsystem-tzf-bis-zu-220-tuben-min\/","og_locale":"de_DE","og_type":"article","og_title":"Halbautomatisches Tubenzuf\u00fchrsystem TZF (bis zu 220 Tuben\/Min.)","og_description":"Halbautomatisches Tubenzuf\u00fchrsystem TZF (bis zu 220 Tuben\/Min.) Gro\u00dfer Tubenvorratsspeicher f\u00fcr lange Produktionszeiten ohne Nachlegen von Leertuben. F\u00fcr F\u00fcllmaschinen bis zu 220 Tuben\/Min. Die flexible Tubenzuf\u00fchrung TZF wird \u00fcber ein Tubenmagazin manuell mit Leertuben best\u00fcckt. Am Ausgang des Tubenmagazins befindet sich ein Vereinzelungsmechanismus, der die Tuben sanft auf das Tubenband vereinzelt. Ein Min.\/Max. Stau regelt den...Read More","og_url":"https:\/\/vipgo.atsautomation.com\/iwk-de\/  \/produkte-loesungen\/maschinen\/halbautomatisches-tubenzufuehrsystem-tzf-bis-zu-220-tuben-min\/","og_site_name":"Innovative And Customized Manufacturing Solutions","article_modified_time":"2021-08-13T11:35:26+00:00","og_image":[{"width":1895,"height":727,"url":"https:\/\/vipgo.atsautomation.com\/iwk-de\/%20%20\/wp-content\/uploads\/sites\/22\/2021\/01\/machine.jpg","type":"image\/jpeg"}],"twitter_card":"summary_large_image","twitter_misc":{"Gesch\u00e4tzte Lesezeit":"1 Minute"},"schema":{"@context":"https:\/\/schema.org","@graph":[{"@type":"WebPage","@id":"https:\/\/vipgo.atsautomation.com\/iwk-de\/%20%20\/produkte-loesungen\/maschinen\/halbautomatisches-tubenzufuehrsystem-tzf-bis-zu-220-tuben-min\/","url":"https:\/\/vipgo.atsautomation.com\/iwk-de\/%20%20\/produkte-loesungen\/maschinen\/halbautomatisches-tubenzufuehrsystem-tzf-bis-zu-220-tuben-min\/","name":"Halbautomatisches Tubenzuf\u00fchrsystem TZF (bis zu 220 Tuben\/Min.) - Innovative And Customized Manufacturing Solutions","isPartOf":{"@id":"https:\/\/vipgo.atsautomation.com\/iwk-de\/%20%20\/#website"},"primaryImageOfPage":{"@id":"https:\/\/vipgo.atsautomation.com\/iwk-de\/%20%20\/produkte-loesungen\/maschinen\/halbautomatisches-tubenzufuehrsystem-tzf-bis-zu-220-tuben-min\/#primaryimage"},"image":{"@id":"https:\/\/vipgo.atsautomation.com\/iwk-de\/%20%20\/produkte-loesungen\/maschinen\/halbautomatisches-tubenzufuehrsystem-tzf-bis-zu-220-tuben-min\/#primaryimage"},"thumbnailUrl":"https:\/\/vipgo.atsautomation.com\/iwk-de\/%20%20\/wp-content\/uploads\/sites\/22\/2021\/01\/machine.jpg","datePublished":"2021-01-15T12:22:41+00:00","dateModified":"2021-08-13T11:35:26+00:00","breadcrumb":{"@id":"https:\/\/vipgo.atsautomation.com\/iwk-de\/%20%20\/produkte-loesungen\/maschinen\/halbautomatisches-tubenzufuehrsystem-tzf-bis-zu-220-tuben-min\/#breadcrumb"},"inLanguage":"de-DE","potentialAction":[{"@type":"ReadAction","target":["https:\/\/vipgo.atsautomation.com\/iwk-de\/%20%20\/produkte-loesungen\/maschinen\/halbautomatisches-tubenzufuehrsystem-tzf-bis-zu-220-tuben-min\/"]}]},{"@type":"ImageObject","inLanguage":"de-DE","@id":"https:\/\/vipgo.atsautomation.com\/iwk-de\/%20%20\/produkte-loesungen\/maschinen\/halbautomatisches-tubenzufuehrsystem-tzf-bis-zu-220-tuben-min\/#primaryimage","url":"https:\/\/vipgo.atsautomation.com\/iwk-de\/%20%20\/wp-content\/uploads\/sites\/22\/2021\/01\/machine.jpg","contentUrl":"https:\/\/vipgo.atsautomation.com\/iwk-de\/%20%20\/wp-content\/uploads\/sites\/22\/2021\/01\/machine.jpg","width":1895,"height":727},{"@type":"BreadcrumbList","@id":"https:\/\/vipgo.atsautomation.com\/iwk-de\/%20%20\/produkte-loesungen\/maschinen\/halbautomatisches-tubenzufuehrsystem-tzf-bis-zu-220-tuben-min\/#breadcrumb","itemListElement":[{"@type":"ListItem","position":1,"name":"HOME","item":"https:\/\/vipgo.atsautomation.com\/iwk-de\/%20%20\/"},{"@type":"ListItem","position":2,"name":"PRODUKTE &amp; L\u00d6SUNGEN","item":"https:\/\/vipgo.atsautomation.com\/iwk-de\/%20%20\/produkte-loesungen\/"},{"@type":"ListItem","position":3,"name":"MASCHINEN","item":"https:\/\/vipgo.atsautomation.com\/iwk-de\/%20%20\/produkte-loesungen\/maschinen\/"},{"@type":"ListItem","position":4,"name":"Halbautomatisches Tubenzuf\u00fchrsystem TZF (bis zu 220 Tuben\/Min.)"}]},{"@type":"WebSite","@id":"https:\/\/vipgo.atsautomation.com\/iwk-de\/%20%20\/#website","url":"https:\/\/vipgo.atsautomation.com\/iwk-de\/%20%20\/","name":"Innovative And Customized Manufacturing Solutions","description":"","publisher":{"@id":"https:\/\/vipgo.atsautomation.com\/iwk-de\/%20%20\/#organization"},"potentialAction":[{"@type":"SearchAction","target":{"@type":"EntryPoint","urlTemplate":"https:\/\/vipgo.atsautomation.com\/iwk-de\/%20%20\/?s={search_term_string}"},"query-input":{"@type":"PropertyValueSpecification","valueRequired":true,"valueName":"search_term_string"}}],"inLanguage":"de-DE"},{"@type":"Organization","@id":"https:\/\/vipgo.atsautomation.com\/iwk-de\/%20%20\/#organization","name":"Innovative And Customized Manufacturing Solutions","url":"https:\/\/vipgo.atsautomation.com\/iwk-de\/%20%20\/","logo":{"@type":"ImageObject","inLanguage":"de-DE","@id":"https:\/\/vipgo.atsautomation.com\/iwk-de\/%20%20\/#\/schema\/logo\/image\/","url":"https:\/\/vipgo.atsautomation.com\/iwk-de\/%20%20\/wp-content\/uploads\/sites\/22\/2023\/02\/LOGO_IWK_4c_Size_2.png","contentUrl":"https:\/\/vipgo.atsautomation.com\/iwk-de\/%20%20\/wp-content\/uploads\/sites\/22\/2023\/02\/LOGO_IWK_4c_Size_2.png","width":238,"height":137,"caption":"Innovative And Customized Manufacturing Solutions"},"image":{"@id":"https:\/\/vipgo.atsautomation.com\/iwk-de\/%20%20\/#\/schema\/logo\/image\/"}}]}},"jetpack_sharing_enabled":true,"_links":{"self":[{"href":"https:\/\/vipgo.atsautomation.com\/iwk-de\/%20%20\/wp-json\/wp\/v2\/pages\/3025","targetHints":{"allow":["GET"]}}],"collection":[{"href":"https:\/\/vipgo.atsautomation.com\/iwk-de\/%20%20\/wp-json\/wp\/v2\/pages"}],"about":[{"href":"https:\/\/vipgo.atsautomation.com\/iwk-de\/%20%20\/wp-json\/wp\/v2\/types\/page"}],"author":[{"embeddable":true,"href":"https:\/\/vipgo.atsautomation.com\/iwk-de\/%20%20\/wp-json\/wp\/v2\/users\/62"}],"replies":[{"embeddable":true,"href":"https:\/\/vipgo.atsautomation.com\/iwk-de\/%20%20\/wp-json\/wp\/v2\/comments?post=3025"}],"version-history":[{"count":7,"href":"https:\/\/vipgo.atsautomation.com\/iwk-de\/%20%20\/wp-json\/wp\/v2\/pages\/3025\/revisions"}],"predecessor-version":[{"id":7822,"href":"https:\/\/vipgo.atsautomation.com\/iwk-de\/%20%20\/wp-json\/wp\/v2\/pages\/3025\/revisions\/7822"}],"up":[{"embeddable":true,"href":"https:\/\/vipgo.atsautomation.com\/iwk-de\/%20%20\/wp-json\/wp\/v2\/pages\/2991"}],"wp:featuredmedia":[{"embeddable":true,"href":"https:\/\/vipgo.atsautomation.com\/iwk-de\/%20%20\/wp-json\/wp\/v2\/media\/2308"}],"wp:attachment":[{"href":"https:\/\/vipgo.atsautomation.com\/iwk-de\/%20%20\/wp-json\/wp\/v2\/media?parent=3025"}],"curies":[{"name":"wp","href":"https:\/\/api.w.org\/{rel}","templated":true}]}}