{"id":3086,"date":"2021-01-18T09:37:13","date_gmt":"2021-01-18T09:37:13","guid":{"rendered":"https:\/\/iwk.de\/?page_id=3086"},"modified":"2021-08-10T09:10:12","modified_gmt":"2021-08-10T09:10:12","slug":"vollautomatischer-de-palletierer-cobot-dpc-bis-zu-300-tuben-min","status":"publish","type":"page","link":"https:\/\/vipgo.atsautomation.com\/iwk-de\/%20%20\/produkte-loesungen\/maschinen\/vollautomatischer-de-palletierer-cobot-dpc-bis-zu-300-tuben-min\/","title":{"rendered":"Vollautomatischer De-Palletierer Cobot DPC (bis zu 300 Tuben\/Min.)"},"content":{"rendered":"<div class=\"home-main row\"><span><span><a href=\"https:\/\/vipgo.atsautomation.com\/iwk-de\/%20%20\/\">HOME<\/a><\/span><\/span><\/p>\n<h2>Vollautomatischer De-Palletierer Cobot DPC<br \/>\n(bis zu 300 Tuben\/Min.)<\/h2>\n<p>CoBot-Systeme steigern die Wirtschaftlichkeit von Verpackungsanlagen durch schnelles, unterbrechungsfreies Handling deutlich. Sie lassen sich ohne weitere Sicherungssysteme sofort einsetzen und entsprechen den neuesten Arbeitsschutzrichtlinien. Eine Nachr\u00fcstung von IWK-CoBots in installierten Anlagen ist problemlos auch einzeln m\u00f6glich und rentiert sich schnell. Die Amortisationszeit der Systeme betr\u00e4gt anwendungsabh\u00e4ngig nur 12 Monate.<\/p>\n<p><strong>CoBot-gest\u00fctztes Depalletiersystem DPC:<\/strong> Das kollaborative Depalettiersystem von IWK ist einmalig in der Branche und bietet volle Anlagenautonomie. Der Roboterarm mit pneumatisch arbeitenden Greifarmen kann auf bis zu zwei Palettenpl\u00e4tze zugreifen und die Tubenf\u00fclllinie so unterbrechungsfrei versorgen. So verl\u00e4ngern sich die Taktzeiten f\u00fcr Palettennachlieferungen erheblich.<\/p>\n<div class=\"advantages\">\n<div class=\"col-sm-7 bodytext mt-4\">\n<h2>VORTEILE<\/h2>\n<div class=\"list-style\">\n<ul>\n<li>Hohe Wirtschaftlichkeit<\/li>\n<li>Schnelle Amortisation<\/li>\n<li>Unterbrechungsfreie Produktion<\/li>\n<li>Mehr Arbeitssicherheit<\/li>\n<li>Besseres Handling<\/li>\n<li>Flexible Installation<\/li>\n<li>Problemlose Nachr\u00fcstbarkeit<\/li>\n<\/ul>\n<\/div>\n<\/div>\n<div class=\"col-sm-9\">\n<div class=\"slideshow-container\">\n<div class=\"mySlides fade\"><img loading=\"lazy\" decoding=\"async\"  width=\"500\" height=\"334\"  src=\"https:\/\/iwk.de\/wp-content\/uploads\/sites\/22\/2021\/01\/IWK-Depalletizer-DPC-1.jpg\" \/><\/div>\n<div class=\"mySlides fade\"><img loading=\"lazy\" decoding=\"async\"  width=\"500\" height=\"334\" src=\"https:\/\/iwk.de\/wp-content\/uploads\/sites\/22\/2021\/01\/IWK-Depalletizer-DPC-2.jpg\" \/><\/div>\n<div class=\"mySlides fade\"><img loading=\"lazy\" decoding=\"async\"  width=\"500\" height=\"334\" src=\"https:\/\/iwk.de\/wp-content\/uploads\/sites\/22\/2021\/01\/MG_9646-1_ret-DE-1.jpg\" \/><\/div>\n<p><a class=\"prev\" onclick=\"plusSlides(-1)\">\u276e<\/a><br \/>\n<a class=\"next\" onclick=\"plusSlides(1)\">\u276f<\/a><\/p>\n<\/div>\n<\/div>\n<h3>SICHERES ARBEITEN<\/h3>\n<p>Die Schutzzone um die Tubenzuf\u00fchrung herum wird durch hochsensible Sicherheits-Laserscanner \u00fcberwacht. Bis zu vier Scanner registrieren jede \u00dcbertretung und sorgen zuverl\u00e4ssig f\u00fcr Unfallschutz, der u. a. den strengen Richtlinien der Berufsgenossenschaft gen\u00fcgt. Durch dieses intelligente System sind manuelle Eingriffe in die Tubenzuf\u00fchrung unmittelbar m\u00f6glich. Das System nimmt anschlie\u00dfend seine normale Produktionsgeschwindigkeit wieder auf.\n<\/p><\/div>\n<\/div>\n<section class=\"techData\">\n<div class=\"home-main row\">\n<h3>TECHNISCHE DATEN<\/h3>\n<table class=\"table\">\n<thead>\n<tr>\n<th>TYP<\/th>\n<th>DPC<\/th>\n<\/tr>\n<\/thead>\n<tbody>\n<tr>\n<td>Palettenart<\/td>\n<td>EURO Palette \/ Industrie Palette<\/td>\n<\/tr>\n<tr>\n<td>Traygr\u00f6\u00dfe (mm)<\/td>\n<td>min. 200 x 200 x 70; max. 600 x 600 x 265<\/td>\n<\/tr>\n<tr>\n<td>Anschlusswerte<\/td>\n<td>3 x 400 V\/ 50 Hz<\/td>\n<\/tr>\n<\/tbody>\n<\/table>\n<\/div>\n<\/section>\n","protected":false},"excerpt":{"rendered":"<p>Vollautomatischer De-Palletierer Cobot DPC (bis zu 300 Tuben\/Min.) CoBot-Systeme steigern die Wirtschaftlichkeit von Verpackungsanlagen durch schnelles, unterbrechungsfreies Handling deutlich. Sie lassen sich ohne weitere Sicherungssysteme sofort einsetzen und entsprechen den neuesten Arbeitsschutzrichtlinien. Eine Nachr\u00fcstung von IWK-CoBots in installierten Anlagen ist problemlos auch einzeln m\u00f6glich und rentiert sich schnell. Die Amortisationszeit der Systeme betr\u00e4gt anwendungsabh\u00e4ngig nur&#8230;<\/p>\n<div class=\"post-button\"><a href=\"https:\/\/vipgo.atsautomation.com\/iwk-de\/%20%20\/produkte-loesungen\/maschinen\/vollautomatischer-de-palletierer-cobot-dpc-bis-zu-300-tuben-min\/\">Read More<\/a><\/div>\n","protected":false},"author":62,"featured_media":2308,"parent":2991,"menu_order":0,"comment_status":"closed","ping_status":"closed","template":"page-templates\/landing-page.php","meta":{"inline_featured_image":false,"footnotes":""},"class_list":["post-3086","page","type-page","status-publish","has-post-thumbnail","hentry"],"yoast_head":"<!-- This site is optimized with the Yoast SEO Premium plugin v26.8 (Yoast SEO v26.8) - https:\/\/yoast.com\/product\/yoast-seo-premium-wordpress\/ -->\n<title>Vollautomatischer De-Palletierer Cobot DPC (bis zu 300 Tuben\/Min.) - Innovative And Customized Manufacturing Solutions<\/title>\n<meta name=\"robots\" content=\"index, follow, max-snippet:-1, max-image-preview:large, max-video-preview:-1\" \/>\n<link rel=\"canonical\" href=\"https:\/\/vipgo.atsautomation.com\/iwk-de\/%20%20\/produkte-loesungen\/maschinen\/vollautomatischer-de-palletierer-cobot-dpc-bis-zu-300-tuben-min\/\" \/>\n<meta property=\"og:locale\" content=\"de_DE\" \/>\n<meta property=\"og:type\" content=\"article\" \/>\n<meta property=\"og:title\" content=\"Vollautomatischer De-Palletierer Cobot DPC (bis zu 300 Tuben\/Min.)\" \/>\n<meta property=\"og:description\" content=\"Vollautomatischer De-Palletierer Cobot DPC (bis zu 300 Tuben\/Min.) CoBot-Systeme steigern die Wirtschaftlichkeit von Verpackungsanlagen durch schnelles, unterbrechungsfreies Handling deutlich. Sie lassen sich ohne weitere Sicherungssysteme sofort einsetzen und entsprechen den neuesten Arbeitsschutzrichtlinien. Eine Nachr\u00fcstung von IWK-CoBots in installierten Anlagen ist problemlos auch einzeln m\u00f6glich und rentiert sich schnell. Die Amortisationszeit der Systeme betr\u00e4gt anwendungsabh\u00e4ngig nur...Read More\" \/>\n<meta property=\"og:url\" content=\"https:\/\/vipgo.atsautomation.com\/iwk-de\/  \/produkte-loesungen\/maschinen\/vollautomatischer-de-palletierer-cobot-dpc-bis-zu-300-tuben-min\/\" \/>\n<meta property=\"og:site_name\" content=\"Innovative And Customized Manufacturing Solutions\" \/>\n<meta property=\"article:modified_time\" content=\"2021-08-10T09:10:12+00:00\" \/>\n<meta property=\"og:image\" content=\"https:\/\/vipgo.atsautomation.com\/iwk-de\/%20%20\/wp-content\/uploads\/sites\/22\/2021\/01\/machine.jpg\" \/>\n\t<meta property=\"og:image:width\" content=\"1895\" \/>\n\t<meta property=\"og:image:height\" content=\"727\" \/>\n\t<meta property=\"og:image:type\" content=\"image\/jpeg\" \/>\n<meta name=\"twitter:card\" content=\"summary_large_image\" \/>\n<meta name=\"twitter:label1\" content=\"Gesch\u00e4tzte Lesezeit\" \/>\n\t<meta name=\"twitter:data1\" content=\"1 Minute\" \/>\n<script type=\"application\/ld+json\" class=\"yoast-schema-graph\">{\"@context\":\"https:\/\/schema.org\",\"@graph\":[{\"@type\":\"WebPage\",\"@id\":\"https:\/\/vipgo.atsautomation.com\/iwk-de\/%20%20\/produkte-loesungen\/maschinen\/vollautomatischer-de-palletierer-cobot-dpc-bis-zu-300-tuben-min\/\",\"url\":\"https:\/\/vipgo.atsautomation.com\/iwk-de\/%20%20\/produkte-loesungen\/maschinen\/vollautomatischer-de-palletierer-cobot-dpc-bis-zu-300-tuben-min\/\",\"name\":\"Vollautomatischer De-Palletierer Cobot DPC (bis zu 300 Tuben\/Min.) - Innovative And Customized Manufacturing Solutions\",\"isPartOf\":{\"@id\":\"https:\/\/vipgo.atsautomation.com\/iwk-de\/%20%20\/#website\"},\"primaryImageOfPage\":{\"@id\":\"https:\/\/vipgo.atsautomation.com\/iwk-de\/%20%20\/produkte-loesungen\/maschinen\/vollautomatischer-de-palletierer-cobot-dpc-bis-zu-300-tuben-min\/#primaryimage\"},\"image\":{\"@id\":\"https:\/\/vipgo.atsautomation.com\/iwk-de\/%20%20\/produkte-loesungen\/maschinen\/vollautomatischer-de-palletierer-cobot-dpc-bis-zu-300-tuben-min\/#primaryimage\"},\"thumbnailUrl\":\"https:\/\/vipgo.atsautomation.com\/iwk-de\/%20%20\/wp-content\/uploads\/sites\/22\/2021\/01\/machine.jpg\",\"datePublished\":\"2021-01-18T09:37:13+00:00\",\"dateModified\":\"2021-08-10T09:10:12+00:00\",\"breadcrumb\":{\"@id\":\"https:\/\/vipgo.atsautomation.com\/iwk-de\/%20%20\/produkte-loesungen\/maschinen\/vollautomatischer-de-palletierer-cobot-dpc-bis-zu-300-tuben-min\/#breadcrumb\"},\"inLanguage\":\"de-DE\",\"potentialAction\":[{\"@type\":\"ReadAction\",\"target\":[\"https:\/\/vipgo.atsautomation.com\/iwk-de\/%20%20\/produkte-loesungen\/maschinen\/vollautomatischer-de-palletierer-cobot-dpc-bis-zu-300-tuben-min\/\"]}]},{\"@type\":\"ImageObject\",\"inLanguage\":\"de-DE\",\"@id\":\"https:\/\/vipgo.atsautomation.com\/iwk-de\/%20%20\/produkte-loesungen\/maschinen\/vollautomatischer-de-palletierer-cobot-dpc-bis-zu-300-tuben-min\/#primaryimage\",\"url\":\"https:\/\/vipgo.atsautomation.com\/iwk-de\/%20%20\/wp-content\/uploads\/sites\/22\/2021\/01\/machine.jpg\",\"contentUrl\":\"https:\/\/vipgo.atsautomation.com\/iwk-de\/%20%20\/wp-content\/uploads\/sites\/22\/2021\/01\/machine.jpg\",\"width\":1895,\"height\":727},{\"@type\":\"BreadcrumbList\",\"@id\":\"https:\/\/vipgo.atsautomation.com\/iwk-de\/%20%20\/produkte-loesungen\/maschinen\/vollautomatischer-de-palletierer-cobot-dpc-bis-zu-300-tuben-min\/#breadcrumb\",\"itemListElement\":[{\"@type\":\"ListItem\",\"position\":1,\"name\":\"HOME\",\"item\":\"https:\/\/vipgo.atsautomation.com\/iwk-de\/%20%20\/\"},{\"@type\":\"ListItem\",\"position\":2,\"name\":\"PRODUKTE &amp; L\u00d6SUNGEN\",\"item\":\"https:\/\/vipgo.atsautomation.com\/iwk-de\/%20%20\/produkte-loesungen\/\"},{\"@type\":\"ListItem\",\"position\":3,\"name\":\"MASCHINEN\",\"item\":\"https:\/\/vipgo.atsautomation.com\/iwk-de\/%20%20\/produkte-loesungen\/maschinen\/\"},{\"@type\":\"ListItem\",\"position\":4,\"name\":\"Vollautomatischer De-Palletierer Cobot DPC (bis zu 300 Tuben\/Min.)\"}]},{\"@type\":\"WebSite\",\"@id\":\"https:\/\/vipgo.atsautomation.com\/iwk-de\/%20%20\/#website\",\"url\":\"https:\/\/vipgo.atsautomation.com\/iwk-de\/%20%20\/\",\"name\":\"Innovative And Customized Manufacturing Solutions\",\"description\":\"\",\"publisher\":{\"@id\":\"https:\/\/vipgo.atsautomation.com\/iwk-de\/%20%20\/#organization\"},\"potentialAction\":[{\"@type\":\"SearchAction\",\"target\":{\"@type\":\"EntryPoint\",\"urlTemplate\":\"https:\/\/vipgo.atsautomation.com\/iwk-de\/%20%20\/?s={search_term_string}\"},\"query-input\":{\"@type\":\"PropertyValueSpecification\",\"valueRequired\":true,\"valueName\":\"search_term_string\"}}],\"inLanguage\":\"de-DE\"},{\"@type\":\"Organization\",\"@id\":\"https:\/\/vipgo.atsautomation.com\/iwk-de\/%20%20\/#organization\",\"name\":\"Innovative And Customized Manufacturing Solutions\",\"url\":\"https:\/\/vipgo.atsautomation.com\/iwk-de\/%20%20\/\",\"logo\":{\"@type\":\"ImageObject\",\"inLanguage\":\"de-DE\",\"@id\":\"https:\/\/vipgo.atsautomation.com\/iwk-de\/%20%20\/#\/schema\/logo\/image\/\",\"url\":\"https:\/\/vipgo.atsautomation.com\/iwk-de\/%20%20\/wp-content\/uploads\/sites\/22\/2023\/02\/LOGO_IWK_4c_Size_2.png\",\"contentUrl\":\"https:\/\/vipgo.atsautomation.com\/iwk-de\/%20%20\/wp-content\/uploads\/sites\/22\/2023\/02\/LOGO_IWK_4c_Size_2.png\",\"width\":238,\"height\":137,\"caption\":\"Innovative And Customized Manufacturing Solutions\"},\"image\":{\"@id\":\"https:\/\/vipgo.atsautomation.com\/iwk-de\/%20%20\/#\/schema\/logo\/image\/\"}}]}<\/script>\n<!-- \/ Yoast SEO Premium plugin. -->","yoast_head_json":{"title":"Vollautomatischer De-Palletierer Cobot DPC (bis zu 300 Tuben\/Min.) - Innovative And Customized Manufacturing Solutions","robots":{"index":"index","follow":"follow","max-snippet":"max-snippet:-1","max-image-preview":"max-image-preview:large","max-video-preview":"max-video-preview:-1"},"canonical":"https:\/\/vipgo.atsautomation.com\/iwk-de\/  \/produkte-loesungen\/maschinen\/vollautomatischer-de-palletierer-cobot-dpc-bis-zu-300-tuben-min\/","og_locale":"de_DE","og_type":"article","og_title":"Vollautomatischer De-Palletierer Cobot DPC (bis zu 300 Tuben\/Min.)","og_description":"Vollautomatischer De-Palletierer Cobot DPC (bis zu 300 Tuben\/Min.) CoBot-Systeme steigern die Wirtschaftlichkeit von Verpackungsanlagen durch schnelles, unterbrechungsfreies Handling deutlich. Sie lassen sich ohne weitere Sicherungssysteme sofort einsetzen und entsprechen den neuesten Arbeitsschutzrichtlinien. Eine Nachr\u00fcstung von IWK-CoBots in installierten Anlagen ist problemlos auch einzeln m\u00f6glich und rentiert sich schnell. Die Amortisationszeit der Systeme betr\u00e4gt anwendungsabh\u00e4ngig nur...Read More","og_url":"https:\/\/vipgo.atsautomation.com\/iwk-de\/  \/produkte-loesungen\/maschinen\/vollautomatischer-de-palletierer-cobot-dpc-bis-zu-300-tuben-min\/","og_site_name":"Innovative And Customized Manufacturing Solutions","article_modified_time":"2021-08-10T09:10:12+00:00","og_image":[{"width":1895,"height":727,"url":"https:\/\/vipgo.atsautomation.com\/iwk-de\/%20%20\/wp-content\/uploads\/sites\/22\/2021\/01\/machine.jpg","type":"image\/jpeg"}],"twitter_card":"summary_large_image","twitter_misc":{"Gesch\u00e4tzte Lesezeit":"1 Minute"},"schema":{"@context":"https:\/\/schema.org","@graph":[{"@type":"WebPage","@id":"https:\/\/vipgo.atsautomation.com\/iwk-de\/%20%20\/produkte-loesungen\/maschinen\/vollautomatischer-de-palletierer-cobot-dpc-bis-zu-300-tuben-min\/","url":"https:\/\/vipgo.atsautomation.com\/iwk-de\/%20%20\/produkte-loesungen\/maschinen\/vollautomatischer-de-palletierer-cobot-dpc-bis-zu-300-tuben-min\/","name":"Vollautomatischer De-Palletierer Cobot DPC (bis zu 300 Tuben\/Min.) - Innovative And Customized Manufacturing Solutions","isPartOf":{"@id":"https:\/\/vipgo.atsautomation.com\/iwk-de\/%20%20\/#website"},"primaryImageOfPage":{"@id":"https:\/\/vipgo.atsautomation.com\/iwk-de\/%20%20\/produkte-loesungen\/maschinen\/vollautomatischer-de-palletierer-cobot-dpc-bis-zu-300-tuben-min\/#primaryimage"},"image":{"@id":"https:\/\/vipgo.atsautomation.com\/iwk-de\/%20%20\/produkte-loesungen\/maschinen\/vollautomatischer-de-palletierer-cobot-dpc-bis-zu-300-tuben-min\/#primaryimage"},"thumbnailUrl":"https:\/\/vipgo.atsautomation.com\/iwk-de\/%20%20\/wp-content\/uploads\/sites\/22\/2021\/01\/machine.jpg","datePublished":"2021-01-18T09:37:13+00:00","dateModified":"2021-08-10T09:10:12+00:00","breadcrumb":{"@id":"https:\/\/vipgo.atsautomation.com\/iwk-de\/%20%20\/produkte-loesungen\/maschinen\/vollautomatischer-de-palletierer-cobot-dpc-bis-zu-300-tuben-min\/#breadcrumb"},"inLanguage":"de-DE","potentialAction":[{"@type":"ReadAction","target":["https:\/\/vipgo.atsautomation.com\/iwk-de\/%20%20\/produkte-loesungen\/maschinen\/vollautomatischer-de-palletierer-cobot-dpc-bis-zu-300-tuben-min\/"]}]},{"@type":"ImageObject","inLanguage":"de-DE","@id":"https:\/\/vipgo.atsautomation.com\/iwk-de\/%20%20\/produkte-loesungen\/maschinen\/vollautomatischer-de-palletierer-cobot-dpc-bis-zu-300-tuben-min\/#primaryimage","url":"https:\/\/vipgo.atsautomation.com\/iwk-de\/%20%20\/wp-content\/uploads\/sites\/22\/2021\/01\/machine.jpg","contentUrl":"https:\/\/vipgo.atsautomation.com\/iwk-de\/%20%20\/wp-content\/uploads\/sites\/22\/2021\/01\/machine.jpg","width":1895,"height":727},{"@type":"BreadcrumbList","@id":"https:\/\/vipgo.atsautomation.com\/iwk-de\/%20%20\/produkte-loesungen\/maschinen\/vollautomatischer-de-palletierer-cobot-dpc-bis-zu-300-tuben-min\/#breadcrumb","itemListElement":[{"@type":"ListItem","position":1,"name":"HOME","item":"https:\/\/vipgo.atsautomation.com\/iwk-de\/%20%20\/"},{"@type":"ListItem","position":2,"name":"PRODUKTE &amp; L\u00d6SUNGEN","item":"https:\/\/vipgo.atsautomation.com\/iwk-de\/%20%20\/produkte-loesungen\/"},{"@type":"ListItem","position":3,"name":"MASCHINEN","item":"https:\/\/vipgo.atsautomation.com\/iwk-de\/%20%20\/produkte-loesungen\/maschinen\/"},{"@type":"ListItem","position":4,"name":"Vollautomatischer De-Palletierer Cobot DPC (bis zu 300 Tuben\/Min.)"}]},{"@type":"WebSite","@id":"https:\/\/vipgo.atsautomation.com\/iwk-de\/%20%20\/#website","url":"https:\/\/vipgo.atsautomation.com\/iwk-de\/%20%20\/","name":"Innovative And Customized Manufacturing Solutions","description":"","publisher":{"@id":"https:\/\/vipgo.atsautomation.com\/iwk-de\/%20%20\/#organization"},"potentialAction":[{"@type":"SearchAction","target":{"@type":"EntryPoint","urlTemplate":"https:\/\/vipgo.atsautomation.com\/iwk-de\/%20%20\/?s={search_term_string}"},"query-input":{"@type":"PropertyValueSpecification","valueRequired":true,"valueName":"search_term_string"}}],"inLanguage":"de-DE"},{"@type":"Organization","@id":"https:\/\/vipgo.atsautomation.com\/iwk-de\/%20%20\/#organization","name":"Innovative And Customized Manufacturing Solutions","url":"https:\/\/vipgo.atsautomation.com\/iwk-de\/%20%20\/","logo":{"@type":"ImageObject","inLanguage":"de-DE","@id":"https:\/\/vipgo.atsautomation.com\/iwk-de\/%20%20\/#\/schema\/logo\/image\/","url":"https:\/\/vipgo.atsautomation.com\/iwk-de\/%20%20\/wp-content\/uploads\/sites\/22\/2023\/02\/LOGO_IWK_4c_Size_2.png","contentUrl":"https:\/\/vipgo.atsautomation.com\/iwk-de\/%20%20\/wp-content\/uploads\/sites\/22\/2023\/02\/LOGO_IWK_4c_Size_2.png","width":238,"height":137,"caption":"Innovative And Customized Manufacturing Solutions"},"image":{"@id":"https:\/\/vipgo.atsautomation.com\/iwk-de\/%20%20\/#\/schema\/logo\/image\/"}}]}},"jetpack_sharing_enabled":true,"_links":{"self":[{"href":"https:\/\/vipgo.atsautomation.com\/iwk-de\/%20%20\/wp-json\/wp\/v2\/pages\/3086","targetHints":{"allow":["GET"]}}],"collection":[{"href":"https:\/\/vipgo.atsautomation.com\/iwk-de\/%20%20\/wp-json\/wp\/v2\/pages"}],"about":[{"href":"https:\/\/vipgo.atsautomation.com\/iwk-de\/%20%20\/wp-json\/wp\/v2\/types\/page"}],"author":[{"embeddable":true,"href":"https:\/\/vipgo.atsautomation.com\/iwk-de\/%20%20\/wp-json\/wp\/v2\/users\/62"}],"replies":[{"embeddable":true,"href":"https:\/\/vipgo.atsautomation.com\/iwk-de\/%20%20\/wp-json\/wp\/v2\/comments?post=3086"}],"version-history":[{"count":11,"href":"https:\/\/vipgo.atsautomation.com\/iwk-de\/%20%20\/wp-json\/wp\/v2\/pages\/3086\/revisions"}],"predecessor-version":[{"id":7809,"href":"https:\/\/vipgo.atsautomation.com\/iwk-de\/%20%20\/wp-json\/wp\/v2\/pages\/3086\/revisions\/7809"}],"up":[{"embeddable":true,"href":"https:\/\/vipgo.atsautomation.com\/iwk-de\/%20%20\/wp-json\/wp\/v2\/pages\/2991"}],"wp:featuredmedia":[{"embeddable":true,"href":"https:\/\/vipgo.atsautomation.com\/iwk-de\/%20%20\/wp-json\/wp\/v2\/media\/2308"}],"wp:attachment":[{"href":"https:\/\/vipgo.atsautomation.com\/iwk-de\/%20%20\/wp-json\/wp\/v2\/media?parent=3086"}],"curies":[{"name":"wp","href":"https:\/\/api.w.org\/{rel}","templated":true}]}}