{"id":3170,"date":"2021-01-18T10:16:18","date_gmt":"2021-01-18T10:16:18","guid":{"rendered":"https:\/\/iwk.de\/?page_id=3170"},"modified":"2021-08-09T13:22:57","modified_gmt":"2021-08-09T13:22:57","slug":"tubenfu%cc%88ller-fp-10-bis-zu-70-tuben-min","status":"publish","type":"page","link":"https:\/\/vipgo.atsautomation.com\/iwk-de\/%20%20\/produkte-loesungen\/maschinen\/tubenfu%cc%88ller-fp-10-bis-zu-70-tuben-min\/","title":{"rendered":"Tubenfu\u0308ller FP 10 (bis zu 70 Tuben\/Min.)"},"content":{"rendered":"<div class=\"home-main row\"><span><span><a href=\"https:\/\/vipgo.atsautomation.com\/iwk-de\/%20%20\/\">HOME<\/a><\/span><\/span><\/p>\n<h2>Tubenfu\u0308ller FP 10<br \/>\n(bis zu 70 Tuben\/Min.)<\/h2>\n<p>Die neue Tubenf\u00fcllmaschine im unteren Leistungsbereich \u201eFP 10\u201c ist die Weiterentwicklung des mehrere hundert Mal verkauften Erfolgsmodells TFS 10. Die FP 10 besticht durch neuste Servotechnik und der bedienerfreundlichen Einstellbarkeit \u00fcber einen Touch-Screen.<\/p>\n<div class=\"advantages\">\n<div class=\"col-sm-7 bodytext mt-4\">\n<h3>VORTEILE<\/h3>\n<div class=\"list-style\">\n<ul>\n<li>Kurze Umstellzeiten durch Schnellverschl\u00fcsse<\/li>\n<li>Gleichbleibende Verschlussqualit\u00e4ten<\/li>\n<li>Keine Kontamination des F\u00fcllguts durch konsequente Trennung der Antriebsmechanik vom F\u00fcllbereich<\/li>\n<li>Leichte Reinigung durch glatte Oberfl\u00e4chen<\/li>\n<li>Minimaler Wartungsaufwand durch optimierte Mechanik<\/li>\n<li>Gute Zug\u00e4nglichkeit zu den weitgehend reduzierten Verschlei\u00dfteilen<\/li>\n<\/ul>\n<\/div>\n<\/div>\n<div class=\"col-sm-9\">\n<div class=\"slideshow-container\">\n<div class=\"mySlides fade\"><img loading=\"lazy\" decoding=\"async\" width=\"500\" height=\"334\" src=\"https:\/\/iwk.de\/wp-content\/uploads\/sites\/22\/2021\/01\/FP-10-Transport-System-01.jpg\" \/><\/div>\n<div class=\"mySlides fade\"><img loading=\"lazy\" decoding=\"async\" width=\"500\" height=\"334\" src=\"https:\/\/iwk.de\/wp-content\/uploads\/sites\/22\/2021\/01\/IWK-FP-10-With-Infeed-Belt-01.jpg\" \/><\/div>\n<p><a class=\"prev\" onclick=\"plusSlides(-1)\">\u276e<\/a><br \/>\n<a class=\"next\" onclick=\"plusSlides(1)\">\u276f<\/a><\/p>\n<\/div>\n<\/div>\n<\/div>\n<\/div>\n<section class=\"techData\">\n<div class=\"home-main row\">\n<h3>TECHNISCHE DATEN<\/h3>\n<table class=\"table\">\n<thead>\n<tr>\n<th>TYP<\/th>\n<th>FP 10<\/th>\n<\/tr>\n<\/thead>\n<tbody>\n<tr>\n<td>Max. Leistung (Tuben\/Min.)<\/td>\n<td>70<\/td>\n<\/tr>\n<tr>\n<td>Arbeitsstationen<\/td>\n<td>10<\/td>\n<\/tr>\n<tr>\n<td>Tubendurchmesser (mm)<\/td>\n<td>10-52<\/td>\n<\/tr>\n<tr>\n<td>Gesamt-Tubenl\u00e4nge (mm)<\/td>\n<td>60-250<\/td>\n<\/tr>\n<tr>\n<td>Dosierung (ml)<\/td>\n<td>1,5-300<\/td>\n<\/tr>\n<\/tbody>\n<\/table>\n<\/div>\n<\/section>\n<div class=\"home-main row\">\n<h2>Anwendungen<\/h2>\n<p><strong>Produkte:<\/strong><br \/>\nZahnpasta, Gebisshaftcreme, pharmazeutische Salben, Creme, Gel, Shampoo, Haarfarbe, Klebstoff, Farbe, Silikon, Ketchup, Mayonnaise, Senf<\/p>\n<p><strong>Tubenmaterial:<\/strong><br \/>\nAluminium, Aluminium-Laminat, PE, PE-Laminat, Koex<\/p>\n<p><strong>Tubenformen:<\/strong><br \/>\nZylindrisch (mit Euro-Loch, Bogennaht), oval, konisch, Dispenser (Spender, Einsetzen von Kolben), Mascara-Stifte, Kartuschen, Tiegel, Tottle (Aufsetzen von Deckeln)<\/p>\n<\/div>\n","protected":false},"excerpt":{"rendered":"<p>Tubenfu\u0308ller FP 10 (bis zu 70 Tuben\/Min.) Die neue Tubenf\u00fcllmaschine im unteren Leistungsbereich \u201eFP 10\u201c ist die Weiterentwicklung des mehrere hundert Mal verkauften Erfolgsmodells TFS 10. Die FP 10 besticht durch neuste Servotechnik und der bedienerfreundlichen Einstellbarkeit \u00fcber einen Touch-Screen. VORTEILE Kurze Umstellzeiten durch Schnellverschl\u00fcsse Gleichbleibende Verschlussqualit\u00e4ten Keine Kontamination des F\u00fcllguts durch konsequente Trennung der&#8230;<\/p>\n<div class=\"post-button\"><a href=\"https:\/\/vipgo.atsautomation.com\/iwk-de\/%20%20\/produkte-loesungen\/maschinen\/tubenfu%cc%88ller-fp-10-bis-zu-70-tuben-min\/\">Read More<\/a><\/div>\n","protected":false},"author":62,"featured_media":2310,"parent":2991,"menu_order":0,"comment_status":"closed","ping_status":"closed","template":"page-templates\/machinetwo.php","meta":{"inline_featured_image":false,"footnotes":""},"class_list":["post-3170","page","type-page","status-publish","has-post-thumbnail","hentry"],"yoast_head":"<!-- This site is optimized with the Yoast SEO Premium plugin v26.8 (Yoast SEO v26.8) - https:\/\/yoast.com\/product\/yoast-seo-premium-wordpress\/ -->\n<title>Tubenfu\u0308ller FP 10 (bis zu 70 Tuben\/Min.) - Innovative And Customized Manufacturing Solutions<\/title>\n<meta name=\"robots\" content=\"index, follow, max-snippet:-1, max-image-preview:large, max-video-preview:-1\" \/>\n<link rel=\"canonical\" href=\"https:\/\/vipgo.atsautomation.com\/iwk-de\/%20%20\/produkte-loesungen\/maschinen\/tubenfu\u0308ller-fp-10-bis-zu-70-tuben-min\/\" \/>\n<meta property=\"og:locale\" content=\"de_DE\" \/>\n<meta property=\"og:type\" content=\"article\" \/>\n<meta property=\"og:title\" content=\"Tubenfu\u0308ller FP 10 (bis zu 70 Tuben\/Min.)\" \/>\n<meta property=\"og:description\" content=\"Tubenfu\u0308ller FP 10 (bis zu 70 Tuben\/Min.) Die neue Tubenf\u00fcllmaschine im unteren Leistungsbereich \u201eFP 10\u201c ist die Weiterentwicklung des mehrere hundert Mal verkauften Erfolgsmodells TFS 10. Die FP 10 besticht durch neuste Servotechnik und der bedienerfreundlichen Einstellbarkeit \u00fcber einen Touch-Screen. VORTEILE Kurze Umstellzeiten durch Schnellverschl\u00fcsse Gleichbleibende Verschlussqualit\u00e4ten Keine Kontamination des F\u00fcllguts durch konsequente Trennung der...Read More\" \/>\n<meta property=\"og:url\" content=\"https:\/\/vipgo.atsautomation.com\/iwk-de\/  \/produkte-loesungen\/maschinen\/tubenfu\u0308ller-fp-10-bis-zu-70-tuben-min\/\" \/>\n<meta property=\"og:site_name\" content=\"Innovative And Customized Manufacturing Solutions\" \/>\n<meta property=\"article:modified_time\" content=\"2021-08-09T13:22:57+00:00\" \/>\n<meta property=\"og:image\" content=\"https:\/\/vipgo.atsautomation.com\/iwk-de\/%20%20\/wp-content\/uploads\/sites\/22\/2021\/01\/tube-infeed.jpg\" \/>\n\t<meta property=\"og:image:width\" content=\"1899\" \/>\n\t<meta property=\"og:image:height\" content=\"726\" \/>\n\t<meta property=\"og:image:type\" content=\"image\/jpeg\" \/>\n<meta name=\"twitter:card\" content=\"summary_large_image\" \/>\n<meta name=\"twitter:label1\" content=\"Gesch\u00e4tzte Lesezeit\" \/>\n\t<meta name=\"twitter:data1\" content=\"1 Minute\" \/>\n<script type=\"application\/ld+json\" class=\"yoast-schema-graph\">{\"@context\":\"https:\/\/schema.org\",\"@graph\":[{\"@type\":\"WebPage\",\"@id\":\"https:\/\/vipgo.atsautomation.com\/iwk-de\/%20%20\/produkte-loesungen\/maschinen\/tubenfu%cc%88ller-fp-10-bis-zu-70-tuben-min\/\",\"url\":\"https:\/\/vipgo.atsautomation.com\/iwk-de\/%20%20\/produkte-loesungen\/maschinen\/tubenfu%cc%88ller-fp-10-bis-zu-70-tuben-min\/\",\"name\":\"Tubenfu\u0308ller FP 10 (bis zu 70 Tuben\/Min.) - Innovative And Customized Manufacturing Solutions\",\"isPartOf\":{\"@id\":\"https:\/\/vipgo.atsautomation.com\/iwk-de\/%20%20\/#website\"},\"primaryImageOfPage\":{\"@id\":\"https:\/\/vipgo.atsautomation.com\/iwk-de\/%20%20\/produkte-loesungen\/maschinen\/tubenfu%cc%88ller-fp-10-bis-zu-70-tuben-min\/#primaryimage\"},\"image\":{\"@id\":\"https:\/\/vipgo.atsautomation.com\/iwk-de\/%20%20\/produkte-loesungen\/maschinen\/tubenfu%cc%88ller-fp-10-bis-zu-70-tuben-min\/#primaryimage\"},\"thumbnailUrl\":\"https:\/\/vipgo.atsautomation.com\/iwk-de\/%20%20\/wp-content\/uploads\/sites\/22\/2021\/01\/tube-infeed.jpg\",\"datePublished\":\"2021-01-18T10:16:18+00:00\",\"dateModified\":\"2021-08-09T13:22:57+00:00\",\"breadcrumb\":{\"@id\":\"https:\/\/vipgo.atsautomation.com\/iwk-de\/%20%20\/produkte-loesungen\/maschinen\/tubenfu%cc%88ller-fp-10-bis-zu-70-tuben-min\/#breadcrumb\"},\"inLanguage\":\"de-DE\",\"potentialAction\":[{\"@type\":\"ReadAction\",\"target\":[\"https:\/\/vipgo.atsautomation.com\/iwk-de\/%20%20\/produkte-loesungen\/maschinen\/tubenfu%cc%88ller-fp-10-bis-zu-70-tuben-min\/\"]}]},{\"@type\":\"ImageObject\",\"inLanguage\":\"de-DE\",\"@id\":\"https:\/\/vipgo.atsautomation.com\/iwk-de\/%20%20\/produkte-loesungen\/maschinen\/tubenfu%cc%88ller-fp-10-bis-zu-70-tuben-min\/#primaryimage\",\"url\":\"https:\/\/vipgo.atsautomation.com\/iwk-de\/%20%20\/wp-content\/uploads\/sites\/22\/2021\/01\/tube-infeed.jpg\",\"contentUrl\":\"https:\/\/vipgo.atsautomation.com\/iwk-de\/%20%20\/wp-content\/uploads\/sites\/22\/2021\/01\/tube-infeed.jpg\",\"width\":1899,\"height\":726},{\"@type\":\"BreadcrumbList\",\"@id\":\"https:\/\/vipgo.atsautomation.com\/iwk-de\/%20%20\/produkte-loesungen\/maschinen\/tubenfu%cc%88ller-fp-10-bis-zu-70-tuben-min\/#breadcrumb\",\"itemListElement\":[{\"@type\":\"ListItem\",\"position\":1,\"name\":\"HOME\",\"item\":\"https:\/\/vipgo.atsautomation.com\/iwk-de\/%20%20\/\"},{\"@type\":\"ListItem\",\"position\":2,\"name\":\"PRODUKTE &amp; L\u00d6SUNGEN\",\"item\":\"https:\/\/vipgo.atsautomation.com\/iwk-de\/%20%20\/produkte-loesungen\/\"},{\"@type\":\"ListItem\",\"position\":3,\"name\":\"MASCHINEN\",\"item\":\"https:\/\/vipgo.atsautomation.com\/iwk-de\/%20%20\/produkte-loesungen\/maschinen\/\"},{\"@type\":\"ListItem\",\"position\":4,\"name\":\"Tubenfu\u0308ller FP 10 (bis zu 70 Tuben\/Min.)\"}]},{\"@type\":\"WebSite\",\"@id\":\"https:\/\/vipgo.atsautomation.com\/iwk-de\/%20%20\/#website\",\"url\":\"https:\/\/vipgo.atsautomation.com\/iwk-de\/%20%20\/\",\"name\":\"Innovative And Customized Manufacturing Solutions\",\"description\":\"\",\"publisher\":{\"@id\":\"https:\/\/vipgo.atsautomation.com\/iwk-de\/%20%20\/#organization\"},\"potentialAction\":[{\"@type\":\"SearchAction\",\"target\":{\"@type\":\"EntryPoint\",\"urlTemplate\":\"https:\/\/vipgo.atsautomation.com\/iwk-de\/%20%20\/?s={search_term_string}\"},\"query-input\":{\"@type\":\"PropertyValueSpecification\",\"valueRequired\":true,\"valueName\":\"search_term_string\"}}],\"inLanguage\":\"de-DE\"},{\"@type\":\"Organization\",\"@id\":\"https:\/\/vipgo.atsautomation.com\/iwk-de\/%20%20\/#organization\",\"name\":\"Innovative And Customized Manufacturing Solutions\",\"url\":\"https:\/\/vipgo.atsautomation.com\/iwk-de\/%20%20\/\",\"logo\":{\"@type\":\"ImageObject\",\"inLanguage\":\"de-DE\",\"@id\":\"https:\/\/vipgo.atsautomation.com\/iwk-de\/%20%20\/#\/schema\/logo\/image\/\",\"url\":\"https:\/\/vipgo.atsautomation.com\/iwk-de\/%20%20\/wp-content\/uploads\/sites\/22\/2023\/02\/LOGO_IWK_4c_Size_2.png\",\"contentUrl\":\"https:\/\/vipgo.atsautomation.com\/iwk-de\/%20%20\/wp-content\/uploads\/sites\/22\/2023\/02\/LOGO_IWK_4c_Size_2.png\",\"width\":238,\"height\":137,\"caption\":\"Innovative And Customized Manufacturing Solutions\"},\"image\":{\"@id\":\"https:\/\/vipgo.atsautomation.com\/iwk-de\/%20%20\/#\/schema\/logo\/image\/\"}}]}<\/script>\n<!-- \/ Yoast SEO Premium plugin. -->","yoast_head_json":{"title":"Tubenfu\u0308ller FP 10 (bis zu 70 Tuben\/Min.) - Innovative And Customized Manufacturing Solutions","robots":{"index":"index","follow":"follow","max-snippet":"max-snippet:-1","max-image-preview":"max-image-preview:large","max-video-preview":"max-video-preview:-1"},"canonical":"https:\/\/vipgo.atsautomation.com\/iwk-de\/  \/produkte-loesungen\/maschinen\/tubenfu\u0308ller-fp-10-bis-zu-70-tuben-min\/","og_locale":"de_DE","og_type":"article","og_title":"Tubenfu\u0308ller FP 10 (bis zu 70 Tuben\/Min.)","og_description":"Tubenfu\u0308ller FP 10 (bis zu 70 Tuben\/Min.) Die neue Tubenf\u00fcllmaschine im unteren Leistungsbereich \u201eFP 10\u201c ist die Weiterentwicklung des mehrere hundert Mal verkauften Erfolgsmodells TFS 10. Die FP 10 besticht durch neuste Servotechnik und der bedienerfreundlichen Einstellbarkeit \u00fcber einen Touch-Screen. VORTEILE Kurze Umstellzeiten durch Schnellverschl\u00fcsse Gleichbleibende Verschlussqualit\u00e4ten Keine Kontamination des F\u00fcllguts durch konsequente Trennung der...Read More","og_url":"https:\/\/vipgo.atsautomation.com\/iwk-de\/  \/produkte-loesungen\/maschinen\/tubenfu\u0308ller-fp-10-bis-zu-70-tuben-min\/","og_site_name":"Innovative And Customized Manufacturing Solutions","article_modified_time":"2021-08-09T13:22:57+00:00","og_image":[{"width":1899,"height":726,"url":"https:\/\/vipgo.atsautomation.com\/iwk-de\/%20%20\/wp-content\/uploads\/sites\/22\/2021\/01\/tube-infeed.jpg","type":"image\/jpeg"}],"twitter_card":"summary_large_image","twitter_misc":{"Gesch\u00e4tzte Lesezeit":"1 Minute"},"schema":{"@context":"https:\/\/schema.org","@graph":[{"@type":"WebPage","@id":"https:\/\/vipgo.atsautomation.com\/iwk-de\/%20%20\/produkte-loesungen\/maschinen\/tubenfu%cc%88ller-fp-10-bis-zu-70-tuben-min\/","url":"https:\/\/vipgo.atsautomation.com\/iwk-de\/%20%20\/produkte-loesungen\/maschinen\/tubenfu%cc%88ller-fp-10-bis-zu-70-tuben-min\/","name":"Tubenfu\u0308ller FP 10 (bis zu 70 Tuben\/Min.) - Innovative And Customized Manufacturing Solutions","isPartOf":{"@id":"https:\/\/vipgo.atsautomation.com\/iwk-de\/%20%20\/#website"},"primaryImageOfPage":{"@id":"https:\/\/vipgo.atsautomation.com\/iwk-de\/%20%20\/produkte-loesungen\/maschinen\/tubenfu%cc%88ller-fp-10-bis-zu-70-tuben-min\/#primaryimage"},"image":{"@id":"https:\/\/vipgo.atsautomation.com\/iwk-de\/%20%20\/produkte-loesungen\/maschinen\/tubenfu%cc%88ller-fp-10-bis-zu-70-tuben-min\/#primaryimage"},"thumbnailUrl":"https:\/\/vipgo.atsautomation.com\/iwk-de\/%20%20\/wp-content\/uploads\/sites\/22\/2021\/01\/tube-infeed.jpg","datePublished":"2021-01-18T10:16:18+00:00","dateModified":"2021-08-09T13:22:57+00:00","breadcrumb":{"@id":"https:\/\/vipgo.atsautomation.com\/iwk-de\/%20%20\/produkte-loesungen\/maschinen\/tubenfu%cc%88ller-fp-10-bis-zu-70-tuben-min\/#breadcrumb"},"inLanguage":"de-DE","potentialAction":[{"@type":"ReadAction","target":["https:\/\/vipgo.atsautomation.com\/iwk-de\/%20%20\/produkte-loesungen\/maschinen\/tubenfu%cc%88ller-fp-10-bis-zu-70-tuben-min\/"]}]},{"@type":"ImageObject","inLanguage":"de-DE","@id":"https:\/\/vipgo.atsautomation.com\/iwk-de\/%20%20\/produkte-loesungen\/maschinen\/tubenfu%cc%88ller-fp-10-bis-zu-70-tuben-min\/#primaryimage","url":"https:\/\/vipgo.atsautomation.com\/iwk-de\/%20%20\/wp-content\/uploads\/sites\/22\/2021\/01\/tube-infeed.jpg","contentUrl":"https:\/\/vipgo.atsautomation.com\/iwk-de\/%20%20\/wp-content\/uploads\/sites\/22\/2021\/01\/tube-infeed.jpg","width":1899,"height":726},{"@type":"BreadcrumbList","@id":"https:\/\/vipgo.atsautomation.com\/iwk-de\/%20%20\/produkte-loesungen\/maschinen\/tubenfu%cc%88ller-fp-10-bis-zu-70-tuben-min\/#breadcrumb","itemListElement":[{"@type":"ListItem","position":1,"name":"HOME","item":"https:\/\/vipgo.atsautomation.com\/iwk-de\/%20%20\/"},{"@type":"ListItem","position":2,"name":"PRODUKTE &amp; L\u00d6SUNGEN","item":"https:\/\/vipgo.atsautomation.com\/iwk-de\/%20%20\/produkte-loesungen\/"},{"@type":"ListItem","position":3,"name":"MASCHINEN","item":"https:\/\/vipgo.atsautomation.com\/iwk-de\/%20%20\/produkte-loesungen\/maschinen\/"},{"@type":"ListItem","position":4,"name":"Tubenfu\u0308ller FP 10 (bis zu 70 Tuben\/Min.)"}]},{"@type":"WebSite","@id":"https:\/\/vipgo.atsautomation.com\/iwk-de\/%20%20\/#website","url":"https:\/\/vipgo.atsautomation.com\/iwk-de\/%20%20\/","name":"Innovative And Customized Manufacturing Solutions","description":"","publisher":{"@id":"https:\/\/vipgo.atsautomation.com\/iwk-de\/%20%20\/#organization"},"potentialAction":[{"@type":"SearchAction","target":{"@type":"EntryPoint","urlTemplate":"https:\/\/vipgo.atsautomation.com\/iwk-de\/%20%20\/?s={search_term_string}"},"query-input":{"@type":"PropertyValueSpecification","valueRequired":true,"valueName":"search_term_string"}}],"inLanguage":"de-DE"},{"@type":"Organization","@id":"https:\/\/vipgo.atsautomation.com\/iwk-de\/%20%20\/#organization","name":"Innovative And Customized Manufacturing Solutions","url":"https:\/\/vipgo.atsautomation.com\/iwk-de\/%20%20\/","logo":{"@type":"ImageObject","inLanguage":"de-DE","@id":"https:\/\/vipgo.atsautomation.com\/iwk-de\/%20%20\/#\/schema\/logo\/image\/","url":"https:\/\/vipgo.atsautomation.com\/iwk-de\/%20%20\/wp-content\/uploads\/sites\/22\/2023\/02\/LOGO_IWK_4c_Size_2.png","contentUrl":"https:\/\/vipgo.atsautomation.com\/iwk-de\/%20%20\/wp-content\/uploads\/sites\/22\/2023\/02\/LOGO_IWK_4c_Size_2.png","width":238,"height":137,"caption":"Innovative And Customized Manufacturing Solutions"},"image":{"@id":"https:\/\/vipgo.atsautomation.com\/iwk-de\/%20%20\/#\/schema\/logo\/image\/"}}]}},"jetpack_sharing_enabled":true,"_links":{"self":[{"href":"https:\/\/vipgo.atsautomation.com\/iwk-de\/%20%20\/wp-json\/wp\/v2\/pages\/3170","targetHints":{"allow":["GET"]}}],"collection":[{"href":"https:\/\/vipgo.atsautomation.com\/iwk-de\/%20%20\/wp-json\/wp\/v2\/pages"}],"about":[{"href":"https:\/\/vipgo.atsautomation.com\/iwk-de\/%20%20\/wp-json\/wp\/v2\/types\/page"}],"author":[{"embeddable":true,"href":"https:\/\/vipgo.atsautomation.com\/iwk-de\/%20%20\/wp-json\/wp\/v2\/users\/62"}],"replies":[{"embeddable":true,"href":"https:\/\/vipgo.atsautomation.com\/iwk-de\/%20%20\/wp-json\/wp\/v2\/comments?post=3170"}],"version-history":[{"count":10,"href":"https:\/\/vipgo.atsautomation.com\/iwk-de\/%20%20\/wp-json\/wp\/v2\/pages\/3170\/revisions"}],"predecessor-version":[{"id":7779,"href":"https:\/\/vipgo.atsautomation.com\/iwk-de\/%20%20\/wp-json\/wp\/v2\/pages\/3170\/revisions\/7779"}],"up":[{"embeddable":true,"href":"https:\/\/vipgo.atsautomation.com\/iwk-de\/%20%20\/wp-json\/wp\/v2\/pages\/2991"}],"wp:featuredmedia":[{"embeddable":true,"href":"https:\/\/vipgo.atsautomation.com\/iwk-de\/%20%20\/wp-json\/wp\/v2\/media\/2310"}],"wp:attachment":[{"href":"https:\/\/vipgo.atsautomation.com\/iwk-de\/%20%20\/wp-json\/wp\/v2\/media?parent=3170"}],"curies":[{"name":"wp","href":"https:\/\/api.w.org\/{rel}","templated":true}]}}