{"id":3257,"date":"2021-01-18T10:47:14","date_gmt":"2021-01-18T10:47:14","guid":{"rendered":"https:\/\/iwk.de\/?page_id=3257"},"modified":"2021-11-30T14:07:12","modified_gmt":"2021-11-30T14:07:12","slug":"tubenfueller-fp-34-2-46-2-bis-zu-220-tuben-min","status":"publish","type":"page","link":"https:\/\/vipgo.atsautomation.com\/iwk-de\/%20%20\/produkte-loesungen\/maschinen\/tubenfueller-fp-34-2-46-2-bis-zu-220-tuben-min\/","title":{"rendered":"Tubenf\u00fcller FP 34-2\/46-2 (bis zu 220 Tuben\/Min.)"},"content":{"rendered":"<div class=\"home-main row\"><span><span><a href=\"https:\/\/vipgo.atsautomation.com\/iwk-de\/%20%20\/\">HOME<\/a><\/span><\/span><\/p>\n<h2>Tubenf\u00fcller FP 34-2\/46-2<br \/>\n(bis zu 220 Tuben\/Min.)<\/h2>\n<p>Flexibilit\u00e4t, Leistung und Ergonomie waren entscheidende Entwicklungskriterien f\u00fcr die neue Tubenf\u00fcllerbaureihe FP von IWK. Wie alle Maschinen der IWK Verpackungstechnik GmbH steht diese Tubenf\u00fcllergeneration f\u00fcr Pr\u00e4zision, modernste Steuerungs- und Antriebstechnik sowie h\u00f6chste Effizienz.<\/p>\n<div class=\"advantages\">\n<div class=\"col-sm-7 bodytext mt-4\">\n<h3>VORTEILE<\/h3>\n<div class=\"list-style\">\n<ul>\n<li>Seit Jahrzehnten bew\u00e4hrte IWK Qualit\u00e4t<\/li>\n<li>exzellente Zug\u00e4nglichkeit von allen Seiten<\/li>\n<li>h\u00f6chste Prozesssicherheit aufgrund des Einsatzes von Servotechnik<\/li>\n<li>optimale Raumausnutzung auf Basis der flexiblen Anordnung der Arbeitsstationen<\/li>\n<li>ein robustes, hoch pr\u00e4zises Transportsystem mit automatischer H\u00f6henverstellung<\/li>\n<li>Nutzung einer nicht dehnbaren Transportkette<\/li>\n<li>exakte Positionierung der Tuben in den Arbeitsstationen<\/li>\n<\/ul>\n<\/div>\n<\/div>\n<div class=\"col-sm-9\">\n<div class=\"slideshow-container\">\n<div class=\"mySlides fade\"><img decoding=\"async\" style=\"width: 100%\" src=\"https:\/\/iwk.de\/wp-content\/uploads\/sites\/22\/2021\/01\/FP-46-2-Gesamtmaschine_ret-1.jpg\" \/><\/div>\n<div class=\"mySlides fade\"><img decoding=\"async\" style=\"width: 100%\" src=\"https:\/\/iwk.de\/wp-content\/uploads\/sites\/22\/2021\/01\/Line-TZ-201_FP-46-2_SC4_retuschiert-1.jpg\" \/><\/div>\n<div class=\"mySlides fade\"><img decoding=\"async\" style=\"width: 100%\" src=\"https:\/\/iwk.de\/wp-content\/uploads\/sites\/22\/2021\/01\/MG_7756_ret-1.jpg\" \/><\/div>\n<div class=\"mySlides fade\"><img decoding=\"async\" style=\"width: 100%\" src=\"https:\/\/iwk.de\/wp-content\/uploads\/sites\/22\/2021\/01\/MG_9646-2-1.jpg\" \/><\/div>\n<p><a class=\"prev\" onclick=\"plusSlides(-1)\">\u276e<\/a><br \/>\n<a class=\"next\" onclick=\"plusSlides(1)\">\u276f<\/a><\/p>\n<\/div>\n<\/div>\n<\/div>\n<\/div>\n<section class=\"techData\">\n<div class=\"home-main row\">\n<h3>TECHNISCHE DATEN<\/h3>\n<table class=\"table\">\n<thead>\n<tr>\n<th>TYP<\/th>\n<th>FP 34-2<\/th>\n<th>FP 46-2<\/th>\n<\/tr>\n<\/thead>\n<tbody>\n<tr>\n<td>Max. Leistung (Tuben\/Min.)<\/td>\n<td>220<\/td>\n<td>220<\/td>\n<\/tr>\n<tr>\n<td>Anzahl Tubenhalter<\/td>\n<td>34<\/td>\n<td>46<\/td>\n<\/tr>\n<tr>\n<td>Anzahl F\u00fcllk\u00f6pfe<\/td>\n<td>2<\/td>\n<td>2<\/td>\n<\/tr>\n<tr>\n<td>\u00f8 Kunststoff &amp; Laminat Tuben (mm)<\/td>\n<td>10 \u2013 63,5<\/td>\n<td>10 \u2013 63,5<\/td>\n<\/tr>\n<tr>\n<td>\u00f8 Metall Tuben (mm)<\/td>\n<td>10 \u2013 50<\/td>\n<td>10 \u2013 50<\/td>\n<\/tr>\n<tr>\n<td>Tubenl\u00e4nge (mm)<\/td>\n<td>60 \u2013 250<\/td>\n<td>60 \u2013 250<\/td>\n<\/tr>\n<tr>\n<td>Volumen (ml)<\/td>\n<td>1,5 \u2013 700<\/td>\n<td>1,5 \u2013 700<\/td>\n<\/tr>\n<tr>\n<td colspan=\"3\">Kleine Grundfl\u00e4che, beste Zug\u00e4nglichkeit, GMP Design<\/td>\n<\/tr>\n<\/tbody>\n<\/table>\n<\/div>\n<\/section>\n<div class=\"home-main row\">\n<h3>ANWENDUNG<\/h3>\n<p><strong>Produkte:<\/strong><br \/>\n<a href=\"https:\/\/iwk.de\/wp-content\/uploads\/sites\/22\/2021\/11\/2021-11-18-IWK_Experts_Tube_Filling_Mulitcolor.pdf\" target=\"_blank\" rel=\"noopener\"><b>Zahnpasta<\/b><\/a>, Gebisshaftcreme, pharmazeutische Salben, Creme, Gel, Shampoo, Haarfarbe, Haarsp\u00fclung, Klebstoff, Farbe, Silikon, Ketchup, Mayonnaise, Senf, Margarine<\/p>\n<p><strong>Tubenmaterial:<\/strong><br \/>\nAluminium, Aluminium-Laminat, PE, PE-Laminat, Koex<\/p>\n<p><strong>Tubenformen:<\/strong><br \/>\nZylindrisch (mit Euro-Loch, Bogennaht), oval, konisch, Dispenser (Spender, Einsetzen von Kolben), Mascara-Stifte, Kartuschen, Tiegel, Tottle (Aufsetzen von Deckeln)<\/p>\n<\/div>\n","protected":false},"excerpt":{"rendered":"<p>Tubenf\u00fcller FP 34-2\/46-2 (bis zu 220 Tuben\/Min.) Flexibilit\u00e4t, Leistung und Ergonomie waren entscheidende Entwicklungskriterien f\u00fcr die neue Tubenf\u00fcllerbaureihe FP von IWK. Wie alle Maschinen der IWK Verpackungstechnik GmbH steht diese Tubenf\u00fcllergeneration f\u00fcr Pr\u00e4zision, modernste Steuerungs- und Antriebstechnik sowie h\u00f6chste Effizienz. VORTEILE Seit Jahrzehnten bew\u00e4hrte IWK Qualit\u00e4t exzellente Zug\u00e4nglichkeit von allen Seiten h\u00f6chste Prozesssicherheit aufgrund des&#8230;<\/p>\n<div class=\"post-button\"><a href=\"https:\/\/vipgo.atsautomation.com\/iwk-de\/%20%20\/produkte-loesungen\/maschinen\/tubenfueller-fp-34-2-46-2-bis-zu-220-tuben-min\/\">Read More<\/a><\/div>\n","protected":false},"author":62,"featured_media":2310,"parent":2991,"menu_order":0,"comment_status":"closed","ping_status":"closed","template":"page-templates\/machinetwo.php","meta":{"inline_featured_image":false,"footnotes":""},"class_list":["post-3257","page","type-page","status-publish","has-post-thumbnail","hentry"],"yoast_head":"<!-- This site is optimized with the Yoast SEO Premium plugin v26.8 (Yoast SEO v26.8) - https:\/\/yoast.com\/product\/yoast-seo-premium-wordpress\/ -->\n<title>Tubenf\u00fcller FP 34-2\/46-2 (bis zu 220 Tuben\/Min.) - Innovative And Customized Manufacturing Solutions<\/title>\n<meta name=\"robots\" content=\"index, follow, max-snippet:-1, max-image-preview:large, max-video-preview:-1\" \/>\n<link rel=\"canonical\" href=\"https:\/\/vipgo.atsautomation.com\/iwk-de\/%20%20\/produkte-loesungen\/maschinen\/tubenfueller-fp-34-2-46-2-bis-zu-220-tuben-min\/\" \/>\n<meta property=\"og:locale\" content=\"de_DE\" \/>\n<meta property=\"og:type\" content=\"article\" \/>\n<meta property=\"og:title\" content=\"Tubenf\u00fcller FP 34-2\/46-2 (bis zu 220 Tuben\/Min.)\" \/>\n<meta property=\"og:description\" content=\"Tubenf\u00fcller FP 34-2\/46-2 (bis zu 220 Tuben\/Min.) Flexibilit\u00e4t, Leistung und Ergonomie waren entscheidende Entwicklungskriterien f\u00fcr die neue Tubenf\u00fcllerbaureihe FP von IWK. Wie alle Maschinen der IWK Verpackungstechnik GmbH steht diese Tubenf\u00fcllergeneration f\u00fcr Pr\u00e4zision, modernste Steuerungs- und Antriebstechnik sowie h\u00f6chste Effizienz. VORTEILE Seit Jahrzehnten bew\u00e4hrte IWK Qualit\u00e4t exzellente Zug\u00e4nglichkeit von allen Seiten h\u00f6chste Prozesssicherheit aufgrund des...Read More\" \/>\n<meta property=\"og:url\" content=\"https:\/\/vipgo.atsautomation.com\/iwk-de\/  \/produkte-loesungen\/maschinen\/tubenfueller-fp-34-2-46-2-bis-zu-220-tuben-min\/\" \/>\n<meta property=\"og:site_name\" content=\"Innovative And Customized Manufacturing Solutions\" \/>\n<meta property=\"article:modified_time\" content=\"2021-11-30T14:07:12+00:00\" \/>\n<meta property=\"og:image\" content=\"https:\/\/vipgo.atsautomation.com\/iwk-de\/%20%20\/wp-content\/uploads\/sites\/22\/2021\/01\/tube-infeed.jpg\" \/>\n\t<meta property=\"og:image:width\" content=\"1899\" \/>\n\t<meta property=\"og:image:height\" content=\"726\" \/>\n\t<meta property=\"og:image:type\" content=\"image\/jpeg\" \/>\n<meta name=\"twitter:card\" content=\"summary_large_image\" \/>\n<meta name=\"twitter:label1\" content=\"Gesch\u00e4tzte Lesezeit\" \/>\n\t<meta name=\"twitter:data1\" content=\"1 Minute\" \/>\n<script type=\"application\/ld+json\" class=\"yoast-schema-graph\">{\"@context\":\"https:\/\/schema.org\",\"@graph\":[{\"@type\":\"WebPage\",\"@id\":\"https:\/\/vipgo.atsautomation.com\/iwk-de\/%20%20\/produkte-loesungen\/maschinen\/tubenfueller-fp-34-2-46-2-bis-zu-220-tuben-min\/\",\"url\":\"https:\/\/vipgo.atsautomation.com\/iwk-de\/%20%20\/produkte-loesungen\/maschinen\/tubenfueller-fp-34-2-46-2-bis-zu-220-tuben-min\/\",\"name\":\"Tubenf\u00fcller FP 34-2\/46-2 (bis zu 220 Tuben\/Min.) - Innovative And Customized Manufacturing Solutions\",\"isPartOf\":{\"@id\":\"https:\/\/vipgo.atsautomation.com\/iwk-de\/%20%20\/#website\"},\"primaryImageOfPage\":{\"@id\":\"https:\/\/vipgo.atsautomation.com\/iwk-de\/%20%20\/produkte-loesungen\/maschinen\/tubenfueller-fp-34-2-46-2-bis-zu-220-tuben-min\/#primaryimage\"},\"image\":{\"@id\":\"https:\/\/vipgo.atsautomation.com\/iwk-de\/%20%20\/produkte-loesungen\/maschinen\/tubenfueller-fp-34-2-46-2-bis-zu-220-tuben-min\/#primaryimage\"},\"thumbnailUrl\":\"https:\/\/vipgo.atsautomation.com\/iwk-de\/%20%20\/wp-content\/uploads\/sites\/22\/2021\/01\/tube-infeed.jpg\",\"datePublished\":\"2021-01-18T10:47:14+00:00\",\"dateModified\":\"2021-11-30T14:07:12+00:00\",\"breadcrumb\":{\"@id\":\"https:\/\/vipgo.atsautomation.com\/iwk-de\/%20%20\/produkte-loesungen\/maschinen\/tubenfueller-fp-34-2-46-2-bis-zu-220-tuben-min\/#breadcrumb\"},\"inLanguage\":\"de-DE\",\"potentialAction\":[{\"@type\":\"ReadAction\",\"target\":[\"https:\/\/vipgo.atsautomation.com\/iwk-de\/%20%20\/produkte-loesungen\/maschinen\/tubenfueller-fp-34-2-46-2-bis-zu-220-tuben-min\/\"]}]},{\"@type\":\"ImageObject\",\"inLanguage\":\"de-DE\",\"@id\":\"https:\/\/vipgo.atsautomation.com\/iwk-de\/%20%20\/produkte-loesungen\/maschinen\/tubenfueller-fp-34-2-46-2-bis-zu-220-tuben-min\/#primaryimage\",\"url\":\"https:\/\/vipgo.atsautomation.com\/iwk-de\/%20%20\/wp-content\/uploads\/sites\/22\/2021\/01\/tube-infeed.jpg\",\"contentUrl\":\"https:\/\/vipgo.atsautomation.com\/iwk-de\/%20%20\/wp-content\/uploads\/sites\/22\/2021\/01\/tube-infeed.jpg\",\"width\":1899,\"height\":726},{\"@type\":\"BreadcrumbList\",\"@id\":\"https:\/\/vipgo.atsautomation.com\/iwk-de\/%20%20\/produkte-loesungen\/maschinen\/tubenfueller-fp-34-2-46-2-bis-zu-220-tuben-min\/#breadcrumb\",\"itemListElement\":[{\"@type\":\"ListItem\",\"position\":1,\"name\":\"HOME\",\"item\":\"https:\/\/vipgo.atsautomation.com\/iwk-de\/%20%20\/\"},{\"@type\":\"ListItem\",\"position\":2,\"name\":\"PRODUKTE &amp; L\u00d6SUNGEN\",\"item\":\"https:\/\/vipgo.atsautomation.com\/iwk-de\/%20%20\/produkte-loesungen\/\"},{\"@type\":\"ListItem\",\"position\":3,\"name\":\"MASCHINEN\",\"item\":\"https:\/\/vipgo.atsautomation.com\/iwk-de\/%20%20\/produkte-loesungen\/maschinen\/\"},{\"@type\":\"ListItem\",\"position\":4,\"name\":\"Tubenf\u00fcller FP 34-2\/46-2 (bis zu 220 Tuben\/Min.)\"}]},{\"@type\":\"WebSite\",\"@id\":\"https:\/\/vipgo.atsautomation.com\/iwk-de\/%20%20\/#website\",\"url\":\"https:\/\/vipgo.atsautomation.com\/iwk-de\/%20%20\/\",\"name\":\"Innovative And Customized Manufacturing Solutions\",\"description\":\"\",\"publisher\":{\"@id\":\"https:\/\/vipgo.atsautomation.com\/iwk-de\/%20%20\/#organization\"},\"potentialAction\":[{\"@type\":\"SearchAction\",\"target\":{\"@type\":\"EntryPoint\",\"urlTemplate\":\"https:\/\/vipgo.atsautomation.com\/iwk-de\/%20%20\/?s={search_term_string}\"},\"query-input\":{\"@type\":\"PropertyValueSpecification\",\"valueRequired\":true,\"valueName\":\"search_term_string\"}}],\"inLanguage\":\"de-DE\"},{\"@type\":\"Organization\",\"@id\":\"https:\/\/vipgo.atsautomation.com\/iwk-de\/%20%20\/#organization\",\"name\":\"Innovative And Customized Manufacturing Solutions\",\"url\":\"https:\/\/vipgo.atsautomation.com\/iwk-de\/%20%20\/\",\"logo\":{\"@type\":\"ImageObject\",\"inLanguage\":\"de-DE\",\"@id\":\"https:\/\/vipgo.atsautomation.com\/iwk-de\/%20%20\/#\/schema\/logo\/image\/\",\"url\":\"https:\/\/vipgo.atsautomation.com\/iwk-de\/%20%20\/wp-content\/uploads\/sites\/22\/2023\/02\/LOGO_IWK_4c_Size_2.png\",\"contentUrl\":\"https:\/\/vipgo.atsautomation.com\/iwk-de\/%20%20\/wp-content\/uploads\/sites\/22\/2023\/02\/LOGO_IWK_4c_Size_2.png\",\"width\":238,\"height\":137,\"caption\":\"Innovative And Customized Manufacturing Solutions\"},\"image\":{\"@id\":\"https:\/\/vipgo.atsautomation.com\/iwk-de\/%20%20\/#\/schema\/logo\/image\/\"}}]}<\/script>\n<!-- \/ Yoast SEO Premium plugin. -->","yoast_head_json":{"title":"Tubenf\u00fcller FP 34-2\/46-2 (bis zu 220 Tuben\/Min.) - Innovative And Customized Manufacturing Solutions","robots":{"index":"index","follow":"follow","max-snippet":"max-snippet:-1","max-image-preview":"max-image-preview:large","max-video-preview":"max-video-preview:-1"},"canonical":"https:\/\/vipgo.atsautomation.com\/iwk-de\/  \/produkte-loesungen\/maschinen\/tubenfueller-fp-34-2-46-2-bis-zu-220-tuben-min\/","og_locale":"de_DE","og_type":"article","og_title":"Tubenf\u00fcller FP 34-2\/46-2 (bis zu 220 Tuben\/Min.)","og_description":"Tubenf\u00fcller FP 34-2\/46-2 (bis zu 220 Tuben\/Min.) Flexibilit\u00e4t, Leistung und Ergonomie waren entscheidende Entwicklungskriterien f\u00fcr die neue Tubenf\u00fcllerbaureihe FP von IWK. Wie alle Maschinen der IWK Verpackungstechnik GmbH steht diese Tubenf\u00fcllergeneration f\u00fcr Pr\u00e4zision, modernste Steuerungs- und Antriebstechnik sowie h\u00f6chste Effizienz. VORTEILE Seit Jahrzehnten bew\u00e4hrte IWK Qualit\u00e4t exzellente Zug\u00e4nglichkeit von allen Seiten h\u00f6chste Prozesssicherheit aufgrund des...Read More","og_url":"https:\/\/vipgo.atsautomation.com\/iwk-de\/  \/produkte-loesungen\/maschinen\/tubenfueller-fp-34-2-46-2-bis-zu-220-tuben-min\/","og_site_name":"Innovative And Customized Manufacturing Solutions","article_modified_time":"2021-11-30T14:07:12+00:00","og_image":[{"width":1899,"height":726,"url":"https:\/\/vipgo.atsautomation.com\/iwk-de\/%20%20\/wp-content\/uploads\/sites\/22\/2021\/01\/tube-infeed.jpg","type":"image\/jpeg"}],"twitter_card":"summary_large_image","twitter_misc":{"Gesch\u00e4tzte Lesezeit":"1 Minute"},"schema":{"@context":"https:\/\/schema.org","@graph":[{"@type":"WebPage","@id":"https:\/\/vipgo.atsautomation.com\/iwk-de\/%20%20\/produkte-loesungen\/maschinen\/tubenfueller-fp-34-2-46-2-bis-zu-220-tuben-min\/","url":"https:\/\/vipgo.atsautomation.com\/iwk-de\/%20%20\/produkte-loesungen\/maschinen\/tubenfueller-fp-34-2-46-2-bis-zu-220-tuben-min\/","name":"Tubenf\u00fcller FP 34-2\/46-2 (bis zu 220 Tuben\/Min.) - Innovative And Customized Manufacturing Solutions","isPartOf":{"@id":"https:\/\/vipgo.atsautomation.com\/iwk-de\/%20%20\/#website"},"primaryImageOfPage":{"@id":"https:\/\/vipgo.atsautomation.com\/iwk-de\/%20%20\/produkte-loesungen\/maschinen\/tubenfueller-fp-34-2-46-2-bis-zu-220-tuben-min\/#primaryimage"},"image":{"@id":"https:\/\/vipgo.atsautomation.com\/iwk-de\/%20%20\/produkte-loesungen\/maschinen\/tubenfueller-fp-34-2-46-2-bis-zu-220-tuben-min\/#primaryimage"},"thumbnailUrl":"https:\/\/vipgo.atsautomation.com\/iwk-de\/%20%20\/wp-content\/uploads\/sites\/22\/2021\/01\/tube-infeed.jpg","datePublished":"2021-01-18T10:47:14+00:00","dateModified":"2021-11-30T14:07:12+00:00","breadcrumb":{"@id":"https:\/\/vipgo.atsautomation.com\/iwk-de\/%20%20\/produkte-loesungen\/maschinen\/tubenfueller-fp-34-2-46-2-bis-zu-220-tuben-min\/#breadcrumb"},"inLanguage":"de-DE","potentialAction":[{"@type":"ReadAction","target":["https:\/\/vipgo.atsautomation.com\/iwk-de\/%20%20\/produkte-loesungen\/maschinen\/tubenfueller-fp-34-2-46-2-bis-zu-220-tuben-min\/"]}]},{"@type":"ImageObject","inLanguage":"de-DE","@id":"https:\/\/vipgo.atsautomation.com\/iwk-de\/%20%20\/produkte-loesungen\/maschinen\/tubenfueller-fp-34-2-46-2-bis-zu-220-tuben-min\/#primaryimage","url":"https:\/\/vipgo.atsautomation.com\/iwk-de\/%20%20\/wp-content\/uploads\/sites\/22\/2021\/01\/tube-infeed.jpg","contentUrl":"https:\/\/vipgo.atsautomation.com\/iwk-de\/%20%20\/wp-content\/uploads\/sites\/22\/2021\/01\/tube-infeed.jpg","width":1899,"height":726},{"@type":"BreadcrumbList","@id":"https:\/\/vipgo.atsautomation.com\/iwk-de\/%20%20\/produkte-loesungen\/maschinen\/tubenfueller-fp-34-2-46-2-bis-zu-220-tuben-min\/#breadcrumb","itemListElement":[{"@type":"ListItem","position":1,"name":"HOME","item":"https:\/\/vipgo.atsautomation.com\/iwk-de\/%20%20\/"},{"@type":"ListItem","position":2,"name":"PRODUKTE &amp; L\u00d6SUNGEN","item":"https:\/\/vipgo.atsautomation.com\/iwk-de\/%20%20\/produkte-loesungen\/"},{"@type":"ListItem","position":3,"name":"MASCHINEN","item":"https:\/\/vipgo.atsautomation.com\/iwk-de\/%20%20\/produkte-loesungen\/maschinen\/"},{"@type":"ListItem","position":4,"name":"Tubenf\u00fcller FP 34-2\/46-2 (bis zu 220 Tuben\/Min.)"}]},{"@type":"WebSite","@id":"https:\/\/vipgo.atsautomation.com\/iwk-de\/%20%20\/#website","url":"https:\/\/vipgo.atsautomation.com\/iwk-de\/%20%20\/","name":"Innovative And Customized Manufacturing Solutions","description":"","publisher":{"@id":"https:\/\/vipgo.atsautomation.com\/iwk-de\/%20%20\/#organization"},"potentialAction":[{"@type":"SearchAction","target":{"@type":"EntryPoint","urlTemplate":"https:\/\/vipgo.atsautomation.com\/iwk-de\/%20%20\/?s={search_term_string}"},"query-input":{"@type":"PropertyValueSpecification","valueRequired":true,"valueName":"search_term_string"}}],"inLanguage":"de-DE"},{"@type":"Organization","@id":"https:\/\/vipgo.atsautomation.com\/iwk-de\/%20%20\/#organization","name":"Innovative And Customized Manufacturing Solutions","url":"https:\/\/vipgo.atsautomation.com\/iwk-de\/%20%20\/","logo":{"@type":"ImageObject","inLanguage":"de-DE","@id":"https:\/\/vipgo.atsautomation.com\/iwk-de\/%20%20\/#\/schema\/logo\/image\/","url":"https:\/\/vipgo.atsautomation.com\/iwk-de\/%20%20\/wp-content\/uploads\/sites\/22\/2023\/02\/LOGO_IWK_4c_Size_2.png","contentUrl":"https:\/\/vipgo.atsautomation.com\/iwk-de\/%20%20\/wp-content\/uploads\/sites\/22\/2023\/02\/LOGO_IWK_4c_Size_2.png","width":238,"height":137,"caption":"Innovative And Customized Manufacturing Solutions"},"image":{"@id":"https:\/\/vipgo.atsautomation.com\/iwk-de\/%20%20\/#\/schema\/logo\/image\/"}}]}},"jetpack_sharing_enabled":true,"_links":{"self":[{"href":"https:\/\/vipgo.atsautomation.com\/iwk-de\/%20%20\/wp-json\/wp\/v2\/pages\/3257","targetHints":{"allow":["GET"]}}],"collection":[{"href":"https:\/\/vipgo.atsautomation.com\/iwk-de\/%20%20\/wp-json\/wp\/v2\/pages"}],"about":[{"href":"https:\/\/vipgo.atsautomation.com\/iwk-de\/%20%20\/wp-json\/wp\/v2\/types\/page"}],"author":[{"embeddable":true,"href":"https:\/\/vipgo.atsautomation.com\/iwk-de\/%20%20\/wp-json\/wp\/v2\/users\/62"}],"replies":[{"embeddable":true,"href":"https:\/\/vipgo.atsautomation.com\/iwk-de\/%20%20\/wp-json\/wp\/v2\/comments?post=3257"}],"version-history":[{"count":10,"href":"https:\/\/vipgo.atsautomation.com\/iwk-de\/%20%20\/wp-json\/wp\/v2\/pages\/3257\/revisions"}],"predecessor-version":[{"id":8517,"href":"https:\/\/vipgo.atsautomation.com\/iwk-de\/%20%20\/wp-json\/wp\/v2\/pages\/3257\/revisions\/8517"}],"up":[{"embeddable":true,"href":"https:\/\/vipgo.atsautomation.com\/iwk-de\/%20%20\/wp-json\/wp\/v2\/pages\/2991"}],"wp:featuredmedia":[{"embeddable":true,"href":"https:\/\/vipgo.atsautomation.com\/iwk-de\/%20%20\/wp-json\/wp\/v2\/media\/2310"}],"wp:attachment":[{"href":"https:\/\/vipgo.atsautomation.com\/iwk-de\/%20%20\/wp-json\/wp\/v2\/media?parent=3257"}],"curies":[{"name":"wp","href":"https:\/\/api.w.org\/{rel}","templated":true}]}}