{"id":3284,"date":"2021-01-18T12:52:48","date_gmt":"2021-01-18T12:52:48","guid":{"rendered":"https:\/\/iwk.de\/?page_id=3284"},"modified":"2023-12-05T13:09:01","modified_gmt":"2023-12-05T13:09:01","slug":"universal-transfer-system-uts-bis-zu-50-zyklen-min","status":"publish","type":"page","link":"https:\/\/vipgo.atsautomation.com\/iwk-de\/%20%20\/produkte-loesungen\/maschinen\/universal-transfer-system-uts-bis-zu-50-zyklen-min\/","title":{"rendered":"Universal Transfer System (UTS) (bis zu 50 Zyklen\/Min.)"},"content":{"rendered":"<div class=\"home-main row\"><span><span><a href=\"https:\/\/vipgo.atsautomation.com\/iwk-de\/%20%20\/\">HOME<\/a><\/span><\/span><\/p>\n<h2>Universal Transfer System (UTS)<br \/>\n(bis zu 50 Zyklen\/Min.)<\/h2>\n<p>Die flexibel einzusetzende High-Speed-Maschine sammelt, sortiert und positioniert Produkte verschiedenster Art extrem schnell und pr\u00e4zise mittels eines Servo-betriebenen, 3-Achsen Pick &amp; Place Systems in die Produktkette der Kartoniermaschine.<\/p>\n<p>Die Maschine erf\u00fcllt ihre Aufgaben schnell und sanft, in organisierter Weise mit bis zu 50 Zyklen\/Min.<\/p>\n<div class=\"advantages\">\n<div class=\"col-sm-7 bodytext mt-4\">\n<h2>VORTEILE<\/h2>\n<div class=\"list-style\">\n<ul>\n<li>Kundenindividuelle Anpassungen m\u00f6glich<\/li>\n<li>Optimale Zuf\u00fchr- und \u00dcbergabel\u00f6sung f\u00fcr jedes Produkt<\/li>\n<li>Transparente Schutzvorrichtung aus PC f\u00fcr gute Sicht in den Arbeitsbereich<\/li>\n<li>Weit zu \u00f6ffnende Frontt\u00fcren mit Sicherheits-Schaltern erlauben einfachen Zugang, z. B. f\u00fcr Umr\u00fcstungen<\/li>\n<li>Steuerung durch die Kartoniermaschine<\/li>\n<\/ul>\n<\/div>\n<\/div>\n<div class=\"col-sm-9\">\n<div class=\"slideshow-container\">\n<div class=\"mySlides fade\"><img decoding=\"async\" style=\"width: 100%;\" src=\"https:\/\/iwk.de\/wp-content\/uploads\/sites\/22\/2021\/01\/UTS.jpg\" \/><\/div>\n<div class=\"mySlides fade\"><img decoding=\"async\" style=\"width: 100%;\" src=\"https:\/\/iwk.de\/wp-content\/uploads\/sites\/22\/2021\/01\/UTS_03.jpg\" \/><\/div>\n<p><a class=\"prev\">\u276e<\/a><br \/>\n<a class=\"next\">\u276f<\/a><\/p>\n<\/div>\n<\/div>\n<\/div>\n<h2>ANWENDUNGEN<\/h2>\n<p><strong>Produkte:<\/strong><\/p>\n<div class=\"list-style\">\n<ul>\n<li>Tuben<\/li>\n<li>Blister<\/li>\n<li>Vials<\/li>\n<li>Ampullen<\/li>\n<li>Beutel<\/li>\n<li>Sachets<\/li>\n<li>Pouches<\/li>\n<li>Flaschen<\/li>\n<li>etc.<\/li>\n<\/ul>\n<\/div>\n<\/div>\n","protected":false},"excerpt":{"rendered":"<p>Universal Transfer System (UTS) (bis zu 50 Zyklen\/Min.) Die flexibel einzusetzende High-Speed-Maschine sammelt, sortiert und positioniert Produkte verschiedenster Art extrem schnell und pr\u00e4zise mittels eines Servo-betriebenen, 3-Achsen Pick &amp; Place Systems in die Produktkette der Kartoniermaschine. Die Maschine erf\u00fcllt ihre Aufgaben schnell und sanft, in organisierter Weise mit bis zu 50 Zyklen\/Min. VORTEILE Kundenindividuelle Anpassungen&#8230;<\/p>\n<div class=\"post-button\"><a href=\"https:\/\/vipgo.atsautomation.com\/iwk-de\/%20%20\/produkte-loesungen\/maschinen\/universal-transfer-system-uts-bis-zu-50-zyklen-min\/\">Read More<\/a><\/div>\n","protected":false},"author":62,"featured_media":2312,"parent":2991,"menu_order":0,"comment_status":"closed","ping_status":"closed","template":"page-templates\/machinethree.php","meta":{"inline_featured_image":false,"footnotes":""},"class_list":["post-3284","page","type-page","status-publish","has-post-thumbnail","hentry"],"yoast_head":"<!-- This site is optimized with the Yoast SEO Premium plugin v26.8 (Yoast SEO v26.8) - https:\/\/yoast.com\/product\/yoast-seo-premium-wordpress\/ -->\n<title>Universal Transfer System (UTS) (bis zu 50 Zyklen\/Min.) - Innovative And Customized Manufacturing Solutions<\/title>\n<meta name=\"robots\" content=\"index, follow, max-snippet:-1, max-image-preview:large, max-video-preview:-1\" \/>\n<link rel=\"canonical\" href=\"https:\/\/vipgo.atsautomation.com\/iwk-de\/%20%20\/produkte-loesungen\/maschinen\/universal-transfer-system-uts-bis-zu-50-zyklen-min\/\" \/>\n<meta property=\"og:locale\" content=\"de_DE\" \/>\n<meta property=\"og:type\" content=\"article\" \/>\n<meta property=\"og:title\" content=\"Universal Transfer System (UTS) (bis zu 50 Zyklen\/Min.)\" \/>\n<meta property=\"og:description\" content=\"Universal Transfer System (UTS) (bis zu 50 Zyklen\/Min.) Die flexibel einzusetzende High-Speed-Maschine sammelt, sortiert und positioniert Produkte verschiedenster Art extrem schnell und pr\u00e4zise mittels eines Servo-betriebenen, 3-Achsen Pick &amp; Place Systems in die Produktkette der Kartoniermaschine. Die Maschine erf\u00fcllt ihre Aufgaben schnell und sanft, in organisierter Weise mit bis zu 50 Zyklen\/Min. VORTEILE Kundenindividuelle Anpassungen...Read More\" \/>\n<meta property=\"og:url\" content=\"https:\/\/vipgo.atsautomation.com\/iwk-de\/  \/produkte-loesungen\/maschinen\/universal-transfer-system-uts-bis-zu-50-zyklen-min\/\" \/>\n<meta property=\"og:site_name\" content=\"Innovative And Customized Manufacturing Solutions\" \/>\n<meta property=\"article:modified_time\" content=\"2023-12-05T13:09:01+00:00\" \/>\n<meta property=\"og:image\" content=\"https:\/\/vipgo.atsautomation.com\/iwk-de\/%20%20\/wp-content\/uploads\/sites\/22\/2021\/01\/UBERGABE.jpg\" \/>\n\t<meta property=\"og:image:width\" content=\"1891\" \/>\n\t<meta property=\"og:image:height\" content=\"727\" \/>\n\t<meta property=\"og:image:type\" content=\"image\/jpeg\" \/>\n<meta name=\"twitter:card\" content=\"summary_large_image\" \/>\n<meta name=\"twitter:label1\" content=\"Gesch\u00e4tzte Lesezeit\" \/>\n\t<meta name=\"twitter:data1\" content=\"1 Minute\" \/>\n<script type=\"application\/ld+json\" class=\"yoast-schema-graph\">{\"@context\":\"https:\/\/schema.org\",\"@graph\":[{\"@type\":\"WebPage\",\"@id\":\"https:\/\/vipgo.atsautomation.com\/iwk-de\/%20%20\/produkte-loesungen\/maschinen\/universal-transfer-system-uts-bis-zu-50-zyklen-min\/\",\"url\":\"https:\/\/vipgo.atsautomation.com\/iwk-de\/%20%20\/produkte-loesungen\/maschinen\/universal-transfer-system-uts-bis-zu-50-zyklen-min\/\",\"name\":\"Universal Transfer System (UTS) (bis zu 50 Zyklen\/Min.) - Innovative And Customized Manufacturing Solutions\",\"isPartOf\":{\"@id\":\"https:\/\/vipgo.atsautomation.com\/iwk-de\/%20%20\/#website\"},\"primaryImageOfPage\":{\"@id\":\"https:\/\/vipgo.atsautomation.com\/iwk-de\/%20%20\/produkte-loesungen\/maschinen\/universal-transfer-system-uts-bis-zu-50-zyklen-min\/#primaryimage\"},\"image\":{\"@id\":\"https:\/\/vipgo.atsautomation.com\/iwk-de\/%20%20\/produkte-loesungen\/maschinen\/universal-transfer-system-uts-bis-zu-50-zyklen-min\/#primaryimage\"},\"thumbnailUrl\":\"https:\/\/vipgo.atsautomation.com\/iwk-de\/%20%20\/wp-content\/uploads\/sites\/22\/2021\/01\/UBERGABE.jpg\",\"datePublished\":\"2021-01-18T12:52:48+00:00\",\"dateModified\":\"2023-12-05T13:09:01+00:00\",\"breadcrumb\":{\"@id\":\"https:\/\/vipgo.atsautomation.com\/iwk-de\/%20%20\/produkte-loesungen\/maschinen\/universal-transfer-system-uts-bis-zu-50-zyklen-min\/#breadcrumb\"},\"inLanguage\":\"de-DE\",\"potentialAction\":[{\"@type\":\"ReadAction\",\"target\":[\"https:\/\/vipgo.atsautomation.com\/iwk-de\/%20%20\/produkte-loesungen\/maschinen\/universal-transfer-system-uts-bis-zu-50-zyklen-min\/\"]}]},{\"@type\":\"ImageObject\",\"inLanguage\":\"de-DE\",\"@id\":\"https:\/\/vipgo.atsautomation.com\/iwk-de\/%20%20\/produkte-loesungen\/maschinen\/universal-transfer-system-uts-bis-zu-50-zyklen-min\/#primaryimage\",\"url\":\"https:\/\/vipgo.atsautomation.com\/iwk-de\/%20%20\/wp-content\/uploads\/sites\/22\/2021\/01\/UBERGABE.jpg\",\"contentUrl\":\"https:\/\/vipgo.atsautomation.com\/iwk-de\/%20%20\/wp-content\/uploads\/sites\/22\/2021\/01\/UBERGABE.jpg\",\"width\":1891,\"height\":727},{\"@type\":\"BreadcrumbList\",\"@id\":\"https:\/\/vipgo.atsautomation.com\/iwk-de\/%20%20\/produkte-loesungen\/maschinen\/universal-transfer-system-uts-bis-zu-50-zyklen-min\/#breadcrumb\",\"itemListElement\":[{\"@type\":\"ListItem\",\"position\":1,\"name\":\"HOME\",\"item\":\"https:\/\/vipgo.atsautomation.com\/iwk-de\/%20%20\/\"},{\"@type\":\"ListItem\",\"position\":2,\"name\":\"PRODUKTE &amp; L\u00d6SUNGEN\",\"item\":\"https:\/\/vipgo.atsautomation.com\/iwk-de\/%20%20\/produkte-loesungen\/\"},{\"@type\":\"ListItem\",\"position\":3,\"name\":\"MASCHINEN\",\"item\":\"https:\/\/vipgo.atsautomation.com\/iwk-de\/%20%20\/produkte-loesungen\/maschinen\/\"},{\"@type\":\"ListItem\",\"position\":4,\"name\":\"Universal Transfer System (UTS) (bis zu 50 Zyklen\/Min.)\"}]},{\"@type\":\"WebSite\",\"@id\":\"https:\/\/vipgo.atsautomation.com\/iwk-de\/%20%20\/#website\",\"url\":\"https:\/\/vipgo.atsautomation.com\/iwk-de\/%20%20\/\",\"name\":\"Innovative And Customized Manufacturing Solutions\",\"description\":\"\",\"publisher\":{\"@id\":\"https:\/\/vipgo.atsautomation.com\/iwk-de\/%20%20\/#organization\"},\"potentialAction\":[{\"@type\":\"SearchAction\",\"target\":{\"@type\":\"EntryPoint\",\"urlTemplate\":\"https:\/\/vipgo.atsautomation.com\/iwk-de\/%20%20\/?s={search_term_string}\"},\"query-input\":{\"@type\":\"PropertyValueSpecification\",\"valueRequired\":true,\"valueName\":\"search_term_string\"}}],\"inLanguage\":\"de-DE\"},{\"@type\":\"Organization\",\"@id\":\"https:\/\/vipgo.atsautomation.com\/iwk-de\/%20%20\/#organization\",\"name\":\"Innovative And Customized Manufacturing Solutions\",\"url\":\"https:\/\/vipgo.atsautomation.com\/iwk-de\/%20%20\/\",\"logo\":{\"@type\":\"ImageObject\",\"inLanguage\":\"de-DE\",\"@id\":\"https:\/\/vipgo.atsautomation.com\/iwk-de\/%20%20\/#\/schema\/logo\/image\/\",\"url\":\"https:\/\/vipgo.atsautomation.com\/iwk-de\/%20%20\/wp-content\/uploads\/sites\/22\/2023\/02\/LOGO_IWK_4c_Size_2.png\",\"contentUrl\":\"https:\/\/vipgo.atsautomation.com\/iwk-de\/%20%20\/wp-content\/uploads\/sites\/22\/2023\/02\/LOGO_IWK_4c_Size_2.png\",\"width\":238,\"height\":137,\"caption\":\"Innovative And Customized Manufacturing Solutions\"},\"image\":{\"@id\":\"https:\/\/vipgo.atsautomation.com\/iwk-de\/%20%20\/#\/schema\/logo\/image\/\"}}]}<\/script>\n<!-- \/ Yoast SEO Premium plugin. -->","yoast_head_json":{"title":"Universal Transfer System (UTS) (bis zu 50 Zyklen\/Min.) - Innovative And Customized Manufacturing Solutions","robots":{"index":"index","follow":"follow","max-snippet":"max-snippet:-1","max-image-preview":"max-image-preview:large","max-video-preview":"max-video-preview:-1"},"canonical":"https:\/\/vipgo.atsautomation.com\/iwk-de\/  \/produkte-loesungen\/maschinen\/universal-transfer-system-uts-bis-zu-50-zyklen-min\/","og_locale":"de_DE","og_type":"article","og_title":"Universal Transfer System (UTS) (bis zu 50 Zyklen\/Min.)","og_description":"Universal Transfer System (UTS) (bis zu 50 Zyklen\/Min.) Die flexibel einzusetzende High-Speed-Maschine sammelt, sortiert und positioniert Produkte verschiedenster Art extrem schnell und pr\u00e4zise mittels eines Servo-betriebenen, 3-Achsen Pick &amp; Place Systems in die Produktkette der Kartoniermaschine. Die Maschine erf\u00fcllt ihre Aufgaben schnell und sanft, in organisierter Weise mit bis zu 50 Zyklen\/Min. VORTEILE Kundenindividuelle Anpassungen...Read More","og_url":"https:\/\/vipgo.atsautomation.com\/iwk-de\/  \/produkte-loesungen\/maschinen\/universal-transfer-system-uts-bis-zu-50-zyklen-min\/","og_site_name":"Innovative And Customized Manufacturing Solutions","article_modified_time":"2023-12-05T13:09:01+00:00","og_image":[{"width":1891,"height":727,"url":"https:\/\/vipgo.atsautomation.com\/iwk-de\/%20%20\/wp-content\/uploads\/sites\/22\/2021\/01\/UBERGABE.jpg","type":"image\/jpeg"}],"twitter_card":"summary_large_image","twitter_misc":{"Gesch\u00e4tzte Lesezeit":"1 Minute"},"schema":{"@context":"https:\/\/schema.org","@graph":[{"@type":"WebPage","@id":"https:\/\/vipgo.atsautomation.com\/iwk-de\/%20%20\/produkte-loesungen\/maschinen\/universal-transfer-system-uts-bis-zu-50-zyklen-min\/","url":"https:\/\/vipgo.atsautomation.com\/iwk-de\/%20%20\/produkte-loesungen\/maschinen\/universal-transfer-system-uts-bis-zu-50-zyklen-min\/","name":"Universal Transfer System (UTS) (bis zu 50 Zyklen\/Min.) - Innovative And Customized Manufacturing Solutions","isPartOf":{"@id":"https:\/\/vipgo.atsautomation.com\/iwk-de\/%20%20\/#website"},"primaryImageOfPage":{"@id":"https:\/\/vipgo.atsautomation.com\/iwk-de\/%20%20\/produkte-loesungen\/maschinen\/universal-transfer-system-uts-bis-zu-50-zyklen-min\/#primaryimage"},"image":{"@id":"https:\/\/vipgo.atsautomation.com\/iwk-de\/%20%20\/produkte-loesungen\/maschinen\/universal-transfer-system-uts-bis-zu-50-zyklen-min\/#primaryimage"},"thumbnailUrl":"https:\/\/vipgo.atsautomation.com\/iwk-de\/%20%20\/wp-content\/uploads\/sites\/22\/2021\/01\/UBERGABE.jpg","datePublished":"2021-01-18T12:52:48+00:00","dateModified":"2023-12-05T13:09:01+00:00","breadcrumb":{"@id":"https:\/\/vipgo.atsautomation.com\/iwk-de\/%20%20\/produkte-loesungen\/maschinen\/universal-transfer-system-uts-bis-zu-50-zyklen-min\/#breadcrumb"},"inLanguage":"de-DE","potentialAction":[{"@type":"ReadAction","target":["https:\/\/vipgo.atsautomation.com\/iwk-de\/%20%20\/produkte-loesungen\/maschinen\/universal-transfer-system-uts-bis-zu-50-zyklen-min\/"]}]},{"@type":"ImageObject","inLanguage":"de-DE","@id":"https:\/\/vipgo.atsautomation.com\/iwk-de\/%20%20\/produkte-loesungen\/maschinen\/universal-transfer-system-uts-bis-zu-50-zyklen-min\/#primaryimage","url":"https:\/\/vipgo.atsautomation.com\/iwk-de\/%20%20\/wp-content\/uploads\/sites\/22\/2021\/01\/UBERGABE.jpg","contentUrl":"https:\/\/vipgo.atsautomation.com\/iwk-de\/%20%20\/wp-content\/uploads\/sites\/22\/2021\/01\/UBERGABE.jpg","width":1891,"height":727},{"@type":"BreadcrumbList","@id":"https:\/\/vipgo.atsautomation.com\/iwk-de\/%20%20\/produkte-loesungen\/maschinen\/universal-transfer-system-uts-bis-zu-50-zyklen-min\/#breadcrumb","itemListElement":[{"@type":"ListItem","position":1,"name":"HOME","item":"https:\/\/vipgo.atsautomation.com\/iwk-de\/%20%20\/"},{"@type":"ListItem","position":2,"name":"PRODUKTE &amp; L\u00d6SUNGEN","item":"https:\/\/vipgo.atsautomation.com\/iwk-de\/%20%20\/produkte-loesungen\/"},{"@type":"ListItem","position":3,"name":"MASCHINEN","item":"https:\/\/vipgo.atsautomation.com\/iwk-de\/%20%20\/produkte-loesungen\/maschinen\/"},{"@type":"ListItem","position":4,"name":"Universal Transfer System (UTS) (bis zu 50 Zyklen\/Min.)"}]},{"@type":"WebSite","@id":"https:\/\/vipgo.atsautomation.com\/iwk-de\/%20%20\/#website","url":"https:\/\/vipgo.atsautomation.com\/iwk-de\/%20%20\/","name":"Innovative And Customized Manufacturing Solutions","description":"","publisher":{"@id":"https:\/\/vipgo.atsautomation.com\/iwk-de\/%20%20\/#organization"},"potentialAction":[{"@type":"SearchAction","target":{"@type":"EntryPoint","urlTemplate":"https:\/\/vipgo.atsautomation.com\/iwk-de\/%20%20\/?s={search_term_string}"},"query-input":{"@type":"PropertyValueSpecification","valueRequired":true,"valueName":"search_term_string"}}],"inLanguage":"de-DE"},{"@type":"Organization","@id":"https:\/\/vipgo.atsautomation.com\/iwk-de\/%20%20\/#organization","name":"Innovative And Customized Manufacturing Solutions","url":"https:\/\/vipgo.atsautomation.com\/iwk-de\/%20%20\/","logo":{"@type":"ImageObject","inLanguage":"de-DE","@id":"https:\/\/vipgo.atsautomation.com\/iwk-de\/%20%20\/#\/schema\/logo\/image\/","url":"https:\/\/vipgo.atsautomation.com\/iwk-de\/%20%20\/wp-content\/uploads\/sites\/22\/2023\/02\/LOGO_IWK_4c_Size_2.png","contentUrl":"https:\/\/vipgo.atsautomation.com\/iwk-de\/%20%20\/wp-content\/uploads\/sites\/22\/2023\/02\/LOGO_IWK_4c_Size_2.png","width":238,"height":137,"caption":"Innovative And Customized Manufacturing Solutions"},"image":{"@id":"https:\/\/vipgo.atsautomation.com\/iwk-de\/%20%20\/#\/schema\/logo\/image\/"}}]}},"jetpack_sharing_enabled":true,"_links":{"self":[{"href":"https:\/\/vipgo.atsautomation.com\/iwk-de\/%20%20\/wp-json\/wp\/v2\/pages\/3284","targetHints":{"allow":["GET"]}}],"collection":[{"href":"https:\/\/vipgo.atsautomation.com\/iwk-de\/%20%20\/wp-json\/wp\/v2\/pages"}],"about":[{"href":"https:\/\/vipgo.atsautomation.com\/iwk-de\/%20%20\/wp-json\/wp\/v2\/types\/page"}],"author":[{"embeddable":true,"href":"https:\/\/vipgo.atsautomation.com\/iwk-de\/%20%20\/wp-json\/wp\/v2\/users\/62"}],"replies":[{"embeddable":true,"href":"https:\/\/vipgo.atsautomation.com\/iwk-de\/%20%20\/wp-json\/wp\/v2\/comments?post=3284"}],"version-history":[{"count":5,"href":"https:\/\/vipgo.atsautomation.com\/iwk-de\/%20%20\/wp-json\/wp\/v2\/pages\/3284\/revisions"}],"predecessor-version":[{"id":11152,"href":"https:\/\/vipgo.atsautomation.com\/iwk-de\/%20%20\/wp-json\/wp\/v2\/pages\/3284\/revisions\/11152"}],"up":[{"embeddable":true,"href":"https:\/\/vipgo.atsautomation.com\/iwk-de\/%20%20\/wp-json\/wp\/v2\/pages\/2991"}],"wp:featuredmedia":[{"embeddable":true,"href":"https:\/\/vipgo.atsautomation.com\/iwk-de\/%20%20\/wp-json\/wp\/v2\/media\/2312"}],"wp:attachment":[{"href":"https:\/\/vipgo.atsautomation.com\/iwk-de\/%20%20\/wp-json\/wp\/v2\/media?parent=3284"}],"curies":[{"name":"wp","href":"https:\/\/api.w.org\/{rel}","templated":true}]}}