{"id":3296,"date":"2021-01-18T12:10:11","date_gmt":"2021-01-18T12:10:11","guid":{"rendered":"https:\/\/iwk.de\/?page_id=3296"},"modified":"2021-03-17T16:57:03","modified_gmt":"2021-03-17T16:57:03","slug":"horizontal-kartonierer-si-8-bis-zu-45-fs-min","status":"publish","type":"page","link":"https:\/\/vipgo.atsautomation.com\/iwk-de\/%20%20\/produkte-loesungen\/maschinen\/horizontal-kartonierer-si-8-bis-zu-45-fs-min\/","title":{"rendered":"Horizontal Kartonierer SI 8 (bis zu 45 FS\/Min.)"},"content":{"rendered":"<div class=\"home-main row\"><span><span><a href=\"https:\/\/vipgo.atsautomation.com\/iwk-de\/%20%20\/\">HOME<\/a><\/span><\/span><\/p>\n<h2>Horizontal Kartonierer SI 8<br \/>\n(bis zu 45 FS\/Min.)<\/h2>\n<p>Im Leistungsbereich bis zu 80 Faltschachteln pro Minute ist der getakteten Kartonierer SI 8 die ideale Erg\u00e4nzung f\u00fcr Anwendungen im unteren Leistungsspektrum. Faltschachtelzwangs\u00f6ffnung mit Gegensauger und Aufrichtkinematik. Durch die getaktete Arbeitsweise sind einfache Produktzuf\u00fchrungen m\u00f6glich.<\/p>\n<div class=\"advantages\">\n<div class=\"col-sm-7 bodytext mt-4\">\n<h3>VORTEILE<\/h3>\n<div class=\"list-style\">\n<ul>\n<li>Pharmagerechte Ausf\u00fchrung in Design und Funktion<\/li>\n<li>Leichter, werkzeugfreier Formatwechsel<\/li>\n<li>Einsatz von Servo-Antriebstechnologie und dadurch optimale Anpassung der einzelnen Funktionen der Maschine an die Anforderung des Verpackungsprozesses<\/li>\n<li>Zentrales Touch Screen mit 3D Visualisierung<\/li>\n<li>Optimale Zug\u00e4nglichkeit f\u00fcr Reinigung und Wartung<\/li>\n<li>Anbindung an Linienkontrollsystem SCADA<\/li>\n<li>Track and Trace Technologie<\/li>\n<li>Produktkennzeichnung und Kontrolle<\/li>\n<\/ul>\n<\/div>\n<\/div>\n<div class=\"col-sm-9\">\n<div class=\"slideshow-container\">\n<div class=\"mySlides fade\"><img decoding=\"async\" style=\"width: 100%\" src=\"https:\/\/iwk.de\/wp-content\/uploads\/sites\/22\/2021\/01\/SI-4.jpg\" \/><\/div>\n<\/div>\n<\/div>\n<\/div>\n<\/div>\n<section class=\"techData\">\n<div class=\"home-main row\">\n<h3>TECHNISCHE DATEN<\/h3>\n<table class=\"table\">\n<thead>\n<tr>\n<th>TYP<\/th>\n<th>SI 8<\/th>\n<\/tr>\n<\/thead>\n<tbody>\n<tr>\n<td>Arbeitsweise<\/td>\n<td>intermittierend<\/td>\n<\/tr>\n<tr>\n<td>Formatbereich (mm)<br \/>\n(3 Kartonketten)<\/td>\n<td>A: 40-165<br \/>\nB: 40-75<br \/>\nH: 65-185<\/td>\n<\/tr>\n<tr>\n<td>Formatbereich (mm)<br \/>\n(4 Kartonketten)<\/td>\n<td>A: 40-165<br \/>\nB: 40-75<br \/>\nH: 65-230<\/td>\n<\/tr>\n<tr>\n<td>Max. Leistung (Kartons\/Min.)<\/td>\n<td>45<\/td>\n<\/tr>\n<\/tbody>\n<\/table>\n<\/div>\n<\/section>\n<div class=\"home-main row\">\n<h2>ANWENDUNGEN<\/h2>\n<p>IWK-Kartoniermaschinen werden vorzugsweise beim Kartonieren von Produkten aus der Pharma- und Kosmetik-Industrie eingesetzt. Produkte lassen sich einzeln oder als Mehrst\u00fcckpackung mit Beipackzettel in Faltschachteln verpacken.<\/p>\n<p><strong>Produkte (auch in Kombinationen):<\/strong><\/p>\n<div class=\"list-style\">\n<ul>\n<li>Tuben<\/li>\n<li>Blister<\/li>\n<li>Vials<\/li>\n<li>Ampullen<\/li>\n<li>Beutel, Sachets, Pouches<\/li>\n<li>Flaschen, Trays<\/li>\n<li>L\u00f6ffel<\/li>\n<li>Kan\u00fclen<\/li>\n<\/ul>\n<\/div>\n<h2>KARTON-\/ FALTSCHACHTELQUALIT\u00c4TEN:<\/h2>\n<p>Auf IWK-Kartoniermaschinen k\u00f6nnen Qualit\u00e4ten nach DIN 53121 mit Papiergewichten von 250 bis 500 g\/qm verarbeitet werden; auch Recyclingqualit\u00e4ten sind einsetzbar. Ma\u00dfe und Toleranzen der vorgeklebten Faltschachtel sollten der DIN 55222 entsprechen.<\/p>\n<\/div>\n","protected":false},"excerpt":{"rendered":"<p>Horizontal Kartonierer SI 8 (bis zu 45 FS\/Min.) Im Leistungsbereich bis zu 80 Faltschachteln pro Minute ist der getakteten Kartonierer SI 8 die ideale Erg\u00e4nzung f\u00fcr Anwendungen im unteren Leistungsspektrum. Faltschachtelzwangs\u00f6ffnung mit Gegensauger und Aufrichtkinematik. Durch die getaktete Arbeitsweise sind einfache Produktzuf\u00fchrungen m\u00f6glich. VORTEILE Pharmagerechte Ausf\u00fchrung in Design und Funktion Leichter, werkzeugfreier Formatwechsel Einsatz von&#8230;<\/p>\n<div class=\"post-button\"><a href=\"https:\/\/vipgo.atsautomation.com\/iwk-de\/%20%20\/produkte-loesungen\/maschinen\/horizontal-kartonierer-si-8-bis-zu-45-fs-min\/\">Read More<\/a><\/div>\n","protected":false},"author":62,"featured_media":2314,"parent":2991,"menu_order":0,"comment_status":"closed","ping_status":"closed","template":"page-templates\/machinefour.php","meta":{"inline_featured_image":false,"footnotes":""},"class_list":["post-3296","page","type-page","status-publish","has-post-thumbnail","hentry"],"yoast_head":"<!-- This site is optimized with the Yoast SEO Premium plugin v26.8 (Yoast SEO v26.8) - https:\/\/yoast.com\/product\/yoast-seo-premium-wordpress\/ -->\n<title>Horizontal Kartonierer SI 8 (bis zu 45 FS\/Min.) - Innovative And Customized Manufacturing Solutions<\/title>\n<meta name=\"robots\" content=\"index, follow, max-snippet:-1, max-image-preview:large, max-video-preview:-1\" \/>\n<link rel=\"canonical\" href=\"https:\/\/vipgo.atsautomation.com\/iwk-de\/%20%20\/produkte-loesungen\/maschinen\/horizontal-kartonierer-si-8-bis-zu-45-fs-min\/\" \/>\n<meta property=\"og:locale\" content=\"de_DE\" \/>\n<meta property=\"og:type\" content=\"article\" \/>\n<meta property=\"og:title\" content=\"Horizontal Kartonierer SI 8 (bis zu 45 FS\/Min.)\" \/>\n<meta property=\"og:description\" content=\"Horizontal Kartonierer SI 8 (bis zu 45 FS\/Min.) Im Leistungsbereich bis zu 80 Faltschachteln pro Minute ist der getakteten Kartonierer SI 8 die ideale Erg\u00e4nzung f\u00fcr Anwendungen im unteren Leistungsspektrum. Faltschachtelzwangs\u00f6ffnung mit Gegensauger und Aufrichtkinematik. Durch die getaktete Arbeitsweise sind einfache Produktzuf\u00fchrungen m\u00f6glich. VORTEILE Pharmagerechte Ausf\u00fchrung in Design und Funktion Leichter, werkzeugfreier Formatwechsel Einsatz von...Read More\" \/>\n<meta property=\"og:url\" content=\"https:\/\/vipgo.atsautomation.com\/iwk-de\/  \/produkte-loesungen\/maschinen\/horizontal-kartonierer-si-8-bis-zu-45-fs-min\/\" \/>\n<meta property=\"og:site_name\" content=\"Innovative And Customized Manufacturing Solutions\" \/>\n<meta property=\"article:modified_time\" content=\"2021-03-17T16:57:03+00:00\" \/>\n<meta property=\"og:image\" content=\"https:\/\/vipgo.atsautomation.com\/iwk-de\/%20%20\/wp-content\/uploads\/sites\/22\/2021\/01\/KARTONIERER.jpg\" \/>\n\t<meta property=\"og:image:width\" content=\"1896\" \/>\n\t<meta property=\"og:image:height\" content=\"726\" \/>\n\t<meta property=\"og:image:type\" content=\"image\/jpeg\" \/>\n<meta name=\"twitter:card\" content=\"summary_large_image\" \/>\n<meta name=\"twitter:label1\" content=\"Gesch\u00e4tzte Lesezeit\" \/>\n\t<meta name=\"twitter:data1\" content=\"1 Minute\" \/>\n<script type=\"application\/ld+json\" class=\"yoast-schema-graph\">{\"@context\":\"https:\/\/schema.org\",\"@graph\":[{\"@type\":\"WebPage\",\"@id\":\"https:\/\/vipgo.atsautomation.com\/iwk-de\/%20%20\/produkte-loesungen\/maschinen\/horizontal-kartonierer-si-8-bis-zu-45-fs-min\/\",\"url\":\"https:\/\/vipgo.atsautomation.com\/iwk-de\/%20%20\/produkte-loesungen\/maschinen\/horizontal-kartonierer-si-8-bis-zu-45-fs-min\/\",\"name\":\"Horizontal Kartonierer SI 8 (bis zu 45 FS\/Min.) - Innovative And Customized Manufacturing Solutions\",\"isPartOf\":{\"@id\":\"https:\/\/vipgo.atsautomation.com\/iwk-de\/%20%20\/#website\"},\"primaryImageOfPage\":{\"@id\":\"https:\/\/vipgo.atsautomation.com\/iwk-de\/%20%20\/produkte-loesungen\/maschinen\/horizontal-kartonierer-si-8-bis-zu-45-fs-min\/#primaryimage\"},\"image\":{\"@id\":\"https:\/\/vipgo.atsautomation.com\/iwk-de\/%20%20\/produkte-loesungen\/maschinen\/horizontal-kartonierer-si-8-bis-zu-45-fs-min\/#primaryimage\"},\"thumbnailUrl\":\"https:\/\/vipgo.atsautomation.com\/iwk-de\/%20%20\/wp-content\/uploads\/sites\/22\/2021\/01\/KARTONIERER.jpg\",\"datePublished\":\"2021-01-18T12:10:11+00:00\",\"dateModified\":\"2021-03-17T16:57:03+00:00\",\"breadcrumb\":{\"@id\":\"https:\/\/vipgo.atsautomation.com\/iwk-de\/%20%20\/produkte-loesungen\/maschinen\/horizontal-kartonierer-si-8-bis-zu-45-fs-min\/#breadcrumb\"},\"inLanguage\":\"de-DE\",\"potentialAction\":[{\"@type\":\"ReadAction\",\"target\":[\"https:\/\/vipgo.atsautomation.com\/iwk-de\/%20%20\/produkte-loesungen\/maschinen\/horizontal-kartonierer-si-8-bis-zu-45-fs-min\/\"]}]},{\"@type\":\"ImageObject\",\"inLanguage\":\"de-DE\",\"@id\":\"https:\/\/vipgo.atsautomation.com\/iwk-de\/%20%20\/produkte-loesungen\/maschinen\/horizontal-kartonierer-si-8-bis-zu-45-fs-min\/#primaryimage\",\"url\":\"https:\/\/vipgo.atsautomation.com\/iwk-de\/%20%20\/wp-content\/uploads\/sites\/22\/2021\/01\/KARTONIERER.jpg\",\"contentUrl\":\"https:\/\/vipgo.atsautomation.com\/iwk-de\/%20%20\/wp-content\/uploads\/sites\/22\/2021\/01\/KARTONIERER.jpg\",\"width\":1896,\"height\":726},{\"@type\":\"BreadcrumbList\",\"@id\":\"https:\/\/vipgo.atsautomation.com\/iwk-de\/%20%20\/produkte-loesungen\/maschinen\/horizontal-kartonierer-si-8-bis-zu-45-fs-min\/#breadcrumb\",\"itemListElement\":[{\"@type\":\"ListItem\",\"position\":1,\"name\":\"HOME\",\"item\":\"https:\/\/vipgo.atsautomation.com\/iwk-de\/%20%20\/\"},{\"@type\":\"ListItem\",\"position\":2,\"name\":\"PRODUKTE &amp; L\u00d6SUNGEN\",\"item\":\"https:\/\/vipgo.atsautomation.com\/iwk-de\/%20%20\/produkte-loesungen\/\"},{\"@type\":\"ListItem\",\"position\":3,\"name\":\"MASCHINEN\",\"item\":\"https:\/\/vipgo.atsautomation.com\/iwk-de\/%20%20\/produkte-loesungen\/maschinen\/\"},{\"@type\":\"ListItem\",\"position\":4,\"name\":\"Horizontal Kartonierer SI 8 (bis zu 45 FS\/Min.)\"}]},{\"@type\":\"WebSite\",\"@id\":\"https:\/\/vipgo.atsautomation.com\/iwk-de\/%20%20\/#website\",\"url\":\"https:\/\/vipgo.atsautomation.com\/iwk-de\/%20%20\/\",\"name\":\"Innovative And Customized Manufacturing Solutions\",\"description\":\"\",\"publisher\":{\"@id\":\"https:\/\/vipgo.atsautomation.com\/iwk-de\/%20%20\/#organization\"},\"potentialAction\":[{\"@type\":\"SearchAction\",\"target\":{\"@type\":\"EntryPoint\",\"urlTemplate\":\"https:\/\/vipgo.atsautomation.com\/iwk-de\/%20%20\/?s={search_term_string}\"},\"query-input\":{\"@type\":\"PropertyValueSpecification\",\"valueRequired\":true,\"valueName\":\"search_term_string\"}}],\"inLanguage\":\"de-DE\"},{\"@type\":\"Organization\",\"@id\":\"https:\/\/vipgo.atsautomation.com\/iwk-de\/%20%20\/#organization\",\"name\":\"Innovative And Customized Manufacturing Solutions\",\"url\":\"https:\/\/vipgo.atsautomation.com\/iwk-de\/%20%20\/\",\"logo\":{\"@type\":\"ImageObject\",\"inLanguage\":\"de-DE\",\"@id\":\"https:\/\/vipgo.atsautomation.com\/iwk-de\/%20%20\/#\/schema\/logo\/image\/\",\"url\":\"https:\/\/vipgo.atsautomation.com\/iwk-de\/%20%20\/wp-content\/uploads\/sites\/22\/2023\/02\/LOGO_IWK_4c_Size_2.png\",\"contentUrl\":\"https:\/\/vipgo.atsautomation.com\/iwk-de\/%20%20\/wp-content\/uploads\/sites\/22\/2023\/02\/LOGO_IWK_4c_Size_2.png\",\"width\":238,\"height\":137,\"caption\":\"Innovative And Customized Manufacturing Solutions\"},\"image\":{\"@id\":\"https:\/\/vipgo.atsautomation.com\/iwk-de\/%20%20\/#\/schema\/logo\/image\/\"}}]}<\/script>\n<!-- \/ Yoast SEO Premium plugin. -->","yoast_head_json":{"title":"Horizontal Kartonierer SI 8 (bis zu 45 FS\/Min.) - Innovative And Customized Manufacturing Solutions","robots":{"index":"index","follow":"follow","max-snippet":"max-snippet:-1","max-image-preview":"max-image-preview:large","max-video-preview":"max-video-preview:-1"},"canonical":"https:\/\/vipgo.atsautomation.com\/iwk-de\/  \/produkte-loesungen\/maschinen\/horizontal-kartonierer-si-8-bis-zu-45-fs-min\/","og_locale":"de_DE","og_type":"article","og_title":"Horizontal Kartonierer SI 8 (bis zu 45 FS\/Min.)","og_description":"Horizontal Kartonierer SI 8 (bis zu 45 FS\/Min.) Im Leistungsbereich bis zu 80 Faltschachteln pro Minute ist der getakteten Kartonierer SI 8 die ideale Erg\u00e4nzung f\u00fcr Anwendungen im unteren Leistungsspektrum. Faltschachtelzwangs\u00f6ffnung mit Gegensauger und Aufrichtkinematik. Durch die getaktete Arbeitsweise sind einfache Produktzuf\u00fchrungen m\u00f6glich. VORTEILE Pharmagerechte Ausf\u00fchrung in Design und Funktion Leichter, werkzeugfreier Formatwechsel Einsatz von...Read More","og_url":"https:\/\/vipgo.atsautomation.com\/iwk-de\/  \/produkte-loesungen\/maschinen\/horizontal-kartonierer-si-8-bis-zu-45-fs-min\/","og_site_name":"Innovative And Customized Manufacturing Solutions","article_modified_time":"2021-03-17T16:57:03+00:00","og_image":[{"width":1896,"height":726,"url":"https:\/\/vipgo.atsautomation.com\/iwk-de\/%20%20\/wp-content\/uploads\/sites\/22\/2021\/01\/KARTONIERER.jpg","type":"image\/jpeg"}],"twitter_card":"summary_large_image","twitter_misc":{"Gesch\u00e4tzte Lesezeit":"1 Minute"},"schema":{"@context":"https:\/\/schema.org","@graph":[{"@type":"WebPage","@id":"https:\/\/vipgo.atsautomation.com\/iwk-de\/%20%20\/produkte-loesungen\/maschinen\/horizontal-kartonierer-si-8-bis-zu-45-fs-min\/","url":"https:\/\/vipgo.atsautomation.com\/iwk-de\/%20%20\/produkte-loesungen\/maschinen\/horizontal-kartonierer-si-8-bis-zu-45-fs-min\/","name":"Horizontal Kartonierer SI 8 (bis zu 45 FS\/Min.) - Innovative And Customized Manufacturing Solutions","isPartOf":{"@id":"https:\/\/vipgo.atsautomation.com\/iwk-de\/%20%20\/#website"},"primaryImageOfPage":{"@id":"https:\/\/vipgo.atsautomation.com\/iwk-de\/%20%20\/produkte-loesungen\/maschinen\/horizontal-kartonierer-si-8-bis-zu-45-fs-min\/#primaryimage"},"image":{"@id":"https:\/\/vipgo.atsautomation.com\/iwk-de\/%20%20\/produkte-loesungen\/maschinen\/horizontal-kartonierer-si-8-bis-zu-45-fs-min\/#primaryimage"},"thumbnailUrl":"https:\/\/vipgo.atsautomation.com\/iwk-de\/%20%20\/wp-content\/uploads\/sites\/22\/2021\/01\/KARTONIERER.jpg","datePublished":"2021-01-18T12:10:11+00:00","dateModified":"2021-03-17T16:57:03+00:00","breadcrumb":{"@id":"https:\/\/vipgo.atsautomation.com\/iwk-de\/%20%20\/produkte-loesungen\/maschinen\/horizontal-kartonierer-si-8-bis-zu-45-fs-min\/#breadcrumb"},"inLanguage":"de-DE","potentialAction":[{"@type":"ReadAction","target":["https:\/\/vipgo.atsautomation.com\/iwk-de\/%20%20\/produkte-loesungen\/maschinen\/horizontal-kartonierer-si-8-bis-zu-45-fs-min\/"]}]},{"@type":"ImageObject","inLanguage":"de-DE","@id":"https:\/\/vipgo.atsautomation.com\/iwk-de\/%20%20\/produkte-loesungen\/maschinen\/horizontal-kartonierer-si-8-bis-zu-45-fs-min\/#primaryimage","url":"https:\/\/vipgo.atsautomation.com\/iwk-de\/%20%20\/wp-content\/uploads\/sites\/22\/2021\/01\/KARTONIERER.jpg","contentUrl":"https:\/\/vipgo.atsautomation.com\/iwk-de\/%20%20\/wp-content\/uploads\/sites\/22\/2021\/01\/KARTONIERER.jpg","width":1896,"height":726},{"@type":"BreadcrumbList","@id":"https:\/\/vipgo.atsautomation.com\/iwk-de\/%20%20\/produkte-loesungen\/maschinen\/horizontal-kartonierer-si-8-bis-zu-45-fs-min\/#breadcrumb","itemListElement":[{"@type":"ListItem","position":1,"name":"HOME","item":"https:\/\/vipgo.atsautomation.com\/iwk-de\/%20%20\/"},{"@type":"ListItem","position":2,"name":"PRODUKTE &amp; L\u00d6SUNGEN","item":"https:\/\/vipgo.atsautomation.com\/iwk-de\/%20%20\/produkte-loesungen\/"},{"@type":"ListItem","position":3,"name":"MASCHINEN","item":"https:\/\/vipgo.atsautomation.com\/iwk-de\/%20%20\/produkte-loesungen\/maschinen\/"},{"@type":"ListItem","position":4,"name":"Horizontal Kartonierer SI 8 (bis zu 45 FS\/Min.)"}]},{"@type":"WebSite","@id":"https:\/\/vipgo.atsautomation.com\/iwk-de\/%20%20\/#website","url":"https:\/\/vipgo.atsautomation.com\/iwk-de\/%20%20\/","name":"Innovative And Customized Manufacturing Solutions","description":"","publisher":{"@id":"https:\/\/vipgo.atsautomation.com\/iwk-de\/%20%20\/#organization"},"potentialAction":[{"@type":"SearchAction","target":{"@type":"EntryPoint","urlTemplate":"https:\/\/vipgo.atsautomation.com\/iwk-de\/%20%20\/?s={search_term_string}"},"query-input":{"@type":"PropertyValueSpecification","valueRequired":true,"valueName":"search_term_string"}}],"inLanguage":"de-DE"},{"@type":"Organization","@id":"https:\/\/vipgo.atsautomation.com\/iwk-de\/%20%20\/#organization","name":"Innovative And Customized Manufacturing Solutions","url":"https:\/\/vipgo.atsautomation.com\/iwk-de\/%20%20\/","logo":{"@type":"ImageObject","inLanguage":"de-DE","@id":"https:\/\/vipgo.atsautomation.com\/iwk-de\/%20%20\/#\/schema\/logo\/image\/","url":"https:\/\/vipgo.atsautomation.com\/iwk-de\/%20%20\/wp-content\/uploads\/sites\/22\/2023\/02\/LOGO_IWK_4c_Size_2.png","contentUrl":"https:\/\/vipgo.atsautomation.com\/iwk-de\/%20%20\/wp-content\/uploads\/sites\/22\/2023\/02\/LOGO_IWK_4c_Size_2.png","width":238,"height":137,"caption":"Innovative And Customized Manufacturing Solutions"},"image":{"@id":"https:\/\/vipgo.atsautomation.com\/iwk-de\/%20%20\/#\/schema\/logo\/image\/"}}]}},"jetpack_sharing_enabled":true,"_links":{"self":[{"href":"https:\/\/vipgo.atsautomation.com\/iwk-de\/%20%20\/wp-json\/wp\/v2\/pages\/3296","targetHints":{"allow":["GET"]}}],"collection":[{"href":"https:\/\/vipgo.atsautomation.com\/iwk-de\/%20%20\/wp-json\/wp\/v2\/pages"}],"about":[{"href":"https:\/\/vipgo.atsautomation.com\/iwk-de\/%20%20\/wp-json\/wp\/v2\/types\/page"}],"author":[{"embeddable":true,"href":"https:\/\/vipgo.atsautomation.com\/iwk-de\/%20%20\/wp-json\/wp\/v2\/users\/62"}],"replies":[{"embeddable":true,"href":"https:\/\/vipgo.atsautomation.com\/iwk-de\/%20%20\/wp-json\/wp\/v2\/comments?post=3296"}],"version-history":[{"count":4,"href":"https:\/\/vipgo.atsautomation.com\/iwk-de\/%20%20\/wp-json\/wp\/v2\/pages\/3296\/revisions"}],"predecessor-version":[{"id":5919,"href":"https:\/\/vipgo.atsautomation.com\/iwk-de\/%20%20\/wp-json\/wp\/v2\/pages\/3296\/revisions\/5919"}],"up":[{"embeddable":true,"href":"https:\/\/vipgo.atsautomation.com\/iwk-de\/%20%20\/wp-json\/wp\/v2\/pages\/2991"}],"wp:featuredmedia":[{"embeddable":true,"href":"https:\/\/vipgo.atsautomation.com\/iwk-de\/%20%20\/wp-json\/wp\/v2\/media\/2314"}],"wp:attachment":[{"href":"https:\/\/vipgo.atsautomation.com\/iwk-de\/%20%20\/wp-json\/wp\/v2\/media?parent=3296"}],"curies":[{"name":"wp","href":"https:\/\/api.w.org\/{rel}","templated":true}]}}