{"id":3355,"date":"2021-01-18T12:49:28","date_gmt":"2021-01-18T12:49:28","guid":{"rendered":"https:\/\/iwk.de\/?page_id=3355"},"modified":"2022-01-17T10:25:02","modified_gmt":"2022-01-17T10:25:02","slug":"vollautomatische-faltschachtelzufuehrung-cfc-bis-zu-450-fs-min","status":"publish","type":"page","link":"https:\/\/vipgo.atsautomation.com\/iwk-de\/%20%20\/produkte-loesungen\/maschinen\/vollautomatische-faltschachtelzufuehrung-cfc-bis-zu-450-fs-min\/","title":{"rendered":"Vollautomatische Faltschachtelzuf\u00fchrung CFC (bis zu 450 FS\/Min.)"},"content":{"rendered":"<div class=\"home-main row\"><span><span><a href=\"https:\/\/vipgo.atsautomation.com\/iwk-de\/%20%20\/\">HOME<\/a><\/span><\/span><\/p>\n<h2>Vollautomatische Faltschachtelzuf\u00fchrung CFC<br \/>\n(bis zu 450 FS\/Min.)<\/h2>\n<div class=\"advantages\">\n<div class=\"col-sm-7 bodytext mt-4\">\n<h3>VORTEILE<\/h3>\n<div class=\"list-style\">\n<ul>\n<li>Vollautomatisches Kartonzuf\u00fchrsystem mit innovativer Technologie.<\/li>\n<li>Ein Cobot entnimmt vollautomatisch die Kartons aus dem Tray und legt diese auf das Kartonmagazin.<\/li>\n<li>Von der Berufsgenossenschaft f\u00fcr die Steigerung der Ergonomie empfohlen.<\/li>\n<li>Verwendung von Niedrigenergiekomponenten<\/li>\n<li>Bedienung und Formateinrichtung \u00fcber IWK HMI \u2192 keinerlei Roboterkentnisse erforderlich<\/li>\n<li>In Kombination mit dem IWK-Depalettierer DPC arbeitet das System v\u00f6llig autonom ohne Bedienereingriff.<\/li>\n<li>Leere Karton-Trays werden zerlegt oder in einem Abfallbeh\u00e4lter recycelt.<\/li>\n<li>Standardisierter Baukasten f\u00fcr verschiedene Zuf\u00fchrm\u00f6glichkeiten mit unterschiedlichen Puffergr\u00f6\u00dfen.<\/li>\n<\/ul>\n<\/div>\n<\/div>\n<div class=\"col-sm-9\">\n<div class=\"slideshow-container\">\n<div class=\"mySlides fade\"><img loading=\"lazy\" decoding=\"async\" width=\"500\" height=\"334\" src=\"https:\/\/iwk.de\/wp-content\/uploads\/sites\/22\/2021\/01\/CFC.jpg\" \/><\/div>\n<div class=\"mySlides fade\"><img loading=\"lazy\" decoding=\"async\" width=\"500\" height=\"334\" src=\"https:\/\/iwk.de\/wp-content\/uploads\/sites\/22\/2021\/01\/CFC_3.jpg\" \/><\/div>\n<div class=\"mySlides fade\"><img loading=\"lazy\" decoding=\"async\" width=\"500\" height=\"334\" src=\"https:\/\/iwk.de\/wp-content\/uploads\/sites\/22\/2021\/01\/CFC_PackExpo-K4.jpg\" \/><\/div>\n<p><a class=\"prev\" onclick=\"plusSlides(-1)\">\u276e<\/a><br \/>\n<a class=\"next\" onclick=\"plusSlides(1)\">\u276f<\/a>\n<\/div>\n<\/div>\n<\/div>\n<\/div>\n","protected":false},"excerpt":{"rendered":"<p>Vollautomatische Faltschachtelzuf\u00fchrung CFC (bis zu 450 FS\/Min.) VORTEILE Vollautomatisches Kartonzuf\u00fchrsystem mit innovativer Technologie. Ein Cobot entnimmt vollautomatisch die Kartons aus dem Tray und legt diese auf das Kartonmagazin. Von der Berufsgenossenschaft f\u00fcr die Steigerung der Ergonomie empfohlen. Verwendung von Niedrigenergiekomponenten Bedienung und Formateinrichtung \u00fcber IWK HMI \u2192 keinerlei Roboterkentnisse erforderlich In Kombination mit dem IWK-Depalettierer&#8230;<\/p>\n<div class=\"post-button\"><a href=\"https:\/\/vipgo.atsautomation.com\/iwk-de\/%20%20\/produkte-loesungen\/maschinen\/vollautomatische-faltschachtelzufuehrung-cfc-bis-zu-450-fs-min\/\">Read More<\/a><\/div>\n","protected":false},"author":62,"featured_media":2314,"parent":2991,"menu_order":0,"comment_status":"closed","ping_status":"closed","template":"page-templates\/machinefour.php","meta":{"inline_featured_image":false,"footnotes":""},"class_list":["post-3355","page","type-page","status-publish","has-post-thumbnail","hentry"],"yoast_head":"<!-- This site is optimized with the Yoast SEO Premium plugin v26.8 (Yoast SEO v26.8) - https:\/\/yoast.com\/product\/yoast-seo-premium-wordpress\/ -->\n<title>Vollautomatische Faltschachtelzuf\u00fchrung CFC (bis zu 450 FS\/Min.) - Innovative And Customized Manufacturing Solutions<\/title>\n<meta name=\"robots\" content=\"index, follow, max-snippet:-1, max-image-preview:large, max-video-preview:-1\" \/>\n<link rel=\"canonical\" href=\"https:\/\/vipgo.atsautomation.com\/iwk-de\/%20%20\/produkte-loesungen\/maschinen\/vollautomatische-faltschachtelzufuehrung-cfc-bis-zu-450-fs-min\/\" \/>\n<meta property=\"og:locale\" content=\"de_DE\" \/>\n<meta property=\"og:type\" content=\"article\" \/>\n<meta property=\"og:title\" content=\"Vollautomatische Faltschachtelzuf\u00fchrung CFC (bis zu 450 FS\/Min.)\" \/>\n<meta property=\"og:description\" content=\"Vollautomatische Faltschachtelzuf\u00fchrung CFC (bis zu 450 FS\/Min.) VORTEILE Vollautomatisches Kartonzuf\u00fchrsystem mit innovativer Technologie. Ein Cobot entnimmt vollautomatisch die Kartons aus dem Tray und legt diese auf das Kartonmagazin. Von der Berufsgenossenschaft f\u00fcr die Steigerung der Ergonomie empfohlen. Verwendung von Niedrigenergiekomponenten Bedienung und Formateinrichtung \u00fcber IWK HMI \u2192 keinerlei Roboterkentnisse erforderlich In Kombination mit dem IWK-Depalettierer...Read More\" \/>\n<meta property=\"og:url\" content=\"https:\/\/vipgo.atsautomation.com\/iwk-de\/  \/produkte-loesungen\/maschinen\/vollautomatische-faltschachtelzufuehrung-cfc-bis-zu-450-fs-min\/\" \/>\n<meta property=\"og:site_name\" content=\"Innovative And Customized Manufacturing Solutions\" \/>\n<meta property=\"article:modified_time\" content=\"2022-01-17T10:25:02+00:00\" \/>\n<meta property=\"og:image\" content=\"https:\/\/vipgo.atsautomation.com\/iwk-de\/%20%20\/wp-content\/uploads\/sites\/22\/2021\/01\/KARTONIERER.jpg\" \/>\n\t<meta property=\"og:image:width\" content=\"1896\" \/>\n\t<meta property=\"og:image:height\" content=\"726\" \/>\n\t<meta property=\"og:image:type\" content=\"image\/jpeg\" \/>\n<meta name=\"twitter:card\" content=\"summary_large_image\" \/>\n<script type=\"application\/ld+json\" class=\"yoast-schema-graph\">{\"@context\":\"https:\/\/schema.org\",\"@graph\":[{\"@type\":\"WebPage\",\"@id\":\"https:\/\/vipgo.atsautomation.com\/iwk-de\/%20%20\/produkte-loesungen\/maschinen\/vollautomatische-faltschachtelzufuehrung-cfc-bis-zu-450-fs-min\/\",\"url\":\"https:\/\/vipgo.atsautomation.com\/iwk-de\/%20%20\/produkte-loesungen\/maschinen\/vollautomatische-faltschachtelzufuehrung-cfc-bis-zu-450-fs-min\/\",\"name\":\"Vollautomatische Faltschachtelzuf\u00fchrung CFC (bis zu 450 FS\/Min.) - Innovative And Customized Manufacturing Solutions\",\"isPartOf\":{\"@id\":\"https:\/\/vipgo.atsautomation.com\/iwk-de\/%20%20\/#website\"},\"primaryImageOfPage\":{\"@id\":\"https:\/\/vipgo.atsautomation.com\/iwk-de\/%20%20\/produkte-loesungen\/maschinen\/vollautomatische-faltschachtelzufuehrung-cfc-bis-zu-450-fs-min\/#primaryimage\"},\"image\":{\"@id\":\"https:\/\/vipgo.atsautomation.com\/iwk-de\/%20%20\/produkte-loesungen\/maschinen\/vollautomatische-faltschachtelzufuehrung-cfc-bis-zu-450-fs-min\/#primaryimage\"},\"thumbnailUrl\":\"https:\/\/vipgo.atsautomation.com\/iwk-de\/%20%20\/wp-content\/uploads\/sites\/22\/2021\/01\/KARTONIERER.jpg\",\"datePublished\":\"2021-01-18T12:49:28+00:00\",\"dateModified\":\"2022-01-17T10:25:02+00:00\",\"breadcrumb\":{\"@id\":\"https:\/\/vipgo.atsautomation.com\/iwk-de\/%20%20\/produkte-loesungen\/maschinen\/vollautomatische-faltschachtelzufuehrung-cfc-bis-zu-450-fs-min\/#breadcrumb\"},\"inLanguage\":\"de-DE\",\"potentialAction\":[{\"@type\":\"ReadAction\",\"target\":[\"https:\/\/vipgo.atsautomation.com\/iwk-de\/%20%20\/produkte-loesungen\/maschinen\/vollautomatische-faltschachtelzufuehrung-cfc-bis-zu-450-fs-min\/\"]}]},{\"@type\":\"ImageObject\",\"inLanguage\":\"de-DE\",\"@id\":\"https:\/\/vipgo.atsautomation.com\/iwk-de\/%20%20\/produkte-loesungen\/maschinen\/vollautomatische-faltschachtelzufuehrung-cfc-bis-zu-450-fs-min\/#primaryimage\",\"url\":\"https:\/\/vipgo.atsautomation.com\/iwk-de\/%20%20\/wp-content\/uploads\/sites\/22\/2021\/01\/KARTONIERER.jpg\",\"contentUrl\":\"https:\/\/vipgo.atsautomation.com\/iwk-de\/%20%20\/wp-content\/uploads\/sites\/22\/2021\/01\/KARTONIERER.jpg\",\"width\":1896,\"height\":726},{\"@type\":\"BreadcrumbList\",\"@id\":\"https:\/\/vipgo.atsautomation.com\/iwk-de\/%20%20\/produkte-loesungen\/maschinen\/vollautomatische-faltschachtelzufuehrung-cfc-bis-zu-450-fs-min\/#breadcrumb\",\"itemListElement\":[{\"@type\":\"ListItem\",\"position\":1,\"name\":\"HOME\",\"item\":\"https:\/\/vipgo.atsautomation.com\/iwk-de\/%20%20\/\"},{\"@type\":\"ListItem\",\"position\":2,\"name\":\"PRODUKTE &amp; L\u00d6SUNGEN\",\"item\":\"https:\/\/vipgo.atsautomation.com\/iwk-de\/%20%20\/produkte-loesungen\/\"},{\"@type\":\"ListItem\",\"position\":3,\"name\":\"MASCHINEN\",\"item\":\"https:\/\/vipgo.atsautomation.com\/iwk-de\/%20%20\/produkte-loesungen\/maschinen\/\"},{\"@type\":\"ListItem\",\"position\":4,\"name\":\"Vollautomatische Faltschachtelzuf\u00fchrung CFC (bis zu 450 FS\/Min.)\"}]},{\"@type\":\"WebSite\",\"@id\":\"https:\/\/vipgo.atsautomation.com\/iwk-de\/%20%20\/#website\",\"url\":\"https:\/\/vipgo.atsautomation.com\/iwk-de\/%20%20\/\",\"name\":\"Innovative And Customized Manufacturing Solutions\",\"description\":\"\",\"publisher\":{\"@id\":\"https:\/\/vipgo.atsautomation.com\/iwk-de\/%20%20\/#organization\"},\"potentialAction\":[{\"@type\":\"SearchAction\",\"target\":{\"@type\":\"EntryPoint\",\"urlTemplate\":\"https:\/\/vipgo.atsautomation.com\/iwk-de\/%20%20\/?s={search_term_string}\"},\"query-input\":{\"@type\":\"PropertyValueSpecification\",\"valueRequired\":true,\"valueName\":\"search_term_string\"}}],\"inLanguage\":\"de-DE\"},{\"@type\":\"Organization\",\"@id\":\"https:\/\/vipgo.atsautomation.com\/iwk-de\/%20%20\/#organization\",\"name\":\"Innovative And Customized Manufacturing Solutions\",\"url\":\"https:\/\/vipgo.atsautomation.com\/iwk-de\/%20%20\/\",\"logo\":{\"@type\":\"ImageObject\",\"inLanguage\":\"de-DE\",\"@id\":\"https:\/\/vipgo.atsautomation.com\/iwk-de\/%20%20\/#\/schema\/logo\/image\/\",\"url\":\"https:\/\/vipgo.atsautomation.com\/iwk-de\/%20%20\/wp-content\/uploads\/sites\/22\/2023\/02\/LOGO_IWK_4c_Size_2.png\",\"contentUrl\":\"https:\/\/vipgo.atsautomation.com\/iwk-de\/%20%20\/wp-content\/uploads\/sites\/22\/2023\/02\/LOGO_IWK_4c_Size_2.png\",\"width\":238,\"height\":137,\"caption\":\"Innovative And Customized Manufacturing Solutions\"},\"image\":{\"@id\":\"https:\/\/vipgo.atsautomation.com\/iwk-de\/%20%20\/#\/schema\/logo\/image\/\"}}]}<\/script>\n<!-- \/ Yoast SEO Premium plugin. -->","yoast_head_json":{"title":"Vollautomatische Faltschachtelzuf\u00fchrung CFC (bis zu 450 FS\/Min.) - Innovative And Customized Manufacturing Solutions","robots":{"index":"index","follow":"follow","max-snippet":"max-snippet:-1","max-image-preview":"max-image-preview:large","max-video-preview":"max-video-preview:-1"},"canonical":"https:\/\/vipgo.atsautomation.com\/iwk-de\/  \/produkte-loesungen\/maschinen\/vollautomatische-faltschachtelzufuehrung-cfc-bis-zu-450-fs-min\/","og_locale":"de_DE","og_type":"article","og_title":"Vollautomatische Faltschachtelzuf\u00fchrung CFC (bis zu 450 FS\/Min.)","og_description":"Vollautomatische Faltschachtelzuf\u00fchrung CFC (bis zu 450 FS\/Min.) VORTEILE Vollautomatisches Kartonzuf\u00fchrsystem mit innovativer Technologie. Ein Cobot entnimmt vollautomatisch die Kartons aus dem Tray und legt diese auf das Kartonmagazin. Von der Berufsgenossenschaft f\u00fcr die Steigerung der Ergonomie empfohlen. Verwendung von Niedrigenergiekomponenten Bedienung und Formateinrichtung \u00fcber IWK HMI \u2192 keinerlei Roboterkentnisse erforderlich In Kombination mit dem IWK-Depalettierer...Read More","og_url":"https:\/\/vipgo.atsautomation.com\/iwk-de\/  \/produkte-loesungen\/maschinen\/vollautomatische-faltschachtelzufuehrung-cfc-bis-zu-450-fs-min\/","og_site_name":"Innovative And Customized Manufacturing Solutions","article_modified_time":"2022-01-17T10:25:02+00:00","og_image":[{"width":1896,"height":726,"url":"https:\/\/vipgo.atsautomation.com\/iwk-de\/%20%20\/wp-content\/uploads\/sites\/22\/2021\/01\/KARTONIERER.jpg","type":"image\/jpeg"}],"twitter_card":"summary_large_image","schema":{"@context":"https:\/\/schema.org","@graph":[{"@type":"WebPage","@id":"https:\/\/vipgo.atsautomation.com\/iwk-de\/%20%20\/produkte-loesungen\/maschinen\/vollautomatische-faltschachtelzufuehrung-cfc-bis-zu-450-fs-min\/","url":"https:\/\/vipgo.atsautomation.com\/iwk-de\/%20%20\/produkte-loesungen\/maschinen\/vollautomatische-faltschachtelzufuehrung-cfc-bis-zu-450-fs-min\/","name":"Vollautomatische Faltschachtelzuf\u00fchrung CFC (bis zu 450 FS\/Min.) - Innovative And Customized Manufacturing Solutions","isPartOf":{"@id":"https:\/\/vipgo.atsautomation.com\/iwk-de\/%20%20\/#website"},"primaryImageOfPage":{"@id":"https:\/\/vipgo.atsautomation.com\/iwk-de\/%20%20\/produkte-loesungen\/maschinen\/vollautomatische-faltschachtelzufuehrung-cfc-bis-zu-450-fs-min\/#primaryimage"},"image":{"@id":"https:\/\/vipgo.atsautomation.com\/iwk-de\/%20%20\/produkte-loesungen\/maschinen\/vollautomatische-faltschachtelzufuehrung-cfc-bis-zu-450-fs-min\/#primaryimage"},"thumbnailUrl":"https:\/\/vipgo.atsautomation.com\/iwk-de\/%20%20\/wp-content\/uploads\/sites\/22\/2021\/01\/KARTONIERER.jpg","datePublished":"2021-01-18T12:49:28+00:00","dateModified":"2022-01-17T10:25:02+00:00","breadcrumb":{"@id":"https:\/\/vipgo.atsautomation.com\/iwk-de\/%20%20\/produkte-loesungen\/maschinen\/vollautomatische-faltschachtelzufuehrung-cfc-bis-zu-450-fs-min\/#breadcrumb"},"inLanguage":"de-DE","potentialAction":[{"@type":"ReadAction","target":["https:\/\/vipgo.atsautomation.com\/iwk-de\/%20%20\/produkte-loesungen\/maschinen\/vollautomatische-faltschachtelzufuehrung-cfc-bis-zu-450-fs-min\/"]}]},{"@type":"ImageObject","inLanguage":"de-DE","@id":"https:\/\/vipgo.atsautomation.com\/iwk-de\/%20%20\/produkte-loesungen\/maschinen\/vollautomatische-faltschachtelzufuehrung-cfc-bis-zu-450-fs-min\/#primaryimage","url":"https:\/\/vipgo.atsautomation.com\/iwk-de\/%20%20\/wp-content\/uploads\/sites\/22\/2021\/01\/KARTONIERER.jpg","contentUrl":"https:\/\/vipgo.atsautomation.com\/iwk-de\/%20%20\/wp-content\/uploads\/sites\/22\/2021\/01\/KARTONIERER.jpg","width":1896,"height":726},{"@type":"BreadcrumbList","@id":"https:\/\/vipgo.atsautomation.com\/iwk-de\/%20%20\/produkte-loesungen\/maschinen\/vollautomatische-faltschachtelzufuehrung-cfc-bis-zu-450-fs-min\/#breadcrumb","itemListElement":[{"@type":"ListItem","position":1,"name":"HOME","item":"https:\/\/vipgo.atsautomation.com\/iwk-de\/%20%20\/"},{"@type":"ListItem","position":2,"name":"PRODUKTE &amp; L\u00d6SUNGEN","item":"https:\/\/vipgo.atsautomation.com\/iwk-de\/%20%20\/produkte-loesungen\/"},{"@type":"ListItem","position":3,"name":"MASCHINEN","item":"https:\/\/vipgo.atsautomation.com\/iwk-de\/%20%20\/produkte-loesungen\/maschinen\/"},{"@type":"ListItem","position":4,"name":"Vollautomatische Faltschachtelzuf\u00fchrung CFC (bis zu 450 FS\/Min.)"}]},{"@type":"WebSite","@id":"https:\/\/vipgo.atsautomation.com\/iwk-de\/%20%20\/#website","url":"https:\/\/vipgo.atsautomation.com\/iwk-de\/%20%20\/","name":"Innovative And Customized Manufacturing Solutions","description":"","publisher":{"@id":"https:\/\/vipgo.atsautomation.com\/iwk-de\/%20%20\/#organization"},"potentialAction":[{"@type":"SearchAction","target":{"@type":"EntryPoint","urlTemplate":"https:\/\/vipgo.atsautomation.com\/iwk-de\/%20%20\/?s={search_term_string}"},"query-input":{"@type":"PropertyValueSpecification","valueRequired":true,"valueName":"search_term_string"}}],"inLanguage":"de-DE"},{"@type":"Organization","@id":"https:\/\/vipgo.atsautomation.com\/iwk-de\/%20%20\/#organization","name":"Innovative And Customized Manufacturing Solutions","url":"https:\/\/vipgo.atsautomation.com\/iwk-de\/%20%20\/","logo":{"@type":"ImageObject","inLanguage":"de-DE","@id":"https:\/\/vipgo.atsautomation.com\/iwk-de\/%20%20\/#\/schema\/logo\/image\/","url":"https:\/\/vipgo.atsautomation.com\/iwk-de\/%20%20\/wp-content\/uploads\/sites\/22\/2023\/02\/LOGO_IWK_4c_Size_2.png","contentUrl":"https:\/\/vipgo.atsautomation.com\/iwk-de\/%20%20\/wp-content\/uploads\/sites\/22\/2023\/02\/LOGO_IWK_4c_Size_2.png","width":238,"height":137,"caption":"Innovative And Customized Manufacturing Solutions"},"image":{"@id":"https:\/\/vipgo.atsautomation.com\/iwk-de\/%20%20\/#\/schema\/logo\/image\/"}}]}},"jetpack_sharing_enabled":true,"_links":{"self":[{"href":"https:\/\/vipgo.atsautomation.com\/iwk-de\/%20%20\/wp-json\/wp\/v2\/pages\/3355","targetHints":{"allow":["GET"]}}],"collection":[{"href":"https:\/\/vipgo.atsautomation.com\/iwk-de\/%20%20\/wp-json\/wp\/v2\/pages"}],"about":[{"href":"https:\/\/vipgo.atsautomation.com\/iwk-de\/%20%20\/wp-json\/wp\/v2\/types\/page"}],"author":[{"embeddable":true,"href":"https:\/\/vipgo.atsautomation.com\/iwk-de\/%20%20\/wp-json\/wp\/v2\/users\/62"}],"replies":[{"embeddable":true,"href":"https:\/\/vipgo.atsautomation.com\/iwk-de\/%20%20\/wp-json\/wp\/v2\/comments?post=3355"}],"version-history":[{"count":10,"href":"https:\/\/vipgo.atsautomation.com\/iwk-de\/%20%20\/wp-json\/wp\/v2\/pages\/3355\/revisions"}],"predecessor-version":[{"id":8959,"href":"https:\/\/vipgo.atsautomation.com\/iwk-de\/%20%20\/wp-json\/wp\/v2\/pages\/3355\/revisions\/8959"}],"up":[{"embeddable":true,"href":"https:\/\/vipgo.atsautomation.com\/iwk-de\/%20%20\/wp-json\/wp\/v2\/pages\/2991"}],"wp:featuredmedia":[{"embeddable":true,"href":"https:\/\/vipgo.atsautomation.com\/iwk-de\/%20%20\/wp-json\/wp\/v2\/media\/2314"}],"wp:attachment":[{"href":"https:\/\/vipgo.atsautomation.com\/iwk-de\/%20%20\/wp-json\/wp\/v2\/media?parent=3355"}],"curies":[{"name":"wp","href":"https:\/\/api.w.org\/{rel}","templated":true}]}}