{"id":3399,"date":"2021-01-11T15:53:39","date_gmt":"2021-01-11T15:53:39","guid":{"rendered":"https:\/\/iwk.de\/?page_id=3399"},"modified":"2025-03-05T16:34:26","modified_gmt":"2025-03-05T16:34:26","slug":"maerkte-und-anwendungen","status":"publish","type":"page","link":"https:\/\/vipgo.atsautomation.com\/iwk-de\/%20%20\/produkte-loesungen\/maerkte-und-anwendungen\/","title":{"rendered":"M\u00c4RKTE UND ANWENDUNGEN"},"content":{"rendered":"<span><span><a href=\"https:\/\/vipgo.atsautomation.com\/iwk-de\/%20%20\/\">HOME<\/a><\/span><\/span>\n<h2>Produkte und L\u00f6sungen \u2013Maschinen- und Linieninstallationen<\/h2>\n<p>Die Marktsegmente Pharma und Kosmetik stellen die Hauptm\u00e4rkte dar, die von der IWK bedient werden. Hier sind wir in Teilm\u00e4rkten Weltmarktf\u00fchrer. Lebensmittel und Getr\u00e4nke stellen das dritte wesentliche Marktsegment dar.<\/p>\n<details open=\"open\">\n<summary>PHARMA<\/summary>\n<ul>\n<li>IWK ist ausgewiesener Spezialist f\u00fcr sichere Verpackung von pharmazeutischen Produkten<\/li>\n<li>Unsere Kunden profitieren von fundiertem Verst\u00e4ndnis ihrer Bed\u00fcrfnisse bei pharmazeutischen Anwendungen in Bezug auf GMP (Good Manufacturing Practice) und Maschinenqualifizierung<\/li>\n<li>IWK ist Weltmarktf\u00fchrer in Tubenabf\u00fcllung von sterilen und aseptischen Produkten<\/li>\n<\/ul>\n<p><img loading=\"lazy\" decoding=\"async\" src=\"https:\/\/iwk.de\/wp-content\/uploads\/sites\/22\/2021\/01\/pharma.jpg\" alt=\"\" width=\"250\" height=\"250\" \/><\/p>\n<\/details>\n<details open=\"open\">\n<summary>KOSMETIK<\/summary>\n<ul>\n<li>IWK ist Experte f\u00fcr das Abf\u00fcllen past\u00f6ser Kosmetika<\/li>\n<li>Wir sind f\u00fchrender Anbieter im Bereich Haarkosmetik f\u00fcr professionelle Serien sowie Endverbraucherprodukte<\/li>\n<li>IWK beherrscht das Handling von gl\u00e4nzenden und glatten Produktoberfl\u00e4chen<\/li>\n<li>Weltweit werden die meisten Zahnpastatuben auf IWK Maschinen gef\u00fcllt und verschlossen<\/li>\n<\/ul>\n<p><img loading=\"lazy\" decoding=\"async\" src=\"https:\/\/iwk.de\/wp-content\/uploads\/sites\/22\/2021\/01\/Kosmetik.jpg\" alt=\"\" width=\"250\" height=\"250\" \/><\/p>\n<\/details>\n<details open=\"open\">\n<summary>Weitere M\u00e4rkte<\/summary>\n<ul>\n<li>Sichere Verpackung von Lebensmitteln und Gew\u00e4hrleistung einer langen Haltbarkeit<\/li>\n<li>IWK Maschinen bieten Tubenabf\u00fcllung von Lebensmitteln in aseptischer Umgebung<\/li>\n<li>Eine schnelle S\u00e4uberung (Washout) des F\u00fcllsystems bei Produktwechsel ist gew\u00e4hrleistet<\/li>\n<li>Abwaschbare Tubenf\u00fcller mit Abdichtung zum Maschineninnenraum ebenfalls<\/li>\n<li>Schnelle Formatwechsel in weniger als 15 Minuten sind bei IWK Maschinen und Linien m\u00f6glich<\/li>\n<li>Tubenabf\u00fcllung von Industrieprodukten mit extrem hohen Viskosit\u00e4ten<\/li>\n<\/ul>\n<p><img loading=\"lazy\" decoding=\"async\" src=\"https:\/\/iwk.de\/wp-content\/uploads\/sites\/22\/2021\/01\/weitere-Maerkte.jpg\" alt=\"\" width=\"250\" height=\"250\" \/><\/p>\n<\/details>\n<details open=\"open\">\n<summary>Neueste Anwendung Papiertube: <a href=\"https:\/\/iwk-papertube.com\/\">Papiertube (Microsite hier anklicken)<\/a><\/summary>\n<p><img loading=\"lazy\" decoding=\"async\" src=\"https:\/\/iwk.de\/wp-content\/uploads\/sites\/22\/2023\/07\/2023-07-05_Papiertube_250x250px.png\" alt=\"\" width=\"250\" height=\"250\" \/><\/p>\n<\/details>\n<details open=\"open\">\n<summary>Neueste Anwendung Card-to-Card Blister: <a href=\"https:\/\/iwk.de\/wp-content\/uploads\/sites\/22\/2024\/06\/IWK_CABLIblue-870.pdf\">CABLIblue 870<\/a><\/summary>\n<\/details>\n<p><a href=\"https:\/\/iwk.de\/de\/produkte-loesungen\/\" target=\"_self\" rel=\"noopener\">ZUR\u00dcCK ZU \u201ePRODUKTE UND L\u00d6SUNGEN\u201c<\/a><\/p>\n","protected":false},"excerpt":{"rendered":"<p>Produkte und L\u00f6sungen \u2013Maschinen- und Linieninstallationen Die Marktsegmente Pharma und Kosmetik stellen die Hauptm\u00e4rkte dar, die von der IWK bedient werden. Hier sind wir in Teilm\u00e4rkten Weltmarktf\u00fchrer. Lebensmittel und Getr\u00e4nke stellen das dritte wesentliche Marktsegment dar. PHARMA IWK ist ausgewiesener Spezialist f\u00fcr sichere Verpackung von pharmazeutischen Produkten Unsere Kunden profitieren von fundiertem Verst\u00e4ndnis ihrer Bed\u00fcrfnisse&#8230;<\/p>\n<div class=\"post-button\"><a href=\"https:\/\/vipgo.atsautomation.com\/iwk-de\/%20%20\/produkte-loesungen\/maerkte-und-anwendungen\/\">Read More<\/a><\/div>\n","protected":false},"author":62,"featured_media":2122,"parent":3458,"menu_order":0,"comment_status":"closed","ping_status":"closed","template":"","meta":{"inline_featured_image":false,"footnotes":""},"class_list":["post-3399","page","type-page","status-publish","has-post-thumbnail","hentry"],"yoast_head":"<!-- This site is optimized with the Yoast SEO Premium plugin v26.8 (Yoast SEO v26.8) - https:\/\/yoast.com\/product\/yoast-seo-premium-wordpress\/ -->\n<title>M\u00c4RKTE UND ANWENDUNGEN - Innovative And Customized Manufacturing Solutions<\/title>\n<meta name=\"robots\" content=\"index, follow, max-snippet:-1, max-image-preview:large, max-video-preview:-1\" \/>\n<link rel=\"canonical\" href=\"https:\/\/vipgo.atsautomation.com\/iwk-de\/%20%20\/produkte-loesungen\/maerkte-und-anwendungen\/\" \/>\n<meta property=\"og:locale\" content=\"de_DE\" \/>\n<meta property=\"og:type\" content=\"article\" \/>\n<meta property=\"og:title\" content=\"M\u00c4RKTE UND ANWENDUNGEN\" \/>\n<meta property=\"og:description\" content=\"Produkte und L\u00f6sungen \u2013Maschinen- und Linieninstallationen Die Marktsegmente Pharma und Kosmetik stellen die Hauptm\u00e4rkte dar, die von der IWK bedient werden. Hier sind wir in Teilm\u00e4rkten Weltmarktf\u00fchrer. Lebensmittel und Getr\u00e4nke stellen das dritte wesentliche Marktsegment dar. PHARMA IWK ist ausgewiesener Spezialist f\u00fcr sichere Verpackung von pharmazeutischen Produkten Unsere Kunden profitieren von fundiertem Verst\u00e4ndnis ihrer Bed\u00fcrfnisse...Read More\" \/>\n<meta property=\"og:url\" content=\"https:\/\/vipgo.atsautomation.com\/iwk-de\/  \/produkte-loesungen\/maerkte-und-anwendungen\/\" \/>\n<meta property=\"og:site_name\" content=\"Innovative And Customized Manufacturing Solutions\" \/>\n<meta property=\"article:modified_time\" content=\"2025-03-05T16:34:26+00:00\" \/>\n<meta property=\"og:image\" content=\"https:\/\/vipgo.atsautomation.com\/iwk-de\/%20%20\/wp-content\/uploads\/sites\/22\/2021\/01\/Produkte-und-Losungen.jpg\" \/>\n\t<meta property=\"og:image:width\" content=\"1900\" \/>\n\t<meta property=\"og:image:height\" content=\"730\" \/>\n\t<meta property=\"og:image:type\" content=\"image\/jpeg\" \/>\n<meta name=\"twitter:card\" content=\"summary_large_image\" \/>\n<meta name=\"twitter:label1\" content=\"Gesch\u00e4tzte Lesezeit\" \/>\n\t<meta name=\"twitter:data1\" content=\"2 Minuten\" \/>\n<script type=\"application\/ld+json\" class=\"yoast-schema-graph\">{\"@context\":\"https:\/\/schema.org\",\"@graph\":[{\"@type\":\"WebPage\",\"@id\":\"https:\/\/vipgo.atsautomation.com\/iwk-de\/%20%20\/produkte-loesungen\/maerkte-und-anwendungen\/\",\"url\":\"https:\/\/vipgo.atsautomation.com\/iwk-de\/%20%20\/produkte-loesungen\/maerkte-und-anwendungen\/\",\"name\":\"M\u00c4RKTE UND ANWENDUNGEN - Innovative And Customized Manufacturing Solutions\",\"isPartOf\":{\"@id\":\"https:\/\/vipgo.atsautomation.com\/iwk-de\/%20%20\/#website\"},\"primaryImageOfPage\":{\"@id\":\"https:\/\/vipgo.atsautomation.com\/iwk-de\/%20%20\/produkte-loesungen\/maerkte-und-anwendungen\/#primaryimage\"},\"image\":{\"@id\":\"https:\/\/vipgo.atsautomation.com\/iwk-de\/%20%20\/produkte-loesungen\/maerkte-und-anwendungen\/#primaryimage\"},\"thumbnailUrl\":\"https:\/\/vipgo.atsautomation.com\/iwk-de\/%20%20\/wp-content\/uploads\/sites\/22\/2021\/01\/Produkte-und-Losungen.jpg\",\"datePublished\":\"2021-01-11T15:53:39+00:00\",\"dateModified\":\"2025-03-05T16:34:26+00:00\",\"breadcrumb\":{\"@id\":\"https:\/\/vipgo.atsautomation.com\/iwk-de\/%20%20\/produkte-loesungen\/maerkte-und-anwendungen\/#breadcrumb\"},\"inLanguage\":\"de-DE\",\"potentialAction\":[{\"@type\":\"ReadAction\",\"target\":[\"https:\/\/vipgo.atsautomation.com\/iwk-de\/%20%20\/produkte-loesungen\/maerkte-und-anwendungen\/\"]}]},{\"@type\":\"ImageObject\",\"inLanguage\":\"de-DE\",\"@id\":\"https:\/\/vipgo.atsautomation.com\/iwk-de\/%20%20\/produkte-loesungen\/maerkte-und-anwendungen\/#primaryimage\",\"url\":\"https:\/\/vipgo.atsautomation.com\/iwk-de\/%20%20\/wp-content\/uploads\/sites\/22\/2021\/01\/Produkte-und-Losungen.jpg\",\"contentUrl\":\"https:\/\/vipgo.atsautomation.com\/iwk-de\/%20%20\/wp-content\/uploads\/sites\/22\/2021\/01\/Produkte-und-Losungen.jpg\",\"width\":1900,\"height\":730},{\"@type\":\"BreadcrumbList\",\"@id\":\"https:\/\/vipgo.atsautomation.com\/iwk-de\/%20%20\/produkte-loesungen\/maerkte-und-anwendungen\/#breadcrumb\",\"itemListElement\":[{\"@type\":\"ListItem\",\"position\":1,\"name\":\"HOME\",\"item\":\"https:\/\/vipgo.atsautomation.com\/iwk-de\/%20%20\/\"},{\"@type\":\"ListItem\",\"position\":2,\"name\":\"PRODUKTE &amp; L\u00d6SUNGEN\",\"item\":\"https:\/\/vipgo.atsautomation.com\/iwk-de\/%20%20\/produkte-loesungen\/\"},{\"@type\":\"ListItem\",\"position\":3,\"name\":\"M\u00c4RKTE UND ANWENDUNGEN\"}]},{\"@type\":\"WebSite\",\"@id\":\"https:\/\/vipgo.atsautomation.com\/iwk-de\/%20%20\/#website\",\"url\":\"https:\/\/vipgo.atsautomation.com\/iwk-de\/%20%20\/\",\"name\":\"Innovative And Customized Manufacturing Solutions\",\"description\":\"\",\"publisher\":{\"@id\":\"https:\/\/vipgo.atsautomation.com\/iwk-de\/%20%20\/#organization\"},\"potentialAction\":[{\"@type\":\"SearchAction\",\"target\":{\"@type\":\"EntryPoint\",\"urlTemplate\":\"https:\/\/vipgo.atsautomation.com\/iwk-de\/%20%20\/?s={search_term_string}\"},\"query-input\":{\"@type\":\"PropertyValueSpecification\",\"valueRequired\":true,\"valueName\":\"search_term_string\"}}],\"inLanguage\":\"de-DE\"},{\"@type\":\"Organization\",\"@id\":\"https:\/\/vipgo.atsautomation.com\/iwk-de\/%20%20\/#organization\",\"name\":\"Innovative And Customized Manufacturing Solutions\",\"url\":\"https:\/\/vipgo.atsautomation.com\/iwk-de\/%20%20\/\",\"logo\":{\"@type\":\"ImageObject\",\"inLanguage\":\"de-DE\",\"@id\":\"https:\/\/vipgo.atsautomation.com\/iwk-de\/%20%20\/#\/schema\/logo\/image\/\",\"url\":\"https:\/\/vipgo.atsautomation.com\/iwk-de\/%20%20\/wp-content\/uploads\/sites\/22\/2023\/02\/LOGO_IWK_4c_Size_2.png\",\"contentUrl\":\"https:\/\/vipgo.atsautomation.com\/iwk-de\/%20%20\/wp-content\/uploads\/sites\/22\/2023\/02\/LOGO_IWK_4c_Size_2.png\",\"width\":238,\"height\":137,\"caption\":\"Innovative And Customized Manufacturing Solutions\"},\"image\":{\"@id\":\"https:\/\/vipgo.atsautomation.com\/iwk-de\/%20%20\/#\/schema\/logo\/image\/\"}}]}<\/script>\n<!-- \/ Yoast SEO Premium plugin. -->","yoast_head_json":{"title":"M\u00c4RKTE UND ANWENDUNGEN - Innovative And Customized Manufacturing Solutions","robots":{"index":"index","follow":"follow","max-snippet":"max-snippet:-1","max-image-preview":"max-image-preview:large","max-video-preview":"max-video-preview:-1"},"canonical":"https:\/\/vipgo.atsautomation.com\/iwk-de\/  \/produkte-loesungen\/maerkte-und-anwendungen\/","og_locale":"de_DE","og_type":"article","og_title":"M\u00c4RKTE UND ANWENDUNGEN","og_description":"Produkte und L\u00f6sungen \u2013Maschinen- und Linieninstallationen Die Marktsegmente Pharma und Kosmetik stellen die Hauptm\u00e4rkte dar, die von der IWK bedient werden. Hier sind wir in Teilm\u00e4rkten Weltmarktf\u00fchrer. Lebensmittel und Getr\u00e4nke stellen das dritte wesentliche Marktsegment dar. PHARMA IWK ist ausgewiesener Spezialist f\u00fcr sichere Verpackung von pharmazeutischen Produkten Unsere Kunden profitieren von fundiertem Verst\u00e4ndnis ihrer Bed\u00fcrfnisse...Read More","og_url":"https:\/\/vipgo.atsautomation.com\/iwk-de\/  \/produkte-loesungen\/maerkte-und-anwendungen\/","og_site_name":"Innovative And Customized Manufacturing Solutions","article_modified_time":"2025-03-05T16:34:26+00:00","og_image":[{"width":1900,"height":730,"url":"https:\/\/vipgo.atsautomation.com\/iwk-de\/%20%20\/wp-content\/uploads\/sites\/22\/2021\/01\/Produkte-und-Losungen.jpg","type":"image\/jpeg"}],"twitter_card":"summary_large_image","twitter_misc":{"Gesch\u00e4tzte Lesezeit":"2 Minuten"},"schema":{"@context":"https:\/\/schema.org","@graph":[{"@type":"WebPage","@id":"https:\/\/vipgo.atsautomation.com\/iwk-de\/%20%20\/produkte-loesungen\/maerkte-und-anwendungen\/","url":"https:\/\/vipgo.atsautomation.com\/iwk-de\/%20%20\/produkte-loesungen\/maerkte-und-anwendungen\/","name":"M\u00c4RKTE UND ANWENDUNGEN - Innovative And Customized Manufacturing Solutions","isPartOf":{"@id":"https:\/\/vipgo.atsautomation.com\/iwk-de\/%20%20\/#website"},"primaryImageOfPage":{"@id":"https:\/\/vipgo.atsautomation.com\/iwk-de\/%20%20\/produkte-loesungen\/maerkte-und-anwendungen\/#primaryimage"},"image":{"@id":"https:\/\/vipgo.atsautomation.com\/iwk-de\/%20%20\/produkte-loesungen\/maerkte-und-anwendungen\/#primaryimage"},"thumbnailUrl":"https:\/\/vipgo.atsautomation.com\/iwk-de\/%20%20\/wp-content\/uploads\/sites\/22\/2021\/01\/Produkte-und-Losungen.jpg","datePublished":"2021-01-11T15:53:39+00:00","dateModified":"2025-03-05T16:34:26+00:00","breadcrumb":{"@id":"https:\/\/vipgo.atsautomation.com\/iwk-de\/%20%20\/produkte-loesungen\/maerkte-und-anwendungen\/#breadcrumb"},"inLanguage":"de-DE","potentialAction":[{"@type":"ReadAction","target":["https:\/\/vipgo.atsautomation.com\/iwk-de\/%20%20\/produkte-loesungen\/maerkte-und-anwendungen\/"]}]},{"@type":"ImageObject","inLanguage":"de-DE","@id":"https:\/\/vipgo.atsautomation.com\/iwk-de\/%20%20\/produkte-loesungen\/maerkte-und-anwendungen\/#primaryimage","url":"https:\/\/vipgo.atsautomation.com\/iwk-de\/%20%20\/wp-content\/uploads\/sites\/22\/2021\/01\/Produkte-und-Losungen.jpg","contentUrl":"https:\/\/vipgo.atsautomation.com\/iwk-de\/%20%20\/wp-content\/uploads\/sites\/22\/2021\/01\/Produkte-und-Losungen.jpg","width":1900,"height":730},{"@type":"BreadcrumbList","@id":"https:\/\/vipgo.atsautomation.com\/iwk-de\/%20%20\/produkte-loesungen\/maerkte-und-anwendungen\/#breadcrumb","itemListElement":[{"@type":"ListItem","position":1,"name":"HOME","item":"https:\/\/vipgo.atsautomation.com\/iwk-de\/%20%20\/"},{"@type":"ListItem","position":2,"name":"PRODUKTE &amp; L\u00d6SUNGEN","item":"https:\/\/vipgo.atsautomation.com\/iwk-de\/%20%20\/produkte-loesungen\/"},{"@type":"ListItem","position":3,"name":"M\u00c4RKTE UND ANWENDUNGEN"}]},{"@type":"WebSite","@id":"https:\/\/vipgo.atsautomation.com\/iwk-de\/%20%20\/#website","url":"https:\/\/vipgo.atsautomation.com\/iwk-de\/%20%20\/","name":"Innovative And Customized Manufacturing Solutions","description":"","publisher":{"@id":"https:\/\/vipgo.atsautomation.com\/iwk-de\/%20%20\/#organization"},"potentialAction":[{"@type":"SearchAction","target":{"@type":"EntryPoint","urlTemplate":"https:\/\/vipgo.atsautomation.com\/iwk-de\/%20%20\/?s={search_term_string}"},"query-input":{"@type":"PropertyValueSpecification","valueRequired":true,"valueName":"search_term_string"}}],"inLanguage":"de-DE"},{"@type":"Organization","@id":"https:\/\/vipgo.atsautomation.com\/iwk-de\/%20%20\/#organization","name":"Innovative And Customized Manufacturing Solutions","url":"https:\/\/vipgo.atsautomation.com\/iwk-de\/%20%20\/","logo":{"@type":"ImageObject","inLanguage":"de-DE","@id":"https:\/\/vipgo.atsautomation.com\/iwk-de\/%20%20\/#\/schema\/logo\/image\/","url":"https:\/\/vipgo.atsautomation.com\/iwk-de\/%20%20\/wp-content\/uploads\/sites\/22\/2023\/02\/LOGO_IWK_4c_Size_2.png","contentUrl":"https:\/\/vipgo.atsautomation.com\/iwk-de\/%20%20\/wp-content\/uploads\/sites\/22\/2023\/02\/LOGO_IWK_4c_Size_2.png","width":238,"height":137,"caption":"Innovative And Customized Manufacturing Solutions"},"image":{"@id":"https:\/\/vipgo.atsautomation.com\/iwk-de\/%20%20\/#\/schema\/logo\/image\/"}}]}},"jetpack_sharing_enabled":true,"_links":{"self":[{"href":"https:\/\/vipgo.atsautomation.com\/iwk-de\/%20%20\/wp-json\/wp\/v2\/pages\/3399","targetHints":{"allow":["GET"]}}],"collection":[{"href":"https:\/\/vipgo.atsautomation.com\/iwk-de\/%20%20\/wp-json\/wp\/v2\/pages"}],"about":[{"href":"https:\/\/vipgo.atsautomation.com\/iwk-de\/%20%20\/wp-json\/wp\/v2\/types\/page"}],"author":[{"embeddable":true,"href":"https:\/\/vipgo.atsautomation.com\/iwk-de\/%20%20\/wp-json\/wp\/v2\/users\/62"}],"replies":[{"embeddable":true,"href":"https:\/\/vipgo.atsautomation.com\/iwk-de\/%20%20\/wp-json\/wp\/v2\/comments?post=3399"}],"version-history":[{"count":21,"href":"https:\/\/vipgo.atsautomation.com\/iwk-de\/%20%20\/wp-json\/wp\/v2\/pages\/3399\/revisions"}],"predecessor-version":[{"id":11505,"href":"https:\/\/vipgo.atsautomation.com\/iwk-de\/%20%20\/wp-json\/wp\/v2\/pages\/3399\/revisions\/11505"}],"up":[{"embeddable":true,"href":"https:\/\/vipgo.atsautomation.com\/iwk-de\/%20%20\/wp-json\/wp\/v2\/pages\/3458"}],"wp:featuredmedia":[{"embeddable":true,"href":"https:\/\/vipgo.atsautomation.com\/iwk-de\/%20%20\/wp-json\/wp\/v2\/media\/2122"}],"wp:attachment":[{"href":"https:\/\/vipgo.atsautomation.com\/iwk-de\/%20%20\/wp-json\/wp\/v2\/media?parent=3399"}],"curies":[{"name":"wp","href":"https:\/\/api.w.org\/{rel}","templated":true}]}}