{"id":3404,"date":"2021-01-07T19:13:10","date_gmt":"2021-01-07T19:13:10","guid":{"rendered":"https:\/\/iwk.de\/?page_id=3404"},"modified":"2021-02-26T14:28:34","modified_gmt":"2021-02-26T14:28:34","slug":"qualifizierung","status":"publish","type":"page","link":"https:\/\/vipgo.atsautomation.com\/iwk-de\/%20%20\/beratung\/qualifizierung\/","title":{"rendered":"QUALIFIZIERUNG"},"content":{"rendered":"<div class=\"home-main row\">\n<span><span><a href=\"https:\/\/vipgo.atsautomation.com\/iwk-de\/%20%20\/\">HOME<\/a><\/span><\/span><\/p>\n<h2>Mit den Qualifizierungsingenieuren der IWK haben sie einen starken Partner an ihrer Seite.<\/h2>\n<p>Seit \u00fcber 20 Jahren unterst\u00fctzt unsere Gruppe von Qualifizierungsingenieuren unsere Kunden mit speziell auf ihre Anlage angepassten Dokumenten zur Validierung.<br \/>\nUnsere verschiedenen Qualifizierungspakete decken ihren Bedarf in einer einfach skalierbaren Weise ab.<\/p>\n<div class=\"list-style\">\n<ul>\n<li>Spezifikationen ihrer Anlage (DQ)<\/li>\n<li>GMP-Risikoanalysen<\/li>\n<li>Testprotokolle f\u00fcr IQ und OQ<\/li>\n<li>Traceability Matrix<\/li>\n<\/ul>\n<\/div>\n<p>Gerne passen wir den Umfang gem\u00e4\u00df GAMP 5 auf ihren individuellen Bedarf an oder f\u00fchren mit Ihnen gemeinsame Risikoanalysen durch um ihren Bedarf zu ermitteln.<br \/>\nWir stehen ihnen selbstverst\u00e4ndlich auch zur Verf\u00fcgung, wenn ihre Anlage schon in Betrieb ist und der validierte Zustand aufrechterhalten werden muss.<\/p>\n<div class=\"list-style\">\n<ul>\n<li>\u00c4nderungsprotokolle bei kleinen Softwareanpassungen<\/li>\n<li>Requalifizierung bei Umbauten oder System\u00e4nderungen<\/li>\n<li>Neuqualifizierung \u00e4lterer Anlagen nach Umr\u00fcstung auf neue Hardware\/Software<\/li>\n<\/ul>\n<p>Bei allen erforderlichen Phasen stehen unsere geschulten Servicetechniker zur Verf\u00fcgung um Sie bei der Durchf\u00fchrung der Qualifizierung zu unterst\u00fctzen.<\/p>\n<\/div>\n<p><a class=\"backLink\" href=\"https:\/\/iwk.de\/de\/en\/beratung\/\" target=\"_self\" rel=\"noopener\">ZUR\u00dcCK ZU \u201eBERATUNG\u201c<\/a><\/p>\n<\/div>\n","protected":false},"excerpt":{"rendered":"<p>Mit den Qualifizierungsingenieuren der IWK haben sie einen starken Partner an ihrer Seite. Seit \u00fcber 20 Jahren unterst\u00fctzt unsere Gruppe von Qualifizierungsingenieuren unsere Kunden mit speziell auf ihre Anlage angepassten Dokumenten zur Validierung. Unsere verschiedenen Qualifizierungspakete decken ihren Bedarf in einer einfach skalierbaren Weise ab. Spezifikationen ihrer Anlage (DQ) GMP-Risikoanalysen Testprotokolle f\u00fcr IQ und OQ&#8230;<\/p>\n<div class=\"post-button\"><a href=\"https:\/\/vipgo.atsautomation.com\/iwk-de\/%20%20\/beratung\/qualifizierung\/\">Read More<\/a><\/div>\n","protected":false},"author":62,"featured_media":2084,"parent":2909,"menu_order":0,"comment_status":"closed","ping_status":"closed","template":"","meta":{"inline_featured_image":false,"footnotes":""},"class_list":["post-3404","page","type-page","status-publish","has-post-thumbnail","hentry"],"yoast_head":"<!-- This site is optimized with the Yoast SEO Premium plugin v26.8 (Yoast SEO v26.8) - https:\/\/yoast.com\/product\/yoast-seo-premium-wordpress\/ -->\n<title>QUALIFIZIERUNG - Innovative And Customized Manufacturing Solutions<\/title>\n<meta name=\"robots\" content=\"index, follow, max-snippet:-1, max-image-preview:large, max-video-preview:-1\" \/>\n<link rel=\"canonical\" href=\"https:\/\/vipgo.atsautomation.com\/iwk-de\/%20%20\/beratung\/qualifizierung\/\" \/>\n<meta property=\"og:locale\" content=\"de_DE\" \/>\n<meta property=\"og:type\" content=\"article\" \/>\n<meta property=\"og:title\" content=\"QUALIFIZIERUNG\" \/>\n<meta property=\"og:description\" content=\"Mit den Qualifizierungsingenieuren der IWK haben sie einen starken Partner an ihrer Seite. Seit \u00fcber 20 Jahren unterst\u00fctzt unsere Gruppe von Qualifizierungsingenieuren unsere Kunden mit speziell auf ihre Anlage angepassten Dokumenten zur Validierung. Unsere verschiedenen Qualifizierungspakete decken ihren Bedarf in einer einfach skalierbaren Weise ab. Spezifikationen ihrer Anlage (DQ) GMP-Risikoanalysen Testprotokolle f\u00fcr IQ und OQ...Read More\" \/>\n<meta property=\"og:url\" content=\"https:\/\/vipgo.atsautomation.com\/iwk-de\/  \/beratung\/qualifizierung\/\" \/>\n<meta property=\"og:site_name\" content=\"Innovative And Customized Manufacturing Solutions\" \/>\n<meta property=\"article:modified_time\" content=\"2021-02-26T14:28:34+00:00\" \/>\n<meta property=\"og:image\" content=\"https:\/\/vipgo.atsautomation.com\/iwk-de\/%20%20\/wp-content\/uploads\/sites\/22\/2021\/01\/consulting.jpg\" \/>\n\t<meta property=\"og:image:width\" content=\"1899\" \/>\n\t<meta property=\"og:image:height\" content=\"724\" \/>\n\t<meta property=\"og:image:type\" content=\"image\/jpeg\" \/>\n<meta name=\"twitter:card\" content=\"summary_large_image\" \/>\n<meta name=\"twitter:label1\" content=\"Gesch\u00e4tzte Lesezeit\" \/>\n\t<meta name=\"twitter:data1\" content=\"1 Minute\" \/>\n<script type=\"application\/ld+json\" class=\"yoast-schema-graph\">{\"@context\":\"https:\/\/schema.org\",\"@graph\":[{\"@type\":\"WebPage\",\"@id\":\"https:\/\/vipgo.atsautomation.com\/iwk-de\/%20%20\/beratung\/qualifizierung\/\",\"url\":\"https:\/\/vipgo.atsautomation.com\/iwk-de\/%20%20\/beratung\/qualifizierung\/\",\"name\":\"QUALIFIZIERUNG - Innovative And Customized Manufacturing Solutions\",\"isPartOf\":{\"@id\":\"https:\/\/vipgo.atsautomation.com\/iwk-de\/%20%20\/#website\"},\"primaryImageOfPage\":{\"@id\":\"https:\/\/vipgo.atsautomation.com\/iwk-de\/%20%20\/beratung\/qualifizierung\/#primaryimage\"},\"image\":{\"@id\":\"https:\/\/vipgo.atsautomation.com\/iwk-de\/%20%20\/beratung\/qualifizierung\/#primaryimage\"},\"thumbnailUrl\":\"https:\/\/vipgo.atsautomation.com\/iwk-de\/%20%20\/wp-content\/uploads\/sites\/22\/2021\/01\/consulting.jpg\",\"datePublished\":\"2021-01-07T19:13:10+00:00\",\"dateModified\":\"2021-02-26T14:28:34+00:00\",\"breadcrumb\":{\"@id\":\"https:\/\/vipgo.atsautomation.com\/iwk-de\/%20%20\/beratung\/qualifizierung\/#breadcrumb\"},\"inLanguage\":\"de-DE\",\"potentialAction\":[{\"@type\":\"ReadAction\",\"target\":[\"https:\/\/vipgo.atsautomation.com\/iwk-de\/%20%20\/beratung\/qualifizierung\/\"]}]},{\"@type\":\"ImageObject\",\"inLanguage\":\"de-DE\",\"@id\":\"https:\/\/vipgo.atsautomation.com\/iwk-de\/%20%20\/beratung\/qualifizierung\/#primaryimage\",\"url\":\"https:\/\/vipgo.atsautomation.com\/iwk-de\/%20%20\/wp-content\/uploads\/sites\/22\/2021\/01\/consulting.jpg\",\"contentUrl\":\"https:\/\/vipgo.atsautomation.com\/iwk-de\/%20%20\/wp-content\/uploads\/sites\/22\/2021\/01\/consulting.jpg\",\"width\":1899,\"height\":724},{\"@type\":\"BreadcrumbList\",\"@id\":\"https:\/\/vipgo.atsautomation.com\/iwk-de\/%20%20\/beratung\/qualifizierung\/#breadcrumb\",\"itemListElement\":[{\"@type\":\"ListItem\",\"position\":1,\"name\":\"HOME\",\"item\":\"https:\/\/vipgo.atsautomation.com\/iwk-de\/%20%20\/\"},{\"@type\":\"ListItem\",\"position\":2,\"name\":\"BERATUNG\",\"item\":\"https:\/\/vipgo.atsautomation.com\/iwk-de\/%20%20\/beratung\/\"},{\"@type\":\"ListItem\",\"position\":3,\"name\":\"QUALIFIZIERUNG\"}]},{\"@type\":\"WebSite\",\"@id\":\"https:\/\/vipgo.atsautomation.com\/iwk-de\/%20%20\/#website\",\"url\":\"https:\/\/vipgo.atsautomation.com\/iwk-de\/%20%20\/\",\"name\":\"Innovative And Customized Manufacturing Solutions\",\"description\":\"\",\"publisher\":{\"@id\":\"https:\/\/vipgo.atsautomation.com\/iwk-de\/%20%20\/#organization\"},\"potentialAction\":[{\"@type\":\"SearchAction\",\"target\":{\"@type\":\"EntryPoint\",\"urlTemplate\":\"https:\/\/vipgo.atsautomation.com\/iwk-de\/%20%20\/?s={search_term_string}\"},\"query-input\":{\"@type\":\"PropertyValueSpecification\",\"valueRequired\":true,\"valueName\":\"search_term_string\"}}],\"inLanguage\":\"de-DE\"},{\"@type\":\"Organization\",\"@id\":\"https:\/\/vipgo.atsautomation.com\/iwk-de\/%20%20\/#organization\",\"name\":\"Innovative And Customized Manufacturing Solutions\",\"url\":\"https:\/\/vipgo.atsautomation.com\/iwk-de\/%20%20\/\",\"logo\":{\"@type\":\"ImageObject\",\"inLanguage\":\"de-DE\",\"@id\":\"https:\/\/vipgo.atsautomation.com\/iwk-de\/%20%20\/#\/schema\/logo\/image\/\",\"url\":\"https:\/\/vipgo.atsautomation.com\/iwk-de\/%20%20\/wp-content\/uploads\/sites\/22\/2023\/02\/LOGO_IWK_4c_Size_2.png\",\"contentUrl\":\"https:\/\/vipgo.atsautomation.com\/iwk-de\/%20%20\/wp-content\/uploads\/sites\/22\/2023\/02\/LOGO_IWK_4c_Size_2.png\",\"width\":238,\"height\":137,\"caption\":\"Innovative And Customized Manufacturing Solutions\"},\"image\":{\"@id\":\"https:\/\/vipgo.atsautomation.com\/iwk-de\/%20%20\/#\/schema\/logo\/image\/\"}}]}<\/script>\n<!-- \/ Yoast SEO Premium plugin. -->","yoast_head_json":{"title":"QUALIFIZIERUNG - Innovative And Customized Manufacturing Solutions","robots":{"index":"index","follow":"follow","max-snippet":"max-snippet:-1","max-image-preview":"max-image-preview:large","max-video-preview":"max-video-preview:-1"},"canonical":"https:\/\/vipgo.atsautomation.com\/iwk-de\/  \/beratung\/qualifizierung\/","og_locale":"de_DE","og_type":"article","og_title":"QUALIFIZIERUNG","og_description":"Mit den Qualifizierungsingenieuren der IWK haben sie einen starken Partner an ihrer Seite. Seit \u00fcber 20 Jahren unterst\u00fctzt unsere Gruppe von Qualifizierungsingenieuren unsere Kunden mit speziell auf ihre Anlage angepassten Dokumenten zur Validierung. Unsere verschiedenen Qualifizierungspakete decken ihren Bedarf in einer einfach skalierbaren Weise ab. Spezifikationen ihrer Anlage (DQ) GMP-Risikoanalysen Testprotokolle f\u00fcr IQ und OQ...Read More","og_url":"https:\/\/vipgo.atsautomation.com\/iwk-de\/  \/beratung\/qualifizierung\/","og_site_name":"Innovative And Customized Manufacturing Solutions","article_modified_time":"2021-02-26T14:28:34+00:00","og_image":[{"width":1899,"height":724,"url":"https:\/\/vipgo.atsautomation.com\/iwk-de\/%20%20\/wp-content\/uploads\/sites\/22\/2021\/01\/consulting.jpg","type":"image\/jpeg"}],"twitter_card":"summary_large_image","twitter_misc":{"Gesch\u00e4tzte Lesezeit":"1 Minute"},"schema":{"@context":"https:\/\/schema.org","@graph":[{"@type":"WebPage","@id":"https:\/\/vipgo.atsautomation.com\/iwk-de\/%20%20\/beratung\/qualifizierung\/","url":"https:\/\/vipgo.atsautomation.com\/iwk-de\/%20%20\/beratung\/qualifizierung\/","name":"QUALIFIZIERUNG - Innovative And Customized Manufacturing Solutions","isPartOf":{"@id":"https:\/\/vipgo.atsautomation.com\/iwk-de\/%20%20\/#website"},"primaryImageOfPage":{"@id":"https:\/\/vipgo.atsautomation.com\/iwk-de\/%20%20\/beratung\/qualifizierung\/#primaryimage"},"image":{"@id":"https:\/\/vipgo.atsautomation.com\/iwk-de\/%20%20\/beratung\/qualifizierung\/#primaryimage"},"thumbnailUrl":"https:\/\/vipgo.atsautomation.com\/iwk-de\/%20%20\/wp-content\/uploads\/sites\/22\/2021\/01\/consulting.jpg","datePublished":"2021-01-07T19:13:10+00:00","dateModified":"2021-02-26T14:28:34+00:00","breadcrumb":{"@id":"https:\/\/vipgo.atsautomation.com\/iwk-de\/%20%20\/beratung\/qualifizierung\/#breadcrumb"},"inLanguage":"de-DE","potentialAction":[{"@type":"ReadAction","target":["https:\/\/vipgo.atsautomation.com\/iwk-de\/%20%20\/beratung\/qualifizierung\/"]}]},{"@type":"ImageObject","inLanguage":"de-DE","@id":"https:\/\/vipgo.atsautomation.com\/iwk-de\/%20%20\/beratung\/qualifizierung\/#primaryimage","url":"https:\/\/vipgo.atsautomation.com\/iwk-de\/%20%20\/wp-content\/uploads\/sites\/22\/2021\/01\/consulting.jpg","contentUrl":"https:\/\/vipgo.atsautomation.com\/iwk-de\/%20%20\/wp-content\/uploads\/sites\/22\/2021\/01\/consulting.jpg","width":1899,"height":724},{"@type":"BreadcrumbList","@id":"https:\/\/vipgo.atsautomation.com\/iwk-de\/%20%20\/beratung\/qualifizierung\/#breadcrumb","itemListElement":[{"@type":"ListItem","position":1,"name":"HOME","item":"https:\/\/vipgo.atsautomation.com\/iwk-de\/%20%20\/"},{"@type":"ListItem","position":2,"name":"BERATUNG","item":"https:\/\/vipgo.atsautomation.com\/iwk-de\/%20%20\/beratung\/"},{"@type":"ListItem","position":3,"name":"QUALIFIZIERUNG"}]},{"@type":"WebSite","@id":"https:\/\/vipgo.atsautomation.com\/iwk-de\/%20%20\/#website","url":"https:\/\/vipgo.atsautomation.com\/iwk-de\/%20%20\/","name":"Innovative And Customized Manufacturing Solutions","description":"","publisher":{"@id":"https:\/\/vipgo.atsautomation.com\/iwk-de\/%20%20\/#organization"},"potentialAction":[{"@type":"SearchAction","target":{"@type":"EntryPoint","urlTemplate":"https:\/\/vipgo.atsautomation.com\/iwk-de\/%20%20\/?s={search_term_string}"},"query-input":{"@type":"PropertyValueSpecification","valueRequired":true,"valueName":"search_term_string"}}],"inLanguage":"de-DE"},{"@type":"Organization","@id":"https:\/\/vipgo.atsautomation.com\/iwk-de\/%20%20\/#organization","name":"Innovative And Customized Manufacturing Solutions","url":"https:\/\/vipgo.atsautomation.com\/iwk-de\/%20%20\/","logo":{"@type":"ImageObject","inLanguage":"de-DE","@id":"https:\/\/vipgo.atsautomation.com\/iwk-de\/%20%20\/#\/schema\/logo\/image\/","url":"https:\/\/vipgo.atsautomation.com\/iwk-de\/%20%20\/wp-content\/uploads\/sites\/22\/2023\/02\/LOGO_IWK_4c_Size_2.png","contentUrl":"https:\/\/vipgo.atsautomation.com\/iwk-de\/%20%20\/wp-content\/uploads\/sites\/22\/2023\/02\/LOGO_IWK_4c_Size_2.png","width":238,"height":137,"caption":"Innovative And Customized Manufacturing Solutions"},"image":{"@id":"https:\/\/vipgo.atsautomation.com\/iwk-de\/%20%20\/#\/schema\/logo\/image\/"}}]}},"jetpack_sharing_enabled":true,"_links":{"self":[{"href":"https:\/\/vipgo.atsautomation.com\/iwk-de\/%20%20\/wp-json\/wp\/v2\/pages\/3404","targetHints":{"allow":["GET"]}}],"collection":[{"href":"https:\/\/vipgo.atsautomation.com\/iwk-de\/%20%20\/wp-json\/wp\/v2\/pages"}],"about":[{"href":"https:\/\/vipgo.atsautomation.com\/iwk-de\/%20%20\/wp-json\/wp\/v2\/types\/page"}],"author":[{"embeddable":true,"href":"https:\/\/vipgo.atsautomation.com\/iwk-de\/%20%20\/wp-json\/wp\/v2\/users\/62"}],"replies":[{"embeddable":true,"href":"https:\/\/vipgo.atsautomation.com\/iwk-de\/%20%20\/wp-json\/wp\/v2\/comments?post=3404"}],"version-history":[{"count":3,"href":"https:\/\/vipgo.atsautomation.com\/iwk-de\/%20%20\/wp-json\/wp\/v2\/pages\/3404\/revisions"}],"predecessor-version":[{"id":5198,"href":"https:\/\/vipgo.atsautomation.com\/iwk-de\/%20%20\/wp-json\/wp\/v2\/pages\/3404\/revisions\/5198"}],"up":[{"embeddable":true,"href":"https:\/\/vipgo.atsautomation.com\/iwk-de\/%20%20\/wp-json\/wp\/v2\/pages\/2909"}],"wp:featuredmedia":[{"embeddable":true,"href":"https:\/\/vipgo.atsautomation.com\/iwk-de\/%20%20\/wp-json\/wp\/v2\/media\/2084"}],"wp:attachment":[{"href":"https:\/\/vipgo.atsautomation.com\/iwk-de\/%20%20\/wp-json\/wp\/v2\/media?parent=3404"}],"curies":[{"name":"wp","href":"https:\/\/api.w.org\/{rel}","templated":true}]}}