{"id":3425,"date":"2021-01-11T19:32:35","date_gmt":"2021-01-11T19:32:35","guid":{"rendered":"https:\/\/iwk.de\/?page_id=3425"},"modified":"2021-12-09T14:34:37","modified_gmt":"2021-12-09T14:34:37","slug":"technologien","status":"publish","type":"page","link":"https:\/\/vipgo.atsautomation.com\/iwk-de\/%20%20\/service-de\/technologien\/","title":{"rendered":"TECHNOLOGIEN"},"content":{"rendered":"<div class=\"glance-second\">\n<div class=\"home-main row\"><span><span><a href=\"https:\/\/vipgo.atsautomation.com\/iwk-de\/%20%20\/\">HOME<\/a><\/span><\/span><\/p>\n<details>\n<summary>UMBAUTEN UND UPGRADES<\/summary>\n<div class=\"faq__content\">\n<h4>Umbauten<\/h4>\n<ul>\n<li>Erh\u00f6hte Anlagenflexibilit\u00e4t durch Erweiterung der Produktpalette und Packungsformate<\/li>\n<li>Bereitstellen neuer Bauteile und Werkzeuge f\u00fcr neue Packungsformate und Packungsgr\u00f6\u00dfen<\/li>\n<li>Umsetzen aller notwendigen Anpassungen an den Anlagen (bspw. dem Hauptantrieb)<\/li>\n<li>Durchf\u00fchren von Testl\u00e4ufen mit neuem Verpackungsmaterial zur Sicherstellung der Produktionsgeschwindigkeit<\/li>\n<\/ul>\n<h4>Upgrades<\/h4>\n<p>Funktionserweiterungen an bestehenden Anlagen (bspw. Austausch des vorhandenen mechanischen Hauptantriebs durch einen Servomotor).<\/p>\n<ul>\n<li>\u00c4nderungen der Ausstattung durch die IWK<\/li>\n<li>Technische Upgrades entsprechen den Kundenspezifikationen<\/li>\n<li>\u00c4nderungen entsprechen den CE-Zertifizierungsanforderungen (falls erforderlich)<\/li>\n<li>Maschinenspezifische Dokumentation von Umbauteilen \/ \u00c4nderungen<\/li>\n<li>OEM-Garantie f\u00fcr alle technologischen Verbesserungen<\/li>\n<li>Voller Service-Support wie bei neuen Maschinen\n<ul>\n<li>Inbetriebnahme und Schulung wie bei einer Neumaschine<\/li>\n<li>Ersatzteilversorgung f\u00fcr mindestens 10 Jahre garantiert<\/li>\n<\/ul>\n<li>Keine Kompromisse bei der Qualit\u00e4t<\/li>\n<\/li>\n<\/ul>\n<p><a class=\"downloadLink\" href=\"https:\/\/iwk.de\/wp-content\/uploads\/sites\/22\/2021\/12\/2021-12-07-IWK_SERVICE_Upgrade_Catalogue.pdf\" target=\"_blank\" rel=\"noopener\">Mehr dazu in unserem Umbauten Katalog<\/a><\/p>\n<\/div>\n<\/details>\n<details>\n<summary>OBSOLESCENCE MANAGEMENT<\/summary>\n<div class=\"faq__content\">\n<p>Das Obsolescence Management der IWK sorgt daf\u00fcr, dass die seit vielen Jahren laufende Verpackungsmaschine auch in Zukunft weiter H\u00f6chstleistungen vollbringt. Mit unseren individuellen und kundenspezifischen Steuerungs-Upgrades wird die Lebensdauer Ihrer Anlage verl\u00e4ngert und zugleich sichergestellt, dass ben\u00f6tigte Ersatzteile auch in Zukunft innerhalb k\u00fcrzester Zeit verf\u00fcgbar sind. \u00c4ltere Maschinen fit f\u00fcr neue Herausforderungen \u2013 mit Upgrades der neuesten Generation.<\/p>\n<h4>Ihre Vorteile:<\/h4>\n<ul>\n<li>Verl\u00e4ngerung der Lebensdauer Ihrer Maschine<\/li>\n<li>Minimierung des Produktionsausfallrisikos<\/li>\n<li>Sicherung der Ersatzteilverf\u00fcgbarkeit<\/li>\n<li>Aktuelle Steuerungs- und Sicherheitstechnologien mit neuen Funktionen<\/li>\n<li>Erweiterung der Maschinenfunktionalit\u00e4t<\/li>\n<li>Bereitstellung der Originalherstellerdokumentation<\/li>\n<li>Unterst\u00fctzung bei der Qualifizierung<\/li>\n<\/ul>\n<h4>Vorgehensweise:<\/h4>\n<p><img loading=\"lazy\" decoding=\"async\" class=\"alignleft size-full wp-image-2142\" src=\"https:\/\/iwk.de\/wp-content\/uploads\/sites\/22\/2021\/01\/track.jpg\" alt=\"\" width=\"1190\" height=\"130\" srcset=\"https:\/\/vipgo.atsautomation.com\/iwk-de\/%20%20\/wp-content\/uploads\/sites\/22\/2021\/01\/track.jpg 1191w, https:\/\/vipgo.atsautomation.com\/iwk-de\/%20%20\/wp-content\/uploads\/sites\/22\/2021\/01\/track.jpg?resize=300,33 300w, https:\/\/vipgo.atsautomation.com\/iwk-de\/%20%20\/wp-content\/uploads\/sites\/22\/2021\/01\/track.jpg?resize=768,84 768w, https:\/\/vipgo.atsautomation.com\/iwk-de\/%20%20\/wp-content\/uploads\/sites\/22\/2021\/01\/track.jpg?resize=1024,113 1024w, https:\/\/vipgo.atsautomation.com\/iwk-de\/%20%20\/wp-content\/uploads\/sites\/22\/2021\/01\/track.jpg?resize=700,77 700w\" sizes=\"auto, (max-width: 1190px) 100vw, 1190px\" \/><\/p>\n<\/div>\n<p><a class=\"downloadLink\" href=\"https:\/\/iwk.de\/wp-content\/uploads\/sites\/22\/2021\/01\/LY_Flyer_ObsolescenceManagement_DE-1.pdf\" target=\"_blank\" rel=\"noopener\">Mehr dazu im Obsolescence Management Flyer<\/a><\/p>\n<\/details>\n<details>\n<summary>FORMATTEIL-CENTER<\/summary>\n<div class=\"faq__content\">\n<p>Das Formatteilcenter (FPC) der IWK b\u00fcndelt langj\u00e4hrige Erfahrung und Kompetenzen im Bereich der Formatteilentwicklung und \u2013Herstellung. Im FPC werden alle Formatteile f\u00fcr Neumaschinen sowie f\u00fcr Umbauprojekte zentral nach spezifischen Produktanforderungen individuell angepasst. Unser Formatteilcenter zeichnet sich aus durch:<\/p>\n<ul>\n<li>Langj\u00e4hrige Erfahrung und h\u00f6chste Qualit\u00e4tsstandards<\/li>\n<li>Eigene Spezialisten<\/li>\n<li>Interne Konstruktion und Fertigung<\/li>\n<li>Kundenspezifische Formatteile mit h\u00f6chster Pr\u00e4zision<\/li>\n<li>Hohe Flexibilit\u00e4t um neue Marktanforderungen\/ Produktanforderungen zu erf\u00fcllen<\/li>\n<li>Kurze Durchlauf- und Lieferzeiten<\/li>\n<\/ul>\n<\/div>\n<p><a class=\"downloadLink\" href=\"https:\/\/iwk.de\/wp-content\/uploads\/sites\/22\/2021\/01\/Vostellung_FPC.pdf\" target=\"_blank\" rel=\"noopener\">Mehr dazu in der FPC Pr\u00e4sentation<\/a><\/p>\n<p>&nbsp;<\/p>\n<\/details>\n<p>&nbsp;<\/p>\n<p><a class=\"backLink\" href=\"https:\/\/iwk.de\/de\/service-de\/\" target=\"_self\" rel=\"noopener\">ZUR\u00dcCK ZU \u201eSERVICE\u201c<\/a><\/p>\n<\/div>\n<\/div>\n","protected":false},"excerpt":{"rendered":"<p>UMBAUTEN UND UPGRADES Umbauten Erh\u00f6hte Anlagenflexibilit\u00e4t durch Erweiterung der Produktpalette und Packungsformate Bereitstellen neuer Bauteile und Werkzeuge f\u00fcr neue Packungsformate und Packungsgr\u00f6\u00dfen Umsetzen aller notwendigen Anpassungen an den Anlagen (bspw. dem Hauptantrieb) Durchf\u00fchren von Testl\u00e4ufen mit neuem Verpackungsmaterial zur Sicherstellung der Produktionsgeschwindigkeit Upgrades Funktionserweiterungen an bestehenden Anlagen (bspw. Austausch des vorhandenen mechanischen Hauptantriebs durch einen&#8230;<\/p>\n<div class=\"post-button\"><a href=\"https:\/\/vipgo.atsautomation.com\/iwk-de\/%20%20\/service-de\/technologien\/\">Read More<\/a><\/div>\n","protected":false},"author":62,"featured_media":2104,"parent":3450,"menu_order":0,"comment_status":"closed","ping_status":"closed","template":"","meta":{"inline_featured_image":false,"footnotes":""},"class_list":["post-3425","page","type-page","status-publish","has-post-thumbnail","hentry"],"yoast_head":"<!-- This site is optimized with the Yoast SEO Premium plugin v26.8 (Yoast SEO v26.8) - https:\/\/yoast.com\/product\/yoast-seo-premium-wordpress\/ -->\n<title>TECHNOLOGIEN - Innovative And Customized Manufacturing Solutions<\/title>\n<meta name=\"robots\" content=\"index, follow, max-snippet:-1, max-image-preview:large, max-video-preview:-1\" \/>\n<link rel=\"canonical\" href=\"https:\/\/vipgo.atsautomation.com\/iwk-de\/%20%20\/service-de\/technologien\/\" \/>\n<meta property=\"og:locale\" content=\"de_DE\" \/>\n<meta property=\"og:type\" content=\"article\" \/>\n<meta property=\"og:title\" content=\"TECHNOLOGIEN\" \/>\n<meta property=\"og:description\" content=\"UMBAUTEN UND UPGRADES Umbauten Erh\u00f6hte Anlagenflexibilit\u00e4t durch Erweiterung der Produktpalette und Packungsformate Bereitstellen neuer Bauteile und Werkzeuge f\u00fcr neue Packungsformate und Packungsgr\u00f6\u00dfen Umsetzen aller notwendigen Anpassungen an den Anlagen (bspw. dem Hauptantrieb) Durchf\u00fchren von Testl\u00e4ufen mit neuem Verpackungsmaterial zur Sicherstellung der Produktionsgeschwindigkeit Upgrades Funktionserweiterungen an bestehenden Anlagen (bspw. Austausch des vorhandenen mechanischen Hauptantriebs durch einen...Read More\" \/>\n<meta property=\"og:url\" content=\"https:\/\/vipgo.atsautomation.com\/iwk-de\/  \/service-de\/technologien\/\" \/>\n<meta property=\"og:site_name\" content=\"Innovative And Customized Manufacturing Solutions\" \/>\n<meta property=\"article:modified_time\" content=\"2021-12-09T14:34:37+00:00\" \/>\n<meta property=\"og:image\" content=\"https:\/\/vipgo.atsautomation.com\/iwk-de\/%20%20\/wp-content\/uploads\/sites\/22\/2021\/01\/service.jpg\" \/>\n\t<meta property=\"og:image:width\" content=\"1901\" \/>\n\t<meta property=\"og:image:height\" content=\"725\" \/>\n\t<meta property=\"og:image:type\" content=\"image\/jpeg\" \/>\n<meta name=\"twitter:card\" content=\"summary_large_image\" \/>\n<meta name=\"twitter:label1\" content=\"Gesch\u00e4tzte Lesezeit\" \/>\n\t<meta name=\"twitter:data1\" content=\"2 Minuten\" \/>\n<script type=\"application\/ld+json\" class=\"yoast-schema-graph\">{\"@context\":\"https:\/\/schema.org\",\"@graph\":[{\"@type\":\"WebPage\",\"@id\":\"https:\/\/vipgo.atsautomation.com\/iwk-de\/%20%20\/service-de\/technologien\/\",\"url\":\"https:\/\/vipgo.atsautomation.com\/iwk-de\/%20%20\/service-de\/technologien\/\",\"name\":\"TECHNOLOGIEN - Innovative And Customized Manufacturing Solutions\",\"isPartOf\":{\"@id\":\"https:\/\/vipgo.atsautomation.com\/iwk-de\/%20%20\/#website\"},\"primaryImageOfPage\":{\"@id\":\"https:\/\/vipgo.atsautomation.com\/iwk-de\/%20%20\/service-de\/technologien\/#primaryimage\"},\"image\":{\"@id\":\"https:\/\/vipgo.atsautomation.com\/iwk-de\/%20%20\/service-de\/technologien\/#primaryimage\"},\"thumbnailUrl\":\"https:\/\/vipgo.atsautomation.com\/iwk-de\/%20%20\/wp-content\/uploads\/sites\/22\/2021\/01\/service.jpg\",\"datePublished\":\"2021-01-11T19:32:35+00:00\",\"dateModified\":\"2021-12-09T14:34:37+00:00\",\"breadcrumb\":{\"@id\":\"https:\/\/vipgo.atsautomation.com\/iwk-de\/%20%20\/service-de\/technologien\/#breadcrumb\"},\"inLanguage\":\"de-DE\",\"potentialAction\":[{\"@type\":\"ReadAction\",\"target\":[\"https:\/\/vipgo.atsautomation.com\/iwk-de\/%20%20\/service-de\/technologien\/\"]}]},{\"@type\":\"ImageObject\",\"inLanguage\":\"de-DE\",\"@id\":\"https:\/\/vipgo.atsautomation.com\/iwk-de\/%20%20\/service-de\/technologien\/#primaryimage\",\"url\":\"https:\/\/vipgo.atsautomation.com\/iwk-de\/%20%20\/wp-content\/uploads\/sites\/22\/2021\/01\/service.jpg\",\"contentUrl\":\"https:\/\/vipgo.atsautomation.com\/iwk-de\/%20%20\/wp-content\/uploads\/sites\/22\/2021\/01\/service.jpg\",\"width\":1901,\"height\":725},{\"@type\":\"BreadcrumbList\",\"@id\":\"https:\/\/vipgo.atsautomation.com\/iwk-de\/%20%20\/service-de\/technologien\/#breadcrumb\",\"itemListElement\":[{\"@type\":\"ListItem\",\"position\":1,\"name\":\"HOME\",\"item\":\"https:\/\/vipgo.atsautomation.com\/iwk-de\/%20%20\/\"},{\"@type\":\"ListItem\",\"position\":2,\"name\":\"TOP SERVICE\",\"item\":\"https:\/\/vipgo.atsautomation.com\/iwk-de\/%20%20\/service-de\/\"},{\"@type\":\"ListItem\",\"position\":3,\"name\":\"TECHNOLOGIEN\"}]},{\"@type\":\"WebSite\",\"@id\":\"https:\/\/vipgo.atsautomation.com\/iwk-de\/%20%20\/#website\",\"url\":\"https:\/\/vipgo.atsautomation.com\/iwk-de\/%20%20\/\",\"name\":\"Innovative And Customized Manufacturing Solutions\",\"description\":\"\",\"publisher\":{\"@id\":\"https:\/\/vipgo.atsautomation.com\/iwk-de\/%20%20\/#organization\"},\"potentialAction\":[{\"@type\":\"SearchAction\",\"target\":{\"@type\":\"EntryPoint\",\"urlTemplate\":\"https:\/\/vipgo.atsautomation.com\/iwk-de\/%20%20\/?s={search_term_string}\"},\"query-input\":{\"@type\":\"PropertyValueSpecification\",\"valueRequired\":true,\"valueName\":\"search_term_string\"}}],\"inLanguage\":\"de-DE\"},{\"@type\":\"Organization\",\"@id\":\"https:\/\/vipgo.atsautomation.com\/iwk-de\/%20%20\/#organization\",\"name\":\"Innovative And Customized Manufacturing Solutions\",\"url\":\"https:\/\/vipgo.atsautomation.com\/iwk-de\/%20%20\/\",\"logo\":{\"@type\":\"ImageObject\",\"inLanguage\":\"de-DE\",\"@id\":\"https:\/\/vipgo.atsautomation.com\/iwk-de\/%20%20\/#\/schema\/logo\/image\/\",\"url\":\"https:\/\/vipgo.atsautomation.com\/iwk-de\/%20%20\/wp-content\/uploads\/sites\/22\/2023\/02\/LOGO_IWK_4c_Size_2.png\",\"contentUrl\":\"https:\/\/vipgo.atsautomation.com\/iwk-de\/%20%20\/wp-content\/uploads\/sites\/22\/2023\/02\/LOGO_IWK_4c_Size_2.png\",\"width\":238,\"height\":137,\"caption\":\"Innovative And Customized Manufacturing Solutions\"},\"image\":{\"@id\":\"https:\/\/vipgo.atsautomation.com\/iwk-de\/%20%20\/#\/schema\/logo\/image\/\"}}]}<\/script>\n<!-- \/ Yoast SEO Premium plugin. -->","yoast_head_json":{"title":"TECHNOLOGIEN - Innovative And Customized Manufacturing Solutions","robots":{"index":"index","follow":"follow","max-snippet":"max-snippet:-1","max-image-preview":"max-image-preview:large","max-video-preview":"max-video-preview:-1"},"canonical":"https:\/\/vipgo.atsautomation.com\/iwk-de\/  \/service-de\/technologien\/","og_locale":"de_DE","og_type":"article","og_title":"TECHNOLOGIEN","og_description":"UMBAUTEN UND UPGRADES Umbauten Erh\u00f6hte Anlagenflexibilit\u00e4t durch Erweiterung der Produktpalette und Packungsformate Bereitstellen neuer Bauteile und Werkzeuge f\u00fcr neue Packungsformate und Packungsgr\u00f6\u00dfen Umsetzen aller notwendigen Anpassungen an den Anlagen (bspw. dem Hauptantrieb) Durchf\u00fchren von Testl\u00e4ufen mit neuem Verpackungsmaterial zur Sicherstellung der Produktionsgeschwindigkeit Upgrades Funktionserweiterungen an bestehenden Anlagen (bspw. Austausch des vorhandenen mechanischen Hauptantriebs durch einen...Read More","og_url":"https:\/\/vipgo.atsautomation.com\/iwk-de\/  \/service-de\/technologien\/","og_site_name":"Innovative And Customized Manufacturing Solutions","article_modified_time":"2021-12-09T14:34:37+00:00","og_image":[{"width":1901,"height":725,"url":"https:\/\/vipgo.atsautomation.com\/iwk-de\/%20%20\/wp-content\/uploads\/sites\/22\/2021\/01\/service.jpg","type":"image\/jpeg"}],"twitter_card":"summary_large_image","twitter_misc":{"Gesch\u00e4tzte Lesezeit":"2 Minuten"},"schema":{"@context":"https:\/\/schema.org","@graph":[{"@type":"WebPage","@id":"https:\/\/vipgo.atsautomation.com\/iwk-de\/%20%20\/service-de\/technologien\/","url":"https:\/\/vipgo.atsautomation.com\/iwk-de\/%20%20\/service-de\/technologien\/","name":"TECHNOLOGIEN - Innovative And Customized Manufacturing Solutions","isPartOf":{"@id":"https:\/\/vipgo.atsautomation.com\/iwk-de\/%20%20\/#website"},"primaryImageOfPage":{"@id":"https:\/\/vipgo.atsautomation.com\/iwk-de\/%20%20\/service-de\/technologien\/#primaryimage"},"image":{"@id":"https:\/\/vipgo.atsautomation.com\/iwk-de\/%20%20\/service-de\/technologien\/#primaryimage"},"thumbnailUrl":"https:\/\/vipgo.atsautomation.com\/iwk-de\/%20%20\/wp-content\/uploads\/sites\/22\/2021\/01\/service.jpg","datePublished":"2021-01-11T19:32:35+00:00","dateModified":"2021-12-09T14:34:37+00:00","breadcrumb":{"@id":"https:\/\/vipgo.atsautomation.com\/iwk-de\/%20%20\/service-de\/technologien\/#breadcrumb"},"inLanguage":"de-DE","potentialAction":[{"@type":"ReadAction","target":["https:\/\/vipgo.atsautomation.com\/iwk-de\/%20%20\/service-de\/technologien\/"]}]},{"@type":"ImageObject","inLanguage":"de-DE","@id":"https:\/\/vipgo.atsautomation.com\/iwk-de\/%20%20\/service-de\/technologien\/#primaryimage","url":"https:\/\/vipgo.atsautomation.com\/iwk-de\/%20%20\/wp-content\/uploads\/sites\/22\/2021\/01\/service.jpg","contentUrl":"https:\/\/vipgo.atsautomation.com\/iwk-de\/%20%20\/wp-content\/uploads\/sites\/22\/2021\/01\/service.jpg","width":1901,"height":725},{"@type":"BreadcrumbList","@id":"https:\/\/vipgo.atsautomation.com\/iwk-de\/%20%20\/service-de\/technologien\/#breadcrumb","itemListElement":[{"@type":"ListItem","position":1,"name":"HOME","item":"https:\/\/vipgo.atsautomation.com\/iwk-de\/%20%20\/"},{"@type":"ListItem","position":2,"name":"TOP SERVICE","item":"https:\/\/vipgo.atsautomation.com\/iwk-de\/%20%20\/service-de\/"},{"@type":"ListItem","position":3,"name":"TECHNOLOGIEN"}]},{"@type":"WebSite","@id":"https:\/\/vipgo.atsautomation.com\/iwk-de\/%20%20\/#website","url":"https:\/\/vipgo.atsautomation.com\/iwk-de\/%20%20\/","name":"Innovative And Customized Manufacturing Solutions","description":"","publisher":{"@id":"https:\/\/vipgo.atsautomation.com\/iwk-de\/%20%20\/#organization"},"potentialAction":[{"@type":"SearchAction","target":{"@type":"EntryPoint","urlTemplate":"https:\/\/vipgo.atsautomation.com\/iwk-de\/%20%20\/?s={search_term_string}"},"query-input":{"@type":"PropertyValueSpecification","valueRequired":true,"valueName":"search_term_string"}}],"inLanguage":"de-DE"},{"@type":"Organization","@id":"https:\/\/vipgo.atsautomation.com\/iwk-de\/%20%20\/#organization","name":"Innovative And Customized Manufacturing Solutions","url":"https:\/\/vipgo.atsautomation.com\/iwk-de\/%20%20\/","logo":{"@type":"ImageObject","inLanguage":"de-DE","@id":"https:\/\/vipgo.atsautomation.com\/iwk-de\/%20%20\/#\/schema\/logo\/image\/","url":"https:\/\/vipgo.atsautomation.com\/iwk-de\/%20%20\/wp-content\/uploads\/sites\/22\/2023\/02\/LOGO_IWK_4c_Size_2.png","contentUrl":"https:\/\/vipgo.atsautomation.com\/iwk-de\/%20%20\/wp-content\/uploads\/sites\/22\/2023\/02\/LOGO_IWK_4c_Size_2.png","width":238,"height":137,"caption":"Innovative And Customized Manufacturing Solutions"},"image":{"@id":"https:\/\/vipgo.atsautomation.com\/iwk-de\/%20%20\/#\/schema\/logo\/image\/"}}]}},"jetpack_sharing_enabled":true,"_links":{"self":[{"href":"https:\/\/vipgo.atsautomation.com\/iwk-de\/%20%20\/wp-json\/wp\/v2\/pages\/3425","targetHints":{"allow":["GET"]}}],"collection":[{"href":"https:\/\/vipgo.atsautomation.com\/iwk-de\/%20%20\/wp-json\/wp\/v2\/pages"}],"about":[{"href":"https:\/\/vipgo.atsautomation.com\/iwk-de\/%20%20\/wp-json\/wp\/v2\/types\/page"}],"author":[{"embeddable":true,"href":"https:\/\/vipgo.atsautomation.com\/iwk-de\/%20%20\/wp-json\/wp\/v2\/users\/62"}],"replies":[{"embeddable":true,"href":"https:\/\/vipgo.atsautomation.com\/iwk-de\/%20%20\/wp-json\/wp\/v2\/comments?post=3425"}],"version-history":[{"count":9,"href":"https:\/\/vipgo.atsautomation.com\/iwk-de\/%20%20\/wp-json\/wp\/v2\/pages\/3425\/revisions"}],"predecessor-version":[{"id":8150,"href":"https:\/\/vipgo.atsautomation.com\/iwk-de\/%20%20\/wp-json\/wp\/v2\/pages\/3425\/revisions\/8150"}],"up":[{"embeddable":true,"href":"https:\/\/vipgo.atsautomation.com\/iwk-de\/%20%20\/wp-json\/wp\/v2\/pages\/3450"}],"wp:featuredmedia":[{"embeddable":true,"href":"https:\/\/vipgo.atsautomation.com\/iwk-de\/%20%20\/wp-json\/wp\/v2\/media\/2104"}],"wp:attachment":[{"href":"https:\/\/vipgo.atsautomation.com\/iwk-de\/%20%20\/wp-json\/wp\/v2\/media?parent=3425"}],"curies":[{"name":"wp","href":"https:\/\/api.w.org\/{rel}","templated":true}]}}