{"id":3438,"date":"2021-01-07T19:07:30","date_gmt":"2021-01-07T19:07:30","guid":{"rendered":"https:\/\/iwk.de\/?page_id=3438"},"modified":"2021-03-24T16:12:46","modified_gmt":"2021-03-24T16:12:46","slug":"turn-key-automatisierung","status":"publish","type":"page","link":"https:\/\/vipgo.atsautomation.com\/iwk-de\/%20%20\/beratung\/turn-key-automatisierung\/","title":{"rendered":"TURN-KEY AUTOMATISIERUNG"},"content":{"rendered":"<div class=\"home-main row\"><span><span><a href=\"https:\/\/vipgo.atsautomation.com\/iwk-de\/%20%20\/\">HOME<\/a><\/span><\/span><\/p>\n<h2>Turn-Key Automatisierung &#8211; ein Herzst\u00fcck Ihrer Anlage<\/h2>\n<div class=\"col-sm-7 bodytext mt-4\">\n<p>Die IWK Turn-Key Automation nutzt Branchenerfahrung und Expertise, um die anspruchsvollsten und schnellsten Automatisierungs- und Verpackungsanwendungen zu liefern. Unsere Experten kombinieren ein breites Spektrum an Verpackungserfahrung und technischem Wissen mit einer disziplinierten Ausf\u00fchrungsmethode, um robuste Automatisierungsl\u00f6sungen f\u00fcr alle Branchen bereit- und sicherzustellen. Zu den Kernkompetenzen geh\u00f6ren umfangreiche Erfahrungen mit:<\/p>\n<\/div>\n<div class=\"col-sm-9\">\n<div class=\"slideshow-container\">\n<div class=\"mySlides fade\"><img decoding=\"async\" style=\"width: 100%;\" src=\"https:\/\/iwk.de\/wp-content\/uploads\/sites\/22\/2021\/01\/retusche_1.jpg\" \/><\/div>\n<div class=\"mySlides fade\"><img decoding=\"async\" style=\"width: 100%;\" src=\"https:\/\/iwk.de\/wp-content\/uploads\/sites\/22\/2021\/01\/retusche_2.jpg\" \/><\/div>\n<div class=\"mySlides fade\"><img decoding=\"async\" style=\"width: 100%;\" src=\"https:\/\/iwk.de\/wp-content\/uploads\/sites\/22\/2021\/01\/retusche_3.jpg\" \/><\/div>\n<p><a class=\"prev\">\u276e<\/a><br \/>\n<a class=\"next\">\u276f<\/a><\/p>\n<\/div>\n<\/div>\n<div class=\"list-style\">\n<ul>\n<li>Materialhandhabung<\/li>\n<li>Beschriftung<\/li>\n<li>Inspektionssysteme<\/li>\n<li>Anforderungen an die Prim\u00e4r\/Sekund\u00e4r und Terti\u00e4rverpackung<\/li>\n<li>Managementinformationssysteme<\/li>\n<li>Preventive Maintenance<\/li>\n<li>Anwendung von Industrie 4.0 Technologien<\/li>\n<\/ul>\n<\/div>\n<\/div>\n<div class=\"home-main row\">\n<p>M\u00f6chten Sie mehr \u00fcber unsere kundenspezifischen L\u00f6sungen erfahren? Unter Turn-Key-Linien stehen Ihnen weitere Informationen zur Verf\u00fcgung.<\/p>\n<p><a class=\"backLink\" href=\"\/\/iwk.de\/de\/beratung\/\"> ZUR\u00dcCK ZU \u201eBERATUNG\u201c<\/a><\/p>\n<\/div>\n","protected":false},"excerpt":{"rendered":"<p>Turn-Key Automatisierung &#8211; ein Herzst\u00fcck Ihrer Anlage Die IWK Turn-Key Automation nutzt Branchenerfahrung und Expertise, um die anspruchsvollsten und schnellsten Automatisierungs- und Verpackungsanwendungen zu liefern. Unsere Experten kombinieren ein breites Spektrum an Verpackungserfahrung und technischem Wissen mit einer disziplinierten Ausf\u00fchrungsmethode, um robuste Automatisierungsl\u00f6sungen f\u00fcr alle Branchen bereit- und sicherzustellen. Zu den Kernkompetenzen geh\u00f6ren umfangreiche Erfahrungen&#8230;<\/p>\n<div class=\"post-button\"><a href=\"https:\/\/vipgo.atsautomation.com\/iwk-de\/%20%20\/beratung\/turn-key-automatisierung\/\">Read More<\/a><\/div>\n","protected":false},"author":62,"featured_media":2084,"parent":2909,"menu_order":0,"comment_status":"closed","ping_status":"closed","template":"","meta":{"inline_featured_image":false,"footnotes":""},"class_list":["post-3438","page","type-page","status-publish","has-post-thumbnail","hentry"],"yoast_head":"<!-- This site is optimized with the Yoast SEO Premium plugin v26.8 (Yoast SEO v26.8) - https:\/\/yoast.com\/product\/yoast-seo-premium-wordpress\/ -->\n<title>TURN-KEY AUTOMATISIERUNG - Innovative And Customized Manufacturing Solutions<\/title>\n<meta name=\"robots\" content=\"index, follow, max-snippet:-1, max-image-preview:large, max-video-preview:-1\" \/>\n<link rel=\"canonical\" href=\"https:\/\/vipgo.atsautomation.com\/iwk-de\/%20%20\/beratung\/turn-key-automatisierung\/\" \/>\n<meta property=\"og:locale\" content=\"de_DE\" \/>\n<meta property=\"og:type\" content=\"article\" \/>\n<meta property=\"og:title\" content=\"TURN-KEY AUTOMATISIERUNG\" \/>\n<meta property=\"og:description\" content=\"Turn-Key Automatisierung &#8211; ein Herzst\u00fcck Ihrer Anlage Die IWK Turn-Key Automation nutzt Branchenerfahrung und Expertise, um die anspruchsvollsten und schnellsten Automatisierungs- und Verpackungsanwendungen zu liefern. Unsere Experten kombinieren ein breites Spektrum an Verpackungserfahrung und technischem Wissen mit einer disziplinierten Ausf\u00fchrungsmethode, um robuste Automatisierungsl\u00f6sungen f\u00fcr alle Branchen bereit- und sicherzustellen. Zu den Kernkompetenzen geh\u00f6ren umfangreiche Erfahrungen...Read More\" \/>\n<meta property=\"og:url\" content=\"https:\/\/vipgo.atsautomation.com\/iwk-de\/  \/beratung\/turn-key-automatisierung\/\" \/>\n<meta property=\"og:site_name\" content=\"Innovative And Customized Manufacturing Solutions\" \/>\n<meta property=\"article:modified_time\" content=\"2021-03-24T16:12:46+00:00\" \/>\n<meta property=\"og:image\" content=\"https:\/\/vipgo.atsautomation.com\/iwk-de\/%20%20\/wp-content\/uploads\/sites\/22\/2021\/01\/consulting.jpg\" \/>\n\t<meta property=\"og:image:width\" content=\"1899\" \/>\n\t<meta property=\"og:image:height\" content=\"724\" \/>\n\t<meta property=\"og:image:type\" content=\"image\/jpeg\" \/>\n<meta name=\"twitter:card\" content=\"summary_large_image\" \/>\n<meta name=\"twitter:label1\" content=\"Gesch\u00e4tzte Lesezeit\" \/>\n\t<meta name=\"twitter:data1\" content=\"1 Minute\" \/>\n<script type=\"application\/ld+json\" class=\"yoast-schema-graph\">{\"@context\":\"https:\/\/schema.org\",\"@graph\":[{\"@type\":\"WebPage\",\"@id\":\"https:\/\/vipgo.atsautomation.com\/iwk-de\/%20%20\/beratung\/turn-key-automatisierung\/\",\"url\":\"https:\/\/vipgo.atsautomation.com\/iwk-de\/%20%20\/beratung\/turn-key-automatisierung\/\",\"name\":\"TURN-KEY AUTOMATISIERUNG - Innovative And Customized Manufacturing Solutions\",\"isPartOf\":{\"@id\":\"https:\/\/vipgo.atsautomation.com\/iwk-de\/%20%20\/#website\"},\"primaryImageOfPage\":{\"@id\":\"https:\/\/vipgo.atsautomation.com\/iwk-de\/%20%20\/beratung\/turn-key-automatisierung\/#primaryimage\"},\"image\":{\"@id\":\"https:\/\/vipgo.atsautomation.com\/iwk-de\/%20%20\/beratung\/turn-key-automatisierung\/#primaryimage\"},\"thumbnailUrl\":\"https:\/\/vipgo.atsautomation.com\/iwk-de\/%20%20\/wp-content\/uploads\/sites\/22\/2021\/01\/consulting.jpg\",\"datePublished\":\"2021-01-07T19:07:30+00:00\",\"dateModified\":\"2021-03-24T16:12:46+00:00\",\"breadcrumb\":{\"@id\":\"https:\/\/vipgo.atsautomation.com\/iwk-de\/%20%20\/beratung\/turn-key-automatisierung\/#breadcrumb\"},\"inLanguage\":\"de-DE\",\"potentialAction\":[{\"@type\":\"ReadAction\",\"target\":[\"https:\/\/vipgo.atsautomation.com\/iwk-de\/%20%20\/beratung\/turn-key-automatisierung\/\"]}]},{\"@type\":\"ImageObject\",\"inLanguage\":\"de-DE\",\"@id\":\"https:\/\/vipgo.atsautomation.com\/iwk-de\/%20%20\/beratung\/turn-key-automatisierung\/#primaryimage\",\"url\":\"https:\/\/vipgo.atsautomation.com\/iwk-de\/%20%20\/wp-content\/uploads\/sites\/22\/2021\/01\/consulting.jpg\",\"contentUrl\":\"https:\/\/vipgo.atsautomation.com\/iwk-de\/%20%20\/wp-content\/uploads\/sites\/22\/2021\/01\/consulting.jpg\",\"width\":1899,\"height\":724},{\"@type\":\"BreadcrumbList\",\"@id\":\"https:\/\/vipgo.atsautomation.com\/iwk-de\/%20%20\/beratung\/turn-key-automatisierung\/#breadcrumb\",\"itemListElement\":[{\"@type\":\"ListItem\",\"position\":1,\"name\":\"HOME\",\"item\":\"https:\/\/vipgo.atsautomation.com\/iwk-de\/%20%20\/\"},{\"@type\":\"ListItem\",\"position\":2,\"name\":\"BERATUNG\",\"item\":\"https:\/\/vipgo.atsautomation.com\/iwk-de\/%20%20\/beratung\/\"},{\"@type\":\"ListItem\",\"position\":3,\"name\":\"TURN-KEY AUTOMATISIERUNG\"}]},{\"@type\":\"WebSite\",\"@id\":\"https:\/\/vipgo.atsautomation.com\/iwk-de\/%20%20\/#website\",\"url\":\"https:\/\/vipgo.atsautomation.com\/iwk-de\/%20%20\/\",\"name\":\"Innovative And Customized Manufacturing Solutions\",\"description\":\"\",\"publisher\":{\"@id\":\"https:\/\/vipgo.atsautomation.com\/iwk-de\/%20%20\/#organization\"},\"potentialAction\":[{\"@type\":\"SearchAction\",\"target\":{\"@type\":\"EntryPoint\",\"urlTemplate\":\"https:\/\/vipgo.atsautomation.com\/iwk-de\/%20%20\/?s={search_term_string}\"},\"query-input\":{\"@type\":\"PropertyValueSpecification\",\"valueRequired\":true,\"valueName\":\"search_term_string\"}}],\"inLanguage\":\"de-DE\"},{\"@type\":\"Organization\",\"@id\":\"https:\/\/vipgo.atsautomation.com\/iwk-de\/%20%20\/#organization\",\"name\":\"Innovative And Customized Manufacturing Solutions\",\"url\":\"https:\/\/vipgo.atsautomation.com\/iwk-de\/%20%20\/\",\"logo\":{\"@type\":\"ImageObject\",\"inLanguage\":\"de-DE\",\"@id\":\"https:\/\/vipgo.atsautomation.com\/iwk-de\/%20%20\/#\/schema\/logo\/image\/\",\"url\":\"https:\/\/vipgo.atsautomation.com\/iwk-de\/%20%20\/wp-content\/uploads\/sites\/22\/2023\/02\/LOGO_IWK_4c_Size_2.png\",\"contentUrl\":\"https:\/\/vipgo.atsautomation.com\/iwk-de\/%20%20\/wp-content\/uploads\/sites\/22\/2023\/02\/LOGO_IWK_4c_Size_2.png\",\"width\":238,\"height\":137,\"caption\":\"Innovative And Customized Manufacturing Solutions\"},\"image\":{\"@id\":\"https:\/\/vipgo.atsautomation.com\/iwk-de\/%20%20\/#\/schema\/logo\/image\/\"}}]}<\/script>\n<!-- \/ Yoast SEO Premium plugin. -->","yoast_head_json":{"title":"TURN-KEY AUTOMATISIERUNG - Innovative And Customized Manufacturing Solutions","robots":{"index":"index","follow":"follow","max-snippet":"max-snippet:-1","max-image-preview":"max-image-preview:large","max-video-preview":"max-video-preview:-1"},"canonical":"https:\/\/vipgo.atsautomation.com\/iwk-de\/  \/beratung\/turn-key-automatisierung\/","og_locale":"de_DE","og_type":"article","og_title":"TURN-KEY AUTOMATISIERUNG","og_description":"Turn-Key Automatisierung &#8211; ein Herzst\u00fcck Ihrer Anlage Die IWK Turn-Key Automation nutzt Branchenerfahrung und Expertise, um die anspruchsvollsten und schnellsten Automatisierungs- und Verpackungsanwendungen zu liefern. Unsere Experten kombinieren ein breites Spektrum an Verpackungserfahrung und technischem Wissen mit einer disziplinierten Ausf\u00fchrungsmethode, um robuste Automatisierungsl\u00f6sungen f\u00fcr alle Branchen bereit- und sicherzustellen. Zu den Kernkompetenzen geh\u00f6ren umfangreiche Erfahrungen...Read More","og_url":"https:\/\/vipgo.atsautomation.com\/iwk-de\/  \/beratung\/turn-key-automatisierung\/","og_site_name":"Innovative And Customized Manufacturing Solutions","article_modified_time":"2021-03-24T16:12:46+00:00","og_image":[{"width":1899,"height":724,"url":"https:\/\/vipgo.atsautomation.com\/iwk-de\/%20%20\/wp-content\/uploads\/sites\/22\/2021\/01\/consulting.jpg","type":"image\/jpeg"}],"twitter_card":"summary_large_image","twitter_misc":{"Gesch\u00e4tzte Lesezeit":"1 Minute"},"schema":{"@context":"https:\/\/schema.org","@graph":[{"@type":"WebPage","@id":"https:\/\/vipgo.atsautomation.com\/iwk-de\/%20%20\/beratung\/turn-key-automatisierung\/","url":"https:\/\/vipgo.atsautomation.com\/iwk-de\/%20%20\/beratung\/turn-key-automatisierung\/","name":"TURN-KEY AUTOMATISIERUNG - Innovative And Customized Manufacturing Solutions","isPartOf":{"@id":"https:\/\/vipgo.atsautomation.com\/iwk-de\/%20%20\/#website"},"primaryImageOfPage":{"@id":"https:\/\/vipgo.atsautomation.com\/iwk-de\/%20%20\/beratung\/turn-key-automatisierung\/#primaryimage"},"image":{"@id":"https:\/\/vipgo.atsautomation.com\/iwk-de\/%20%20\/beratung\/turn-key-automatisierung\/#primaryimage"},"thumbnailUrl":"https:\/\/vipgo.atsautomation.com\/iwk-de\/%20%20\/wp-content\/uploads\/sites\/22\/2021\/01\/consulting.jpg","datePublished":"2021-01-07T19:07:30+00:00","dateModified":"2021-03-24T16:12:46+00:00","breadcrumb":{"@id":"https:\/\/vipgo.atsautomation.com\/iwk-de\/%20%20\/beratung\/turn-key-automatisierung\/#breadcrumb"},"inLanguage":"de-DE","potentialAction":[{"@type":"ReadAction","target":["https:\/\/vipgo.atsautomation.com\/iwk-de\/%20%20\/beratung\/turn-key-automatisierung\/"]}]},{"@type":"ImageObject","inLanguage":"de-DE","@id":"https:\/\/vipgo.atsautomation.com\/iwk-de\/%20%20\/beratung\/turn-key-automatisierung\/#primaryimage","url":"https:\/\/vipgo.atsautomation.com\/iwk-de\/%20%20\/wp-content\/uploads\/sites\/22\/2021\/01\/consulting.jpg","contentUrl":"https:\/\/vipgo.atsautomation.com\/iwk-de\/%20%20\/wp-content\/uploads\/sites\/22\/2021\/01\/consulting.jpg","width":1899,"height":724},{"@type":"BreadcrumbList","@id":"https:\/\/vipgo.atsautomation.com\/iwk-de\/%20%20\/beratung\/turn-key-automatisierung\/#breadcrumb","itemListElement":[{"@type":"ListItem","position":1,"name":"HOME","item":"https:\/\/vipgo.atsautomation.com\/iwk-de\/%20%20\/"},{"@type":"ListItem","position":2,"name":"BERATUNG","item":"https:\/\/vipgo.atsautomation.com\/iwk-de\/%20%20\/beratung\/"},{"@type":"ListItem","position":3,"name":"TURN-KEY AUTOMATISIERUNG"}]},{"@type":"WebSite","@id":"https:\/\/vipgo.atsautomation.com\/iwk-de\/%20%20\/#website","url":"https:\/\/vipgo.atsautomation.com\/iwk-de\/%20%20\/","name":"Innovative And Customized Manufacturing Solutions","description":"","publisher":{"@id":"https:\/\/vipgo.atsautomation.com\/iwk-de\/%20%20\/#organization"},"potentialAction":[{"@type":"SearchAction","target":{"@type":"EntryPoint","urlTemplate":"https:\/\/vipgo.atsautomation.com\/iwk-de\/%20%20\/?s={search_term_string}"},"query-input":{"@type":"PropertyValueSpecification","valueRequired":true,"valueName":"search_term_string"}}],"inLanguage":"de-DE"},{"@type":"Organization","@id":"https:\/\/vipgo.atsautomation.com\/iwk-de\/%20%20\/#organization","name":"Innovative And Customized Manufacturing Solutions","url":"https:\/\/vipgo.atsautomation.com\/iwk-de\/%20%20\/","logo":{"@type":"ImageObject","inLanguage":"de-DE","@id":"https:\/\/vipgo.atsautomation.com\/iwk-de\/%20%20\/#\/schema\/logo\/image\/","url":"https:\/\/vipgo.atsautomation.com\/iwk-de\/%20%20\/wp-content\/uploads\/sites\/22\/2023\/02\/LOGO_IWK_4c_Size_2.png","contentUrl":"https:\/\/vipgo.atsautomation.com\/iwk-de\/%20%20\/wp-content\/uploads\/sites\/22\/2023\/02\/LOGO_IWK_4c_Size_2.png","width":238,"height":137,"caption":"Innovative And Customized Manufacturing Solutions"},"image":{"@id":"https:\/\/vipgo.atsautomation.com\/iwk-de\/%20%20\/#\/schema\/logo\/image\/"}}]}},"jetpack_sharing_enabled":true,"_links":{"self":[{"href":"https:\/\/vipgo.atsautomation.com\/iwk-de\/%20%20\/wp-json\/wp\/v2\/pages\/3438","targetHints":{"allow":["GET"]}}],"collection":[{"href":"https:\/\/vipgo.atsautomation.com\/iwk-de\/%20%20\/wp-json\/wp\/v2\/pages"}],"about":[{"href":"https:\/\/vipgo.atsautomation.com\/iwk-de\/%20%20\/wp-json\/wp\/v2\/types\/page"}],"author":[{"embeddable":true,"href":"https:\/\/vipgo.atsautomation.com\/iwk-de\/%20%20\/wp-json\/wp\/v2\/users\/62"}],"replies":[{"embeddable":true,"href":"https:\/\/vipgo.atsautomation.com\/iwk-de\/%20%20\/wp-json\/wp\/v2\/comments?post=3438"}],"version-history":[{"count":7,"href":"https:\/\/vipgo.atsautomation.com\/iwk-de\/%20%20\/wp-json\/wp\/v2\/pages\/3438\/revisions"}],"predecessor-version":[{"id":6241,"href":"https:\/\/vipgo.atsautomation.com\/iwk-de\/%20%20\/wp-json\/wp\/v2\/pages\/3438\/revisions\/6241"}],"up":[{"embeddable":true,"href":"https:\/\/vipgo.atsautomation.com\/iwk-de\/%20%20\/wp-json\/wp\/v2\/pages\/2909"}],"wp:featuredmedia":[{"embeddable":true,"href":"https:\/\/vipgo.atsautomation.com\/iwk-de\/%20%20\/wp-json\/wp\/v2\/media\/2084"}],"wp:attachment":[{"href":"https:\/\/vipgo.atsautomation.com\/iwk-de\/%20%20\/wp-json\/wp\/v2\/media?parent=3438"}],"curies":[{"name":"wp","href":"https:\/\/api.w.org\/{rel}","templated":true}]}}