{"id":3442,"date":"2021-01-11T16:57:00","date_gmt":"2021-01-11T16:57:00","guid":{"rendered":"https:\/\/iwk.de\/?page_id=3442"},"modified":"2023-03-28T06:01:32","modified_gmt":"2023-03-28T06:01:32","slug":"turn-key-linien-der-iwk","status":"publish","type":"page","link":"https:\/\/vipgo.atsautomation.com\/iwk-de\/%20%20\/produkte-loesungen\/turn-key-linien-der-iwk\/","title":{"rendered":"TURN-KEY-LINIEN DER IWK"},"content":{"rendered":"<div class=\"home-main row\">\n<span><span><a href=\"https:\/\/vipgo.atsautomation.com\/iwk-de\/%20%20\/\">HOME<\/a><\/span><\/span><\/p>\n<h2>Maschinenkompetenz konsequent weitergedacht.<\/h2>\n<p>Als f\u00fchrender Hersteller von Abf\u00fcll- und Verpackungsanlagen im Bereich Pharma und Kosmetik sind wir mit Ihren Anforderungen bestens vertraut. Durch konsequente Beratung von Anfang an sichern wir einen reibungslosen Projektablauf zu. Dabei steht Ihr Produkt im Mittelpunkt. Unsere Flexibilit\u00e4t im Anlagendesign ist hierf\u00fcr ein Schl\u00fcssel.<\/p>\n<\/div>\n<div class=\"glance-second\">\n<div class=\"home-main row\">\n<details>\n<summary>PLANUNGSKOMPETENZ<\/summary>\n<div class=\"faq__content\">\n<p>IWK verf\u00fcgt \u00fcber die notwendige Branchenerfahrung, um auch die anspruchsvollsten Anforderungen unserer Kunden zu bewerten. Unsere Experten liefern detaillierte Analysen und umfassende Empfehlungen zur Optimierung und Steigerung der Produktionsleistung f\u00fcr neue und bestehende Produktionsabl\u00e4ufe. Unser Leistungsumfang:<\/p>\n<ul>\n<li>Erfassung und \u00dcberpr\u00fcfung der aktuellen Produktionsabl\u00e4ufe<\/li>\n<li>Gemeinsame Konzepterstellung der zuk\u00fcnftigen Produktionsabl\u00e4ufe<\/li>\n<li>Auswahl der geeigneten Technologien<\/li>\n<li>Layout, Planung und Optimierung<\/li>\n<\/ul>\n<\/div>\n<\/details>\n<details>\n<summary>STEIGERUNG DER EFFIZIENZ<\/summary>\n<div class=\"faq__content\">\n<p>Mit mehr als 130 Jahren Erfahrung in der Verpackungsbranche und einem hoch motivierten Team bewerten wir sowohl die Leistung des Verpackungssystems als auch die der einzelnen Maschinen. Dabei fokussieren wir uns besonders auf:<\/p>\n<ul>\n<li>Personalbesetzung<\/li>\n<li>Ausbildung und Qualifikation des vorhandenen Personals<\/li>\n<li>Materialqualit\u00e4t und Handling<\/li>\n<li>Prozessablauf<\/li>\n<li>Logistikprozess<\/li>\n<\/ul>\n<p>Mit Hilfe der erfassten Daten erfolgen die Analyse sowie eine Empfehlung f\u00fcr den zuk\u00fcnftigen Prozessablauf. Die parallellaufende Kontrolle erm\u00f6glicht ein permanentes \u00dcberwachen des neuen Prozesses, um die vereinbarten Leistungsumf\u00e4nge (KPIs) sicherzustellen.<\/p>\n<\/div>\n<\/details>\n<details>\n<summary>ANLAGENDESIGN<\/summary>\n<div class=\"faq__content\">\n<p>Mit unserer langj\u00e4hrigen Erfahrung sind wir mit allen Details einer Anlage vertraut. Diese Erfahrung nutzen wir 1:1 in der Designerstellung Ihrer Anlage. Neben einer detaillierten Bewertung der infrage kommenden Technologien und Lieferanten legen wir besonderen Wert auf exakt definierte Schnittstellen. Auch hier sind unsere Kunden umfassend involviert. Offene, transparente und direkte Kommunikationswege mit allen Beteiligten ist einer der Schl\u00fcssel zum Projekterfolg.<\/p>\n<\/div>\n<\/details>\n<details>\n<summary>PROJEKT-SUPPORT-DIENSTLEISTUNGEN<\/summary>\n<div class=\"faq__content\">\n<h4>Sie arbeiten Lean? Wir erst recht!<\/h4>\n<p>Im Zuge des immer gr\u00f6\u00dfer werdenden Kostendrucks m\u00fcssen Unternehmen auf allen Ebenen Lean und Smart agieren. Immer weniger interne Ressourcen sind eine der Folgen. Darauf reagieren wir mit unserem L\u00f6sungsansatz: Unser kompetentes Projektteam ist Ihr einziger Ansprechpartner w\u00e4hrend des Projekts. Die notwendige Kommunikation mit am Prozess beteiligten, weiteren Dienstleistern oder Partnern \u00fcbernehmen wir. Das bedeutet f\u00fcr unsere Kunden, dass durch unser Prinzip \u201eone face to the customer\u201c Komplexit\u00e4t gesenkt wird und sie dadurch Kapazit\u00e4ten f\u00fcr andere Aktivit\u00e4ten freigesetzt bekommen.<\/p>\n<\/div>\n<\/details>\n<details>\n<summary>AUSWAHL UND BESCHAFFUNG<\/summary>\n<div class=\"faq__content\">\n<h4>Preis, Qualit\u00e4t, Spezifikation &#8211; alles zur richtigen Zeit.<\/h4>\n<p>Teil unserer Beschaffungsdienstleistung ist die Identifizierung der richtigen Technologie zum richtigen Preis mit den richtigen Spezifikationen. Unser Team sorgt daf\u00fcr, dass wir den richtigen Lieferanten empfehlen und von ihm beziehen. Im Rahmen unseres Beschaffungsprozesses werden alle relevanten Kriterien \u00fcberpr\u00fcft und auf Basis von historischen Daten bewertet. Auf diese Weise k\u00f6nnen wir f\u00fcr jedes Projekt die richtige Technologie, Anwendung und den richtigen Lieferanten ermitteln. Schlie\u00dflich \u00fcberpr\u00fcft das Beschaffungsteam der IWK vor der Erteilung eines Auftrags alle Vertragsbedingungen, um sicherzustellen, dass sie mit den Anforderungen unserer Kunden \u00fcbereinstimmen. Selbstverst\u00e4ndlich ber\u00fccksichtigen wir eventuelle bestehende Lieferantenabkommen. Auch hier ist Ihnen die vollst\u00e4ndige Flexibilit\u00e4t garantiert.<\/p>\n<\/div>\n<\/details>\n<details>\n<summary>PROJEKTMANAGEMENT<\/summary>\n<div class=\"faq__content\">\n<h4>All inclusive: Unser Projektmanagement<\/h4>\n<p>Unsere Projektmanager sind die zentrale Anlaufstelle f\u00fcr alle Fragen unserer Kunden im Rahmen eines Projektes. &#8222;One face to the customer&#8220; eben. Eine Hauptaufgabe aller Projektmanager der IWK besteht darin, einen konsistenten Informations-und Kommunikationsfluss zwischen allen Projektbeteiligten &#8211; Kunden, Entwicklern, Ingenieuren und Lieferanten &#8211; herzustellen, um ein klares und dokumentiertes Verst\u00e4ndnis der wichtigsten Spezifikationen, Leistungen und Erfolgskriterien sicherzustellen. Dabei k\u00fcmmern wir uns zum Beispiel um:<\/p>\n<ul>\n<li>Finanzverwaltung<\/li>\n<li>Kommunikationsmanagement<\/li>\n<li>Dokumentenkontrolle<\/li>\n<li>Projektlogistikmanagement<\/li>\n<li>Fortschrittsberichte<\/li>\n<li>Projekt Integrationsmanagement<\/li>\n<li>Zeitmanagement<\/li>\n<li>Content Management<\/li>\n<li>Qualit\u00e4tsmanagement<\/li>\n<li>Risiko- und Changemanagement<\/li>\n<\/ul>\n<\/div>\n<\/details>\n<details>\n<summary>INDUSTRIELLE AUTOMATISIERUNG<\/summary>\n<div class=\"faq__content\">\n<h4>Turn-Key Automatisierung &#8211; ein Herzst\u00fcck ihrer Anlage<\/h4>\n<p>Die IWK Turn-Key Automation nutzt Branchenerfahrung und Expertise, um die anspruchsvollsten und schnellsten Automatisierungs- und Verpackungsanwendungen zu liefern. Unsere Experten kombinieren ein breites Spektrum an Verpackungserfahrung und technischem Wissen mit einer disziplinierten Ausf\u00fchrungsmethode, um robuste Automatisierungsl\u00f6sungen f\u00fcr alle Branchen bereit- und sicherzustellen. Zu den Kernkompetenzen geh\u00f6ren umfangreiche Erfahrungen mit:<\/p>\n<ul>\n<li>Materialhandhabung<\/li>\n<li>Beschriftung<\/li>\n<li>Inspektionssysteme<\/li>\n<li>Anforderungen an die Prim\u00e4r\/Sekund\u00e4r und Terti\u00e4rverpackung<\/li>\n<li>Managementinformationssysteme<\/li>\n<li>Preventive Maintenance<\/li>\n<li>Anwendung von Industrie 4.0 Technologien<\/li>\n<\/ul>\n<\/div>\n<\/details>\n<p>&nbsp;<\/p>\n<p><a class=\"backLink\" href=\"https:\/\/iwk.de\/de\/produkte-loesungen\/\" target=\"_self\" rel=\"noopener\">ZUR\u00dcCK ZU \u201ePRODUKTE UND L\u00d6SUNGEN\u201c<\/a><\/p>\n<\/div>\n<\/div>\n","protected":false},"excerpt":{"rendered":"<p>Maschinenkompetenz konsequent weitergedacht. Als f\u00fchrender Hersteller von Abf\u00fcll- und Verpackungsanlagen im Bereich Pharma und Kosmetik sind wir mit Ihren Anforderungen bestens vertraut. Durch konsequente Beratung von Anfang an sichern wir einen reibungslosen Projektablauf zu. Dabei steht Ihr Produkt im Mittelpunkt. Unsere Flexibilit\u00e4t im Anlagendesign ist hierf\u00fcr ein Schl\u00fcssel. PLANUNGSKOMPETENZ IWK verf\u00fcgt \u00fcber die notwendige Branchenerfahrung,&#8230;<\/p>\n<div class=\"post-button\"><a href=\"https:\/\/vipgo.atsautomation.com\/iwk-de\/%20%20\/produkte-loesungen\/turn-key-linien-der-iwk\/\">Read More<\/a><\/div>\n","protected":false},"author":62,"featured_media":2132,"parent":3458,"menu_order":0,"comment_status":"closed","ping_status":"closed","template":"","meta":{"inline_featured_image":false,"footnotes":""},"class_list":["post-3442","page","type-page","status-publish","has-post-thumbnail","hentry"],"yoast_head":"<!-- This site is optimized with the Yoast SEO Premium plugin v26.8 (Yoast SEO v26.8) - https:\/\/yoast.com\/product\/yoast-seo-premium-wordpress\/ -->\n<title>TURN-KEY-LINIEN DER IWK - Innovative And Customized Manufacturing Solutions<\/title>\n<meta name=\"robots\" content=\"index, follow, max-snippet:-1, max-image-preview:large, max-video-preview:-1\" \/>\n<link rel=\"canonical\" href=\"https:\/\/vipgo.atsautomation.com\/iwk-de\/%20%20\/produkte-loesungen\/turn-key-linien-der-iwk\/\" \/>\n<meta property=\"og:locale\" content=\"de_DE\" \/>\n<meta property=\"og:type\" content=\"article\" \/>\n<meta property=\"og:title\" content=\"TURN-KEY-LINIEN DER IWK\" \/>\n<meta property=\"og:description\" content=\"Maschinenkompetenz konsequent weitergedacht. Als f\u00fchrender Hersteller von Abf\u00fcll- und Verpackungsanlagen im Bereich Pharma und Kosmetik sind wir mit Ihren Anforderungen bestens vertraut. Durch konsequente Beratung von Anfang an sichern wir einen reibungslosen Projektablauf zu. Dabei steht Ihr Produkt im Mittelpunkt. Unsere Flexibilit\u00e4t im Anlagendesign ist hierf\u00fcr ein Schl\u00fcssel. PLANUNGSKOMPETENZ IWK verf\u00fcgt \u00fcber die notwendige Branchenerfahrung,...Read More\" \/>\n<meta property=\"og:url\" content=\"https:\/\/vipgo.atsautomation.com\/iwk-de\/  \/produkte-loesungen\/turn-key-linien-der-iwk\/\" \/>\n<meta property=\"og:site_name\" content=\"Innovative And Customized Manufacturing Solutions\" \/>\n<meta property=\"article:modified_time\" content=\"2023-03-28T06:01:32+00:00\" \/>\n<meta property=\"og:image\" content=\"https:\/\/vipgo.atsautomation.com\/iwk-de\/%20%20\/wp-content\/uploads\/sites\/22\/2021\/01\/turn.jpg\" \/>\n\t<meta property=\"og:image:width\" content=\"1895\" \/>\n\t<meta property=\"og:image:height\" content=\"727\" \/>\n\t<meta property=\"og:image:type\" content=\"image\/jpeg\" \/>\n<meta name=\"twitter:card\" content=\"summary_large_image\" \/>\n<meta name=\"twitter:label1\" content=\"Gesch\u00e4tzte Lesezeit\" \/>\n\t<meta name=\"twitter:data1\" content=\"4 Minuten\" \/>\n<script type=\"application\/ld+json\" class=\"yoast-schema-graph\">{\"@context\":\"https:\/\/schema.org\",\"@graph\":[{\"@type\":\"WebPage\",\"@id\":\"https:\/\/vipgo.atsautomation.com\/iwk-de\/%20%20\/produkte-loesungen\/turn-key-linien-der-iwk\/\",\"url\":\"https:\/\/vipgo.atsautomation.com\/iwk-de\/%20%20\/produkte-loesungen\/turn-key-linien-der-iwk\/\",\"name\":\"TURN-KEY-LINIEN DER IWK - Innovative And Customized Manufacturing Solutions\",\"isPartOf\":{\"@id\":\"https:\/\/vipgo.atsautomation.com\/iwk-de\/%20%20\/#website\"},\"primaryImageOfPage\":{\"@id\":\"https:\/\/vipgo.atsautomation.com\/iwk-de\/%20%20\/produkte-loesungen\/turn-key-linien-der-iwk\/#primaryimage\"},\"image\":{\"@id\":\"https:\/\/vipgo.atsautomation.com\/iwk-de\/%20%20\/produkte-loesungen\/turn-key-linien-der-iwk\/#primaryimage\"},\"thumbnailUrl\":\"https:\/\/vipgo.atsautomation.com\/iwk-de\/%20%20\/wp-content\/uploads\/sites\/22\/2021\/01\/turn.jpg\",\"datePublished\":\"2021-01-11T16:57:00+00:00\",\"dateModified\":\"2023-03-28T06:01:32+00:00\",\"breadcrumb\":{\"@id\":\"https:\/\/vipgo.atsautomation.com\/iwk-de\/%20%20\/produkte-loesungen\/turn-key-linien-der-iwk\/#breadcrumb\"},\"inLanguage\":\"de-DE\",\"potentialAction\":[{\"@type\":\"ReadAction\",\"target\":[\"https:\/\/vipgo.atsautomation.com\/iwk-de\/%20%20\/produkte-loesungen\/turn-key-linien-der-iwk\/\"]}]},{\"@type\":\"ImageObject\",\"inLanguage\":\"de-DE\",\"@id\":\"https:\/\/vipgo.atsautomation.com\/iwk-de\/%20%20\/produkte-loesungen\/turn-key-linien-der-iwk\/#primaryimage\",\"url\":\"https:\/\/vipgo.atsautomation.com\/iwk-de\/%20%20\/wp-content\/uploads\/sites\/22\/2021\/01\/turn.jpg\",\"contentUrl\":\"https:\/\/vipgo.atsautomation.com\/iwk-de\/%20%20\/wp-content\/uploads\/sites\/22\/2021\/01\/turn.jpg\",\"width\":1895,\"height\":727},{\"@type\":\"BreadcrumbList\",\"@id\":\"https:\/\/vipgo.atsautomation.com\/iwk-de\/%20%20\/produkte-loesungen\/turn-key-linien-der-iwk\/#breadcrumb\",\"itemListElement\":[{\"@type\":\"ListItem\",\"position\":1,\"name\":\"HOME\",\"item\":\"https:\/\/vipgo.atsautomation.com\/iwk-de\/%20%20\/\"},{\"@type\":\"ListItem\",\"position\":2,\"name\":\"PRODUKTE &amp; L\u00d6SUNGEN\",\"item\":\"https:\/\/vipgo.atsautomation.com\/iwk-de\/%20%20\/produkte-loesungen\/\"},{\"@type\":\"ListItem\",\"position\":3,\"name\":\"TURN-KEY-LINIEN DER IWK\"}]},{\"@type\":\"WebSite\",\"@id\":\"https:\/\/vipgo.atsautomation.com\/iwk-de\/%20%20\/#website\",\"url\":\"https:\/\/vipgo.atsautomation.com\/iwk-de\/%20%20\/\",\"name\":\"Innovative And Customized Manufacturing Solutions\",\"description\":\"\",\"publisher\":{\"@id\":\"https:\/\/vipgo.atsautomation.com\/iwk-de\/%20%20\/#organization\"},\"potentialAction\":[{\"@type\":\"SearchAction\",\"target\":{\"@type\":\"EntryPoint\",\"urlTemplate\":\"https:\/\/vipgo.atsautomation.com\/iwk-de\/%20%20\/?s={search_term_string}\"},\"query-input\":{\"@type\":\"PropertyValueSpecification\",\"valueRequired\":true,\"valueName\":\"search_term_string\"}}],\"inLanguage\":\"de-DE\"},{\"@type\":\"Organization\",\"@id\":\"https:\/\/vipgo.atsautomation.com\/iwk-de\/%20%20\/#organization\",\"name\":\"Innovative And Customized Manufacturing Solutions\",\"url\":\"https:\/\/vipgo.atsautomation.com\/iwk-de\/%20%20\/\",\"logo\":{\"@type\":\"ImageObject\",\"inLanguage\":\"de-DE\",\"@id\":\"https:\/\/vipgo.atsautomation.com\/iwk-de\/%20%20\/#\/schema\/logo\/image\/\",\"url\":\"https:\/\/vipgo.atsautomation.com\/iwk-de\/%20%20\/wp-content\/uploads\/sites\/22\/2023\/02\/LOGO_IWK_4c_Size_2.png\",\"contentUrl\":\"https:\/\/vipgo.atsautomation.com\/iwk-de\/%20%20\/wp-content\/uploads\/sites\/22\/2023\/02\/LOGO_IWK_4c_Size_2.png\",\"width\":238,\"height\":137,\"caption\":\"Innovative And Customized Manufacturing Solutions\"},\"image\":{\"@id\":\"https:\/\/vipgo.atsautomation.com\/iwk-de\/%20%20\/#\/schema\/logo\/image\/\"}}]}<\/script>\n<!-- \/ Yoast SEO Premium plugin. -->","yoast_head_json":{"title":"TURN-KEY-LINIEN DER IWK - Innovative And Customized Manufacturing Solutions","robots":{"index":"index","follow":"follow","max-snippet":"max-snippet:-1","max-image-preview":"max-image-preview:large","max-video-preview":"max-video-preview:-1"},"canonical":"https:\/\/vipgo.atsautomation.com\/iwk-de\/  \/produkte-loesungen\/turn-key-linien-der-iwk\/","og_locale":"de_DE","og_type":"article","og_title":"TURN-KEY-LINIEN DER IWK","og_description":"Maschinenkompetenz konsequent weitergedacht. Als f\u00fchrender Hersteller von Abf\u00fcll- und Verpackungsanlagen im Bereich Pharma und Kosmetik sind wir mit Ihren Anforderungen bestens vertraut. Durch konsequente Beratung von Anfang an sichern wir einen reibungslosen Projektablauf zu. Dabei steht Ihr Produkt im Mittelpunkt. Unsere Flexibilit\u00e4t im Anlagendesign ist hierf\u00fcr ein Schl\u00fcssel. PLANUNGSKOMPETENZ IWK verf\u00fcgt \u00fcber die notwendige Branchenerfahrung,...Read More","og_url":"https:\/\/vipgo.atsautomation.com\/iwk-de\/  \/produkte-loesungen\/turn-key-linien-der-iwk\/","og_site_name":"Innovative And Customized Manufacturing Solutions","article_modified_time":"2023-03-28T06:01:32+00:00","og_image":[{"width":1895,"height":727,"url":"https:\/\/vipgo.atsautomation.com\/iwk-de\/%20%20\/wp-content\/uploads\/sites\/22\/2021\/01\/turn.jpg","type":"image\/jpeg"}],"twitter_card":"summary_large_image","twitter_misc":{"Gesch\u00e4tzte Lesezeit":"4 Minuten"},"schema":{"@context":"https:\/\/schema.org","@graph":[{"@type":"WebPage","@id":"https:\/\/vipgo.atsautomation.com\/iwk-de\/%20%20\/produkte-loesungen\/turn-key-linien-der-iwk\/","url":"https:\/\/vipgo.atsautomation.com\/iwk-de\/%20%20\/produkte-loesungen\/turn-key-linien-der-iwk\/","name":"TURN-KEY-LINIEN DER IWK - Innovative And Customized Manufacturing Solutions","isPartOf":{"@id":"https:\/\/vipgo.atsautomation.com\/iwk-de\/%20%20\/#website"},"primaryImageOfPage":{"@id":"https:\/\/vipgo.atsautomation.com\/iwk-de\/%20%20\/produkte-loesungen\/turn-key-linien-der-iwk\/#primaryimage"},"image":{"@id":"https:\/\/vipgo.atsautomation.com\/iwk-de\/%20%20\/produkte-loesungen\/turn-key-linien-der-iwk\/#primaryimage"},"thumbnailUrl":"https:\/\/vipgo.atsautomation.com\/iwk-de\/%20%20\/wp-content\/uploads\/sites\/22\/2021\/01\/turn.jpg","datePublished":"2021-01-11T16:57:00+00:00","dateModified":"2023-03-28T06:01:32+00:00","breadcrumb":{"@id":"https:\/\/vipgo.atsautomation.com\/iwk-de\/%20%20\/produkte-loesungen\/turn-key-linien-der-iwk\/#breadcrumb"},"inLanguage":"de-DE","potentialAction":[{"@type":"ReadAction","target":["https:\/\/vipgo.atsautomation.com\/iwk-de\/%20%20\/produkte-loesungen\/turn-key-linien-der-iwk\/"]}]},{"@type":"ImageObject","inLanguage":"de-DE","@id":"https:\/\/vipgo.atsautomation.com\/iwk-de\/%20%20\/produkte-loesungen\/turn-key-linien-der-iwk\/#primaryimage","url":"https:\/\/vipgo.atsautomation.com\/iwk-de\/%20%20\/wp-content\/uploads\/sites\/22\/2021\/01\/turn.jpg","contentUrl":"https:\/\/vipgo.atsautomation.com\/iwk-de\/%20%20\/wp-content\/uploads\/sites\/22\/2021\/01\/turn.jpg","width":1895,"height":727},{"@type":"BreadcrumbList","@id":"https:\/\/vipgo.atsautomation.com\/iwk-de\/%20%20\/produkte-loesungen\/turn-key-linien-der-iwk\/#breadcrumb","itemListElement":[{"@type":"ListItem","position":1,"name":"HOME","item":"https:\/\/vipgo.atsautomation.com\/iwk-de\/%20%20\/"},{"@type":"ListItem","position":2,"name":"PRODUKTE &amp; L\u00d6SUNGEN","item":"https:\/\/vipgo.atsautomation.com\/iwk-de\/%20%20\/produkte-loesungen\/"},{"@type":"ListItem","position":3,"name":"TURN-KEY-LINIEN DER IWK"}]},{"@type":"WebSite","@id":"https:\/\/vipgo.atsautomation.com\/iwk-de\/%20%20\/#website","url":"https:\/\/vipgo.atsautomation.com\/iwk-de\/%20%20\/","name":"Innovative And Customized Manufacturing Solutions","description":"","publisher":{"@id":"https:\/\/vipgo.atsautomation.com\/iwk-de\/%20%20\/#organization"},"potentialAction":[{"@type":"SearchAction","target":{"@type":"EntryPoint","urlTemplate":"https:\/\/vipgo.atsautomation.com\/iwk-de\/%20%20\/?s={search_term_string}"},"query-input":{"@type":"PropertyValueSpecification","valueRequired":true,"valueName":"search_term_string"}}],"inLanguage":"de-DE"},{"@type":"Organization","@id":"https:\/\/vipgo.atsautomation.com\/iwk-de\/%20%20\/#organization","name":"Innovative And Customized Manufacturing Solutions","url":"https:\/\/vipgo.atsautomation.com\/iwk-de\/%20%20\/","logo":{"@type":"ImageObject","inLanguage":"de-DE","@id":"https:\/\/vipgo.atsautomation.com\/iwk-de\/%20%20\/#\/schema\/logo\/image\/","url":"https:\/\/vipgo.atsautomation.com\/iwk-de\/%20%20\/wp-content\/uploads\/sites\/22\/2023\/02\/LOGO_IWK_4c_Size_2.png","contentUrl":"https:\/\/vipgo.atsautomation.com\/iwk-de\/%20%20\/wp-content\/uploads\/sites\/22\/2023\/02\/LOGO_IWK_4c_Size_2.png","width":238,"height":137,"caption":"Innovative And Customized Manufacturing Solutions"},"image":{"@id":"https:\/\/vipgo.atsautomation.com\/iwk-de\/%20%20\/#\/schema\/logo\/image\/"}}]}},"jetpack_sharing_enabled":true,"_links":{"self":[{"href":"https:\/\/vipgo.atsautomation.com\/iwk-de\/%20%20\/wp-json\/wp\/v2\/pages\/3442","targetHints":{"allow":["GET"]}}],"collection":[{"href":"https:\/\/vipgo.atsautomation.com\/iwk-de\/%20%20\/wp-json\/wp\/v2\/pages"}],"about":[{"href":"https:\/\/vipgo.atsautomation.com\/iwk-de\/%20%20\/wp-json\/wp\/v2\/types\/page"}],"author":[{"embeddable":true,"href":"https:\/\/vipgo.atsautomation.com\/iwk-de\/%20%20\/wp-json\/wp\/v2\/users\/62"}],"replies":[{"embeddable":true,"href":"https:\/\/vipgo.atsautomation.com\/iwk-de\/%20%20\/wp-json\/wp\/v2\/comments?post=3442"}],"version-history":[{"count":5,"href":"https:\/\/vipgo.atsautomation.com\/iwk-de\/%20%20\/wp-json\/wp\/v2\/pages\/3442\/revisions"}],"predecessor-version":[{"id":10873,"href":"https:\/\/vipgo.atsautomation.com\/iwk-de\/%20%20\/wp-json\/wp\/v2\/pages\/3442\/revisions\/10873"}],"up":[{"embeddable":true,"href":"https:\/\/vipgo.atsautomation.com\/iwk-de\/%20%20\/wp-json\/wp\/v2\/pages\/3458"}],"wp:featuredmedia":[{"embeddable":true,"href":"https:\/\/vipgo.atsautomation.com\/iwk-de\/%20%20\/wp-json\/wp\/v2\/media\/2132"}],"wp:attachment":[{"href":"https:\/\/vipgo.atsautomation.com\/iwk-de\/%20%20\/wp-json\/wp\/v2\/media?parent=3442"}],"curies":[{"name":"wp","href":"https:\/\/api.w.org\/{rel}","templated":true}]}}