{"id":3458,"date":"2021-01-06T16:19:44","date_gmt":"2021-01-06T16:19:44","guid":{"rendered":"https:\/\/iwk.de\/?page_id=3458"},"modified":"2021-03-16T09:05:45","modified_gmt":"2021-03-16T09:05:45","slug":"produkte-loesungen","status":"publish","type":"page","link":"https:\/\/vipgo.atsautomation.com\/iwk-de\/%20%20\/produkte-loesungen\/","title":{"rendered":"PRODUKTE &amp; L\u00d6SUNGEN"},"content":{"rendered":"<div class=\"home-main row\">\n<span><span><a href=\"https:\/\/vipgo.atsautomation.com\/iwk-de\/%20%20\/\">HOME<\/a><\/span><\/span><\/p>\n<h2>Produkte und L\u00f6sungen \u2013 Maschinen- und Linieninstallationen<\/h2>\n<p>IWK liefert hervorragende Produkte oder umfassende L\u00f6sungen sowohl f\u00fcr Linieninstallationen als auch f\u00fcr erstklassige Einzelmaschinen. Nat\u00fcrlich mit unvergleichlicher Flexibilit\u00e4t, Zuverl\u00e4ssigkeit und Leistung. Denn das ist zentraler Bestandteil unserer DNA.<\/p>\n<div class=\"row\">\n<div class=\"column-product-left\">\n<div class=\"bildTeaser\" style=\"min-height: 300px;\">\n<h3>M\u00c4RKTE &amp; ANWENDUNGEN<\/h3>\n<p>Die Marktsegmente Pharma und Kosmetik stellen die Hauptm\u00e4rkte dar, die von der IWK bedient werden. Hier sind wir in Teilm\u00e4rkten Weltmarktf\u00fchrer. Lebensmittel und Getr\u00e4nke stellen das dritte wesentliche Marktsegment dar.<\/p>\n<figure><img decoding=\"async\" class=\"image-embed-item\" src=\"https:\/\/iwk.de\/wp-content\/uploads\/sites\/22\/2021\/01\/maerkte.jpg\" alt=\"M\u00c4RKTE &amp; ANWENDUNGEN\" \/><figcaption>\n<p class=\"plusicon text-center\"><a href=\"https:\/\/iwk.de\/de\/produkte-loesungen\/maerkte-und-anwendungen\/\" target=\"_self\" rel=\"noopener\"><img decoding=\"async\" src=\"https:\/\/iwk.de\/wp-content\/uploads\/sites\/22\/2021\/01\/plus-icon-01.png\" \/><\/a><\/p>\n<\/figcaption><\/figure>\n<\/div>\n<\/div>\n<div class=\"column-product-right \">\n<div class=\"bildTeaser\" style=\"min-height: 300px;\">\n<h3>Maschinen<\/h3>\n<p>IWK wird von seinen Kunden f\u00fcr Spitzentechnologie mit Linienkompetenz f\u00fcr erstklassige Maschinen mit exzellenter Leistung und h\u00f6chster Zuverl\u00e4ssigkeit gesch\u00e4tzt.<\/p>\n<figure><img decoding=\"async\" class=\"image-embed-item\" src=\"https:\/\/iwk.de\/wp-content\/uploads\/sites\/22\/2021\/01\/maschinen.jpg\" alt=\"Maschinen\" \/><figcaption>\n<p class=\"plusicon text-center\"><a href=\"\/iwk\/de\/maschinen\/\" target=\"_self\" rel=\"noopener\"><img decoding=\"async\" src=\"https:\/\/iwk.de\/wp-content\/uploads\/sites\/22\/2021\/01\/plus-icon-01.png\" \/><\/a><\/p>\n<\/figcaption><\/figure>\n<\/div>\n<\/div>\n<\/div>\n<div class=\"row\">\n<div class=\"column-product-left\">\n<div class=\"bildTeaser\" style=\"min-height: 300px;\">\n<h3>Turn-Key-Linien<\/h3>\n<p>Als f\u00fchrender Hersteller von Abf\u00fcll- und Verpackungsanlagen im Bereich Pharma und Kosmetik sind wir mit Ihren Anforderungen bestens vertraut. Durch konsequente Beratung von Anfang an sichern wir einen reibungslosen Projektablauf zu.<\/p>\n<figure><img decoding=\"async\" class=\"image-embed-item\" src=\"https:\/\/iwk.de\/wp-content\/uploads\/sites\/22\/2021\/01\/turnkey.jpg\" alt=\"TurnkeyLINIEN\" \/><figcaption>\n<p class=\"plusicon text-center\"><a href=\"https:\/\/iwk.de\/de\/produkte-loesungen\/turn-key-linien-der-iwk\/\" target=\"_self\" rel=\"noopener\"><img decoding=\"async\" src=\"https:\/\/iwk.de\/wp-content\/uploads\/sites\/22\/2021\/01\/plus-icon-01.png\" \/><\/a><\/p>\n<\/figcaption><\/figure>\n<\/div>\n<\/div>\n<div class=\"column-product-right \">\n<div class=\"bildTeaser\" style=\"min-height: 300px;\">\n<h3>Kundenspezifische L\u00f6sungen<\/h3>\n<p>Ma\u00dfanfertigungen bedeuten f\u00fcr uns ihre Produktionsanlage vollst\u00e4ndig auf das herzustellende Produkt auszurichten um eine optimale Prozesssicherheit gew\u00e4hrleisten zu k\u00f6nnen.<\/p>\n<figure><img decoding=\"async\" class=\"image-embed-item\" src=\"https:\/\/iwk.de\/wp-content\/uploads\/sites\/22\/2021\/01\/kundenspezifische_loesungen.jpg\" alt=\"Kundenspezifische L\u00f6sungen\" \/><figcaption>\n<p class=\"plusicon text-center\"><a href=\"https:\/\/iwk.de\/de\/produkte-loesungen\/kundenspezifische-loesungen\/\" target=\"_self\" rel=\"noopener\"><img decoding=\"async\" src=\"https:\/\/iwk.de\/wp-content\/uploads\/sites\/22\/2021\/01\/plus-icon-01.png\" \/><\/a><\/p>\n<\/figcaption><\/figure>\n<\/div>\n<\/div>\n<\/div>\n<\/div>\n","protected":false},"excerpt":{"rendered":"<p>Produkte und L\u00f6sungen \u2013 Maschinen- und Linieninstallationen IWK liefert hervorragende Produkte oder umfassende L\u00f6sungen sowohl f\u00fcr Linieninstallationen als auch f\u00fcr erstklassige Einzelmaschinen. Nat\u00fcrlich mit unvergleichlicher Flexibilit\u00e4t, Zuverl\u00e4ssigkeit und Leistung. Denn das ist zentraler Bestandteil unserer DNA. M\u00c4RKTE &amp; ANWENDUNGEN Die Marktsegmente Pharma und Kosmetik stellen die Hauptm\u00e4rkte dar, die von der IWK bedient werden. Hier&#8230;<\/p>\n<div class=\"post-button\"><a href=\"https:\/\/vipgo.atsautomation.com\/iwk-de\/%20%20\/produkte-loesungen\/\">Read More<\/a><\/div>\n","protected":false},"author":62,"featured_media":2094,"parent":0,"menu_order":0,"comment_status":"closed","ping_status":"closed","template":"","meta":{"inline_featured_image":false,"footnotes":""},"class_list":["post-3458","page","type-page","status-publish","has-post-thumbnail","hentry"],"yoast_head":"<!-- This site is optimized with the Yoast SEO Premium plugin v26.8 (Yoast SEO v26.8) - https:\/\/yoast.com\/product\/yoast-seo-premium-wordpress\/ -->\n<title>PRODUKTE &amp; L\u00d6SUNGEN - Innovative And Customized Manufacturing Solutions<\/title>\n<meta name=\"robots\" content=\"index, follow, max-snippet:-1, max-image-preview:large, max-video-preview:-1\" \/>\n<link rel=\"canonical\" href=\"https:\/\/vipgo.atsautomation.com\/iwk-de\/%20%20\/produkte-loesungen\/\" \/>\n<meta property=\"og:locale\" content=\"de_DE\" \/>\n<meta property=\"og:type\" content=\"article\" \/>\n<meta property=\"og:title\" content=\"PRODUKTE &amp; L\u00d6SUNGEN\" \/>\n<meta property=\"og:description\" content=\"Produkte und L\u00f6sungen \u2013 Maschinen- und Linieninstallationen IWK liefert hervorragende Produkte oder umfassende L\u00f6sungen sowohl f\u00fcr Linieninstallationen als auch f\u00fcr erstklassige Einzelmaschinen. Nat\u00fcrlich mit unvergleichlicher Flexibilit\u00e4t, Zuverl\u00e4ssigkeit und Leistung. Denn das ist zentraler Bestandteil unserer DNA. M\u00c4RKTE &amp; ANWENDUNGEN Die Marktsegmente Pharma und Kosmetik stellen die Hauptm\u00e4rkte dar, die von der IWK bedient werden. Hier...Read More\" \/>\n<meta property=\"og:url\" content=\"https:\/\/vipgo.atsautomation.com\/iwk-de\/  \/produkte-loesungen\/\" \/>\n<meta property=\"og:site_name\" content=\"Innovative And Customized Manufacturing Solutions\" \/>\n<meta property=\"article:modified_time\" content=\"2021-03-16T09:05:45+00:00\" \/>\n<meta property=\"og:image\" content=\"https:\/\/vipgo.atsautomation.com\/iwk-de\/%20%20\/wp-content\/uploads\/sites\/22\/2021\/01\/products.jpg\" \/>\n\t<meta property=\"og:image:width\" content=\"1898\" \/>\n\t<meta property=\"og:image:height\" content=\"723\" \/>\n\t<meta property=\"og:image:type\" content=\"image\/jpeg\" \/>\n<meta name=\"twitter:card\" content=\"summary_large_image\" \/>\n<meta name=\"twitter:label1\" content=\"Gesch\u00e4tzte Lesezeit\" \/>\n\t<meta name=\"twitter:data1\" content=\"1 Minute\" \/>\n<script type=\"application\/ld+json\" class=\"yoast-schema-graph\">{\"@context\":\"https:\/\/schema.org\",\"@graph\":[{\"@type\":\"WebPage\",\"@id\":\"https:\/\/vipgo.atsautomation.com\/iwk-de\/%20%20\/produkte-loesungen\/\",\"url\":\"https:\/\/vipgo.atsautomation.com\/iwk-de\/%20%20\/produkte-loesungen\/\",\"name\":\"PRODUKTE &amp; L\u00d6SUNGEN - Innovative And Customized Manufacturing Solutions\",\"isPartOf\":{\"@id\":\"https:\/\/vipgo.atsautomation.com\/iwk-de\/%20%20\/#website\"},\"primaryImageOfPage\":{\"@id\":\"https:\/\/vipgo.atsautomation.com\/iwk-de\/%20%20\/produkte-loesungen\/#primaryimage\"},\"image\":{\"@id\":\"https:\/\/vipgo.atsautomation.com\/iwk-de\/%20%20\/produkte-loesungen\/#primaryimage\"},\"thumbnailUrl\":\"https:\/\/vipgo.atsautomation.com\/iwk-de\/%20%20\/wp-content\/uploads\/sites\/22\/2021\/01\/products.jpg\",\"datePublished\":\"2021-01-06T16:19:44+00:00\",\"dateModified\":\"2021-03-16T09:05:45+00:00\",\"breadcrumb\":{\"@id\":\"https:\/\/vipgo.atsautomation.com\/iwk-de\/%20%20\/produkte-loesungen\/#breadcrumb\"},\"inLanguage\":\"de-DE\",\"potentialAction\":[{\"@type\":\"ReadAction\",\"target\":[\"https:\/\/vipgo.atsautomation.com\/iwk-de\/%20%20\/produkte-loesungen\/\"]}]},{\"@type\":\"ImageObject\",\"inLanguage\":\"de-DE\",\"@id\":\"https:\/\/vipgo.atsautomation.com\/iwk-de\/%20%20\/produkte-loesungen\/#primaryimage\",\"url\":\"https:\/\/vipgo.atsautomation.com\/iwk-de\/%20%20\/wp-content\/uploads\/sites\/22\/2021\/01\/products.jpg\",\"contentUrl\":\"https:\/\/vipgo.atsautomation.com\/iwk-de\/%20%20\/wp-content\/uploads\/sites\/22\/2021\/01\/products.jpg\",\"width\":1898,\"height\":723},{\"@type\":\"BreadcrumbList\",\"@id\":\"https:\/\/vipgo.atsautomation.com\/iwk-de\/%20%20\/produkte-loesungen\/#breadcrumb\",\"itemListElement\":[{\"@type\":\"ListItem\",\"position\":1,\"name\":\"HOME\",\"item\":\"https:\/\/vipgo.atsautomation.com\/iwk-de\/%20%20\/\"},{\"@type\":\"ListItem\",\"position\":2,\"name\":\"PRODUKTE &amp; L\u00d6SUNGEN\"}]},{\"@type\":\"WebSite\",\"@id\":\"https:\/\/vipgo.atsautomation.com\/iwk-de\/%20%20\/#website\",\"url\":\"https:\/\/vipgo.atsautomation.com\/iwk-de\/%20%20\/\",\"name\":\"Innovative And Customized Manufacturing Solutions\",\"description\":\"\",\"publisher\":{\"@id\":\"https:\/\/vipgo.atsautomation.com\/iwk-de\/%20%20\/#organization\"},\"potentialAction\":[{\"@type\":\"SearchAction\",\"target\":{\"@type\":\"EntryPoint\",\"urlTemplate\":\"https:\/\/vipgo.atsautomation.com\/iwk-de\/%20%20\/?s={search_term_string}\"},\"query-input\":{\"@type\":\"PropertyValueSpecification\",\"valueRequired\":true,\"valueName\":\"search_term_string\"}}],\"inLanguage\":\"de-DE\"},{\"@type\":\"Organization\",\"@id\":\"https:\/\/vipgo.atsautomation.com\/iwk-de\/%20%20\/#organization\",\"name\":\"Innovative And Customized Manufacturing Solutions\",\"url\":\"https:\/\/vipgo.atsautomation.com\/iwk-de\/%20%20\/\",\"logo\":{\"@type\":\"ImageObject\",\"inLanguage\":\"de-DE\",\"@id\":\"https:\/\/vipgo.atsautomation.com\/iwk-de\/%20%20\/#\/schema\/logo\/image\/\",\"url\":\"https:\/\/vipgo.atsautomation.com\/iwk-de\/%20%20\/wp-content\/uploads\/sites\/22\/2023\/02\/LOGO_IWK_4c_Size_2.png\",\"contentUrl\":\"https:\/\/vipgo.atsautomation.com\/iwk-de\/%20%20\/wp-content\/uploads\/sites\/22\/2023\/02\/LOGO_IWK_4c_Size_2.png\",\"width\":238,\"height\":137,\"caption\":\"Innovative And Customized Manufacturing Solutions\"},\"image\":{\"@id\":\"https:\/\/vipgo.atsautomation.com\/iwk-de\/%20%20\/#\/schema\/logo\/image\/\"}}]}<\/script>\n<!-- \/ Yoast SEO Premium plugin. -->","yoast_head_json":{"title":"PRODUKTE &amp; L\u00d6SUNGEN - Innovative And Customized Manufacturing Solutions","robots":{"index":"index","follow":"follow","max-snippet":"max-snippet:-1","max-image-preview":"max-image-preview:large","max-video-preview":"max-video-preview:-1"},"canonical":"https:\/\/vipgo.atsautomation.com\/iwk-de\/  \/produkte-loesungen\/","og_locale":"de_DE","og_type":"article","og_title":"PRODUKTE &amp; L\u00d6SUNGEN","og_description":"Produkte und L\u00f6sungen \u2013 Maschinen- und Linieninstallationen IWK liefert hervorragende Produkte oder umfassende L\u00f6sungen sowohl f\u00fcr Linieninstallationen als auch f\u00fcr erstklassige Einzelmaschinen. Nat\u00fcrlich mit unvergleichlicher Flexibilit\u00e4t, Zuverl\u00e4ssigkeit und Leistung. Denn das ist zentraler Bestandteil unserer DNA. M\u00c4RKTE &amp; ANWENDUNGEN Die Marktsegmente Pharma und Kosmetik stellen die Hauptm\u00e4rkte dar, die von der IWK bedient werden. Hier...Read More","og_url":"https:\/\/vipgo.atsautomation.com\/iwk-de\/  \/produkte-loesungen\/","og_site_name":"Innovative And Customized Manufacturing Solutions","article_modified_time":"2021-03-16T09:05:45+00:00","og_image":[{"width":1898,"height":723,"url":"https:\/\/vipgo.atsautomation.com\/iwk-de\/%20%20\/wp-content\/uploads\/sites\/22\/2021\/01\/products.jpg","type":"image\/jpeg"}],"twitter_card":"summary_large_image","twitter_misc":{"Gesch\u00e4tzte Lesezeit":"1 Minute"},"schema":{"@context":"https:\/\/schema.org","@graph":[{"@type":"WebPage","@id":"https:\/\/vipgo.atsautomation.com\/iwk-de\/%20%20\/produkte-loesungen\/","url":"https:\/\/vipgo.atsautomation.com\/iwk-de\/%20%20\/produkte-loesungen\/","name":"PRODUKTE &amp; L\u00d6SUNGEN - Innovative And Customized Manufacturing Solutions","isPartOf":{"@id":"https:\/\/vipgo.atsautomation.com\/iwk-de\/%20%20\/#website"},"primaryImageOfPage":{"@id":"https:\/\/vipgo.atsautomation.com\/iwk-de\/%20%20\/produkte-loesungen\/#primaryimage"},"image":{"@id":"https:\/\/vipgo.atsautomation.com\/iwk-de\/%20%20\/produkte-loesungen\/#primaryimage"},"thumbnailUrl":"https:\/\/vipgo.atsautomation.com\/iwk-de\/%20%20\/wp-content\/uploads\/sites\/22\/2021\/01\/products.jpg","datePublished":"2021-01-06T16:19:44+00:00","dateModified":"2021-03-16T09:05:45+00:00","breadcrumb":{"@id":"https:\/\/vipgo.atsautomation.com\/iwk-de\/%20%20\/produkte-loesungen\/#breadcrumb"},"inLanguage":"de-DE","potentialAction":[{"@type":"ReadAction","target":["https:\/\/vipgo.atsautomation.com\/iwk-de\/%20%20\/produkte-loesungen\/"]}]},{"@type":"ImageObject","inLanguage":"de-DE","@id":"https:\/\/vipgo.atsautomation.com\/iwk-de\/%20%20\/produkte-loesungen\/#primaryimage","url":"https:\/\/vipgo.atsautomation.com\/iwk-de\/%20%20\/wp-content\/uploads\/sites\/22\/2021\/01\/products.jpg","contentUrl":"https:\/\/vipgo.atsautomation.com\/iwk-de\/%20%20\/wp-content\/uploads\/sites\/22\/2021\/01\/products.jpg","width":1898,"height":723},{"@type":"BreadcrumbList","@id":"https:\/\/vipgo.atsautomation.com\/iwk-de\/%20%20\/produkte-loesungen\/#breadcrumb","itemListElement":[{"@type":"ListItem","position":1,"name":"HOME","item":"https:\/\/vipgo.atsautomation.com\/iwk-de\/%20%20\/"},{"@type":"ListItem","position":2,"name":"PRODUKTE &amp; L\u00d6SUNGEN"}]},{"@type":"WebSite","@id":"https:\/\/vipgo.atsautomation.com\/iwk-de\/%20%20\/#website","url":"https:\/\/vipgo.atsautomation.com\/iwk-de\/%20%20\/","name":"Innovative And Customized Manufacturing Solutions","description":"","publisher":{"@id":"https:\/\/vipgo.atsautomation.com\/iwk-de\/%20%20\/#organization"},"potentialAction":[{"@type":"SearchAction","target":{"@type":"EntryPoint","urlTemplate":"https:\/\/vipgo.atsautomation.com\/iwk-de\/%20%20\/?s={search_term_string}"},"query-input":{"@type":"PropertyValueSpecification","valueRequired":true,"valueName":"search_term_string"}}],"inLanguage":"de-DE"},{"@type":"Organization","@id":"https:\/\/vipgo.atsautomation.com\/iwk-de\/%20%20\/#organization","name":"Innovative And Customized Manufacturing Solutions","url":"https:\/\/vipgo.atsautomation.com\/iwk-de\/%20%20\/","logo":{"@type":"ImageObject","inLanguage":"de-DE","@id":"https:\/\/vipgo.atsautomation.com\/iwk-de\/%20%20\/#\/schema\/logo\/image\/","url":"https:\/\/vipgo.atsautomation.com\/iwk-de\/%20%20\/wp-content\/uploads\/sites\/22\/2023\/02\/LOGO_IWK_4c_Size_2.png","contentUrl":"https:\/\/vipgo.atsautomation.com\/iwk-de\/%20%20\/wp-content\/uploads\/sites\/22\/2023\/02\/LOGO_IWK_4c_Size_2.png","width":238,"height":137,"caption":"Innovative And Customized Manufacturing Solutions"},"image":{"@id":"https:\/\/vipgo.atsautomation.com\/iwk-de\/%20%20\/#\/schema\/logo\/image\/"}}]}},"jetpack_sharing_enabled":true,"_links":{"self":[{"href":"https:\/\/vipgo.atsautomation.com\/iwk-de\/%20%20\/wp-json\/wp\/v2\/pages\/3458","targetHints":{"allow":["GET"]}}],"collection":[{"href":"https:\/\/vipgo.atsautomation.com\/iwk-de\/%20%20\/wp-json\/wp\/v2\/pages"}],"about":[{"href":"https:\/\/vipgo.atsautomation.com\/iwk-de\/%20%20\/wp-json\/wp\/v2\/types\/page"}],"author":[{"embeddable":true,"href":"https:\/\/vipgo.atsautomation.com\/iwk-de\/%20%20\/wp-json\/wp\/v2\/users\/62"}],"replies":[{"embeddable":true,"href":"https:\/\/vipgo.atsautomation.com\/iwk-de\/%20%20\/wp-json\/wp\/v2\/comments?post=3458"}],"version-history":[{"count":12,"href":"https:\/\/vipgo.atsautomation.com\/iwk-de\/%20%20\/wp-json\/wp\/v2\/pages\/3458\/revisions"}],"predecessor-version":[{"id":5676,"href":"https:\/\/vipgo.atsautomation.com\/iwk-de\/%20%20\/wp-json\/wp\/v2\/pages\/3458\/revisions\/5676"}],"wp:featuredmedia":[{"embeddable":true,"href":"https:\/\/vipgo.atsautomation.com\/iwk-de\/%20%20\/wp-json\/wp\/v2\/media\/2094"}],"wp:attachment":[{"href":"https:\/\/vipgo.atsautomation.com\/iwk-de\/%20%20\/wp-json\/wp\/v2\/media?parent=3458"}],"curies":[{"name":"wp","href":"https:\/\/api.w.org\/{rel}","templated":true}]}}