{"id":3476,"date":"2021-01-12T15:25:02","date_gmt":"2021-01-12T15:25:02","guid":{"rendered":"https:\/\/iwk.de\/?page_id=3476"},"modified":"2021-02-26T14:53:23","modified_gmt":"2021-02-26T14:53:23","slug":"produktivitaet","status":"publish","type":"page","link":"https:\/\/vipgo.atsautomation.com\/iwk-de\/%20%20\/service-de\/produktivitaet\/","title":{"rendered":"PRODUKTIVIT\u00c4T"},"content":{"rendered":"<div class=\"glance-second\">\n<div class=\"home-main row\"><span><span><a href=\"https:\/\/vipgo.atsautomation.com\/iwk-de\/%20%20\/\">HOME<\/a><\/span><\/span><\/p>\n<details>\n<summary>TRAINING UND SUPPORT<\/summary>\n<div class=\"faq__content\">\n<p>IWK bietet die M\u00f6glichkeit Ihre Mitarbeiter langfristig und nachhaltig durch gezielte Schulungsma\u00dfnahmen weiterzubilden. Auf Basis der Zielgruppe, dem Wissensstand, der eingesetzten Maschine und dem gew\u00fcnschten Schulungsinhalt erstellen wir f\u00fcr Sie ein individuelles Schulungsprogramm mit hohem Praxisbezug f\u00fcr Ihre Mitarbeiter.<\/p>\n<h4>Ihre Vorteile:<\/h4>\n<ul>\n<li>Zielgerichtete und nachhaltige Schulung von Bedienern und Wartungspersonal<\/li>\n<li>Anleitung zu regelm\u00e4\u00dfigen Wartungsarbeiten und dem Verhalten im St\u00f6rfall<\/li>\n<li>Individuelle, auf die Maschinen und Teilnehmer abgestimmte Trainingsinhalte<\/li>\n<li>Effiziente Nutzung der Anlagen und des technischen Equipments<\/li>\n<li>Sicherer Umgang bei der Arbeit an Ihren Maschinen<\/li>\n<\/ul>\n<\/div>\n<\/details>\n<details>\n<summary>PRODUKTIONSSUPPORT<\/summary>\n<div class=\"faq__content\">\n<p>Der Umgang mit neuen, hochtechnologischen Produktionsanlagen, besonders in der Anfangsphase, gestaltet sich mitunter schwierig und f\u00fchrt ohne eine zielgerichtete Produktionsunterst\u00fctzung nicht schnell genug zu den gew\u00fcnschten Ausbringungsergebnissen. Auch der Wechsel von technischem Personal oder Produktionspersonal hat Einfluss auf die Effizienz Ihrer Bestandsanlagen. Hierzu bieten wir Ihnen folgende L\u00f6sungen:<\/p>\n<ul>\n<li>Individuelle Produktionsunterst\u00fctzung durch qualifiziertes Fachpersonal<\/li>\n<li>Kontinuierliche \u00dcberwachung der Maschinenleistung<\/li>\n<li>Effektive Fehlerbehebung im St\u00f6rfall<\/li>\n<li>Unterst\u00fctzung und Einweisung Ihrer Mitarbeiter im Umgang mit den IWK Anlagen<\/li>\n<\/ul>\n<h4>Ihre Vorteile:<\/h4>\n<ul>\n<li>Gesteigerte Effizienz Ihrer Anlagen und Prozesse<\/li>\n<li>Zielgenaue Anleitung der Produktionsmitarbeiter<\/li>\n<li>Schnelle Behebung von St\u00f6rf\u00e4llen<\/li>\n<\/ul>\n<\/div>\n<\/details>\n<details>\n<summary>AUDITIERUNG<\/summary>\n<div class=\"faq__content\">\n<p>Um die Produktivit\u00e4t und Effizienz Ihrer Produktion zu steigern, bieten wir Ihnen die M\u00f6glichkeit der Prozess- und Performance-Auditierung. Ausgangsbasis der Erhebung bildet eine ausf\u00fchrliche Untersuchung der Bereiche, die einen Einfluss auf die Effizienz Ihrer Anlage nehmen. Dabei werden neben dem technischen Equipment auch die damit verbundenen Prozesse und Fachkompetenzen der Mitarbeiter betrachtet. Auf der Grundlage der gewonnenen Informationen entwickeln wir anschlie\u00dfend ein individuell auf Sie zugeschnittenes Optimierungs-konzept und unterst\u00fctzen Sie bei dessen Umsetzung. Weitere Inhalte unserer Auditierung sind:<\/p>\n<ul>\n<li>Definition und Abstimmung von Zielvorgaben mit Mitarbeitern und Vorgesetzten<\/li>\n<li>Bewertung der F\u00e4higkeiten Ihres Personals hinsichtlich Wartung und Betrieb der Anlagen<\/li>\n<li>Ermittlung des Schulungsbedarfs f\u00fcr die kritischen Bereiche und Priorisierung nach Sicherheitsaspekten, Risiken und Kosten<\/li>\n<li>Quantifizierung und Absch\u00e4tzung von Verbesserungspotentialen<\/li>\n<li>Vorschl\u00e4ge zur Optimierung Ihrer technischen Anlagen<\/li>\n<\/ul>\n<h4>Ihre Vorteile:<\/h4>\n<ul>\n<li>Gesteigerte Effizienz Ihrer Anlagen und Prozesse<\/li>\n<li>Transparente Darstellung der wichtigsten Einflussgr\u00f6\u00dfen und Optimierungspotentiale<\/li>\n<li>M\u00f6glichkeit zur gezielten Einleitung von Weiterbildungsma\u00dfnahmen<\/li>\n<\/ul>\n<\/div>\n<\/details>\n<p>&nbsp;<\/p>\n<p><a class=\"backLink\" href=\"https:\/\/iwk.de\/de\/service-de\/\" target=\"_self\" rel=\"noopener\">ZUR\u00dcCK ZU \u201eSERVICE\u201c<\/a><\/p>\n<\/div>\n<\/div>\n","protected":false},"excerpt":{"rendered":"<p>TRAINING UND SUPPORT IWK bietet die M\u00f6glichkeit Ihre Mitarbeiter langfristig und nachhaltig durch gezielte Schulungsma\u00dfnahmen weiterzubilden. Auf Basis der Zielgruppe, dem Wissensstand, der eingesetzten Maschine und dem gew\u00fcnschten Schulungsinhalt erstellen wir f\u00fcr Sie ein individuelles Schulungsprogramm mit hohem Praxisbezug f\u00fcr Ihre Mitarbeiter. Ihre Vorteile: Zielgerichtete und nachhaltige Schulung von Bedienern und Wartungspersonal Anleitung zu regelm\u00e4\u00dfigen&#8230;<\/p>\n<div class=\"post-button\"><a href=\"https:\/\/vipgo.atsautomation.com\/iwk-de\/%20%20\/service-de\/produktivitaet\/\">Read More<\/a><\/div>\n","protected":false},"author":62,"featured_media":2104,"parent":3450,"menu_order":0,"comment_status":"closed","ping_status":"closed","template":"","meta":{"inline_featured_image":false,"footnotes":""},"class_list":["post-3476","page","type-page","status-publish","has-post-thumbnail","hentry"],"yoast_head":"<!-- This site is optimized with the Yoast SEO Premium plugin v26.8 (Yoast SEO v26.8) - https:\/\/yoast.com\/product\/yoast-seo-premium-wordpress\/ -->\n<title>PRODUKTIVIT\u00c4T - Innovative And Customized Manufacturing Solutions<\/title>\n<meta name=\"robots\" content=\"index, follow, max-snippet:-1, max-image-preview:large, max-video-preview:-1\" \/>\n<link rel=\"canonical\" href=\"https:\/\/vipgo.atsautomation.com\/iwk-de\/%20%20\/service-de\/produktivitaet\/\" \/>\n<meta property=\"og:locale\" content=\"de_DE\" \/>\n<meta property=\"og:type\" content=\"article\" \/>\n<meta property=\"og:title\" content=\"PRODUKTIVIT\u00c4T\" \/>\n<meta property=\"og:description\" content=\"TRAINING UND SUPPORT IWK bietet die M\u00f6glichkeit Ihre Mitarbeiter langfristig und nachhaltig durch gezielte Schulungsma\u00dfnahmen weiterzubilden. Auf Basis der Zielgruppe, dem Wissensstand, der eingesetzten Maschine und dem gew\u00fcnschten Schulungsinhalt erstellen wir f\u00fcr Sie ein individuelles Schulungsprogramm mit hohem Praxisbezug f\u00fcr Ihre Mitarbeiter. Ihre Vorteile: Zielgerichtete und nachhaltige Schulung von Bedienern und Wartungspersonal Anleitung zu regelm\u00e4\u00dfigen...Read More\" \/>\n<meta property=\"og:url\" content=\"https:\/\/vipgo.atsautomation.com\/iwk-de\/  \/service-de\/produktivitaet\/\" \/>\n<meta property=\"og:site_name\" content=\"Innovative And Customized Manufacturing Solutions\" \/>\n<meta property=\"article:modified_time\" content=\"2021-02-26T14:53:23+00:00\" \/>\n<meta property=\"og:image\" content=\"https:\/\/vipgo.atsautomation.com\/iwk-de\/%20%20\/wp-content\/uploads\/sites\/22\/2021\/01\/service.jpg\" \/>\n\t<meta property=\"og:image:width\" content=\"1901\" \/>\n\t<meta property=\"og:image:height\" content=\"725\" \/>\n\t<meta property=\"og:image:type\" content=\"image\/jpeg\" \/>\n<meta name=\"twitter:card\" content=\"summary_large_image\" \/>\n<meta name=\"twitter:label1\" content=\"Gesch\u00e4tzte Lesezeit\" \/>\n\t<meta name=\"twitter:data1\" content=\"2 Minuten\" \/>\n<script type=\"application\/ld+json\" class=\"yoast-schema-graph\">{\"@context\":\"https:\/\/schema.org\",\"@graph\":[{\"@type\":\"WebPage\",\"@id\":\"https:\/\/vipgo.atsautomation.com\/iwk-de\/%20%20\/service-de\/produktivitaet\/\",\"url\":\"https:\/\/vipgo.atsautomation.com\/iwk-de\/%20%20\/service-de\/produktivitaet\/\",\"name\":\"PRODUKTIVIT\u00c4T - Innovative And Customized Manufacturing Solutions\",\"isPartOf\":{\"@id\":\"https:\/\/vipgo.atsautomation.com\/iwk-de\/%20%20\/#website\"},\"primaryImageOfPage\":{\"@id\":\"https:\/\/vipgo.atsautomation.com\/iwk-de\/%20%20\/service-de\/produktivitaet\/#primaryimage\"},\"image\":{\"@id\":\"https:\/\/vipgo.atsautomation.com\/iwk-de\/%20%20\/service-de\/produktivitaet\/#primaryimage\"},\"thumbnailUrl\":\"https:\/\/vipgo.atsautomation.com\/iwk-de\/%20%20\/wp-content\/uploads\/sites\/22\/2021\/01\/service.jpg\",\"datePublished\":\"2021-01-12T15:25:02+00:00\",\"dateModified\":\"2021-02-26T14:53:23+00:00\",\"breadcrumb\":{\"@id\":\"https:\/\/vipgo.atsautomation.com\/iwk-de\/%20%20\/service-de\/produktivitaet\/#breadcrumb\"},\"inLanguage\":\"de-DE\",\"potentialAction\":[{\"@type\":\"ReadAction\",\"target\":[\"https:\/\/vipgo.atsautomation.com\/iwk-de\/%20%20\/service-de\/produktivitaet\/\"]}]},{\"@type\":\"ImageObject\",\"inLanguage\":\"de-DE\",\"@id\":\"https:\/\/vipgo.atsautomation.com\/iwk-de\/%20%20\/service-de\/produktivitaet\/#primaryimage\",\"url\":\"https:\/\/vipgo.atsautomation.com\/iwk-de\/%20%20\/wp-content\/uploads\/sites\/22\/2021\/01\/service.jpg\",\"contentUrl\":\"https:\/\/vipgo.atsautomation.com\/iwk-de\/%20%20\/wp-content\/uploads\/sites\/22\/2021\/01\/service.jpg\",\"width\":1901,\"height\":725},{\"@type\":\"BreadcrumbList\",\"@id\":\"https:\/\/vipgo.atsautomation.com\/iwk-de\/%20%20\/service-de\/produktivitaet\/#breadcrumb\",\"itemListElement\":[{\"@type\":\"ListItem\",\"position\":1,\"name\":\"HOME\",\"item\":\"https:\/\/vipgo.atsautomation.com\/iwk-de\/%20%20\/\"},{\"@type\":\"ListItem\",\"position\":2,\"name\":\"TOP SERVICE\",\"item\":\"https:\/\/vipgo.atsautomation.com\/iwk-de\/%20%20\/service-de\/\"},{\"@type\":\"ListItem\",\"position\":3,\"name\":\"PRODUKTIVIT\u00c4T\"}]},{\"@type\":\"WebSite\",\"@id\":\"https:\/\/vipgo.atsautomation.com\/iwk-de\/%20%20\/#website\",\"url\":\"https:\/\/vipgo.atsautomation.com\/iwk-de\/%20%20\/\",\"name\":\"Innovative And Customized Manufacturing Solutions\",\"description\":\"\",\"publisher\":{\"@id\":\"https:\/\/vipgo.atsautomation.com\/iwk-de\/%20%20\/#organization\"},\"potentialAction\":[{\"@type\":\"SearchAction\",\"target\":{\"@type\":\"EntryPoint\",\"urlTemplate\":\"https:\/\/vipgo.atsautomation.com\/iwk-de\/%20%20\/?s={search_term_string}\"},\"query-input\":{\"@type\":\"PropertyValueSpecification\",\"valueRequired\":true,\"valueName\":\"search_term_string\"}}],\"inLanguage\":\"de-DE\"},{\"@type\":\"Organization\",\"@id\":\"https:\/\/vipgo.atsautomation.com\/iwk-de\/%20%20\/#organization\",\"name\":\"Innovative And Customized Manufacturing Solutions\",\"url\":\"https:\/\/vipgo.atsautomation.com\/iwk-de\/%20%20\/\",\"logo\":{\"@type\":\"ImageObject\",\"inLanguage\":\"de-DE\",\"@id\":\"https:\/\/vipgo.atsautomation.com\/iwk-de\/%20%20\/#\/schema\/logo\/image\/\",\"url\":\"https:\/\/vipgo.atsautomation.com\/iwk-de\/%20%20\/wp-content\/uploads\/sites\/22\/2023\/02\/LOGO_IWK_4c_Size_2.png\",\"contentUrl\":\"https:\/\/vipgo.atsautomation.com\/iwk-de\/%20%20\/wp-content\/uploads\/sites\/22\/2023\/02\/LOGO_IWK_4c_Size_2.png\",\"width\":238,\"height\":137,\"caption\":\"Innovative And Customized Manufacturing Solutions\"},\"image\":{\"@id\":\"https:\/\/vipgo.atsautomation.com\/iwk-de\/%20%20\/#\/schema\/logo\/image\/\"}}]}<\/script>\n<!-- \/ Yoast SEO Premium plugin. -->","yoast_head_json":{"title":"PRODUKTIVIT\u00c4T - Innovative And Customized Manufacturing Solutions","robots":{"index":"index","follow":"follow","max-snippet":"max-snippet:-1","max-image-preview":"max-image-preview:large","max-video-preview":"max-video-preview:-1"},"canonical":"https:\/\/vipgo.atsautomation.com\/iwk-de\/  \/service-de\/produktivitaet\/","og_locale":"de_DE","og_type":"article","og_title":"PRODUKTIVIT\u00c4T","og_description":"TRAINING UND SUPPORT IWK bietet die M\u00f6glichkeit Ihre Mitarbeiter langfristig und nachhaltig durch gezielte Schulungsma\u00dfnahmen weiterzubilden. Auf Basis der Zielgruppe, dem Wissensstand, der eingesetzten Maschine und dem gew\u00fcnschten Schulungsinhalt erstellen wir f\u00fcr Sie ein individuelles Schulungsprogramm mit hohem Praxisbezug f\u00fcr Ihre Mitarbeiter. Ihre Vorteile: Zielgerichtete und nachhaltige Schulung von Bedienern und Wartungspersonal Anleitung zu regelm\u00e4\u00dfigen...Read More","og_url":"https:\/\/vipgo.atsautomation.com\/iwk-de\/  \/service-de\/produktivitaet\/","og_site_name":"Innovative And Customized Manufacturing Solutions","article_modified_time":"2021-02-26T14:53:23+00:00","og_image":[{"width":1901,"height":725,"url":"https:\/\/vipgo.atsautomation.com\/iwk-de\/%20%20\/wp-content\/uploads\/sites\/22\/2021\/01\/service.jpg","type":"image\/jpeg"}],"twitter_card":"summary_large_image","twitter_misc":{"Gesch\u00e4tzte Lesezeit":"2 Minuten"},"schema":{"@context":"https:\/\/schema.org","@graph":[{"@type":"WebPage","@id":"https:\/\/vipgo.atsautomation.com\/iwk-de\/%20%20\/service-de\/produktivitaet\/","url":"https:\/\/vipgo.atsautomation.com\/iwk-de\/%20%20\/service-de\/produktivitaet\/","name":"PRODUKTIVIT\u00c4T - Innovative And Customized Manufacturing Solutions","isPartOf":{"@id":"https:\/\/vipgo.atsautomation.com\/iwk-de\/%20%20\/#website"},"primaryImageOfPage":{"@id":"https:\/\/vipgo.atsautomation.com\/iwk-de\/%20%20\/service-de\/produktivitaet\/#primaryimage"},"image":{"@id":"https:\/\/vipgo.atsautomation.com\/iwk-de\/%20%20\/service-de\/produktivitaet\/#primaryimage"},"thumbnailUrl":"https:\/\/vipgo.atsautomation.com\/iwk-de\/%20%20\/wp-content\/uploads\/sites\/22\/2021\/01\/service.jpg","datePublished":"2021-01-12T15:25:02+00:00","dateModified":"2021-02-26T14:53:23+00:00","breadcrumb":{"@id":"https:\/\/vipgo.atsautomation.com\/iwk-de\/%20%20\/service-de\/produktivitaet\/#breadcrumb"},"inLanguage":"de-DE","potentialAction":[{"@type":"ReadAction","target":["https:\/\/vipgo.atsautomation.com\/iwk-de\/%20%20\/service-de\/produktivitaet\/"]}]},{"@type":"ImageObject","inLanguage":"de-DE","@id":"https:\/\/vipgo.atsautomation.com\/iwk-de\/%20%20\/service-de\/produktivitaet\/#primaryimage","url":"https:\/\/vipgo.atsautomation.com\/iwk-de\/%20%20\/wp-content\/uploads\/sites\/22\/2021\/01\/service.jpg","contentUrl":"https:\/\/vipgo.atsautomation.com\/iwk-de\/%20%20\/wp-content\/uploads\/sites\/22\/2021\/01\/service.jpg","width":1901,"height":725},{"@type":"BreadcrumbList","@id":"https:\/\/vipgo.atsautomation.com\/iwk-de\/%20%20\/service-de\/produktivitaet\/#breadcrumb","itemListElement":[{"@type":"ListItem","position":1,"name":"HOME","item":"https:\/\/vipgo.atsautomation.com\/iwk-de\/%20%20\/"},{"@type":"ListItem","position":2,"name":"TOP SERVICE","item":"https:\/\/vipgo.atsautomation.com\/iwk-de\/%20%20\/service-de\/"},{"@type":"ListItem","position":3,"name":"PRODUKTIVIT\u00c4T"}]},{"@type":"WebSite","@id":"https:\/\/vipgo.atsautomation.com\/iwk-de\/%20%20\/#website","url":"https:\/\/vipgo.atsautomation.com\/iwk-de\/%20%20\/","name":"Innovative And Customized Manufacturing Solutions","description":"","publisher":{"@id":"https:\/\/vipgo.atsautomation.com\/iwk-de\/%20%20\/#organization"},"potentialAction":[{"@type":"SearchAction","target":{"@type":"EntryPoint","urlTemplate":"https:\/\/vipgo.atsautomation.com\/iwk-de\/%20%20\/?s={search_term_string}"},"query-input":{"@type":"PropertyValueSpecification","valueRequired":true,"valueName":"search_term_string"}}],"inLanguage":"de-DE"},{"@type":"Organization","@id":"https:\/\/vipgo.atsautomation.com\/iwk-de\/%20%20\/#organization","name":"Innovative And Customized Manufacturing Solutions","url":"https:\/\/vipgo.atsautomation.com\/iwk-de\/%20%20\/","logo":{"@type":"ImageObject","inLanguage":"de-DE","@id":"https:\/\/vipgo.atsautomation.com\/iwk-de\/%20%20\/#\/schema\/logo\/image\/","url":"https:\/\/vipgo.atsautomation.com\/iwk-de\/%20%20\/wp-content\/uploads\/sites\/22\/2023\/02\/LOGO_IWK_4c_Size_2.png","contentUrl":"https:\/\/vipgo.atsautomation.com\/iwk-de\/%20%20\/wp-content\/uploads\/sites\/22\/2023\/02\/LOGO_IWK_4c_Size_2.png","width":238,"height":137,"caption":"Innovative And Customized Manufacturing Solutions"},"image":{"@id":"https:\/\/vipgo.atsautomation.com\/iwk-de\/%20%20\/#\/schema\/logo\/image\/"}}]}},"jetpack_sharing_enabled":true,"_links":{"self":[{"href":"https:\/\/vipgo.atsautomation.com\/iwk-de\/%20%20\/wp-json\/wp\/v2\/pages\/3476","targetHints":{"allow":["GET"]}}],"collection":[{"href":"https:\/\/vipgo.atsautomation.com\/iwk-de\/%20%20\/wp-json\/wp\/v2\/pages"}],"about":[{"href":"https:\/\/vipgo.atsautomation.com\/iwk-de\/%20%20\/wp-json\/wp\/v2\/types\/page"}],"author":[{"embeddable":true,"href":"https:\/\/vipgo.atsautomation.com\/iwk-de\/%20%20\/wp-json\/wp\/v2\/users\/62"}],"replies":[{"embeddable":true,"href":"https:\/\/vipgo.atsautomation.com\/iwk-de\/%20%20\/wp-json\/wp\/v2\/comments?post=3476"}],"version-history":[{"count":4,"href":"https:\/\/vipgo.atsautomation.com\/iwk-de\/%20%20\/wp-json\/wp\/v2\/pages\/3476\/revisions"}],"predecessor-version":[{"id":5227,"href":"https:\/\/vipgo.atsautomation.com\/iwk-de\/%20%20\/wp-json\/wp\/v2\/pages\/3476\/revisions\/5227"}],"up":[{"embeddable":true,"href":"https:\/\/vipgo.atsautomation.com\/iwk-de\/%20%20\/wp-json\/wp\/v2\/pages\/3450"}],"wp:featuredmedia":[{"embeddable":true,"href":"https:\/\/vipgo.atsautomation.com\/iwk-de\/%20%20\/wp-json\/wp\/v2\/media\/2104"}],"wp:attachment":[{"href":"https:\/\/vipgo.atsautomation.com\/iwk-de\/%20%20\/wp-json\/wp\/v2\/media?parent=3476"}],"curies":[{"name":"wp","href":"https:\/\/api.w.org\/{rel}","templated":true}]}}