{"id":3606,"date":"2021-02-01T16:43:00","date_gmt":"2021-02-01T16:43:00","guid":{"rendered":"https:\/\/iwk.de\/?page_id=3606"},"modified":"2023-03-28T06:00:11","modified_gmt":"2023-03-28T06:00:11","slug":"warum-iwk","status":"publish","type":"page","link":"https:\/\/vipgo.atsautomation.com\/iwk-de\/%20%20\/warum-iwk\/","title":{"rendered":"WARUM IWK?"},"content":{"rendered":"<div class=\"home-main row\">\n<span><span><a href=\"https:\/\/vipgo.atsautomation.com\/iwk-de\/%20%20\/\">HOME<\/a><\/span><\/span><\/p>\n<h2>Seit 1893 erfinden wir uns neu<\/h2>\n<p>Seit 1893 steht IWK f\u00fcr Spitzentechnik mit exzellenter Leistung und h\u00f6chster Zuverl\u00e4ssigkeit f\u00fcr die Entwicklung und Fertigung von Maschinen f\u00fcr Tubenabf\u00fcllung und Kartonierung. Wir von der IWK sind eingebunden in einen internationalen Konzern mit dem Namen ATS. Die Welt ist unser Markt und ebenso vielf\u00e4ltig sind Aufgaben und M\u00f6glichkeiten f\u00fcr unsere Mitarbeiter.<\/p>\n<\/div>\n<div class=\"glance-subdomain\">\n<div class=\"home-main row\">\n<details>\n<summary>UNTERNEHMENSKULTUR &amp; VORTEILE<\/summary>\n<div class=\"faq__content\">\n<h4>Wie tickt eigentlich ein mittelst\u00e4ndischer Maschinenbauer?<\/h4>\n<p>Smart, leidenschaftlich und engagiert. Das zeichnet Deine Kollegen und Kolleginnen bei uns aus.<br \/>\nMacht Lust darauf mehr zu wissen, oder?<\/p>\n<p>Die berufliche Ausbildung und das duale Studium werden von uns in unserem Ausbildungszentrum und den spezifischen Fachbereichen direkt und kompetent begleitet. Dir steht immer und \u00fcberall ein pers\u00f6nlicher Ansprechpartner zur Verf\u00fcgung. Eine teamorientierte und wertsch\u00e4tzende Arbeitsatmosph\u00e4re erm\u00f6glicht bestm\u00f6gliche Entwicklungschancen. Schlanke Strukturen und klar definierte Prozesse, Dynamik sowie Kompetenz in anspruchsvoller Technik bieten ausgezeichnete Karrierem\u00f6glichkeiten.<\/p>\n<\/div>\n<\/details>\n<details>\n<summary>ABTEILUNGEN &amp; KARRIERE<\/summary>\n<div class=\"faq__content\">\n<h4>High-Tech-Maschinen und flache Hierarchien<\/h4>\n<p>Unsere Ingenieure entwickeln, konstruieren und programmieren &#8211; unser Engineering bietet die ideale Plattform f\u00fcr vielf\u00e4ltige Berufsbilder, Interesse?  <\/p>\n<p>In unseren Fertigungs- und Montageeinheiten werden technisch anspruchsvolle und komplexe Verpackungsmaschinen montiert, mit elektronischen Bauteilen der Antriebs-, Steuerungs- und Servotechnik versehen, robotergest\u00fctzt und multifunktional programmiert und gesteuert. Excellence in Hightech und Industrie 4.0 ben\u00f6tigen hervorragend ausgebildete Mitarbeiter in Elektronik f\u00fcr Automatisierungstechnik, Mechatronik und Industriemechanik. Und das Beste: Ein intensiver Dialog \u00fcber alle Hierarchieebenen hinweg ist bei uns Prinzip.<\/p>\n<\/div>\n<\/details>\n<details>\n<summary>ERFAHRUNG<\/summary>\n<div class=\"faq__content\">\n<h4>Erfahrung meets native Digital<\/h4>\n<p>Wir setzen auf Teams. Egal in welcher Kombination. Lust auf das IWK-Team?<\/p>\n<p>Erfahrung verlangt Zeit. Zeit bietet die Chance, sich in spannende, komplexe Themen einzubringen und sich weiterzuentwickeln zu exzellenten Facharbeitern, Ingenieuren, Spezialisten. Wir geben unseren Mitarbeitern die M\u00f6glichkeit sich in unterschiedlichen Teams zu entwickeln, zu lernen aber auch ihre St\u00e4rken einzubringen. So lernen erfahrene Mitarbeiter von den Jungen und umgekehrt. Eine echte Win-Win-Situation f\u00fcr alle.<\/p>\n<\/div>\n<\/details>\n<details>\n<summary>IWK VOR ORT<\/summary>\n<div class=\"faq__content\">\n<h4>Wir sehen uns!<\/h4>\n<p>Interesse an einem ersten Gespr\u00e4ch? Prima, hier sind wir . . . <\/p>\n<p>Wir treffen Euch gern unter anderem bei der<\/p>\n<ul>\n<li>Kontakta (Hochschule Karlsruhe)<\/li>\n<li>Career Contacts (Schwarzwaldhalle Karlsruhe)<\/li>\n<li>Bonding (KIT Karlsruhe)<\/li>\n<li>Duale Hochschule (Karlsruhe)<\/li>\n<li>Einstieg Beruf (DM Arena)<\/li>\n<li>Ausbildungsplattform Stutensee (Festplatz Stutensee)<\/li>\n<\/ul>\n<p>Ebenso sind wir an vielen Schulen unserer Umgebung bei Infoveranstaltungen zur Berufswahl vertreten oder laden Sch\u00fcler mit ihren Lehrern zum Kennenlernen der IWK und unserer Technik zu uns ein.<\/p>\n<\/div>\n<\/details>\n<\/div>\n","protected":false},"excerpt":{"rendered":"<p>Seit 1893 erfinden wir uns neu Seit 1893 steht IWK f\u00fcr Spitzentechnik mit exzellenter Leistung und h\u00f6chster Zuverl\u00e4ssigkeit f\u00fcr die Entwicklung und Fertigung von Maschinen f\u00fcr Tubenabf\u00fcllung und Kartonierung. Wir von der IWK sind eingebunden in einen internationalen Konzern mit dem Namen ATS. Die Welt ist unser Markt und ebenso vielf\u00e4ltig sind Aufgaben und M\u00f6glichkeiten&#8230;<\/p>\n<div class=\"post-button\"><a href=\"https:\/\/vipgo.atsautomation.com\/iwk-de\/%20%20\/warum-iwk\/\">Read More<\/a><\/div>\n","protected":false},"author":63,"featured_media":2906,"parent":0,"menu_order":0,"comment_status":"closed","ping_status":"closed","template":"","meta":{"inline_featured_image":false,"footnotes":""},"class_list":["post-3606","page","type-page","status-publish","has-post-thumbnail","hentry"],"yoast_head":"<!-- This site is optimized with the Yoast SEO Premium plugin v26.8 (Yoast SEO v26.8) - https:\/\/yoast.com\/product\/yoast-seo-premium-wordpress\/ -->\n<title>WARUM IWK? - Innovative And Customized Manufacturing Solutions<\/title>\n<meta name=\"robots\" content=\"index, follow, max-snippet:-1, max-image-preview:large, max-video-preview:-1\" \/>\n<link rel=\"canonical\" href=\"https:\/\/vipgo.atsautomation.com\/iwk-de\/%20%20\/warum-iwk\/\" \/>\n<meta property=\"og:locale\" content=\"de_DE\" \/>\n<meta property=\"og:type\" content=\"article\" \/>\n<meta property=\"og:title\" content=\"WARUM IWK?\" \/>\n<meta property=\"og:description\" content=\"Seit 1893 erfinden wir uns neu Seit 1893 steht IWK f\u00fcr Spitzentechnik mit exzellenter Leistung und h\u00f6chster Zuverl\u00e4ssigkeit f\u00fcr die Entwicklung und Fertigung von Maschinen f\u00fcr Tubenabf\u00fcllung und Kartonierung. Wir von der IWK sind eingebunden in einen internationalen Konzern mit dem Namen ATS. Die Welt ist unser Markt und ebenso vielf\u00e4ltig sind Aufgaben und M\u00f6glichkeiten...Read More\" \/>\n<meta property=\"og:url\" content=\"https:\/\/vipgo.atsautomation.com\/iwk-de\/  \/warum-iwk\/\" \/>\n<meta property=\"og:site_name\" content=\"Innovative And Customized Manufacturing Solutions\" \/>\n<meta property=\"article:modified_time\" content=\"2023-03-28T06:00:11+00:00\" \/>\n<meta property=\"og:image\" content=\"https:\/\/vipgo.atsautomation.com\/iwk-de\/%20%20\/wp-content\/uploads\/sites\/22\/2021\/02\/why-iwk.jpg\" \/>\n\t<meta property=\"og:image:width\" content=\"1896\" \/>\n\t<meta property=\"og:image:height\" content=\"736\" \/>\n\t<meta property=\"og:image:type\" content=\"image\/jpeg\" \/>\n<meta name=\"twitter:card\" content=\"summary_large_image\" \/>\n<meta name=\"twitter:label1\" content=\"Gesch\u00e4tzte Lesezeit\" \/>\n\t<meta name=\"twitter:data1\" content=\"3 Minuten\" \/>\n<script type=\"application\/ld+json\" class=\"yoast-schema-graph\">{\"@context\":\"https:\/\/schema.org\",\"@graph\":[{\"@type\":\"WebPage\",\"@id\":\"https:\/\/vipgo.atsautomation.com\/iwk-de\/%20%20\/warum-iwk\/\",\"url\":\"https:\/\/vipgo.atsautomation.com\/iwk-de\/%20%20\/warum-iwk\/\",\"name\":\"WARUM IWK? - Innovative And Customized Manufacturing Solutions\",\"isPartOf\":{\"@id\":\"https:\/\/vipgo.atsautomation.com\/iwk-de\/%20%20\/#website\"},\"primaryImageOfPage\":{\"@id\":\"https:\/\/vipgo.atsautomation.com\/iwk-de\/%20%20\/warum-iwk\/#primaryimage\"},\"image\":{\"@id\":\"https:\/\/vipgo.atsautomation.com\/iwk-de\/%20%20\/warum-iwk\/#primaryimage\"},\"thumbnailUrl\":\"https:\/\/vipgo.atsautomation.com\/iwk-de\/%20%20\/wp-content\/uploads\/sites\/22\/2021\/02\/why-iwk.jpg\",\"datePublished\":\"2021-02-01T16:43:00+00:00\",\"dateModified\":\"2023-03-28T06:00:11+00:00\",\"breadcrumb\":{\"@id\":\"https:\/\/vipgo.atsautomation.com\/iwk-de\/%20%20\/warum-iwk\/#breadcrumb\"},\"inLanguage\":\"de-DE\",\"potentialAction\":[{\"@type\":\"ReadAction\",\"target\":[\"https:\/\/vipgo.atsautomation.com\/iwk-de\/%20%20\/warum-iwk\/\"]}]},{\"@type\":\"ImageObject\",\"inLanguage\":\"de-DE\",\"@id\":\"https:\/\/vipgo.atsautomation.com\/iwk-de\/%20%20\/warum-iwk\/#primaryimage\",\"url\":\"https:\/\/vipgo.atsautomation.com\/iwk-de\/%20%20\/wp-content\/uploads\/sites\/22\/2021\/02\/why-iwk.jpg\",\"contentUrl\":\"https:\/\/vipgo.atsautomation.com\/iwk-de\/%20%20\/wp-content\/uploads\/sites\/22\/2021\/02\/why-iwk.jpg\",\"width\":1896,\"height\":736},{\"@type\":\"BreadcrumbList\",\"@id\":\"https:\/\/vipgo.atsautomation.com\/iwk-de\/%20%20\/warum-iwk\/#breadcrumb\",\"itemListElement\":[{\"@type\":\"ListItem\",\"position\":1,\"name\":\"HOME\",\"item\":\"https:\/\/vipgo.atsautomation.com\/iwk-de\/%20%20\/\"},{\"@type\":\"ListItem\",\"position\":2,\"name\":\"WARUM IWK?\"}]},{\"@type\":\"WebSite\",\"@id\":\"https:\/\/vipgo.atsautomation.com\/iwk-de\/%20%20\/#website\",\"url\":\"https:\/\/vipgo.atsautomation.com\/iwk-de\/%20%20\/\",\"name\":\"Innovative And Customized Manufacturing Solutions\",\"description\":\"\",\"publisher\":{\"@id\":\"https:\/\/vipgo.atsautomation.com\/iwk-de\/%20%20\/#organization\"},\"potentialAction\":[{\"@type\":\"SearchAction\",\"target\":{\"@type\":\"EntryPoint\",\"urlTemplate\":\"https:\/\/vipgo.atsautomation.com\/iwk-de\/%20%20\/?s={search_term_string}\"},\"query-input\":{\"@type\":\"PropertyValueSpecification\",\"valueRequired\":true,\"valueName\":\"search_term_string\"}}],\"inLanguage\":\"de-DE\"},{\"@type\":\"Organization\",\"@id\":\"https:\/\/vipgo.atsautomation.com\/iwk-de\/%20%20\/#organization\",\"name\":\"Innovative And Customized Manufacturing Solutions\",\"url\":\"https:\/\/vipgo.atsautomation.com\/iwk-de\/%20%20\/\",\"logo\":{\"@type\":\"ImageObject\",\"inLanguage\":\"de-DE\",\"@id\":\"https:\/\/vipgo.atsautomation.com\/iwk-de\/%20%20\/#\/schema\/logo\/image\/\",\"url\":\"https:\/\/vipgo.atsautomation.com\/iwk-de\/%20%20\/wp-content\/uploads\/sites\/22\/2023\/02\/LOGO_IWK_4c_Size_2.png\",\"contentUrl\":\"https:\/\/vipgo.atsautomation.com\/iwk-de\/%20%20\/wp-content\/uploads\/sites\/22\/2023\/02\/LOGO_IWK_4c_Size_2.png\",\"width\":238,\"height\":137,\"caption\":\"Innovative And Customized Manufacturing Solutions\"},\"image\":{\"@id\":\"https:\/\/vipgo.atsautomation.com\/iwk-de\/%20%20\/#\/schema\/logo\/image\/\"}}]}<\/script>\n<!-- \/ Yoast SEO Premium plugin. -->","yoast_head_json":{"title":"WARUM IWK? - Innovative And Customized Manufacturing Solutions","robots":{"index":"index","follow":"follow","max-snippet":"max-snippet:-1","max-image-preview":"max-image-preview:large","max-video-preview":"max-video-preview:-1"},"canonical":"https:\/\/vipgo.atsautomation.com\/iwk-de\/  \/warum-iwk\/","og_locale":"de_DE","og_type":"article","og_title":"WARUM IWK?","og_description":"Seit 1893 erfinden wir uns neu Seit 1893 steht IWK f\u00fcr Spitzentechnik mit exzellenter Leistung und h\u00f6chster Zuverl\u00e4ssigkeit f\u00fcr die Entwicklung und Fertigung von Maschinen f\u00fcr Tubenabf\u00fcllung und Kartonierung. Wir von der IWK sind eingebunden in einen internationalen Konzern mit dem Namen ATS. Die Welt ist unser Markt und ebenso vielf\u00e4ltig sind Aufgaben und M\u00f6glichkeiten...Read More","og_url":"https:\/\/vipgo.atsautomation.com\/iwk-de\/  \/warum-iwk\/","og_site_name":"Innovative And Customized Manufacturing Solutions","article_modified_time":"2023-03-28T06:00:11+00:00","og_image":[{"width":1896,"height":736,"url":"https:\/\/vipgo.atsautomation.com\/iwk-de\/%20%20\/wp-content\/uploads\/sites\/22\/2021\/02\/why-iwk.jpg","type":"image\/jpeg"}],"twitter_card":"summary_large_image","twitter_misc":{"Gesch\u00e4tzte Lesezeit":"3 Minuten"},"schema":{"@context":"https:\/\/schema.org","@graph":[{"@type":"WebPage","@id":"https:\/\/vipgo.atsautomation.com\/iwk-de\/%20%20\/warum-iwk\/","url":"https:\/\/vipgo.atsautomation.com\/iwk-de\/%20%20\/warum-iwk\/","name":"WARUM IWK? - Innovative And Customized Manufacturing Solutions","isPartOf":{"@id":"https:\/\/vipgo.atsautomation.com\/iwk-de\/%20%20\/#website"},"primaryImageOfPage":{"@id":"https:\/\/vipgo.atsautomation.com\/iwk-de\/%20%20\/warum-iwk\/#primaryimage"},"image":{"@id":"https:\/\/vipgo.atsautomation.com\/iwk-de\/%20%20\/warum-iwk\/#primaryimage"},"thumbnailUrl":"https:\/\/vipgo.atsautomation.com\/iwk-de\/%20%20\/wp-content\/uploads\/sites\/22\/2021\/02\/why-iwk.jpg","datePublished":"2021-02-01T16:43:00+00:00","dateModified":"2023-03-28T06:00:11+00:00","breadcrumb":{"@id":"https:\/\/vipgo.atsautomation.com\/iwk-de\/%20%20\/warum-iwk\/#breadcrumb"},"inLanguage":"de-DE","potentialAction":[{"@type":"ReadAction","target":["https:\/\/vipgo.atsautomation.com\/iwk-de\/%20%20\/warum-iwk\/"]}]},{"@type":"ImageObject","inLanguage":"de-DE","@id":"https:\/\/vipgo.atsautomation.com\/iwk-de\/%20%20\/warum-iwk\/#primaryimage","url":"https:\/\/vipgo.atsautomation.com\/iwk-de\/%20%20\/wp-content\/uploads\/sites\/22\/2021\/02\/why-iwk.jpg","contentUrl":"https:\/\/vipgo.atsautomation.com\/iwk-de\/%20%20\/wp-content\/uploads\/sites\/22\/2021\/02\/why-iwk.jpg","width":1896,"height":736},{"@type":"BreadcrumbList","@id":"https:\/\/vipgo.atsautomation.com\/iwk-de\/%20%20\/warum-iwk\/#breadcrumb","itemListElement":[{"@type":"ListItem","position":1,"name":"HOME","item":"https:\/\/vipgo.atsautomation.com\/iwk-de\/%20%20\/"},{"@type":"ListItem","position":2,"name":"WARUM IWK?"}]},{"@type":"WebSite","@id":"https:\/\/vipgo.atsautomation.com\/iwk-de\/%20%20\/#website","url":"https:\/\/vipgo.atsautomation.com\/iwk-de\/%20%20\/","name":"Innovative And Customized Manufacturing Solutions","description":"","publisher":{"@id":"https:\/\/vipgo.atsautomation.com\/iwk-de\/%20%20\/#organization"},"potentialAction":[{"@type":"SearchAction","target":{"@type":"EntryPoint","urlTemplate":"https:\/\/vipgo.atsautomation.com\/iwk-de\/%20%20\/?s={search_term_string}"},"query-input":{"@type":"PropertyValueSpecification","valueRequired":true,"valueName":"search_term_string"}}],"inLanguage":"de-DE"},{"@type":"Organization","@id":"https:\/\/vipgo.atsautomation.com\/iwk-de\/%20%20\/#organization","name":"Innovative And Customized Manufacturing Solutions","url":"https:\/\/vipgo.atsautomation.com\/iwk-de\/%20%20\/","logo":{"@type":"ImageObject","inLanguage":"de-DE","@id":"https:\/\/vipgo.atsautomation.com\/iwk-de\/%20%20\/#\/schema\/logo\/image\/","url":"https:\/\/vipgo.atsautomation.com\/iwk-de\/%20%20\/wp-content\/uploads\/sites\/22\/2023\/02\/LOGO_IWK_4c_Size_2.png","contentUrl":"https:\/\/vipgo.atsautomation.com\/iwk-de\/%20%20\/wp-content\/uploads\/sites\/22\/2023\/02\/LOGO_IWK_4c_Size_2.png","width":238,"height":137,"caption":"Innovative And Customized Manufacturing Solutions"},"image":{"@id":"https:\/\/vipgo.atsautomation.com\/iwk-de\/%20%20\/#\/schema\/logo\/image\/"}}]}},"jetpack_sharing_enabled":true,"_links":{"self":[{"href":"https:\/\/vipgo.atsautomation.com\/iwk-de\/%20%20\/wp-json\/wp\/v2\/pages\/3606","targetHints":{"allow":["GET"]}}],"collection":[{"href":"https:\/\/vipgo.atsautomation.com\/iwk-de\/%20%20\/wp-json\/wp\/v2\/pages"}],"about":[{"href":"https:\/\/vipgo.atsautomation.com\/iwk-de\/%20%20\/wp-json\/wp\/v2\/types\/page"}],"author":[{"embeddable":true,"href":"https:\/\/vipgo.atsautomation.com\/iwk-de\/%20%20\/wp-json\/wp\/v2\/users\/63"}],"replies":[{"embeddable":true,"href":"https:\/\/vipgo.atsautomation.com\/iwk-de\/%20%20\/wp-json\/wp\/v2\/comments?post=3606"}],"version-history":[{"count":3,"href":"https:\/\/vipgo.atsautomation.com\/iwk-de\/%20%20\/wp-json\/wp\/v2\/pages\/3606\/revisions"}],"predecessor-version":[{"id":10872,"href":"https:\/\/vipgo.atsautomation.com\/iwk-de\/%20%20\/wp-json\/wp\/v2\/pages\/3606\/revisions\/10872"}],"wp:featuredmedia":[{"embeddable":true,"href":"https:\/\/vipgo.atsautomation.com\/iwk-de\/%20%20\/wp-json\/wp\/v2\/media\/2906"}],"wp:attachment":[{"href":"https:\/\/vipgo.atsautomation.com\/iwk-de\/%20%20\/wp-json\/wp\/v2\/media?parent=3606"}],"curies":[{"name":"wp","href":"https:\/\/api.w.org\/{rel}","templated":true}]}}