{"id":3608,"date":"2021-02-02T16:58:33","date_gmt":"2021-02-02T16:58:33","guid":{"rendered":"https:\/\/iwk.de\/?page_id=3608"},"modified":"2021-03-11T23:50:06","modified_gmt":"2021-03-11T23:50:06","slug":"schueler","status":"publish","type":"page","link":"https:\/\/vipgo.atsautomation.com\/iwk-de\/%20%20\/schueler\/","title":{"rendered":"SCH\u00dcLER"},"content":{"rendered":"<div class=\"home-main row\">\n<span><span><a href=\"https:\/\/vipgo.atsautomation.com\/iwk-de\/%20%20\/\">HOME<\/a><\/span><\/span><\/p>\n<h2>Reinschnuppern oder gleich starten?<br \/>\nGeht bei IWK beides.<\/h2>\n<p>Ein Sch\u00fclerpraktikum, eine klassische Ausbildung oder ein duales Studium, das sind die Angebote, die wir Dir machen k\u00f6nnen.<\/p>\n<\/div>\n<div class=\"glance-subdomain\">\n<div class=\"home-main row\">\n<details>\n<summary>DUALES STUDIUM<\/summary>\n<div class=\"faq__content\">\n<h4>Probieren geht \u00fcber Studieren<\/h4>\n<h4>Hochschule und wahres Leben. Eine karrieref\u00f6rdernde Mischung. Auch f\u00fcr Dich?<\/h4>\n<p>Die ideale Kombi vom Erwerb theoretischen Wissens und praktischer Erfahrung: das duale Studium. Unsere dualen Studenten sind wechselweise in 12-w\u00f6chigen Theorie- und Praxisphasen an der Dualen Hochschule Karlsruhe bzw. in den spezifischen Fachbereichen des Unternehmens.<\/p>\n<h4>Studiengang Elektrotechnik:<\/h4>\n<p>Schwerpunktbereich ist die Elektrokonstruktion (Hard- und Software) mit der Entwicklung und Optimierung von Automatisierungssystemen und deren Komponenten. Das Programmieren und der EDV-Einsatz in technischen Prozessen innovativer Verpackungsmaschinen geh\u00f6ren sp\u00e4ter zu Deinen Hauptaufgaben.<\/p>\n<h4>Studiengang Informationstechnik:<\/h4>\n<p>In der Praxisphase spielen die Software \u2013 und Projektbearbeitung eine wichtige Rolle. Das Kennenlernen der IT-Infrastruktur der Verpackungsmaschinen mit Aufbau und Komponenten, das Betriebssystem, die Programmiersprachen und Anwendungsprogramme, die Softwareentwicklung und das Engineering sind die Grundlage f\u00fcr die Zusammenarbeit in Expertenteams, die unsere Entwicklungen vorantreiben.<\/p>\n<h4>Studiengang Maschinenbau:<\/h4>\n<p>Schwerpunkt des Studiums und der betrieblichen Ausbildung sind die Entwicklung von High-Tech-Verpackungsmaschinen mit Hilfe modernster CAD-Systeme und Arbeitstechniken. Konstruktion und Optimierung von Automatisierungssystemen, deren mechanische Komponenten und die Inbetriebnahme stehen dabei im Vordergrund.<\/p>\n<h4>Studiengang Wirtschaftsingenieurwesen:<\/h4>\n<p>Sowohl die betriebswirtschaftlichen als auch die technischen Komponenten pr\u00e4gen die verschiedenen Einsatzbereiche z.B. in Materialwirtschaft, Fertigung, Engineering, Vertrieb und Controlling. Die Verkn\u00fcpfung von Betriebswirtschaft und Technik bilden die Hauptaufgaben f\u00fcr das Managen der betrieblichen Prozesse und deren Optimierung.<\/p>\n<h4>Was sind Deine Studienw\u00fcnsche?<\/p>\n<h4>\n<\/div>\n<\/details>\n<details>\n<summary>AUSBILDUNG<\/summary>\n<div class=\"faq__content\">\n<h4>Die betriebliche Ausbildung \u2013 Karriere bei IWK<\/h4>\n<h4>Durchstarten und mittenrein ins pralle Berufsleben. Lust darauf?<\/h4>\n<p>Du hast schon in fr\u00fchester Kindheit wissen wollen, wie alles was Dich umgibt zusammenh\u00e4ngt und ob Du es auseinanderbauen und wieder zusammenbauen kannst. Endlich hast Du eine Gelegenheit Dich damit zu verwirklichen. Wir bieten Ausbildungsberufe mit Zukunft im hochtechnologischen Maschinenbau:<\/p>\n<h4>Elektroniker f\u00fcr Automatisierungstechnik:<\/h4>\n<p>Elektronische Bauteile der Antriebs-, Steuer- und Servotechnik werden montiert und installiert, Maschinen und Anlagen programmiert und gesteuert.<\/p>\n<h4>Mechatroniker:<\/h4>\n<p>Die Mischung macht\u00b4s \u2013 Mechanik und Elektronik miteinander verbinden! Systeme und Anlagen werden aufgebaut, instandgesetzt und gewartet.<\/p>\n<h4>Industriemechaniker:<\/h4>\n<p>Komplexe Maschinen und Anlagen werden montiert, Maschinen und Anlagen in Betrieb genommen, auch bei unseren internationalen Kunden.<\/p>\n<p>Alle Ausbildungsberufe dauern 3 1\/2 Jahren und finden bei uns im Betrieb und der Berufsschule statt.<\/p>\n<p>Die Ausbildung bei IWK bietet \u00fcberdurchschnittlich gute \u00dcbernahmechancen. Au\u00dferdem bietet sie hervorragende berufliche Perspektiven und erm\u00f6glicht schon sehr fr\u00fch einen Auslandsaufenthalt in einer unserer Tochtergesellschaften. Die so gewonnene Erfahrung ist in Kombination mit dem Erlernten eine ideale Basis f\u00fcr Dein Berufsleben.<\/p>\n<h4>Weitere Fragen?<\/h4>\n<\/div>\n<\/details>\n<details>\n<summary>SCH\u00dcLERPRAKTIKUM<\/summary>\n<div class=\"faq__content\">\n<h4>Schon mal den Traumjob ansehen?<\/h4>\n<h4>Pflichtpraktikum oder reines Interesse, was ist Dein Plan?<\/h4>\n<p>Du musst dieses Jahr ein von der Schule organisiertes Praktikum absolvieren? Bewirb Dich bei IWK und Du wirst als jemand, der an Technik Interesse hat lernen, was ein High-Tech-Maschinenbau-Unternehmen alles zu bieten hat.<\/p>\n<p>Wir bieten BOGY- oder BORS- Praktika, Schnuppertage und Infoveranstaltungen an. Wenn Du genau wissen m\u00f6chtest, was f\u00fcr Dich in Frage kommt, stehen wir mit Rat und Tat gerne Rede und Antwort.<\/p>\n<\/div>\n<\/details>\n<\/div>\n","protected":false},"excerpt":{"rendered":"<p>Reinschnuppern oder gleich starten? Geht bei IWK beides. Ein Sch\u00fclerpraktikum, eine klassische Ausbildung oder ein duales Studium, das sind die Angebote, die wir Dir machen k\u00f6nnen. DUALES STUDIUM Probieren geht \u00fcber Studieren Hochschule und wahres Leben. Eine karrieref\u00f6rdernde Mischung. Auch f\u00fcr Dich? Die ideale Kombi vom Erwerb theoretischen Wissens und praktischer Erfahrung: das duale Studium&#8230;.<\/p>\n<div class=\"post-button\"><a href=\"https:\/\/vipgo.atsautomation.com\/iwk-de\/%20%20\/schueler\/\">Read More<\/a><\/div>\n","protected":false},"author":63,"featured_media":3020,"parent":0,"menu_order":0,"comment_status":"closed","ping_status":"closed","template":"","meta":{"inline_featured_image":false,"footnotes":""},"class_list":["post-3608","page","type-page","status-publish","has-post-thumbnail","hentry"],"yoast_head":"<!-- This site is optimized with the Yoast SEO Premium plugin v26.8 (Yoast SEO v26.8) - https:\/\/yoast.com\/product\/yoast-seo-premium-wordpress\/ -->\n<title>SCH\u00dcLER - Innovative And Customized Manufacturing Solutions<\/title>\n<meta name=\"robots\" content=\"index, follow, max-snippet:-1, max-image-preview:large, max-video-preview:-1\" \/>\n<link rel=\"canonical\" href=\"https:\/\/vipgo.atsautomation.com\/iwk-de\/%20%20\/schueler\/\" \/>\n<meta property=\"og:locale\" content=\"de_DE\" \/>\n<meta property=\"og:type\" content=\"article\" \/>\n<meta property=\"og:title\" content=\"SCH\u00dcLER\" \/>\n<meta property=\"og:description\" content=\"Reinschnuppern oder gleich starten? Geht bei IWK beides. Ein Sch\u00fclerpraktikum, eine klassische Ausbildung oder ein duales Studium, das sind die Angebote, die wir Dir machen k\u00f6nnen. DUALES STUDIUM Probieren geht \u00fcber Studieren Hochschule und wahres Leben. Eine karrieref\u00f6rdernde Mischung. Auch f\u00fcr Dich? Die ideale Kombi vom Erwerb theoretischen Wissens und praktischer Erfahrung: das duale Studium....Read More\" \/>\n<meta property=\"og:url\" content=\"https:\/\/vipgo.atsautomation.com\/iwk-de\/  \/schueler\/\" \/>\n<meta property=\"og:site_name\" content=\"Innovative And Customized Manufacturing Solutions\" \/>\n<meta property=\"article:modified_time\" content=\"2021-03-11T23:50:06+00:00\" \/>\n<meta property=\"og:image\" content=\"https:\/\/vipgo.atsautomation.com\/iwk-de\/%20%20\/wp-content\/uploads\/sites\/22\/2021\/02\/pupil-bg.jpg\" \/>\n\t<meta property=\"og:image:width\" content=\"1891\" \/>\n\t<meta property=\"og:image:height\" content=\"726\" \/>\n\t<meta property=\"og:image:type\" content=\"image\/jpeg\" \/>\n<meta name=\"twitter:card\" content=\"summary_large_image\" \/>\n<meta name=\"twitter:label1\" content=\"Gesch\u00e4tzte Lesezeit\" \/>\n\t<meta name=\"twitter:data1\" content=\"3 Minuten\" \/>\n<script type=\"application\/ld+json\" class=\"yoast-schema-graph\">{\"@context\":\"https:\/\/schema.org\",\"@graph\":[{\"@type\":\"WebPage\",\"@id\":\"https:\/\/vipgo.atsautomation.com\/iwk-de\/%20%20\/schueler\/\",\"url\":\"https:\/\/vipgo.atsautomation.com\/iwk-de\/%20%20\/schueler\/\",\"name\":\"SCH\u00dcLER - Innovative And Customized Manufacturing Solutions\",\"isPartOf\":{\"@id\":\"https:\/\/vipgo.atsautomation.com\/iwk-de\/%20%20\/#website\"},\"primaryImageOfPage\":{\"@id\":\"https:\/\/vipgo.atsautomation.com\/iwk-de\/%20%20\/schueler\/#primaryimage\"},\"image\":{\"@id\":\"https:\/\/vipgo.atsautomation.com\/iwk-de\/%20%20\/schueler\/#primaryimage\"},\"thumbnailUrl\":\"https:\/\/vipgo.atsautomation.com\/iwk-de\/%20%20\/wp-content\/uploads\/sites\/22\/2021\/02\/pupil-bg.jpg\",\"datePublished\":\"2021-02-02T16:58:33+00:00\",\"dateModified\":\"2021-03-11T23:50:06+00:00\",\"breadcrumb\":{\"@id\":\"https:\/\/vipgo.atsautomation.com\/iwk-de\/%20%20\/schueler\/#breadcrumb\"},\"inLanguage\":\"de-DE\",\"potentialAction\":[{\"@type\":\"ReadAction\",\"target\":[\"https:\/\/vipgo.atsautomation.com\/iwk-de\/%20%20\/schueler\/\"]}]},{\"@type\":\"ImageObject\",\"inLanguage\":\"de-DE\",\"@id\":\"https:\/\/vipgo.atsautomation.com\/iwk-de\/%20%20\/schueler\/#primaryimage\",\"url\":\"https:\/\/vipgo.atsautomation.com\/iwk-de\/%20%20\/wp-content\/uploads\/sites\/22\/2021\/02\/pupil-bg.jpg\",\"contentUrl\":\"https:\/\/vipgo.atsautomation.com\/iwk-de\/%20%20\/wp-content\/uploads\/sites\/22\/2021\/02\/pupil-bg.jpg\",\"width\":1891,\"height\":726},{\"@type\":\"BreadcrumbList\",\"@id\":\"https:\/\/vipgo.atsautomation.com\/iwk-de\/%20%20\/schueler\/#breadcrumb\",\"itemListElement\":[{\"@type\":\"ListItem\",\"position\":1,\"name\":\"HOME\",\"item\":\"https:\/\/vipgo.atsautomation.com\/iwk-de\/%20%20\/\"},{\"@type\":\"ListItem\",\"position\":2,\"name\":\"SCH\u00dcLER\"}]},{\"@type\":\"WebSite\",\"@id\":\"https:\/\/vipgo.atsautomation.com\/iwk-de\/%20%20\/#website\",\"url\":\"https:\/\/vipgo.atsautomation.com\/iwk-de\/%20%20\/\",\"name\":\"Innovative And Customized Manufacturing Solutions\",\"description\":\"\",\"publisher\":{\"@id\":\"https:\/\/vipgo.atsautomation.com\/iwk-de\/%20%20\/#organization\"},\"potentialAction\":[{\"@type\":\"SearchAction\",\"target\":{\"@type\":\"EntryPoint\",\"urlTemplate\":\"https:\/\/vipgo.atsautomation.com\/iwk-de\/%20%20\/?s={search_term_string}\"},\"query-input\":{\"@type\":\"PropertyValueSpecification\",\"valueRequired\":true,\"valueName\":\"search_term_string\"}}],\"inLanguage\":\"de-DE\"},{\"@type\":\"Organization\",\"@id\":\"https:\/\/vipgo.atsautomation.com\/iwk-de\/%20%20\/#organization\",\"name\":\"Innovative And Customized Manufacturing Solutions\",\"url\":\"https:\/\/vipgo.atsautomation.com\/iwk-de\/%20%20\/\",\"logo\":{\"@type\":\"ImageObject\",\"inLanguage\":\"de-DE\",\"@id\":\"https:\/\/vipgo.atsautomation.com\/iwk-de\/%20%20\/#\/schema\/logo\/image\/\",\"url\":\"https:\/\/vipgo.atsautomation.com\/iwk-de\/%20%20\/wp-content\/uploads\/sites\/22\/2023\/02\/LOGO_IWK_4c_Size_2.png\",\"contentUrl\":\"https:\/\/vipgo.atsautomation.com\/iwk-de\/%20%20\/wp-content\/uploads\/sites\/22\/2023\/02\/LOGO_IWK_4c_Size_2.png\",\"width\":238,\"height\":137,\"caption\":\"Innovative And Customized Manufacturing Solutions\"},\"image\":{\"@id\":\"https:\/\/vipgo.atsautomation.com\/iwk-de\/%20%20\/#\/schema\/logo\/image\/\"}}]}<\/script>\n<!-- \/ Yoast SEO Premium plugin. -->","yoast_head_json":{"title":"SCH\u00dcLER - Innovative And Customized Manufacturing Solutions","robots":{"index":"index","follow":"follow","max-snippet":"max-snippet:-1","max-image-preview":"max-image-preview:large","max-video-preview":"max-video-preview:-1"},"canonical":"https:\/\/vipgo.atsautomation.com\/iwk-de\/  \/schueler\/","og_locale":"de_DE","og_type":"article","og_title":"SCH\u00dcLER","og_description":"Reinschnuppern oder gleich starten? Geht bei IWK beides. Ein Sch\u00fclerpraktikum, eine klassische Ausbildung oder ein duales Studium, das sind die Angebote, die wir Dir machen k\u00f6nnen. DUALES STUDIUM Probieren geht \u00fcber Studieren Hochschule und wahres Leben. Eine karrieref\u00f6rdernde Mischung. Auch f\u00fcr Dich? Die ideale Kombi vom Erwerb theoretischen Wissens und praktischer Erfahrung: das duale Studium....Read More","og_url":"https:\/\/vipgo.atsautomation.com\/iwk-de\/  \/schueler\/","og_site_name":"Innovative And Customized Manufacturing Solutions","article_modified_time":"2021-03-11T23:50:06+00:00","og_image":[{"width":1891,"height":726,"url":"https:\/\/vipgo.atsautomation.com\/iwk-de\/%20%20\/wp-content\/uploads\/sites\/22\/2021\/02\/pupil-bg.jpg","type":"image\/jpeg"}],"twitter_card":"summary_large_image","twitter_misc":{"Gesch\u00e4tzte Lesezeit":"3 Minuten"},"schema":{"@context":"https:\/\/schema.org","@graph":[{"@type":"WebPage","@id":"https:\/\/vipgo.atsautomation.com\/iwk-de\/%20%20\/schueler\/","url":"https:\/\/vipgo.atsautomation.com\/iwk-de\/%20%20\/schueler\/","name":"SCH\u00dcLER - Innovative And Customized Manufacturing Solutions","isPartOf":{"@id":"https:\/\/vipgo.atsautomation.com\/iwk-de\/%20%20\/#website"},"primaryImageOfPage":{"@id":"https:\/\/vipgo.atsautomation.com\/iwk-de\/%20%20\/schueler\/#primaryimage"},"image":{"@id":"https:\/\/vipgo.atsautomation.com\/iwk-de\/%20%20\/schueler\/#primaryimage"},"thumbnailUrl":"https:\/\/vipgo.atsautomation.com\/iwk-de\/%20%20\/wp-content\/uploads\/sites\/22\/2021\/02\/pupil-bg.jpg","datePublished":"2021-02-02T16:58:33+00:00","dateModified":"2021-03-11T23:50:06+00:00","breadcrumb":{"@id":"https:\/\/vipgo.atsautomation.com\/iwk-de\/%20%20\/schueler\/#breadcrumb"},"inLanguage":"de-DE","potentialAction":[{"@type":"ReadAction","target":["https:\/\/vipgo.atsautomation.com\/iwk-de\/%20%20\/schueler\/"]}]},{"@type":"ImageObject","inLanguage":"de-DE","@id":"https:\/\/vipgo.atsautomation.com\/iwk-de\/%20%20\/schueler\/#primaryimage","url":"https:\/\/vipgo.atsautomation.com\/iwk-de\/%20%20\/wp-content\/uploads\/sites\/22\/2021\/02\/pupil-bg.jpg","contentUrl":"https:\/\/vipgo.atsautomation.com\/iwk-de\/%20%20\/wp-content\/uploads\/sites\/22\/2021\/02\/pupil-bg.jpg","width":1891,"height":726},{"@type":"BreadcrumbList","@id":"https:\/\/vipgo.atsautomation.com\/iwk-de\/%20%20\/schueler\/#breadcrumb","itemListElement":[{"@type":"ListItem","position":1,"name":"HOME","item":"https:\/\/vipgo.atsautomation.com\/iwk-de\/%20%20\/"},{"@type":"ListItem","position":2,"name":"SCH\u00dcLER"}]},{"@type":"WebSite","@id":"https:\/\/vipgo.atsautomation.com\/iwk-de\/%20%20\/#website","url":"https:\/\/vipgo.atsautomation.com\/iwk-de\/%20%20\/","name":"Innovative And Customized Manufacturing Solutions","description":"","publisher":{"@id":"https:\/\/vipgo.atsautomation.com\/iwk-de\/%20%20\/#organization"},"potentialAction":[{"@type":"SearchAction","target":{"@type":"EntryPoint","urlTemplate":"https:\/\/vipgo.atsautomation.com\/iwk-de\/%20%20\/?s={search_term_string}"},"query-input":{"@type":"PropertyValueSpecification","valueRequired":true,"valueName":"search_term_string"}}],"inLanguage":"de-DE"},{"@type":"Organization","@id":"https:\/\/vipgo.atsautomation.com\/iwk-de\/%20%20\/#organization","name":"Innovative And Customized Manufacturing Solutions","url":"https:\/\/vipgo.atsautomation.com\/iwk-de\/%20%20\/","logo":{"@type":"ImageObject","inLanguage":"de-DE","@id":"https:\/\/vipgo.atsautomation.com\/iwk-de\/%20%20\/#\/schema\/logo\/image\/","url":"https:\/\/vipgo.atsautomation.com\/iwk-de\/%20%20\/wp-content\/uploads\/sites\/22\/2023\/02\/LOGO_IWK_4c_Size_2.png","contentUrl":"https:\/\/vipgo.atsautomation.com\/iwk-de\/%20%20\/wp-content\/uploads\/sites\/22\/2023\/02\/LOGO_IWK_4c_Size_2.png","width":238,"height":137,"caption":"Innovative And Customized Manufacturing Solutions"},"image":{"@id":"https:\/\/vipgo.atsautomation.com\/iwk-de\/%20%20\/#\/schema\/logo\/image\/"}}]}},"jetpack_sharing_enabled":true,"_links":{"self":[{"href":"https:\/\/vipgo.atsautomation.com\/iwk-de\/%20%20\/wp-json\/wp\/v2\/pages\/3608","targetHints":{"allow":["GET"]}}],"collection":[{"href":"https:\/\/vipgo.atsautomation.com\/iwk-de\/%20%20\/wp-json\/wp\/v2\/pages"}],"about":[{"href":"https:\/\/vipgo.atsautomation.com\/iwk-de\/%20%20\/wp-json\/wp\/v2\/types\/page"}],"author":[{"embeddable":true,"href":"https:\/\/vipgo.atsautomation.com\/iwk-de\/%20%20\/wp-json\/wp\/v2\/users\/63"}],"replies":[{"embeddable":true,"href":"https:\/\/vipgo.atsautomation.com\/iwk-de\/%20%20\/wp-json\/wp\/v2\/comments?post=3608"}],"version-history":[{"count":2,"href":"https:\/\/vipgo.atsautomation.com\/iwk-de\/%20%20\/wp-json\/wp\/v2\/pages\/3608\/revisions"}],"predecessor-version":[{"id":5611,"href":"https:\/\/vipgo.atsautomation.com\/iwk-de\/%20%20\/wp-json\/wp\/v2\/pages\/3608\/revisions\/5611"}],"wp:featuredmedia":[{"embeddable":true,"href":"https:\/\/vipgo.atsautomation.com\/iwk-de\/%20%20\/wp-json\/wp\/v2\/media\/3020"}],"wp:attachment":[{"href":"https:\/\/vipgo.atsautomation.com\/iwk-de\/%20%20\/wp-json\/wp\/v2\/media?parent=3608"}],"curies":[{"name":"wp","href":"https:\/\/api.w.org\/{rel}","templated":true}]}}