{"id":3613,"date":"2021-02-02T18:54:32","date_gmt":"2021-02-02T18:54:32","guid":{"rendered":"https:\/\/iwk.de\/?page_id=3613"},"modified":"2021-03-11T23:50:56","modified_gmt":"2021-03-11T23:50:56","slug":"studenten","status":"publish","type":"page","link":"https:\/\/vipgo.atsautomation.com\/iwk-de\/%20%20\/studenten\/","title":{"rendered":"STUDENTEN"},"content":{"rendered":"<div class=\"home-main row\">\n<span><span><a href=\"https:\/\/vipgo.atsautomation.com\/iwk-de\/%20%20\/\">HOME<\/a><\/span><\/span><\/p>\n<h2>Studieren geht \u00fcber probieren. Bei IWK in jedem Fall!<\/h2>\n<p>Ein ganzer Strau\u00df voller M\u00f6glichkeiten f\u00fcr Dein Studium und um Dich nach vorne zu bringen.<\/p>\n<\/div>\n<div class=\"glance-subdomain\">\n<div class=\"home-main row\">\n<details>\n<summary>PRAKTIKUM<\/summary>\n<div class=\"faq__content\">\n<h4>Pflicht oder K\u00fcr, ein Praktikum bei IWK bringt Dich weiter<\/h4>\n<h4>Du suchst ein Praktikum im Maschinenbau? H\u00f6r auf mit der anstrengenden Suche, hier findest Du Dein Traumpraktikum.<\/h4>\n<p>Egal ob Du ein freiwilliges Praktikum oder ein Pflichtpraktikum einer Universit\u00e4t oder einer Hochschule suchst, wir haben bestimmt etwas Passendes f\u00fcr Dich im Angebot. Die IWK bietet allen Studenten erste Einblicke in den spannenden High-Tech-Maschinenbau und vermittelt Basiskenntnisse sowie fachspezifische Inhalte. Und wenn es Dir bei uns gef\u00e4llt, l\u00e4sst sich auch \u00fcber die Anfertigung einer Bachelor- oder Masterarbeit zu einem IWK-spezifischen Thema reden. Oder auch \u00fcber eine Werkstudentent\u00e4tigkeit. Ein Unternehmen, viele Optionen.<\/p>\n<h4>Wie stellst Du Dir Dein Praktikum vor?<\/h4>\n<\/div>\n<\/details>\n<details>\n<summary>WERKSTUDENTEN<\/summary>\n<div class=\"faq__content\">\n<h4>Know-how gewinnen und etwas Kohle dazu<\/h4>\n<h4>Eine echte Win-Win-Situation. Werkstudent bei IWK.<\/h4>\n<p>Je nach Studienrichtung und Spezialisierung ist es m\u00f6glich, in den Semesterferien ganzt\u00e4gig und\/oder w\u00e4hrend des Semesters stundenweise interessante Aufgaben zu \u00fcbernehmen. Die praktischen Erfahrungen passend zu den theoretischen Inhalten des Studiengangs erweitern deinen Blick und verschaffen Dir zudem auch noch Einblicke in die wirkliche Berufswelt. Oder aber Du arbeitest einfach \u201efachfremd\u201c, um Dir etwas Geld f\u00fcr Deinen Lebensunterhalt hinzuzuverdienen.<\/p>\n<h4>Hast Du weitere Fragen?<\/h4>\n<\/div>\n<\/details>\n<details>\n<summary>BACHELOR- UND MASTERARBEITEN<\/summary>\n<div class=\"faq__content\">\n<h4>Forschung und Entwicklung in der Realit\u00e4t<\/h4>\n<h4>IWK \u2013 ein Ort um eine erfolgreiche Abschlussarbeit anzufertigen.<\/h4>\n<p>Unsere unterschiedlichen Fachbereiche bieten anspruchsvolle und spannende Themen f\u00fcr Deine Bachelor- oder Masterarbeit. Zun\u00e4chst erarbeitest Du Dir \u00fcber das Kennenlernen der Technologien und Zusammenh\u00e4nge die notwendigen Basics. Dann arbeitest Du in Entwicklungsprojekten mit und f\u00fchrst Versuche und Tests durch, um Deine Thesis oder Projektarbeit mit anspruchsvollen Inhalten auf wissenschaftlicher Basis erfolgreich zu gestalten. Und die Spezialisten von IWK begleiten Dich auf allen Stufen.<\/p>\n<h4>Interesse daran, wie Du Wissen schaffst?<\/h4>\n<\/div>\n<\/details>\n<\/div>\n","protected":false},"excerpt":{"rendered":"<p>Studieren geht \u00fcber probieren. Bei IWK in jedem Fall! Ein ganzer Strau\u00df voller M\u00f6glichkeiten f\u00fcr Dein Studium und um Dich nach vorne zu bringen. PRAKTIKUM Pflicht oder K\u00fcr, ein Praktikum bei IWK bringt Dich weiter Du suchst ein Praktikum im Maschinenbau? H\u00f6r auf mit der anstrengenden Suche, hier findest Du Dein Traumpraktikum. Egal ob Du&#8230;<\/p>\n<div class=\"post-button\"><a href=\"https:\/\/vipgo.atsautomation.com\/iwk-de\/%20%20\/studenten\/\">Read More<\/a><\/div>\n","protected":false},"author":63,"featured_media":3049,"parent":0,"menu_order":0,"comment_status":"closed","ping_status":"closed","template":"","meta":{"inline_featured_image":false,"footnotes":""},"class_list":["post-3613","page","type-page","status-publish","has-post-thumbnail","hentry"],"yoast_head":"<!-- This site is optimized with the Yoast SEO Premium plugin v26.8 (Yoast SEO v26.8) - https:\/\/yoast.com\/product\/yoast-seo-premium-wordpress\/ -->\n<title>STUDENTEN - Innovative And Customized Manufacturing Solutions<\/title>\n<meta name=\"robots\" content=\"index, follow, max-snippet:-1, max-image-preview:large, max-video-preview:-1\" \/>\n<link rel=\"canonical\" href=\"https:\/\/vipgo.atsautomation.com\/iwk-de\/%20%20\/studenten\/\" \/>\n<meta property=\"og:locale\" content=\"de_DE\" \/>\n<meta property=\"og:type\" content=\"article\" \/>\n<meta property=\"og:title\" content=\"STUDENTEN\" \/>\n<meta property=\"og:description\" content=\"Studieren geht \u00fcber probieren. Bei IWK in jedem Fall! Ein ganzer Strau\u00df voller M\u00f6glichkeiten f\u00fcr Dein Studium und um Dich nach vorne zu bringen. PRAKTIKUM Pflicht oder K\u00fcr, ein Praktikum bei IWK bringt Dich weiter Du suchst ein Praktikum im Maschinenbau? H\u00f6r auf mit der anstrengenden Suche, hier findest Du Dein Traumpraktikum. Egal ob Du...Read More\" \/>\n<meta property=\"og:url\" content=\"https:\/\/vipgo.atsautomation.com\/iwk-de\/  \/studenten\/\" \/>\n<meta property=\"og:site_name\" content=\"Innovative And Customized Manufacturing Solutions\" \/>\n<meta property=\"article:modified_time\" content=\"2021-03-11T23:50:56+00:00\" \/>\n<meta property=\"og:image\" content=\"https:\/\/vipgo.atsautomation.com\/iwk-de\/%20%20\/wp-content\/uploads\/sites\/22\/2021\/02\/student.jpg\" \/>\n\t<meta property=\"og:image:width\" content=\"1896\" \/>\n\t<meta property=\"og:image:height\" content=\"737\" \/>\n\t<meta property=\"og:image:type\" content=\"image\/jpeg\" \/>\n<meta name=\"twitter:card\" content=\"summary_large_image\" \/>\n<meta name=\"twitter:label1\" content=\"Gesch\u00e4tzte Lesezeit\" \/>\n\t<meta name=\"twitter:data1\" content=\"2 Minuten\" \/>\n<script type=\"application\/ld+json\" class=\"yoast-schema-graph\">{\"@context\":\"https:\/\/schema.org\",\"@graph\":[{\"@type\":\"WebPage\",\"@id\":\"https:\/\/vipgo.atsautomation.com\/iwk-de\/%20%20\/studenten\/\",\"url\":\"https:\/\/vipgo.atsautomation.com\/iwk-de\/%20%20\/studenten\/\",\"name\":\"STUDENTEN - Innovative And Customized Manufacturing Solutions\",\"isPartOf\":{\"@id\":\"https:\/\/vipgo.atsautomation.com\/iwk-de\/%20%20\/#website\"},\"primaryImageOfPage\":{\"@id\":\"https:\/\/vipgo.atsautomation.com\/iwk-de\/%20%20\/studenten\/#primaryimage\"},\"image\":{\"@id\":\"https:\/\/vipgo.atsautomation.com\/iwk-de\/%20%20\/studenten\/#primaryimage\"},\"thumbnailUrl\":\"https:\/\/vipgo.atsautomation.com\/iwk-de\/%20%20\/wp-content\/uploads\/sites\/22\/2021\/02\/student.jpg\",\"datePublished\":\"2021-02-02T18:54:32+00:00\",\"dateModified\":\"2021-03-11T23:50:56+00:00\",\"breadcrumb\":{\"@id\":\"https:\/\/vipgo.atsautomation.com\/iwk-de\/%20%20\/studenten\/#breadcrumb\"},\"inLanguage\":\"de-DE\",\"potentialAction\":[{\"@type\":\"ReadAction\",\"target\":[\"https:\/\/vipgo.atsautomation.com\/iwk-de\/%20%20\/studenten\/\"]}]},{\"@type\":\"ImageObject\",\"inLanguage\":\"de-DE\",\"@id\":\"https:\/\/vipgo.atsautomation.com\/iwk-de\/%20%20\/studenten\/#primaryimage\",\"url\":\"https:\/\/vipgo.atsautomation.com\/iwk-de\/%20%20\/wp-content\/uploads\/sites\/22\/2021\/02\/student.jpg\",\"contentUrl\":\"https:\/\/vipgo.atsautomation.com\/iwk-de\/%20%20\/wp-content\/uploads\/sites\/22\/2021\/02\/student.jpg\",\"width\":1896,\"height\":737},{\"@type\":\"BreadcrumbList\",\"@id\":\"https:\/\/vipgo.atsautomation.com\/iwk-de\/%20%20\/studenten\/#breadcrumb\",\"itemListElement\":[{\"@type\":\"ListItem\",\"position\":1,\"name\":\"HOME\",\"item\":\"https:\/\/vipgo.atsautomation.com\/iwk-de\/%20%20\/\"},{\"@type\":\"ListItem\",\"position\":2,\"name\":\"STUDENTEN\"}]},{\"@type\":\"WebSite\",\"@id\":\"https:\/\/vipgo.atsautomation.com\/iwk-de\/%20%20\/#website\",\"url\":\"https:\/\/vipgo.atsautomation.com\/iwk-de\/%20%20\/\",\"name\":\"Innovative And Customized Manufacturing Solutions\",\"description\":\"\",\"publisher\":{\"@id\":\"https:\/\/vipgo.atsautomation.com\/iwk-de\/%20%20\/#organization\"},\"potentialAction\":[{\"@type\":\"SearchAction\",\"target\":{\"@type\":\"EntryPoint\",\"urlTemplate\":\"https:\/\/vipgo.atsautomation.com\/iwk-de\/%20%20\/?s={search_term_string}\"},\"query-input\":{\"@type\":\"PropertyValueSpecification\",\"valueRequired\":true,\"valueName\":\"search_term_string\"}}],\"inLanguage\":\"de-DE\"},{\"@type\":\"Organization\",\"@id\":\"https:\/\/vipgo.atsautomation.com\/iwk-de\/%20%20\/#organization\",\"name\":\"Innovative And Customized Manufacturing Solutions\",\"url\":\"https:\/\/vipgo.atsautomation.com\/iwk-de\/%20%20\/\",\"logo\":{\"@type\":\"ImageObject\",\"inLanguage\":\"de-DE\",\"@id\":\"https:\/\/vipgo.atsautomation.com\/iwk-de\/%20%20\/#\/schema\/logo\/image\/\",\"url\":\"https:\/\/vipgo.atsautomation.com\/iwk-de\/%20%20\/wp-content\/uploads\/sites\/22\/2023\/02\/LOGO_IWK_4c_Size_2.png\",\"contentUrl\":\"https:\/\/vipgo.atsautomation.com\/iwk-de\/%20%20\/wp-content\/uploads\/sites\/22\/2023\/02\/LOGO_IWK_4c_Size_2.png\",\"width\":238,\"height\":137,\"caption\":\"Innovative And Customized Manufacturing Solutions\"},\"image\":{\"@id\":\"https:\/\/vipgo.atsautomation.com\/iwk-de\/%20%20\/#\/schema\/logo\/image\/\"}}]}<\/script>\n<!-- \/ Yoast SEO Premium plugin. -->","yoast_head_json":{"title":"STUDENTEN - Innovative And Customized Manufacturing Solutions","robots":{"index":"index","follow":"follow","max-snippet":"max-snippet:-1","max-image-preview":"max-image-preview:large","max-video-preview":"max-video-preview:-1"},"canonical":"https:\/\/vipgo.atsautomation.com\/iwk-de\/  \/studenten\/","og_locale":"de_DE","og_type":"article","og_title":"STUDENTEN","og_description":"Studieren geht \u00fcber probieren. Bei IWK in jedem Fall! Ein ganzer Strau\u00df voller M\u00f6glichkeiten f\u00fcr Dein Studium und um Dich nach vorne zu bringen. PRAKTIKUM Pflicht oder K\u00fcr, ein Praktikum bei IWK bringt Dich weiter Du suchst ein Praktikum im Maschinenbau? H\u00f6r auf mit der anstrengenden Suche, hier findest Du Dein Traumpraktikum. Egal ob Du...Read More","og_url":"https:\/\/vipgo.atsautomation.com\/iwk-de\/  \/studenten\/","og_site_name":"Innovative And Customized Manufacturing Solutions","article_modified_time":"2021-03-11T23:50:56+00:00","og_image":[{"width":1896,"height":737,"url":"https:\/\/vipgo.atsautomation.com\/iwk-de\/%20%20\/wp-content\/uploads\/sites\/22\/2021\/02\/student.jpg","type":"image\/jpeg"}],"twitter_card":"summary_large_image","twitter_misc":{"Gesch\u00e4tzte Lesezeit":"2 Minuten"},"schema":{"@context":"https:\/\/schema.org","@graph":[{"@type":"WebPage","@id":"https:\/\/vipgo.atsautomation.com\/iwk-de\/%20%20\/studenten\/","url":"https:\/\/vipgo.atsautomation.com\/iwk-de\/%20%20\/studenten\/","name":"STUDENTEN - Innovative And Customized Manufacturing Solutions","isPartOf":{"@id":"https:\/\/vipgo.atsautomation.com\/iwk-de\/%20%20\/#website"},"primaryImageOfPage":{"@id":"https:\/\/vipgo.atsautomation.com\/iwk-de\/%20%20\/studenten\/#primaryimage"},"image":{"@id":"https:\/\/vipgo.atsautomation.com\/iwk-de\/%20%20\/studenten\/#primaryimage"},"thumbnailUrl":"https:\/\/vipgo.atsautomation.com\/iwk-de\/%20%20\/wp-content\/uploads\/sites\/22\/2021\/02\/student.jpg","datePublished":"2021-02-02T18:54:32+00:00","dateModified":"2021-03-11T23:50:56+00:00","breadcrumb":{"@id":"https:\/\/vipgo.atsautomation.com\/iwk-de\/%20%20\/studenten\/#breadcrumb"},"inLanguage":"de-DE","potentialAction":[{"@type":"ReadAction","target":["https:\/\/vipgo.atsautomation.com\/iwk-de\/%20%20\/studenten\/"]}]},{"@type":"ImageObject","inLanguage":"de-DE","@id":"https:\/\/vipgo.atsautomation.com\/iwk-de\/%20%20\/studenten\/#primaryimage","url":"https:\/\/vipgo.atsautomation.com\/iwk-de\/%20%20\/wp-content\/uploads\/sites\/22\/2021\/02\/student.jpg","contentUrl":"https:\/\/vipgo.atsautomation.com\/iwk-de\/%20%20\/wp-content\/uploads\/sites\/22\/2021\/02\/student.jpg","width":1896,"height":737},{"@type":"BreadcrumbList","@id":"https:\/\/vipgo.atsautomation.com\/iwk-de\/%20%20\/studenten\/#breadcrumb","itemListElement":[{"@type":"ListItem","position":1,"name":"HOME","item":"https:\/\/vipgo.atsautomation.com\/iwk-de\/%20%20\/"},{"@type":"ListItem","position":2,"name":"STUDENTEN"}]},{"@type":"WebSite","@id":"https:\/\/vipgo.atsautomation.com\/iwk-de\/%20%20\/#website","url":"https:\/\/vipgo.atsautomation.com\/iwk-de\/%20%20\/","name":"Innovative And Customized Manufacturing Solutions","description":"","publisher":{"@id":"https:\/\/vipgo.atsautomation.com\/iwk-de\/%20%20\/#organization"},"potentialAction":[{"@type":"SearchAction","target":{"@type":"EntryPoint","urlTemplate":"https:\/\/vipgo.atsautomation.com\/iwk-de\/%20%20\/?s={search_term_string}"},"query-input":{"@type":"PropertyValueSpecification","valueRequired":true,"valueName":"search_term_string"}}],"inLanguage":"de-DE"},{"@type":"Organization","@id":"https:\/\/vipgo.atsautomation.com\/iwk-de\/%20%20\/#organization","name":"Innovative And Customized Manufacturing Solutions","url":"https:\/\/vipgo.atsautomation.com\/iwk-de\/%20%20\/","logo":{"@type":"ImageObject","inLanguage":"de-DE","@id":"https:\/\/vipgo.atsautomation.com\/iwk-de\/%20%20\/#\/schema\/logo\/image\/","url":"https:\/\/vipgo.atsautomation.com\/iwk-de\/%20%20\/wp-content\/uploads\/sites\/22\/2023\/02\/LOGO_IWK_4c_Size_2.png","contentUrl":"https:\/\/vipgo.atsautomation.com\/iwk-de\/%20%20\/wp-content\/uploads\/sites\/22\/2023\/02\/LOGO_IWK_4c_Size_2.png","width":238,"height":137,"caption":"Innovative And Customized Manufacturing Solutions"},"image":{"@id":"https:\/\/vipgo.atsautomation.com\/iwk-de\/%20%20\/#\/schema\/logo\/image\/"}}]}},"jetpack_sharing_enabled":true,"_links":{"self":[{"href":"https:\/\/vipgo.atsautomation.com\/iwk-de\/%20%20\/wp-json\/wp\/v2\/pages\/3613","targetHints":{"allow":["GET"]}}],"collection":[{"href":"https:\/\/vipgo.atsautomation.com\/iwk-de\/%20%20\/wp-json\/wp\/v2\/pages"}],"about":[{"href":"https:\/\/vipgo.atsautomation.com\/iwk-de\/%20%20\/wp-json\/wp\/v2\/types\/page"}],"author":[{"embeddable":true,"href":"https:\/\/vipgo.atsautomation.com\/iwk-de\/%20%20\/wp-json\/wp\/v2\/users\/63"}],"replies":[{"embeddable":true,"href":"https:\/\/vipgo.atsautomation.com\/iwk-de\/%20%20\/wp-json\/wp\/v2\/comments?post=3613"}],"version-history":[{"count":2,"href":"https:\/\/vipgo.atsautomation.com\/iwk-de\/%20%20\/wp-json\/wp\/v2\/pages\/3613\/revisions"}],"predecessor-version":[{"id":5613,"href":"https:\/\/vipgo.atsautomation.com\/iwk-de\/%20%20\/wp-json\/wp\/v2\/pages\/3613\/revisions\/5613"}],"wp:featuredmedia":[{"embeddable":true,"href":"https:\/\/vipgo.atsautomation.com\/iwk-de\/%20%20\/wp-json\/wp\/v2\/media\/3049"}],"wp:attachment":[{"href":"https:\/\/vipgo.atsautomation.com\/iwk-de\/%20%20\/wp-json\/wp\/v2\/media?parent=3613"}],"curies":[{"name":"wp","href":"https:\/\/api.w.org\/{rel}","templated":true}]}}