{"id":3615,"date":"2021-02-02T19:01:44","date_gmt":"2021-02-02T19:01:44","guid":{"rendered":"https:\/\/iwk.de\/?page_id=3615"},"modified":"2021-05-06T06:37:17","modified_gmt":"2021-05-06T06:37:17","slug":"deine-bewerbung-de","status":"publish","type":"page","link":"https:\/\/vipgo.atsautomation.com\/iwk-de\/%20%20\/deine-bewerbung-de\/","title":{"rendered":"DEINE BEWERBUNG"},"content":{"rendered":"<div class=\"home-main row\">\n<span><span><a href=\"https:\/\/vipgo.atsautomation.com\/iwk-de\/%20%20\/\">HOME<\/a><\/span><\/span><\/p>\n<h2>Auf die Pl\u00e4tze fertig, bewerben<\/h2>\n<\/div>\n<div class=\"glance-subdomain\">\n<div class=\"home-main row\">\n<p>Du willst Dich auf eines unserer Angebote bewerben? So funktioniert es:<\/p>\n<p>Bewirb Dich bitte in unserem <a href=\"https:\/\/jobs.atsautomation.com\/?locale=de_DE\" target=\"_blank\" rel=\"noopener\">Application Center<\/a> unter dem gew\u00fcnschten Ausbildungs- oder Studienangebot mit dem Button \u201ejetzt bewerben\u201c.<br \/>\nDu wirst automatisch auf die Seiten unserer Muttergesellschaft ATS Automation Tooling Systems Inc. weitergeleitet. Deine Bewerbung geht anschlie\u00dfend bei uns, der IWK Verpackungstechnik GmbH, ein.<\/p>\n<p>Hinweis: Bei einer Erstanmeldung richte Dir bitte zun\u00e4chst ein Benutzerkonto ein!<\/p>\n<p>Sobald Deine Bewerbung \u00fcber unsere Bewerbungsplattform bei uns eingegangen ist, erh\u00e4ltst Du eine Best\u00e4tigungsmail. Lass uns dann bitte ein wenig Zeit zur Pr\u00fcfung der Unterlagen. Sobald das geschehen ist, bekommst Du von uns ein weiteres Schreiben \u00fcber die erfolgreiche Fortsetzung des Prozesses, d.h. eine Einladung f\u00fcr einen ersten telefonischen Kontakt, zum pers\u00f6nlichen Kennenlernen.<\/p>\n<p>Um einen \u00dcberblick \u00fcber Deinen Ausbildungs- und Studienwunsch zu bekommen, sende uns bitte:<\/p>\n<div class=\"faq__content\">\n<ul>\n<li>ein Anschreiben<\/li>\n<li>deinen Lebenslauf<\/li>\n<li>deine Zeugnisse<\/li>\n<\/ul>\n<\/div>\n<p>Wir freuen uns auf Dich.<\/p>\n<\/div>\n<\/div>\n","protected":false},"excerpt":{"rendered":"<p>Auf die Pl\u00e4tze fertig, bewerben Du willst Dich auf eines unserer Angebote bewerben? So funktioniert es: Bewirb Dich bitte in unserem Application Center unter dem gew\u00fcnschten Ausbildungs- oder Studienangebot mit dem Button \u201ejetzt bewerben\u201c. Du wirst automatisch auf die Seiten unserer Muttergesellschaft ATS Automation Tooling Systems Inc. weitergeleitet. Deine Bewerbung geht anschlie\u00dfend bei uns, der&#8230;<\/p>\n<div class=\"post-button\"><a href=\"https:\/\/vipgo.atsautomation.com\/iwk-de\/%20%20\/deine-bewerbung-de\/\">Read More<\/a><\/div>\n","protected":false},"author":63,"featured_media":3058,"parent":0,"menu_order":0,"comment_status":"closed","ping_status":"closed","template":"","meta":{"inline_featured_image":false,"footnotes":""},"class_list":["post-3615","page","type-page","status-publish","has-post-thumbnail","hentry"],"yoast_head":"<!-- This site is optimized with the Yoast SEO Premium plugin v26.8 (Yoast SEO v26.8) - https:\/\/yoast.com\/product\/yoast-seo-premium-wordpress\/ -->\n<title>DEINE BEWERBUNG - Innovative And Customized Manufacturing Solutions<\/title>\n<meta name=\"robots\" content=\"index, follow, max-snippet:-1, max-image-preview:large, max-video-preview:-1\" \/>\n<link rel=\"canonical\" href=\"https:\/\/vipgo.atsautomation.com\/iwk-de\/%20%20\/deine-bewerbung-de\/\" \/>\n<meta property=\"og:locale\" content=\"de_DE\" \/>\n<meta property=\"og:type\" content=\"article\" \/>\n<meta property=\"og:title\" content=\"DEINE BEWERBUNG\" \/>\n<meta property=\"og:description\" content=\"Auf die Pl\u00e4tze fertig, bewerben Du willst Dich auf eines unserer Angebote bewerben? So funktioniert es: Bewirb Dich bitte in unserem Application Center unter dem gew\u00fcnschten Ausbildungs- oder Studienangebot mit dem Button \u201ejetzt bewerben\u201c. Du wirst automatisch auf die Seiten unserer Muttergesellschaft ATS Automation Tooling Systems Inc. weitergeleitet. Deine Bewerbung geht anschlie\u00dfend bei uns, der...Read More\" \/>\n<meta property=\"og:url\" content=\"https:\/\/vipgo.atsautomation.com\/iwk-de\/  \/deine-bewerbung-de\/\" \/>\n<meta property=\"og:site_name\" content=\"Innovative And Customized Manufacturing Solutions\" \/>\n<meta property=\"article:modified_time\" content=\"2021-05-06T06:37:17+00:00\" \/>\n<meta property=\"og:image\" content=\"https:\/\/vipgo.atsautomation.com\/iwk-de\/%20%20\/wp-content\/uploads\/sites\/22\/2021\/02\/application-bg.jpg\" \/>\n\t<meta property=\"og:image:width\" content=\"1897\" \/>\n\t<meta property=\"og:image:height\" content=\"725\" \/>\n\t<meta property=\"og:image:type\" content=\"image\/jpeg\" \/>\n<meta name=\"twitter:card\" content=\"summary_large_image\" \/>\n<meta name=\"twitter:label1\" content=\"Gesch\u00e4tzte Lesezeit\" \/>\n\t<meta name=\"twitter:data1\" content=\"1 Minute\" \/>\n<script type=\"application\/ld+json\" class=\"yoast-schema-graph\">{\"@context\":\"https:\/\/schema.org\",\"@graph\":[{\"@type\":\"WebPage\",\"@id\":\"https:\/\/vipgo.atsautomation.com\/iwk-de\/%20%20\/deine-bewerbung-de\/\",\"url\":\"https:\/\/vipgo.atsautomation.com\/iwk-de\/%20%20\/deine-bewerbung-de\/\",\"name\":\"DEINE BEWERBUNG - Innovative And Customized Manufacturing Solutions\",\"isPartOf\":{\"@id\":\"https:\/\/vipgo.atsautomation.com\/iwk-de\/%20%20\/#website\"},\"primaryImageOfPage\":{\"@id\":\"https:\/\/vipgo.atsautomation.com\/iwk-de\/%20%20\/deine-bewerbung-de\/#primaryimage\"},\"image\":{\"@id\":\"https:\/\/vipgo.atsautomation.com\/iwk-de\/%20%20\/deine-bewerbung-de\/#primaryimage\"},\"thumbnailUrl\":\"https:\/\/vipgo.atsautomation.com\/iwk-de\/%20%20\/wp-content\/uploads\/sites\/22\/2021\/02\/application-bg.jpg\",\"datePublished\":\"2021-02-02T19:01:44+00:00\",\"dateModified\":\"2021-05-06T06:37:17+00:00\",\"breadcrumb\":{\"@id\":\"https:\/\/vipgo.atsautomation.com\/iwk-de\/%20%20\/deine-bewerbung-de\/#breadcrumb\"},\"inLanguage\":\"de-DE\",\"potentialAction\":[{\"@type\":\"ReadAction\",\"target\":[\"https:\/\/vipgo.atsautomation.com\/iwk-de\/%20%20\/deine-bewerbung-de\/\"]}]},{\"@type\":\"ImageObject\",\"inLanguage\":\"de-DE\",\"@id\":\"https:\/\/vipgo.atsautomation.com\/iwk-de\/%20%20\/deine-bewerbung-de\/#primaryimage\",\"url\":\"https:\/\/vipgo.atsautomation.com\/iwk-de\/%20%20\/wp-content\/uploads\/sites\/22\/2021\/02\/application-bg.jpg\",\"contentUrl\":\"https:\/\/vipgo.atsautomation.com\/iwk-de\/%20%20\/wp-content\/uploads\/sites\/22\/2021\/02\/application-bg.jpg\",\"width\":1897,\"height\":725},{\"@type\":\"BreadcrumbList\",\"@id\":\"https:\/\/vipgo.atsautomation.com\/iwk-de\/%20%20\/deine-bewerbung-de\/#breadcrumb\",\"itemListElement\":[{\"@type\":\"ListItem\",\"position\":1,\"name\":\"HOME\",\"item\":\"https:\/\/vipgo.atsautomation.com\/iwk-de\/%20%20\/\"},{\"@type\":\"ListItem\",\"position\":2,\"name\":\"DEINE BEWERBUNG\"}]},{\"@type\":\"WebSite\",\"@id\":\"https:\/\/vipgo.atsautomation.com\/iwk-de\/%20%20\/#website\",\"url\":\"https:\/\/vipgo.atsautomation.com\/iwk-de\/%20%20\/\",\"name\":\"Innovative And Customized Manufacturing Solutions\",\"description\":\"\",\"publisher\":{\"@id\":\"https:\/\/vipgo.atsautomation.com\/iwk-de\/%20%20\/#organization\"},\"potentialAction\":[{\"@type\":\"SearchAction\",\"target\":{\"@type\":\"EntryPoint\",\"urlTemplate\":\"https:\/\/vipgo.atsautomation.com\/iwk-de\/%20%20\/?s={search_term_string}\"},\"query-input\":{\"@type\":\"PropertyValueSpecification\",\"valueRequired\":true,\"valueName\":\"search_term_string\"}}],\"inLanguage\":\"de-DE\"},{\"@type\":\"Organization\",\"@id\":\"https:\/\/vipgo.atsautomation.com\/iwk-de\/%20%20\/#organization\",\"name\":\"Innovative And Customized Manufacturing Solutions\",\"url\":\"https:\/\/vipgo.atsautomation.com\/iwk-de\/%20%20\/\",\"logo\":{\"@type\":\"ImageObject\",\"inLanguage\":\"de-DE\",\"@id\":\"https:\/\/vipgo.atsautomation.com\/iwk-de\/%20%20\/#\/schema\/logo\/image\/\",\"url\":\"https:\/\/vipgo.atsautomation.com\/iwk-de\/%20%20\/wp-content\/uploads\/sites\/22\/2023\/02\/LOGO_IWK_4c_Size_2.png\",\"contentUrl\":\"https:\/\/vipgo.atsautomation.com\/iwk-de\/%20%20\/wp-content\/uploads\/sites\/22\/2023\/02\/LOGO_IWK_4c_Size_2.png\",\"width\":238,\"height\":137,\"caption\":\"Innovative And Customized Manufacturing Solutions\"},\"image\":{\"@id\":\"https:\/\/vipgo.atsautomation.com\/iwk-de\/%20%20\/#\/schema\/logo\/image\/\"}}]}<\/script>\n<!-- \/ Yoast SEO Premium plugin. -->","yoast_head_json":{"title":"DEINE BEWERBUNG - Innovative And Customized Manufacturing Solutions","robots":{"index":"index","follow":"follow","max-snippet":"max-snippet:-1","max-image-preview":"max-image-preview:large","max-video-preview":"max-video-preview:-1"},"canonical":"https:\/\/vipgo.atsautomation.com\/iwk-de\/  \/deine-bewerbung-de\/","og_locale":"de_DE","og_type":"article","og_title":"DEINE BEWERBUNG","og_description":"Auf die Pl\u00e4tze fertig, bewerben Du willst Dich auf eines unserer Angebote bewerben? So funktioniert es: Bewirb Dich bitte in unserem Application Center unter dem gew\u00fcnschten Ausbildungs- oder Studienangebot mit dem Button \u201ejetzt bewerben\u201c. Du wirst automatisch auf die Seiten unserer Muttergesellschaft ATS Automation Tooling Systems Inc. weitergeleitet. Deine Bewerbung geht anschlie\u00dfend bei uns, der...Read More","og_url":"https:\/\/vipgo.atsautomation.com\/iwk-de\/  \/deine-bewerbung-de\/","og_site_name":"Innovative And Customized Manufacturing Solutions","article_modified_time":"2021-05-06T06:37:17+00:00","og_image":[{"width":1897,"height":725,"url":"https:\/\/vipgo.atsautomation.com\/iwk-de\/%20%20\/wp-content\/uploads\/sites\/22\/2021\/02\/application-bg.jpg","type":"image\/jpeg"}],"twitter_card":"summary_large_image","twitter_misc":{"Gesch\u00e4tzte Lesezeit":"1 Minute"},"schema":{"@context":"https:\/\/schema.org","@graph":[{"@type":"WebPage","@id":"https:\/\/vipgo.atsautomation.com\/iwk-de\/%20%20\/deine-bewerbung-de\/","url":"https:\/\/vipgo.atsautomation.com\/iwk-de\/%20%20\/deine-bewerbung-de\/","name":"DEINE BEWERBUNG - Innovative And Customized Manufacturing Solutions","isPartOf":{"@id":"https:\/\/vipgo.atsautomation.com\/iwk-de\/%20%20\/#website"},"primaryImageOfPage":{"@id":"https:\/\/vipgo.atsautomation.com\/iwk-de\/%20%20\/deine-bewerbung-de\/#primaryimage"},"image":{"@id":"https:\/\/vipgo.atsautomation.com\/iwk-de\/%20%20\/deine-bewerbung-de\/#primaryimage"},"thumbnailUrl":"https:\/\/vipgo.atsautomation.com\/iwk-de\/%20%20\/wp-content\/uploads\/sites\/22\/2021\/02\/application-bg.jpg","datePublished":"2021-02-02T19:01:44+00:00","dateModified":"2021-05-06T06:37:17+00:00","breadcrumb":{"@id":"https:\/\/vipgo.atsautomation.com\/iwk-de\/%20%20\/deine-bewerbung-de\/#breadcrumb"},"inLanguage":"de-DE","potentialAction":[{"@type":"ReadAction","target":["https:\/\/vipgo.atsautomation.com\/iwk-de\/%20%20\/deine-bewerbung-de\/"]}]},{"@type":"ImageObject","inLanguage":"de-DE","@id":"https:\/\/vipgo.atsautomation.com\/iwk-de\/%20%20\/deine-bewerbung-de\/#primaryimage","url":"https:\/\/vipgo.atsautomation.com\/iwk-de\/%20%20\/wp-content\/uploads\/sites\/22\/2021\/02\/application-bg.jpg","contentUrl":"https:\/\/vipgo.atsautomation.com\/iwk-de\/%20%20\/wp-content\/uploads\/sites\/22\/2021\/02\/application-bg.jpg","width":1897,"height":725},{"@type":"BreadcrumbList","@id":"https:\/\/vipgo.atsautomation.com\/iwk-de\/%20%20\/deine-bewerbung-de\/#breadcrumb","itemListElement":[{"@type":"ListItem","position":1,"name":"HOME","item":"https:\/\/vipgo.atsautomation.com\/iwk-de\/%20%20\/"},{"@type":"ListItem","position":2,"name":"DEINE BEWERBUNG"}]},{"@type":"WebSite","@id":"https:\/\/vipgo.atsautomation.com\/iwk-de\/%20%20\/#website","url":"https:\/\/vipgo.atsautomation.com\/iwk-de\/%20%20\/","name":"Innovative And Customized Manufacturing Solutions","description":"","publisher":{"@id":"https:\/\/vipgo.atsautomation.com\/iwk-de\/%20%20\/#organization"},"potentialAction":[{"@type":"SearchAction","target":{"@type":"EntryPoint","urlTemplate":"https:\/\/vipgo.atsautomation.com\/iwk-de\/%20%20\/?s={search_term_string}"},"query-input":{"@type":"PropertyValueSpecification","valueRequired":true,"valueName":"search_term_string"}}],"inLanguage":"de-DE"},{"@type":"Organization","@id":"https:\/\/vipgo.atsautomation.com\/iwk-de\/%20%20\/#organization","name":"Innovative And Customized Manufacturing Solutions","url":"https:\/\/vipgo.atsautomation.com\/iwk-de\/%20%20\/","logo":{"@type":"ImageObject","inLanguage":"de-DE","@id":"https:\/\/vipgo.atsautomation.com\/iwk-de\/%20%20\/#\/schema\/logo\/image\/","url":"https:\/\/vipgo.atsautomation.com\/iwk-de\/%20%20\/wp-content\/uploads\/sites\/22\/2023\/02\/LOGO_IWK_4c_Size_2.png","contentUrl":"https:\/\/vipgo.atsautomation.com\/iwk-de\/%20%20\/wp-content\/uploads\/sites\/22\/2023\/02\/LOGO_IWK_4c_Size_2.png","width":238,"height":137,"caption":"Innovative And Customized Manufacturing Solutions"},"image":{"@id":"https:\/\/vipgo.atsautomation.com\/iwk-de\/%20%20\/#\/schema\/logo\/image\/"}}]}},"jetpack_sharing_enabled":true,"_links":{"self":[{"href":"https:\/\/vipgo.atsautomation.com\/iwk-de\/%20%20\/wp-json\/wp\/v2\/pages\/3615","targetHints":{"allow":["GET"]}}],"collection":[{"href":"https:\/\/vipgo.atsautomation.com\/iwk-de\/%20%20\/wp-json\/wp\/v2\/pages"}],"about":[{"href":"https:\/\/vipgo.atsautomation.com\/iwk-de\/%20%20\/wp-json\/wp\/v2\/types\/page"}],"author":[{"embeddable":true,"href":"https:\/\/vipgo.atsautomation.com\/iwk-de\/%20%20\/wp-json\/wp\/v2\/users\/63"}],"replies":[{"embeddable":true,"href":"https:\/\/vipgo.atsautomation.com\/iwk-de\/%20%20\/wp-json\/wp\/v2\/comments?post=3615"}],"version-history":[{"count":3,"href":"https:\/\/vipgo.atsautomation.com\/iwk-de\/%20%20\/wp-json\/wp\/v2\/pages\/3615\/revisions"}],"predecessor-version":[{"id":11404,"href":"https:\/\/vipgo.atsautomation.com\/iwk-de\/%20%20\/wp-json\/wp\/v2\/pages\/3615\/revisions\/11404"}],"wp:featuredmedia":[{"embeddable":true,"href":"https:\/\/vipgo.atsautomation.com\/iwk-de\/%20%20\/wp-json\/wp\/v2\/media\/3058"}],"wp:attachment":[{"href":"https:\/\/vipgo.atsautomation.com\/iwk-de\/%20%20\/wp-json\/wp\/v2\/media?parent=3615"}],"curies":[{"name":"wp","href":"https:\/\/api.w.org\/{rel}","templated":true}]}}