{"id":6247,"date":"2021-03-24T18:13:07","date_gmt":"2021-03-24T18:13:07","guid":{"rendered":"https:\/\/iwk.de\/?page_id=6247"},"modified":"2022-02-11T09:16:10","modified_gmt":"2022-02-11T09:16:10","slug":"studenten-schueler","status":"publish","type":"page","link":"https:\/\/vipgo.atsautomation.com\/iwk-de\/%20%20\/karriere\/studenten-schueler\/","title":{"rendered":"STUDENTEN &amp; SCH\u00dcLER"},"content":{"rendered":"<div class=\"glance-second\">\n<div class=\"home-main row\"><span><span><a href=\"https:\/\/vipgo.atsautomation.com\/iwk-de\/%20%20\/\">HOME<\/a><\/span><\/span><\/p>\n<details>\n<summary>STUDENTEN<\/summary>\n<div class=\"faq__content\">\n<h4>Bachelor- &amp; Masterthesis, Project Papers<\/h4>\n<p>Unsere unterschiedlichen Fachbereiche bieten Ihnen anspruchsvolle und spannende Themen f\u00fcr Ihre Bachelor- oder Masterthesis. Zun\u00e4chst erarbeiten Sie sich \u00fcber das Kennenlernen der Technik die notwendigen Basics. Sie arbeiten in Entwicklungsprojekten mit und f\u00fchren Versuche durch, um Ihre Thesis oder Projektarbeit mit anspruchsvollen Inhalten auf wissenschaftlicher Basis erfolgreich zu gestalten.<\/p>\n<h4>Praktika<\/h4>\n<p>\u00dcber freiwillige Praktika und Pflichtpraktika der Universit\u00e4ten und Hochschulen bieten wir allen Studenten Einblick in unsere spannende Technik und vermitteln Basiskenntnisse sowie fachspezifische Inhalte.<\/p>\n<h4>Studienbegleitende Aushilfst\u00e4tigkeiten<\/h4>\n<p>Je nach Fachbereich ist es m\u00f6glich, in den Semesterferien ganzt\u00e4gig oder stundenweise w\u00e4hrend des Semesters Aufgaben zu \u00fcbernehmen, die Ihre praktischen Erfahrungen passend zu den theoretischen Inhalten Ihres Studiengangs erweitern. Oder aber Sie arbeiten einfach \u201efachfremd\u201c, um sich etwas hinzuzuverdienen.<\/p>\n<h4>BEWERBUNGSPROZESS<\/h4>\n<h4>IWK Application Center<\/h4>\n<p>Bewerben Sie sich in unserem <a href=\"https:\/\/jobs.atsautomation.com\/?locale=de_DE\" target=\"_blank\" rel=\"noopener\">Application Center<\/a> unter dem gew\u00fcnschten Stellenangebot mit dem Button \u201ejetzt bewerben\u201c: Sie werden automatisch auf die Seiten unserer Muttergesellschaft ATS Automation Tooling Systems Inc. weitergeleitet. Ihre Bewerbung geht anschlie\u00dfend bei uns, der IWK Verpackungstechnik GmbH, ein. Hinweis: Bei einer Erstanmeldung richten Sie bitte erst ein Benutzerkonto ein!<\/p>\n<p>Alternativ k\u00f6nnen Sie unsere <a href=\"https:\/\/iwk.de\/hey-willkommen-bei-der-iwk-2\/\" target=\"_blank\" rel=\"noopener\">Webseite<\/a> f\u00fcr Sch\u00fcler und Studenten (Berufseinsteiger) besuchen.<\/p>\n<\/div>\n<\/details>\n<details>\n<summary>SCH\u00dcLER<\/summary>\n<div class=\"faq__content\">\n<h4>Duale Studieng\u00e4nge im \u00dcberblick<\/h4>\n<p>Unsere dualen Studenten sind wechselweise in 12-w\u00f6chigen Theorie- und Praxisphasen an der Dualen Hochschule Karlsruhe bzw. in den spezifischen Fachbereichen des Unternehmens.<\/p>\n<ul>\n<li>Studiengang Elektrotechnik<\/li>\n<li>Studiengang: Informationstechnik<\/li>\n<li>Studiengang Maschinenbau<\/li>\n<li>Studiengang Wirtschaftsingenieurwesen<\/li>\n<\/ul>\n<h4>Die betriebliche Ausbildung<\/h4>\n<ul>\n<li>Elektroniker f\u00fcr Automatisierungstechnik<\/li>\n<li>Mechatroniker<\/li>\n<li>Industriemechaniker<\/li>\n<\/ul>\n<p>Alle Ausbildungsberufe dauern 3 1\/2 Jahren und finden bei uns im Betrieb und der Berufsschule statt.<br \/>\nDie Ausbildung bei IWK bietet \u00fcberdurchschnittlich gute \u00dcbernahmechancen. Au\u00dferdem bietet sie hervorragende berufliche Perspektiven und erm\u00f6glicht schon sehr fr\u00fch einen Auslandsaufenthalt in einer unserer Tochtergesellschaften. Die so gewonnene Erfahrung ist in Kombination mit dem Erlernten eine ideale Basis f\u00fcr Dein Berufsleben.<br \/>\nDar\u00fcber hinaus bieten wir Sch\u00fclerpraktika im Rahmen von BOGY-, BORS- Praktika sowie Schnuppertage und Infoveranstaltungen an.<\/p>\n<h4>BEWERBUNGSPROZESS<\/h4>\n<h4>IWK Application Center<\/h4>\n<p>Bewerben Sie sich in unserem <a href=\"https:\/\/jobs.atsautomation.com\/?locale=de_DE\" target=\"_blank\" rel=\"noopener\">Application Center<\/a> unter dem gew\u00fcnschten Ausbildungs- oder Studienangebot mit dem Button \u201ejetzt bewerben\u201c: Sie werden automatisch auf die Seiten unserer Muttergesellschaft ATS Automation Tooling Systems Inc. weitergeleitet. Ihre Bewerbung geht anschlie\u00dfend bei uns, der IWK Verpackungstechnik GmbH, ein. Hinweis: Bei einer Erstanmeldung richten Sie bitte erst ein Benutzerkonto ein!<br \/>\nAlternativ k\u00f6nnen Sie unsere <a href=\"https:\/\/iwk.de\/hey-willkommen-bei-der-iwk-2\/\" target=\"_blank\" rel=\"noopener\">Webseite<\/a> f\u00fcr Sch\u00fcler und Studenten (Berufseinsteiger) besuchen<\/p>\n<\/div>\n<\/details>\n<p>&nbsp;<\/p>\n<p><a class=\"backLink\" href=\"https:\/\/iwk.de\/de\/karriere\/\" target=\"_self\" rel=\"noopener\">ZUR\u00dcCK ZU \u201eKARRIERE\u201c<\/a><\/p>\n<\/div>\n<\/div>\n","protected":false},"excerpt":{"rendered":"<p>STUDENTEN Bachelor- &amp; Masterthesis, Project Papers Unsere unterschiedlichen Fachbereiche bieten Ihnen anspruchsvolle und spannende Themen f\u00fcr Ihre Bachelor- oder Masterthesis. Zun\u00e4chst erarbeiten Sie sich \u00fcber das Kennenlernen der Technik die notwendigen Basics. Sie arbeiten in Entwicklungsprojekten mit und f\u00fchren Versuche durch, um Ihre Thesis oder Projektarbeit mit anspruchsvollen Inhalten auf wissenschaftlicher Basis erfolgreich zu gestalten&#8230;.<\/p>\n<div class=\"post-button\"><a href=\"https:\/\/vipgo.atsautomation.com\/iwk-de\/%20%20\/karriere\/studenten-schueler\/\">Read More<\/a><\/div>\n","protected":false},"author":72,"featured_media":2114,"parent":3365,"menu_order":0,"comment_status":"closed","ping_status":"closed","template":"","meta":{"inline_featured_image":false,"footnotes":""},"class_list":["post-6247","page","type-page","status-publish","has-post-thumbnail","hentry"],"yoast_head":"<!-- This site is optimized with the Yoast SEO Premium plugin v26.8 (Yoast SEO v26.8) - https:\/\/yoast.com\/product\/yoast-seo-premium-wordpress\/ -->\n<title>STUDENTEN &amp; SCH\u00dcLER - Innovative And Customized Manufacturing Solutions<\/title>\n<meta name=\"robots\" content=\"index, follow, max-snippet:-1, max-image-preview:large, max-video-preview:-1\" \/>\n<link rel=\"canonical\" href=\"https:\/\/vipgo.atsautomation.com\/iwk-de\/%20%20\/karriere\/studenten-schueler\/\" \/>\n<meta property=\"og:locale\" content=\"de_DE\" \/>\n<meta property=\"og:type\" content=\"article\" \/>\n<meta property=\"og:title\" content=\"STUDENTEN &amp; SCH\u00dcLER\" \/>\n<meta property=\"og:description\" content=\"STUDENTEN Bachelor- &amp; Masterthesis, Project Papers Unsere unterschiedlichen Fachbereiche bieten Ihnen anspruchsvolle und spannende Themen f\u00fcr Ihre Bachelor- oder Masterthesis. Zun\u00e4chst erarbeiten Sie sich \u00fcber das Kennenlernen der Technik die notwendigen Basics. Sie arbeiten in Entwicklungsprojekten mit und f\u00fchren Versuche durch, um Ihre Thesis oder Projektarbeit mit anspruchsvollen Inhalten auf wissenschaftlicher Basis erfolgreich zu gestalten....Read More\" \/>\n<meta property=\"og:url\" content=\"https:\/\/vipgo.atsautomation.com\/iwk-de\/  \/karriere\/studenten-schueler\/\" \/>\n<meta property=\"og:site_name\" content=\"Innovative And Customized Manufacturing Solutions\" \/>\n<meta property=\"article:modified_time\" content=\"2022-02-11T09:16:10+00:00\" \/>\n<meta property=\"og:image\" content=\"https:\/\/vipgo.atsautomation.com\/iwk-de\/%20%20\/wp-content\/uploads\/sites\/22\/2021\/01\/career.jpg\" \/>\n\t<meta property=\"og:image:width\" content=\"1895\" \/>\n\t<meta property=\"og:image:height\" content=\"727\" \/>\n\t<meta property=\"og:image:type\" content=\"image\/jpeg\" \/>\n<meta name=\"twitter:card\" content=\"summary_large_image\" \/>\n<meta name=\"twitter:label1\" content=\"Gesch\u00e4tzte Lesezeit\" \/>\n\t<meta name=\"twitter:data1\" content=\"3 Minuten\" \/>\n<script type=\"application\/ld+json\" class=\"yoast-schema-graph\">{\"@context\":\"https:\/\/schema.org\",\"@graph\":[{\"@type\":\"WebPage\",\"@id\":\"https:\/\/vipgo.atsautomation.com\/iwk-de\/%20%20\/karriere\/studenten-schueler\/\",\"url\":\"https:\/\/vipgo.atsautomation.com\/iwk-de\/%20%20\/karriere\/studenten-schueler\/\",\"name\":\"STUDENTEN &amp; SCH\u00dcLER - Innovative And Customized Manufacturing Solutions\",\"isPartOf\":{\"@id\":\"https:\/\/vipgo.atsautomation.com\/iwk-de\/%20%20\/#website\"},\"primaryImageOfPage\":{\"@id\":\"https:\/\/vipgo.atsautomation.com\/iwk-de\/%20%20\/karriere\/studenten-schueler\/#primaryimage\"},\"image\":{\"@id\":\"https:\/\/vipgo.atsautomation.com\/iwk-de\/%20%20\/karriere\/studenten-schueler\/#primaryimage\"},\"thumbnailUrl\":\"https:\/\/vipgo.atsautomation.com\/iwk-de\/%20%20\/wp-content\/uploads\/sites\/22\/2021\/01\/career.jpg\",\"datePublished\":\"2021-03-24T18:13:07+00:00\",\"dateModified\":\"2022-02-11T09:16:10+00:00\",\"breadcrumb\":{\"@id\":\"https:\/\/vipgo.atsautomation.com\/iwk-de\/%20%20\/karriere\/studenten-schueler\/#breadcrumb\"},\"inLanguage\":\"de-DE\",\"potentialAction\":[{\"@type\":\"ReadAction\",\"target\":[\"https:\/\/vipgo.atsautomation.com\/iwk-de\/%20%20\/karriere\/studenten-schueler\/\"]}]},{\"@type\":\"ImageObject\",\"inLanguage\":\"de-DE\",\"@id\":\"https:\/\/vipgo.atsautomation.com\/iwk-de\/%20%20\/karriere\/studenten-schueler\/#primaryimage\",\"url\":\"https:\/\/vipgo.atsautomation.com\/iwk-de\/%20%20\/wp-content\/uploads\/sites\/22\/2021\/01\/career.jpg\",\"contentUrl\":\"https:\/\/vipgo.atsautomation.com\/iwk-de\/%20%20\/wp-content\/uploads\/sites\/22\/2021\/01\/career.jpg\",\"width\":1895,\"height\":727},{\"@type\":\"BreadcrumbList\",\"@id\":\"https:\/\/vipgo.atsautomation.com\/iwk-de\/%20%20\/karriere\/studenten-schueler\/#breadcrumb\",\"itemListElement\":[{\"@type\":\"ListItem\",\"position\":1,\"name\":\"HOME\",\"item\":\"https:\/\/vipgo.atsautomation.com\/iwk-de\/%20%20\/\"},{\"@type\":\"ListItem\",\"position\":2,\"name\":\"KARRIERE\",\"item\":\"https:\/\/vipgo.atsautomation.com\/iwk-de\/%20%20\/karriere\/\"},{\"@type\":\"ListItem\",\"position\":3,\"name\":\"STUDENTEN &amp; SCH\u00dcLER\"}]},{\"@type\":\"WebSite\",\"@id\":\"https:\/\/vipgo.atsautomation.com\/iwk-de\/%20%20\/#website\",\"url\":\"https:\/\/vipgo.atsautomation.com\/iwk-de\/%20%20\/\",\"name\":\"Innovative And Customized Manufacturing Solutions\",\"description\":\"\",\"publisher\":{\"@id\":\"https:\/\/vipgo.atsautomation.com\/iwk-de\/%20%20\/#organization\"},\"potentialAction\":[{\"@type\":\"SearchAction\",\"target\":{\"@type\":\"EntryPoint\",\"urlTemplate\":\"https:\/\/vipgo.atsautomation.com\/iwk-de\/%20%20\/?s={search_term_string}\"},\"query-input\":{\"@type\":\"PropertyValueSpecification\",\"valueRequired\":true,\"valueName\":\"search_term_string\"}}],\"inLanguage\":\"de-DE\"},{\"@type\":\"Organization\",\"@id\":\"https:\/\/vipgo.atsautomation.com\/iwk-de\/%20%20\/#organization\",\"name\":\"Innovative And Customized Manufacturing Solutions\",\"url\":\"https:\/\/vipgo.atsautomation.com\/iwk-de\/%20%20\/\",\"logo\":{\"@type\":\"ImageObject\",\"inLanguage\":\"de-DE\",\"@id\":\"https:\/\/vipgo.atsautomation.com\/iwk-de\/%20%20\/#\/schema\/logo\/image\/\",\"url\":\"https:\/\/vipgo.atsautomation.com\/iwk-de\/%20%20\/wp-content\/uploads\/sites\/22\/2023\/02\/LOGO_IWK_4c_Size_2.png\",\"contentUrl\":\"https:\/\/vipgo.atsautomation.com\/iwk-de\/%20%20\/wp-content\/uploads\/sites\/22\/2023\/02\/LOGO_IWK_4c_Size_2.png\",\"width\":238,\"height\":137,\"caption\":\"Innovative And Customized Manufacturing Solutions\"},\"image\":{\"@id\":\"https:\/\/vipgo.atsautomation.com\/iwk-de\/%20%20\/#\/schema\/logo\/image\/\"}}]}<\/script>\n<!-- \/ Yoast SEO Premium plugin. -->","yoast_head_json":{"title":"STUDENTEN &amp; SCH\u00dcLER - Innovative And Customized Manufacturing Solutions","robots":{"index":"index","follow":"follow","max-snippet":"max-snippet:-1","max-image-preview":"max-image-preview:large","max-video-preview":"max-video-preview:-1"},"canonical":"https:\/\/vipgo.atsautomation.com\/iwk-de\/  \/karriere\/studenten-schueler\/","og_locale":"de_DE","og_type":"article","og_title":"STUDENTEN &amp; SCH\u00dcLER","og_description":"STUDENTEN Bachelor- &amp; Masterthesis, Project Papers Unsere unterschiedlichen Fachbereiche bieten Ihnen anspruchsvolle und spannende Themen f\u00fcr Ihre Bachelor- oder Masterthesis. Zun\u00e4chst erarbeiten Sie sich \u00fcber das Kennenlernen der Technik die notwendigen Basics. Sie arbeiten in Entwicklungsprojekten mit und f\u00fchren Versuche durch, um Ihre Thesis oder Projektarbeit mit anspruchsvollen Inhalten auf wissenschaftlicher Basis erfolgreich zu gestalten....Read More","og_url":"https:\/\/vipgo.atsautomation.com\/iwk-de\/  \/karriere\/studenten-schueler\/","og_site_name":"Innovative And Customized Manufacturing Solutions","article_modified_time":"2022-02-11T09:16:10+00:00","og_image":[{"width":1895,"height":727,"url":"https:\/\/vipgo.atsautomation.com\/iwk-de\/%20%20\/wp-content\/uploads\/sites\/22\/2021\/01\/career.jpg","type":"image\/jpeg"}],"twitter_card":"summary_large_image","twitter_misc":{"Gesch\u00e4tzte Lesezeit":"3 Minuten"},"schema":{"@context":"https:\/\/schema.org","@graph":[{"@type":"WebPage","@id":"https:\/\/vipgo.atsautomation.com\/iwk-de\/%20%20\/karriere\/studenten-schueler\/","url":"https:\/\/vipgo.atsautomation.com\/iwk-de\/%20%20\/karriere\/studenten-schueler\/","name":"STUDENTEN &amp; SCH\u00dcLER - Innovative And Customized Manufacturing Solutions","isPartOf":{"@id":"https:\/\/vipgo.atsautomation.com\/iwk-de\/%20%20\/#website"},"primaryImageOfPage":{"@id":"https:\/\/vipgo.atsautomation.com\/iwk-de\/%20%20\/karriere\/studenten-schueler\/#primaryimage"},"image":{"@id":"https:\/\/vipgo.atsautomation.com\/iwk-de\/%20%20\/karriere\/studenten-schueler\/#primaryimage"},"thumbnailUrl":"https:\/\/vipgo.atsautomation.com\/iwk-de\/%20%20\/wp-content\/uploads\/sites\/22\/2021\/01\/career.jpg","datePublished":"2021-03-24T18:13:07+00:00","dateModified":"2022-02-11T09:16:10+00:00","breadcrumb":{"@id":"https:\/\/vipgo.atsautomation.com\/iwk-de\/%20%20\/karriere\/studenten-schueler\/#breadcrumb"},"inLanguage":"de-DE","potentialAction":[{"@type":"ReadAction","target":["https:\/\/vipgo.atsautomation.com\/iwk-de\/%20%20\/karriere\/studenten-schueler\/"]}]},{"@type":"ImageObject","inLanguage":"de-DE","@id":"https:\/\/vipgo.atsautomation.com\/iwk-de\/%20%20\/karriere\/studenten-schueler\/#primaryimage","url":"https:\/\/vipgo.atsautomation.com\/iwk-de\/%20%20\/wp-content\/uploads\/sites\/22\/2021\/01\/career.jpg","contentUrl":"https:\/\/vipgo.atsautomation.com\/iwk-de\/%20%20\/wp-content\/uploads\/sites\/22\/2021\/01\/career.jpg","width":1895,"height":727},{"@type":"BreadcrumbList","@id":"https:\/\/vipgo.atsautomation.com\/iwk-de\/%20%20\/karriere\/studenten-schueler\/#breadcrumb","itemListElement":[{"@type":"ListItem","position":1,"name":"HOME","item":"https:\/\/vipgo.atsautomation.com\/iwk-de\/%20%20\/"},{"@type":"ListItem","position":2,"name":"KARRIERE","item":"https:\/\/vipgo.atsautomation.com\/iwk-de\/%20%20\/karriere\/"},{"@type":"ListItem","position":3,"name":"STUDENTEN &amp; SCH\u00dcLER"}]},{"@type":"WebSite","@id":"https:\/\/vipgo.atsautomation.com\/iwk-de\/%20%20\/#website","url":"https:\/\/vipgo.atsautomation.com\/iwk-de\/%20%20\/","name":"Innovative And Customized Manufacturing Solutions","description":"","publisher":{"@id":"https:\/\/vipgo.atsautomation.com\/iwk-de\/%20%20\/#organization"},"potentialAction":[{"@type":"SearchAction","target":{"@type":"EntryPoint","urlTemplate":"https:\/\/vipgo.atsautomation.com\/iwk-de\/%20%20\/?s={search_term_string}"},"query-input":{"@type":"PropertyValueSpecification","valueRequired":true,"valueName":"search_term_string"}}],"inLanguage":"de-DE"},{"@type":"Organization","@id":"https:\/\/vipgo.atsautomation.com\/iwk-de\/%20%20\/#organization","name":"Innovative And Customized Manufacturing Solutions","url":"https:\/\/vipgo.atsautomation.com\/iwk-de\/%20%20\/","logo":{"@type":"ImageObject","inLanguage":"de-DE","@id":"https:\/\/vipgo.atsautomation.com\/iwk-de\/%20%20\/#\/schema\/logo\/image\/","url":"https:\/\/vipgo.atsautomation.com\/iwk-de\/%20%20\/wp-content\/uploads\/sites\/22\/2023\/02\/LOGO_IWK_4c_Size_2.png","contentUrl":"https:\/\/vipgo.atsautomation.com\/iwk-de\/%20%20\/wp-content\/uploads\/sites\/22\/2023\/02\/LOGO_IWK_4c_Size_2.png","width":238,"height":137,"caption":"Innovative And Customized Manufacturing Solutions"},"image":{"@id":"https:\/\/vipgo.atsautomation.com\/iwk-de\/%20%20\/#\/schema\/logo\/image\/"}}]}},"jetpack_sharing_enabled":true,"_links":{"self":[{"href":"https:\/\/vipgo.atsautomation.com\/iwk-de\/%20%20\/wp-json\/wp\/v2\/pages\/6247","targetHints":{"allow":["GET"]}}],"collection":[{"href":"https:\/\/vipgo.atsautomation.com\/iwk-de\/%20%20\/wp-json\/wp\/v2\/pages"}],"about":[{"href":"https:\/\/vipgo.atsautomation.com\/iwk-de\/%20%20\/wp-json\/wp\/v2\/types\/page"}],"author":[{"embeddable":true,"href":"https:\/\/vipgo.atsautomation.com\/iwk-de\/%20%20\/wp-json\/wp\/v2\/users\/72"}],"replies":[{"embeddable":true,"href":"https:\/\/vipgo.atsautomation.com\/iwk-de\/%20%20\/wp-json\/wp\/v2\/comments?post=6247"}],"version-history":[{"count":7,"href":"https:\/\/vipgo.atsautomation.com\/iwk-de\/%20%20\/wp-json\/wp\/v2\/pages\/6247\/revisions"}],"predecessor-version":[{"id":10920,"href":"https:\/\/vipgo.atsautomation.com\/iwk-de\/%20%20\/wp-json\/wp\/v2\/pages\/6247\/revisions\/10920"}],"up":[{"embeddable":true,"href":"https:\/\/vipgo.atsautomation.com\/iwk-de\/%20%20\/wp-json\/wp\/v2\/pages\/3365"}],"wp:featuredmedia":[{"embeddable":true,"href":"https:\/\/vipgo.atsautomation.com\/iwk-de\/%20%20\/wp-json\/wp\/v2\/media\/2114"}],"wp:attachment":[{"href":"https:\/\/vipgo.atsautomation.com\/iwk-de\/%20%20\/wp-json\/wp\/v2\/media?parent=6247"}],"curies":[{"name":"wp","href":"https:\/\/api.w.org\/{rel}","templated":true}]}}