{"id":6385,"date":"2021-04-06T00:26:23","date_gmt":"2021-04-06T00:26:23","guid":{"rendered":"https:\/\/iwk.de\/?page_id=6385"},"modified":"2021-04-06T00:36:46","modified_gmt":"2021-04-06T00:36:46","slug":"de-home","status":"publish","type":"page","link":"https:\/\/vipgo.atsautomation.com\/iwk-de\/%20%20\/de-home\/","title":{"rendered":"home"},"content":{"rendered":"<div class=\"front-page-content-area\">\n<div id=\"hero\" class=\"hero\" style=\"background-image: url('https:\/\/iwk.de\/wp-content\/uploads\/sites\/22\/2021\/01\/slider.jpg');\">\n<div class=\"wrap page-hero-container-outer\">\n<div class=\"hero-container-inner\">\n<article >\n<header class=\"entry-header\">\n<h1 class=\"entry-title\">\u00dcBER 10.000 <\/br>INSTALLATIONEN <\/br>SIND MEHR ALS EIN <\/br>VERSPRECHEN<\/h1>\n<\/header>\n<\/article>\n<\/div>\n<\/div>\n<\/div>\n<\/div>\n<div class=\"home-main row\" style=\"margin-top: -80px;\">\n<h2 class=\"home-head\">Unsere Kunden sch\u00e4tzen uns daf\u00fcr, dass wir ihre Maschinen am Laufen halten. Seit \u00fcber 125 Jahren. Weltweit, rund um die Uhr.<\/h2>\n<div class=\"home-column row\">\n<div class=\"one column\">\n<p><img loading=\"lazy\" decoding=\"async\" class=\"alignnone size-full wp-image-83\" src=\"https:\/\/iwk.de\/wp-content\/uploads\/sites\/22\/2021\/02\/two.png\" alt=\"\" width=\"100\" height=\"100\" \/><\/p>\n<h3>IWK AUF EINEN BLICK<\/h3>\n<p>Seit mehr als 125 Jahren steht IWK f\u00fcr Spitzentechnologie und h\u00f6chste Zuverl\u00e4ssigkeit bei der Tubenabf\u00fcllung und Kartonierung.<\/p>\n<div class=\"read-more\"><a href=\"https:\/\/iwk.de\/de\/iwk-auf-einen-blick\/\"><img loading=\"lazy\" decoding=\"async\" class=\"alignnone size-thumbnail wp-image-116\" src=\"https:\/\/iwk.de\/wp-content\/uploads\/sites\/22\/2020\/12\/plus-e1608153632530.png?w=37&amp;h=43&amp;crop=1\" alt=\"\" width=\"37\" height=\"43\" \/><\/a><\/div>\n<\/div>\n<div class=\"two column\">\n<p><img loading=\"lazy\" decoding=\"async\" class=\"alignnone size-full wp-image-82\" src=\"https:\/\/iwk.de\/wp-content\/uploads\/sites\/22\/2021\/02\/icon_cont_beratung.png\" alt=\"\" width=\"100\" height=\"100\" \/><\/p>\n<h3>BERATUNG<\/h3>\n<p>Wir kennen die neuralgischen Nachfragepunkte unserer Kunden und haben unser Angebot darauf zugeschnitten.<\/p>\n<div class=\"read-more\"><a href=\"https:\/\/iwk.de\/de\/beratung\/\"><img loading=\"lazy\" decoding=\"async\" class=\"alignnone size-thumbnail wp-image-116\" src=\"https:\/\/iwk.de\/wp-content\/uploads\/sites\/22\/2020\/12\/plus-e1608153632530.png?w=37&amp;h=43&amp;crop=1\" alt=\"\" width=\"37\" height=\"43\" \/><\/a><\/div>\n<\/div>\n<div class=\"three column\">\n<p><img loading=\"lazy\" decoding=\"async\" class=\"alignnone size-full wp-image-86\" src=\"https:\/\/iwk.de\/wp-content\/uploads\/sites\/22\/2021\/02\/icon_cont_produkte_loesungen.png\" alt=\"\" width=\"100\" height=\"100\" \/><\/p>\n<h3>PRODUKTE &amp; L\u00d6SUNGEN<\/h3>\n<p>IWK liefert hervorragende Produkte oder umfassende L\u00f6sungen sowohl f\u00fcr Linieninstallationen als auch f\u00fcr erstklassige Einzelmaschinen.<\/p>\n<div class=\"read-more\"><a href=\"https:\/\/iwk.de\/de\/produkte-loesungen\/\"><img loading=\"lazy\" decoding=\"async\" class=\"alignnone size-thumbnail wp-image-116\" src=\"https:\/\/iwk.de\/wp-content\/uploads\/sites\/22\/2020\/12\/plus-e1608153632530.png?w=37&amp;h=43&amp;crop=1\" alt=\"\" width=\"37\" height=\"43\" \/><\/a><\/div>\n<\/div>\n<\/div>\n<div class=\"row\">\n<div class=\"column-second\">\n<p><img loading=\"lazy\" decoding=\"async\" class=\"alignnone size-thumbnail wp-image-84\" src=\"https:\/\/iwk.de\/wp-content\/uploads\/sites\/22\/2021\/02\/icon_cont_service.png\" alt=\"\" width=\"100\" height=\"100\" \/><\/p>\n<h3>SERVICE<\/h3>\n<p>Wir engagieren uns mit Top-Engineering vom Pre-Sales und Ramp-up bis hin zu klassischem Service.<\/p>\n<div class=\"read-more\"><a href=\"https:\/\/iwk.de\/de\/service-de\/\"><img loading=\"lazy\" decoding=\"async\" class=\"alignnone size-thumbnail wp-image-116\" src=\"https:\/\/iwk.de\/wp-content\/uploads\/sites\/22\/2020\/12\/plus-e1608153632530.png?w=37&amp;h=43&amp;crop=1\" alt=\"\" width=\"37\" height=\"43\" \/><\/a><\/div>\n<\/div>\n<div class=\"column-second\">\n<p><img loading=\"lazy\" decoding=\"async\" class=\"alignnone size-thumbnail wp-image-85\" src=\"https:\/\/iwk.de\/wp-content\/uploads\/sites\/22\/2020\/12\/four.png?resize=150,150\" alt=\"\" width=\"100\" height=\"100\" srcset=\"https:\/\/vipgo.atsautomation.com\/iwk-de\/%20%20\/wp-content\/uploads\/sites\/22\/2020\/12\/four.png 163w, https:\/\/vipgo.atsautomation.com\/iwk-de\/%20%20\/wp-content\/uploads\/sites\/22\/2020\/12\/four.png?resize=150,150 150w\" sizes=\"auto, (max-width: 100px) 100vw, 100px\" \/><\/p>\n<h3>KARRIERE<\/h3>\n<p>Die Welt ist unser Markt und ebenso vielf\u00e4ltig sind Aufgaben und M\u00f6glichkeiten f\u00fcr unsere Mitarbeiter.<\/p>\n<div class=\"read-more\"><a href=\"https:\/\/iwk.de\/de\/karriere\/\"><img loading=\"lazy\" decoding=\"async\" class=\"alignnone size-thumbnail wp-image-116\" src=\"https:\/\/iwk.de\/wp-content\/uploads\/sites\/22\/2020\/12\/plus-e1608153632530.png?w=37&amp;h=43&amp;crop=1\" alt=\"\" width=\"37\" height=\"43\" \/><\/a><\/div>\n<\/div>\n<\/div>\n<\/div>\n","protected":false},"excerpt":{"rendered":"<p>\u00dcBER 10.000 INSTALLATIONEN SIND MEHR ALS EIN VERSPRECHEN Unsere Kunden sch\u00e4tzen uns daf\u00fcr, dass wir ihre Maschinen am Laufen halten. Seit \u00fcber 125 Jahren. Weltweit, rund um die Uhr. IWK AUF EINEN BLICK Seit mehr als 125 Jahren steht IWK f\u00fcr Spitzentechnologie und h\u00f6chste Zuverl\u00e4ssigkeit bei der Tubenabf\u00fcllung und Kartonierung. BERATUNG Wir kennen die neuralgischen&#8230;<\/p>\n<div class=\"post-button\"><a href=\"https:\/\/vipgo.atsautomation.com\/iwk-de\/%20%20\/de-home\/\">Read More<\/a><\/div>\n","protected":false},"author":72,"featured_media":0,"parent":0,"menu_order":0,"comment_status":"closed","ping_status":"closed","template":"","meta":{"inline_featured_image":false,"footnotes":""},"class_list":["post-6385","page","type-page","status-publish","hentry"],"yoast_head":"<!-- This site is optimized with the Yoast SEO Premium plugin v26.8 (Yoast SEO v26.8) - https:\/\/yoast.com\/product\/yoast-seo-premium-wordpress\/ -->\n<title>home - Innovative And Customized Manufacturing Solutions<\/title>\n<meta name=\"robots\" content=\"index, follow, max-snippet:-1, max-image-preview:large, max-video-preview:-1\" \/>\n<link rel=\"canonical\" href=\"https:\/\/vipgo.atsautomation.com\/iwk-de\/%20%20\/de-home\/\" \/>\n<meta property=\"og:locale\" content=\"de_DE\" \/>\n<meta property=\"og:type\" content=\"article\" \/>\n<meta property=\"og:title\" content=\"home\" \/>\n<meta property=\"og:description\" content=\"\u00dcBER 10.000 INSTALLATIONEN SIND MEHR ALS EIN VERSPRECHEN Unsere Kunden sch\u00e4tzen uns daf\u00fcr, dass wir ihre Maschinen am Laufen halten. Seit \u00fcber 125 Jahren. Weltweit, rund um die Uhr. IWK AUF EINEN BLICK Seit mehr als 125 Jahren steht IWK f\u00fcr Spitzentechnologie und h\u00f6chste Zuverl\u00e4ssigkeit bei der Tubenabf\u00fcllung und Kartonierung. BERATUNG Wir kennen die neuralgischen...Read More\" \/>\n<meta property=\"og:url\" content=\"https:\/\/vipgo.atsautomation.com\/iwk-de\/  \/de-home\/\" \/>\n<meta property=\"og:site_name\" content=\"Innovative And Customized Manufacturing Solutions\" \/>\n<meta property=\"article:modified_time\" content=\"2021-04-06T00:36:46+00:00\" \/>\n<meta property=\"og:image\" content=\"https:\/\/iwk.de\/wp-content\/uploads\/sites\/22\/2021\/02\/two.png\" \/>\n<meta name=\"twitter:card\" content=\"summary_large_image\" \/>\n<meta name=\"twitter:label1\" content=\"Gesch\u00e4tzte Lesezeit\" \/>\n\t<meta name=\"twitter:data1\" content=\"1 Minute\" \/>\n<script type=\"application\/ld+json\" class=\"yoast-schema-graph\">{\"@context\":\"https:\/\/schema.org\",\"@graph\":[{\"@type\":\"WebPage\",\"@id\":\"https:\/\/vipgo.atsautomation.com\/iwk-de\/%20%20\/de-home\/\",\"url\":\"https:\/\/vipgo.atsautomation.com\/iwk-de\/%20%20\/de-home\/\",\"name\":\"home - Innovative And Customized Manufacturing Solutions\",\"isPartOf\":{\"@id\":\"https:\/\/vipgo.atsautomation.com\/iwk-de\/%20%20\/#website\"},\"primaryImageOfPage\":{\"@id\":\"https:\/\/vipgo.atsautomation.com\/iwk-de\/%20%20\/de-home\/#primaryimage\"},\"image\":{\"@id\":\"https:\/\/vipgo.atsautomation.com\/iwk-de\/%20%20\/de-home\/#primaryimage\"},\"thumbnailUrl\":\"https:\/\/iwk.de\/wp-content\/uploads\/sites\/22\/2021\/02\/two.png\",\"datePublished\":\"2021-04-06T00:26:23+00:00\",\"dateModified\":\"2021-04-06T00:36:46+00:00\",\"breadcrumb\":{\"@id\":\"https:\/\/vipgo.atsautomation.com\/iwk-de\/%20%20\/de-home\/#breadcrumb\"},\"inLanguage\":\"de-DE\",\"potentialAction\":[{\"@type\":\"ReadAction\",\"target\":[\"https:\/\/vipgo.atsautomation.com\/iwk-de\/%20%20\/de-home\/\"]}]},{\"@type\":\"ImageObject\",\"inLanguage\":\"de-DE\",\"@id\":\"https:\/\/vipgo.atsautomation.com\/iwk-de\/%20%20\/de-home\/#primaryimage\",\"url\":\"https:\/\/iwk.de\/wp-content\/uploads\/sites\/22\/2021\/02\/two.png\",\"contentUrl\":\"https:\/\/iwk.de\/wp-content\/uploads\/sites\/22\/2021\/02\/two.png\"},{\"@type\":\"BreadcrumbList\",\"@id\":\"https:\/\/vipgo.atsautomation.com\/iwk-de\/%20%20\/de-home\/#breadcrumb\",\"itemListElement\":[{\"@type\":\"ListItem\",\"position\":1,\"name\":\"HOME\",\"item\":\"https:\/\/vipgo.atsautomation.com\/iwk-de\/%20%20\/\"},{\"@type\":\"ListItem\",\"position\":2,\"name\":\"home\"}]},{\"@type\":\"WebSite\",\"@id\":\"https:\/\/vipgo.atsautomation.com\/iwk-de\/%20%20\/#website\",\"url\":\"https:\/\/vipgo.atsautomation.com\/iwk-de\/%20%20\/\",\"name\":\"Innovative And Customized Manufacturing Solutions\",\"description\":\"\",\"publisher\":{\"@id\":\"https:\/\/vipgo.atsautomation.com\/iwk-de\/%20%20\/#organization\"},\"potentialAction\":[{\"@type\":\"SearchAction\",\"target\":{\"@type\":\"EntryPoint\",\"urlTemplate\":\"https:\/\/vipgo.atsautomation.com\/iwk-de\/%20%20\/?s={search_term_string}\"},\"query-input\":{\"@type\":\"PropertyValueSpecification\",\"valueRequired\":true,\"valueName\":\"search_term_string\"}}],\"inLanguage\":\"de-DE\"},{\"@type\":\"Organization\",\"@id\":\"https:\/\/vipgo.atsautomation.com\/iwk-de\/%20%20\/#organization\",\"name\":\"Innovative And Customized Manufacturing Solutions\",\"url\":\"https:\/\/vipgo.atsautomation.com\/iwk-de\/%20%20\/\",\"logo\":{\"@type\":\"ImageObject\",\"inLanguage\":\"de-DE\",\"@id\":\"https:\/\/vipgo.atsautomation.com\/iwk-de\/%20%20\/#\/schema\/logo\/image\/\",\"url\":\"https:\/\/vipgo.atsautomation.com\/iwk-de\/%20%20\/wp-content\/uploads\/sites\/22\/2023\/02\/LOGO_IWK_4c_Size_2.png\",\"contentUrl\":\"https:\/\/vipgo.atsautomation.com\/iwk-de\/%20%20\/wp-content\/uploads\/sites\/22\/2023\/02\/LOGO_IWK_4c_Size_2.png\",\"width\":238,\"height\":137,\"caption\":\"Innovative And Customized Manufacturing Solutions\"},\"image\":{\"@id\":\"https:\/\/vipgo.atsautomation.com\/iwk-de\/%20%20\/#\/schema\/logo\/image\/\"}}]}<\/script>\n<!-- \/ Yoast SEO Premium plugin. -->","yoast_head_json":{"title":"home - Innovative And Customized Manufacturing Solutions","robots":{"index":"index","follow":"follow","max-snippet":"max-snippet:-1","max-image-preview":"max-image-preview:large","max-video-preview":"max-video-preview:-1"},"canonical":"https:\/\/vipgo.atsautomation.com\/iwk-de\/  \/de-home\/","og_locale":"de_DE","og_type":"article","og_title":"home","og_description":"\u00dcBER 10.000 INSTALLATIONEN SIND MEHR ALS EIN VERSPRECHEN Unsere Kunden sch\u00e4tzen uns daf\u00fcr, dass wir ihre Maschinen am Laufen halten. Seit \u00fcber 125 Jahren. Weltweit, rund um die Uhr. IWK AUF EINEN BLICK Seit mehr als 125 Jahren steht IWK f\u00fcr Spitzentechnologie und h\u00f6chste Zuverl\u00e4ssigkeit bei der Tubenabf\u00fcllung und Kartonierung. BERATUNG Wir kennen die neuralgischen...Read More","og_url":"https:\/\/vipgo.atsautomation.com\/iwk-de\/  \/de-home\/","og_site_name":"Innovative And Customized Manufacturing Solutions","article_modified_time":"2021-04-06T00:36:46+00:00","og_image":[{"url":"https:\/\/iwk.de\/wp-content\/uploads\/sites\/22\/2021\/02\/two.png","type":"","width":"","height":""}],"twitter_card":"summary_large_image","twitter_misc":{"Gesch\u00e4tzte Lesezeit":"1 Minute"},"schema":{"@context":"https:\/\/schema.org","@graph":[{"@type":"WebPage","@id":"https:\/\/vipgo.atsautomation.com\/iwk-de\/%20%20\/de-home\/","url":"https:\/\/vipgo.atsautomation.com\/iwk-de\/%20%20\/de-home\/","name":"home - Innovative And Customized Manufacturing Solutions","isPartOf":{"@id":"https:\/\/vipgo.atsautomation.com\/iwk-de\/%20%20\/#website"},"primaryImageOfPage":{"@id":"https:\/\/vipgo.atsautomation.com\/iwk-de\/%20%20\/de-home\/#primaryimage"},"image":{"@id":"https:\/\/vipgo.atsautomation.com\/iwk-de\/%20%20\/de-home\/#primaryimage"},"thumbnailUrl":"https:\/\/iwk.de\/wp-content\/uploads\/sites\/22\/2021\/02\/two.png","datePublished":"2021-04-06T00:26:23+00:00","dateModified":"2021-04-06T00:36:46+00:00","breadcrumb":{"@id":"https:\/\/vipgo.atsautomation.com\/iwk-de\/%20%20\/de-home\/#breadcrumb"},"inLanguage":"de-DE","potentialAction":[{"@type":"ReadAction","target":["https:\/\/vipgo.atsautomation.com\/iwk-de\/%20%20\/de-home\/"]}]},{"@type":"ImageObject","inLanguage":"de-DE","@id":"https:\/\/vipgo.atsautomation.com\/iwk-de\/%20%20\/de-home\/#primaryimage","url":"https:\/\/iwk.de\/wp-content\/uploads\/sites\/22\/2021\/02\/two.png","contentUrl":"https:\/\/iwk.de\/wp-content\/uploads\/sites\/22\/2021\/02\/two.png"},{"@type":"BreadcrumbList","@id":"https:\/\/vipgo.atsautomation.com\/iwk-de\/%20%20\/de-home\/#breadcrumb","itemListElement":[{"@type":"ListItem","position":1,"name":"HOME","item":"https:\/\/vipgo.atsautomation.com\/iwk-de\/%20%20\/"},{"@type":"ListItem","position":2,"name":"home"}]},{"@type":"WebSite","@id":"https:\/\/vipgo.atsautomation.com\/iwk-de\/%20%20\/#website","url":"https:\/\/vipgo.atsautomation.com\/iwk-de\/%20%20\/","name":"Innovative And Customized Manufacturing Solutions","description":"","publisher":{"@id":"https:\/\/vipgo.atsautomation.com\/iwk-de\/%20%20\/#organization"},"potentialAction":[{"@type":"SearchAction","target":{"@type":"EntryPoint","urlTemplate":"https:\/\/vipgo.atsautomation.com\/iwk-de\/%20%20\/?s={search_term_string}"},"query-input":{"@type":"PropertyValueSpecification","valueRequired":true,"valueName":"search_term_string"}}],"inLanguage":"de-DE"},{"@type":"Organization","@id":"https:\/\/vipgo.atsautomation.com\/iwk-de\/%20%20\/#organization","name":"Innovative And Customized Manufacturing Solutions","url":"https:\/\/vipgo.atsautomation.com\/iwk-de\/%20%20\/","logo":{"@type":"ImageObject","inLanguage":"de-DE","@id":"https:\/\/vipgo.atsautomation.com\/iwk-de\/%20%20\/#\/schema\/logo\/image\/","url":"https:\/\/vipgo.atsautomation.com\/iwk-de\/%20%20\/wp-content\/uploads\/sites\/22\/2023\/02\/LOGO_IWK_4c_Size_2.png","contentUrl":"https:\/\/vipgo.atsautomation.com\/iwk-de\/%20%20\/wp-content\/uploads\/sites\/22\/2023\/02\/LOGO_IWK_4c_Size_2.png","width":238,"height":137,"caption":"Innovative And Customized Manufacturing Solutions"},"image":{"@id":"https:\/\/vipgo.atsautomation.com\/iwk-de\/%20%20\/#\/schema\/logo\/image\/"}}]}},"jetpack_sharing_enabled":true,"_links":{"self":[{"href":"https:\/\/vipgo.atsautomation.com\/iwk-de\/%20%20\/wp-json\/wp\/v2\/pages\/6385","targetHints":{"allow":["GET"]}}],"collection":[{"href":"https:\/\/vipgo.atsautomation.com\/iwk-de\/%20%20\/wp-json\/wp\/v2\/pages"}],"about":[{"href":"https:\/\/vipgo.atsautomation.com\/iwk-de\/%20%20\/wp-json\/wp\/v2\/types\/page"}],"author":[{"embeddable":true,"href":"https:\/\/vipgo.atsautomation.com\/iwk-de\/%20%20\/wp-json\/wp\/v2\/users\/72"}],"replies":[{"embeddable":true,"href":"https:\/\/vipgo.atsautomation.com\/iwk-de\/%20%20\/wp-json\/wp\/v2\/comments?post=6385"}],"version-history":[{"count":3,"href":"https:\/\/vipgo.atsautomation.com\/iwk-de\/%20%20\/wp-json\/wp\/v2\/pages\/6385\/revisions"}],"predecessor-version":[{"id":6388,"href":"https:\/\/vipgo.atsautomation.com\/iwk-de\/%20%20\/wp-json\/wp\/v2\/pages\/6385\/revisions\/6388"}],"wp:attachment":[{"href":"https:\/\/vipgo.atsautomation.com\/iwk-de\/%20%20\/wp-json\/wp\/v2\/media?parent=6385"}],"curies":[{"name":"wp","href":"https:\/\/api.w.org\/{rel}","templated":true}]}}