{"id":6637,"date":"2021-05-17T13:37:41","date_gmt":"2021-05-17T13:37:41","guid":{"rendered":"https:\/\/iwk.de\/?page_id=6637"},"modified":"2023-03-28T05:52:03","modified_gmt":"2023-03-28T05:52:03","slug":"hey-willkommen-bei-der-iwk-2","status":"publish","type":"page","link":"https:\/\/vipgo.atsautomation.com\/iwk-de\/%20%20\/hey-willkommen-bei-der-iwk-2\/","title":{"rendered":"HEY, WILLKOMMEN BEI DER IWK"},"content":{"rendered":"<div class=\"home-main row\"><span><span><a href=\"https:\/\/vipgo.atsautomation.com\/iwk-de\/%20%20\/\">HOME<\/a><\/span><\/span><\/p>\n<div class=\"iwk-col-width\">\n<h3 style=\"color: #2160ab;\">Wie kommt eigentlich die Zahnpasta in die Tube?<\/h3>\n<p>Wenn Du diese und andere weltbewegenden Fragen beantworten k\u00f6nnen m\u00f6chtest, solltest Du zu IWK kommen. Als Sch\u00fcler, Azubi oder Student.<\/p>\n<\/div>\n<div class=\"iwk-col-width1\">\n<h3 style=\"color: #2160ab;\">Mehr Informationen<\/h3>\n<p><a style=\"color: #707070;\" href=\"https:\/\/iwk.de\/warum-iwk\/\">Warum Iwk<\/a><br \/>\n<a style=\"color: #707070;\" href=\"https:\/\/iwk.de\/schueler\/\">Sch\u00fcler<\/a><br \/>\n<a style=\"color: #707070;\" href=\"https:\/\/iwk.de\/studenten\/\">Studenten<\/a><br \/>\n<a style=\"color: #707070;\" href=\"https:\/\/iwk.de\/deine-bewerbung-de\/\">Deine Bewerbung<\/a><br \/>\n<a style=\"color: #707070;\" href=\"https:\/\/iwk.de\/kontakt-2\/\">Kontaktiere uns<\/a><\/p>\n<\/div>\n<\/div>\n<div class=\"start\">\n<div class=\"home-main row\">\n<div class=\"row\">\n<div class=\"student-left\">\n<figure><a href=\"https:\/\/iwk.de\/warum-iwk\/\" target=\"_self\" rel=\"noopener\"><img loading=\"lazy\" decoding=\"async\" class=\"image-embed-item\" src=\"https:\/\/iwk.de\/wp-content\/uploads\/sites\/22\/2021\/01\/whyiwk.png\" alt=\"\" width=\"255\" height=\"258\" \/><\/a><\/figure>\n<\/div>\n<div class=\"student-text\">\n<p>WARUM IWK<\/p>\n<h3><a href=\"https:\/\/iwk.de\/warum-iwk\/\" target=\"_self\" rel=\"noopener\">Seit \u00fcber 130 Jahren erfinden wir uns neu<\/a><\/h3>\n<p><a href=\"https:\/\/iwk.de\/warum-iwk\/\" target=\"_self\" rel=\"noopener\"><img loading=\"lazy\" decoding=\"async\" src=\"https:\/\/iwk.de\/wp-content\/uploads\/sites\/22\/2021\/01\/stu-plus.jpg\" width=\"40\" height=\"40\" \/><\/a><\/p>\n<\/div>\n<\/div>\n<div class=\"row\">\n<div class=\"student-right\">\n<figure><a href=\"https:\/\/iwk.de\/schueler\/\" target=\"_self\" rel=\"noopener\"><img loading=\"lazy\" decoding=\"async\" class=\"image-embed-item\" src=\"https:\/\/iwk.de\/wp-content\/uploads\/sites\/22\/2021\/01\/pupils.png\" alt=\"\" width=\"255\" height=\"258\" \/><\/a><\/figure>\n<\/div>\n<div class=\"student-text-right\">\n<p>SCH\u00dcLER<\/p>\n<h3><a href=\"https:\/\/iwk.de\/schueler\/\" target=\"_self\" rel=\"noopener\">Reinschnuppern oder gleich starten?<\/a><\/h3>\n<p><a href=\"https:\/\/iwk.de\/schueler\/\" target=\"_self\" rel=\"noopener\"><img loading=\"lazy\" decoding=\"async\" src=\"https:\/\/iwk.de\/wp-content\/uploads\/sites\/22\/2021\/01\/stu-plus.jpg\" width=\"40\" height=\"40\" \/><\/a><\/p>\n<\/div>\n<\/div>\n<div class=\"row\">\n<div class=\"student-left\">\n<figure><a href=\"https:\/\/iwk.de\/studenten\/\" target=\"_self\" rel=\"noopener\"><img loading=\"lazy\" decoding=\"async\" class=\"image-embed-item\" src=\"https:\/\/iwk.de\/wp-content\/uploads\/sites\/22\/2021\/01\/students.png\" alt=\"\" width=\"255\" height=\"258\" \/><\/a><\/figure>\n<\/div>\n<div class=\"student-text\">\n<p>STUDENTEN<\/p>\n<h3><a href=\"https:\/\/iwk.de\/studenten\/\" target=\"_self\" rel=\"noopener\">Studieren geht \u00fcber probieren. Bei IWK in jedem Fall!<\/a><\/h3>\n<p><a href=\"https:\/\/iwk.de\/studenten\/\" target=\"_self\" rel=\"noopener\"><img loading=\"lazy\" decoding=\"async\" src=\"https:\/\/iwk.de\/wp-content\/uploads\/sites\/22\/2021\/02\/grey-plus.jpg\" width=\"50\" height=\"50\" \/><\/a><\/p>\n<\/div>\n<\/div>\n<div class=\"row\">\n<div class=\"student-right\">\n<figure><a href=\"https:\/\/iwk.de\/de\/deine-bewerbung\/\" target=\"_self\" rel=\"noopener\"><img loading=\"lazy\" decoding=\"async\" class=\"image-embed-item\" src=\"https:\/\/iwk.de\/wp-content\/uploads\/sites\/22\/2021\/01\/application.jpg\" alt=\"\" width=\"255\" height=\"258\" \/><\/a><\/figure>\n<\/div>\n<div class=\"student-text-right\">\n<p>DEINE BEWERBUNG<\/p>\n<h3><a href=\"https:\/\/iwk.de\/deine-bewerbung-de\/\" target=\"_self\" rel=\"noopener\">Auf die Pl\u00e4tze fertig, bewerben<\/a><\/h3>\n<p><a href=\"https:\/\/iwk.de\/deine-bewerbung-de\/\" target=\"_self\" rel=\"noopener\"><img loading=\"lazy\" decoding=\"async\" src=\"https:\/\/iwk.de\/wp-content\/uploads\/sites\/22\/2021\/02\/white-plus.jpg\" width=\"40\" height=\"40\" \/><\/a><\/p>\n<\/div>\n<\/div>\n<\/div>\n<\/div>\n","protected":false},"excerpt":{"rendered":"<p>Wie kommt eigentlich die Zahnpasta in die Tube? Wenn Du diese und andere weltbewegenden Fragen beantworten k\u00f6nnen m\u00f6chtest, solltest Du zu IWK kommen. Als Sch\u00fcler, Azubi oder Student. Mehr Informationen Warum Iwk Sch\u00fcler Studenten Deine Bewerbung Kontaktiere uns WARUM IWK Seit \u00fcber 130 Jahren erfinden wir uns neu SCH\u00dcLER Reinschnuppern oder gleich starten? STUDENTEN Studieren&#8230;<\/p>\n<div class=\"post-button\"><a href=\"https:\/\/vipgo.atsautomation.com\/iwk-de\/%20%20\/hey-willkommen-bei-der-iwk-2\/\">Read More<\/a><\/div>\n","protected":false},"author":72,"featured_media":2710,"parent":0,"menu_order":0,"comment_status":"closed","ping_status":"closed","template":"","meta":{"inline_featured_image":false,"footnotes":""},"class_list":["post-6637","page","type-page","status-publish","has-post-thumbnail","hentry"],"yoast_head":"<!-- This site is optimized with the Yoast SEO Premium plugin v26.8 (Yoast SEO v26.8) - https:\/\/yoast.com\/product\/yoast-seo-premium-wordpress\/ -->\n<title>HEY, WILLKOMMEN BEI DER IWK - Innovative And Customized Manufacturing Solutions<\/title>\n<meta name=\"robots\" content=\"index, follow, max-snippet:-1, max-image-preview:large, max-video-preview:-1\" \/>\n<link rel=\"canonical\" href=\"https:\/\/vipgo.atsautomation.com\/iwk-de\/%20%20\/hey-willkommen-bei-der-iwk-2\/\" \/>\n<meta property=\"og:locale\" content=\"de_DE\" \/>\n<meta property=\"og:type\" content=\"article\" \/>\n<meta property=\"og:title\" content=\"HEY, WILLKOMMEN BEI DER IWK\" \/>\n<meta property=\"og:description\" content=\"Wie kommt eigentlich die Zahnpasta in die Tube? Wenn Du diese und andere weltbewegenden Fragen beantworten k\u00f6nnen m\u00f6chtest, solltest Du zu IWK kommen. Als Sch\u00fcler, Azubi oder Student. Mehr Informationen Warum Iwk Sch\u00fcler Studenten Deine Bewerbung Kontaktiere uns WARUM IWK Seit \u00fcber 130 Jahren erfinden wir uns neu SCH\u00dcLER Reinschnuppern oder gleich starten? STUDENTEN Studieren...Read More\" \/>\n<meta property=\"og:url\" content=\"https:\/\/vipgo.atsautomation.com\/iwk-de\/  \/hey-willkommen-bei-der-iwk-2\/\" \/>\n<meta property=\"og:site_name\" content=\"Innovative And Customized Manufacturing Solutions\" \/>\n<meta property=\"article:modified_time\" content=\"2023-03-28T05:52:03+00:00\" \/>\n<meta property=\"og:image\" content=\"https:\/\/vipgo.atsautomation.com\/iwk-de\/%20%20\/wp-content\/uploads\/sites\/22\/2021\/01\/students-pic.jpg\" \/>\n\t<meta property=\"og:image:width\" content=\"1898\" \/>\n\t<meta property=\"og:image:height\" content=\"732\" \/>\n\t<meta property=\"og:image:type\" content=\"image\/jpeg\" \/>\n<meta name=\"twitter:card\" content=\"summary_large_image\" \/>\n<meta name=\"twitter:label1\" content=\"Gesch\u00e4tzte Lesezeit\" \/>\n\t<meta name=\"twitter:data1\" content=\"2 Minuten\" \/>\n<script type=\"application\/ld+json\" class=\"yoast-schema-graph\">{\"@context\":\"https:\/\/schema.org\",\"@graph\":[{\"@type\":\"WebPage\",\"@id\":\"https:\/\/vipgo.atsautomation.com\/iwk-de\/%20%20\/hey-willkommen-bei-der-iwk-2\/\",\"url\":\"https:\/\/vipgo.atsautomation.com\/iwk-de\/%20%20\/hey-willkommen-bei-der-iwk-2\/\",\"name\":\"HEY, WILLKOMMEN BEI DER IWK - Innovative And Customized Manufacturing Solutions\",\"isPartOf\":{\"@id\":\"https:\/\/vipgo.atsautomation.com\/iwk-de\/%20%20\/#website\"},\"primaryImageOfPage\":{\"@id\":\"https:\/\/vipgo.atsautomation.com\/iwk-de\/%20%20\/hey-willkommen-bei-der-iwk-2\/#primaryimage\"},\"image\":{\"@id\":\"https:\/\/vipgo.atsautomation.com\/iwk-de\/%20%20\/hey-willkommen-bei-der-iwk-2\/#primaryimage\"},\"thumbnailUrl\":\"https:\/\/vipgo.atsautomation.com\/iwk-de\/%20%20\/wp-content\/uploads\/sites\/22\/2021\/01\/students-pic.jpg\",\"datePublished\":\"2021-05-17T13:37:41+00:00\",\"dateModified\":\"2023-03-28T05:52:03+00:00\",\"breadcrumb\":{\"@id\":\"https:\/\/vipgo.atsautomation.com\/iwk-de\/%20%20\/hey-willkommen-bei-der-iwk-2\/#breadcrumb\"},\"inLanguage\":\"de-DE\",\"potentialAction\":[{\"@type\":\"ReadAction\",\"target\":[\"https:\/\/vipgo.atsautomation.com\/iwk-de\/%20%20\/hey-willkommen-bei-der-iwk-2\/\"]}]},{\"@type\":\"ImageObject\",\"inLanguage\":\"de-DE\",\"@id\":\"https:\/\/vipgo.atsautomation.com\/iwk-de\/%20%20\/hey-willkommen-bei-der-iwk-2\/#primaryimage\",\"url\":\"https:\/\/vipgo.atsautomation.com\/iwk-de\/%20%20\/wp-content\/uploads\/sites\/22\/2021\/01\/students-pic.jpg\",\"contentUrl\":\"https:\/\/vipgo.atsautomation.com\/iwk-de\/%20%20\/wp-content\/uploads\/sites\/22\/2021\/01\/students-pic.jpg\",\"width\":1898,\"height\":732},{\"@type\":\"BreadcrumbList\",\"@id\":\"https:\/\/vipgo.atsautomation.com\/iwk-de\/%20%20\/hey-willkommen-bei-der-iwk-2\/#breadcrumb\",\"itemListElement\":[{\"@type\":\"ListItem\",\"position\":1,\"name\":\"HOME\",\"item\":\"https:\/\/vipgo.atsautomation.com\/iwk-de\/%20%20\/\"},{\"@type\":\"ListItem\",\"position\":2,\"name\":\"HEY, WILLKOMMEN BEI DER IWK\"}]},{\"@type\":\"WebSite\",\"@id\":\"https:\/\/vipgo.atsautomation.com\/iwk-de\/%20%20\/#website\",\"url\":\"https:\/\/vipgo.atsautomation.com\/iwk-de\/%20%20\/\",\"name\":\"Innovative And Customized Manufacturing Solutions\",\"description\":\"\",\"publisher\":{\"@id\":\"https:\/\/vipgo.atsautomation.com\/iwk-de\/%20%20\/#organization\"},\"potentialAction\":[{\"@type\":\"SearchAction\",\"target\":{\"@type\":\"EntryPoint\",\"urlTemplate\":\"https:\/\/vipgo.atsautomation.com\/iwk-de\/%20%20\/?s={search_term_string}\"},\"query-input\":{\"@type\":\"PropertyValueSpecification\",\"valueRequired\":true,\"valueName\":\"search_term_string\"}}],\"inLanguage\":\"de-DE\"},{\"@type\":\"Organization\",\"@id\":\"https:\/\/vipgo.atsautomation.com\/iwk-de\/%20%20\/#organization\",\"name\":\"Innovative And Customized Manufacturing Solutions\",\"url\":\"https:\/\/vipgo.atsautomation.com\/iwk-de\/%20%20\/\",\"logo\":{\"@type\":\"ImageObject\",\"inLanguage\":\"de-DE\",\"@id\":\"https:\/\/vipgo.atsautomation.com\/iwk-de\/%20%20\/#\/schema\/logo\/image\/\",\"url\":\"https:\/\/vipgo.atsautomation.com\/iwk-de\/%20%20\/wp-content\/uploads\/sites\/22\/2023\/02\/LOGO_IWK_4c_Size_2.png\",\"contentUrl\":\"https:\/\/vipgo.atsautomation.com\/iwk-de\/%20%20\/wp-content\/uploads\/sites\/22\/2023\/02\/LOGO_IWK_4c_Size_2.png\",\"width\":238,\"height\":137,\"caption\":\"Innovative And Customized Manufacturing Solutions\"},\"image\":{\"@id\":\"https:\/\/vipgo.atsautomation.com\/iwk-de\/%20%20\/#\/schema\/logo\/image\/\"}}]}<\/script>\n<!-- \/ Yoast SEO Premium plugin. -->","yoast_head_json":{"title":"HEY, WILLKOMMEN BEI DER IWK - Innovative And Customized Manufacturing Solutions","robots":{"index":"index","follow":"follow","max-snippet":"max-snippet:-1","max-image-preview":"max-image-preview:large","max-video-preview":"max-video-preview:-1"},"canonical":"https:\/\/vipgo.atsautomation.com\/iwk-de\/  \/hey-willkommen-bei-der-iwk-2\/","og_locale":"de_DE","og_type":"article","og_title":"HEY, WILLKOMMEN BEI DER IWK","og_description":"Wie kommt eigentlich die Zahnpasta in die Tube? Wenn Du diese und andere weltbewegenden Fragen beantworten k\u00f6nnen m\u00f6chtest, solltest Du zu IWK kommen. Als Sch\u00fcler, Azubi oder Student. Mehr Informationen Warum Iwk Sch\u00fcler Studenten Deine Bewerbung Kontaktiere uns WARUM IWK Seit \u00fcber 130 Jahren erfinden wir uns neu SCH\u00dcLER Reinschnuppern oder gleich starten? STUDENTEN Studieren...Read More","og_url":"https:\/\/vipgo.atsautomation.com\/iwk-de\/  \/hey-willkommen-bei-der-iwk-2\/","og_site_name":"Innovative And Customized Manufacturing Solutions","article_modified_time":"2023-03-28T05:52:03+00:00","og_image":[{"width":1898,"height":732,"url":"https:\/\/vipgo.atsautomation.com\/iwk-de\/%20%20\/wp-content\/uploads\/sites\/22\/2021\/01\/students-pic.jpg","type":"image\/jpeg"}],"twitter_card":"summary_large_image","twitter_misc":{"Gesch\u00e4tzte Lesezeit":"2 Minuten"},"schema":{"@context":"https:\/\/schema.org","@graph":[{"@type":"WebPage","@id":"https:\/\/vipgo.atsautomation.com\/iwk-de\/%20%20\/hey-willkommen-bei-der-iwk-2\/","url":"https:\/\/vipgo.atsautomation.com\/iwk-de\/%20%20\/hey-willkommen-bei-der-iwk-2\/","name":"HEY, WILLKOMMEN BEI DER IWK - Innovative And Customized Manufacturing Solutions","isPartOf":{"@id":"https:\/\/vipgo.atsautomation.com\/iwk-de\/%20%20\/#website"},"primaryImageOfPage":{"@id":"https:\/\/vipgo.atsautomation.com\/iwk-de\/%20%20\/hey-willkommen-bei-der-iwk-2\/#primaryimage"},"image":{"@id":"https:\/\/vipgo.atsautomation.com\/iwk-de\/%20%20\/hey-willkommen-bei-der-iwk-2\/#primaryimage"},"thumbnailUrl":"https:\/\/vipgo.atsautomation.com\/iwk-de\/%20%20\/wp-content\/uploads\/sites\/22\/2021\/01\/students-pic.jpg","datePublished":"2021-05-17T13:37:41+00:00","dateModified":"2023-03-28T05:52:03+00:00","breadcrumb":{"@id":"https:\/\/vipgo.atsautomation.com\/iwk-de\/%20%20\/hey-willkommen-bei-der-iwk-2\/#breadcrumb"},"inLanguage":"de-DE","potentialAction":[{"@type":"ReadAction","target":["https:\/\/vipgo.atsautomation.com\/iwk-de\/%20%20\/hey-willkommen-bei-der-iwk-2\/"]}]},{"@type":"ImageObject","inLanguage":"de-DE","@id":"https:\/\/vipgo.atsautomation.com\/iwk-de\/%20%20\/hey-willkommen-bei-der-iwk-2\/#primaryimage","url":"https:\/\/vipgo.atsautomation.com\/iwk-de\/%20%20\/wp-content\/uploads\/sites\/22\/2021\/01\/students-pic.jpg","contentUrl":"https:\/\/vipgo.atsautomation.com\/iwk-de\/%20%20\/wp-content\/uploads\/sites\/22\/2021\/01\/students-pic.jpg","width":1898,"height":732},{"@type":"BreadcrumbList","@id":"https:\/\/vipgo.atsautomation.com\/iwk-de\/%20%20\/hey-willkommen-bei-der-iwk-2\/#breadcrumb","itemListElement":[{"@type":"ListItem","position":1,"name":"HOME","item":"https:\/\/vipgo.atsautomation.com\/iwk-de\/%20%20\/"},{"@type":"ListItem","position":2,"name":"HEY, WILLKOMMEN BEI DER IWK"}]},{"@type":"WebSite","@id":"https:\/\/vipgo.atsautomation.com\/iwk-de\/%20%20\/#website","url":"https:\/\/vipgo.atsautomation.com\/iwk-de\/%20%20\/","name":"Innovative And Customized Manufacturing Solutions","description":"","publisher":{"@id":"https:\/\/vipgo.atsautomation.com\/iwk-de\/%20%20\/#organization"},"potentialAction":[{"@type":"SearchAction","target":{"@type":"EntryPoint","urlTemplate":"https:\/\/vipgo.atsautomation.com\/iwk-de\/%20%20\/?s={search_term_string}"},"query-input":{"@type":"PropertyValueSpecification","valueRequired":true,"valueName":"search_term_string"}}],"inLanguage":"de-DE"},{"@type":"Organization","@id":"https:\/\/vipgo.atsautomation.com\/iwk-de\/%20%20\/#organization","name":"Innovative And Customized Manufacturing Solutions","url":"https:\/\/vipgo.atsautomation.com\/iwk-de\/%20%20\/","logo":{"@type":"ImageObject","inLanguage":"de-DE","@id":"https:\/\/vipgo.atsautomation.com\/iwk-de\/%20%20\/#\/schema\/logo\/image\/","url":"https:\/\/vipgo.atsautomation.com\/iwk-de\/%20%20\/wp-content\/uploads\/sites\/22\/2023\/02\/LOGO_IWK_4c_Size_2.png","contentUrl":"https:\/\/vipgo.atsautomation.com\/iwk-de\/%20%20\/wp-content\/uploads\/sites\/22\/2023\/02\/LOGO_IWK_4c_Size_2.png","width":238,"height":137,"caption":"Innovative And Customized Manufacturing Solutions"},"image":{"@id":"https:\/\/vipgo.atsautomation.com\/iwk-de\/%20%20\/#\/schema\/logo\/image\/"}}]}},"jetpack_sharing_enabled":true,"_links":{"self":[{"href":"https:\/\/vipgo.atsautomation.com\/iwk-de\/%20%20\/wp-json\/wp\/v2\/pages\/6637","targetHints":{"allow":["GET"]}}],"collection":[{"href":"https:\/\/vipgo.atsautomation.com\/iwk-de\/%20%20\/wp-json\/wp\/v2\/pages"}],"about":[{"href":"https:\/\/vipgo.atsautomation.com\/iwk-de\/%20%20\/wp-json\/wp\/v2\/types\/page"}],"author":[{"embeddable":true,"href":"https:\/\/vipgo.atsautomation.com\/iwk-de\/%20%20\/wp-json\/wp\/v2\/users\/72"}],"replies":[{"embeddable":true,"href":"https:\/\/vipgo.atsautomation.com\/iwk-de\/%20%20\/wp-json\/wp\/v2\/comments?post=6637"}],"version-history":[{"count":7,"href":"https:\/\/vipgo.atsautomation.com\/iwk-de\/%20%20\/wp-json\/wp\/v2\/pages\/6637\/revisions"}],"predecessor-version":[{"id":10865,"href":"https:\/\/vipgo.atsautomation.com\/iwk-de\/%20%20\/wp-json\/wp\/v2\/pages\/6637\/revisions\/10865"}],"wp:featuredmedia":[{"embeddable":true,"href":"https:\/\/vipgo.atsautomation.com\/iwk-de\/%20%20\/wp-json\/wp\/v2\/media\/2710"}],"wp:attachment":[{"href":"https:\/\/vipgo.atsautomation.com\/iwk-de\/%20%20\/wp-json\/wp\/v2\/media?parent=6637"}],"curies":[{"name":"wp","href":"https:\/\/api.w.org\/{rel}","templated":true}]}}