{"id":8787,"date":"2021-12-14T08:49:09","date_gmt":"2021-12-14T08:49:09","guid":{"rendered":"https:\/\/iwk.de\/?page_id=8787"},"modified":"2021-12-14T09:45:41","modified_gmt":"2021-12-14T09:45:41","slug":"pharma-maschinen-2","status":"publish","type":"page","link":"https:\/\/vipgo.atsautomation.com\/iwk-de\/%20%20\/pharma-maschinen-2\/","title":{"rendered":"Pharma Maschinen"},"content":{"rendered":"<div class=\"home-main row\">\n<div class=\"flex-collapsible-machines\">\n<details class=\"category-details\">\n<summary>Weitere M\u00e4rkte<\/summary>\n<div class=\"category-details-content\">\n<div class=\"machine-item\" data-cat=\"cat-red\">\n<div class=\"machine-img-item\">\n<img decoding=\"async\" style=\"width: 100%\" src=\"https:\/\/iwk.de\/wp-content\/uploads\/sites\/22\/2021\/01\/Tube-infeed-TZT.jpg\">\n<\/div>\n<div class=\"machine-description\">\n<strong>Manuelles Tubenzuf\u00fchrsystem TZT (bis zu 90 Tuben\/Min.)<\/strong><br \/>\nIWK Tubenf\u00fcllmaschinen lassen sich um modulare Tubenzuf\u00fchrsysteme erg\u00e4nzen. Die Leistungsf\u00e4higkeit der Maschinen wird signifikant gesteigert und folgt den gestiegenen Prozess- und Verpackungsanforderungen des Marktes.\n<\/div>\n<div class=\"machine-technical-summary\">\n<ul>\n<li>Max. Leistung (Tuben\/Minute): 90<\/li>\n<li>Tubendurchmesser (mm): 11-52<\/li>\n<li>Gesamt-Tubenl\u00e4nge (mm): 50-250<\/li>\n<li>Max. Kartonma\u00df &#8211; LxBxH (mm): 500&#215;330<\/li>\n<\/ul>\n<\/div>\n<\/div>\n<\/div>\n<\/details>\n<details class=\"category-details\">\n<summary>Weitere M\u00e4rkte<\/summary>\n<div class=\"category-details-content\">\n<div class=\"machine-item\" data-cat=\"cat-red\">\n<div class=\"machine-img-item\">\n<img decoding=\"async\" style=\"width: 100%\" src=\"https:\/\/iwk.de\/wp-content\/uploads\/sites\/22\/2021\/01\/Tube-infeed-TZT.jpg\">\n<\/div>\n<div class=\"machine-description\">\n<strong>Manuelles Tubenzuf\u00fchrsystem TZT (bis zu 90 Tuben\/Min.)<\/strong><br \/>\nIWK Tubenf\u00fcllmaschinen lassen sich um modulare Tubenzuf\u00fchrsysteme erg\u00e4nzen. Die Leistungsf\u00e4higkeit der Maschinen wird signifikant gesteigert und folgt den gestiegenen Prozess- und Verpackungsanforderungen des Marktes.\n<\/div>\n<div class=\"machine-technical-summary\">\n<ul>\n<li>Max. Leistung (Tuben\/Minute): 90<\/li>\n<li>Tubendurchmesser (mm): 11-52<\/li>\n<li>Gesamt-Tubenl\u00e4nge (mm): 50-250<\/li>\n<li>Max. Kartonma\u00df &#8211; LxBxH (mm): 500&#215;330<\/li>\n<\/ul>\n<\/div>\n<\/div>\n<\/div>\n<\/details>\n<\/div>\n<\/div>\n","protected":false},"excerpt":{"rendered":"<p>Weitere M\u00e4rkte Manuelles Tubenzuf\u00fchrsystem TZT (bis zu 90 Tuben\/Min.) IWK Tubenf\u00fcllmaschinen lassen sich um modulare Tubenzuf\u00fchrsysteme erg\u00e4nzen. Die Leistungsf\u00e4higkeit der Maschinen wird signifikant gesteigert und folgt den gestiegenen Prozess- und Verpackungsanforderungen des Marktes. Max. Leistung (Tuben\/Minute): 90 Tubendurchmesser (mm): 11-52 Gesamt-Tubenl\u00e4nge (mm): 50-250 Max. Kartonma\u00df &#8211; LxBxH (mm): 500&#215;330 Weitere M\u00e4rkte Manuelles Tubenzuf\u00fchrsystem TZT (bis&#8230;<\/p>\n<div class=\"post-button\"><a href=\"https:\/\/vipgo.atsautomation.com\/iwk-de\/%20%20\/pharma-maschinen-2\/\">Read More<\/a><\/div>\n","protected":false},"author":63,"featured_media":0,"parent":0,"menu_order":0,"comment_status":"closed","ping_status":"closed","template":"","meta":{"inline_featured_image":false,"footnotes":""},"class_list":["post-8787","page","type-page","status-publish","hentry"],"yoast_head":"<!-- This site is optimized with the Yoast SEO Premium plugin v26.8 (Yoast SEO v26.8) - https:\/\/yoast.com\/product\/yoast-seo-premium-wordpress\/ -->\n<title>Pharma Maschinen - Innovative And Customized Manufacturing Solutions<\/title>\n<meta name=\"robots\" content=\"index, follow, max-snippet:-1, max-image-preview:large, max-video-preview:-1\" \/>\n<link rel=\"canonical\" href=\"https:\/\/vipgo.atsautomation.com\/iwk-de\/%20%20\/pharma-maschinen-2\/\" \/>\n<meta property=\"og:locale\" content=\"de_DE\" \/>\n<meta property=\"og:type\" content=\"article\" \/>\n<meta property=\"og:title\" content=\"Pharma Maschinen\" \/>\n<meta property=\"og:description\" content=\"Weitere M\u00e4rkte Manuelles Tubenzuf\u00fchrsystem TZT (bis zu 90 Tuben\/Min.) IWK Tubenf\u00fcllmaschinen lassen sich um modulare Tubenzuf\u00fchrsysteme erg\u00e4nzen. Die Leistungsf\u00e4higkeit der Maschinen wird signifikant gesteigert und folgt den gestiegenen Prozess- und Verpackungsanforderungen des Marktes. Max. Leistung (Tuben\/Minute): 90 Tubendurchmesser (mm): 11-52 Gesamt-Tubenl\u00e4nge (mm): 50-250 Max. Kartonma\u00df &#8211; LxBxH (mm): 500&#215;330 Weitere M\u00e4rkte Manuelles Tubenzuf\u00fchrsystem TZT (bis...Read More\" \/>\n<meta property=\"og:url\" content=\"https:\/\/vipgo.atsautomation.com\/iwk-de\/  \/pharma-maschinen-2\/\" \/>\n<meta property=\"og:site_name\" content=\"Innovative And Customized Manufacturing Solutions\" \/>\n<meta property=\"article:modified_time\" content=\"2021-12-14T09:45:41+00:00\" \/>\n<meta property=\"og:image\" content=\"https:\/\/iwk.de\/wp-content\/uploads\/sites\/22\/2021\/01\/Tube-infeed-TZT.jpg\" \/>\n<meta name=\"twitter:card\" content=\"summary_large_image\" \/>\n<meta name=\"twitter:label1\" content=\"Gesch\u00e4tzte Lesezeit\" \/>\n\t<meta name=\"twitter:data1\" content=\"1 Minute\" \/>\n<script type=\"application\/ld+json\" class=\"yoast-schema-graph\">{\"@context\":\"https:\/\/schema.org\",\"@graph\":[{\"@type\":\"WebPage\",\"@id\":\"https:\/\/vipgo.atsautomation.com\/iwk-de\/%20%20\/pharma-maschinen-2\/\",\"url\":\"https:\/\/vipgo.atsautomation.com\/iwk-de\/%20%20\/pharma-maschinen-2\/\",\"name\":\"Pharma Maschinen - Innovative And Customized Manufacturing Solutions\",\"isPartOf\":{\"@id\":\"https:\/\/vipgo.atsautomation.com\/iwk-de\/%20%20\/#website\"},\"primaryImageOfPage\":{\"@id\":\"https:\/\/vipgo.atsautomation.com\/iwk-de\/%20%20\/pharma-maschinen-2\/#primaryimage\"},\"image\":{\"@id\":\"https:\/\/vipgo.atsautomation.com\/iwk-de\/%20%20\/pharma-maschinen-2\/#primaryimage\"},\"thumbnailUrl\":\"https:\/\/iwk.de\/wp-content\/uploads\/sites\/22\/2021\/01\/Tube-infeed-TZT.jpg\",\"datePublished\":\"2021-12-14T08:49:09+00:00\",\"dateModified\":\"2021-12-14T09:45:41+00:00\",\"breadcrumb\":{\"@id\":\"https:\/\/vipgo.atsautomation.com\/iwk-de\/%20%20\/pharma-maschinen-2\/#breadcrumb\"},\"inLanguage\":\"de-DE\",\"potentialAction\":[{\"@type\":\"ReadAction\",\"target\":[\"https:\/\/vipgo.atsautomation.com\/iwk-de\/%20%20\/pharma-maschinen-2\/\"]}]},{\"@type\":\"ImageObject\",\"inLanguage\":\"de-DE\",\"@id\":\"https:\/\/vipgo.atsautomation.com\/iwk-de\/%20%20\/pharma-maschinen-2\/#primaryimage\",\"url\":\"https:\/\/iwk.de\/wp-content\/uploads\/sites\/22\/2021\/01\/Tube-infeed-TZT.jpg\",\"contentUrl\":\"https:\/\/iwk.de\/wp-content\/uploads\/sites\/22\/2021\/01\/Tube-infeed-TZT.jpg\"},{\"@type\":\"BreadcrumbList\",\"@id\":\"https:\/\/vipgo.atsautomation.com\/iwk-de\/%20%20\/pharma-maschinen-2\/#breadcrumb\",\"itemListElement\":[{\"@type\":\"ListItem\",\"position\":1,\"name\":\"HOME\",\"item\":\"https:\/\/vipgo.atsautomation.com\/iwk-de\/%20%20\/\"},{\"@type\":\"ListItem\",\"position\":2,\"name\":\"Pharma Maschinen\"}]},{\"@type\":\"WebSite\",\"@id\":\"https:\/\/vipgo.atsautomation.com\/iwk-de\/%20%20\/#website\",\"url\":\"https:\/\/vipgo.atsautomation.com\/iwk-de\/%20%20\/\",\"name\":\"Innovative And Customized Manufacturing Solutions\",\"description\":\"\",\"publisher\":{\"@id\":\"https:\/\/vipgo.atsautomation.com\/iwk-de\/%20%20\/#organization\"},\"potentialAction\":[{\"@type\":\"SearchAction\",\"target\":{\"@type\":\"EntryPoint\",\"urlTemplate\":\"https:\/\/vipgo.atsautomation.com\/iwk-de\/%20%20\/?s={search_term_string}\"},\"query-input\":{\"@type\":\"PropertyValueSpecification\",\"valueRequired\":true,\"valueName\":\"search_term_string\"}}],\"inLanguage\":\"de-DE\"},{\"@type\":\"Organization\",\"@id\":\"https:\/\/vipgo.atsautomation.com\/iwk-de\/%20%20\/#organization\",\"name\":\"Innovative And Customized Manufacturing Solutions\",\"url\":\"https:\/\/vipgo.atsautomation.com\/iwk-de\/%20%20\/\",\"logo\":{\"@type\":\"ImageObject\",\"inLanguage\":\"de-DE\",\"@id\":\"https:\/\/vipgo.atsautomation.com\/iwk-de\/%20%20\/#\/schema\/logo\/image\/\",\"url\":\"https:\/\/vipgo.atsautomation.com\/iwk-de\/%20%20\/wp-content\/uploads\/sites\/22\/2023\/02\/LOGO_IWK_4c_Size_2.png\",\"contentUrl\":\"https:\/\/vipgo.atsautomation.com\/iwk-de\/%20%20\/wp-content\/uploads\/sites\/22\/2023\/02\/LOGO_IWK_4c_Size_2.png\",\"width\":238,\"height\":137,\"caption\":\"Innovative And Customized Manufacturing Solutions\"},\"image\":{\"@id\":\"https:\/\/vipgo.atsautomation.com\/iwk-de\/%20%20\/#\/schema\/logo\/image\/\"}}]}<\/script>\n<!-- \/ Yoast SEO Premium plugin. -->","yoast_head_json":{"title":"Pharma Maschinen - Innovative And Customized Manufacturing Solutions","robots":{"index":"index","follow":"follow","max-snippet":"max-snippet:-1","max-image-preview":"max-image-preview:large","max-video-preview":"max-video-preview:-1"},"canonical":"https:\/\/vipgo.atsautomation.com\/iwk-de\/  \/pharma-maschinen-2\/","og_locale":"de_DE","og_type":"article","og_title":"Pharma Maschinen","og_description":"Weitere M\u00e4rkte Manuelles Tubenzuf\u00fchrsystem TZT (bis zu 90 Tuben\/Min.) IWK Tubenf\u00fcllmaschinen lassen sich um modulare Tubenzuf\u00fchrsysteme erg\u00e4nzen. Die Leistungsf\u00e4higkeit der Maschinen wird signifikant gesteigert und folgt den gestiegenen Prozess- und Verpackungsanforderungen des Marktes. Max. Leistung (Tuben\/Minute): 90 Tubendurchmesser (mm): 11-52 Gesamt-Tubenl\u00e4nge (mm): 50-250 Max. Kartonma\u00df &#8211; LxBxH (mm): 500&#215;330 Weitere M\u00e4rkte Manuelles Tubenzuf\u00fchrsystem TZT (bis...Read More","og_url":"https:\/\/vipgo.atsautomation.com\/iwk-de\/  \/pharma-maschinen-2\/","og_site_name":"Innovative And Customized Manufacturing Solutions","article_modified_time":"2021-12-14T09:45:41+00:00","og_image":[{"url":"https:\/\/iwk.de\/wp-content\/uploads\/sites\/22\/2021\/01\/Tube-infeed-TZT.jpg","type":"","width":"","height":""}],"twitter_card":"summary_large_image","twitter_misc":{"Gesch\u00e4tzte Lesezeit":"1 Minute"},"schema":{"@context":"https:\/\/schema.org","@graph":[{"@type":"WebPage","@id":"https:\/\/vipgo.atsautomation.com\/iwk-de\/%20%20\/pharma-maschinen-2\/","url":"https:\/\/vipgo.atsautomation.com\/iwk-de\/%20%20\/pharma-maschinen-2\/","name":"Pharma Maschinen - Innovative And Customized Manufacturing Solutions","isPartOf":{"@id":"https:\/\/vipgo.atsautomation.com\/iwk-de\/%20%20\/#website"},"primaryImageOfPage":{"@id":"https:\/\/vipgo.atsautomation.com\/iwk-de\/%20%20\/pharma-maschinen-2\/#primaryimage"},"image":{"@id":"https:\/\/vipgo.atsautomation.com\/iwk-de\/%20%20\/pharma-maschinen-2\/#primaryimage"},"thumbnailUrl":"https:\/\/iwk.de\/wp-content\/uploads\/sites\/22\/2021\/01\/Tube-infeed-TZT.jpg","datePublished":"2021-12-14T08:49:09+00:00","dateModified":"2021-12-14T09:45:41+00:00","breadcrumb":{"@id":"https:\/\/vipgo.atsautomation.com\/iwk-de\/%20%20\/pharma-maschinen-2\/#breadcrumb"},"inLanguage":"de-DE","potentialAction":[{"@type":"ReadAction","target":["https:\/\/vipgo.atsautomation.com\/iwk-de\/%20%20\/pharma-maschinen-2\/"]}]},{"@type":"ImageObject","inLanguage":"de-DE","@id":"https:\/\/vipgo.atsautomation.com\/iwk-de\/%20%20\/pharma-maschinen-2\/#primaryimage","url":"https:\/\/iwk.de\/wp-content\/uploads\/sites\/22\/2021\/01\/Tube-infeed-TZT.jpg","contentUrl":"https:\/\/iwk.de\/wp-content\/uploads\/sites\/22\/2021\/01\/Tube-infeed-TZT.jpg"},{"@type":"BreadcrumbList","@id":"https:\/\/vipgo.atsautomation.com\/iwk-de\/%20%20\/pharma-maschinen-2\/#breadcrumb","itemListElement":[{"@type":"ListItem","position":1,"name":"HOME","item":"https:\/\/vipgo.atsautomation.com\/iwk-de\/%20%20\/"},{"@type":"ListItem","position":2,"name":"Pharma Maschinen"}]},{"@type":"WebSite","@id":"https:\/\/vipgo.atsautomation.com\/iwk-de\/%20%20\/#website","url":"https:\/\/vipgo.atsautomation.com\/iwk-de\/%20%20\/","name":"Innovative And Customized Manufacturing Solutions","description":"","publisher":{"@id":"https:\/\/vipgo.atsautomation.com\/iwk-de\/%20%20\/#organization"},"potentialAction":[{"@type":"SearchAction","target":{"@type":"EntryPoint","urlTemplate":"https:\/\/vipgo.atsautomation.com\/iwk-de\/%20%20\/?s={search_term_string}"},"query-input":{"@type":"PropertyValueSpecification","valueRequired":true,"valueName":"search_term_string"}}],"inLanguage":"de-DE"},{"@type":"Organization","@id":"https:\/\/vipgo.atsautomation.com\/iwk-de\/%20%20\/#organization","name":"Innovative And Customized Manufacturing Solutions","url":"https:\/\/vipgo.atsautomation.com\/iwk-de\/%20%20\/","logo":{"@type":"ImageObject","inLanguage":"de-DE","@id":"https:\/\/vipgo.atsautomation.com\/iwk-de\/%20%20\/#\/schema\/logo\/image\/","url":"https:\/\/vipgo.atsautomation.com\/iwk-de\/%20%20\/wp-content\/uploads\/sites\/22\/2023\/02\/LOGO_IWK_4c_Size_2.png","contentUrl":"https:\/\/vipgo.atsautomation.com\/iwk-de\/%20%20\/wp-content\/uploads\/sites\/22\/2023\/02\/LOGO_IWK_4c_Size_2.png","width":238,"height":137,"caption":"Innovative And Customized Manufacturing Solutions"},"image":{"@id":"https:\/\/vipgo.atsautomation.com\/iwk-de\/%20%20\/#\/schema\/logo\/image\/"}}]}},"jetpack_sharing_enabled":true,"_links":{"self":[{"href":"https:\/\/vipgo.atsautomation.com\/iwk-de\/%20%20\/wp-json\/wp\/v2\/pages\/8787","targetHints":{"allow":["GET"]}}],"collection":[{"href":"https:\/\/vipgo.atsautomation.com\/iwk-de\/%20%20\/wp-json\/wp\/v2\/pages"}],"about":[{"href":"https:\/\/vipgo.atsautomation.com\/iwk-de\/%20%20\/wp-json\/wp\/v2\/types\/page"}],"author":[{"embeddable":true,"href":"https:\/\/vipgo.atsautomation.com\/iwk-de\/%20%20\/wp-json\/wp\/v2\/users\/63"}],"replies":[{"embeddable":true,"href":"https:\/\/vipgo.atsautomation.com\/iwk-de\/%20%20\/wp-json\/wp\/v2\/comments?post=8787"}],"version-history":[{"count":5,"href":"https:\/\/vipgo.atsautomation.com\/iwk-de\/%20%20\/wp-json\/wp\/v2\/pages\/8787\/revisions"}],"predecessor-version":[{"id":8796,"href":"https:\/\/vipgo.atsautomation.com\/iwk-de\/%20%20\/wp-json\/wp\/v2\/pages\/8787\/revisions\/8796"}],"wp:attachment":[{"href":"https:\/\/vipgo.atsautomation.com\/iwk-de\/%20%20\/wp-json\/wp\/v2\/media?parent=8787"}],"curies":[{"name":"wp","href":"https:\/\/api.w.org\/{rel}","templated":true}]}}