{"id":2639,"date":"2021-01-05T21:09:37","date_gmt":"2021-01-05T21:09:37","guid":{"rendered":"https:\/\/iwk.de\/?page_id=2639"},"modified":"2021-02-26T14:25:13","modified_gmt":"2021-02-26T14:25:13","slug":"conseil","status":"publish","type":"page","link":"https:\/\/vipgo.atsautomation.com\/iwk-de\/fr\/%20%20\/conseil\/","title":{"rendered":"CONSEIL"},"content":{"rendered":"<div class=\"consulting-first\">\n<div class=\"home-main row\">\n<span><span><a href=\"https:\/\/vipgo.atsautomation.com\/iwk-de\/fr\/%20%20\/\">HOME<\/a><\/span><\/span><\/p>\n<h2>Nos services de conseil commencent l\u00e0 o\u00f9 certains se dirigent \u00e0 peine vers leur biblioth\u00e8que.<\/h2>\n<p class=\"consult-p\">C\u2019est ce que nous appelons la \u00ab pr\u00e9-ing\u00e9nierie \u00bb. Il peut \u00e9galement s\u2019agir de services de mise \u00e0 niveau technique, de services op\u00e9rationnels ou d\u2019optimisation des machines \u00e0 des fins d\u2019augmentation de la production. En r\u00e9sum\u00e9: nous connaissons les principales pr\u00e9occupations de nos clients et nous avons adopt\u00e9 notre offre en cons\u00e9quence.<\/p>\n<div class=\"column-product-left-1\">\n<div class=\"bildTeaser\"><a href=\"https:\/\/iwk.de\/fr\/conseil\/conception-de-projet\/\"><br \/>\n<img loading=\"lazy\" decoding=\"async\" class=\"aligncenter size-full wp-image-2085\" src=\"https:\/\/iwk.de\/wp-content\/uploads\/sites\/22\/2021\/01\/project.jpg\" alt=\"\" width=\"146\" height=\"133\" \/><\/a><\/p>\n<h3 class=\"text-center\">CONCEPTION DE PROJET<\/h3>\n<div class=\"read-more\"><a href=\"https:\/\/iwk.de\/fr\/conseil\/conception-de-projet\/\"><img loading=\"lazy\" decoding=\"async\" class=\"alignnone size-thumbnail wp-image-116\" src=\"https:\/\/iwk.de\/wp-content\/uploads\/sites\/22\/2020\/12\/plus-e1608153632530.png?w=37&amp;h=43&amp;crop=1\" alt=\"\" width=\"37\" height=\"43\" \/><\/a><\/div>\n<\/div>\n<\/div>\n<div class=\"column-product-right-1 \">\n<div class=\"bildTeaser\"><a href=\"https:\/\/iwk.de\/fr\/conseil\/gestion-de-projet\/\"><br \/>\n<img loading=\"lazy\" decoding=\"async\" class=\"aligncenter size-full wp-image-2085\" src=\"https:\/\/iwk.de\/wp-content\/uploads\/sites\/22\/2021\/01\/project-mangmnt.jpg\" alt=\"\" width=\"146\" height=\"133\" \/><\/a><\/p>\n<h3>GESTION DE PROJET<\/h3>\n<div class=\"read-more\"><a href=\"https:\/\/iwk.de\/fr\/conseil\/gestion-de-projet\/\"><img loading=\"lazy\" decoding=\"async\" class=\"alignnone size-thumbnail wp-image-116\" src=\"https:\/\/iwk.de\/wp-content\/uploads\/sites\/22\/2020\/12\/plus-e1608153632530.png?w=37&amp;h=43&amp;crop=1\" alt=\"\" width=\"37\" height=\"43\" \/><\/a><\/div>\n<\/div>\n<\/div>\n<div class=\"column-product-left-1\">\n<div class=\"bildTeaser\"><a href=\"https:\/\/iwk.de\/fr\/conseil\/lautomatisation-cles-en-main\/\"><br \/>\n<img loading=\"lazy\" decoding=\"async\" class=\"aligncenter size-full wp-image-2085\" src=\"https:\/\/iwk.de\/wp-content\/uploads\/sites\/22\/2021\/01\/turn-key.jpg\" alt=\"\" width=\"146\" height=\"133\" \/><\/a><\/p>\n<h3>L\u2019AUTOMATISATION CL\u00c9S EN MAIN<\/h3>\n<div class=\"read-more\"><a href=\"https:\/\/iwk.de\/fr\/conseil\/lautomatisation-cles-en-main\/\"><img loading=\"lazy\" decoding=\"async\" class=\"alignnone size-thumbnail wp-image-116\" src=\"https:\/\/iwk.de\/wp-content\/uploads\/sites\/22\/2020\/12\/plus-e1608153632530.png?w=37&amp;h=43&amp;crop=1\" alt=\"\" width=\"37\" height=\"43\" \/><\/a><\/div>\n<\/div>\n<\/div>\n<div class=\"column-product-right-1\">\n<div class=\"bildTeaser\"><a href=\"https:\/\/iwk.de\/fr\/conseil\/qualifications\/\"><br \/>\n<img loading=\"lazy\" decoding=\"async\" class=\"aligncenter size-full wp-image-2085\" src=\"https:\/\/iwk.de\/wp-content\/uploads\/sites\/22\/2021\/01\/qualifing.jpg\" alt=\"\" width=\"146\" height=\"133\" \/><\/a><\/p>\n<h3 class=\"text-center\">QUALIFICATIONS<\/h3>\n<div class=\"read-more\"><a href=\"https:\/\/iwk.de\/fr\/conseil\/qualifications\/\"><img loading=\"lazy\" decoding=\"async\" class=\"alignnone size-thumbnail wp-image-116\" src=\"https:\/\/iwk.de\/wp-content\/uploads\/sites\/22\/2020\/12\/plus-e1608153632530.png?w=37&amp;h=43&amp;crop=1\" alt=\"\" width=\"37\" height=\"43\" \/><\/a><\/div>\n<\/div>\n<\/div>\n<\/div>\n<\/div>\n","protected":false},"excerpt":{"rendered":"<p>Nos services de conseil commencent l\u00e0 o\u00f9 certains se dirigent \u00e0 peine vers leur biblioth\u00e8que. C\u2019est ce que nous appelons la \u00ab pr\u00e9-ing\u00e9nierie \u00bb. Il peut \u00e9galement s\u2019agir de services de mise \u00e0 niveau technique, de services op\u00e9rationnels ou d\u2019optimisation des machines \u00e0 des fins d\u2019augmentation de la production. En r\u00e9sum\u00e9: nous connaissons les principales&#8230;<\/p>\n<div class=\"post-button\"><a href=\"https:\/\/vipgo.atsautomation.com\/iwk-de\/fr\/%20%20\/conseil\/\">Read More<\/a><\/div>\n","protected":false},"author":63,"featured_media":2083,"parent":0,"menu_order":0,"comment_status":"closed","ping_status":"closed","template":"","meta":{"inline_featured_image":false,"footnotes":""},"class_list":["post-2639","page","type-page","status-publish","has-post-thumbnail","hentry"],"yoast_head":"<!-- This site is optimized with the Yoast SEO Premium plugin v26.8 (Yoast SEO v26.8) - https:\/\/yoast.com\/product\/yoast-seo-premium-wordpress\/ -->\n<title>CONSEIL - Innovative And Customized Manufacturing Solutions<\/title>\n<meta name=\"robots\" content=\"index, follow, max-snippet:-1, max-image-preview:large, max-video-preview:-1\" \/>\n<link rel=\"canonical\" href=\"https:\/\/vipgo.atsautomation.com\/iwk-de\/fr\/%20%20\/conseil\/\" \/>\n<meta property=\"og:locale\" content=\"fr_FR\" \/>\n<meta property=\"og:type\" content=\"article\" \/>\n<meta property=\"og:title\" content=\"CONSEIL\" \/>\n<meta property=\"og:description\" content=\"Nos services de conseil commencent l\u00e0 o\u00f9 certains se dirigent \u00e0 peine vers leur biblioth\u00e8que. C\u2019est ce que nous appelons la \u00ab pr\u00e9-ing\u00e9nierie \u00bb. Il peut \u00e9galement s\u2019agir de services de mise \u00e0 niveau technique, de services op\u00e9rationnels ou d\u2019optimisation des machines \u00e0 des fins d\u2019augmentation de la production. En r\u00e9sum\u00e9: nous connaissons les principales...Read More\" \/>\n<meta property=\"og:url\" content=\"https:\/\/vipgo.atsautomation.com\/iwk-de\/fr\/  \/conseil\/\" \/>\n<meta property=\"og:site_name\" content=\"Innovative And Customized Manufacturing Solutions\" \/>\n<meta property=\"article:modified_time\" content=\"2021-02-26T14:25:13+00:00\" \/>\n<meta property=\"og:image\" content=\"https:\/\/vipgo.atsautomation.com\/iwk-de\/%20%20\/wp-content\/uploads\/sites\/22\/2021\/01\/consulting.jpg\" \/>\n\t<meta property=\"og:image:width\" content=\"1899\" \/>\n\t<meta property=\"og:image:height\" content=\"724\" \/>\n\t<meta property=\"og:image:type\" content=\"image\/jpeg\" \/>\n<meta name=\"twitter:card\" content=\"summary_large_image\" \/>\n<script type=\"application\/ld+json\" class=\"yoast-schema-graph\">{\"@context\":\"https:\/\/schema.org\",\"@graph\":[{\"@type\":\"WebPage\",\"@id\":\"https:\/\/vipgo.atsautomation.com\/iwk-de\/fr\/%20%20\/conseil\/\",\"url\":\"https:\/\/vipgo.atsautomation.com\/iwk-de\/fr\/%20%20\/conseil\/\",\"name\":\"CONSEIL - Innovative And Customized Manufacturing Solutions\",\"isPartOf\":{\"@id\":\"https:\/\/vipgo.atsautomation.com\/iwk-de\/%20%20\/#website\"},\"primaryImageOfPage\":{\"@id\":\"https:\/\/vipgo.atsautomation.com\/iwk-de\/fr\/%20%20\/conseil\/#primaryimage\"},\"image\":{\"@id\":\"https:\/\/vipgo.atsautomation.com\/iwk-de\/fr\/%20%20\/conseil\/#primaryimage\"},\"thumbnailUrl\":\"https:\/\/vipgo.atsautomation.com\/iwk-de\/%20%20\/wp-content\/uploads\/sites\/22\/2021\/01\/consulting.jpg\",\"datePublished\":\"2021-01-05T21:09:37+00:00\",\"dateModified\":\"2021-02-26T14:25:13+00:00\",\"breadcrumb\":{\"@id\":\"https:\/\/vipgo.atsautomation.com\/iwk-de\/fr\/%20%20\/conseil\/#breadcrumb\"},\"inLanguage\":\"fr-FR\",\"potentialAction\":[{\"@type\":\"ReadAction\",\"target\":[\"https:\/\/vipgo.atsautomation.com\/iwk-de\/fr\/%20%20\/conseil\/\"]}]},{\"@type\":\"ImageObject\",\"inLanguage\":\"fr-FR\",\"@id\":\"https:\/\/vipgo.atsautomation.com\/iwk-de\/fr\/%20%20\/conseil\/#primaryimage\",\"url\":\"https:\/\/vipgo.atsautomation.com\/iwk-de\/%20%20\/wp-content\/uploads\/sites\/22\/2021\/01\/consulting.jpg\",\"contentUrl\":\"https:\/\/vipgo.atsautomation.com\/iwk-de\/%20%20\/wp-content\/uploads\/sites\/22\/2021\/01\/consulting.jpg\",\"width\":1899,\"height\":724},{\"@type\":\"BreadcrumbList\",\"@id\":\"https:\/\/vipgo.atsautomation.com\/iwk-de\/fr\/%20%20\/conseil\/#breadcrumb\",\"itemListElement\":[{\"@type\":\"ListItem\",\"position\":1,\"name\":\"HOME\",\"item\":\"https:\/\/vipgo.atsautomation.com\/iwk-de\/fr\/%20%20\/\"},{\"@type\":\"ListItem\",\"position\":2,\"name\":\"CONSEIL\"}]},{\"@type\":\"WebSite\",\"@id\":\"https:\/\/vipgo.atsautomation.com\/iwk-de\/%20%20\/#website\",\"url\":\"https:\/\/vipgo.atsautomation.com\/iwk-de\/%20%20\/\",\"name\":\"Innovative And Customized Manufacturing Solutions\",\"description\":\"\",\"publisher\":{\"@id\":\"https:\/\/vipgo.atsautomation.com\/iwk-de\/%20%20\/#organization\"},\"potentialAction\":[{\"@type\":\"SearchAction\",\"target\":{\"@type\":\"EntryPoint\",\"urlTemplate\":\"https:\/\/vipgo.atsautomation.com\/iwk-de\/%20%20\/?s={search_term_string}\"},\"query-input\":{\"@type\":\"PropertyValueSpecification\",\"valueRequired\":true,\"valueName\":\"search_term_string\"}}],\"inLanguage\":\"fr-FR\"},{\"@type\":\"Organization\",\"@id\":\"https:\/\/vipgo.atsautomation.com\/iwk-de\/%20%20\/#organization\",\"name\":\"Innovative And Customized Manufacturing Solutions\",\"url\":\"https:\/\/vipgo.atsautomation.com\/iwk-de\/%20%20\/\",\"logo\":{\"@type\":\"ImageObject\",\"inLanguage\":\"fr-FR\",\"@id\":\"https:\/\/vipgo.atsautomation.com\/iwk-de\/%20%20\/#\/schema\/logo\/image\/\",\"url\":\"https:\/\/vipgo.atsautomation.com\/iwk-de\/%20%20\/wp-content\/uploads\/sites\/22\/2023\/02\/LOGO_IWK_4c_Size_2.png\",\"contentUrl\":\"https:\/\/vipgo.atsautomation.com\/iwk-de\/%20%20\/wp-content\/uploads\/sites\/22\/2023\/02\/LOGO_IWK_4c_Size_2.png\",\"width\":238,\"height\":137,\"caption\":\"Innovative And Customized Manufacturing Solutions\"},\"image\":{\"@id\":\"https:\/\/vipgo.atsautomation.com\/iwk-de\/%20%20\/#\/schema\/logo\/image\/\"}}]}<\/script>\n<!-- \/ Yoast SEO Premium plugin. -->","yoast_head_json":{"title":"CONSEIL - Innovative And Customized Manufacturing Solutions","robots":{"index":"index","follow":"follow","max-snippet":"max-snippet:-1","max-image-preview":"max-image-preview:large","max-video-preview":"max-video-preview:-1"},"canonical":"https:\/\/vipgo.atsautomation.com\/iwk-de\/fr\/  \/conseil\/","og_locale":"fr_FR","og_type":"article","og_title":"CONSEIL","og_description":"Nos services de conseil commencent l\u00e0 o\u00f9 certains se dirigent \u00e0 peine vers leur biblioth\u00e8que. C\u2019est ce que nous appelons la \u00ab pr\u00e9-ing\u00e9nierie \u00bb. Il peut \u00e9galement s\u2019agir de services de mise \u00e0 niveau technique, de services op\u00e9rationnels ou d\u2019optimisation des machines \u00e0 des fins d\u2019augmentation de la production. En r\u00e9sum\u00e9: nous connaissons les principales...Read More","og_url":"https:\/\/vipgo.atsautomation.com\/iwk-de\/fr\/  \/conseil\/","og_site_name":"Innovative And Customized Manufacturing Solutions","article_modified_time":"2021-02-26T14:25:13+00:00","og_image":[{"width":1899,"height":724,"url":"https:\/\/vipgo.atsautomation.com\/iwk-de\/%20%20\/wp-content\/uploads\/sites\/22\/2021\/01\/consulting.jpg","type":"image\/jpeg"}],"twitter_card":"summary_large_image","schema":{"@context":"https:\/\/schema.org","@graph":[{"@type":"WebPage","@id":"https:\/\/vipgo.atsautomation.com\/iwk-de\/fr\/%20%20\/conseil\/","url":"https:\/\/vipgo.atsautomation.com\/iwk-de\/fr\/%20%20\/conseil\/","name":"CONSEIL - Innovative And Customized Manufacturing Solutions","isPartOf":{"@id":"https:\/\/vipgo.atsautomation.com\/iwk-de\/%20%20\/#website"},"primaryImageOfPage":{"@id":"https:\/\/vipgo.atsautomation.com\/iwk-de\/fr\/%20%20\/conseil\/#primaryimage"},"image":{"@id":"https:\/\/vipgo.atsautomation.com\/iwk-de\/fr\/%20%20\/conseil\/#primaryimage"},"thumbnailUrl":"https:\/\/vipgo.atsautomation.com\/iwk-de\/%20%20\/wp-content\/uploads\/sites\/22\/2021\/01\/consulting.jpg","datePublished":"2021-01-05T21:09:37+00:00","dateModified":"2021-02-26T14:25:13+00:00","breadcrumb":{"@id":"https:\/\/vipgo.atsautomation.com\/iwk-de\/fr\/%20%20\/conseil\/#breadcrumb"},"inLanguage":"fr-FR","potentialAction":[{"@type":"ReadAction","target":["https:\/\/vipgo.atsautomation.com\/iwk-de\/fr\/%20%20\/conseil\/"]}]},{"@type":"ImageObject","inLanguage":"fr-FR","@id":"https:\/\/vipgo.atsautomation.com\/iwk-de\/fr\/%20%20\/conseil\/#primaryimage","url":"https:\/\/vipgo.atsautomation.com\/iwk-de\/%20%20\/wp-content\/uploads\/sites\/22\/2021\/01\/consulting.jpg","contentUrl":"https:\/\/vipgo.atsautomation.com\/iwk-de\/%20%20\/wp-content\/uploads\/sites\/22\/2021\/01\/consulting.jpg","width":1899,"height":724},{"@type":"BreadcrumbList","@id":"https:\/\/vipgo.atsautomation.com\/iwk-de\/fr\/%20%20\/conseil\/#breadcrumb","itemListElement":[{"@type":"ListItem","position":1,"name":"HOME","item":"https:\/\/vipgo.atsautomation.com\/iwk-de\/fr\/%20%20\/"},{"@type":"ListItem","position":2,"name":"CONSEIL"}]},{"@type":"WebSite","@id":"https:\/\/vipgo.atsautomation.com\/iwk-de\/%20%20\/#website","url":"https:\/\/vipgo.atsautomation.com\/iwk-de\/%20%20\/","name":"Innovative And Customized Manufacturing Solutions","description":"","publisher":{"@id":"https:\/\/vipgo.atsautomation.com\/iwk-de\/%20%20\/#organization"},"potentialAction":[{"@type":"SearchAction","target":{"@type":"EntryPoint","urlTemplate":"https:\/\/vipgo.atsautomation.com\/iwk-de\/%20%20\/?s={search_term_string}"},"query-input":{"@type":"PropertyValueSpecification","valueRequired":true,"valueName":"search_term_string"}}],"inLanguage":"fr-FR"},{"@type":"Organization","@id":"https:\/\/vipgo.atsautomation.com\/iwk-de\/%20%20\/#organization","name":"Innovative And Customized Manufacturing Solutions","url":"https:\/\/vipgo.atsautomation.com\/iwk-de\/%20%20\/","logo":{"@type":"ImageObject","inLanguage":"fr-FR","@id":"https:\/\/vipgo.atsautomation.com\/iwk-de\/%20%20\/#\/schema\/logo\/image\/","url":"https:\/\/vipgo.atsautomation.com\/iwk-de\/%20%20\/wp-content\/uploads\/sites\/22\/2023\/02\/LOGO_IWK_4c_Size_2.png","contentUrl":"https:\/\/vipgo.atsautomation.com\/iwk-de\/%20%20\/wp-content\/uploads\/sites\/22\/2023\/02\/LOGO_IWK_4c_Size_2.png","width":238,"height":137,"caption":"Innovative And Customized Manufacturing Solutions"},"image":{"@id":"https:\/\/vipgo.atsautomation.com\/iwk-de\/%20%20\/#\/schema\/logo\/image\/"}}]}},"jetpack_sharing_enabled":true,"_links":{"self":[{"href":"https:\/\/vipgo.atsautomation.com\/iwk-de\/fr\/%20%20\/wp-json\/wp\/v2\/pages\/2639","targetHints":{"allow":["GET"]}}],"collection":[{"href":"https:\/\/vipgo.atsautomation.com\/iwk-de\/fr\/%20%20\/wp-json\/wp\/v2\/pages"}],"about":[{"href":"https:\/\/vipgo.atsautomation.com\/iwk-de\/fr\/%20%20\/wp-json\/wp\/v2\/types\/page"}],"author":[{"embeddable":true,"href":"https:\/\/vipgo.atsautomation.com\/iwk-de\/fr\/%20%20\/wp-json\/wp\/v2\/users\/63"}],"replies":[{"embeddable":true,"href":"https:\/\/vipgo.atsautomation.com\/iwk-de\/fr\/%20%20\/wp-json\/wp\/v2\/comments?post=2639"}],"version-history":[{"count":7,"href":"https:\/\/vipgo.atsautomation.com\/iwk-de\/fr\/%20%20\/wp-json\/wp\/v2\/pages\/2639\/revisions"}],"predecessor-version":[{"id":5194,"href":"https:\/\/vipgo.atsautomation.com\/iwk-de\/fr\/%20%20\/wp-json\/wp\/v2\/pages\/2639\/revisions\/5194"}],"wp:featuredmedia":[{"embeddable":true,"href":"https:\/\/vipgo.atsautomation.com\/iwk-de\/fr\/%20%20\/wp-json\/wp\/v2\/media\/2083"}],"wp:attachment":[{"href":"https:\/\/vipgo.atsautomation.com\/iwk-de\/fr\/%20%20\/wp-json\/wp\/v2\/media?parent=2639"}],"curies":[{"name":"wp","href":"https:\/\/api.w.org\/{rel}","templated":true}]}}