{"id":2653,"date":"2021-01-07T16:36:17","date_gmt":"2021-01-07T16:36:17","guid":{"rendered":"https:\/\/iwk.de\/?page_id=2653"},"modified":"2022-06-20T06:59:34","modified_gmt":"2022-06-20T06:59:34","slug":"conception-de-projet","status":"publish","type":"page","link":"https:\/\/vipgo.atsautomation.com\/iwk-de\/fr\/%20%20\/conseil\/conception-de-projet\/","title":{"rendered":"CONCEPTION DE PROJET"},"content":{"rendered":"<div class=\"home-main row\">\n<span><span><a href=\"https:\/\/vipgo.atsautomation.com\/iwk-de\/fr\/%20%20\/\">HOME<\/a><\/span><\/span><\/p>\n<h2>Aucun projet sans pr\u00e9-ing\u00e9nierie<\/h2>\n<p><strong>PR\u00c9-ING\u00c9NIERIE \u00ab LEADING THE WAY \u00bb<\/strong><\/p>\n<p>Nous sommes convaincus que l\u2019innovation est la cl\u00e9 pour fournir des produits haut de gamme \u00e0 nos clients. Notre \u00e9quipe de pr\u00e9-ing\u00e9nierie est constamment \u00e0 la recherche de nouvelles fa\u00e7ons de concevoir de meilleures solutions pour nos clients.<\/p>\n<p><strong>PR\u00c9-ING\u00c9NIERIE \u00ab INNOVATION STARTS WITH FORESIGHT \u00bb<\/strong><\/p>\n<p>Notre \u00e9quipe de pr\u00e9-ing\u00e9nierie vous soutient par des conseils fond\u00e9s techniquement de votre id\u00e9e de d\u00e9part jusqu\u2019\u00e0 sa r\u00e9alisation.<\/p>\n<p><strong>PR\u00c9-ING\u00c9NIERIE \u00ab CORE COMPETENCE \u00bb<\/strong><\/p>\n<p>Des petites installations jusqu\u2019aux lignes cl\u00e9s en main haut de gamme. Nos solutions se concentrent sur les besoins sp\u00e9cifiques du client pour chaque t\u00e2che sur l\u2019ensemble du cycle de vie du produit.<\/p>\n<p><strong>PR\u00c9-ING\u00c9NIERIE \u00ab CUSTOMER SUPPORT \u00bb<\/strong><\/p>\n<p>Notre \u00e9quipe de pr\u00e9-ing\u00e9nierie assure la clarification des interfaces et l\u2019optimisation du fonctionnement pour un processus d\u2019emballage con\u00e7u sur mesure.<\/p>\n<p><a class=\"backLink\" href=\"https:\/\/iwk.de\/fr\/conseil\/\" rel=\"noopener\">RETOUR VERS \u201e CONSEIL \u201c<\/a><\/p>\n<\/div>\n","protected":false},"excerpt":{"rendered":"<p>Aucun projet sans pr\u00e9-ing\u00e9nierie PR\u00c9-ING\u00c9NIERIE \u00ab LEADING THE WAY \u00bb Nous sommes convaincus que l\u2019innovation est la cl\u00e9 pour fournir des produits haut de gamme \u00e0 nos clients. Notre \u00e9quipe de pr\u00e9-ing\u00e9nierie est constamment \u00e0 la recherche de nouvelles fa\u00e7ons de concevoir de meilleures solutions pour nos clients. PR\u00c9-ING\u00c9NIERIE \u00ab INNOVATION STARTS WITH FORESIGHT \u00bb&#8230;<\/p>\n<div class=\"post-button\"><a href=\"https:\/\/vipgo.atsautomation.com\/iwk-de\/fr\/%20%20\/conseil\/conception-de-projet\/\">Read More<\/a><\/div>\n","protected":false},"author":63,"featured_media":2083,"parent":2639,"menu_order":0,"comment_status":"closed","ping_status":"closed","template":"","meta":{"inline_featured_image":false,"footnotes":""},"class_list":["post-2653","page","type-page","status-publish","has-post-thumbnail","hentry"],"yoast_head":"<!-- This site is optimized with the Yoast SEO Premium plugin v26.8 (Yoast SEO v26.8) - https:\/\/yoast.com\/product\/yoast-seo-premium-wordpress\/ -->\n<title>CONCEPTION DE PROJET - Innovative And Customized Manufacturing Solutions<\/title>\n<meta name=\"robots\" content=\"index, follow, max-snippet:-1, max-image-preview:large, max-video-preview:-1\" \/>\n<link rel=\"canonical\" href=\"https:\/\/vipgo.atsautomation.com\/iwk-de\/fr\/%20%20\/conseil\/conception-de-projet\/\" \/>\n<meta property=\"og:locale\" content=\"fr_FR\" \/>\n<meta property=\"og:type\" content=\"article\" \/>\n<meta property=\"og:title\" content=\"CONCEPTION DE PROJET\" \/>\n<meta property=\"og:description\" content=\"Aucun projet sans pr\u00e9-ing\u00e9nierie PR\u00c9-ING\u00c9NIERIE \u00ab LEADING THE WAY \u00bb Nous sommes convaincus que l\u2019innovation est la cl\u00e9 pour fournir des produits haut de gamme \u00e0 nos clients. Notre \u00e9quipe de pr\u00e9-ing\u00e9nierie est constamment \u00e0 la recherche de nouvelles fa\u00e7ons de concevoir de meilleures solutions pour nos clients. PR\u00c9-ING\u00c9NIERIE \u00ab INNOVATION STARTS WITH FORESIGHT \u00bb...Read More\" \/>\n<meta property=\"og:url\" content=\"https:\/\/vipgo.atsautomation.com\/iwk-de\/fr\/  \/conseil\/conception-de-projet\/\" \/>\n<meta property=\"og:site_name\" content=\"Innovative And Customized Manufacturing Solutions\" \/>\n<meta property=\"article:modified_time\" content=\"2022-06-20T06:59:34+00:00\" \/>\n<meta property=\"og:image\" content=\"https:\/\/vipgo.atsautomation.com\/iwk-de\/%20%20\/wp-content\/uploads\/sites\/22\/2021\/01\/consulting.jpg\" \/>\n\t<meta property=\"og:image:width\" content=\"1899\" \/>\n\t<meta property=\"og:image:height\" content=\"724\" \/>\n\t<meta property=\"og:image:type\" content=\"image\/jpeg\" \/>\n<meta name=\"twitter:card\" content=\"summary_large_image\" \/>\n<meta name=\"twitter:label1\" content=\"Dur\u00e9e de lecture estim\u00e9e\" \/>\n\t<meta name=\"twitter:data1\" content=\"1 minute\" \/>\n<script type=\"application\/ld+json\" class=\"yoast-schema-graph\">{\"@context\":\"https:\/\/schema.org\",\"@graph\":[{\"@type\":\"WebPage\",\"@id\":\"https:\/\/vipgo.atsautomation.com\/iwk-de\/fr\/%20%20\/conseil\/conception-de-projet\/\",\"url\":\"https:\/\/vipgo.atsautomation.com\/iwk-de\/fr\/%20%20\/conseil\/conception-de-projet\/\",\"name\":\"CONCEPTION DE PROJET - Innovative And Customized Manufacturing Solutions\",\"isPartOf\":{\"@id\":\"https:\/\/vipgo.atsautomation.com\/iwk-de\/%20%20\/#website\"},\"primaryImageOfPage\":{\"@id\":\"https:\/\/vipgo.atsautomation.com\/iwk-de\/fr\/%20%20\/conseil\/conception-de-projet\/#primaryimage\"},\"image\":{\"@id\":\"https:\/\/vipgo.atsautomation.com\/iwk-de\/fr\/%20%20\/conseil\/conception-de-projet\/#primaryimage\"},\"thumbnailUrl\":\"https:\/\/vipgo.atsautomation.com\/iwk-de\/%20%20\/wp-content\/uploads\/sites\/22\/2021\/01\/consulting.jpg\",\"datePublished\":\"2021-01-07T16:36:17+00:00\",\"dateModified\":\"2022-06-20T06:59:34+00:00\",\"breadcrumb\":{\"@id\":\"https:\/\/vipgo.atsautomation.com\/iwk-de\/fr\/%20%20\/conseil\/conception-de-projet\/#breadcrumb\"},\"inLanguage\":\"fr-FR\",\"potentialAction\":[{\"@type\":\"ReadAction\",\"target\":[\"https:\/\/vipgo.atsautomation.com\/iwk-de\/fr\/%20%20\/conseil\/conception-de-projet\/\"]}]},{\"@type\":\"ImageObject\",\"inLanguage\":\"fr-FR\",\"@id\":\"https:\/\/vipgo.atsautomation.com\/iwk-de\/fr\/%20%20\/conseil\/conception-de-projet\/#primaryimage\",\"url\":\"https:\/\/vipgo.atsautomation.com\/iwk-de\/%20%20\/wp-content\/uploads\/sites\/22\/2021\/01\/consulting.jpg\",\"contentUrl\":\"https:\/\/vipgo.atsautomation.com\/iwk-de\/%20%20\/wp-content\/uploads\/sites\/22\/2021\/01\/consulting.jpg\",\"width\":1899,\"height\":724},{\"@type\":\"BreadcrumbList\",\"@id\":\"https:\/\/vipgo.atsautomation.com\/iwk-de\/fr\/%20%20\/conseil\/conception-de-projet\/#breadcrumb\",\"itemListElement\":[{\"@type\":\"ListItem\",\"position\":1,\"name\":\"HOME\",\"item\":\"https:\/\/vipgo.atsautomation.com\/iwk-de\/fr\/%20%20\/\"},{\"@type\":\"ListItem\",\"position\":2,\"name\":\"CONSEIL\",\"item\":\"https:\/\/vipgo.atsautomation.com\/iwk-de\/fr\/%20%20\/conseil\/\"},{\"@type\":\"ListItem\",\"position\":3,\"name\":\"CONCEPTION DE PROJET\"}]},{\"@type\":\"WebSite\",\"@id\":\"https:\/\/vipgo.atsautomation.com\/iwk-de\/%20%20\/#website\",\"url\":\"https:\/\/vipgo.atsautomation.com\/iwk-de\/%20%20\/\",\"name\":\"Innovative And Customized Manufacturing Solutions\",\"description\":\"\",\"publisher\":{\"@id\":\"https:\/\/vipgo.atsautomation.com\/iwk-de\/%20%20\/#organization\"},\"potentialAction\":[{\"@type\":\"SearchAction\",\"target\":{\"@type\":\"EntryPoint\",\"urlTemplate\":\"https:\/\/vipgo.atsautomation.com\/iwk-de\/%20%20\/?s={search_term_string}\"},\"query-input\":{\"@type\":\"PropertyValueSpecification\",\"valueRequired\":true,\"valueName\":\"search_term_string\"}}],\"inLanguage\":\"fr-FR\"},{\"@type\":\"Organization\",\"@id\":\"https:\/\/vipgo.atsautomation.com\/iwk-de\/%20%20\/#organization\",\"name\":\"Innovative And Customized Manufacturing Solutions\",\"url\":\"https:\/\/vipgo.atsautomation.com\/iwk-de\/%20%20\/\",\"logo\":{\"@type\":\"ImageObject\",\"inLanguage\":\"fr-FR\",\"@id\":\"https:\/\/vipgo.atsautomation.com\/iwk-de\/%20%20\/#\/schema\/logo\/image\/\",\"url\":\"https:\/\/vipgo.atsautomation.com\/iwk-de\/%20%20\/wp-content\/uploads\/sites\/22\/2023\/02\/LOGO_IWK_4c_Size_2.png\",\"contentUrl\":\"https:\/\/vipgo.atsautomation.com\/iwk-de\/%20%20\/wp-content\/uploads\/sites\/22\/2023\/02\/LOGO_IWK_4c_Size_2.png\",\"width\":238,\"height\":137,\"caption\":\"Innovative And Customized Manufacturing Solutions\"},\"image\":{\"@id\":\"https:\/\/vipgo.atsautomation.com\/iwk-de\/%20%20\/#\/schema\/logo\/image\/\"}}]}<\/script>\n<!-- \/ Yoast SEO Premium plugin. -->","yoast_head_json":{"title":"CONCEPTION DE PROJET - Innovative And Customized Manufacturing Solutions","robots":{"index":"index","follow":"follow","max-snippet":"max-snippet:-1","max-image-preview":"max-image-preview:large","max-video-preview":"max-video-preview:-1"},"canonical":"https:\/\/vipgo.atsautomation.com\/iwk-de\/fr\/  \/conseil\/conception-de-projet\/","og_locale":"fr_FR","og_type":"article","og_title":"CONCEPTION DE PROJET","og_description":"Aucun projet sans pr\u00e9-ing\u00e9nierie PR\u00c9-ING\u00c9NIERIE \u00ab LEADING THE WAY \u00bb Nous sommes convaincus que l\u2019innovation est la cl\u00e9 pour fournir des produits haut de gamme \u00e0 nos clients. Notre \u00e9quipe de pr\u00e9-ing\u00e9nierie est constamment \u00e0 la recherche de nouvelles fa\u00e7ons de concevoir de meilleures solutions pour nos clients. PR\u00c9-ING\u00c9NIERIE \u00ab INNOVATION STARTS WITH FORESIGHT \u00bb...Read More","og_url":"https:\/\/vipgo.atsautomation.com\/iwk-de\/fr\/  \/conseil\/conception-de-projet\/","og_site_name":"Innovative And Customized Manufacturing Solutions","article_modified_time":"2022-06-20T06:59:34+00:00","og_image":[{"width":1899,"height":724,"url":"https:\/\/vipgo.atsautomation.com\/iwk-de\/%20%20\/wp-content\/uploads\/sites\/22\/2021\/01\/consulting.jpg","type":"image\/jpeg"}],"twitter_card":"summary_large_image","twitter_misc":{"Dur\u00e9e de lecture estim\u00e9e":"1 minute"},"schema":{"@context":"https:\/\/schema.org","@graph":[{"@type":"WebPage","@id":"https:\/\/vipgo.atsautomation.com\/iwk-de\/fr\/%20%20\/conseil\/conception-de-projet\/","url":"https:\/\/vipgo.atsautomation.com\/iwk-de\/fr\/%20%20\/conseil\/conception-de-projet\/","name":"CONCEPTION DE PROJET - Innovative And Customized Manufacturing Solutions","isPartOf":{"@id":"https:\/\/vipgo.atsautomation.com\/iwk-de\/%20%20\/#website"},"primaryImageOfPage":{"@id":"https:\/\/vipgo.atsautomation.com\/iwk-de\/fr\/%20%20\/conseil\/conception-de-projet\/#primaryimage"},"image":{"@id":"https:\/\/vipgo.atsautomation.com\/iwk-de\/fr\/%20%20\/conseil\/conception-de-projet\/#primaryimage"},"thumbnailUrl":"https:\/\/vipgo.atsautomation.com\/iwk-de\/%20%20\/wp-content\/uploads\/sites\/22\/2021\/01\/consulting.jpg","datePublished":"2021-01-07T16:36:17+00:00","dateModified":"2022-06-20T06:59:34+00:00","breadcrumb":{"@id":"https:\/\/vipgo.atsautomation.com\/iwk-de\/fr\/%20%20\/conseil\/conception-de-projet\/#breadcrumb"},"inLanguage":"fr-FR","potentialAction":[{"@type":"ReadAction","target":["https:\/\/vipgo.atsautomation.com\/iwk-de\/fr\/%20%20\/conseil\/conception-de-projet\/"]}]},{"@type":"ImageObject","inLanguage":"fr-FR","@id":"https:\/\/vipgo.atsautomation.com\/iwk-de\/fr\/%20%20\/conseil\/conception-de-projet\/#primaryimage","url":"https:\/\/vipgo.atsautomation.com\/iwk-de\/%20%20\/wp-content\/uploads\/sites\/22\/2021\/01\/consulting.jpg","contentUrl":"https:\/\/vipgo.atsautomation.com\/iwk-de\/%20%20\/wp-content\/uploads\/sites\/22\/2021\/01\/consulting.jpg","width":1899,"height":724},{"@type":"BreadcrumbList","@id":"https:\/\/vipgo.atsautomation.com\/iwk-de\/fr\/%20%20\/conseil\/conception-de-projet\/#breadcrumb","itemListElement":[{"@type":"ListItem","position":1,"name":"HOME","item":"https:\/\/vipgo.atsautomation.com\/iwk-de\/fr\/%20%20\/"},{"@type":"ListItem","position":2,"name":"CONSEIL","item":"https:\/\/vipgo.atsautomation.com\/iwk-de\/fr\/%20%20\/conseil\/"},{"@type":"ListItem","position":3,"name":"CONCEPTION DE PROJET"}]},{"@type":"WebSite","@id":"https:\/\/vipgo.atsautomation.com\/iwk-de\/%20%20\/#website","url":"https:\/\/vipgo.atsautomation.com\/iwk-de\/%20%20\/","name":"Innovative And Customized Manufacturing Solutions","description":"","publisher":{"@id":"https:\/\/vipgo.atsautomation.com\/iwk-de\/%20%20\/#organization"},"potentialAction":[{"@type":"SearchAction","target":{"@type":"EntryPoint","urlTemplate":"https:\/\/vipgo.atsautomation.com\/iwk-de\/%20%20\/?s={search_term_string}"},"query-input":{"@type":"PropertyValueSpecification","valueRequired":true,"valueName":"search_term_string"}}],"inLanguage":"fr-FR"},{"@type":"Organization","@id":"https:\/\/vipgo.atsautomation.com\/iwk-de\/%20%20\/#organization","name":"Innovative And Customized Manufacturing Solutions","url":"https:\/\/vipgo.atsautomation.com\/iwk-de\/%20%20\/","logo":{"@type":"ImageObject","inLanguage":"fr-FR","@id":"https:\/\/vipgo.atsautomation.com\/iwk-de\/%20%20\/#\/schema\/logo\/image\/","url":"https:\/\/vipgo.atsautomation.com\/iwk-de\/%20%20\/wp-content\/uploads\/sites\/22\/2023\/02\/LOGO_IWK_4c_Size_2.png","contentUrl":"https:\/\/vipgo.atsautomation.com\/iwk-de\/%20%20\/wp-content\/uploads\/sites\/22\/2023\/02\/LOGO_IWK_4c_Size_2.png","width":238,"height":137,"caption":"Innovative And Customized Manufacturing Solutions"},"image":{"@id":"https:\/\/vipgo.atsautomation.com\/iwk-de\/%20%20\/#\/schema\/logo\/image\/"}}]}},"jetpack_sharing_enabled":true,"_links":{"self":[{"href":"https:\/\/vipgo.atsautomation.com\/iwk-de\/fr\/%20%20\/wp-json\/wp\/v2\/pages\/2653","targetHints":{"allow":["GET"]}}],"collection":[{"href":"https:\/\/vipgo.atsautomation.com\/iwk-de\/fr\/%20%20\/wp-json\/wp\/v2\/pages"}],"about":[{"href":"https:\/\/vipgo.atsautomation.com\/iwk-de\/fr\/%20%20\/wp-json\/wp\/v2\/types\/page"}],"author":[{"embeddable":true,"href":"https:\/\/vipgo.atsautomation.com\/iwk-de\/fr\/%20%20\/wp-json\/wp\/v2\/users\/63"}],"replies":[{"embeddable":true,"href":"https:\/\/vipgo.atsautomation.com\/iwk-de\/fr\/%20%20\/wp-json\/wp\/v2\/comments?post=2653"}],"version-history":[{"count":7,"href":"https:\/\/vipgo.atsautomation.com\/iwk-de\/fr\/%20%20\/wp-json\/wp\/v2\/pages\/2653\/revisions"}],"predecessor-version":[{"id":10172,"href":"https:\/\/vipgo.atsautomation.com\/iwk-de\/fr\/%20%20\/wp-json\/wp\/v2\/pages\/2653\/revisions\/10172"}],"up":[{"embeddable":true,"href":"https:\/\/vipgo.atsautomation.com\/iwk-de\/fr\/%20%20\/wp-json\/wp\/v2\/pages\/2639"}],"wp:featuredmedia":[{"embeddable":true,"href":"https:\/\/vipgo.atsautomation.com\/iwk-de\/fr\/%20%20\/wp-json\/wp\/v2\/media\/2083"}],"wp:attachment":[{"href":"https:\/\/vipgo.atsautomation.com\/iwk-de\/fr\/%20%20\/wp-json\/wp\/v2\/media?parent=2653"}],"curies":[{"name":"wp","href":"https:\/\/api.w.org\/{rel}","templated":true}]}}