{"id":2669,"date":"2021-01-07T19:13:10","date_gmt":"2021-01-07T19:13:10","guid":{"rendered":"https:\/\/iwk.de\/?page_id=2669"},"modified":"2021-02-26T14:28:21","modified_gmt":"2021-02-26T14:28:21","slug":"qualifications","status":"publish","type":"page","link":"https:\/\/vipgo.atsautomation.com\/iwk-de\/fr\/%20%20\/conseil\/qualifications\/","title":{"rendered":"QUALIFICATIONS"},"content":{"rendered":"<div class=\"home-main row\">\n<span><span><a href=\"https:\/\/vipgo.atsautomation.com\/iwk-de\/fr\/%20%20\/\">HOME<\/a><\/span><\/span><\/p>\n<h2>Gr\u00e2ce aux ing\u00e9nieurs qualifi\u00e9s d\u2019IWK, vous b\u00e9n\u00e9ficiez d\u2019un partenaire fiable \u00e0 vos c\u00f4t\u00e9s.<\/h2>\n<p>Depuis plus de 20 ans, notre \u00e9quipe d\u2019ing\u00e9nieurs qualifi\u00e9s soutient nos clients, notamment gr\u00e2ce \u00e0 des documents de validation sp\u00e9cialement adapt\u00e9s aux besoins de leur installation.<br \/>\nNos diff\u00e9rents packs de qualifications couvrent vos besoins et sont tr\u00e8s facilement adaptables.<\/p>\n<div class=\"list-style\">\n<ul>\n<li>Sp\u00e9cifications de votre installation (DQ)<\/li>\n<li>Analyses des risques conformes aux BPF<\/li>\n<li>Protocoles d\u2019essai pour IQ et OQ<\/li>\n<li>Matrice de tra\u00e7abilit\u00e9<\/li>\n<\/ul>\n<\/div>\n<p>Conform\u00e9ment \u00e0 GAMP&nbsp;5, nous adaptons volontiers l\u2019\u00e9tendue de nos prestations \u00e0 vos besoins individuels ou nous r\u00e9alisons l\u2019analyse des risques avec vous afin de d\u00e9terminer vos besoins.<br \/> Bien entendu, nous nous tenons \u00e9galement \u00e0 votre disposition si votre installation est d\u00e9j\u00e0 en service et que vous souhaitez la maintenir dans un \u00e9tat de fonctionnement valide.<\/p>\n<div class=\"list-style\">\n<ul>\n<li>Protocoles de modification en cas de l\u00e9g\u00e8res adaptations logicielles<\/li>\n<li>Requalification en cas de transformations ou de modifications du syst\u00e8me<\/li>\n<li>Nouvelle qualification d\u2019anciennes installations apr\u00e8s r\u00e9\u00e9quipement avec un nouveau mat\u00e9riel\/logiciel<\/li>\n<\/ul>\n<p>Nos techniciens de maintenance form\u00e9s se tiennent \u00e0 votre disposition tout au long des \u00e9tapes n\u00e9cessaires, afin de vous soutenir lors de la qualification de votre installation.<\/p>\n<\/div>\n<p><a class=\"backLink\" href=\"https:\/\/iwk.de\/fr\/conseil\/\" rel=\"noopener\">RETOUR VERS \u201e CONSEIL \u201c<\/a>\n<\/div>\n","protected":false},"excerpt":{"rendered":"<p>Gr\u00e2ce aux ing\u00e9nieurs qualifi\u00e9s d\u2019IWK, vous b\u00e9n\u00e9ficiez d\u2019un partenaire fiable \u00e0 vos c\u00f4t\u00e9s. Depuis plus de 20 ans, notre \u00e9quipe d\u2019ing\u00e9nieurs qualifi\u00e9s soutient nos clients, notamment gr\u00e2ce \u00e0 des documents de validation sp\u00e9cialement adapt\u00e9s aux besoins de leur installation. Nos diff\u00e9rents packs de qualifications couvrent vos besoins et sont tr\u00e8s facilement adaptables. Sp\u00e9cifications de votre&#8230;<\/p>\n<div class=\"post-button\"><a href=\"https:\/\/vipgo.atsautomation.com\/iwk-de\/fr\/%20%20\/conseil\/qualifications\/\">Read More<\/a><\/div>\n","protected":false},"author":63,"featured_media":2083,"parent":2639,"menu_order":0,"comment_status":"closed","ping_status":"closed","template":"","meta":{"inline_featured_image":false,"footnotes":""},"class_list":["post-2669","page","type-page","status-publish","has-post-thumbnail","hentry"],"yoast_head":"<!-- This site is optimized with the Yoast SEO Premium plugin v26.8 (Yoast SEO v26.8) - https:\/\/yoast.com\/product\/yoast-seo-premium-wordpress\/ -->\n<title>QUALIFICATIONS - Innovative And Customized Manufacturing Solutions<\/title>\n<meta name=\"robots\" content=\"index, follow, max-snippet:-1, max-image-preview:large, max-video-preview:-1\" \/>\n<link rel=\"canonical\" href=\"https:\/\/vipgo.atsautomation.com\/iwk-de\/fr\/%20%20\/conseil\/qualifications\/\" \/>\n<meta property=\"og:locale\" content=\"fr_FR\" \/>\n<meta property=\"og:type\" content=\"article\" \/>\n<meta property=\"og:title\" content=\"QUALIFICATIONS\" \/>\n<meta property=\"og:description\" content=\"Gr\u00e2ce aux ing\u00e9nieurs qualifi\u00e9s d\u2019IWK, vous b\u00e9n\u00e9ficiez d\u2019un partenaire fiable \u00e0 vos c\u00f4t\u00e9s. Depuis plus de 20 ans, notre \u00e9quipe d\u2019ing\u00e9nieurs qualifi\u00e9s soutient nos clients, notamment gr\u00e2ce \u00e0 des documents de validation sp\u00e9cialement adapt\u00e9s aux besoins de leur installation. Nos diff\u00e9rents packs de qualifications couvrent vos besoins et sont tr\u00e8s facilement adaptables. Sp\u00e9cifications de votre...Read More\" \/>\n<meta property=\"og:url\" content=\"https:\/\/vipgo.atsautomation.com\/iwk-de\/fr\/  \/conseil\/qualifications\/\" \/>\n<meta property=\"og:site_name\" content=\"Innovative And Customized Manufacturing Solutions\" \/>\n<meta property=\"article:modified_time\" content=\"2021-02-26T14:28:21+00:00\" \/>\n<meta property=\"og:image\" content=\"https:\/\/vipgo.atsautomation.com\/iwk-de\/%20%20\/wp-content\/uploads\/sites\/22\/2021\/01\/consulting.jpg\" \/>\n\t<meta property=\"og:image:width\" content=\"1899\" \/>\n\t<meta property=\"og:image:height\" content=\"724\" \/>\n\t<meta property=\"og:image:type\" content=\"image\/jpeg\" \/>\n<meta name=\"twitter:card\" content=\"summary_large_image\" \/>\n<meta name=\"twitter:label1\" content=\"Dur\u00e9e de lecture estim\u00e9e\" \/>\n\t<meta name=\"twitter:data1\" content=\"1 minute\" \/>\n<script type=\"application\/ld+json\" class=\"yoast-schema-graph\">{\"@context\":\"https:\/\/schema.org\",\"@graph\":[{\"@type\":\"WebPage\",\"@id\":\"https:\/\/vipgo.atsautomation.com\/iwk-de\/fr\/%20%20\/conseil\/qualifications\/\",\"url\":\"https:\/\/vipgo.atsautomation.com\/iwk-de\/fr\/%20%20\/conseil\/qualifications\/\",\"name\":\"QUALIFICATIONS - Innovative And Customized Manufacturing Solutions\",\"isPartOf\":{\"@id\":\"https:\/\/vipgo.atsautomation.com\/iwk-de\/%20%20\/#website\"},\"primaryImageOfPage\":{\"@id\":\"https:\/\/vipgo.atsautomation.com\/iwk-de\/fr\/%20%20\/conseil\/qualifications\/#primaryimage\"},\"image\":{\"@id\":\"https:\/\/vipgo.atsautomation.com\/iwk-de\/fr\/%20%20\/conseil\/qualifications\/#primaryimage\"},\"thumbnailUrl\":\"https:\/\/vipgo.atsautomation.com\/iwk-de\/%20%20\/wp-content\/uploads\/sites\/22\/2021\/01\/consulting.jpg\",\"datePublished\":\"2021-01-07T19:13:10+00:00\",\"dateModified\":\"2021-02-26T14:28:21+00:00\",\"breadcrumb\":{\"@id\":\"https:\/\/vipgo.atsautomation.com\/iwk-de\/fr\/%20%20\/conseil\/qualifications\/#breadcrumb\"},\"inLanguage\":\"fr-FR\",\"potentialAction\":[{\"@type\":\"ReadAction\",\"target\":[\"https:\/\/vipgo.atsautomation.com\/iwk-de\/fr\/%20%20\/conseil\/qualifications\/\"]}]},{\"@type\":\"ImageObject\",\"inLanguage\":\"fr-FR\",\"@id\":\"https:\/\/vipgo.atsautomation.com\/iwk-de\/fr\/%20%20\/conseil\/qualifications\/#primaryimage\",\"url\":\"https:\/\/vipgo.atsautomation.com\/iwk-de\/%20%20\/wp-content\/uploads\/sites\/22\/2021\/01\/consulting.jpg\",\"contentUrl\":\"https:\/\/vipgo.atsautomation.com\/iwk-de\/%20%20\/wp-content\/uploads\/sites\/22\/2021\/01\/consulting.jpg\",\"width\":1899,\"height\":724},{\"@type\":\"BreadcrumbList\",\"@id\":\"https:\/\/vipgo.atsautomation.com\/iwk-de\/fr\/%20%20\/conseil\/qualifications\/#breadcrumb\",\"itemListElement\":[{\"@type\":\"ListItem\",\"position\":1,\"name\":\"HOME\",\"item\":\"https:\/\/vipgo.atsautomation.com\/iwk-de\/fr\/%20%20\/\"},{\"@type\":\"ListItem\",\"position\":2,\"name\":\"CONSEIL\",\"item\":\"https:\/\/vipgo.atsautomation.com\/iwk-de\/fr\/%20%20\/conseil\/\"},{\"@type\":\"ListItem\",\"position\":3,\"name\":\"QUALIFICATIONS\"}]},{\"@type\":\"WebSite\",\"@id\":\"https:\/\/vipgo.atsautomation.com\/iwk-de\/%20%20\/#website\",\"url\":\"https:\/\/vipgo.atsautomation.com\/iwk-de\/%20%20\/\",\"name\":\"Innovative And Customized Manufacturing Solutions\",\"description\":\"\",\"publisher\":{\"@id\":\"https:\/\/vipgo.atsautomation.com\/iwk-de\/%20%20\/#organization\"},\"potentialAction\":[{\"@type\":\"SearchAction\",\"target\":{\"@type\":\"EntryPoint\",\"urlTemplate\":\"https:\/\/vipgo.atsautomation.com\/iwk-de\/%20%20\/?s={search_term_string}\"},\"query-input\":{\"@type\":\"PropertyValueSpecification\",\"valueRequired\":true,\"valueName\":\"search_term_string\"}}],\"inLanguage\":\"fr-FR\"},{\"@type\":\"Organization\",\"@id\":\"https:\/\/vipgo.atsautomation.com\/iwk-de\/%20%20\/#organization\",\"name\":\"Innovative And Customized Manufacturing Solutions\",\"url\":\"https:\/\/vipgo.atsautomation.com\/iwk-de\/%20%20\/\",\"logo\":{\"@type\":\"ImageObject\",\"inLanguage\":\"fr-FR\",\"@id\":\"https:\/\/vipgo.atsautomation.com\/iwk-de\/%20%20\/#\/schema\/logo\/image\/\",\"url\":\"https:\/\/vipgo.atsautomation.com\/iwk-de\/%20%20\/wp-content\/uploads\/sites\/22\/2023\/02\/LOGO_IWK_4c_Size_2.png\",\"contentUrl\":\"https:\/\/vipgo.atsautomation.com\/iwk-de\/%20%20\/wp-content\/uploads\/sites\/22\/2023\/02\/LOGO_IWK_4c_Size_2.png\",\"width\":238,\"height\":137,\"caption\":\"Innovative And Customized Manufacturing Solutions\"},\"image\":{\"@id\":\"https:\/\/vipgo.atsautomation.com\/iwk-de\/%20%20\/#\/schema\/logo\/image\/\"}}]}<\/script>\n<!-- \/ Yoast SEO Premium plugin. -->","yoast_head_json":{"title":"QUALIFICATIONS - Innovative And Customized Manufacturing Solutions","robots":{"index":"index","follow":"follow","max-snippet":"max-snippet:-1","max-image-preview":"max-image-preview:large","max-video-preview":"max-video-preview:-1"},"canonical":"https:\/\/vipgo.atsautomation.com\/iwk-de\/fr\/  \/conseil\/qualifications\/","og_locale":"fr_FR","og_type":"article","og_title":"QUALIFICATIONS","og_description":"Gr\u00e2ce aux ing\u00e9nieurs qualifi\u00e9s d\u2019IWK, vous b\u00e9n\u00e9ficiez d\u2019un partenaire fiable \u00e0 vos c\u00f4t\u00e9s. Depuis plus de 20 ans, notre \u00e9quipe d\u2019ing\u00e9nieurs qualifi\u00e9s soutient nos clients, notamment gr\u00e2ce \u00e0 des documents de validation sp\u00e9cialement adapt\u00e9s aux besoins de leur installation. Nos diff\u00e9rents packs de qualifications couvrent vos besoins et sont tr\u00e8s facilement adaptables. Sp\u00e9cifications de votre...Read More","og_url":"https:\/\/vipgo.atsautomation.com\/iwk-de\/fr\/  \/conseil\/qualifications\/","og_site_name":"Innovative And Customized Manufacturing Solutions","article_modified_time":"2021-02-26T14:28:21+00:00","og_image":[{"width":1899,"height":724,"url":"https:\/\/vipgo.atsautomation.com\/iwk-de\/%20%20\/wp-content\/uploads\/sites\/22\/2021\/01\/consulting.jpg","type":"image\/jpeg"}],"twitter_card":"summary_large_image","twitter_misc":{"Dur\u00e9e de lecture estim\u00e9e":"1 minute"},"schema":{"@context":"https:\/\/schema.org","@graph":[{"@type":"WebPage","@id":"https:\/\/vipgo.atsautomation.com\/iwk-de\/fr\/%20%20\/conseil\/qualifications\/","url":"https:\/\/vipgo.atsautomation.com\/iwk-de\/fr\/%20%20\/conseil\/qualifications\/","name":"QUALIFICATIONS - Innovative And Customized Manufacturing Solutions","isPartOf":{"@id":"https:\/\/vipgo.atsautomation.com\/iwk-de\/%20%20\/#website"},"primaryImageOfPage":{"@id":"https:\/\/vipgo.atsautomation.com\/iwk-de\/fr\/%20%20\/conseil\/qualifications\/#primaryimage"},"image":{"@id":"https:\/\/vipgo.atsautomation.com\/iwk-de\/fr\/%20%20\/conseil\/qualifications\/#primaryimage"},"thumbnailUrl":"https:\/\/vipgo.atsautomation.com\/iwk-de\/%20%20\/wp-content\/uploads\/sites\/22\/2021\/01\/consulting.jpg","datePublished":"2021-01-07T19:13:10+00:00","dateModified":"2021-02-26T14:28:21+00:00","breadcrumb":{"@id":"https:\/\/vipgo.atsautomation.com\/iwk-de\/fr\/%20%20\/conseil\/qualifications\/#breadcrumb"},"inLanguage":"fr-FR","potentialAction":[{"@type":"ReadAction","target":["https:\/\/vipgo.atsautomation.com\/iwk-de\/fr\/%20%20\/conseil\/qualifications\/"]}]},{"@type":"ImageObject","inLanguage":"fr-FR","@id":"https:\/\/vipgo.atsautomation.com\/iwk-de\/fr\/%20%20\/conseil\/qualifications\/#primaryimage","url":"https:\/\/vipgo.atsautomation.com\/iwk-de\/%20%20\/wp-content\/uploads\/sites\/22\/2021\/01\/consulting.jpg","contentUrl":"https:\/\/vipgo.atsautomation.com\/iwk-de\/%20%20\/wp-content\/uploads\/sites\/22\/2021\/01\/consulting.jpg","width":1899,"height":724},{"@type":"BreadcrumbList","@id":"https:\/\/vipgo.atsautomation.com\/iwk-de\/fr\/%20%20\/conseil\/qualifications\/#breadcrumb","itemListElement":[{"@type":"ListItem","position":1,"name":"HOME","item":"https:\/\/vipgo.atsautomation.com\/iwk-de\/fr\/%20%20\/"},{"@type":"ListItem","position":2,"name":"CONSEIL","item":"https:\/\/vipgo.atsautomation.com\/iwk-de\/fr\/%20%20\/conseil\/"},{"@type":"ListItem","position":3,"name":"QUALIFICATIONS"}]},{"@type":"WebSite","@id":"https:\/\/vipgo.atsautomation.com\/iwk-de\/%20%20\/#website","url":"https:\/\/vipgo.atsautomation.com\/iwk-de\/%20%20\/","name":"Innovative And Customized Manufacturing Solutions","description":"","publisher":{"@id":"https:\/\/vipgo.atsautomation.com\/iwk-de\/%20%20\/#organization"},"potentialAction":[{"@type":"SearchAction","target":{"@type":"EntryPoint","urlTemplate":"https:\/\/vipgo.atsautomation.com\/iwk-de\/%20%20\/?s={search_term_string}"},"query-input":{"@type":"PropertyValueSpecification","valueRequired":true,"valueName":"search_term_string"}}],"inLanguage":"fr-FR"},{"@type":"Organization","@id":"https:\/\/vipgo.atsautomation.com\/iwk-de\/%20%20\/#organization","name":"Innovative And Customized Manufacturing Solutions","url":"https:\/\/vipgo.atsautomation.com\/iwk-de\/%20%20\/","logo":{"@type":"ImageObject","inLanguage":"fr-FR","@id":"https:\/\/vipgo.atsautomation.com\/iwk-de\/%20%20\/#\/schema\/logo\/image\/","url":"https:\/\/vipgo.atsautomation.com\/iwk-de\/%20%20\/wp-content\/uploads\/sites\/22\/2023\/02\/LOGO_IWK_4c_Size_2.png","contentUrl":"https:\/\/vipgo.atsautomation.com\/iwk-de\/%20%20\/wp-content\/uploads\/sites\/22\/2023\/02\/LOGO_IWK_4c_Size_2.png","width":238,"height":137,"caption":"Innovative And Customized Manufacturing Solutions"},"image":{"@id":"https:\/\/vipgo.atsautomation.com\/iwk-de\/%20%20\/#\/schema\/logo\/image\/"}}]}},"jetpack_sharing_enabled":true,"_links":{"self":[{"href":"https:\/\/vipgo.atsautomation.com\/iwk-de\/fr\/%20%20\/wp-json\/wp\/v2\/pages\/2669","targetHints":{"allow":["GET"]}}],"collection":[{"href":"https:\/\/vipgo.atsautomation.com\/iwk-de\/fr\/%20%20\/wp-json\/wp\/v2\/pages"}],"about":[{"href":"https:\/\/vipgo.atsautomation.com\/iwk-de\/fr\/%20%20\/wp-json\/wp\/v2\/types\/page"}],"author":[{"embeddable":true,"href":"https:\/\/vipgo.atsautomation.com\/iwk-de\/fr\/%20%20\/wp-json\/wp\/v2\/users\/63"}],"replies":[{"embeddable":true,"href":"https:\/\/vipgo.atsautomation.com\/iwk-de\/fr\/%20%20\/wp-json\/wp\/v2\/comments?post=2669"}],"version-history":[{"count":2,"href":"https:\/\/vipgo.atsautomation.com\/iwk-de\/fr\/%20%20\/wp-json\/wp\/v2\/pages\/2669\/revisions"}],"predecessor-version":[{"id":5197,"href":"https:\/\/vipgo.atsautomation.com\/iwk-de\/fr\/%20%20\/wp-json\/wp\/v2\/pages\/2669\/revisions\/5197"}],"up":[{"embeddable":true,"href":"https:\/\/vipgo.atsautomation.com\/iwk-de\/fr\/%20%20\/wp-json\/wp\/v2\/pages\/2639"}],"wp:featuredmedia":[{"embeddable":true,"href":"https:\/\/vipgo.atsautomation.com\/iwk-de\/fr\/%20%20\/wp-json\/wp\/v2\/media\/2083"}],"wp:attachment":[{"href":"https:\/\/vipgo.atsautomation.com\/iwk-de\/fr\/%20%20\/wp-json\/wp\/v2\/media?parent=2669"}],"curies":[{"name":"wp","href":"https:\/\/api.w.org\/{rel}","templated":true}]}}