{"id":2769,"date":"2021-01-15T15:04:47","date_gmt":"2021-01-15T15:04:47","guid":{"rendered":"https:\/\/iwk.de\/?page_id=2769"},"modified":"2022-12-01T07:11:49","modified_gmt":"2022-12-01T07:11:49","slug":"durabilite","status":"publish","type":"page","link":"https:\/\/vipgo.atsautomation.com\/iwk-de\/fr\/%20%20\/durabilite\/","title":{"rendered":"DURABILIT\u00c9"},"content":{"rendered":"<div class=\"home-main row\">\n<h2>M\u00e9daille de bronze &#8211; notre durabilit\u00e9<\/h2>\n<p>Le fournisseur universel d&rsquo;\u00e9valuations de durabilit\u00e9 EcoVadis a d\u00e9cern\u00e9 \u00e0 IWK Verpackungstechnik le certificat EcoVadis de bronze pour la durabilit\u00e9 en avril 2022.<br \/>\n[3d-flip-book mode=\u00a0\u00bbthumbnail-lightbox\u00a0\u00bb id=\u00a0\u00bb10775&Prime;][\/3d-flip-book]<\/p>\n<h2>Une performance solide pour aujourd&rsquo;hui et pour notre avenir<\/h2>\n<div class=\"division\">\n<div class=\"division-left\">\n<h4>IWK: \u00e9conomie<\/h4>\n<div class=\"list-style\">\n<ul>\n<li>Technologies \u00e9conomes en \u00e9nergie<\/li>\n<\/ul>\n<\/div>\n<h4>IWK: \u00e9cologie<\/h4>\n<div class=\"list-style\">\n<ul>\n<li>Utilisation d\u2019\u00e9nergies renouvelables: \u00ab 80 % de nos besoins \u00e9nerg\u00e9tiques sont couverts par de l\u2019\u00e9nergie renouvelable \u00bb<\/li>\n<li>Traitement des d\u00e9chets sur tous les sites d\u2019IWK<\/li>\n<\/ul>\n<\/div>\n<h4>IWK: responsabilit\u00e9 sociale<\/h4>\n<div class=\"list-style\">\n<ul>\n<li>Fid\u00e9lisation du personnel \u00e0 long terme: \u00ab 35 % des collaborateurs d\u2019IWK sont pr\u00e9sents dans l\u2019entreprise depuis plus de 20 ans \u00bb<\/li>\n<li>Programmes de formations<\/li>\n<li>Dons annuels \u00e0 des associations caritatives<\/li>\n<\/ul>\n<\/div>\n<\/div>\n<p><img loading=\"lazy\" decoding=\"async\" src=\"https:\/\/iwk.de\/wp-content\/uploads\/sites\/22\/2021\/02\/Schnittmenge_frz.png\" alt=\"\" width=\"538\" height=\"446\" class=\"alignleft size-full wp-image-1177\" \/><\/p>\n<\/div>\n<h2>M\u00e9daille de bronze &#8211; notre durabilit\u00e9<\/h2>\n<p>Le fournisseur universel d&rsquo;\u00e9valuations de durabilit\u00e9 EcoVadis a d\u00e9cern\u00e9 \u00e0 IWK Verpackungstechnik le certificat EcoVadis de bronze pour la durabilit\u00e9 en avril 2022.<br \/>\n[3d-flip-book mode=\u00a0\u00bbthumbnail-lightbox\u00a0\u00bb id=\u00a0\u00bb10775&Prime;][\/3d-flip-book]<br \/>\n<a href=\"https:\/\/iwk.de\/fr\/iwk-en-bref\/\" target=\"_self\" class=\"backLink\" rel=\"noopener\">RETOUR VERS \u201e\u00c0 PROPOS\u201c<\/a><\/p>\n","protected":false},"excerpt":{"rendered":"<p>M\u00e9daille de bronze &#8211; notre durabilit\u00e9 Le fournisseur universel d&rsquo;\u00e9valuations de durabilit\u00e9 EcoVadis a d\u00e9cern\u00e9 \u00e0 IWK Verpackungstechnik le certificat EcoVadis de bronze pour la durabilit\u00e9 en avril 2022. [3d-flip-book mode=\u00a0\u00bbthumbnail-lightbox\u00a0\u00bb id=\u00a0\u00bb10775&Prime;][\/3d-flip-book] Une performance solide pour aujourd&rsquo;hui et pour notre avenir IWK: \u00e9conomie Technologies \u00e9conomes en \u00e9nergie IWK: \u00e9cologie Utilisation d\u2019\u00e9nergies renouvelables: \u00ab 80 %&#8230;<\/p>\n<div class=\"post-button\"><a href=\"https:\/\/vipgo.atsautomation.com\/iwk-de\/fr\/%20%20\/durabilite\/\">Read More<\/a><\/div>\n","protected":false},"author":63,"featured_media":2159,"parent":0,"menu_order":0,"comment_status":"closed","ping_status":"closed","template":"","meta":{"inline_featured_image":false,"footnotes":""},"class_list":["post-2769","page","type-page","status-publish","has-post-thumbnail","hentry"],"yoast_head":"<!-- This site is optimized with the Yoast SEO Premium plugin v26.8 (Yoast SEO v26.8) - https:\/\/yoast.com\/product\/yoast-seo-premium-wordpress\/ -->\n<title>DURABILIT\u00c9 - Innovative And Customized Manufacturing Solutions<\/title>\n<meta name=\"robots\" content=\"index, follow, max-snippet:-1, max-image-preview:large, max-video-preview:-1\" \/>\n<link rel=\"canonical\" href=\"https:\/\/vipgo.atsautomation.com\/iwk-de\/fr\/%20%20\/durabilite\/\" \/>\n<meta property=\"og:locale\" content=\"fr_FR\" \/>\n<meta property=\"og:type\" content=\"article\" \/>\n<meta property=\"og:title\" content=\"DURABILIT\u00c9\" \/>\n<meta property=\"og:description\" content=\"M\u00e9daille de bronze &#8211; notre durabilit\u00e9 Le fournisseur universel d&rsquo;\u00e9valuations de durabilit\u00e9 EcoVadis a d\u00e9cern\u00e9 \u00e0 IWK Verpackungstechnik le certificat EcoVadis de bronze pour la durabilit\u00e9 en avril 2022. [3d-flip-book mode=\u00a0\u00bbthumbnail-lightbox\u00a0\u00bb id=\u00a0\u00bb10775&Prime;][\/3d-flip-book] Une performance solide pour aujourd&rsquo;hui et pour notre avenir IWK: \u00e9conomie Technologies \u00e9conomes en \u00e9nergie IWK: \u00e9cologie Utilisation d\u2019\u00e9nergies renouvelables: \u00ab 80 %...Read More\" \/>\n<meta property=\"og:url\" content=\"https:\/\/vipgo.atsautomation.com\/iwk-de\/fr\/  \/durabilite\/\" \/>\n<meta property=\"og:site_name\" content=\"Innovative And Customized Manufacturing Solutions\" \/>\n<meta property=\"article:modified_time\" content=\"2022-12-01T07:11:49+00:00\" \/>\n<meta property=\"og:image\" content=\"https:\/\/vipgo.atsautomation.com\/iwk-de\/%20%20\/wp-content\/uploads\/sites\/22\/2021\/01\/INNOVATIONEN.jpg\" \/>\n\t<meta property=\"og:image:width\" content=\"1901\" \/>\n\t<meta property=\"og:image:height\" content=\"731\" \/>\n\t<meta property=\"og:image:type\" content=\"image\/jpeg\" \/>\n<meta name=\"twitter:card\" content=\"summary_large_image\" \/>\n<meta name=\"twitter:label1\" content=\"Dur\u00e9e de lecture estim\u00e9e\" \/>\n\t<meta name=\"twitter:data1\" content=\"1 minute\" \/>\n<script type=\"application\/ld+json\" class=\"yoast-schema-graph\">{\"@context\":\"https:\/\/schema.org\",\"@graph\":[{\"@type\":\"WebPage\",\"@id\":\"https:\/\/vipgo.atsautomation.com\/iwk-de\/fr\/%20%20\/durabilite\/\",\"url\":\"https:\/\/vipgo.atsautomation.com\/iwk-de\/fr\/%20%20\/durabilite\/\",\"name\":\"DURABILIT\u00c9 - Innovative And Customized Manufacturing Solutions\",\"isPartOf\":{\"@id\":\"https:\/\/vipgo.atsautomation.com\/iwk-de\/%20%20\/#website\"},\"primaryImageOfPage\":{\"@id\":\"https:\/\/vipgo.atsautomation.com\/iwk-de\/fr\/%20%20\/durabilite\/#primaryimage\"},\"image\":{\"@id\":\"https:\/\/vipgo.atsautomation.com\/iwk-de\/fr\/%20%20\/durabilite\/#primaryimage\"},\"thumbnailUrl\":\"https:\/\/vipgo.atsautomation.com\/iwk-de\/%20%20\/wp-content\/uploads\/sites\/22\/2021\/01\/INNOVATIONEN.jpg\",\"datePublished\":\"2021-01-15T15:04:47+00:00\",\"dateModified\":\"2022-12-01T07:11:49+00:00\",\"breadcrumb\":{\"@id\":\"https:\/\/vipgo.atsautomation.com\/iwk-de\/fr\/%20%20\/durabilite\/#breadcrumb\"},\"inLanguage\":\"fr-FR\",\"potentialAction\":[{\"@type\":\"ReadAction\",\"target\":[\"https:\/\/vipgo.atsautomation.com\/iwk-de\/fr\/%20%20\/durabilite\/\"]}]},{\"@type\":\"ImageObject\",\"inLanguage\":\"fr-FR\",\"@id\":\"https:\/\/vipgo.atsautomation.com\/iwk-de\/fr\/%20%20\/durabilite\/#primaryimage\",\"url\":\"https:\/\/vipgo.atsautomation.com\/iwk-de\/%20%20\/wp-content\/uploads\/sites\/22\/2021\/01\/INNOVATIONEN.jpg\",\"contentUrl\":\"https:\/\/vipgo.atsautomation.com\/iwk-de\/%20%20\/wp-content\/uploads\/sites\/22\/2021\/01\/INNOVATIONEN.jpg\",\"width\":1901,\"height\":731},{\"@type\":\"BreadcrumbList\",\"@id\":\"https:\/\/vipgo.atsautomation.com\/iwk-de\/fr\/%20%20\/durabilite\/#breadcrumb\",\"itemListElement\":[{\"@type\":\"ListItem\",\"position\":1,\"name\":\"HOME\",\"item\":\"https:\/\/vipgo.atsautomation.com\/iwk-de\/fr\/%20%20\/\"},{\"@type\":\"ListItem\",\"position\":2,\"name\":\"DURABILIT\u00c9\"}]},{\"@type\":\"WebSite\",\"@id\":\"https:\/\/vipgo.atsautomation.com\/iwk-de\/%20%20\/#website\",\"url\":\"https:\/\/vipgo.atsautomation.com\/iwk-de\/%20%20\/\",\"name\":\"Innovative And Customized Manufacturing Solutions\",\"description\":\"\",\"publisher\":{\"@id\":\"https:\/\/vipgo.atsautomation.com\/iwk-de\/%20%20\/#organization\"},\"potentialAction\":[{\"@type\":\"SearchAction\",\"target\":{\"@type\":\"EntryPoint\",\"urlTemplate\":\"https:\/\/vipgo.atsautomation.com\/iwk-de\/%20%20\/?s={search_term_string}\"},\"query-input\":{\"@type\":\"PropertyValueSpecification\",\"valueRequired\":true,\"valueName\":\"search_term_string\"}}],\"inLanguage\":\"fr-FR\"},{\"@type\":\"Organization\",\"@id\":\"https:\/\/vipgo.atsautomation.com\/iwk-de\/%20%20\/#organization\",\"name\":\"Innovative And Customized Manufacturing Solutions\",\"url\":\"https:\/\/vipgo.atsautomation.com\/iwk-de\/%20%20\/\",\"logo\":{\"@type\":\"ImageObject\",\"inLanguage\":\"fr-FR\",\"@id\":\"https:\/\/vipgo.atsautomation.com\/iwk-de\/%20%20\/#\/schema\/logo\/image\/\",\"url\":\"https:\/\/vipgo.atsautomation.com\/iwk-de\/%20%20\/wp-content\/uploads\/sites\/22\/2023\/02\/LOGO_IWK_4c_Size_2.png\",\"contentUrl\":\"https:\/\/vipgo.atsautomation.com\/iwk-de\/%20%20\/wp-content\/uploads\/sites\/22\/2023\/02\/LOGO_IWK_4c_Size_2.png\",\"width\":238,\"height\":137,\"caption\":\"Innovative And Customized Manufacturing Solutions\"},\"image\":{\"@id\":\"https:\/\/vipgo.atsautomation.com\/iwk-de\/%20%20\/#\/schema\/logo\/image\/\"}}]}<\/script>\n<!-- \/ Yoast SEO Premium plugin. -->","yoast_head_json":{"title":"DURABILIT\u00c9 - Innovative And Customized Manufacturing Solutions","robots":{"index":"index","follow":"follow","max-snippet":"max-snippet:-1","max-image-preview":"max-image-preview:large","max-video-preview":"max-video-preview:-1"},"canonical":"https:\/\/vipgo.atsautomation.com\/iwk-de\/fr\/  \/durabilite\/","og_locale":"fr_FR","og_type":"article","og_title":"DURABILIT\u00c9","og_description":"M\u00e9daille de bronze &#8211; notre durabilit\u00e9 Le fournisseur universel d&rsquo;\u00e9valuations de durabilit\u00e9 EcoVadis a d\u00e9cern\u00e9 \u00e0 IWK Verpackungstechnik le certificat EcoVadis de bronze pour la durabilit\u00e9 en avril 2022. [3d-flip-book mode=\u00a0\u00bbthumbnail-lightbox\u00a0\u00bb id=\u00a0\u00bb10775&Prime;][\/3d-flip-book] Une performance solide pour aujourd&rsquo;hui et pour notre avenir IWK: \u00e9conomie Technologies \u00e9conomes en \u00e9nergie IWK: \u00e9cologie Utilisation d\u2019\u00e9nergies renouvelables: \u00ab 80 %...Read More","og_url":"https:\/\/vipgo.atsautomation.com\/iwk-de\/fr\/  \/durabilite\/","og_site_name":"Innovative And Customized Manufacturing Solutions","article_modified_time":"2022-12-01T07:11:49+00:00","og_image":[{"width":1901,"height":731,"url":"https:\/\/vipgo.atsautomation.com\/iwk-de\/%20%20\/wp-content\/uploads\/sites\/22\/2021\/01\/INNOVATIONEN.jpg","type":"image\/jpeg"}],"twitter_card":"summary_large_image","twitter_misc":{"Dur\u00e9e de lecture estim\u00e9e":"1 minute"},"schema":{"@context":"https:\/\/schema.org","@graph":[{"@type":"WebPage","@id":"https:\/\/vipgo.atsautomation.com\/iwk-de\/fr\/%20%20\/durabilite\/","url":"https:\/\/vipgo.atsautomation.com\/iwk-de\/fr\/%20%20\/durabilite\/","name":"DURABILIT\u00c9 - Innovative And Customized Manufacturing Solutions","isPartOf":{"@id":"https:\/\/vipgo.atsautomation.com\/iwk-de\/%20%20\/#website"},"primaryImageOfPage":{"@id":"https:\/\/vipgo.atsautomation.com\/iwk-de\/fr\/%20%20\/durabilite\/#primaryimage"},"image":{"@id":"https:\/\/vipgo.atsautomation.com\/iwk-de\/fr\/%20%20\/durabilite\/#primaryimage"},"thumbnailUrl":"https:\/\/vipgo.atsautomation.com\/iwk-de\/%20%20\/wp-content\/uploads\/sites\/22\/2021\/01\/INNOVATIONEN.jpg","datePublished":"2021-01-15T15:04:47+00:00","dateModified":"2022-12-01T07:11:49+00:00","breadcrumb":{"@id":"https:\/\/vipgo.atsautomation.com\/iwk-de\/fr\/%20%20\/durabilite\/#breadcrumb"},"inLanguage":"fr-FR","potentialAction":[{"@type":"ReadAction","target":["https:\/\/vipgo.atsautomation.com\/iwk-de\/fr\/%20%20\/durabilite\/"]}]},{"@type":"ImageObject","inLanguage":"fr-FR","@id":"https:\/\/vipgo.atsautomation.com\/iwk-de\/fr\/%20%20\/durabilite\/#primaryimage","url":"https:\/\/vipgo.atsautomation.com\/iwk-de\/%20%20\/wp-content\/uploads\/sites\/22\/2021\/01\/INNOVATIONEN.jpg","contentUrl":"https:\/\/vipgo.atsautomation.com\/iwk-de\/%20%20\/wp-content\/uploads\/sites\/22\/2021\/01\/INNOVATIONEN.jpg","width":1901,"height":731},{"@type":"BreadcrumbList","@id":"https:\/\/vipgo.atsautomation.com\/iwk-de\/fr\/%20%20\/durabilite\/#breadcrumb","itemListElement":[{"@type":"ListItem","position":1,"name":"HOME","item":"https:\/\/vipgo.atsautomation.com\/iwk-de\/fr\/%20%20\/"},{"@type":"ListItem","position":2,"name":"DURABILIT\u00c9"}]},{"@type":"WebSite","@id":"https:\/\/vipgo.atsautomation.com\/iwk-de\/%20%20\/#website","url":"https:\/\/vipgo.atsautomation.com\/iwk-de\/%20%20\/","name":"Innovative And Customized Manufacturing Solutions","description":"","publisher":{"@id":"https:\/\/vipgo.atsautomation.com\/iwk-de\/%20%20\/#organization"},"potentialAction":[{"@type":"SearchAction","target":{"@type":"EntryPoint","urlTemplate":"https:\/\/vipgo.atsautomation.com\/iwk-de\/%20%20\/?s={search_term_string}"},"query-input":{"@type":"PropertyValueSpecification","valueRequired":true,"valueName":"search_term_string"}}],"inLanguage":"fr-FR"},{"@type":"Organization","@id":"https:\/\/vipgo.atsautomation.com\/iwk-de\/%20%20\/#organization","name":"Innovative And Customized Manufacturing Solutions","url":"https:\/\/vipgo.atsautomation.com\/iwk-de\/%20%20\/","logo":{"@type":"ImageObject","inLanguage":"fr-FR","@id":"https:\/\/vipgo.atsautomation.com\/iwk-de\/%20%20\/#\/schema\/logo\/image\/","url":"https:\/\/vipgo.atsautomation.com\/iwk-de\/%20%20\/wp-content\/uploads\/sites\/22\/2023\/02\/LOGO_IWK_4c_Size_2.png","contentUrl":"https:\/\/vipgo.atsautomation.com\/iwk-de\/%20%20\/wp-content\/uploads\/sites\/22\/2023\/02\/LOGO_IWK_4c_Size_2.png","width":238,"height":137,"caption":"Innovative And Customized Manufacturing Solutions"},"image":{"@id":"https:\/\/vipgo.atsautomation.com\/iwk-de\/%20%20\/#\/schema\/logo\/image\/"}}]}},"jetpack_sharing_enabled":true,"_links":{"self":[{"href":"https:\/\/vipgo.atsautomation.com\/iwk-de\/fr\/%20%20\/wp-json\/wp\/v2\/pages\/2769","targetHints":{"allow":["GET"]}}],"collection":[{"href":"https:\/\/vipgo.atsautomation.com\/iwk-de\/fr\/%20%20\/wp-json\/wp\/v2\/pages"}],"about":[{"href":"https:\/\/vipgo.atsautomation.com\/iwk-de\/fr\/%20%20\/wp-json\/wp\/v2\/types\/page"}],"author":[{"embeddable":true,"href":"https:\/\/vipgo.atsautomation.com\/iwk-de\/fr\/%20%20\/wp-json\/wp\/v2\/users\/63"}],"replies":[{"embeddable":true,"href":"https:\/\/vipgo.atsautomation.com\/iwk-de\/fr\/%20%20\/wp-json\/wp\/v2\/comments?post=2769"}],"version-history":[{"count":8,"href":"https:\/\/vipgo.atsautomation.com\/iwk-de\/fr\/%20%20\/wp-json\/wp\/v2\/pages\/2769\/revisions"}],"predecessor-version":[{"id":10812,"href":"https:\/\/vipgo.atsautomation.com\/iwk-de\/fr\/%20%20\/wp-json\/wp\/v2\/pages\/2769\/revisions\/10812"}],"wp:featuredmedia":[{"embeddable":true,"href":"https:\/\/vipgo.atsautomation.com\/iwk-de\/fr\/%20%20\/wp-json\/wp\/v2\/media\/2159"}],"wp:attachment":[{"href":"https:\/\/vipgo.atsautomation.com\/iwk-de\/fr\/%20%20\/wp-json\/wp\/v2\/media?parent=2769"}],"curies":[{"name":"wp","href":"https:\/\/api.w.org\/{rel}","templated":true}]}}