{"id":2786,"date":"2021-01-15T16:34:20","date_gmt":"2021-01-15T16:34:20","guid":{"rendered":"https:\/\/iwk.de\/?page_id=2786"},"modified":"2021-02-12T09:48:11","modified_gmt":"2021-02-12T09:48:11","slug":"temoignages-et-reussites","status":"publish","type":"page","link":"https:\/\/vipgo.atsautomation.com\/iwk-de\/fr\/%20%20\/temoignages-et-reussites\/","title":{"rendered":"TEMOIGNAGES ET REUSSITES"},"content":{"rendered":"<div class=\"home-main row\">\n<h2>Le succ\u00e8s de nos clients est ce qui nous motive<\/h2>\n<\/div>\n<div class=\"glance-second\">\n<div class=\"home-main row\">\n<details>\n<summary>PIERRE FABRE : IWK A SU CONVAINCRE PAR CES SYST\u00c8MES FLEXIBLES<\/summary>\n<div class=\"faq__content\">\n<p>L\u2019entreprise fran\u00e7aise Laboratoires Pierre Fabre, connue dans le monde entier pour ses produits cosm\u00e9tiques et pharmaceutiques, \u00e9tait \u00e0 la recherche d\u2019une solution d\u2019emballage rapide pour les cr\u00e8mes cosm\u00e9tiques de la marque. IWK a su les convaincre par des syst\u00e8mes flexibles et un travail d\u2019\u00e9quipe intensif.<\/p>\n<p><a href=\"https:\/\/iwk.de\/wp-content\/uploads\/sites\/22\/2021\/01\/IWK_SuccessStory_PFabre_09_2015_FR.pdf\" class=\"downloadLink\" target=\"_blank\" rel=\"noopener\">T\u00e9l\u00e9chargement<\/a><\/p>\n<\/div>\n<\/details>\n<details>\n<summary>LES SYST\u00c8MES COBOT IWK R\u00c9COMPENS\u00c9S PAR LE PRIX DE L\u2019EMBALLAGE ALLEMAND 2017<\/summary>\n<div class=\"faq__content\">\n<div class=\"col-xs-12\">\n<p>Le 26\/09\/2017, le Deutsche Verpackungsinstitut e. V. a r\u00e9compens\u00e9 les meilleures solutions et innovations dans le domaine de l\u2019emballage par le prix de l\u2019emballage allemand 2017. Le syst\u00e8me Cobot d\u2019IWK Verpackungstechnik GmbH compte parmi les solutions qui ont \u00e9t\u00e9 r\u00e9compens\u00e9es.<\/p>\n<p><a href=\"https:\/\/iwk.de\/wp-content\/uploads\/sites\/22\/2021\/02\/IWK_SuccessStory_DVP_2017_EN.pdf\" class=\"downloadLink\" target=\"_blank\" rel=\"noopener\">T\u00e9l\u00e9chargement<\/a><\/p>\n<\/div>\n<div class=\"col-xs-4\">\n<img loading=\"lazy\" decoding=\"async\" src=\"https:\/\/iwk.de\/wp-content\/uploads\/sites\/22\/2021\/01\/one.jpg\" alt=\"\" width=\"250\" height=\"167\" class=\"alignleft size-full wp-image-1197\" \/>\n<\/div>\n<\/div>\n<\/details>\n<details>\n<summary>FABRICATION DE PI\u00c8CES \u00c0 LA POINTE DE LA TECHNOLOGIE CHEZ IWK<\/summary>\n<div class=\"faq__content\">\n<div class=\"col-xs-12\">\n<p>L\u2019investissement dans une nouvelle machine de tournage \u00e0 commande num\u00e9rique permet \u00e0 IWK de fabriquer des pi\u00e8ces \u00e0 la pointe de la technologie. Selon le sch\u00e9ma, la nouvelle machine CNC con\u00e7oit un ensemble de pi\u00e8ces qui peuvent \u00e9galement \u00eatre int\u00e9gr\u00e9es aux cyclo\u00efdes des encartonneuses IWK en tant que pi\u00e8ces principales.<\/p>\n<p><a href=\"https:\/\/iwk.de\/wp-content\/uploads\/sites\/22\/2021\/02\/IWK_SuccessStory_State_of_the_art.pdf\" class=\"downloadLink\" target=\"_blank\" rel=\"noopener\">T\u00e9l\u00e9chargement<\/a><\/p>\n<\/div>\n<div class=\"col-xs-4\">\n<img loading=\"lazy\" decoding=\"async\" src=\"https:\/\/iwk.de\/wp-content\/uploads\/sites\/22\/2021\/01\/story_stateofart.jpg\" alt=\"\" width=\"250\" height=\"166\" class=\"alignleft size-full wp-image-1199\" \/>\n<\/div>\n<\/details>\n<details>\n<summary>L\u2019INNOVATION AU SERVICE DU REMPLISSAGE ST\u00c9RILE DE TUBES<\/summary>\n<div class=\"faq__content\">\n<div class=\"col-xs-12\">\n<p>Les derni\u00e8res innovations d\u2019IWK en mati\u00e8re de remplissage de tubes offrent de nouvelles possibilit\u00e9s d\u2019emballage aux entreprises du secteur pharmaceutique et cosm\u00e9tique qui manipulent des produits tr\u00e8s sensibles et doivent se conformer \u00e0 des exigences d\u2019hygi\u00e8ne tr\u00e8s strictes.<\/p>\n<p><a href=\"https:\/\/iwk.de\/wp-content\/uploads\/sites\/22\/2021\/02\/2015-07-14_Sterilfilling_of_tubes_IWK_EN.pdf\" class=\"downloadLink\" target=\"_blank\" rel=\"noopener\">T\u00e9l\u00e9chargement<\/a><\/p>\n<\/div>\n<div class=\"col-xs-4\">\n<img loading=\"lazy\" decoding=\"async\" src=\"https:\/\/iwk.de\/wp-content\/uploads\/sites\/22\/2021\/01\/Sterile_-_Dosing.jpg\" alt=\"\" width=\"250\" height=\"375\" class=\"alignleft size-full wp-image-1201\" srcset=\"https:\/\/vipgo.atsautomation.com\/iwk-de\/%20%20\/wp-content\/uploads\/sites\/22\/2021\/01\/Sterile_-_Dosing.jpg 250w, https:\/\/vipgo.atsautomation.com\/iwk-de\/%20%20\/wp-content\/uploads\/sites\/22\/2021\/01\/Sterile_-_Dosing.jpg?resize=200,300 200w\" sizes=\"auto, (max-width: 250px) 100vw, 250px\" \/>\n<\/div>\n<\/details>\n<details>\n<summary>LE BON EMBALLAGE : UHU<\/summary>\n<div class=\"faq__content\">\n<div class=\"col-xs-12\">\n<p>La marque UHU est \u00e9quip\u00e9e depuis 1954 d\u2019installations IWK pour le remplissage fiable de tubes avec diff\u00e9rents types de produits et de colles. Elle emploie tout particuli\u00e8rement 12 machines, dont des remplisseuses de tubes, des encartonneuses horizontales, des alimentations et d\u2019autres mod\u00e8les.<\/p>\n<p><a href=\"https:\/\/iwk.de\/wp-content\/uploads\/sites\/22\/2021\/02\/IWK_SuccessStory_UHU_EN.pdf\" class=\"downloadLink\" target=\"_blank\" rel=\"noopener\">T\u00e9l\u00e9chargement<\/a><\/p>\n<\/div>\n<div class=\"col-xs-4\">\n<img loading=\"lazy\" decoding=\"async\" src=\"https:\/\/iwk.de\/wp-content\/uploads\/sites\/22\/2021\/01\/Tubes.jpg\" alt=\"\" width=\"250\" height=\"242\" class=\"alignleft size-full wp-image-1203\" \/>\n<\/div>\n<\/details>\n<p><a class=\"backLink\" href=\"https:\/\/iwk.de\/fr\/iwk-en-bref\/#page1\" target=\"_self\" rel=\"noopener\">RETOUR VERS \u201e\u00c0 PROPOS\u201c<\/a>\n<\/div>\n<\/div>\n","protected":false},"excerpt":{"rendered":"<p>Le succ\u00e8s de nos clients est ce qui nous motive PIERRE FABRE : IWK A SU CONVAINCRE PAR CES SYST\u00c8MES FLEXIBLES L\u2019entreprise fran\u00e7aise Laboratoires Pierre Fabre, connue dans le monde entier pour ses produits cosm\u00e9tiques et pharmaceutiques, \u00e9tait \u00e0 la recherche d\u2019une solution d\u2019emballage rapide pour les cr\u00e8mes cosm\u00e9tiques de la marque. IWK a su&#8230;<\/p>\n<div class=\"post-button\"><a href=\"https:\/\/vipgo.atsautomation.com\/iwk-de\/fr\/%20%20\/temoignages-et-reussites\/\">Read More<\/a><\/div>\n","protected":false},"author":63,"featured_media":2159,"parent":0,"menu_order":0,"comment_status":"closed","ping_status":"closed","template":"","meta":{"inline_featured_image":false,"footnotes":""},"class_list":["post-2786","page","type-page","status-publish","has-post-thumbnail","hentry"],"yoast_head":"<!-- This site is optimized with the Yoast SEO Premium plugin v26.8 (Yoast SEO v26.8) - https:\/\/yoast.com\/product\/yoast-seo-premium-wordpress\/ -->\n<title>TEMOIGNAGES ET REUSSITES - Innovative And Customized Manufacturing Solutions<\/title>\n<meta name=\"robots\" content=\"index, follow, max-snippet:-1, max-image-preview:large, max-video-preview:-1\" \/>\n<link rel=\"canonical\" href=\"https:\/\/vipgo.atsautomation.com\/iwk-de\/fr\/%20%20\/temoignages-et-reussites\/\" \/>\n<meta property=\"og:locale\" content=\"fr_FR\" \/>\n<meta property=\"og:type\" content=\"article\" \/>\n<meta property=\"og:title\" content=\"TEMOIGNAGES ET REUSSITES\" \/>\n<meta property=\"og:description\" content=\"Le succ\u00e8s de nos clients est ce qui nous motive PIERRE FABRE : IWK A SU CONVAINCRE PAR CES SYST\u00c8MES FLEXIBLES L\u2019entreprise fran\u00e7aise Laboratoires Pierre Fabre, connue dans le monde entier pour ses produits cosm\u00e9tiques et pharmaceutiques, \u00e9tait \u00e0 la recherche d\u2019une solution d\u2019emballage rapide pour les cr\u00e8mes cosm\u00e9tiques de la marque. IWK a su...Read More\" \/>\n<meta property=\"og:url\" content=\"https:\/\/vipgo.atsautomation.com\/iwk-de\/fr\/  \/temoignages-et-reussites\/\" \/>\n<meta property=\"og:site_name\" content=\"Innovative And Customized Manufacturing Solutions\" \/>\n<meta property=\"article:modified_time\" content=\"2021-02-12T09:48:11+00:00\" \/>\n<meta property=\"og:image\" content=\"https:\/\/vipgo.atsautomation.com\/iwk-de\/%20%20\/wp-content\/uploads\/sites\/22\/2021\/01\/INNOVATIONEN.jpg\" \/>\n\t<meta property=\"og:image:width\" content=\"1901\" \/>\n\t<meta property=\"og:image:height\" content=\"731\" \/>\n\t<meta property=\"og:image:type\" content=\"image\/jpeg\" \/>\n<meta name=\"twitter:card\" content=\"summary_large_image\" \/>\n<meta name=\"twitter:label1\" content=\"Dur\u00e9e de lecture estim\u00e9e\" \/>\n\t<meta name=\"twitter:data1\" content=\"2 minutes\" \/>\n<script type=\"application\/ld+json\" class=\"yoast-schema-graph\">{\"@context\":\"https:\/\/schema.org\",\"@graph\":[{\"@type\":\"WebPage\",\"@id\":\"https:\/\/vipgo.atsautomation.com\/iwk-de\/fr\/%20%20\/temoignages-et-reussites\/\",\"url\":\"https:\/\/vipgo.atsautomation.com\/iwk-de\/fr\/%20%20\/temoignages-et-reussites\/\",\"name\":\"TEMOIGNAGES ET REUSSITES - Innovative And Customized Manufacturing Solutions\",\"isPartOf\":{\"@id\":\"https:\/\/vipgo.atsautomation.com\/iwk-de\/%20%20\/#website\"},\"primaryImageOfPage\":{\"@id\":\"https:\/\/vipgo.atsautomation.com\/iwk-de\/fr\/%20%20\/temoignages-et-reussites\/#primaryimage\"},\"image\":{\"@id\":\"https:\/\/vipgo.atsautomation.com\/iwk-de\/fr\/%20%20\/temoignages-et-reussites\/#primaryimage\"},\"thumbnailUrl\":\"https:\/\/vipgo.atsautomation.com\/iwk-de\/%20%20\/wp-content\/uploads\/sites\/22\/2021\/01\/INNOVATIONEN.jpg\",\"datePublished\":\"2021-01-15T16:34:20+00:00\",\"dateModified\":\"2021-02-12T09:48:11+00:00\",\"breadcrumb\":{\"@id\":\"https:\/\/vipgo.atsautomation.com\/iwk-de\/fr\/%20%20\/temoignages-et-reussites\/#breadcrumb\"},\"inLanguage\":\"fr-FR\",\"potentialAction\":[{\"@type\":\"ReadAction\",\"target\":[\"https:\/\/vipgo.atsautomation.com\/iwk-de\/fr\/%20%20\/temoignages-et-reussites\/\"]}]},{\"@type\":\"ImageObject\",\"inLanguage\":\"fr-FR\",\"@id\":\"https:\/\/vipgo.atsautomation.com\/iwk-de\/fr\/%20%20\/temoignages-et-reussites\/#primaryimage\",\"url\":\"https:\/\/vipgo.atsautomation.com\/iwk-de\/%20%20\/wp-content\/uploads\/sites\/22\/2021\/01\/INNOVATIONEN.jpg\",\"contentUrl\":\"https:\/\/vipgo.atsautomation.com\/iwk-de\/%20%20\/wp-content\/uploads\/sites\/22\/2021\/01\/INNOVATIONEN.jpg\",\"width\":1901,\"height\":731},{\"@type\":\"BreadcrumbList\",\"@id\":\"https:\/\/vipgo.atsautomation.com\/iwk-de\/fr\/%20%20\/temoignages-et-reussites\/#breadcrumb\",\"itemListElement\":[{\"@type\":\"ListItem\",\"position\":1,\"name\":\"HOME\",\"item\":\"https:\/\/vipgo.atsautomation.com\/iwk-de\/fr\/%20%20\/\"},{\"@type\":\"ListItem\",\"position\":2,\"name\":\"TEMOIGNAGES ET REUSSITES\"}]},{\"@type\":\"WebSite\",\"@id\":\"https:\/\/vipgo.atsautomation.com\/iwk-de\/%20%20\/#website\",\"url\":\"https:\/\/vipgo.atsautomation.com\/iwk-de\/%20%20\/\",\"name\":\"Innovative And Customized Manufacturing Solutions\",\"description\":\"\",\"publisher\":{\"@id\":\"https:\/\/vipgo.atsautomation.com\/iwk-de\/%20%20\/#organization\"},\"potentialAction\":[{\"@type\":\"SearchAction\",\"target\":{\"@type\":\"EntryPoint\",\"urlTemplate\":\"https:\/\/vipgo.atsautomation.com\/iwk-de\/%20%20\/?s={search_term_string}\"},\"query-input\":{\"@type\":\"PropertyValueSpecification\",\"valueRequired\":true,\"valueName\":\"search_term_string\"}}],\"inLanguage\":\"fr-FR\"},{\"@type\":\"Organization\",\"@id\":\"https:\/\/vipgo.atsautomation.com\/iwk-de\/%20%20\/#organization\",\"name\":\"Innovative And Customized Manufacturing Solutions\",\"url\":\"https:\/\/vipgo.atsautomation.com\/iwk-de\/%20%20\/\",\"logo\":{\"@type\":\"ImageObject\",\"inLanguage\":\"fr-FR\",\"@id\":\"https:\/\/vipgo.atsautomation.com\/iwk-de\/%20%20\/#\/schema\/logo\/image\/\",\"url\":\"https:\/\/vipgo.atsautomation.com\/iwk-de\/%20%20\/wp-content\/uploads\/sites\/22\/2023\/02\/LOGO_IWK_4c_Size_2.png\",\"contentUrl\":\"https:\/\/vipgo.atsautomation.com\/iwk-de\/%20%20\/wp-content\/uploads\/sites\/22\/2023\/02\/LOGO_IWK_4c_Size_2.png\",\"width\":238,\"height\":137,\"caption\":\"Innovative And Customized Manufacturing Solutions\"},\"image\":{\"@id\":\"https:\/\/vipgo.atsautomation.com\/iwk-de\/%20%20\/#\/schema\/logo\/image\/\"}}]}<\/script>\n<!-- \/ Yoast SEO Premium plugin. -->","yoast_head_json":{"title":"TEMOIGNAGES ET REUSSITES - Innovative And Customized Manufacturing Solutions","robots":{"index":"index","follow":"follow","max-snippet":"max-snippet:-1","max-image-preview":"max-image-preview:large","max-video-preview":"max-video-preview:-1"},"canonical":"https:\/\/vipgo.atsautomation.com\/iwk-de\/fr\/  \/temoignages-et-reussites\/","og_locale":"fr_FR","og_type":"article","og_title":"TEMOIGNAGES ET REUSSITES","og_description":"Le succ\u00e8s de nos clients est ce qui nous motive PIERRE FABRE : IWK A SU CONVAINCRE PAR CES SYST\u00c8MES FLEXIBLES L\u2019entreprise fran\u00e7aise Laboratoires Pierre Fabre, connue dans le monde entier pour ses produits cosm\u00e9tiques et pharmaceutiques, \u00e9tait \u00e0 la recherche d\u2019une solution d\u2019emballage rapide pour les cr\u00e8mes cosm\u00e9tiques de la marque. IWK a su...Read More","og_url":"https:\/\/vipgo.atsautomation.com\/iwk-de\/fr\/  \/temoignages-et-reussites\/","og_site_name":"Innovative And Customized Manufacturing Solutions","article_modified_time":"2021-02-12T09:48:11+00:00","og_image":[{"width":1901,"height":731,"url":"https:\/\/vipgo.atsautomation.com\/iwk-de\/%20%20\/wp-content\/uploads\/sites\/22\/2021\/01\/INNOVATIONEN.jpg","type":"image\/jpeg"}],"twitter_card":"summary_large_image","twitter_misc":{"Dur\u00e9e de lecture estim\u00e9e":"2 minutes"},"schema":{"@context":"https:\/\/schema.org","@graph":[{"@type":"WebPage","@id":"https:\/\/vipgo.atsautomation.com\/iwk-de\/fr\/%20%20\/temoignages-et-reussites\/","url":"https:\/\/vipgo.atsautomation.com\/iwk-de\/fr\/%20%20\/temoignages-et-reussites\/","name":"TEMOIGNAGES ET REUSSITES - Innovative And Customized Manufacturing Solutions","isPartOf":{"@id":"https:\/\/vipgo.atsautomation.com\/iwk-de\/%20%20\/#website"},"primaryImageOfPage":{"@id":"https:\/\/vipgo.atsautomation.com\/iwk-de\/fr\/%20%20\/temoignages-et-reussites\/#primaryimage"},"image":{"@id":"https:\/\/vipgo.atsautomation.com\/iwk-de\/fr\/%20%20\/temoignages-et-reussites\/#primaryimage"},"thumbnailUrl":"https:\/\/vipgo.atsautomation.com\/iwk-de\/%20%20\/wp-content\/uploads\/sites\/22\/2021\/01\/INNOVATIONEN.jpg","datePublished":"2021-01-15T16:34:20+00:00","dateModified":"2021-02-12T09:48:11+00:00","breadcrumb":{"@id":"https:\/\/vipgo.atsautomation.com\/iwk-de\/fr\/%20%20\/temoignages-et-reussites\/#breadcrumb"},"inLanguage":"fr-FR","potentialAction":[{"@type":"ReadAction","target":["https:\/\/vipgo.atsautomation.com\/iwk-de\/fr\/%20%20\/temoignages-et-reussites\/"]}]},{"@type":"ImageObject","inLanguage":"fr-FR","@id":"https:\/\/vipgo.atsautomation.com\/iwk-de\/fr\/%20%20\/temoignages-et-reussites\/#primaryimage","url":"https:\/\/vipgo.atsautomation.com\/iwk-de\/%20%20\/wp-content\/uploads\/sites\/22\/2021\/01\/INNOVATIONEN.jpg","contentUrl":"https:\/\/vipgo.atsautomation.com\/iwk-de\/%20%20\/wp-content\/uploads\/sites\/22\/2021\/01\/INNOVATIONEN.jpg","width":1901,"height":731},{"@type":"BreadcrumbList","@id":"https:\/\/vipgo.atsautomation.com\/iwk-de\/fr\/%20%20\/temoignages-et-reussites\/#breadcrumb","itemListElement":[{"@type":"ListItem","position":1,"name":"HOME","item":"https:\/\/vipgo.atsautomation.com\/iwk-de\/fr\/%20%20\/"},{"@type":"ListItem","position":2,"name":"TEMOIGNAGES ET REUSSITES"}]},{"@type":"WebSite","@id":"https:\/\/vipgo.atsautomation.com\/iwk-de\/%20%20\/#website","url":"https:\/\/vipgo.atsautomation.com\/iwk-de\/%20%20\/","name":"Innovative And Customized Manufacturing Solutions","description":"","publisher":{"@id":"https:\/\/vipgo.atsautomation.com\/iwk-de\/%20%20\/#organization"},"potentialAction":[{"@type":"SearchAction","target":{"@type":"EntryPoint","urlTemplate":"https:\/\/vipgo.atsautomation.com\/iwk-de\/%20%20\/?s={search_term_string}"},"query-input":{"@type":"PropertyValueSpecification","valueRequired":true,"valueName":"search_term_string"}}],"inLanguage":"fr-FR"},{"@type":"Organization","@id":"https:\/\/vipgo.atsautomation.com\/iwk-de\/%20%20\/#organization","name":"Innovative And Customized Manufacturing Solutions","url":"https:\/\/vipgo.atsautomation.com\/iwk-de\/%20%20\/","logo":{"@type":"ImageObject","inLanguage":"fr-FR","@id":"https:\/\/vipgo.atsautomation.com\/iwk-de\/%20%20\/#\/schema\/logo\/image\/","url":"https:\/\/vipgo.atsautomation.com\/iwk-de\/%20%20\/wp-content\/uploads\/sites\/22\/2023\/02\/LOGO_IWK_4c_Size_2.png","contentUrl":"https:\/\/vipgo.atsautomation.com\/iwk-de\/%20%20\/wp-content\/uploads\/sites\/22\/2023\/02\/LOGO_IWK_4c_Size_2.png","width":238,"height":137,"caption":"Innovative And Customized Manufacturing Solutions"},"image":{"@id":"https:\/\/vipgo.atsautomation.com\/iwk-de\/%20%20\/#\/schema\/logo\/image\/"}}]}},"jetpack_sharing_enabled":true,"_links":{"self":[{"href":"https:\/\/vipgo.atsautomation.com\/iwk-de\/fr\/%20%20\/wp-json\/wp\/v2\/pages\/2786","targetHints":{"allow":["GET"]}}],"collection":[{"href":"https:\/\/vipgo.atsautomation.com\/iwk-de\/fr\/%20%20\/wp-json\/wp\/v2\/pages"}],"about":[{"href":"https:\/\/vipgo.atsautomation.com\/iwk-de\/fr\/%20%20\/wp-json\/wp\/v2\/types\/page"}],"author":[{"embeddable":true,"href":"https:\/\/vipgo.atsautomation.com\/iwk-de\/fr\/%20%20\/wp-json\/wp\/v2\/users\/63"}],"replies":[{"embeddable":true,"href":"https:\/\/vipgo.atsautomation.com\/iwk-de\/fr\/%20%20\/wp-json\/wp\/v2\/comments?post=2786"}],"version-history":[{"count":2,"href":"https:\/\/vipgo.atsautomation.com\/iwk-de\/fr\/%20%20\/wp-json\/wp\/v2\/pages\/2786\/revisions"}],"predecessor-version":[{"id":3817,"href":"https:\/\/vipgo.atsautomation.com\/iwk-de\/fr\/%20%20\/wp-json\/wp\/v2\/pages\/2786\/revisions\/3817"}],"wp:featuredmedia":[{"embeddable":true,"href":"https:\/\/vipgo.atsautomation.com\/iwk-de\/fr\/%20%20\/wp-json\/wp\/v2\/media\/2159"}],"wp:attachment":[{"href":"https:\/\/vipgo.atsautomation.com\/iwk-de\/fr\/%20%20\/wp-json\/wp\/v2\/media?parent=2786"}],"curies":[{"name":"wp","href":"https:\/\/api.w.org\/{rel}","templated":true}]}}