{"id":2816,"date":"2021-01-06T20:56:16","date_gmt":"2021-01-06T20:56:16","guid":{"rendered":"https:\/\/iwk.de\/?page_id=2816"},"modified":"2021-02-26T14:44:58","modified_gmt":"2021-02-26T14:44:58","slug":"servicefr","status":"publish","type":"page","link":"https:\/\/vipgo.atsautomation.com\/iwk-de\/fr\/%20%20\/servicefr\/","title":{"rendered":"SERVICE"},"content":{"rendered":"<div class=\"home-main row\">\n<span><span><a href=\"https:\/\/vipgo.atsautomation.com\/iwk-de\/fr\/%20%20\/\">HOME<\/a><\/span><\/span><\/p>\n<h2>Notre service va bien au-del\u00e0 des stanstards<\/h2>\n<p>Nous nous engageons \u00e0 fournir des services d\u2019ing\u00e9nierie haut de gamme, de la pr\u00e9-vente jusqu\u2019au lancement de votre installation, sans oublier la maintenance classique qui permet d\u2019offrir une longue dur\u00e9e de vie aux installations de nos clients. Plus de 15% de nos collaborateurs sont affect\u00e9s en permanence aux services et se tiennent \u00e0 la disposition de nos clients \u00e0 chaque \u00e9tape de notre collaboration.<\/p>\n<p>En mati\u00e8re de maintenance traditionnelle, nous pouvons r\u00e9agir dans un d\u00e9lai de 24 \u00e0 48 heures pour tous les march\u00e9s concern\u00e9s. Ainsi, IWK assure le bon fonctionnement de plus de 10.000 installations dans le monde, et \u00e0 toute heure de la journ\u00e9e.<\/p>\n<p><a href=\"https:\/\/iwk.de\/wp-content\/uploads\/sites\/22\/2021\/02\/20200805_LY_Flyer_Service_Portfolio_EN.pdf\" class=\"downloadLink\" target=\"_blank\" rel=\"noopener\">En savoir plus dans brochure de services<\/a><\/p>\n<\/div>\n<div class=\"\">\n<div class=\"home-main row\">\n<div class=\"one column\">\n<a href=\"https:\/\/iwk.de\/fr\/servicefr\/technologies\/\"><br \/>\n<img loading=\"lazy\" decoding=\"async\" class=\"alignnone size-large wp-image-257\" src=\"https:\/\/iwk.de\/wp-content\/uploads\/sites\/22\/2021\/02\/icon_service_technilogie.png\" alt=\"\" width=\"100\" height=\"100\" \/><\/p>\n<h3>TECHNOLOGIES<\/h3>\n<p>Transformations et mises \u00e0 niveau <br \/> Gestion de l&rsquo;obsolescence <br \/> Centre des pi\u00e8ces de format<\/p>\n<p><\/a><\/p>\n<div class=\"read-more\"><a href=\"https:\/\/iwk.de\/fr\/servicefr\/technologies\/\"><img loading=\"lazy\" decoding=\"async\" class=\"alignnone size-thumbnail wp-image-116\" src=\"https:\/\/iwk.de\/wp-content\/uploads\/sites\/22\/2020\/12\/plus-e1608153632530.png?w=37&amp;h=43&amp;crop=1\" alt=\"\" width=\"37\" height=\"43\" \/><\/a><\/div>\n<\/div>\n<div class=\"two column\">\n<a href=\"https:\/\/iwk.de\/fr\/servicefr\/fonctionnement-operationnel\/\"><br \/>\n<img loading=\"lazy\" decoding=\"async\" class=\"alignnone size-large wp-image-259\" src=\"https:\/\/iwk.de\/wp-content\/uploads\/sites\/22\/2021\/02\/icon_service_operation.png\" alt=\"\" width=\"100\" height=\"100\" \/><\/p>\n<h3>FONCTIONNEMENT<br \/>\nOP\u00c9RATIONNEL<\/h3>\n<p>Contrats de maintenance <br \/> Services externes et t\u00e9l\u00e9maintenance <br \/> Pi\u00e8ces de rechange<\/p>\n<p><\/a><\/p>\n<div class=\"read-more\"><a href=\"https:\/\/iwk.de\/fr\/servicefr\/fonctionnement-operationnel\/\"><img loading=\"lazy\" decoding=\"async\" class=\"alignnone size-thumbnail wp-image-116\" src=\"https:\/\/iwk.de\/wp-content\/uploads\/sites\/22\/2020\/12\/plus-e1608153632530.png?w=37&amp;h=43&amp;crop=1\" alt=\"\" width=\"37\" height=\"43\" \/><\/a><\/div>\n<\/div>\n<div class=\"three column\">\n<a href=\"https:\/\/iwk.de\/fr\/servicefr\/productivite\/\"><br \/>\n<img loading=\"lazy\" decoding=\"async\" class=\"alignnone size-large wp-image-258\" src=\"https:\/\/iwk.de\/wp-content\/uploads\/sites\/22\/2021\/02\/icon_service_produktivitaet.png\" alt=\"\" width=\"100\" height=\"100\" \/><\/p>\n<h3>PRODUKTIVIT\u00c9<\/h3>\n<p>Formation et assistance <br \/> Assistance \u00e0 la production <br \/> Services d&rsquo;audit<\/p>\n<p><\/a><\/p>\n<div class=\"read-more\"><a href=\"https:\/\/iwk.de\/fr\/servicefr\/productivite\/\"><img loading=\"lazy\" decoding=\"async\" class=\"alignnone size-thumbnail wp-image-116\" src=\"https:\/\/iwk.de\/wp-content\/uploads\/sites\/22\/2020\/12\/plus-e1608153632530.png?w=37&amp;h=43&amp;crop=1\" alt=\"\" width=\"37\" height=\"43\" \/><\/a><\/div>\n<\/div>\n<\/div>\n<\/div>\n","protected":false},"excerpt":{"rendered":"<p>Notre service va bien au-del\u00e0 des stanstards Nous nous engageons \u00e0 fournir des services d\u2019ing\u00e9nierie haut de gamme, de la pr\u00e9-vente jusqu\u2019au lancement de votre installation, sans oublier la maintenance classique qui permet d\u2019offrir une longue dur\u00e9e de vie aux installations de nos clients. Plus de 15% de nos collaborateurs sont affect\u00e9s en permanence aux&#8230;<\/p>\n<div class=\"post-button\"><a href=\"https:\/\/vipgo.atsautomation.com\/iwk-de\/fr\/%20%20\/servicefr\/\">Read More<\/a><\/div>\n","protected":false},"author":63,"featured_media":2103,"parent":0,"menu_order":0,"comment_status":"closed","ping_status":"closed","template":"","meta":{"inline_featured_image":false,"footnotes":""},"class_list":["post-2816","page","type-page","status-publish","has-post-thumbnail","hentry"],"yoast_head":"<!-- This site is optimized with the Yoast SEO Premium plugin v26.8 (Yoast SEO v26.8) - https:\/\/yoast.com\/product\/yoast-seo-premium-wordpress\/ -->\n<title>SERVICE - Innovative And Customized Manufacturing Solutions<\/title>\n<meta name=\"robots\" content=\"index, follow, max-snippet:-1, max-image-preview:large, max-video-preview:-1\" \/>\n<link rel=\"canonical\" href=\"https:\/\/vipgo.atsautomation.com\/iwk-de\/fr\/%20%20\/servicefr\/\" \/>\n<meta property=\"og:locale\" content=\"fr_FR\" \/>\n<meta property=\"og:type\" content=\"article\" \/>\n<meta property=\"og:title\" content=\"SERVICE\" \/>\n<meta property=\"og:description\" content=\"Notre service va bien au-del\u00e0 des stanstards Nous nous engageons \u00e0 fournir des services d\u2019ing\u00e9nierie haut de gamme, de la pr\u00e9-vente jusqu\u2019au lancement de votre installation, sans oublier la maintenance classique qui permet d\u2019offrir une longue dur\u00e9e de vie aux installations de nos clients. Plus de 15% de nos collaborateurs sont affect\u00e9s en permanence aux...Read More\" \/>\n<meta property=\"og:url\" content=\"https:\/\/vipgo.atsautomation.com\/iwk-de\/fr\/  \/servicefr\/\" \/>\n<meta property=\"og:site_name\" content=\"Innovative And Customized Manufacturing Solutions\" \/>\n<meta property=\"article:modified_time\" content=\"2021-02-26T14:44:58+00:00\" \/>\n<meta property=\"og:image\" content=\"https:\/\/vipgo.atsautomation.com\/iwk-de\/%20%20\/wp-content\/uploads\/sites\/22\/2021\/01\/service.jpg\" \/>\n\t<meta property=\"og:image:width\" content=\"1901\" \/>\n\t<meta property=\"og:image:height\" content=\"725\" \/>\n\t<meta property=\"og:image:type\" content=\"image\/jpeg\" \/>\n<meta name=\"twitter:card\" content=\"summary_large_image\" \/>\n<meta name=\"twitter:label1\" content=\"Dur\u00e9e de lecture estim\u00e9e\" \/>\n\t<meta name=\"twitter:data1\" content=\"1 minute\" \/>\n<script type=\"application\/ld+json\" class=\"yoast-schema-graph\">{\"@context\":\"https:\/\/schema.org\",\"@graph\":[{\"@type\":\"WebPage\",\"@id\":\"https:\/\/vipgo.atsautomation.com\/iwk-de\/fr\/%20%20\/servicefr\/\",\"url\":\"https:\/\/vipgo.atsautomation.com\/iwk-de\/fr\/%20%20\/servicefr\/\",\"name\":\"SERVICE - Innovative And Customized Manufacturing Solutions\",\"isPartOf\":{\"@id\":\"https:\/\/vipgo.atsautomation.com\/iwk-de\/%20%20\/#website\"},\"primaryImageOfPage\":{\"@id\":\"https:\/\/vipgo.atsautomation.com\/iwk-de\/fr\/%20%20\/servicefr\/#primaryimage\"},\"image\":{\"@id\":\"https:\/\/vipgo.atsautomation.com\/iwk-de\/fr\/%20%20\/servicefr\/#primaryimage\"},\"thumbnailUrl\":\"https:\/\/vipgo.atsautomation.com\/iwk-de\/%20%20\/wp-content\/uploads\/sites\/22\/2021\/01\/service.jpg\",\"datePublished\":\"2021-01-06T20:56:16+00:00\",\"dateModified\":\"2021-02-26T14:44:58+00:00\",\"breadcrumb\":{\"@id\":\"https:\/\/vipgo.atsautomation.com\/iwk-de\/fr\/%20%20\/servicefr\/#breadcrumb\"},\"inLanguage\":\"fr-FR\",\"potentialAction\":[{\"@type\":\"ReadAction\",\"target\":[\"https:\/\/vipgo.atsautomation.com\/iwk-de\/fr\/%20%20\/servicefr\/\"]}]},{\"@type\":\"ImageObject\",\"inLanguage\":\"fr-FR\",\"@id\":\"https:\/\/vipgo.atsautomation.com\/iwk-de\/fr\/%20%20\/servicefr\/#primaryimage\",\"url\":\"https:\/\/vipgo.atsautomation.com\/iwk-de\/%20%20\/wp-content\/uploads\/sites\/22\/2021\/01\/service.jpg\",\"contentUrl\":\"https:\/\/vipgo.atsautomation.com\/iwk-de\/%20%20\/wp-content\/uploads\/sites\/22\/2021\/01\/service.jpg\",\"width\":1901,\"height\":725},{\"@type\":\"BreadcrumbList\",\"@id\":\"https:\/\/vipgo.atsautomation.com\/iwk-de\/fr\/%20%20\/servicefr\/#breadcrumb\",\"itemListElement\":[{\"@type\":\"ListItem\",\"position\":1,\"name\":\"HOME\",\"item\":\"https:\/\/vipgo.atsautomation.com\/iwk-de\/fr\/%20%20\/\"},{\"@type\":\"ListItem\",\"position\":2,\"name\":\"SERVICE\"}]},{\"@type\":\"WebSite\",\"@id\":\"https:\/\/vipgo.atsautomation.com\/iwk-de\/%20%20\/#website\",\"url\":\"https:\/\/vipgo.atsautomation.com\/iwk-de\/%20%20\/\",\"name\":\"Innovative And Customized Manufacturing Solutions\",\"description\":\"\",\"publisher\":{\"@id\":\"https:\/\/vipgo.atsautomation.com\/iwk-de\/%20%20\/#organization\"},\"potentialAction\":[{\"@type\":\"SearchAction\",\"target\":{\"@type\":\"EntryPoint\",\"urlTemplate\":\"https:\/\/vipgo.atsautomation.com\/iwk-de\/%20%20\/?s={search_term_string}\"},\"query-input\":{\"@type\":\"PropertyValueSpecification\",\"valueRequired\":true,\"valueName\":\"search_term_string\"}}],\"inLanguage\":\"fr-FR\"},{\"@type\":\"Organization\",\"@id\":\"https:\/\/vipgo.atsautomation.com\/iwk-de\/%20%20\/#organization\",\"name\":\"Innovative And Customized Manufacturing Solutions\",\"url\":\"https:\/\/vipgo.atsautomation.com\/iwk-de\/%20%20\/\",\"logo\":{\"@type\":\"ImageObject\",\"inLanguage\":\"fr-FR\",\"@id\":\"https:\/\/vipgo.atsautomation.com\/iwk-de\/%20%20\/#\/schema\/logo\/image\/\",\"url\":\"https:\/\/vipgo.atsautomation.com\/iwk-de\/%20%20\/wp-content\/uploads\/sites\/22\/2023\/02\/LOGO_IWK_4c_Size_2.png\",\"contentUrl\":\"https:\/\/vipgo.atsautomation.com\/iwk-de\/%20%20\/wp-content\/uploads\/sites\/22\/2023\/02\/LOGO_IWK_4c_Size_2.png\",\"width\":238,\"height\":137,\"caption\":\"Innovative And Customized Manufacturing Solutions\"},\"image\":{\"@id\":\"https:\/\/vipgo.atsautomation.com\/iwk-de\/%20%20\/#\/schema\/logo\/image\/\"}}]}<\/script>\n<!-- \/ Yoast SEO Premium plugin. -->","yoast_head_json":{"title":"SERVICE - Innovative And Customized Manufacturing Solutions","robots":{"index":"index","follow":"follow","max-snippet":"max-snippet:-1","max-image-preview":"max-image-preview:large","max-video-preview":"max-video-preview:-1"},"canonical":"https:\/\/vipgo.atsautomation.com\/iwk-de\/fr\/  \/servicefr\/","og_locale":"fr_FR","og_type":"article","og_title":"SERVICE","og_description":"Notre service va bien au-del\u00e0 des stanstards Nous nous engageons \u00e0 fournir des services d\u2019ing\u00e9nierie haut de gamme, de la pr\u00e9-vente jusqu\u2019au lancement de votre installation, sans oublier la maintenance classique qui permet d\u2019offrir une longue dur\u00e9e de vie aux installations de nos clients. Plus de 15% de nos collaborateurs sont affect\u00e9s en permanence aux...Read More","og_url":"https:\/\/vipgo.atsautomation.com\/iwk-de\/fr\/  \/servicefr\/","og_site_name":"Innovative And Customized Manufacturing Solutions","article_modified_time":"2021-02-26T14:44:58+00:00","og_image":[{"width":1901,"height":725,"url":"https:\/\/vipgo.atsautomation.com\/iwk-de\/%20%20\/wp-content\/uploads\/sites\/22\/2021\/01\/service.jpg","type":"image\/jpeg"}],"twitter_card":"summary_large_image","twitter_misc":{"Dur\u00e9e de lecture estim\u00e9e":"1 minute"},"schema":{"@context":"https:\/\/schema.org","@graph":[{"@type":"WebPage","@id":"https:\/\/vipgo.atsautomation.com\/iwk-de\/fr\/%20%20\/servicefr\/","url":"https:\/\/vipgo.atsautomation.com\/iwk-de\/fr\/%20%20\/servicefr\/","name":"SERVICE - Innovative And Customized Manufacturing Solutions","isPartOf":{"@id":"https:\/\/vipgo.atsautomation.com\/iwk-de\/%20%20\/#website"},"primaryImageOfPage":{"@id":"https:\/\/vipgo.atsautomation.com\/iwk-de\/fr\/%20%20\/servicefr\/#primaryimage"},"image":{"@id":"https:\/\/vipgo.atsautomation.com\/iwk-de\/fr\/%20%20\/servicefr\/#primaryimage"},"thumbnailUrl":"https:\/\/vipgo.atsautomation.com\/iwk-de\/%20%20\/wp-content\/uploads\/sites\/22\/2021\/01\/service.jpg","datePublished":"2021-01-06T20:56:16+00:00","dateModified":"2021-02-26T14:44:58+00:00","breadcrumb":{"@id":"https:\/\/vipgo.atsautomation.com\/iwk-de\/fr\/%20%20\/servicefr\/#breadcrumb"},"inLanguage":"fr-FR","potentialAction":[{"@type":"ReadAction","target":["https:\/\/vipgo.atsautomation.com\/iwk-de\/fr\/%20%20\/servicefr\/"]}]},{"@type":"ImageObject","inLanguage":"fr-FR","@id":"https:\/\/vipgo.atsautomation.com\/iwk-de\/fr\/%20%20\/servicefr\/#primaryimage","url":"https:\/\/vipgo.atsautomation.com\/iwk-de\/%20%20\/wp-content\/uploads\/sites\/22\/2021\/01\/service.jpg","contentUrl":"https:\/\/vipgo.atsautomation.com\/iwk-de\/%20%20\/wp-content\/uploads\/sites\/22\/2021\/01\/service.jpg","width":1901,"height":725},{"@type":"BreadcrumbList","@id":"https:\/\/vipgo.atsautomation.com\/iwk-de\/fr\/%20%20\/servicefr\/#breadcrumb","itemListElement":[{"@type":"ListItem","position":1,"name":"HOME","item":"https:\/\/vipgo.atsautomation.com\/iwk-de\/fr\/%20%20\/"},{"@type":"ListItem","position":2,"name":"SERVICE"}]},{"@type":"WebSite","@id":"https:\/\/vipgo.atsautomation.com\/iwk-de\/%20%20\/#website","url":"https:\/\/vipgo.atsautomation.com\/iwk-de\/%20%20\/","name":"Innovative And Customized Manufacturing Solutions","description":"","publisher":{"@id":"https:\/\/vipgo.atsautomation.com\/iwk-de\/%20%20\/#organization"},"potentialAction":[{"@type":"SearchAction","target":{"@type":"EntryPoint","urlTemplate":"https:\/\/vipgo.atsautomation.com\/iwk-de\/%20%20\/?s={search_term_string}"},"query-input":{"@type":"PropertyValueSpecification","valueRequired":true,"valueName":"search_term_string"}}],"inLanguage":"fr-FR"},{"@type":"Organization","@id":"https:\/\/vipgo.atsautomation.com\/iwk-de\/%20%20\/#organization","name":"Innovative And Customized Manufacturing Solutions","url":"https:\/\/vipgo.atsautomation.com\/iwk-de\/%20%20\/","logo":{"@type":"ImageObject","inLanguage":"fr-FR","@id":"https:\/\/vipgo.atsautomation.com\/iwk-de\/%20%20\/#\/schema\/logo\/image\/","url":"https:\/\/vipgo.atsautomation.com\/iwk-de\/%20%20\/wp-content\/uploads\/sites\/22\/2023\/02\/LOGO_IWK_4c_Size_2.png","contentUrl":"https:\/\/vipgo.atsautomation.com\/iwk-de\/%20%20\/wp-content\/uploads\/sites\/22\/2023\/02\/LOGO_IWK_4c_Size_2.png","width":238,"height":137,"caption":"Innovative And Customized Manufacturing Solutions"},"image":{"@id":"https:\/\/vipgo.atsautomation.com\/iwk-de\/%20%20\/#\/schema\/logo\/image\/"}}]}},"jetpack_sharing_enabled":true,"_links":{"self":[{"href":"https:\/\/vipgo.atsautomation.com\/iwk-de\/fr\/%20%20\/wp-json\/wp\/v2\/pages\/2816","targetHints":{"allow":["GET"]}}],"collection":[{"href":"https:\/\/vipgo.atsautomation.com\/iwk-de\/fr\/%20%20\/wp-json\/wp\/v2\/pages"}],"about":[{"href":"https:\/\/vipgo.atsautomation.com\/iwk-de\/fr\/%20%20\/wp-json\/wp\/v2\/types\/page"}],"author":[{"embeddable":true,"href":"https:\/\/vipgo.atsautomation.com\/iwk-de\/fr\/%20%20\/wp-json\/wp\/v2\/users\/63"}],"replies":[{"embeddable":true,"href":"https:\/\/vipgo.atsautomation.com\/iwk-de\/fr\/%20%20\/wp-json\/wp\/v2\/comments?post=2816"}],"version-history":[{"count":6,"href":"https:\/\/vipgo.atsautomation.com\/iwk-de\/fr\/%20%20\/wp-json\/wp\/v2\/pages\/2816\/revisions"}],"predecessor-version":[{"id":5215,"href":"https:\/\/vipgo.atsautomation.com\/iwk-de\/fr\/%20%20\/wp-json\/wp\/v2\/pages\/2816\/revisions\/5215"}],"wp:featuredmedia":[{"embeddable":true,"href":"https:\/\/vipgo.atsautomation.com\/iwk-de\/fr\/%20%20\/wp-json\/wp\/v2\/media\/2103"}],"wp:attachment":[{"href":"https:\/\/vipgo.atsautomation.com\/iwk-de\/fr\/%20%20\/wp-json\/wp\/v2\/media?parent=2816"}],"curies":[{"name":"wp","href":"https:\/\/api.w.org\/{rel}","templated":true}]}}