{"id":2823,"date":"2021-01-11T19:32:35","date_gmt":"2021-01-11T19:32:35","guid":{"rendered":"https:\/\/iwk.de\/?page_id=2823"},"modified":"2021-12-09T14:37:29","modified_gmt":"2021-12-09T14:37:29","slug":"technologies","status":"publish","type":"page","link":"https:\/\/vipgo.atsautomation.com\/iwk-de\/fr\/%20%20\/servicefr\/technologies\/","title":{"rendered":"TECHNOLOGIES"},"content":{"rendered":"<div class=\"glance-second\">\n<div class=\"home-main row\"><span><span><a href=\"https:\/\/vipgo.atsautomation.com\/iwk-de\/fr\/%20%20\/\">HOME<\/a><\/span><\/span><\/p>\n<details>\n<summary>TRANSFORMATIONS ET MISES \u00c0 NIVEAU<\/summary>\n<div class=\"faq__content\">\n<h4>Transformations<\/h4>\n<ul>\n<li>Flexibilit\u00e9 accrue de l\u2019installation en \u00e9tendant la gamme de produits et les formats d\u2019emballage<\/li>\n<li>Mise \u00e0 disposition de nouveaux composants et outils pour les nouveaux formats et tailles d\u2019emballages<\/li>\n<li>Mise en \u0153uvre de toutes les adaptations n\u00e9cessaires de l\u2019installation (p.\u00a0ex., entra\u00eenement principal)<\/li>\n<li>R\u00e9alisation d\u2019essais avec le nouveau mat\u00e9riau d\u2019emballage afin d\u2019assurer la cadence de production<\/li>\n<\/ul>\n<h4>Mises \u00e0 jour<\/h4>\n<p>Extensions des fonctionnalit\u00e9s d\u2019installations existantes (p.ex. remplacement de l\u2019entra\u00eenement principal m\u00e9canique existant par un servomoteur)<\/p>\n<ul>\n<li>Modifications de l\u2019\u00e9quipement par IWK<\/li>\n<li>Mise \u00e0 niveau technique conform\u00e9ment aux sp\u00e9cifications du client<\/li>\n<li>Modifications conform\u00e9ment aux exigences de la certification\u00a0CE (le cas \u00e9ch\u00e9ant)<\/li>\n<li>Documentation sp\u00e9cifique de la machine des pi\u00e8ces transform\u00e9es\/modifications<\/li>\n<li>Garantie OEM (fabricant d\u2019origine) pour toutes les am\u00e9liorations technologiques<\/li>\n<li>Service d\u2019assistance complet comme pour les machines neuves\n<ul>\n<li>Mise en service et formation comme pour les machines neuves<\/li>\n<li>Approvisionnement en pi\u00e8ces de rechange garanti pour au moins 10\u00a0ans<\/li>\n<\/ul>\n<\/li>\n<li>Aucun compromis en mati\u00e8re de qualit\u00e9<\/li>\n<\/ul>\n<p><a class=\"downloadLink\" href=\"https:\/\/iwk.de\/wp-content\/uploads\/sites\/22\/2021\/12\/2021-12-07-IWK_SERVICE_Upgrade_Catalogue.pdf\" target=\"_blank\" rel=\"noopener\">En savoir plus dans Catalogue des mises \u00e0 niveau<\/a><\/p>\n<\/div>\n<\/details>\n<details>\n<summary>GESTION DE L&rsquo;OBSOLESCENCE<\/summary>\n<div class=\"faq__content\">\n<p>Les services de gestion de l\u2019obsolescence fournis par IWK vous permettent de vous assurer que les machines d\u2019emballage qui fonctionnent depuis de nombreuses ann\u00e9es continuent de vous fournir de hautes performances \u00e0 l\u2019avenir. Une mise \u00e0 niveau de la commande individuelle et sp\u00e9cifique du client permet de prolonger la dur\u00e9e de vie de votre installation, tout en s\u2019assurant que les pi\u00e8ces de rechange requises restent disponibles \u00e0 l\u2019avenir. D\u2019anciennes machines rel\u00e8vent de nouveaux d\u00e9fis gr\u00e2ce \u00e0 la mise \u00e0 niveau de derni\u00e8re g\u00e9n\u00e9ration.<\/p>\n<h4>Vos avantages:<\/h4>\n<ul>\n<li>Prolongation de la dur\u00e9e de vie de votre machine<\/li>\n<li>Minimisation du risque d\u2019interruption de la production<\/li>\n<li>Garantie de la disponibilit\u00e9 des pi\u00e8ces de rechange<\/li>\n<li>Technologies de s\u00e9curit\u00e9 et de commande actuelles avec de nouvelles fonctionnalit\u00e9s<\/li>\n<li>Extension des fonctionnalit\u00e9s de la machine<\/li>\n<li>Mise \u00e0 disposition de la documentation du fabricant d\u2019origine<\/li>\n<li>Aide \u00e0 la qualification<\/li>\n<\/ul>\n<p><a class=\"downloadLink\" href=\"https:\/\/iwk.de\/wp-content\/uploads\/sites\/22\/2021\/02\/20200422_LY_Flyer_ObsolescenceManagement_EN.pdf\" target=\"_blank\" rel=\"noopener\">En savoir plus dans notre brochure sur la gestion de l&rsquo;obsolescence<\/a><\/p>\n<h4>Proc\u00e9dure:<\/h4>\n<p><img loading=\"lazy\" decoding=\"async\" class=\"alignleft size-full wp-image-930\" src=\"https:\/\/iwk.de\/wp-content\/uploads\/sites\/22\/2021\/02\/obsolescence_management_1_fr_.png\" alt=\"\" width=\"1190\" height=\"130\" \/><\/p>\n<\/div>\n<\/details>\n<details>\n<summary>CENTRE DES PI\u00c8CES DE FORMAT<\/summary>\n<div class=\"faq__content\">\n<p>Le centre des pi\u00e8ces de format (FPC) d\u2019IWK associe nos longues ann\u00e9es d\u2019exp\u00e9rience et nos comp\u00e9tences dans la conception et la fabrication des pi\u00e8ces de format. Au FPC, toutes les pi\u00e8ces de format pour les nouvelles machines ainsi que pour les projets de transformation sont centralis\u00e9es et adapt\u00e9es de fa\u00e7on individuelle aux exigences sp\u00e9cifiques du produit. Notre centre des pi\u00e8ces de format se distingue \u00e9galement par les qualit\u00e9s suivantes:<\/p>\n<ul>\n<li>Nombreuses ann\u00e9es d\u2019exp\u00e9rience et normes de qualit\u00e9 maximales<\/li>\n<li>Sp\u00e9cialistes d\u00e9di\u00e9s aux pi\u00e8ces de format<\/li>\n<li>Construction et fabrication internes<\/li>\n<li>Pi\u00e8ces de format propres aux clients dot\u00e9es d\u2019une pr\u00e9cision maximale<\/li>\n<li>Flexibilit\u00e9 \u00e9lev\u00e9e pour r\u00e9pondre aux nouvelles exigences du produit\/du march\u00e9<\/li>\n<li>Courtes dur\u00e9es de livraison et de traitement<\/li>\n<\/ul>\n<\/div>\n<p><a class=\"downloadLink\" href=\"https:\/\/iwk.de\/wp-content\/uploads\/sites\/22\/2021\/02\/FPC_Presentation_final_EN.pdf\" target=\"_blank\" rel=\"noopener\">En savoir plus dans la pr\u00e9sentation du FPC<\/a><\/p>\n<p>&nbsp;<\/p>\n<\/details>\n<p>&nbsp;<\/p>\n<p><a class=\"backLink\" style=\"margin-top: 10px;\" href=\"https:\/\/iwk.de\/fr\/servicefr\/\" target=\"_self\" rel=\"noopener\">RETOUR VERS \u201eSERVICE\u201c<\/a><\/p>\n<\/div>\n<\/div>\n","protected":false},"excerpt":{"rendered":"<p>TRANSFORMATIONS ET MISES \u00c0 NIVEAU Transformations Flexibilit\u00e9 accrue de l\u2019installation en \u00e9tendant la gamme de produits et les formats d\u2019emballage Mise \u00e0 disposition de nouveaux composants et outils pour les nouveaux formats et tailles d\u2019emballages Mise en \u0153uvre de toutes les adaptations n\u00e9cessaires de l\u2019installation (p.\u00a0ex., entra\u00eenement principal) R\u00e9alisation d\u2019essais avec le nouveau mat\u00e9riau d\u2019emballage&#8230;<\/p>\n<div class=\"post-button\"><a href=\"https:\/\/vipgo.atsautomation.com\/iwk-de\/fr\/%20%20\/servicefr\/technologies\/\">Read More<\/a><\/div>\n","protected":false},"author":63,"featured_media":2103,"parent":2816,"menu_order":0,"comment_status":"closed","ping_status":"closed","template":"","meta":{"inline_featured_image":false,"footnotes":""},"class_list":["post-2823","page","type-page","status-publish","has-post-thumbnail","hentry"],"yoast_head":"<!-- This site is optimized with the Yoast SEO Premium plugin v26.8 (Yoast SEO v26.8) - https:\/\/yoast.com\/product\/yoast-seo-premium-wordpress\/ -->\n<title>TECHNOLOGIES - Innovative And Customized Manufacturing Solutions<\/title>\n<meta name=\"robots\" content=\"index, follow, max-snippet:-1, max-image-preview:large, max-video-preview:-1\" \/>\n<link rel=\"canonical\" href=\"https:\/\/vipgo.atsautomation.com\/iwk-de\/fr\/%20%20\/servicefr\/technologies\/\" \/>\n<meta property=\"og:locale\" content=\"fr_FR\" \/>\n<meta property=\"og:type\" content=\"article\" \/>\n<meta property=\"og:title\" content=\"TECHNOLOGIES\" \/>\n<meta property=\"og:description\" content=\"TRANSFORMATIONS ET MISES \u00c0 NIVEAU Transformations Flexibilit\u00e9 accrue de l\u2019installation en \u00e9tendant la gamme de produits et les formats d\u2019emballage Mise \u00e0 disposition de nouveaux composants et outils pour les nouveaux formats et tailles d\u2019emballages Mise en \u0153uvre de toutes les adaptations n\u00e9cessaires de l\u2019installation (p.\u00a0ex., entra\u00eenement principal) R\u00e9alisation d\u2019essais avec le nouveau mat\u00e9riau d\u2019emballage...Read More\" \/>\n<meta property=\"og:url\" content=\"https:\/\/vipgo.atsautomation.com\/iwk-de\/fr\/  \/servicefr\/technologies\/\" \/>\n<meta property=\"og:site_name\" content=\"Innovative And Customized Manufacturing Solutions\" \/>\n<meta property=\"article:modified_time\" content=\"2021-12-09T14:37:29+00:00\" \/>\n<meta property=\"og:image\" content=\"https:\/\/vipgo.atsautomation.com\/iwk-de\/%20%20\/wp-content\/uploads\/sites\/22\/2021\/01\/service.jpg\" \/>\n\t<meta property=\"og:image:width\" content=\"1901\" \/>\n\t<meta property=\"og:image:height\" content=\"725\" \/>\n\t<meta property=\"og:image:type\" content=\"image\/jpeg\" \/>\n<meta name=\"twitter:card\" content=\"summary_large_image\" \/>\n<meta name=\"twitter:label1\" content=\"Dur\u00e9e de lecture estim\u00e9e\" \/>\n\t<meta name=\"twitter:data1\" content=\"3 minutes\" \/>\n<script type=\"application\/ld+json\" class=\"yoast-schema-graph\">{\"@context\":\"https:\/\/schema.org\",\"@graph\":[{\"@type\":\"WebPage\",\"@id\":\"https:\/\/vipgo.atsautomation.com\/iwk-de\/fr\/%20%20\/servicefr\/technologies\/\",\"url\":\"https:\/\/vipgo.atsautomation.com\/iwk-de\/fr\/%20%20\/servicefr\/technologies\/\",\"name\":\"TECHNOLOGIES - Innovative And Customized Manufacturing Solutions\",\"isPartOf\":{\"@id\":\"https:\/\/vipgo.atsautomation.com\/iwk-de\/%20%20\/#website\"},\"primaryImageOfPage\":{\"@id\":\"https:\/\/vipgo.atsautomation.com\/iwk-de\/fr\/%20%20\/servicefr\/technologies\/#primaryimage\"},\"image\":{\"@id\":\"https:\/\/vipgo.atsautomation.com\/iwk-de\/fr\/%20%20\/servicefr\/technologies\/#primaryimage\"},\"thumbnailUrl\":\"https:\/\/vipgo.atsautomation.com\/iwk-de\/%20%20\/wp-content\/uploads\/sites\/22\/2021\/01\/service.jpg\",\"datePublished\":\"2021-01-11T19:32:35+00:00\",\"dateModified\":\"2021-12-09T14:37:29+00:00\",\"breadcrumb\":{\"@id\":\"https:\/\/vipgo.atsautomation.com\/iwk-de\/fr\/%20%20\/servicefr\/technologies\/#breadcrumb\"},\"inLanguage\":\"fr-FR\",\"potentialAction\":[{\"@type\":\"ReadAction\",\"target\":[\"https:\/\/vipgo.atsautomation.com\/iwk-de\/fr\/%20%20\/servicefr\/technologies\/\"]}]},{\"@type\":\"ImageObject\",\"inLanguage\":\"fr-FR\",\"@id\":\"https:\/\/vipgo.atsautomation.com\/iwk-de\/fr\/%20%20\/servicefr\/technologies\/#primaryimage\",\"url\":\"https:\/\/vipgo.atsautomation.com\/iwk-de\/%20%20\/wp-content\/uploads\/sites\/22\/2021\/01\/service.jpg\",\"contentUrl\":\"https:\/\/vipgo.atsautomation.com\/iwk-de\/%20%20\/wp-content\/uploads\/sites\/22\/2021\/01\/service.jpg\",\"width\":1901,\"height\":725},{\"@type\":\"BreadcrumbList\",\"@id\":\"https:\/\/vipgo.atsautomation.com\/iwk-de\/fr\/%20%20\/servicefr\/technologies\/#breadcrumb\",\"itemListElement\":[{\"@type\":\"ListItem\",\"position\":1,\"name\":\"HOME\",\"item\":\"https:\/\/vipgo.atsautomation.com\/iwk-de\/fr\/%20%20\/\"},{\"@type\":\"ListItem\",\"position\":2,\"name\":\"SERVICE\",\"item\":\"https:\/\/vipgo.atsautomation.com\/iwk-de\/fr\/%20%20\/servicefr\/\"},{\"@type\":\"ListItem\",\"position\":3,\"name\":\"TECHNOLOGIES\"}]},{\"@type\":\"WebSite\",\"@id\":\"https:\/\/vipgo.atsautomation.com\/iwk-de\/%20%20\/#website\",\"url\":\"https:\/\/vipgo.atsautomation.com\/iwk-de\/%20%20\/\",\"name\":\"Innovative And Customized Manufacturing Solutions\",\"description\":\"\",\"publisher\":{\"@id\":\"https:\/\/vipgo.atsautomation.com\/iwk-de\/%20%20\/#organization\"},\"potentialAction\":[{\"@type\":\"SearchAction\",\"target\":{\"@type\":\"EntryPoint\",\"urlTemplate\":\"https:\/\/vipgo.atsautomation.com\/iwk-de\/%20%20\/?s={search_term_string}\"},\"query-input\":{\"@type\":\"PropertyValueSpecification\",\"valueRequired\":true,\"valueName\":\"search_term_string\"}}],\"inLanguage\":\"fr-FR\"},{\"@type\":\"Organization\",\"@id\":\"https:\/\/vipgo.atsautomation.com\/iwk-de\/%20%20\/#organization\",\"name\":\"Innovative And Customized Manufacturing Solutions\",\"url\":\"https:\/\/vipgo.atsautomation.com\/iwk-de\/%20%20\/\",\"logo\":{\"@type\":\"ImageObject\",\"inLanguage\":\"fr-FR\",\"@id\":\"https:\/\/vipgo.atsautomation.com\/iwk-de\/%20%20\/#\/schema\/logo\/image\/\",\"url\":\"https:\/\/vipgo.atsautomation.com\/iwk-de\/%20%20\/wp-content\/uploads\/sites\/22\/2023\/02\/LOGO_IWK_4c_Size_2.png\",\"contentUrl\":\"https:\/\/vipgo.atsautomation.com\/iwk-de\/%20%20\/wp-content\/uploads\/sites\/22\/2023\/02\/LOGO_IWK_4c_Size_2.png\",\"width\":238,\"height\":137,\"caption\":\"Innovative And Customized Manufacturing Solutions\"},\"image\":{\"@id\":\"https:\/\/vipgo.atsautomation.com\/iwk-de\/%20%20\/#\/schema\/logo\/image\/\"}}]}<\/script>\n<!-- \/ Yoast SEO Premium plugin. -->","yoast_head_json":{"title":"TECHNOLOGIES - Innovative And Customized Manufacturing Solutions","robots":{"index":"index","follow":"follow","max-snippet":"max-snippet:-1","max-image-preview":"max-image-preview:large","max-video-preview":"max-video-preview:-1"},"canonical":"https:\/\/vipgo.atsautomation.com\/iwk-de\/fr\/  \/servicefr\/technologies\/","og_locale":"fr_FR","og_type":"article","og_title":"TECHNOLOGIES","og_description":"TRANSFORMATIONS ET MISES \u00c0 NIVEAU Transformations Flexibilit\u00e9 accrue de l\u2019installation en \u00e9tendant la gamme de produits et les formats d\u2019emballage Mise \u00e0 disposition de nouveaux composants et outils pour les nouveaux formats et tailles d\u2019emballages Mise en \u0153uvre de toutes les adaptations n\u00e9cessaires de l\u2019installation (p.\u00a0ex., entra\u00eenement principal) R\u00e9alisation d\u2019essais avec le nouveau mat\u00e9riau d\u2019emballage...Read More","og_url":"https:\/\/vipgo.atsautomation.com\/iwk-de\/fr\/  \/servicefr\/technologies\/","og_site_name":"Innovative And Customized Manufacturing Solutions","article_modified_time":"2021-12-09T14:37:29+00:00","og_image":[{"width":1901,"height":725,"url":"https:\/\/vipgo.atsautomation.com\/iwk-de\/%20%20\/wp-content\/uploads\/sites\/22\/2021\/01\/service.jpg","type":"image\/jpeg"}],"twitter_card":"summary_large_image","twitter_misc":{"Dur\u00e9e de lecture estim\u00e9e":"3 minutes"},"schema":{"@context":"https:\/\/schema.org","@graph":[{"@type":"WebPage","@id":"https:\/\/vipgo.atsautomation.com\/iwk-de\/fr\/%20%20\/servicefr\/technologies\/","url":"https:\/\/vipgo.atsautomation.com\/iwk-de\/fr\/%20%20\/servicefr\/technologies\/","name":"TECHNOLOGIES - Innovative And Customized Manufacturing Solutions","isPartOf":{"@id":"https:\/\/vipgo.atsautomation.com\/iwk-de\/%20%20\/#website"},"primaryImageOfPage":{"@id":"https:\/\/vipgo.atsautomation.com\/iwk-de\/fr\/%20%20\/servicefr\/technologies\/#primaryimage"},"image":{"@id":"https:\/\/vipgo.atsautomation.com\/iwk-de\/fr\/%20%20\/servicefr\/technologies\/#primaryimage"},"thumbnailUrl":"https:\/\/vipgo.atsautomation.com\/iwk-de\/%20%20\/wp-content\/uploads\/sites\/22\/2021\/01\/service.jpg","datePublished":"2021-01-11T19:32:35+00:00","dateModified":"2021-12-09T14:37:29+00:00","breadcrumb":{"@id":"https:\/\/vipgo.atsautomation.com\/iwk-de\/fr\/%20%20\/servicefr\/technologies\/#breadcrumb"},"inLanguage":"fr-FR","potentialAction":[{"@type":"ReadAction","target":["https:\/\/vipgo.atsautomation.com\/iwk-de\/fr\/%20%20\/servicefr\/technologies\/"]}]},{"@type":"ImageObject","inLanguage":"fr-FR","@id":"https:\/\/vipgo.atsautomation.com\/iwk-de\/fr\/%20%20\/servicefr\/technologies\/#primaryimage","url":"https:\/\/vipgo.atsautomation.com\/iwk-de\/%20%20\/wp-content\/uploads\/sites\/22\/2021\/01\/service.jpg","contentUrl":"https:\/\/vipgo.atsautomation.com\/iwk-de\/%20%20\/wp-content\/uploads\/sites\/22\/2021\/01\/service.jpg","width":1901,"height":725},{"@type":"BreadcrumbList","@id":"https:\/\/vipgo.atsautomation.com\/iwk-de\/fr\/%20%20\/servicefr\/technologies\/#breadcrumb","itemListElement":[{"@type":"ListItem","position":1,"name":"HOME","item":"https:\/\/vipgo.atsautomation.com\/iwk-de\/fr\/%20%20\/"},{"@type":"ListItem","position":2,"name":"SERVICE","item":"https:\/\/vipgo.atsautomation.com\/iwk-de\/fr\/%20%20\/servicefr\/"},{"@type":"ListItem","position":3,"name":"TECHNOLOGIES"}]},{"@type":"WebSite","@id":"https:\/\/vipgo.atsautomation.com\/iwk-de\/%20%20\/#website","url":"https:\/\/vipgo.atsautomation.com\/iwk-de\/%20%20\/","name":"Innovative And Customized Manufacturing Solutions","description":"","publisher":{"@id":"https:\/\/vipgo.atsautomation.com\/iwk-de\/%20%20\/#organization"},"potentialAction":[{"@type":"SearchAction","target":{"@type":"EntryPoint","urlTemplate":"https:\/\/vipgo.atsautomation.com\/iwk-de\/%20%20\/?s={search_term_string}"},"query-input":{"@type":"PropertyValueSpecification","valueRequired":true,"valueName":"search_term_string"}}],"inLanguage":"fr-FR"},{"@type":"Organization","@id":"https:\/\/vipgo.atsautomation.com\/iwk-de\/%20%20\/#organization","name":"Innovative And Customized Manufacturing Solutions","url":"https:\/\/vipgo.atsautomation.com\/iwk-de\/%20%20\/","logo":{"@type":"ImageObject","inLanguage":"fr-FR","@id":"https:\/\/vipgo.atsautomation.com\/iwk-de\/%20%20\/#\/schema\/logo\/image\/","url":"https:\/\/vipgo.atsautomation.com\/iwk-de\/%20%20\/wp-content\/uploads\/sites\/22\/2023\/02\/LOGO_IWK_4c_Size_2.png","contentUrl":"https:\/\/vipgo.atsautomation.com\/iwk-de\/%20%20\/wp-content\/uploads\/sites\/22\/2023\/02\/LOGO_IWK_4c_Size_2.png","width":238,"height":137,"caption":"Innovative And Customized Manufacturing Solutions"},"image":{"@id":"https:\/\/vipgo.atsautomation.com\/iwk-de\/%20%20\/#\/schema\/logo\/image\/"}}]}},"jetpack_sharing_enabled":true,"_links":{"self":[{"href":"https:\/\/vipgo.atsautomation.com\/iwk-de\/fr\/%20%20\/wp-json\/wp\/v2\/pages\/2823","targetHints":{"allow":["GET"]}}],"collection":[{"href":"https:\/\/vipgo.atsautomation.com\/iwk-de\/fr\/%20%20\/wp-json\/wp\/v2\/pages"}],"about":[{"href":"https:\/\/vipgo.atsautomation.com\/iwk-de\/fr\/%20%20\/wp-json\/wp\/v2\/types\/page"}],"author":[{"embeddable":true,"href":"https:\/\/vipgo.atsautomation.com\/iwk-de\/fr\/%20%20\/wp-json\/wp\/v2\/users\/63"}],"replies":[{"embeddable":true,"href":"https:\/\/vipgo.atsautomation.com\/iwk-de\/fr\/%20%20\/wp-json\/wp\/v2\/comments?post=2823"}],"version-history":[{"count":16,"href":"https:\/\/vipgo.atsautomation.com\/iwk-de\/fr\/%20%20\/wp-json\/wp\/v2\/pages\/2823\/revisions"}],"predecessor-version":[{"id":8678,"href":"https:\/\/vipgo.atsautomation.com\/iwk-de\/fr\/%20%20\/wp-json\/wp\/v2\/pages\/2823\/revisions\/8678"}],"up":[{"embeddable":true,"href":"https:\/\/vipgo.atsautomation.com\/iwk-de\/fr\/%20%20\/wp-json\/wp\/v2\/pages\/2816"}],"wp:featuredmedia":[{"embeddable":true,"href":"https:\/\/vipgo.atsautomation.com\/iwk-de\/fr\/%20%20\/wp-json\/wp\/v2\/media\/2103"}],"wp:attachment":[{"href":"https:\/\/vipgo.atsautomation.com\/iwk-de\/fr\/%20%20\/wp-json\/wp\/v2\/media?parent=2823"}],"curies":[{"name":"wp","href":"https:\/\/api.w.org\/{rel}","templated":true}]}}