{"id":2836,"date":"2021-01-12T15:12:42","date_gmt":"2021-01-12T15:12:42","guid":{"rendered":"https:\/\/iwk.de\/?page_id=2836"},"modified":"2021-10-13T14:04:40","modified_gmt":"2021-10-13T14:04:40","slug":"fonctionnement-operationnel","status":"publish","type":"page","link":"https:\/\/vipgo.atsautomation.com\/iwk-de\/fr\/%20%20\/servicefr\/fonctionnement-operationnel\/","title":{"rendered":"FONCTIONNEMENT OP\u00c9RATIONNEL"},"content":{"rendered":"<div class=\"glance-second\">\n<div class=\"home-main row\"><span><span><a href=\"https:\/\/vipgo.atsautomation.com\/iwk-de\/fr\/%20%20\/\">HOME<\/a><\/span><\/span><\/p>\n<details>\n<summary>PI\u00c8CES DE RECHANGE<\/summary>\n<div class=\"faq__content\">\n<h4>Des pi\u00e8ces de rechange d&rsquo;une qualit\u00e9 maximale<\/h4>\n<p>Nos collaborateurs sont r\u00e9guli\u00e8rement form\u00e9s pour r\u00e9pondre aux attentes de nos clients en mati\u00e8re de qualit\u00e9 et de rapidit\u00e9 lors de l\u2019approvisionnement en pi\u00e8ces de rechange. \u00c9tant donn\u00e9 que nos machines et installations sont con\u00e7ues pour une dur\u00e9e de vie maximale, nous proposons tr\u00e8s souvent un approvisionnement en pi\u00e8ces de rechange qui s\u2019\u00e9tend bien au-del\u00e0 de dix ans. Notre gamme de pi\u00e8ces de rechange comprend les pi\u00e8ces suivantes:<\/p>\n<ul>\n<li>Pi\u00e8ces du commerce: pi\u00e8ces standard, p.ex. soupapes, paliers, cha\u00eenes, composants pneumatiques, \u00e9l\u00e9ments d\u2019entra\u00eenement, engrenages<\/li>\n<li>Pi\u00e8ces produites par IWK: pi\u00e8ces complexes, p.ex. outils, pi\u00e8ces de format, arbres d\u2019entra\u00eenement<\/li>\n<li>Sous-groupes: pi\u00e8ces et composants pr\u00e9-assembl\u00e9s, p.ex. station de fermeture, convoyeur<\/li>\n<\/ul>\n<\/div>\n<\/details>\n<details>\n<summary>SERVICES EXTERNES ET T\u00c9L\u00c9MAINTENANCE<\/summary>\n<div class=\"faq__content\">\n<h4>Installation et mise en service<\/h4>\n<ul>\n<li>Installation sur site par un technicien de maintenance form\u00e9<\/li>\n<li>Efficacit\u00e9 de production accrue gr\u00e2ce aux techniciens de maintenance qualifi\u00e9s<\/li>\n<\/ul>\n<h4>Maintenance et r\u00e9parations<\/h4>\n<ul>\n<li>Remplacement des pi\u00e8ces par du personnel sp\u00e9cialis\u00e9<\/li>\n<li>Pi\u00e8ces de rechange garanties<\/li>\n<li>\u00c9valuation compl\u00e8te de l\u2019\u00e9quipement et recommandations en mati\u00e8re de potentiel d\u2019am\u00e9lioration (p. ex. mise \u00e0 niveau)<\/li>\n<li>Assistance en cas d\u2019urgence<\/li>\n<\/ul>\n<h4>T\u00e9l\u00e9maintenance<\/h4>\n<ul>\n<li>Acc\u00e8s en ligne \u00e0 l\u2019unit\u00e9 de commande de la machine<\/li>\n<li>Utilisation des donn\u00e9es pour r\u00e9aliser des analyses de performances (p. ex. ICP)<\/li>\n<li>Recommandations de maintenance et de mises \u00e0 niveau bas\u00e9es sur les donn\u00e9es d\u2019exploitation<\/li>\n<li>R\u00e9alisation de diagnostics \u00e0 distance afin de r\u00e9soudre rapidement les probl\u00e8mes techniques<\/li>\n<li>Les clients profitent de notre exp\u00e9rience \u00e9prouv\u00e9e du secteur et d\u2019une fiabilit\u00e9 maximale de leur installation<\/li>\n<\/ul>\n<\/div>\n<\/details>\n<details>\n<summary>CONTRATS DE MAINTENANCE<\/summary>\n<div class=\"faq__content\">\n<ul>\n<li>Inspections r\u00e9guli\u00e8res de l\u2019installation convenues avec le client<\/li>\n<li>Identification anticip\u00e9e des pi\u00e8ces \u00e0 remplacer et surveillance continue de l\u2019\u00e9tat de l\u2019installation (selon le contrat)<\/li>\n<li>Diminution des temps d\u2019arr\u00eat impr\u00e9vus des machines gr\u00e2ce \u00e0 une maintenance cibl\u00e9e<\/li>\n<li>Recommandations fond\u00e9es de sp\u00e9cialistes dans le meilleur int\u00e9r\u00eat du client et en tenant compte des exigences de production\n<\/ul>\n<\/div>\n<\/details>\n<p>&nbsp;<\/p>\n<p><a class=\"backLink\" href=\"https:\/\/iwk.de\/fr\/servicefr\/\" target=\"_self\" rel=\"noopener\">RETOUR VERS \u201eSERVICE\u201c<\/a><\/p>\n<\/div>\n<\/div>\n","protected":false},"excerpt":{"rendered":"<p>PI\u00c8CES DE RECHANGE Des pi\u00e8ces de rechange d&rsquo;une qualit\u00e9 maximale Nos collaborateurs sont r\u00e9guli\u00e8rement form\u00e9s pour r\u00e9pondre aux attentes de nos clients en mati\u00e8re de qualit\u00e9 et de rapidit\u00e9 lors de l\u2019approvisionnement en pi\u00e8ces de rechange. \u00c9tant donn\u00e9 que nos machines et installations sont con\u00e7ues pour une dur\u00e9e de vie maximale, nous proposons tr\u00e8s souvent&#8230;<\/p>\n<div class=\"post-button\"><a href=\"https:\/\/vipgo.atsautomation.com\/iwk-de\/fr\/%20%20\/servicefr\/fonctionnement-operationnel\/\">Read More<\/a><\/div>\n","protected":false},"author":63,"featured_media":2103,"parent":2816,"menu_order":0,"comment_status":"closed","ping_status":"closed","template":"","meta":{"inline_featured_image":false,"footnotes":""},"class_list":["post-2836","page","type-page","status-publish","has-post-thumbnail","hentry"],"yoast_head":"<!-- This site is optimized with the Yoast SEO Premium plugin v26.8 (Yoast SEO v26.8) - https:\/\/yoast.com\/product\/yoast-seo-premium-wordpress\/ -->\n<title>FONCTIONNEMENT OP\u00c9RATIONNEL - Innovative And Customized Manufacturing Solutions<\/title>\n<meta name=\"robots\" content=\"index, follow, max-snippet:-1, max-image-preview:large, max-video-preview:-1\" \/>\n<link rel=\"canonical\" href=\"https:\/\/vipgo.atsautomation.com\/iwk-de\/fr\/%20%20\/servicefr\/fonctionnement-operationnel\/\" \/>\n<meta property=\"og:locale\" content=\"fr_FR\" \/>\n<meta property=\"og:type\" content=\"article\" \/>\n<meta property=\"og:title\" content=\"FONCTIONNEMENT OP\u00c9RATIONNEL\" \/>\n<meta property=\"og:description\" content=\"PI\u00c8CES DE RECHANGE Des pi\u00e8ces de rechange d&rsquo;une qualit\u00e9 maximale Nos collaborateurs sont r\u00e9guli\u00e8rement form\u00e9s pour r\u00e9pondre aux attentes de nos clients en mati\u00e8re de qualit\u00e9 et de rapidit\u00e9 lors de l\u2019approvisionnement en pi\u00e8ces de rechange. \u00c9tant donn\u00e9 que nos machines et installations sont con\u00e7ues pour une dur\u00e9e de vie maximale, nous proposons tr\u00e8s souvent...Read More\" \/>\n<meta property=\"og:url\" content=\"https:\/\/vipgo.atsautomation.com\/iwk-de\/fr\/  \/servicefr\/fonctionnement-operationnel\/\" \/>\n<meta property=\"og:site_name\" content=\"Innovative And Customized Manufacturing Solutions\" \/>\n<meta property=\"article:modified_time\" content=\"2021-10-13T14:04:40+00:00\" \/>\n<meta property=\"og:image\" content=\"https:\/\/vipgo.atsautomation.com\/iwk-de\/%20%20\/wp-content\/uploads\/sites\/22\/2021\/01\/service.jpg\" \/>\n\t<meta property=\"og:image:width\" content=\"1901\" \/>\n\t<meta property=\"og:image:height\" content=\"725\" \/>\n\t<meta property=\"og:image:type\" content=\"image\/jpeg\" \/>\n<meta name=\"twitter:card\" content=\"summary_large_image\" \/>\n<meta name=\"twitter:label1\" content=\"Dur\u00e9e de lecture estim\u00e9e\" \/>\n\t<meta name=\"twitter:data1\" content=\"2 minutes\" \/>\n<script type=\"application\/ld+json\" class=\"yoast-schema-graph\">{\"@context\":\"https:\/\/schema.org\",\"@graph\":[{\"@type\":\"WebPage\",\"@id\":\"https:\/\/vipgo.atsautomation.com\/iwk-de\/fr\/%20%20\/servicefr\/fonctionnement-operationnel\/\",\"url\":\"https:\/\/vipgo.atsautomation.com\/iwk-de\/fr\/%20%20\/servicefr\/fonctionnement-operationnel\/\",\"name\":\"FONCTIONNEMENT OP\u00c9RATIONNEL - Innovative And Customized Manufacturing Solutions\",\"isPartOf\":{\"@id\":\"https:\/\/vipgo.atsautomation.com\/iwk-de\/%20%20\/#website\"},\"primaryImageOfPage\":{\"@id\":\"https:\/\/vipgo.atsautomation.com\/iwk-de\/fr\/%20%20\/servicefr\/fonctionnement-operationnel\/#primaryimage\"},\"image\":{\"@id\":\"https:\/\/vipgo.atsautomation.com\/iwk-de\/fr\/%20%20\/servicefr\/fonctionnement-operationnel\/#primaryimage\"},\"thumbnailUrl\":\"https:\/\/vipgo.atsautomation.com\/iwk-de\/%20%20\/wp-content\/uploads\/sites\/22\/2021\/01\/service.jpg\",\"datePublished\":\"2021-01-12T15:12:42+00:00\",\"dateModified\":\"2021-10-13T14:04:40+00:00\",\"breadcrumb\":{\"@id\":\"https:\/\/vipgo.atsautomation.com\/iwk-de\/fr\/%20%20\/servicefr\/fonctionnement-operationnel\/#breadcrumb\"},\"inLanguage\":\"fr-FR\",\"potentialAction\":[{\"@type\":\"ReadAction\",\"target\":[\"https:\/\/vipgo.atsautomation.com\/iwk-de\/fr\/%20%20\/servicefr\/fonctionnement-operationnel\/\"]}]},{\"@type\":\"ImageObject\",\"inLanguage\":\"fr-FR\",\"@id\":\"https:\/\/vipgo.atsautomation.com\/iwk-de\/fr\/%20%20\/servicefr\/fonctionnement-operationnel\/#primaryimage\",\"url\":\"https:\/\/vipgo.atsautomation.com\/iwk-de\/%20%20\/wp-content\/uploads\/sites\/22\/2021\/01\/service.jpg\",\"contentUrl\":\"https:\/\/vipgo.atsautomation.com\/iwk-de\/%20%20\/wp-content\/uploads\/sites\/22\/2021\/01\/service.jpg\",\"width\":1901,\"height\":725},{\"@type\":\"BreadcrumbList\",\"@id\":\"https:\/\/vipgo.atsautomation.com\/iwk-de\/fr\/%20%20\/servicefr\/fonctionnement-operationnel\/#breadcrumb\",\"itemListElement\":[{\"@type\":\"ListItem\",\"position\":1,\"name\":\"HOME\",\"item\":\"https:\/\/vipgo.atsautomation.com\/iwk-de\/fr\/%20%20\/\"},{\"@type\":\"ListItem\",\"position\":2,\"name\":\"SERVICE\",\"item\":\"https:\/\/vipgo.atsautomation.com\/iwk-de\/fr\/%20%20\/servicefr\/\"},{\"@type\":\"ListItem\",\"position\":3,\"name\":\"FONCTIONNEMENT OP\u00c9RATIONNEL\"}]},{\"@type\":\"WebSite\",\"@id\":\"https:\/\/vipgo.atsautomation.com\/iwk-de\/%20%20\/#website\",\"url\":\"https:\/\/vipgo.atsautomation.com\/iwk-de\/%20%20\/\",\"name\":\"Innovative And Customized Manufacturing Solutions\",\"description\":\"\",\"publisher\":{\"@id\":\"https:\/\/vipgo.atsautomation.com\/iwk-de\/%20%20\/#organization\"},\"potentialAction\":[{\"@type\":\"SearchAction\",\"target\":{\"@type\":\"EntryPoint\",\"urlTemplate\":\"https:\/\/vipgo.atsautomation.com\/iwk-de\/%20%20\/?s={search_term_string}\"},\"query-input\":{\"@type\":\"PropertyValueSpecification\",\"valueRequired\":true,\"valueName\":\"search_term_string\"}}],\"inLanguage\":\"fr-FR\"},{\"@type\":\"Organization\",\"@id\":\"https:\/\/vipgo.atsautomation.com\/iwk-de\/%20%20\/#organization\",\"name\":\"Innovative And Customized Manufacturing Solutions\",\"url\":\"https:\/\/vipgo.atsautomation.com\/iwk-de\/%20%20\/\",\"logo\":{\"@type\":\"ImageObject\",\"inLanguage\":\"fr-FR\",\"@id\":\"https:\/\/vipgo.atsautomation.com\/iwk-de\/%20%20\/#\/schema\/logo\/image\/\",\"url\":\"https:\/\/vipgo.atsautomation.com\/iwk-de\/%20%20\/wp-content\/uploads\/sites\/22\/2023\/02\/LOGO_IWK_4c_Size_2.png\",\"contentUrl\":\"https:\/\/vipgo.atsautomation.com\/iwk-de\/%20%20\/wp-content\/uploads\/sites\/22\/2023\/02\/LOGO_IWK_4c_Size_2.png\",\"width\":238,\"height\":137,\"caption\":\"Innovative And Customized Manufacturing Solutions\"},\"image\":{\"@id\":\"https:\/\/vipgo.atsautomation.com\/iwk-de\/%20%20\/#\/schema\/logo\/image\/\"}}]}<\/script>\n<!-- \/ Yoast SEO Premium plugin. -->","yoast_head_json":{"title":"FONCTIONNEMENT OP\u00c9RATIONNEL - Innovative And Customized Manufacturing Solutions","robots":{"index":"index","follow":"follow","max-snippet":"max-snippet:-1","max-image-preview":"max-image-preview:large","max-video-preview":"max-video-preview:-1"},"canonical":"https:\/\/vipgo.atsautomation.com\/iwk-de\/fr\/  \/servicefr\/fonctionnement-operationnel\/","og_locale":"fr_FR","og_type":"article","og_title":"FONCTIONNEMENT OP\u00c9RATIONNEL","og_description":"PI\u00c8CES DE RECHANGE Des pi\u00e8ces de rechange d&rsquo;une qualit\u00e9 maximale Nos collaborateurs sont r\u00e9guli\u00e8rement form\u00e9s pour r\u00e9pondre aux attentes de nos clients en mati\u00e8re de qualit\u00e9 et de rapidit\u00e9 lors de l\u2019approvisionnement en pi\u00e8ces de rechange. \u00c9tant donn\u00e9 que nos machines et installations sont con\u00e7ues pour une dur\u00e9e de vie maximale, nous proposons tr\u00e8s souvent...Read More","og_url":"https:\/\/vipgo.atsautomation.com\/iwk-de\/fr\/  \/servicefr\/fonctionnement-operationnel\/","og_site_name":"Innovative And Customized Manufacturing Solutions","article_modified_time":"2021-10-13T14:04:40+00:00","og_image":[{"width":1901,"height":725,"url":"https:\/\/vipgo.atsautomation.com\/iwk-de\/%20%20\/wp-content\/uploads\/sites\/22\/2021\/01\/service.jpg","type":"image\/jpeg"}],"twitter_card":"summary_large_image","twitter_misc":{"Dur\u00e9e de lecture estim\u00e9e":"2 minutes"},"schema":{"@context":"https:\/\/schema.org","@graph":[{"@type":"WebPage","@id":"https:\/\/vipgo.atsautomation.com\/iwk-de\/fr\/%20%20\/servicefr\/fonctionnement-operationnel\/","url":"https:\/\/vipgo.atsautomation.com\/iwk-de\/fr\/%20%20\/servicefr\/fonctionnement-operationnel\/","name":"FONCTIONNEMENT OP\u00c9RATIONNEL - Innovative And Customized Manufacturing Solutions","isPartOf":{"@id":"https:\/\/vipgo.atsautomation.com\/iwk-de\/%20%20\/#website"},"primaryImageOfPage":{"@id":"https:\/\/vipgo.atsautomation.com\/iwk-de\/fr\/%20%20\/servicefr\/fonctionnement-operationnel\/#primaryimage"},"image":{"@id":"https:\/\/vipgo.atsautomation.com\/iwk-de\/fr\/%20%20\/servicefr\/fonctionnement-operationnel\/#primaryimage"},"thumbnailUrl":"https:\/\/vipgo.atsautomation.com\/iwk-de\/%20%20\/wp-content\/uploads\/sites\/22\/2021\/01\/service.jpg","datePublished":"2021-01-12T15:12:42+00:00","dateModified":"2021-10-13T14:04:40+00:00","breadcrumb":{"@id":"https:\/\/vipgo.atsautomation.com\/iwk-de\/fr\/%20%20\/servicefr\/fonctionnement-operationnel\/#breadcrumb"},"inLanguage":"fr-FR","potentialAction":[{"@type":"ReadAction","target":["https:\/\/vipgo.atsautomation.com\/iwk-de\/fr\/%20%20\/servicefr\/fonctionnement-operationnel\/"]}]},{"@type":"ImageObject","inLanguage":"fr-FR","@id":"https:\/\/vipgo.atsautomation.com\/iwk-de\/fr\/%20%20\/servicefr\/fonctionnement-operationnel\/#primaryimage","url":"https:\/\/vipgo.atsautomation.com\/iwk-de\/%20%20\/wp-content\/uploads\/sites\/22\/2021\/01\/service.jpg","contentUrl":"https:\/\/vipgo.atsautomation.com\/iwk-de\/%20%20\/wp-content\/uploads\/sites\/22\/2021\/01\/service.jpg","width":1901,"height":725},{"@type":"BreadcrumbList","@id":"https:\/\/vipgo.atsautomation.com\/iwk-de\/fr\/%20%20\/servicefr\/fonctionnement-operationnel\/#breadcrumb","itemListElement":[{"@type":"ListItem","position":1,"name":"HOME","item":"https:\/\/vipgo.atsautomation.com\/iwk-de\/fr\/%20%20\/"},{"@type":"ListItem","position":2,"name":"SERVICE","item":"https:\/\/vipgo.atsautomation.com\/iwk-de\/fr\/%20%20\/servicefr\/"},{"@type":"ListItem","position":3,"name":"FONCTIONNEMENT OP\u00c9RATIONNEL"}]},{"@type":"WebSite","@id":"https:\/\/vipgo.atsautomation.com\/iwk-de\/%20%20\/#website","url":"https:\/\/vipgo.atsautomation.com\/iwk-de\/%20%20\/","name":"Innovative And Customized Manufacturing Solutions","description":"","publisher":{"@id":"https:\/\/vipgo.atsautomation.com\/iwk-de\/%20%20\/#organization"},"potentialAction":[{"@type":"SearchAction","target":{"@type":"EntryPoint","urlTemplate":"https:\/\/vipgo.atsautomation.com\/iwk-de\/%20%20\/?s={search_term_string}"},"query-input":{"@type":"PropertyValueSpecification","valueRequired":true,"valueName":"search_term_string"}}],"inLanguage":"fr-FR"},{"@type":"Organization","@id":"https:\/\/vipgo.atsautomation.com\/iwk-de\/%20%20\/#organization","name":"Innovative And Customized Manufacturing Solutions","url":"https:\/\/vipgo.atsautomation.com\/iwk-de\/%20%20\/","logo":{"@type":"ImageObject","inLanguage":"fr-FR","@id":"https:\/\/vipgo.atsautomation.com\/iwk-de\/%20%20\/#\/schema\/logo\/image\/","url":"https:\/\/vipgo.atsautomation.com\/iwk-de\/%20%20\/wp-content\/uploads\/sites\/22\/2023\/02\/LOGO_IWK_4c_Size_2.png","contentUrl":"https:\/\/vipgo.atsautomation.com\/iwk-de\/%20%20\/wp-content\/uploads\/sites\/22\/2023\/02\/LOGO_IWK_4c_Size_2.png","width":238,"height":137,"caption":"Innovative And Customized Manufacturing Solutions"},"image":{"@id":"https:\/\/vipgo.atsautomation.com\/iwk-de\/%20%20\/#\/schema\/logo\/image\/"}}]}},"jetpack_sharing_enabled":true,"_links":{"self":[{"href":"https:\/\/vipgo.atsautomation.com\/iwk-de\/fr\/%20%20\/wp-json\/wp\/v2\/pages\/2836","targetHints":{"allow":["GET"]}}],"collection":[{"href":"https:\/\/vipgo.atsautomation.com\/iwk-de\/fr\/%20%20\/wp-json\/wp\/v2\/pages"}],"about":[{"href":"https:\/\/vipgo.atsautomation.com\/iwk-de\/fr\/%20%20\/wp-json\/wp\/v2\/types\/page"}],"author":[{"embeddable":true,"href":"https:\/\/vipgo.atsautomation.com\/iwk-de\/fr\/%20%20\/wp-json\/wp\/v2\/users\/63"}],"replies":[{"embeddable":true,"href":"https:\/\/vipgo.atsautomation.com\/iwk-de\/fr\/%20%20\/wp-json\/wp\/v2\/comments?post=2836"}],"version-history":[{"count":5,"href":"https:\/\/vipgo.atsautomation.com\/iwk-de\/fr\/%20%20\/wp-json\/wp\/v2\/pages\/2836\/revisions"}],"predecessor-version":[{"id":8195,"href":"https:\/\/vipgo.atsautomation.com\/iwk-de\/fr\/%20%20\/wp-json\/wp\/v2\/pages\/2836\/revisions\/8195"}],"up":[{"embeddable":true,"href":"https:\/\/vipgo.atsautomation.com\/iwk-de\/fr\/%20%20\/wp-json\/wp\/v2\/pages\/2816"}],"wp:featuredmedia":[{"embeddable":true,"href":"https:\/\/vipgo.atsautomation.com\/iwk-de\/fr\/%20%20\/wp-json\/wp\/v2\/media\/2103"}],"wp:attachment":[{"href":"https:\/\/vipgo.atsautomation.com\/iwk-de\/fr\/%20%20\/wp-json\/wp\/v2\/media?parent=2836"}],"curies":[{"name":"wp","href":"https:\/\/api.w.org\/{rel}","templated":true}]}}