{"id":2839,"date":"2021-01-12T15:25:02","date_gmt":"2021-01-12T15:25:02","guid":{"rendered":"https:\/\/iwk.de\/?page_id=2839"},"modified":"2021-02-26T14:53:11","modified_gmt":"2021-02-26T14:53:11","slug":"productivite","status":"publish","type":"page","link":"https:\/\/vipgo.atsautomation.com\/iwk-de\/fr\/%20%20\/servicefr\/productivite\/","title":{"rendered":"PRODUCTIVIT\u00c9"},"content":{"rendered":"<div class=\"glance-second\">\n<div class=\"home-main row\"><span><span><a href=\"https:\/\/vipgo.atsautomation.com\/iwk-de\/fr\/%20%20\/\">HOME<\/a><\/span><\/span><\/p>\n<details>\n<summary>FORMATION ET ASSISTANCE<\/summary>\n<div class=\"faq__content\">\n<p>IWK vous offre la possibilit\u00e9 de former vos collaborateurs \u00e0 long terme et de fa\u00e7on durable gr\u00e2ce \u00e0 des formations cibl\u00e9es. En fonction du public cible, du niveau de connaissances, de la machine utilis\u00e9e et du contenu souhait\u00e9, nous cr\u00e9ons pour vous un programme de formation personnalis\u00e9 grandement ax\u00e9 sur la pratique pour vos collaborateurs.<\/p>\n<h4>Vos avantages:<\/h4>\n<ul>\n<li>Formation durable et cibl\u00e9e pour les op\u00e9rateurs et le personnel de maintenance<\/li>\n<li>Instructions relatives aux travaux de maintenance r\u00e9guliers et au comportement \u00e0 adopter en cas de panne<\/li>\n<li>Contenus de formation personnalis\u00e9s en fonction des machines et des participants<\/li>\n<li>Utilisation efficace des installations et de l\u2019\u00e9quipement technique<\/li>\n<li>Manipulation s\u00e9curis\u00e9e lors des travaux sur les machines<\/li>\n<\/ul>\n<\/div>\n<\/details>\n<details>\n<summary>ASSISTANCE \u00c0 LA PRODUCTION<\/summary>\n<div class=\"faq__content\">\n<p>L\u2019utilisation de nouvelles installations de production \u00e0 la pointe de la technologie, en particulier lors de la phase d\u2019adaptation, s\u2019av\u00e8re parfois difficile et ne permet pas d\u2019atteindre assez rapidement les r\u00e9sultats de production souhait\u00e9s sans une assistance \u00e0 la production. Le changement du personnel technique ou de production exerce \u00e9galement une influence sur l\u2019efficacit\u00e9 de vos installations. Pour r\u00e9pondre \u00e0 ces probl\u00e8mes, nous vous proposons les solutions suivantes:<\/p>\n<ul>li&gt;Assistance \u00e0 la production personnalis\u00e9e par du personnel sp\u00e9cialis\u00e9 qualifi\u00e9<\/p>\n<li>Surveillance continue des performances de la machine<\/li>\n<li>R\u00e9solution efficace des dysfonctionnements en cas de panne<\/li>\n<li>Conseils et assistance apport\u00e9s \u00e0 vos collaborateurs quant \u00e0 l\u2019utilisation des installations IWK<\/li>\n<\/ul>\n<h4>Vos avantages:<\/h4>\n<ul>\n<li>Efficacit\u00e9 am\u00e9lior\u00e9e de vos installations et processus<\/li>\n<li>Instructions cibl\u00e9es fournies au personnel de production<\/li>\n<li>R\u00e9solution rapide des dysfonctionnements<\/li>\n<\/ul>\n<\/div>\n<\/details>\n<details>\n<summary>SERVICES D&rsquo;AUDIT<\/summary>\n<div class=\"faq__content\">\n<p>Nous vous proposons de r\u00e9aliser un audit de vos processus et de vos performances afin d\u2019am\u00e9liorer la productivit\u00e9 et l\u2019efficacit\u00e9 de votre production. Le point de d\u00e9part de l\u2019audit se fonde sur une analyse d\u00e9taill\u00e9e des domaines qui exercent une influence sur l\u2019efficacit\u00e9 de votre installation. Ainsi, l\u2019analyse prend non seulement en compte l\u2019\u00e9quipement technique et les processus associ\u00e9s, mais aussi les comp\u00e9tences techniques des collaborateurs. En nous fondant sur les informations recueillies, nous concevons pour vous un concept d\u2019optimisation personnalis\u00e9 et nous vous assistons lors de sa mise en \u0153uvre. Nos prestations d\u2019audit comprennent \u00e9galement les services suivants:<\/p>\n<ul>\n<li>D\u00e9finition des objectifs cibles en concertation avec les collaborateurs et sup\u00e9rieurs<\/li>\n<li>\u00c9valuation des capacit\u00e9s de votre personnel en mati\u00e8re de maintenance et d\u2019exploitation des installations<\/li>\n<li>D\u00e9finition des besoins en formation pour les domaines essentiels et d\u00e9finition de priorit\u00e9s en fonction des aspects li\u00e9s \u00e0 la s\u00e9curit\u00e9, des risques et des co\u00fbts<\/li>\n<li>Quantification et \u00e9valuation du potentiel d\u2019am\u00e9lioration<\/li>\n<li>Recommandations d\u2019optimisation de vos installations techniques<\/li>\n<\/ul>\n<h4>Vos avantages:<\/h4>\n<ul>\n<li>Efficacit\u00e9 am\u00e9lior\u00e9e de vos installations et processus<\/li>\n<li>Repr\u00e9sentation claire des principaux facteurs d\u2019influence et du potentiel d\u2019optimisation<\/li>\n<li>Possibilit\u00e9 d\u2019introduction cibl\u00e9e \u00e0 d\u2019\u00e9ventuelles mesures de formation<\/li>\n<\/ul>\n<\/div>\n<\/details>\n<p>&nbsp;<\/p>\n<p><a class=\"backLink\" href=\"https:\/\/iwk.de\/fr\/servicefr\/\" target=\"_self\" rel=\"noopener\">RETOUR VERS \u201eSERVICE\u201c<\/a><\/p>\n<\/div>\n<\/div>\n","protected":false},"excerpt":{"rendered":"<p>FORMATION ET ASSISTANCE IWK vous offre la possibilit\u00e9 de former vos collaborateurs \u00e0 long terme et de fa\u00e7on durable gr\u00e2ce \u00e0 des formations cibl\u00e9es. En fonction du public cible, du niveau de connaissances, de la machine utilis\u00e9e et du contenu souhait\u00e9, nous cr\u00e9ons pour vous un programme de formation personnalis\u00e9 grandement ax\u00e9 sur la pratique&#8230;<\/p>\n<div class=\"post-button\"><a href=\"https:\/\/vipgo.atsautomation.com\/iwk-de\/fr\/%20%20\/servicefr\/productivite\/\">Read More<\/a><\/div>\n","protected":false},"author":63,"featured_media":2103,"parent":2816,"menu_order":0,"comment_status":"closed","ping_status":"closed","template":"","meta":{"inline_featured_image":false,"footnotes":""},"class_list":["post-2839","page","type-page","status-publish","has-post-thumbnail","hentry"],"yoast_head":"<!-- This site is optimized with the Yoast SEO Premium plugin v26.8 (Yoast SEO v26.8) - https:\/\/yoast.com\/product\/yoast-seo-premium-wordpress\/ -->\n<title>PRODUCTIVIT\u00c9 - Innovative And Customized Manufacturing Solutions<\/title>\n<meta name=\"robots\" content=\"index, follow, max-snippet:-1, max-image-preview:large, max-video-preview:-1\" \/>\n<link rel=\"canonical\" href=\"https:\/\/vipgo.atsautomation.com\/iwk-de\/fr\/%20%20\/servicefr\/productivite\/\" \/>\n<meta property=\"og:locale\" content=\"fr_FR\" \/>\n<meta property=\"og:type\" content=\"article\" \/>\n<meta property=\"og:title\" content=\"PRODUCTIVIT\u00c9\" \/>\n<meta property=\"og:description\" content=\"FORMATION ET ASSISTANCE IWK vous offre la possibilit\u00e9 de former vos collaborateurs \u00e0 long terme et de fa\u00e7on durable gr\u00e2ce \u00e0 des formations cibl\u00e9es. En fonction du public cible, du niveau de connaissances, de la machine utilis\u00e9e et du contenu souhait\u00e9, nous cr\u00e9ons pour vous un programme de formation personnalis\u00e9 grandement ax\u00e9 sur la pratique...Read More\" \/>\n<meta property=\"og:url\" content=\"https:\/\/vipgo.atsautomation.com\/iwk-de\/fr\/  \/servicefr\/productivite\/\" \/>\n<meta property=\"og:site_name\" content=\"Innovative And Customized Manufacturing Solutions\" \/>\n<meta property=\"article:modified_time\" content=\"2021-02-26T14:53:11+00:00\" \/>\n<meta property=\"og:image\" content=\"https:\/\/vipgo.atsautomation.com\/iwk-de\/%20%20\/wp-content\/uploads\/sites\/22\/2021\/01\/service.jpg\" \/>\n\t<meta property=\"og:image:width\" content=\"1901\" \/>\n\t<meta property=\"og:image:height\" content=\"725\" \/>\n\t<meta property=\"og:image:type\" content=\"image\/jpeg\" \/>\n<meta name=\"twitter:card\" content=\"summary_large_image\" \/>\n<meta name=\"twitter:label1\" content=\"Dur\u00e9e de lecture estim\u00e9e\" \/>\n\t<meta name=\"twitter:data1\" content=\"3 minutes\" \/>\n<script type=\"application\/ld+json\" class=\"yoast-schema-graph\">{\"@context\":\"https:\/\/schema.org\",\"@graph\":[{\"@type\":\"WebPage\",\"@id\":\"https:\/\/vipgo.atsautomation.com\/iwk-de\/fr\/%20%20\/servicefr\/productivite\/\",\"url\":\"https:\/\/vipgo.atsautomation.com\/iwk-de\/fr\/%20%20\/servicefr\/productivite\/\",\"name\":\"PRODUCTIVIT\u00c9 - Innovative And Customized Manufacturing Solutions\",\"isPartOf\":{\"@id\":\"https:\/\/vipgo.atsautomation.com\/iwk-de\/%20%20\/#website\"},\"primaryImageOfPage\":{\"@id\":\"https:\/\/vipgo.atsautomation.com\/iwk-de\/fr\/%20%20\/servicefr\/productivite\/#primaryimage\"},\"image\":{\"@id\":\"https:\/\/vipgo.atsautomation.com\/iwk-de\/fr\/%20%20\/servicefr\/productivite\/#primaryimage\"},\"thumbnailUrl\":\"https:\/\/vipgo.atsautomation.com\/iwk-de\/%20%20\/wp-content\/uploads\/sites\/22\/2021\/01\/service.jpg\",\"datePublished\":\"2021-01-12T15:25:02+00:00\",\"dateModified\":\"2021-02-26T14:53:11+00:00\",\"breadcrumb\":{\"@id\":\"https:\/\/vipgo.atsautomation.com\/iwk-de\/fr\/%20%20\/servicefr\/productivite\/#breadcrumb\"},\"inLanguage\":\"fr-FR\",\"potentialAction\":[{\"@type\":\"ReadAction\",\"target\":[\"https:\/\/vipgo.atsautomation.com\/iwk-de\/fr\/%20%20\/servicefr\/productivite\/\"]}]},{\"@type\":\"ImageObject\",\"inLanguage\":\"fr-FR\",\"@id\":\"https:\/\/vipgo.atsautomation.com\/iwk-de\/fr\/%20%20\/servicefr\/productivite\/#primaryimage\",\"url\":\"https:\/\/vipgo.atsautomation.com\/iwk-de\/%20%20\/wp-content\/uploads\/sites\/22\/2021\/01\/service.jpg\",\"contentUrl\":\"https:\/\/vipgo.atsautomation.com\/iwk-de\/%20%20\/wp-content\/uploads\/sites\/22\/2021\/01\/service.jpg\",\"width\":1901,\"height\":725},{\"@type\":\"BreadcrumbList\",\"@id\":\"https:\/\/vipgo.atsautomation.com\/iwk-de\/fr\/%20%20\/servicefr\/productivite\/#breadcrumb\",\"itemListElement\":[{\"@type\":\"ListItem\",\"position\":1,\"name\":\"HOME\",\"item\":\"https:\/\/vipgo.atsautomation.com\/iwk-de\/fr\/%20%20\/\"},{\"@type\":\"ListItem\",\"position\":2,\"name\":\"SERVICE\",\"item\":\"https:\/\/vipgo.atsautomation.com\/iwk-de\/fr\/%20%20\/servicefr\/\"},{\"@type\":\"ListItem\",\"position\":3,\"name\":\"PRODUCTIVIT\u00c9\"}]},{\"@type\":\"WebSite\",\"@id\":\"https:\/\/vipgo.atsautomation.com\/iwk-de\/%20%20\/#website\",\"url\":\"https:\/\/vipgo.atsautomation.com\/iwk-de\/%20%20\/\",\"name\":\"Innovative And Customized Manufacturing Solutions\",\"description\":\"\",\"publisher\":{\"@id\":\"https:\/\/vipgo.atsautomation.com\/iwk-de\/%20%20\/#organization\"},\"potentialAction\":[{\"@type\":\"SearchAction\",\"target\":{\"@type\":\"EntryPoint\",\"urlTemplate\":\"https:\/\/vipgo.atsautomation.com\/iwk-de\/%20%20\/?s={search_term_string}\"},\"query-input\":{\"@type\":\"PropertyValueSpecification\",\"valueRequired\":true,\"valueName\":\"search_term_string\"}}],\"inLanguage\":\"fr-FR\"},{\"@type\":\"Organization\",\"@id\":\"https:\/\/vipgo.atsautomation.com\/iwk-de\/%20%20\/#organization\",\"name\":\"Innovative And Customized Manufacturing Solutions\",\"url\":\"https:\/\/vipgo.atsautomation.com\/iwk-de\/%20%20\/\",\"logo\":{\"@type\":\"ImageObject\",\"inLanguage\":\"fr-FR\",\"@id\":\"https:\/\/vipgo.atsautomation.com\/iwk-de\/%20%20\/#\/schema\/logo\/image\/\",\"url\":\"https:\/\/vipgo.atsautomation.com\/iwk-de\/%20%20\/wp-content\/uploads\/sites\/22\/2023\/02\/LOGO_IWK_4c_Size_2.png\",\"contentUrl\":\"https:\/\/vipgo.atsautomation.com\/iwk-de\/%20%20\/wp-content\/uploads\/sites\/22\/2023\/02\/LOGO_IWK_4c_Size_2.png\",\"width\":238,\"height\":137,\"caption\":\"Innovative And Customized Manufacturing Solutions\"},\"image\":{\"@id\":\"https:\/\/vipgo.atsautomation.com\/iwk-de\/%20%20\/#\/schema\/logo\/image\/\"}}]}<\/script>\n<!-- \/ Yoast SEO Premium plugin. -->","yoast_head_json":{"title":"PRODUCTIVIT\u00c9 - Innovative And Customized Manufacturing Solutions","robots":{"index":"index","follow":"follow","max-snippet":"max-snippet:-1","max-image-preview":"max-image-preview:large","max-video-preview":"max-video-preview:-1"},"canonical":"https:\/\/vipgo.atsautomation.com\/iwk-de\/fr\/  \/servicefr\/productivite\/","og_locale":"fr_FR","og_type":"article","og_title":"PRODUCTIVIT\u00c9","og_description":"FORMATION ET ASSISTANCE IWK vous offre la possibilit\u00e9 de former vos collaborateurs \u00e0 long terme et de fa\u00e7on durable gr\u00e2ce \u00e0 des formations cibl\u00e9es. En fonction du public cible, du niveau de connaissances, de la machine utilis\u00e9e et du contenu souhait\u00e9, nous cr\u00e9ons pour vous un programme de formation personnalis\u00e9 grandement ax\u00e9 sur la pratique...Read More","og_url":"https:\/\/vipgo.atsautomation.com\/iwk-de\/fr\/  \/servicefr\/productivite\/","og_site_name":"Innovative And Customized Manufacturing Solutions","article_modified_time":"2021-02-26T14:53:11+00:00","og_image":[{"width":1901,"height":725,"url":"https:\/\/vipgo.atsautomation.com\/iwk-de\/%20%20\/wp-content\/uploads\/sites\/22\/2021\/01\/service.jpg","type":"image\/jpeg"}],"twitter_card":"summary_large_image","twitter_misc":{"Dur\u00e9e de lecture estim\u00e9e":"3 minutes"},"schema":{"@context":"https:\/\/schema.org","@graph":[{"@type":"WebPage","@id":"https:\/\/vipgo.atsautomation.com\/iwk-de\/fr\/%20%20\/servicefr\/productivite\/","url":"https:\/\/vipgo.atsautomation.com\/iwk-de\/fr\/%20%20\/servicefr\/productivite\/","name":"PRODUCTIVIT\u00c9 - Innovative And Customized Manufacturing Solutions","isPartOf":{"@id":"https:\/\/vipgo.atsautomation.com\/iwk-de\/%20%20\/#website"},"primaryImageOfPage":{"@id":"https:\/\/vipgo.atsautomation.com\/iwk-de\/fr\/%20%20\/servicefr\/productivite\/#primaryimage"},"image":{"@id":"https:\/\/vipgo.atsautomation.com\/iwk-de\/fr\/%20%20\/servicefr\/productivite\/#primaryimage"},"thumbnailUrl":"https:\/\/vipgo.atsautomation.com\/iwk-de\/%20%20\/wp-content\/uploads\/sites\/22\/2021\/01\/service.jpg","datePublished":"2021-01-12T15:25:02+00:00","dateModified":"2021-02-26T14:53:11+00:00","breadcrumb":{"@id":"https:\/\/vipgo.atsautomation.com\/iwk-de\/fr\/%20%20\/servicefr\/productivite\/#breadcrumb"},"inLanguage":"fr-FR","potentialAction":[{"@type":"ReadAction","target":["https:\/\/vipgo.atsautomation.com\/iwk-de\/fr\/%20%20\/servicefr\/productivite\/"]}]},{"@type":"ImageObject","inLanguage":"fr-FR","@id":"https:\/\/vipgo.atsautomation.com\/iwk-de\/fr\/%20%20\/servicefr\/productivite\/#primaryimage","url":"https:\/\/vipgo.atsautomation.com\/iwk-de\/%20%20\/wp-content\/uploads\/sites\/22\/2021\/01\/service.jpg","contentUrl":"https:\/\/vipgo.atsautomation.com\/iwk-de\/%20%20\/wp-content\/uploads\/sites\/22\/2021\/01\/service.jpg","width":1901,"height":725},{"@type":"BreadcrumbList","@id":"https:\/\/vipgo.atsautomation.com\/iwk-de\/fr\/%20%20\/servicefr\/productivite\/#breadcrumb","itemListElement":[{"@type":"ListItem","position":1,"name":"HOME","item":"https:\/\/vipgo.atsautomation.com\/iwk-de\/fr\/%20%20\/"},{"@type":"ListItem","position":2,"name":"SERVICE","item":"https:\/\/vipgo.atsautomation.com\/iwk-de\/fr\/%20%20\/servicefr\/"},{"@type":"ListItem","position":3,"name":"PRODUCTIVIT\u00c9"}]},{"@type":"WebSite","@id":"https:\/\/vipgo.atsautomation.com\/iwk-de\/%20%20\/#website","url":"https:\/\/vipgo.atsautomation.com\/iwk-de\/%20%20\/","name":"Innovative And Customized Manufacturing Solutions","description":"","publisher":{"@id":"https:\/\/vipgo.atsautomation.com\/iwk-de\/%20%20\/#organization"},"potentialAction":[{"@type":"SearchAction","target":{"@type":"EntryPoint","urlTemplate":"https:\/\/vipgo.atsautomation.com\/iwk-de\/%20%20\/?s={search_term_string}"},"query-input":{"@type":"PropertyValueSpecification","valueRequired":true,"valueName":"search_term_string"}}],"inLanguage":"fr-FR"},{"@type":"Organization","@id":"https:\/\/vipgo.atsautomation.com\/iwk-de\/%20%20\/#organization","name":"Innovative And Customized Manufacturing Solutions","url":"https:\/\/vipgo.atsautomation.com\/iwk-de\/%20%20\/","logo":{"@type":"ImageObject","inLanguage":"fr-FR","@id":"https:\/\/vipgo.atsautomation.com\/iwk-de\/%20%20\/#\/schema\/logo\/image\/","url":"https:\/\/vipgo.atsautomation.com\/iwk-de\/%20%20\/wp-content\/uploads\/sites\/22\/2023\/02\/LOGO_IWK_4c_Size_2.png","contentUrl":"https:\/\/vipgo.atsautomation.com\/iwk-de\/%20%20\/wp-content\/uploads\/sites\/22\/2023\/02\/LOGO_IWK_4c_Size_2.png","width":238,"height":137,"caption":"Innovative And Customized Manufacturing Solutions"},"image":{"@id":"https:\/\/vipgo.atsautomation.com\/iwk-de\/%20%20\/#\/schema\/logo\/image\/"}}]}},"jetpack_sharing_enabled":true,"_links":{"self":[{"href":"https:\/\/vipgo.atsautomation.com\/iwk-de\/fr\/%20%20\/wp-json\/wp\/v2\/pages\/2839","targetHints":{"allow":["GET"]}}],"collection":[{"href":"https:\/\/vipgo.atsautomation.com\/iwk-de\/fr\/%20%20\/wp-json\/wp\/v2\/pages"}],"about":[{"href":"https:\/\/vipgo.atsautomation.com\/iwk-de\/fr\/%20%20\/wp-json\/wp\/v2\/types\/page"}],"author":[{"embeddable":true,"href":"https:\/\/vipgo.atsautomation.com\/iwk-de\/fr\/%20%20\/wp-json\/wp\/v2\/users\/63"}],"replies":[{"embeddable":true,"href":"https:\/\/vipgo.atsautomation.com\/iwk-de\/fr\/%20%20\/wp-json\/wp\/v2\/comments?post=2839"}],"version-history":[{"count":3,"href":"https:\/\/vipgo.atsautomation.com\/iwk-de\/fr\/%20%20\/wp-json\/wp\/v2\/pages\/2839\/revisions"}],"predecessor-version":[{"id":5225,"href":"https:\/\/vipgo.atsautomation.com\/iwk-de\/fr\/%20%20\/wp-json\/wp\/v2\/pages\/2839\/revisions\/5225"}],"up":[{"embeddable":true,"href":"https:\/\/vipgo.atsautomation.com\/iwk-de\/fr\/%20%20\/wp-json\/wp\/v2\/pages\/2816"}],"wp:featuredmedia":[{"embeddable":true,"href":"https:\/\/vipgo.atsautomation.com\/iwk-de\/fr\/%20%20\/wp-json\/wp\/v2\/media\/2103"}],"wp:attachment":[{"href":"https:\/\/vipgo.atsautomation.com\/iwk-de\/fr\/%20%20\/wp-json\/wp\/v2\/media?parent=2839"}],"curies":[{"name":"wp","href":"https:\/\/api.w.org\/{rel}","templated":true}]}}