{"id":2845,"date":"2021-01-12T20:18:22","date_gmt":"2021-01-12T20:18:22","guid":{"rendered":"https:\/\/iwk.de\/?page_id=2845"},"modified":"2025-03-06T07:43:56","modified_gmt":"2025-03-06T07:43:56","slug":"mentions-legales","status":"publish","type":"page","link":"https:\/\/vipgo.atsautomation.com\/iwk-de\/fr\/%20%20\/mentions-legales\/","title":{"rendered":"MENTIONS L\u00c9GALES"},"content":{"rendered":"<div class=\"home-main row\"><span><span><a href=\"https:\/\/vipgo.atsautomation.com\/iwk-de\/fr\/%20%20\/\">HOME<\/a><\/span><\/span><\/div>\n<div class=\"home-main row\">\u00c9diteur et personne responsable du contenu de www.iwk.de:<\/div>\n<div><\/div>\n<div class=\"home-main row\">IWK Verpackungstechnik GmbH<br \/>\nLorenzstra\u00dfe 6<br \/>\n76297 Stutensee<br \/>\nAllemagneT +49 7244 968 0<br \/>\n<a href=\"mailto:info@iwk.de\">info@iwk.de<\/a><\/p>\n<p>Directeur g\u00e9n\u00e9ral: Andreas Graf<\/p>\n<p>Tribunal d&rsquo;enregistrement: Amtsgericht Mannheim<br \/>\nRegistre du commerce HRB 10 27 76<\/p>\n<p>No. d&rsquo;imp\u00f4t: 34422\/30692<br \/>\nNo. de TVA: DE811126145<\/p>\n<p><strong>Avis de non-responsabilit\u00e9:<\/strong><br \/>\nles informations que vous trouvez sur le pr\u00e9sent site Internet ont \u00e9t\u00e9 r\u00e9dig\u00e9es avec le plus grand soin et selon nos meilleures connaissances. En tant que prestataire de services, nous sommes responsables du contenu pr\u00e9sent\u00e9 sur ces pages en vertu des lois g\u00e9n\u00e9rales et conform\u00e9ment \u00e0 l\u2019article 7, premier alin\u00e9a de la loi allemande sur les t\u00e9l\u00e9m\u00e9dias. Toutefois, nous d\u00e9clinons toute responsabilit\u00e9 en ce qui concerne l\u2019exhaustivit\u00e9, l\u2019exactitude, l\u2019actualit\u00e9 et la disponibilit\u00e9 des informations mises \u00e0 disposition. Hormis les cas de dommages intentionnels, nous ne saurions \u00eatre tenus responsables de dommages r\u00e9sultant de l\u2019utilisation de notre site Internet. IWK peut \u00e0 tout moment et sans avis pr\u00e9alable modifier les contenus du pr\u00e9sent site Internet.<\/p>\n<p><strong>Responsabilit\u00e9 en mati\u00e8re de liens tiers:<\/strong><br \/>\nLe site Internet contient des liens ou des r\u00e9f\u00e9rences \u00e0 des sites Internet tiers. En faisant r\u00e9f\u00e9rence \u00e0 un lien vers un site Internet ext\u00e9rieur (lien hypertexte), IWK ne s\u2019approprie pas le contenu de ce site Internet. En outre, IWK ne saurait \u00eatre tenue responsable de l\u2019exactitude et de la disponibilit\u00e9 du contenu de ces sites Internet. IWK d\u00e9cline toute responsabilit\u00e9 en cas de dommages ou de blessures r\u00e9sultant de l\u2019utilisation de ces liens hypertextes. Le fournisseur du site Internet est seul responsable en cas de contenus ill\u00e9gaux, erron\u00e9s, incomplets ou abusifs. La pr\u00e9sence d\u2019\u00e9ventuelles violations de droits est v\u00e9rifi\u00e9e au moment de la publication des liens hypertextes. Les contenus illicites n\u2019\u00e9taient pas identifiables au moment de la publication des liens. Conform\u00e9ment aux articles 8 \u00e0 10 de la loi allemande sur les t\u00e9l\u00e9m\u00e9dias, nous ne sommes pas tenus, en notre qualit\u00e9 de prestataire de services, de surveiller en permanence les informations externes transmises ou enregistr\u00e9es ni de rechercher les circonstances d\u2019une \u00e9ventuelle activit\u00e9 ill\u00e9gale. Les obligations de suppression ou de blocage de l\u2019utilisation des informations conform\u00e9ment aux lois g\u00e9n\u00e9rales en restent toutefois inchang\u00e9es. Une responsabilit\u00e9 \u00e0 ce sujet est cependant possible uniquement \u00e0 partir de la prise de connaissance d\u2019une infraction \u00e0 la loi concr\u00e8te. En cas de prise de connaissance de telles violations, nous supprimerons imm\u00e9diatement ces contenus.<\/p>\n<p><strong>Droits d\u2019auteur:<\/strong><\/p>\n<p style=\"padding-bottom: 100px;\">les contenus et \u0153uvres cr\u00e9\u00e9s par les propri\u00e9taires du site sur ces pages sont soumis \u00e0 la loi allemande sur les droits d\u2019auteur. La reproduction, le traitement, la diffusion et l\u2019exploitation de toute nature d\u00e9passant le cadre autoris\u00e9 par les droits d\u2019auteur n\u00e9cessitent l\u2019approbation \u00e9crite pr\u00e9alable de l\u2019auteur ou du cr\u00e9ateur concern\u00e9. Le t\u00e9l\u00e9chargement et la copie de ces pages ne sont autoris\u00e9s qu\u2019\u00e0 des fins priv\u00e9es et non \u00e0 une utilisation commerciale. Dans la mesure o\u00f9 les contenus de ces pages n\u2019ont pas \u00e9t\u00e9 cr\u00e9\u00e9s par le propri\u00e9taire du site Internet, les droits d\u2019auteur des tiers sont respect\u00e9s. En particulier, les contenus tiers sont mentionn\u00e9s en tant que tels. Si vous deviez toutefois prendre connaissance d\u2019une violation de droits d\u2019auteur, nous vous demandons de nous en informer dans les plus brefs d\u00e9lais. En cas de prise de connaissance de telles violations, nous supprimerons imm\u00e9diatement ces contenus.<\/p>\n<\/div>\n","protected":false},"excerpt":{"rendered":"<p>\u00c9diteur et personne responsable du contenu de www.iwk.de: IWK Verpackungstechnik GmbH Lorenzstra\u00dfe 6 76297 Stutensee AllemagneT +49 7244 968 0 info@iwk.de Directeur g\u00e9n\u00e9ral: Andreas Graf Tribunal d&rsquo;enregistrement: Amtsgericht Mannheim Registre du commerce HRB 10 27 76 No. d&rsquo;imp\u00f4t: 34422\/30692 No. de TVA: DE811126145 Avis de non-responsabilit\u00e9: les informations que vous trouvez sur le pr\u00e9sent site&#8230;<\/p>\n<div class=\"post-button\"><a href=\"https:\/\/vipgo.atsautomation.com\/iwk-de\/fr\/%20%20\/mentions-legales\/\">Read More<\/a><\/div>\n","protected":false},"author":63,"featured_media":2019,"parent":0,"menu_order":0,"comment_status":"closed","ping_status":"closed","template":"","meta":{"inline_featured_image":false,"footnotes":""},"class_list":["post-2845","page","type-page","status-publish","has-post-thumbnail","hentry"],"yoast_head":"<!-- This site is optimized with the Yoast SEO Premium plugin v26.8 (Yoast SEO v26.8) - https:\/\/yoast.com\/product\/yoast-seo-premium-wordpress\/ -->\n<title>MENTIONS L\u00c9GALES - Innovative And Customized Manufacturing Solutions<\/title>\n<meta name=\"robots\" content=\"index, follow, max-snippet:-1, max-image-preview:large, max-video-preview:-1\" \/>\n<link rel=\"canonical\" href=\"https:\/\/vipgo.atsautomation.com\/iwk-de\/fr\/%20%20\/mentions-legales\/\" \/>\n<meta property=\"og:locale\" content=\"fr_FR\" \/>\n<meta property=\"og:type\" content=\"article\" \/>\n<meta property=\"og:title\" content=\"MENTIONS L\u00c9GALES\" \/>\n<meta property=\"og:description\" content=\"\u00c9diteur et personne responsable du contenu de www.iwk.de: IWK Verpackungstechnik GmbH Lorenzstra\u00dfe 6 76297 Stutensee AllemagneT +49 7244 968 0 info@iwk.de Directeur g\u00e9n\u00e9ral: Andreas Graf Tribunal d&rsquo;enregistrement: Amtsgericht Mannheim Registre du commerce HRB 10 27 76 No. d&rsquo;imp\u00f4t: 34422\/30692 No. de TVA: DE811126145 Avis de non-responsabilit\u00e9: les informations que vous trouvez sur le pr\u00e9sent site...Read More\" \/>\n<meta property=\"og:url\" content=\"https:\/\/vipgo.atsautomation.com\/iwk-de\/fr\/  \/mentions-legales\/\" \/>\n<meta property=\"og:site_name\" content=\"Innovative And Customized Manufacturing Solutions\" \/>\n<meta property=\"article:modified_time\" content=\"2025-03-06T07:43:56+00:00\" \/>\n<meta property=\"og:image\" content=\"https:\/\/vipgo.atsautomation.com\/iwk-de\/%20%20\/wp-content\/uploads\/sites\/22\/2020\/12\/DATENSCHUTZ.jpg\" \/>\n\t<meta property=\"og:image:width\" content=\"1899\" \/>\n\t<meta property=\"og:image:height\" content=\"494\" \/>\n\t<meta property=\"og:image:type\" content=\"image\/jpeg\" \/>\n<meta name=\"twitter:card\" content=\"summary_large_image\" \/>\n<meta name=\"twitter:label1\" content=\"Dur\u00e9e de lecture estim\u00e9e\" \/>\n\t<meta name=\"twitter:data1\" content=\"3 minutes\" \/>\n<script type=\"application\/ld+json\" class=\"yoast-schema-graph\">{\"@context\":\"https:\/\/schema.org\",\"@graph\":[{\"@type\":\"WebPage\",\"@id\":\"https:\/\/vipgo.atsautomation.com\/iwk-de\/fr\/%20%20\/mentions-legales\/\",\"url\":\"https:\/\/vipgo.atsautomation.com\/iwk-de\/fr\/%20%20\/mentions-legales\/\",\"name\":\"MENTIONS L\u00c9GALES - Innovative And Customized Manufacturing Solutions\",\"isPartOf\":{\"@id\":\"https:\/\/vipgo.atsautomation.com\/iwk-de\/%20%20\/#website\"},\"primaryImageOfPage\":{\"@id\":\"https:\/\/vipgo.atsautomation.com\/iwk-de\/fr\/%20%20\/mentions-legales\/#primaryimage\"},\"image\":{\"@id\":\"https:\/\/vipgo.atsautomation.com\/iwk-de\/fr\/%20%20\/mentions-legales\/#primaryimage\"},\"thumbnailUrl\":\"https:\/\/vipgo.atsautomation.com\/iwk-de\/%20%20\/wp-content\/uploads\/sites\/22\/2020\/12\/DATENSCHUTZ.jpg\",\"datePublished\":\"2021-01-12T20:18:22+00:00\",\"dateModified\":\"2025-03-06T07:43:56+00:00\",\"breadcrumb\":{\"@id\":\"https:\/\/vipgo.atsautomation.com\/iwk-de\/fr\/%20%20\/mentions-legales\/#breadcrumb\"},\"inLanguage\":\"fr-FR\",\"potentialAction\":[{\"@type\":\"ReadAction\",\"target\":[\"https:\/\/vipgo.atsautomation.com\/iwk-de\/fr\/%20%20\/mentions-legales\/\"]}]},{\"@type\":\"ImageObject\",\"inLanguage\":\"fr-FR\",\"@id\":\"https:\/\/vipgo.atsautomation.com\/iwk-de\/fr\/%20%20\/mentions-legales\/#primaryimage\",\"url\":\"https:\/\/vipgo.atsautomation.com\/iwk-de\/%20%20\/wp-content\/uploads\/sites\/22\/2020\/12\/DATENSCHUTZ.jpg\",\"contentUrl\":\"https:\/\/vipgo.atsautomation.com\/iwk-de\/%20%20\/wp-content\/uploads\/sites\/22\/2020\/12\/DATENSCHUTZ.jpg\",\"width\":1899,\"height\":494},{\"@type\":\"BreadcrumbList\",\"@id\":\"https:\/\/vipgo.atsautomation.com\/iwk-de\/fr\/%20%20\/mentions-legales\/#breadcrumb\",\"itemListElement\":[{\"@type\":\"ListItem\",\"position\":1,\"name\":\"HOME\",\"item\":\"https:\/\/vipgo.atsautomation.com\/iwk-de\/fr\/%20%20\/\"},{\"@type\":\"ListItem\",\"position\":2,\"name\":\"MENTIONS L\u00c9GALES\"}]},{\"@type\":\"WebSite\",\"@id\":\"https:\/\/vipgo.atsautomation.com\/iwk-de\/%20%20\/#website\",\"url\":\"https:\/\/vipgo.atsautomation.com\/iwk-de\/%20%20\/\",\"name\":\"Innovative And Customized Manufacturing Solutions\",\"description\":\"\",\"publisher\":{\"@id\":\"https:\/\/vipgo.atsautomation.com\/iwk-de\/%20%20\/#organization\"},\"potentialAction\":[{\"@type\":\"SearchAction\",\"target\":{\"@type\":\"EntryPoint\",\"urlTemplate\":\"https:\/\/vipgo.atsautomation.com\/iwk-de\/%20%20\/?s={search_term_string}\"},\"query-input\":{\"@type\":\"PropertyValueSpecification\",\"valueRequired\":true,\"valueName\":\"search_term_string\"}}],\"inLanguage\":\"fr-FR\"},{\"@type\":\"Organization\",\"@id\":\"https:\/\/vipgo.atsautomation.com\/iwk-de\/%20%20\/#organization\",\"name\":\"Innovative And Customized Manufacturing Solutions\",\"url\":\"https:\/\/vipgo.atsautomation.com\/iwk-de\/%20%20\/\",\"logo\":{\"@type\":\"ImageObject\",\"inLanguage\":\"fr-FR\",\"@id\":\"https:\/\/vipgo.atsautomation.com\/iwk-de\/%20%20\/#\/schema\/logo\/image\/\",\"url\":\"https:\/\/vipgo.atsautomation.com\/iwk-de\/%20%20\/wp-content\/uploads\/sites\/22\/2023\/02\/LOGO_IWK_4c_Size_2.png\",\"contentUrl\":\"https:\/\/vipgo.atsautomation.com\/iwk-de\/%20%20\/wp-content\/uploads\/sites\/22\/2023\/02\/LOGO_IWK_4c_Size_2.png\",\"width\":238,\"height\":137,\"caption\":\"Innovative And Customized Manufacturing Solutions\"},\"image\":{\"@id\":\"https:\/\/vipgo.atsautomation.com\/iwk-de\/%20%20\/#\/schema\/logo\/image\/\"}}]}<\/script>\n<!-- \/ Yoast SEO Premium plugin. -->","yoast_head_json":{"title":"MENTIONS L\u00c9GALES - Innovative And Customized Manufacturing Solutions","robots":{"index":"index","follow":"follow","max-snippet":"max-snippet:-1","max-image-preview":"max-image-preview:large","max-video-preview":"max-video-preview:-1"},"canonical":"https:\/\/vipgo.atsautomation.com\/iwk-de\/fr\/  \/mentions-legales\/","og_locale":"fr_FR","og_type":"article","og_title":"MENTIONS L\u00c9GALES","og_description":"\u00c9diteur et personne responsable du contenu de www.iwk.de: IWK Verpackungstechnik GmbH Lorenzstra\u00dfe 6 76297 Stutensee AllemagneT +49 7244 968 0 info@iwk.de Directeur g\u00e9n\u00e9ral: Andreas Graf Tribunal d&rsquo;enregistrement: Amtsgericht Mannheim Registre du commerce HRB 10 27 76 No. d&rsquo;imp\u00f4t: 34422\/30692 No. de TVA: DE811126145 Avis de non-responsabilit\u00e9: les informations que vous trouvez sur le pr\u00e9sent site...Read More","og_url":"https:\/\/vipgo.atsautomation.com\/iwk-de\/fr\/  \/mentions-legales\/","og_site_name":"Innovative And Customized Manufacturing Solutions","article_modified_time":"2025-03-06T07:43:56+00:00","og_image":[{"width":1899,"height":494,"url":"https:\/\/vipgo.atsautomation.com\/iwk-de\/%20%20\/wp-content\/uploads\/sites\/22\/2020\/12\/DATENSCHUTZ.jpg","type":"image\/jpeg"}],"twitter_card":"summary_large_image","twitter_misc":{"Dur\u00e9e de lecture estim\u00e9e":"3 minutes"},"schema":{"@context":"https:\/\/schema.org","@graph":[{"@type":"WebPage","@id":"https:\/\/vipgo.atsautomation.com\/iwk-de\/fr\/%20%20\/mentions-legales\/","url":"https:\/\/vipgo.atsautomation.com\/iwk-de\/fr\/%20%20\/mentions-legales\/","name":"MENTIONS L\u00c9GALES - Innovative And Customized Manufacturing Solutions","isPartOf":{"@id":"https:\/\/vipgo.atsautomation.com\/iwk-de\/%20%20\/#website"},"primaryImageOfPage":{"@id":"https:\/\/vipgo.atsautomation.com\/iwk-de\/fr\/%20%20\/mentions-legales\/#primaryimage"},"image":{"@id":"https:\/\/vipgo.atsautomation.com\/iwk-de\/fr\/%20%20\/mentions-legales\/#primaryimage"},"thumbnailUrl":"https:\/\/vipgo.atsautomation.com\/iwk-de\/%20%20\/wp-content\/uploads\/sites\/22\/2020\/12\/DATENSCHUTZ.jpg","datePublished":"2021-01-12T20:18:22+00:00","dateModified":"2025-03-06T07:43:56+00:00","breadcrumb":{"@id":"https:\/\/vipgo.atsautomation.com\/iwk-de\/fr\/%20%20\/mentions-legales\/#breadcrumb"},"inLanguage":"fr-FR","potentialAction":[{"@type":"ReadAction","target":["https:\/\/vipgo.atsautomation.com\/iwk-de\/fr\/%20%20\/mentions-legales\/"]}]},{"@type":"ImageObject","inLanguage":"fr-FR","@id":"https:\/\/vipgo.atsautomation.com\/iwk-de\/fr\/%20%20\/mentions-legales\/#primaryimage","url":"https:\/\/vipgo.atsautomation.com\/iwk-de\/%20%20\/wp-content\/uploads\/sites\/22\/2020\/12\/DATENSCHUTZ.jpg","contentUrl":"https:\/\/vipgo.atsautomation.com\/iwk-de\/%20%20\/wp-content\/uploads\/sites\/22\/2020\/12\/DATENSCHUTZ.jpg","width":1899,"height":494},{"@type":"BreadcrumbList","@id":"https:\/\/vipgo.atsautomation.com\/iwk-de\/fr\/%20%20\/mentions-legales\/#breadcrumb","itemListElement":[{"@type":"ListItem","position":1,"name":"HOME","item":"https:\/\/vipgo.atsautomation.com\/iwk-de\/fr\/%20%20\/"},{"@type":"ListItem","position":2,"name":"MENTIONS L\u00c9GALES"}]},{"@type":"WebSite","@id":"https:\/\/vipgo.atsautomation.com\/iwk-de\/%20%20\/#website","url":"https:\/\/vipgo.atsautomation.com\/iwk-de\/%20%20\/","name":"Innovative And Customized Manufacturing Solutions","description":"","publisher":{"@id":"https:\/\/vipgo.atsautomation.com\/iwk-de\/%20%20\/#organization"},"potentialAction":[{"@type":"SearchAction","target":{"@type":"EntryPoint","urlTemplate":"https:\/\/vipgo.atsautomation.com\/iwk-de\/%20%20\/?s={search_term_string}"},"query-input":{"@type":"PropertyValueSpecification","valueRequired":true,"valueName":"search_term_string"}}],"inLanguage":"fr-FR"},{"@type":"Organization","@id":"https:\/\/vipgo.atsautomation.com\/iwk-de\/%20%20\/#organization","name":"Innovative And Customized Manufacturing Solutions","url":"https:\/\/vipgo.atsautomation.com\/iwk-de\/%20%20\/","logo":{"@type":"ImageObject","inLanguage":"fr-FR","@id":"https:\/\/vipgo.atsautomation.com\/iwk-de\/%20%20\/#\/schema\/logo\/image\/","url":"https:\/\/vipgo.atsautomation.com\/iwk-de\/%20%20\/wp-content\/uploads\/sites\/22\/2023\/02\/LOGO_IWK_4c_Size_2.png","contentUrl":"https:\/\/vipgo.atsautomation.com\/iwk-de\/%20%20\/wp-content\/uploads\/sites\/22\/2023\/02\/LOGO_IWK_4c_Size_2.png","width":238,"height":137,"caption":"Innovative And Customized Manufacturing Solutions"},"image":{"@id":"https:\/\/vipgo.atsautomation.com\/iwk-de\/%20%20\/#\/schema\/logo\/image\/"}}]}},"jetpack_sharing_enabled":true,"_links":{"self":[{"href":"https:\/\/vipgo.atsautomation.com\/iwk-de\/fr\/%20%20\/wp-json\/wp\/v2\/pages\/2845","targetHints":{"allow":["GET"]}}],"collection":[{"href":"https:\/\/vipgo.atsautomation.com\/iwk-de\/fr\/%20%20\/wp-json\/wp\/v2\/pages"}],"about":[{"href":"https:\/\/vipgo.atsautomation.com\/iwk-de\/fr\/%20%20\/wp-json\/wp\/v2\/types\/page"}],"author":[{"embeddable":true,"href":"https:\/\/vipgo.atsautomation.com\/iwk-de\/fr\/%20%20\/wp-json\/wp\/v2\/users\/63"}],"replies":[{"embeddable":true,"href":"https:\/\/vipgo.atsautomation.com\/iwk-de\/fr\/%20%20\/wp-json\/wp\/v2\/comments?post=2845"}],"version-history":[{"count":7,"href":"https:\/\/vipgo.atsautomation.com\/iwk-de\/fr\/%20%20\/wp-json\/wp\/v2\/pages\/2845\/revisions"}],"predecessor-version":[{"id":11522,"href":"https:\/\/vipgo.atsautomation.com\/iwk-de\/fr\/%20%20\/wp-json\/wp\/v2\/pages\/2845\/revisions\/11522"}],"wp:featuredmedia":[{"embeddable":true,"href":"https:\/\/vipgo.atsautomation.com\/iwk-de\/fr\/%20%20\/wp-json\/wp\/v2\/media\/2019"}],"wp:attachment":[{"href":"https:\/\/vipgo.atsautomation.com\/iwk-de\/fr\/%20%20\/wp-json\/wp\/v2\/media?parent=2845"}],"curies":[{"name":"wp","href":"https:\/\/api.w.org\/{rel}","templated":true}]}}