{"id":2869,"date":"2021-01-12T15:52:53","date_gmt":"2021-01-12T15:52:53","guid":{"rendered":"https:\/\/iwk.de\/?page_id=2869"},"modified":"2021-11-17T10:53:20","modified_gmt":"2021-11-17T10:53:20","slug":"professionnels-experimentes-et-diplomes","status":"publish","type":"page","link":"https:\/\/vipgo.atsautomation.com\/iwk-de\/fr\/%20%20\/carriere\/professionnels-experimentes-et-diplomes\/","title":{"rendered":"PROFESSIONNELS EXPERIMENT\u00c9S ET DIPLOM\u00c9S"},"content":{"rendered":"<div class=\"glance-second\">\n<div class=\"home-main row\"><span><span><a href=\"https:\/\/vipgo.atsautomation.com\/iwk-de\/fr\/%20%20\/\">HOME<\/a><\/span><\/span><\/p>\n<details>\n<summary>PROFESSIONNELS EXP\u00c9RIMENT\u00c9S<\/summary>\n<div class=\"faq__content\">\n<p>IWK Verpackungstechnik GmbH vous offre un environnement optimal pour la poursuite de votre carri\u00e8re et de votre d\u00e9veloppement professionnel.<\/p>\n<p>Les demandes croissantes en solutions efficaces pour l\u2019emballage de types de produits complexes placent constamment les ing\u00e9nieurs face \u00e0 de nouvelles exigences de plus en plus \u00e9lev\u00e9es. Ces demandes constituent \u00e9galement une source de motivation essentielle pour continuer \u00e0 d\u00e9velopper des solutions toujours plus performantes, ce qui souligne notre position de leader.<\/p>\n<p>En tant qu\u2019entreprise tourn\u00e9e vers le futur, nous proposons des perspectives \u00e0 tous les niveaux de hi\u00e9rarchie et \u00e0 l\u2019\u00e9tranger, et nous encourageons nos collaborateurs \u00e0 poursuivre leur d\u00e9veloppement personnel. Une r\u00e9mun\u00e9ration attractive, des horaires de travail flexibles et de nombreux avantages sociaux dans une atmosph\u00e8re de travail respectueuse et orient\u00e9e sur le travail d\u2019\u00e9quipe contribuent \u00e0 cr\u00e9er des conditions de travail id\u00e9ales. Une structure et des processus bien organis\u00e9s, notre dynamisme et des comp\u00e9tences dans des technologies exigeantes vous offrent d\u2019excellentes possibilit\u00e9s de carri\u00e8re.<\/p>\n<h4>IWK Application Center<\/h4>\n<p>D\u00e9posez votre candidature dans notre <a style=\"color: #2160ab; font-weight: bold;\" href=\"https:\/\/jobs.atsautomation.com\/?locale=fr_FR\" target=\"_blank\" rel=\"noopener\">Application Center<\/a> en cliquant sur le bouton \u201ePostuler maintenant\u201c: dans l\u2019offre d\u2019emploi concern\u00e9e. Vous serez automatiquement redirig\u00e9(e) vers la page de notre soci\u00e9t\u00e9 m\u00e8re ATS Automation Tooling Systems Inc. Votre candidature sera ensuite transmise \u00e0 notre entreprise, IWK Verpackungstechnik GmbH. Remarque: Nous vous demandons de cr\u00e9er un compte si c\u2019est votre premi\u00e8re connexion.<\/p>\n<\/div>\n<\/details>\n<details>\n<summary>DIPL\u00d4M\u00c9S<\/summary>\n<div class=\"faq__content\">\n<p>Les exigences \u00e9lev\u00e9es du march\u00e9 des technologies d\u2019emballage poussent notre entreprise \u00e0 rechercher constamment des am\u00e9liorations techniques et de nouvelles solutions \u00e9conomiques pour nos machines d\u2019emballage.<br \/>\nIWK a su cr\u00e9er un environnement de travail qui encourage les nouveaux arrivants en fonction de leurs qualifications et qui leur offre de nombreuses possibilit\u00e9s:<\/p>\n<ul>\n<li>Excellentes possibilit\u00e9s de d\u00e9veloppement et d\u2019\u00e9volution<\/li>\n<li>Libert\u00e9 de cr\u00e9ativit\u00e9<\/li>\n<li>Travail en autonomie<\/li>\n<li>T\u00e2ches diversifi\u00e9es et activit\u00e9s int\u00e9ressantes<\/li>\n<\/ul>\n<h4>\u00c9lectrotechnique et informatique<\/h4>\n<p>Dans l\u2019environnement passionnant et innovant de la construction de machines sp\u00e9cialis\u00e9es et en raison du haut niveau d\u2019automatisation de nos machines d\u2019emballage, l\u2019\u00e9lectrotechnique joue un r\u00f4le de plus en plus important dans l\u2019ensemble de nos activit\u00e9s. En tant que dipl\u00f4m\u00e9 d\u2019une \u00e9cole sup\u00e9rieure ou d\u2019une universit\u00e9, nous vous proposons une grande diversit\u00e9 de syst\u00e8mes de commande, de traitement d\u2019image et de syst\u00e8mes robotis\u00e9s, ainsi que de r\u00e9aliser la conception de visualisations \u00e0 l\u2019aide d\u2019outils dernier cri et de technologies logicielles tourn\u00e9es vers le futur, notamment la programmation orient\u00e9e objet pour la technologie de commande et d\u2019entra\u00eenement.<\/p>\n<h4>Construction m\u00e9canique<\/h4>\n<p>Les exigences des clients en perp\u00e9tuelle \u00e9volution imposent des exigences \u00e9lev\u00e9es en ce qui concerne la fabrication des syst\u00e8mes d\u2019automatisation et des composants m\u00e9caniques individuels: un environnement id\u00e9al pour associer esprit d\u2019innovation et exp\u00e9rience de plusieurs ann\u00e9es.<\/p>\n<p>Ing\u00e9nierie industrielle: Il est de plus en plus important de d\u00e9terminer les aspects \u00e9conomiques en fonction des conditions techniques. L\u2019association des march\u00e9s, des produits et du processus d\u2019exploitation joue un r\u00f4le de plus en plus important.<\/p>\n<p>Les nombreuses ann\u00e9es d\u2019exp\u00e9rience et l\u2019esprit d\u2019innovation de notre entreprise nous permettent de fournir \u00e0 nos clients de nouvelles et passionnantes technologies dans la technologie d\u2019emballage. Vous devez \u00eatre ouvert(e) aux nouveaut\u00e9s, vous impliquer dans votre travail, avoir un bon esprit d\u2019\u00e9quipe ainsi que de bonnes connaissances en langues (anglais, fran\u00e7ais, espagnol).<\/p>\n<h4>IWK Application Center<\/h4>\n<p>D\u00e9posez votre candidature dans notre <a style=\"color: #2160ab; font-weight: bold;\" href=\"https:\/\/jobs.atsautomation.com\/?locale=fr_FR\" target=\"_blank\" rel=\"noopener\">Application Center<\/a> en cliquant sur le bouton \u201ePostuler maintenant\u201c: dans l\u2019offre d\u2019emploi concern\u00e9e. Vous serez automatiquement redirig\u00e9(e) vers la page de notre soci\u00e9t\u00e9 m\u00e8re ATS Automation Tooling Systems Inc. Votre candidature sera ensuite transmise \u00e0 notre entreprise, IWK Verpackungstechnik GmbH. Remarque: Nous vous demandons de cr\u00e9er un compte si c\u2019est votre premi\u00e8re connexion.<\/p>\n<\/div>\n<\/details>\n<p>&nbsp;<\/p>\n<p><a class=\"backLink\" href=\"https:\/\/iwk.de\/fr\/carriere\/\" target=\"_self\" rel=\"noopener\">RETOUR VERS \u201eCARRI\u00c8RE\u201c<\/a><\/p>\n<\/div>\n<\/div>\n","protected":false},"excerpt":{"rendered":"<p>PROFESSIONNELS EXP\u00c9RIMENT\u00c9S IWK Verpackungstechnik GmbH vous offre un environnement optimal pour la poursuite de votre carri\u00e8re et de votre d\u00e9veloppement professionnel. Les demandes croissantes en solutions efficaces pour l\u2019emballage de types de produits complexes placent constamment les ing\u00e9nieurs face \u00e0 de nouvelles exigences de plus en plus \u00e9lev\u00e9es. Ces demandes constituent \u00e9galement une source de&#8230;<\/p>\n<div class=\"post-button\"><a href=\"https:\/\/vipgo.atsautomation.com\/iwk-de\/fr\/%20%20\/carriere\/professionnels-experimentes-et-diplomes\/\">Read More<\/a><\/div>\n","protected":false},"author":63,"featured_media":2113,"parent":2867,"menu_order":0,"comment_status":"closed","ping_status":"closed","template":"","meta":{"inline_featured_image":false,"footnotes":""},"class_list":["post-2869","page","type-page","status-publish","has-post-thumbnail","hentry"],"yoast_head":"<!-- This site is optimized with the Yoast SEO Premium plugin v26.8 (Yoast SEO v26.8) - https:\/\/yoast.com\/product\/yoast-seo-premium-wordpress\/ -->\n<title>PROFESSIONNELS EXPERIMENT\u00c9S ET DIPLOM\u00c9S - Innovative And Customized Manufacturing Solutions<\/title>\n<meta name=\"robots\" content=\"index, follow, max-snippet:-1, max-image-preview:large, max-video-preview:-1\" \/>\n<link rel=\"canonical\" href=\"https:\/\/vipgo.atsautomation.com\/iwk-de\/fr\/%20%20\/carriere\/professionnels-experimentes-et-diplomes\/\" \/>\n<meta property=\"og:locale\" content=\"fr_FR\" \/>\n<meta property=\"og:type\" content=\"article\" \/>\n<meta property=\"og:title\" content=\"PROFESSIONNELS EXPERIMENT\u00c9S ET DIPLOM\u00c9S\" \/>\n<meta property=\"og:description\" content=\"PROFESSIONNELS EXP\u00c9RIMENT\u00c9S IWK Verpackungstechnik GmbH vous offre un environnement optimal pour la poursuite de votre carri\u00e8re et de votre d\u00e9veloppement professionnel. Les demandes croissantes en solutions efficaces pour l\u2019emballage de types de produits complexes placent constamment les ing\u00e9nieurs face \u00e0 de nouvelles exigences de plus en plus \u00e9lev\u00e9es. Ces demandes constituent \u00e9galement une source de...Read More\" \/>\n<meta property=\"og:url\" content=\"https:\/\/vipgo.atsautomation.com\/iwk-de\/fr\/  \/carriere\/professionnels-experimentes-et-diplomes\/\" \/>\n<meta property=\"og:site_name\" content=\"Innovative And Customized Manufacturing Solutions\" \/>\n<meta property=\"article:modified_time\" content=\"2021-11-17T10:53:20+00:00\" \/>\n<meta property=\"og:image\" content=\"https:\/\/vipgo.atsautomation.com\/iwk-de\/%20%20\/wp-content\/uploads\/sites\/22\/2021\/01\/career.jpg\" \/>\n\t<meta property=\"og:image:width\" content=\"1895\" \/>\n\t<meta property=\"og:image:height\" content=\"727\" \/>\n\t<meta property=\"og:image:type\" content=\"image\/jpeg\" \/>\n<meta name=\"twitter:card\" content=\"summary_large_image\" \/>\n<meta name=\"twitter:label1\" content=\"Dur\u00e9e de lecture estim\u00e9e\" \/>\n\t<meta name=\"twitter:data1\" content=\"3 minutes\" \/>\n<script type=\"application\/ld+json\" class=\"yoast-schema-graph\">{\"@context\":\"https:\/\/schema.org\",\"@graph\":[{\"@type\":\"WebPage\",\"@id\":\"https:\/\/vipgo.atsautomation.com\/iwk-de\/fr\/%20%20\/carriere\/professionnels-experimentes-et-diplomes\/\",\"url\":\"https:\/\/vipgo.atsautomation.com\/iwk-de\/fr\/%20%20\/carriere\/professionnels-experimentes-et-diplomes\/\",\"name\":\"PROFESSIONNELS EXPERIMENT\u00c9S ET DIPLOM\u00c9S - Innovative And Customized Manufacturing Solutions\",\"isPartOf\":{\"@id\":\"https:\/\/vipgo.atsautomation.com\/iwk-de\/%20%20\/#website\"},\"primaryImageOfPage\":{\"@id\":\"https:\/\/vipgo.atsautomation.com\/iwk-de\/fr\/%20%20\/carriere\/professionnels-experimentes-et-diplomes\/#primaryimage\"},\"image\":{\"@id\":\"https:\/\/vipgo.atsautomation.com\/iwk-de\/fr\/%20%20\/carriere\/professionnels-experimentes-et-diplomes\/#primaryimage\"},\"thumbnailUrl\":\"https:\/\/vipgo.atsautomation.com\/iwk-de\/%20%20\/wp-content\/uploads\/sites\/22\/2021\/01\/career.jpg\",\"datePublished\":\"2021-01-12T15:52:53+00:00\",\"dateModified\":\"2021-11-17T10:53:20+00:00\",\"breadcrumb\":{\"@id\":\"https:\/\/vipgo.atsautomation.com\/iwk-de\/fr\/%20%20\/carriere\/professionnels-experimentes-et-diplomes\/#breadcrumb\"},\"inLanguage\":\"fr-FR\",\"potentialAction\":[{\"@type\":\"ReadAction\",\"target\":[\"https:\/\/vipgo.atsautomation.com\/iwk-de\/fr\/%20%20\/carriere\/professionnels-experimentes-et-diplomes\/\"]}]},{\"@type\":\"ImageObject\",\"inLanguage\":\"fr-FR\",\"@id\":\"https:\/\/vipgo.atsautomation.com\/iwk-de\/fr\/%20%20\/carriere\/professionnels-experimentes-et-diplomes\/#primaryimage\",\"url\":\"https:\/\/vipgo.atsautomation.com\/iwk-de\/%20%20\/wp-content\/uploads\/sites\/22\/2021\/01\/career.jpg\",\"contentUrl\":\"https:\/\/vipgo.atsautomation.com\/iwk-de\/%20%20\/wp-content\/uploads\/sites\/22\/2021\/01\/career.jpg\",\"width\":1895,\"height\":727},{\"@type\":\"BreadcrumbList\",\"@id\":\"https:\/\/vipgo.atsautomation.com\/iwk-de\/fr\/%20%20\/carriere\/professionnels-experimentes-et-diplomes\/#breadcrumb\",\"itemListElement\":[{\"@type\":\"ListItem\",\"position\":1,\"name\":\"HOME\",\"item\":\"https:\/\/vipgo.atsautomation.com\/iwk-de\/fr\/%20%20\/\"},{\"@type\":\"ListItem\",\"position\":2,\"name\":\"CARRI\u00c8RE\",\"item\":\"https:\/\/vipgo.atsautomation.com\/iwk-de\/fr\/%20%20\/carriere\/\"},{\"@type\":\"ListItem\",\"position\":3,\"name\":\"PROFESSIONNELS EXPERIMENT\u00c9S ET DIPLOM\u00c9S\"}]},{\"@type\":\"WebSite\",\"@id\":\"https:\/\/vipgo.atsautomation.com\/iwk-de\/%20%20\/#website\",\"url\":\"https:\/\/vipgo.atsautomation.com\/iwk-de\/%20%20\/\",\"name\":\"Innovative And Customized Manufacturing Solutions\",\"description\":\"\",\"publisher\":{\"@id\":\"https:\/\/vipgo.atsautomation.com\/iwk-de\/%20%20\/#organization\"},\"potentialAction\":[{\"@type\":\"SearchAction\",\"target\":{\"@type\":\"EntryPoint\",\"urlTemplate\":\"https:\/\/vipgo.atsautomation.com\/iwk-de\/%20%20\/?s={search_term_string}\"},\"query-input\":{\"@type\":\"PropertyValueSpecification\",\"valueRequired\":true,\"valueName\":\"search_term_string\"}}],\"inLanguage\":\"fr-FR\"},{\"@type\":\"Organization\",\"@id\":\"https:\/\/vipgo.atsautomation.com\/iwk-de\/%20%20\/#organization\",\"name\":\"Innovative And Customized Manufacturing Solutions\",\"url\":\"https:\/\/vipgo.atsautomation.com\/iwk-de\/%20%20\/\",\"logo\":{\"@type\":\"ImageObject\",\"inLanguage\":\"fr-FR\",\"@id\":\"https:\/\/vipgo.atsautomation.com\/iwk-de\/%20%20\/#\/schema\/logo\/image\/\",\"url\":\"https:\/\/vipgo.atsautomation.com\/iwk-de\/%20%20\/wp-content\/uploads\/sites\/22\/2023\/02\/LOGO_IWK_4c_Size_2.png\",\"contentUrl\":\"https:\/\/vipgo.atsautomation.com\/iwk-de\/%20%20\/wp-content\/uploads\/sites\/22\/2023\/02\/LOGO_IWK_4c_Size_2.png\",\"width\":238,\"height\":137,\"caption\":\"Innovative And Customized Manufacturing Solutions\"},\"image\":{\"@id\":\"https:\/\/vipgo.atsautomation.com\/iwk-de\/%20%20\/#\/schema\/logo\/image\/\"}}]}<\/script>\n<!-- \/ Yoast SEO Premium plugin. -->","yoast_head_json":{"title":"PROFESSIONNELS EXPERIMENT\u00c9S ET DIPLOM\u00c9S - Innovative And Customized Manufacturing Solutions","robots":{"index":"index","follow":"follow","max-snippet":"max-snippet:-1","max-image-preview":"max-image-preview:large","max-video-preview":"max-video-preview:-1"},"canonical":"https:\/\/vipgo.atsautomation.com\/iwk-de\/fr\/  \/carriere\/professionnels-experimentes-et-diplomes\/","og_locale":"fr_FR","og_type":"article","og_title":"PROFESSIONNELS EXPERIMENT\u00c9S ET DIPLOM\u00c9S","og_description":"PROFESSIONNELS EXP\u00c9RIMENT\u00c9S IWK Verpackungstechnik GmbH vous offre un environnement optimal pour la poursuite de votre carri\u00e8re et de votre d\u00e9veloppement professionnel. Les demandes croissantes en solutions efficaces pour l\u2019emballage de types de produits complexes placent constamment les ing\u00e9nieurs face \u00e0 de nouvelles exigences de plus en plus \u00e9lev\u00e9es. Ces demandes constituent \u00e9galement une source de...Read More","og_url":"https:\/\/vipgo.atsautomation.com\/iwk-de\/fr\/  \/carriere\/professionnels-experimentes-et-diplomes\/","og_site_name":"Innovative And Customized Manufacturing Solutions","article_modified_time":"2021-11-17T10:53:20+00:00","og_image":[{"width":1895,"height":727,"url":"https:\/\/vipgo.atsautomation.com\/iwk-de\/%20%20\/wp-content\/uploads\/sites\/22\/2021\/01\/career.jpg","type":"image\/jpeg"}],"twitter_card":"summary_large_image","twitter_misc":{"Dur\u00e9e de lecture estim\u00e9e":"3 minutes"},"schema":{"@context":"https:\/\/schema.org","@graph":[{"@type":"WebPage","@id":"https:\/\/vipgo.atsautomation.com\/iwk-de\/fr\/%20%20\/carriere\/professionnels-experimentes-et-diplomes\/","url":"https:\/\/vipgo.atsautomation.com\/iwk-de\/fr\/%20%20\/carriere\/professionnels-experimentes-et-diplomes\/","name":"PROFESSIONNELS EXPERIMENT\u00c9S ET DIPLOM\u00c9S - Innovative And Customized Manufacturing Solutions","isPartOf":{"@id":"https:\/\/vipgo.atsautomation.com\/iwk-de\/%20%20\/#website"},"primaryImageOfPage":{"@id":"https:\/\/vipgo.atsautomation.com\/iwk-de\/fr\/%20%20\/carriere\/professionnels-experimentes-et-diplomes\/#primaryimage"},"image":{"@id":"https:\/\/vipgo.atsautomation.com\/iwk-de\/fr\/%20%20\/carriere\/professionnels-experimentes-et-diplomes\/#primaryimage"},"thumbnailUrl":"https:\/\/vipgo.atsautomation.com\/iwk-de\/%20%20\/wp-content\/uploads\/sites\/22\/2021\/01\/career.jpg","datePublished":"2021-01-12T15:52:53+00:00","dateModified":"2021-11-17T10:53:20+00:00","breadcrumb":{"@id":"https:\/\/vipgo.atsautomation.com\/iwk-de\/fr\/%20%20\/carriere\/professionnels-experimentes-et-diplomes\/#breadcrumb"},"inLanguage":"fr-FR","potentialAction":[{"@type":"ReadAction","target":["https:\/\/vipgo.atsautomation.com\/iwk-de\/fr\/%20%20\/carriere\/professionnels-experimentes-et-diplomes\/"]}]},{"@type":"ImageObject","inLanguage":"fr-FR","@id":"https:\/\/vipgo.atsautomation.com\/iwk-de\/fr\/%20%20\/carriere\/professionnels-experimentes-et-diplomes\/#primaryimage","url":"https:\/\/vipgo.atsautomation.com\/iwk-de\/%20%20\/wp-content\/uploads\/sites\/22\/2021\/01\/career.jpg","contentUrl":"https:\/\/vipgo.atsautomation.com\/iwk-de\/%20%20\/wp-content\/uploads\/sites\/22\/2021\/01\/career.jpg","width":1895,"height":727},{"@type":"BreadcrumbList","@id":"https:\/\/vipgo.atsautomation.com\/iwk-de\/fr\/%20%20\/carriere\/professionnels-experimentes-et-diplomes\/#breadcrumb","itemListElement":[{"@type":"ListItem","position":1,"name":"HOME","item":"https:\/\/vipgo.atsautomation.com\/iwk-de\/fr\/%20%20\/"},{"@type":"ListItem","position":2,"name":"CARRI\u00c8RE","item":"https:\/\/vipgo.atsautomation.com\/iwk-de\/fr\/%20%20\/carriere\/"},{"@type":"ListItem","position":3,"name":"PROFESSIONNELS EXPERIMENT\u00c9S ET DIPLOM\u00c9S"}]},{"@type":"WebSite","@id":"https:\/\/vipgo.atsautomation.com\/iwk-de\/%20%20\/#website","url":"https:\/\/vipgo.atsautomation.com\/iwk-de\/%20%20\/","name":"Innovative And Customized Manufacturing Solutions","description":"","publisher":{"@id":"https:\/\/vipgo.atsautomation.com\/iwk-de\/%20%20\/#organization"},"potentialAction":[{"@type":"SearchAction","target":{"@type":"EntryPoint","urlTemplate":"https:\/\/vipgo.atsautomation.com\/iwk-de\/%20%20\/?s={search_term_string}"},"query-input":{"@type":"PropertyValueSpecification","valueRequired":true,"valueName":"search_term_string"}}],"inLanguage":"fr-FR"},{"@type":"Organization","@id":"https:\/\/vipgo.atsautomation.com\/iwk-de\/%20%20\/#organization","name":"Innovative And Customized Manufacturing Solutions","url":"https:\/\/vipgo.atsautomation.com\/iwk-de\/%20%20\/","logo":{"@type":"ImageObject","inLanguage":"fr-FR","@id":"https:\/\/vipgo.atsautomation.com\/iwk-de\/%20%20\/#\/schema\/logo\/image\/","url":"https:\/\/vipgo.atsautomation.com\/iwk-de\/%20%20\/wp-content\/uploads\/sites\/22\/2023\/02\/LOGO_IWK_4c_Size_2.png","contentUrl":"https:\/\/vipgo.atsautomation.com\/iwk-de\/%20%20\/wp-content\/uploads\/sites\/22\/2023\/02\/LOGO_IWK_4c_Size_2.png","width":238,"height":137,"caption":"Innovative And Customized Manufacturing Solutions"},"image":{"@id":"https:\/\/vipgo.atsautomation.com\/iwk-de\/%20%20\/#\/schema\/logo\/image\/"}}]}},"jetpack_sharing_enabled":true,"_links":{"self":[{"href":"https:\/\/vipgo.atsautomation.com\/iwk-de\/fr\/%20%20\/wp-json\/wp\/v2\/pages\/2869","targetHints":{"allow":["GET"]}}],"collection":[{"href":"https:\/\/vipgo.atsautomation.com\/iwk-de\/fr\/%20%20\/wp-json\/wp\/v2\/pages"}],"about":[{"href":"https:\/\/vipgo.atsautomation.com\/iwk-de\/fr\/%20%20\/wp-json\/wp\/v2\/types\/page"}],"author":[{"embeddable":true,"href":"https:\/\/vipgo.atsautomation.com\/iwk-de\/fr\/%20%20\/wp-json\/wp\/v2\/users\/63"}],"replies":[{"embeddable":true,"href":"https:\/\/vipgo.atsautomation.com\/iwk-de\/fr\/%20%20\/wp-json\/wp\/v2\/comments?post=2869"}],"version-history":[{"count":6,"href":"https:\/\/vipgo.atsautomation.com\/iwk-de\/fr\/%20%20\/wp-json\/wp\/v2\/pages\/2869\/revisions"}],"predecessor-version":[{"id":8360,"href":"https:\/\/vipgo.atsautomation.com\/iwk-de\/fr\/%20%20\/wp-json\/wp\/v2\/pages\/2869\/revisions\/8360"}],"up":[{"embeddable":true,"href":"https:\/\/vipgo.atsautomation.com\/iwk-de\/fr\/%20%20\/wp-json\/wp\/v2\/pages\/2867"}],"wp:featuredmedia":[{"embeddable":true,"href":"https:\/\/vipgo.atsautomation.com\/iwk-de\/fr\/%20%20\/wp-json\/wp\/v2\/media\/2113"}],"wp:attachment":[{"href":"https:\/\/vipgo.atsautomation.com\/iwk-de\/fr\/%20%20\/wp-json\/wp\/v2\/media?parent=2869"}],"curies":[{"name":"wp","href":"https:\/\/api.w.org\/{rel}","templated":true}]}}