{"id":2963,"date":"2021-01-06T16:19:44","date_gmt":"2021-01-06T16:19:44","guid":{"rendered":"https:\/\/iwk.de\/?page_id=2963"},"modified":"2022-06-20T08:51:04","modified_gmt":"2022-06-20T08:51:04","slug":"produits-et-solutions","status":"publish","type":"page","link":"https:\/\/vipgo.atsautomation.com\/iwk-de\/fr\/%20%20\/produits-et-solutions\/","title":{"rendered":"PRODUITS ET  SOLUTIONS"},"content":{"rendered":"<div class=\"home-main row\">\n<span><span><a href=\"https:\/\/vipgo.atsautomation.com\/iwk-de\/fr\/%20%20\/\">HOME<\/a><\/span><\/span><\/p>\n<h2>Produits et solutions: machines et installations de lignes<\/h2>\n<p>IWK fournit des produits d\u2019excellente qualit\u00e9 et des solutions compl\u00e8tes aussi bien pour l\u2019installation de lignes que sous forme de machines individuelles. Bien \u00e9videmment, cela s\u2019accompagne d\u2019une flexibilit\u00e9, d\u2019une fiabilit\u00e9 et de performances incomparables, qui font partie int\u00e9grante de notre ADN.<\/p>\n<div class=\"row\">\n<div class=\"column-product-left\">\n<div class=\"bildTeaser\">\n<h3>MARCH\u00c9S ET APPLICATIONS<\/h3>\n<p>Les secteurs du pharmaceutique et de la cosm\u00e9tique repr\u00e9sentent le premier march\u00e9 approvisionn\u00e9 par IWK. Nous sommes \u00e9galement leaders sur les march\u00e9s secondaires de ces secteurs. Le secteur de l\u2019agroalimentaire et des boissons constitue notre troisi\u00e8me segment de march\u00e9 principal.<\/p>\n<figure><img loading=\"lazy\" decoding=\"async\" class=\"image-embed-item\" src=\"https:\/\/iwk.de\/wp-content\/uploads\/sites\/22\/2021\/01\/maerkte.jpg\" alt=\"M\u00c4RKTE &amp; ANWENDUNGEN\" width=\"468\" height=\"318\" \/><figcaption>\n<p class=\"plusicon text-center\"><a href=\"https:\/\/iwk.de\/fr\/produits-et-solutions\/marche-et-applications\/\" target=\"_self\" rel=\"noopener\"><img decoding=\"async\" src=\"https:\/\/iwk.de\/wp-content\/uploads\/sites\/22\/2021\/01\/plus-icon-01.png\" \/><\/a><\/p>\n<\/figcaption><\/figure>\n<\/div>\n<\/div>\n<div class=\"column-product-right \">\n<div class=\"bildTeaser\">\n<h3>MASCHINES<\/h3>\n<p>IWK est appr\u00e9ci\u00e9e de ses clients pour ses technologies de pointe, son exp\u00e9rience des lignes de production ainsi que ses machines haut de gamme offrent d\u2019excellentes performances et une fiabilit\u00e9 maximale.<\/p>\n<figure><img loading=\"lazy\" decoding=\"async\" class=\"image-embed-item\" src=\"https:\/\/iwk.de\/wp-content\/uploads\/sites\/22\/2021\/01\/maschinen.jpg\" alt=\"Maschinen\" width=\"468\" height=\"318\" \/><figcaption>\n<p class=\"plusicon text-center\"><a href=\"\/fr\/machines\/\" target=\"_self\" rel=\"noopener\"><img decoding=\"async\" src=\"https:\/\/iwk.de\/wp-content\/uploads\/sites\/22\/2021\/01\/plus-icon-01.png\" \/><\/a><\/p>\n<\/figcaption><\/figure>\n<\/div>\n<\/div>\n<\/div>\n<div class=\"row\">\n<div class=\"column-product-left\">\n<div class=\"bildTeaser\">\n<h3>LIGNES CL\u00c9S EN MAIN<\/h3>\n<p>En tant que fabricant leader d\u2019installations de remplissage et d\u2019emballage dans les secteurs pharmaceutique et cosm\u00e9tique, nous sommes les mieux plac\u00e9s pour r\u00e9pondre \u00e0 vos exigences. Gr\u00e2ce \u00e0 des services de conseil d\u00e8s le d\u00e9but du projet, nous assurons le d\u00e9roulement optimal de celui-ci.<\/p>\n<figure><img loading=\"lazy\" decoding=\"async\" class=\"image-embed-item\" src=\"https:\/\/iwk.de\/wp-content\/uploads\/sites\/22\/2021\/01\/turnkey.jpg\" alt=\"TurnkeyLINIEN\" width=\"468\" height=\"318\" \/><figcaption>\n<p class=\"plusicon text-center\"><a href=\"https:\/\/iwk.de\/fr\/lignes-cles-en-main-iwk\/\" target=\"_self\" rel=\"noopener\"><img decoding=\"async\" src=\"https:\/\/iwk.de\/wp-content\/uploads\/sites\/22\/2021\/01\/plus-icon-01.png\" \/><\/a><\/p>\n<\/figcaption><\/figure>\n<\/div>\n<\/div>\n<div class=\"column-product-right \">\n<div class=\"bildTeaser\">\n<h3>SOLUTIONS SUR MESURE POUR LES CLIENTS<\/h3>\n<p>Des solutions sur mesure impliquent que votre installation de production soit enti\u00e8rement d\u00e9di\u00e9e au produit \u00e0 fabriquer afin d\u2019assurer une s\u00e9curit\u00e9 optimale du traitement.<\/p>\n<figure><img loading=\"lazy\" decoding=\"async\" class=\"image-embed-item\" src=\"https:\/\/iwk.de\/wp-content\/uploads\/sites\/22\/2021\/01\/kundenspezifische_loesungen.jpg\" alt=\"SOLUTIONS\" width=\"468\" height=\"318\" \/><figcaption>\n<p class=\"plusicon text-center\"><a href=\"https:\/\/iwk.de\/fr\/solutions-personnalisees\/\" target=\"_self\" rel=\"noopener\"><img loading=\"lazy\" decoding=\"async\" src=\"https:\/\/iwk.de\/wp-content\/uploads\/sites\/22\/2021\/01\/plus-icon-01.png\" width=\"468\" height=\"318\" \/><\/a><\/p>\n<\/figcaption><\/figure>\n<\/div>\n<\/div>\n<\/div>\n<\/div>\n","protected":false},"excerpt":{"rendered":"<p>Produits et solutions: machines et installations de lignes IWK fournit des produits d\u2019excellente qualit\u00e9 et des solutions compl\u00e8tes aussi bien pour l\u2019installation de lignes que sous forme de machines individuelles. Bien \u00e9videmment, cela s\u2019accompagne d\u2019une flexibilit\u00e9, d\u2019une fiabilit\u00e9 et de performances incomparables, qui font partie int\u00e9grante de notre ADN. MARCH\u00c9S ET APPLICATIONS Les secteurs du&#8230;<\/p>\n<div class=\"post-button\"><a href=\"https:\/\/vipgo.atsautomation.com\/iwk-de\/fr\/%20%20\/produits-et-solutions\/\">Read More<\/a><\/div>\n","protected":false},"author":63,"featured_media":2093,"parent":0,"menu_order":0,"comment_status":"closed","ping_status":"closed","template":"","meta":{"inline_featured_image":false,"footnotes":""},"class_list":["post-2963","page","type-page","status-publish","has-post-thumbnail","hentry"],"yoast_head":"<!-- This site is optimized with the Yoast SEO Premium plugin v26.8 (Yoast SEO v26.8) - https:\/\/yoast.com\/product\/yoast-seo-premium-wordpress\/ -->\n<title>PRODUITS ET SOLUTIONS - Innovative And Customized Manufacturing Solutions<\/title>\n<meta name=\"robots\" content=\"index, follow, max-snippet:-1, max-image-preview:large, max-video-preview:-1\" \/>\n<link rel=\"canonical\" href=\"https:\/\/vipgo.atsautomation.com\/iwk-de\/fr\/%20%20\/produits-et-solutions\/\" \/>\n<meta property=\"og:locale\" content=\"fr_FR\" \/>\n<meta property=\"og:type\" content=\"article\" \/>\n<meta property=\"og:title\" content=\"PRODUITS ET SOLUTIONS\" \/>\n<meta property=\"og:description\" content=\"Produits et solutions: machines et installations de lignes IWK fournit des produits d\u2019excellente qualit\u00e9 et des solutions compl\u00e8tes aussi bien pour l\u2019installation de lignes que sous forme de machines individuelles. Bien \u00e9videmment, cela s\u2019accompagne d\u2019une flexibilit\u00e9, d\u2019une fiabilit\u00e9 et de performances incomparables, qui font partie int\u00e9grante de notre ADN. MARCH\u00c9S ET APPLICATIONS Les secteurs du...Read More\" \/>\n<meta property=\"og:url\" content=\"https:\/\/vipgo.atsautomation.com\/iwk-de\/fr\/  \/produits-et-solutions\/\" \/>\n<meta property=\"og:site_name\" content=\"Innovative And Customized Manufacturing Solutions\" \/>\n<meta property=\"article:modified_time\" content=\"2022-06-20T08:51:04+00:00\" \/>\n<meta property=\"og:image\" content=\"https:\/\/vipgo.atsautomation.com\/iwk-de\/%20%20\/wp-content\/uploads\/sites\/22\/2021\/01\/products.jpg\" \/>\n\t<meta property=\"og:image:width\" content=\"1898\" \/>\n\t<meta property=\"og:image:height\" content=\"723\" \/>\n\t<meta property=\"og:image:type\" content=\"image\/jpeg\" \/>\n<meta name=\"twitter:card\" content=\"summary_large_image\" \/>\n<meta name=\"twitter:label1\" content=\"Dur\u00e9e de lecture estim\u00e9e\" \/>\n\t<meta name=\"twitter:data1\" content=\"1 minute\" \/>\n<script type=\"application\/ld+json\" class=\"yoast-schema-graph\">{\"@context\":\"https:\/\/schema.org\",\"@graph\":[{\"@type\":\"WebPage\",\"@id\":\"https:\/\/vipgo.atsautomation.com\/iwk-de\/fr\/%20%20\/produits-et-solutions\/\",\"url\":\"https:\/\/vipgo.atsautomation.com\/iwk-de\/fr\/%20%20\/produits-et-solutions\/\",\"name\":\"PRODUITS ET SOLUTIONS - Innovative And Customized Manufacturing Solutions\",\"isPartOf\":{\"@id\":\"https:\/\/vipgo.atsautomation.com\/iwk-de\/%20%20\/#website\"},\"primaryImageOfPage\":{\"@id\":\"https:\/\/vipgo.atsautomation.com\/iwk-de\/fr\/%20%20\/produits-et-solutions\/#primaryimage\"},\"image\":{\"@id\":\"https:\/\/vipgo.atsautomation.com\/iwk-de\/fr\/%20%20\/produits-et-solutions\/#primaryimage\"},\"thumbnailUrl\":\"https:\/\/vipgo.atsautomation.com\/iwk-de\/%20%20\/wp-content\/uploads\/sites\/22\/2021\/01\/products.jpg\",\"datePublished\":\"2021-01-06T16:19:44+00:00\",\"dateModified\":\"2022-06-20T08:51:04+00:00\",\"breadcrumb\":{\"@id\":\"https:\/\/vipgo.atsautomation.com\/iwk-de\/fr\/%20%20\/produits-et-solutions\/#breadcrumb\"},\"inLanguage\":\"fr-FR\",\"potentialAction\":[{\"@type\":\"ReadAction\",\"target\":[\"https:\/\/vipgo.atsautomation.com\/iwk-de\/fr\/%20%20\/produits-et-solutions\/\"]}]},{\"@type\":\"ImageObject\",\"inLanguage\":\"fr-FR\",\"@id\":\"https:\/\/vipgo.atsautomation.com\/iwk-de\/fr\/%20%20\/produits-et-solutions\/#primaryimage\",\"url\":\"https:\/\/vipgo.atsautomation.com\/iwk-de\/%20%20\/wp-content\/uploads\/sites\/22\/2021\/01\/products.jpg\",\"contentUrl\":\"https:\/\/vipgo.atsautomation.com\/iwk-de\/%20%20\/wp-content\/uploads\/sites\/22\/2021\/01\/products.jpg\",\"width\":1898,\"height\":723},{\"@type\":\"BreadcrumbList\",\"@id\":\"https:\/\/vipgo.atsautomation.com\/iwk-de\/fr\/%20%20\/produits-et-solutions\/#breadcrumb\",\"itemListElement\":[{\"@type\":\"ListItem\",\"position\":1,\"name\":\"HOME\",\"item\":\"https:\/\/vipgo.atsautomation.com\/iwk-de\/fr\/%20%20\/\"},{\"@type\":\"ListItem\",\"position\":2,\"name\":\"PRODUITS ET SOLUTIONS\"}]},{\"@type\":\"WebSite\",\"@id\":\"https:\/\/vipgo.atsautomation.com\/iwk-de\/%20%20\/#website\",\"url\":\"https:\/\/vipgo.atsautomation.com\/iwk-de\/%20%20\/\",\"name\":\"Innovative And Customized Manufacturing Solutions\",\"description\":\"\",\"publisher\":{\"@id\":\"https:\/\/vipgo.atsautomation.com\/iwk-de\/%20%20\/#organization\"},\"potentialAction\":[{\"@type\":\"SearchAction\",\"target\":{\"@type\":\"EntryPoint\",\"urlTemplate\":\"https:\/\/vipgo.atsautomation.com\/iwk-de\/%20%20\/?s={search_term_string}\"},\"query-input\":{\"@type\":\"PropertyValueSpecification\",\"valueRequired\":true,\"valueName\":\"search_term_string\"}}],\"inLanguage\":\"fr-FR\"},{\"@type\":\"Organization\",\"@id\":\"https:\/\/vipgo.atsautomation.com\/iwk-de\/%20%20\/#organization\",\"name\":\"Innovative And Customized Manufacturing Solutions\",\"url\":\"https:\/\/vipgo.atsautomation.com\/iwk-de\/%20%20\/\",\"logo\":{\"@type\":\"ImageObject\",\"inLanguage\":\"fr-FR\",\"@id\":\"https:\/\/vipgo.atsautomation.com\/iwk-de\/%20%20\/#\/schema\/logo\/image\/\",\"url\":\"https:\/\/vipgo.atsautomation.com\/iwk-de\/%20%20\/wp-content\/uploads\/sites\/22\/2023\/02\/LOGO_IWK_4c_Size_2.png\",\"contentUrl\":\"https:\/\/vipgo.atsautomation.com\/iwk-de\/%20%20\/wp-content\/uploads\/sites\/22\/2023\/02\/LOGO_IWK_4c_Size_2.png\",\"width\":238,\"height\":137,\"caption\":\"Innovative And Customized Manufacturing Solutions\"},\"image\":{\"@id\":\"https:\/\/vipgo.atsautomation.com\/iwk-de\/%20%20\/#\/schema\/logo\/image\/\"}}]}<\/script>\n<!-- \/ Yoast SEO Premium plugin. -->","yoast_head_json":{"title":"PRODUITS ET SOLUTIONS - Innovative And Customized Manufacturing Solutions","robots":{"index":"index","follow":"follow","max-snippet":"max-snippet:-1","max-image-preview":"max-image-preview:large","max-video-preview":"max-video-preview:-1"},"canonical":"https:\/\/vipgo.atsautomation.com\/iwk-de\/fr\/  \/produits-et-solutions\/","og_locale":"fr_FR","og_type":"article","og_title":"PRODUITS ET SOLUTIONS","og_description":"Produits et solutions: machines et installations de lignes IWK fournit des produits d\u2019excellente qualit\u00e9 et des solutions compl\u00e8tes aussi bien pour l\u2019installation de lignes que sous forme de machines individuelles. Bien \u00e9videmment, cela s\u2019accompagne d\u2019une flexibilit\u00e9, d\u2019une fiabilit\u00e9 et de performances incomparables, qui font partie int\u00e9grante de notre ADN. MARCH\u00c9S ET APPLICATIONS Les secteurs du...Read More","og_url":"https:\/\/vipgo.atsautomation.com\/iwk-de\/fr\/  \/produits-et-solutions\/","og_site_name":"Innovative And Customized Manufacturing Solutions","article_modified_time":"2022-06-20T08:51:04+00:00","og_image":[{"width":1898,"height":723,"url":"https:\/\/vipgo.atsautomation.com\/iwk-de\/%20%20\/wp-content\/uploads\/sites\/22\/2021\/01\/products.jpg","type":"image\/jpeg"}],"twitter_card":"summary_large_image","twitter_misc":{"Dur\u00e9e de lecture estim\u00e9e":"1 minute"},"schema":{"@context":"https:\/\/schema.org","@graph":[{"@type":"WebPage","@id":"https:\/\/vipgo.atsautomation.com\/iwk-de\/fr\/%20%20\/produits-et-solutions\/","url":"https:\/\/vipgo.atsautomation.com\/iwk-de\/fr\/%20%20\/produits-et-solutions\/","name":"PRODUITS ET SOLUTIONS - Innovative And Customized Manufacturing Solutions","isPartOf":{"@id":"https:\/\/vipgo.atsautomation.com\/iwk-de\/%20%20\/#website"},"primaryImageOfPage":{"@id":"https:\/\/vipgo.atsautomation.com\/iwk-de\/fr\/%20%20\/produits-et-solutions\/#primaryimage"},"image":{"@id":"https:\/\/vipgo.atsautomation.com\/iwk-de\/fr\/%20%20\/produits-et-solutions\/#primaryimage"},"thumbnailUrl":"https:\/\/vipgo.atsautomation.com\/iwk-de\/%20%20\/wp-content\/uploads\/sites\/22\/2021\/01\/products.jpg","datePublished":"2021-01-06T16:19:44+00:00","dateModified":"2022-06-20T08:51:04+00:00","breadcrumb":{"@id":"https:\/\/vipgo.atsautomation.com\/iwk-de\/fr\/%20%20\/produits-et-solutions\/#breadcrumb"},"inLanguage":"fr-FR","potentialAction":[{"@type":"ReadAction","target":["https:\/\/vipgo.atsautomation.com\/iwk-de\/fr\/%20%20\/produits-et-solutions\/"]}]},{"@type":"ImageObject","inLanguage":"fr-FR","@id":"https:\/\/vipgo.atsautomation.com\/iwk-de\/fr\/%20%20\/produits-et-solutions\/#primaryimage","url":"https:\/\/vipgo.atsautomation.com\/iwk-de\/%20%20\/wp-content\/uploads\/sites\/22\/2021\/01\/products.jpg","contentUrl":"https:\/\/vipgo.atsautomation.com\/iwk-de\/%20%20\/wp-content\/uploads\/sites\/22\/2021\/01\/products.jpg","width":1898,"height":723},{"@type":"BreadcrumbList","@id":"https:\/\/vipgo.atsautomation.com\/iwk-de\/fr\/%20%20\/produits-et-solutions\/#breadcrumb","itemListElement":[{"@type":"ListItem","position":1,"name":"HOME","item":"https:\/\/vipgo.atsautomation.com\/iwk-de\/fr\/%20%20\/"},{"@type":"ListItem","position":2,"name":"PRODUITS ET SOLUTIONS"}]},{"@type":"WebSite","@id":"https:\/\/vipgo.atsautomation.com\/iwk-de\/%20%20\/#website","url":"https:\/\/vipgo.atsautomation.com\/iwk-de\/%20%20\/","name":"Innovative And Customized Manufacturing Solutions","description":"","publisher":{"@id":"https:\/\/vipgo.atsautomation.com\/iwk-de\/%20%20\/#organization"},"potentialAction":[{"@type":"SearchAction","target":{"@type":"EntryPoint","urlTemplate":"https:\/\/vipgo.atsautomation.com\/iwk-de\/%20%20\/?s={search_term_string}"},"query-input":{"@type":"PropertyValueSpecification","valueRequired":true,"valueName":"search_term_string"}}],"inLanguage":"fr-FR"},{"@type":"Organization","@id":"https:\/\/vipgo.atsautomation.com\/iwk-de\/%20%20\/#organization","name":"Innovative And Customized Manufacturing Solutions","url":"https:\/\/vipgo.atsautomation.com\/iwk-de\/%20%20\/","logo":{"@type":"ImageObject","inLanguage":"fr-FR","@id":"https:\/\/vipgo.atsautomation.com\/iwk-de\/%20%20\/#\/schema\/logo\/image\/","url":"https:\/\/vipgo.atsautomation.com\/iwk-de\/%20%20\/wp-content\/uploads\/sites\/22\/2023\/02\/LOGO_IWK_4c_Size_2.png","contentUrl":"https:\/\/vipgo.atsautomation.com\/iwk-de\/%20%20\/wp-content\/uploads\/sites\/22\/2023\/02\/LOGO_IWK_4c_Size_2.png","width":238,"height":137,"caption":"Innovative And Customized Manufacturing Solutions"},"image":{"@id":"https:\/\/vipgo.atsautomation.com\/iwk-de\/%20%20\/#\/schema\/logo\/image\/"}}]}},"jetpack_sharing_enabled":true,"_links":{"self":[{"href":"https:\/\/vipgo.atsautomation.com\/iwk-de\/fr\/%20%20\/wp-json\/wp\/v2\/pages\/2963","targetHints":{"allow":["GET"]}}],"collection":[{"href":"https:\/\/vipgo.atsautomation.com\/iwk-de\/fr\/%20%20\/wp-json\/wp\/v2\/pages"}],"about":[{"href":"https:\/\/vipgo.atsautomation.com\/iwk-de\/fr\/%20%20\/wp-json\/wp\/v2\/types\/page"}],"author":[{"embeddable":true,"href":"https:\/\/vipgo.atsautomation.com\/iwk-de\/fr\/%20%20\/wp-json\/wp\/v2\/users\/63"}],"replies":[{"embeddable":true,"href":"https:\/\/vipgo.atsautomation.com\/iwk-de\/fr\/%20%20\/wp-json\/wp\/v2\/comments?post=2963"}],"version-history":[{"count":13,"href":"https:\/\/vipgo.atsautomation.com\/iwk-de\/fr\/%20%20\/wp-json\/wp\/v2\/pages\/2963\/revisions"}],"predecessor-version":[{"id":10185,"href":"https:\/\/vipgo.atsautomation.com\/iwk-de\/fr\/%20%20\/wp-json\/wp\/v2\/pages\/2963\/revisions\/10185"}],"wp:featuredmedia":[{"embeddable":true,"href":"https:\/\/vipgo.atsautomation.com\/iwk-de\/fr\/%20%20\/wp-json\/wp\/v2\/media\/2093"}],"wp:attachment":[{"href":"https:\/\/vipgo.atsautomation.com\/iwk-de\/fr\/%20%20\/wp-json\/wp\/v2\/media?parent=2963"}],"curies":[{"name":"wp","href":"https:\/\/api.w.org\/{rel}","templated":true}]}}