{"id":2968,"date":"2021-01-11T15:53:39","date_gmt":"2021-01-11T15:53:39","guid":{"rendered":"https:\/\/iwk.de\/?page_id=2968"},"modified":"2021-02-26T14:36:29","modified_gmt":"2021-02-26T14:36:29","slug":"marche-et-applications","status":"publish","type":"page","link":"https:\/\/vipgo.atsautomation.com\/iwk-de\/fr\/%20%20\/produits-et-solutions\/marche-et-applications\/","title":{"rendered":"MARCH\u00c9 ET APPLICATIONS"},"content":{"rendered":"<div class=\"home-main row\">\n<span><span><a href=\"https:\/\/vipgo.atsautomation.com\/iwk-de\/fr\/%20%20\/\">HOME<\/a><\/span><\/span><\/p>\n<h2>Produits et solutions-<br \/>\nMachines et installations de lignes<\/h2>\n<p>IWK fournit des produits d\u2019excellente qualit\u00e9 et des solutions compl\u00e8tes aussi bien pour l\u2019installation de lignes que sous forme de machines individuelles. Bien \u00e9videmment, cela s\u2019accompagne d\u2019une flexibilit\u00e9, d\u2019une fiabilit\u00e9 et de performances incomparables, qui font partie int\u00e9grante de notre ADN.<\/p>\n<\/div>\n<div class=\"glance-second\">\n<div class=\"home-main row\">\n<details>\n<summary>PHARMACEUTIQUE<\/summary>\n<div class=\"faq__content\">\n<div class=\"col-xs-12\">\n<ul>\n<li>L\u2019entreprise IWK est r\u00e9put\u00e9e pour l\u2019emballage s\u00e9curis\u00e9 de produits pharmaceutiques.<\/li>\n<li>Nos clients b\u00e9n\u00e9ficient de notre compr\u00e9hension profonde de leurs besoins en mati\u00e8re de BPF (bonnes pratiques de fabrication) et de qualification des machines dans le cadre d\u2019applications pharmaceutiques.<\/li>\n<li>IWK est le leader du march\u00e9 mondial dans le remplissage de tubes pour les produits st\u00e9riles et aseptiques.<\/li>\n<\/ul>\n<\/div>\n<div class=\"col-xs-4\"><img loading=\"lazy\" decoding=\"async\" class=\"aligncenter size-full wp-image-2127\" src=\"https:\/\/iwk.de\/wp-content\/uploads\/sites\/22\/2021\/01\/pharma.jpg\" alt=\"\" width=\"250\" height=\"250\" srcset=\"https:\/\/vipgo.atsautomation.com\/iwk-de\/%20%20\/wp-content\/uploads\/sites\/22\/2021\/01\/pharma.jpg 250w, https:\/\/vipgo.atsautomation.com\/iwk-de\/%20%20\/wp-content\/uploads\/sites\/22\/2021\/01\/pharma.jpg?resize=150,150 150w\" sizes=\"auto, (max-width: 250px) 100vw, 250px\" \/><\/div>\n<\/div>\n<\/details>\n<details>\n<summary>COSM\u00c9TIQUE<\/summary>\n<div class=\"faq__content\">\n<div class=\"col-xs-12\">\n<ul>\n<li>IWK est l\u2019expert du remplissage de produits cosm\u00e9tiques sous forme de p\u00e2tes.<\/li>\n<li>Nous sommes l\u2019un des principaux fournisseurs dans le secteur des cosm\u00e9tiques capillaires, que ce soit pour les gammes professionnelles ou les produits de consommation grand public.<\/li>\n<li>IWK ma\u00eetrise parfaitement le traitement de surfaces de produit lisses et brillantes.<\/li>\n<li>La plupart des tubes de dentifrice dans le monde sont remplis et ferm\u00e9s \u00e0 l\u2019aide de machines IWK.<\/li>\n<\/ul>\n<\/div>\n<div class=\"col-xs-4\"><img loading=\"lazy\" decoding=\"async\" class=\"aligncenter size-full wp-image-2125\" src=\"https:\/\/iwk.de\/wp-content\/uploads\/sites\/22\/2021\/01\/Kosmetik.jpg\" alt=\"\" width=\"250\" height=\"250\" srcset=\"https:\/\/vipgo.atsautomation.com\/iwk-de\/%20%20\/wp-content\/uploads\/sites\/22\/2021\/01\/Kosmetik.jpg 250w, https:\/\/vipgo.atsautomation.com\/iwk-de\/%20%20\/wp-content\/uploads\/sites\/22\/2021\/01\/Kosmetik.jpg?resize=150,150 150w\" sizes=\"auto, (max-width: 250px) 100vw, 250px\" \/><\/div>\n<\/div>\n<\/details>\n<details>\n<summary>AUTRES MARCH\u00c9S<\/summary>\n<div class=\"faq__content\">\n<div class=\"col-xs-12\">\n<ul>\n<li>Emballage s\u00e9curis\u00e9 de produits alimentaires assurant une longue dur\u00e9e de conservation<\/li>\n<li>Les machines IWK permettent le remplissage de tubes alimentaires dans un environnement aseptis\u00e9<\/li>\n<li>Un lavage rapide (washout) du syst\u00e8me de remplissage est assur\u00e9 en cas de changement du produit<\/li>\n<li>Remplisseuse de tubes lavable s\u00e9par\u00e9e de fa\u00e7on \u00e9tanche de l\u2019int\u00e9rieur de la machine<\/li>\n<li>Changement de format en moins de 15 minutes possible pour les machines et lignes IWK<\/li>\n<li>Remplissage de tubes de produits industriels pr\u00e9sentant des viscosit\u00e9s extr\u00eamement \u00e9lev\u00e9es<\/li>\n<\/ul>\n<\/div>\n<div class=\"col-xs-4\"><img loading=\"lazy\" decoding=\"async\" class=\"aligncenter size-full wp-image-2129\" src=\"https:\/\/iwk.de\/wp-content\/uploads\/sites\/22\/2021\/01\/weitere-Maerkte.jpg\" alt=\"\" width=\"250\" height=\"250\" srcset=\"https:\/\/vipgo.atsautomation.com\/iwk-de\/%20%20\/wp-content\/uploads\/sites\/22\/2021\/01\/weitere-Maerkte.jpg 250w, https:\/\/vipgo.atsautomation.com\/iwk-de\/%20%20\/wp-content\/uploads\/sites\/22\/2021\/01\/weitere-Maerkte.jpg?resize=150,150 150w\" sizes=\"auto, (max-width: 250px) 100vw, 250px\" \/><\/div>\n<\/div>\n<\/details>\n<p>&nbsp;<\/p>\n<p><a class=\"backLink\" href=\"https:\/\/iwk.de\/fr\/produits-et-solutions\/\" target=\"_self\" rel=\"noopener\">RETOUR VERS \u201ePRODUITS ET SOLUTIONS\u201c<\/a><\/p>\n<\/div>\n<\/div>\n","protected":false},"excerpt":{"rendered":"<p>Produits et solutions- Machines et installations de lignes IWK fournit des produits d\u2019excellente qualit\u00e9 et des solutions compl\u00e8tes aussi bien pour l\u2019installation de lignes que sous forme de machines individuelles. Bien \u00e9videmment, cela s\u2019accompagne d\u2019une flexibilit\u00e9, d\u2019une fiabilit\u00e9 et de performances incomparables, qui font partie int\u00e9grante de notre ADN. PHARMACEUTIQUE L\u2019entreprise IWK est r\u00e9put\u00e9e pour&#8230;<\/p>\n<div class=\"post-button\"><a href=\"https:\/\/vipgo.atsautomation.com\/iwk-de\/fr\/%20%20\/produits-et-solutions\/marche-et-applications\/\">Read More<\/a><\/div>\n","protected":false},"author":63,"featured_media":2121,"parent":2963,"menu_order":0,"comment_status":"closed","ping_status":"closed","template":"","meta":{"inline_featured_image":false,"footnotes":""},"class_list":["post-2968","page","type-page","status-publish","has-post-thumbnail","hentry"],"yoast_head":"<!-- This site is optimized with the Yoast SEO Premium plugin v26.8 (Yoast SEO v26.8) - https:\/\/yoast.com\/product\/yoast-seo-premium-wordpress\/ -->\n<title>MARCH\u00c9 ET APPLICATIONS - Innovative And Customized Manufacturing Solutions<\/title>\n<meta name=\"robots\" content=\"index, follow, max-snippet:-1, max-image-preview:large, max-video-preview:-1\" \/>\n<link rel=\"canonical\" href=\"https:\/\/vipgo.atsautomation.com\/iwk-de\/fr\/%20%20\/produits-et-solutions\/marche-et-applications\/\" \/>\n<meta property=\"og:locale\" content=\"fr_FR\" \/>\n<meta property=\"og:type\" content=\"article\" \/>\n<meta property=\"og:title\" content=\"MARCH\u00c9 ET APPLICATIONS\" \/>\n<meta property=\"og:description\" content=\"Produits et solutions- Machines et installations de lignes IWK fournit des produits d\u2019excellente qualit\u00e9 et des solutions compl\u00e8tes aussi bien pour l\u2019installation de lignes que sous forme de machines individuelles. Bien \u00e9videmment, cela s\u2019accompagne d\u2019une flexibilit\u00e9, d\u2019une fiabilit\u00e9 et de performances incomparables, qui font partie int\u00e9grante de notre ADN. PHARMACEUTIQUE L\u2019entreprise IWK est r\u00e9put\u00e9e pour...Read More\" \/>\n<meta property=\"og:url\" content=\"https:\/\/vipgo.atsautomation.com\/iwk-de\/fr\/  \/produits-et-solutions\/marche-et-applications\/\" \/>\n<meta property=\"og:site_name\" content=\"Innovative And Customized Manufacturing Solutions\" \/>\n<meta property=\"article:modified_time\" content=\"2021-02-26T14:36:29+00:00\" \/>\n<meta property=\"og:image\" content=\"https:\/\/vipgo.atsautomation.com\/iwk-de\/%20%20\/wp-content\/uploads\/sites\/22\/2021\/01\/Produkte-und-Losungen.jpg\" \/>\n\t<meta property=\"og:image:width\" content=\"1900\" \/>\n\t<meta property=\"og:image:height\" content=\"730\" \/>\n\t<meta property=\"og:image:type\" content=\"image\/jpeg\" \/>\n<meta name=\"twitter:card\" content=\"summary_large_image\" \/>\n<meta name=\"twitter:label1\" content=\"Dur\u00e9e de lecture estim\u00e9e\" \/>\n\t<meta name=\"twitter:data1\" content=\"2 minutes\" \/>\n<script type=\"application\/ld+json\" class=\"yoast-schema-graph\">{\"@context\":\"https:\/\/schema.org\",\"@graph\":[{\"@type\":\"WebPage\",\"@id\":\"https:\/\/vipgo.atsautomation.com\/iwk-de\/fr\/%20%20\/produits-et-solutions\/marche-et-applications\/\",\"url\":\"https:\/\/vipgo.atsautomation.com\/iwk-de\/fr\/%20%20\/produits-et-solutions\/marche-et-applications\/\",\"name\":\"MARCH\u00c9 ET APPLICATIONS - Innovative And Customized Manufacturing Solutions\",\"isPartOf\":{\"@id\":\"https:\/\/vipgo.atsautomation.com\/iwk-de\/%20%20\/#website\"},\"primaryImageOfPage\":{\"@id\":\"https:\/\/vipgo.atsautomation.com\/iwk-de\/fr\/%20%20\/produits-et-solutions\/marche-et-applications\/#primaryimage\"},\"image\":{\"@id\":\"https:\/\/vipgo.atsautomation.com\/iwk-de\/fr\/%20%20\/produits-et-solutions\/marche-et-applications\/#primaryimage\"},\"thumbnailUrl\":\"https:\/\/vipgo.atsautomation.com\/iwk-de\/%20%20\/wp-content\/uploads\/sites\/22\/2021\/01\/Produkte-und-Losungen.jpg\",\"datePublished\":\"2021-01-11T15:53:39+00:00\",\"dateModified\":\"2021-02-26T14:36:29+00:00\",\"breadcrumb\":{\"@id\":\"https:\/\/vipgo.atsautomation.com\/iwk-de\/fr\/%20%20\/produits-et-solutions\/marche-et-applications\/#breadcrumb\"},\"inLanguage\":\"fr-FR\",\"potentialAction\":[{\"@type\":\"ReadAction\",\"target\":[\"https:\/\/vipgo.atsautomation.com\/iwk-de\/fr\/%20%20\/produits-et-solutions\/marche-et-applications\/\"]}]},{\"@type\":\"ImageObject\",\"inLanguage\":\"fr-FR\",\"@id\":\"https:\/\/vipgo.atsautomation.com\/iwk-de\/fr\/%20%20\/produits-et-solutions\/marche-et-applications\/#primaryimage\",\"url\":\"https:\/\/vipgo.atsautomation.com\/iwk-de\/%20%20\/wp-content\/uploads\/sites\/22\/2021\/01\/Produkte-und-Losungen.jpg\",\"contentUrl\":\"https:\/\/vipgo.atsautomation.com\/iwk-de\/%20%20\/wp-content\/uploads\/sites\/22\/2021\/01\/Produkte-und-Losungen.jpg\",\"width\":1900,\"height\":730},{\"@type\":\"BreadcrumbList\",\"@id\":\"https:\/\/vipgo.atsautomation.com\/iwk-de\/fr\/%20%20\/produits-et-solutions\/marche-et-applications\/#breadcrumb\",\"itemListElement\":[{\"@type\":\"ListItem\",\"position\":1,\"name\":\"HOME\",\"item\":\"https:\/\/vipgo.atsautomation.com\/iwk-de\/fr\/%20%20\/\"},{\"@type\":\"ListItem\",\"position\":2,\"name\":\"PRODUITS ET SOLUTIONS\",\"item\":\"https:\/\/vipgo.atsautomation.com\/iwk-de\/fr\/%20%20\/produits-et-solutions\/\"},{\"@type\":\"ListItem\",\"position\":3,\"name\":\"MARCH\u00c9 ET APPLICATIONS\"}]},{\"@type\":\"WebSite\",\"@id\":\"https:\/\/vipgo.atsautomation.com\/iwk-de\/%20%20\/#website\",\"url\":\"https:\/\/vipgo.atsautomation.com\/iwk-de\/%20%20\/\",\"name\":\"Innovative And Customized Manufacturing Solutions\",\"description\":\"\",\"publisher\":{\"@id\":\"https:\/\/vipgo.atsautomation.com\/iwk-de\/%20%20\/#organization\"},\"potentialAction\":[{\"@type\":\"SearchAction\",\"target\":{\"@type\":\"EntryPoint\",\"urlTemplate\":\"https:\/\/vipgo.atsautomation.com\/iwk-de\/%20%20\/?s={search_term_string}\"},\"query-input\":{\"@type\":\"PropertyValueSpecification\",\"valueRequired\":true,\"valueName\":\"search_term_string\"}}],\"inLanguage\":\"fr-FR\"},{\"@type\":\"Organization\",\"@id\":\"https:\/\/vipgo.atsautomation.com\/iwk-de\/%20%20\/#organization\",\"name\":\"Innovative And Customized Manufacturing Solutions\",\"url\":\"https:\/\/vipgo.atsautomation.com\/iwk-de\/%20%20\/\",\"logo\":{\"@type\":\"ImageObject\",\"inLanguage\":\"fr-FR\",\"@id\":\"https:\/\/vipgo.atsautomation.com\/iwk-de\/%20%20\/#\/schema\/logo\/image\/\",\"url\":\"https:\/\/vipgo.atsautomation.com\/iwk-de\/%20%20\/wp-content\/uploads\/sites\/22\/2023\/02\/LOGO_IWK_4c_Size_2.png\",\"contentUrl\":\"https:\/\/vipgo.atsautomation.com\/iwk-de\/%20%20\/wp-content\/uploads\/sites\/22\/2023\/02\/LOGO_IWK_4c_Size_2.png\",\"width\":238,\"height\":137,\"caption\":\"Innovative And Customized Manufacturing Solutions\"},\"image\":{\"@id\":\"https:\/\/vipgo.atsautomation.com\/iwk-de\/%20%20\/#\/schema\/logo\/image\/\"}}]}<\/script>\n<!-- \/ Yoast SEO Premium plugin. -->","yoast_head_json":{"title":"MARCH\u00c9 ET APPLICATIONS - Innovative And Customized Manufacturing Solutions","robots":{"index":"index","follow":"follow","max-snippet":"max-snippet:-1","max-image-preview":"max-image-preview:large","max-video-preview":"max-video-preview:-1"},"canonical":"https:\/\/vipgo.atsautomation.com\/iwk-de\/fr\/  \/produits-et-solutions\/marche-et-applications\/","og_locale":"fr_FR","og_type":"article","og_title":"MARCH\u00c9 ET APPLICATIONS","og_description":"Produits et solutions- Machines et installations de lignes IWK fournit des produits d\u2019excellente qualit\u00e9 et des solutions compl\u00e8tes aussi bien pour l\u2019installation de lignes que sous forme de machines individuelles. Bien \u00e9videmment, cela s\u2019accompagne d\u2019une flexibilit\u00e9, d\u2019une fiabilit\u00e9 et de performances incomparables, qui font partie int\u00e9grante de notre ADN. PHARMACEUTIQUE L\u2019entreprise IWK est r\u00e9put\u00e9e pour...Read More","og_url":"https:\/\/vipgo.atsautomation.com\/iwk-de\/fr\/  \/produits-et-solutions\/marche-et-applications\/","og_site_name":"Innovative And Customized Manufacturing Solutions","article_modified_time":"2021-02-26T14:36:29+00:00","og_image":[{"width":1900,"height":730,"url":"https:\/\/vipgo.atsautomation.com\/iwk-de\/%20%20\/wp-content\/uploads\/sites\/22\/2021\/01\/Produkte-und-Losungen.jpg","type":"image\/jpeg"}],"twitter_card":"summary_large_image","twitter_misc":{"Dur\u00e9e de lecture estim\u00e9e":"2 minutes"},"schema":{"@context":"https:\/\/schema.org","@graph":[{"@type":"WebPage","@id":"https:\/\/vipgo.atsautomation.com\/iwk-de\/fr\/%20%20\/produits-et-solutions\/marche-et-applications\/","url":"https:\/\/vipgo.atsautomation.com\/iwk-de\/fr\/%20%20\/produits-et-solutions\/marche-et-applications\/","name":"MARCH\u00c9 ET APPLICATIONS - Innovative And Customized Manufacturing Solutions","isPartOf":{"@id":"https:\/\/vipgo.atsautomation.com\/iwk-de\/%20%20\/#website"},"primaryImageOfPage":{"@id":"https:\/\/vipgo.atsautomation.com\/iwk-de\/fr\/%20%20\/produits-et-solutions\/marche-et-applications\/#primaryimage"},"image":{"@id":"https:\/\/vipgo.atsautomation.com\/iwk-de\/fr\/%20%20\/produits-et-solutions\/marche-et-applications\/#primaryimage"},"thumbnailUrl":"https:\/\/vipgo.atsautomation.com\/iwk-de\/%20%20\/wp-content\/uploads\/sites\/22\/2021\/01\/Produkte-und-Losungen.jpg","datePublished":"2021-01-11T15:53:39+00:00","dateModified":"2021-02-26T14:36:29+00:00","breadcrumb":{"@id":"https:\/\/vipgo.atsautomation.com\/iwk-de\/fr\/%20%20\/produits-et-solutions\/marche-et-applications\/#breadcrumb"},"inLanguage":"fr-FR","potentialAction":[{"@type":"ReadAction","target":["https:\/\/vipgo.atsautomation.com\/iwk-de\/fr\/%20%20\/produits-et-solutions\/marche-et-applications\/"]}]},{"@type":"ImageObject","inLanguage":"fr-FR","@id":"https:\/\/vipgo.atsautomation.com\/iwk-de\/fr\/%20%20\/produits-et-solutions\/marche-et-applications\/#primaryimage","url":"https:\/\/vipgo.atsautomation.com\/iwk-de\/%20%20\/wp-content\/uploads\/sites\/22\/2021\/01\/Produkte-und-Losungen.jpg","contentUrl":"https:\/\/vipgo.atsautomation.com\/iwk-de\/%20%20\/wp-content\/uploads\/sites\/22\/2021\/01\/Produkte-und-Losungen.jpg","width":1900,"height":730},{"@type":"BreadcrumbList","@id":"https:\/\/vipgo.atsautomation.com\/iwk-de\/fr\/%20%20\/produits-et-solutions\/marche-et-applications\/#breadcrumb","itemListElement":[{"@type":"ListItem","position":1,"name":"HOME","item":"https:\/\/vipgo.atsautomation.com\/iwk-de\/fr\/%20%20\/"},{"@type":"ListItem","position":2,"name":"PRODUITS ET SOLUTIONS","item":"https:\/\/vipgo.atsautomation.com\/iwk-de\/fr\/%20%20\/produits-et-solutions\/"},{"@type":"ListItem","position":3,"name":"MARCH\u00c9 ET APPLICATIONS"}]},{"@type":"WebSite","@id":"https:\/\/vipgo.atsautomation.com\/iwk-de\/%20%20\/#website","url":"https:\/\/vipgo.atsautomation.com\/iwk-de\/%20%20\/","name":"Innovative And Customized Manufacturing Solutions","description":"","publisher":{"@id":"https:\/\/vipgo.atsautomation.com\/iwk-de\/%20%20\/#organization"},"potentialAction":[{"@type":"SearchAction","target":{"@type":"EntryPoint","urlTemplate":"https:\/\/vipgo.atsautomation.com\/iwk-de\/%20%20\/?s={search_term_string}"},"query-input":{"@type":"PropertyValueSpecification","valueRequired":true,"valueName":"search_term_string"}}],"inLanguage":"fr-FR"},{"@type":"Organization","@id":"https:\/\/vipgo.atsautomation.com\/iwk-de\/%20%20\/#organization","name":"Innovative And Customized Manufacturing Solutions","url":"https:\/\/vipgo.atsautomation.com\/iwk-de\/%20%20\/","logo":{"@type":"ImageObject","inLanguage":"fr-FR","@id":"https:\/\/vipgo.atsautomation.com\/iwk-de\/%20%20\/#\/schema\/logo\/image\/","url":"https:\/\/vipgo.atsautomation.com\/iwk-de\/%20%20\/wp-content\/uploads\/sites\/22\/2023\/02\/LOGO_IWK_4c_Size_2.png","contentUrl":"https:\/\/vipgo.atsautomation.com\/iwk-de\/%20%20\/wp-content\/uploads\/sites\/22\/2023\/02\/LOGO_IWK_4c_Size_2.png","width":238,"height":137,"caption":"Innovative And Customized Manufacturing Solutions"},"image":{"@id":"https:\/\/vipgo.atsautomation.com\/iwk-de\/%20%20\/#\/schema\/logo\/image\/"}}]}},"jetpack_sharing_enabled":true,"_links":{"self":[{"href":"https:\/\/vipgo.atsautomation.com\/iwk-de\/fr\/%20%20\/wp-json\/wp\/v2\/pages\/2968","targetHints":{"allow":["GET"]}}],"collection":[{"href":"https:\/\/vipgo.atsautomation.com\/iwk-de\/fr\/%20%20\/wp-json\/wp\/v2\/pages"}],"about":[{"href":"https:\/\/vipgo.atsautomation.com\/iwk-de\/fr\/%20%20\/wp-json\/wp\/v2\/types\/page"}],"author":[{"embeddable":true,"href":"https:\/\/vipgo.atsautomation.com\/iwk-de\/fr\/%20%20\/wp-json\/wp\/v2\/users\/63"}],"replies":[{"embeddable":true,"href":"https:\/\/vipgo.atsautomation.com\/iwk-de\/fr\/%20%20\/wp-json\/wp\/v2\/comments?post=2968"}],"version-history":[{"count":4,"href":"https:\/\/vipgo.atsautomation.com\/iwk-de\/fr\/%20%20\/wp-json\/wp\/v2\/pages\/2968\/revisions"}],"predecessor-version":[{"id":5204,"href":"https:\/\/vipgo.atsautomation.com\/iwk-de\/fr\/%20%20\/wp-json\/wp\/v2\/pages\/2968\/revisions\/5204"}],"up":[{"embeddable":true,"href":"https:\/\/vipgo.atsautomation.com\/iwk-de\/fr\/%20%20\/wp-json\/wp\/v2\/pages\/2963"}],"wp:featuredmedia":[{"embeddable":true,"href":"https:\/\/vipgo.atsautomation.com\/iwk-de\/fr\/%20%20\/wp-json\/wp\/v2\/media\/2121"}],"wp:attachment":[{"href":"https:\/\/vipgo.atsautomation.com\/iwk-de\/fr\/%20%20\/wp-json\/wp\/v2\/media?parent=2968"}],"curies":[{"name":"wp","href":"https:\/\/api.w.org\/{rel}","templated":true}]}}