{"id":2972,"date":"2021-01-11T16:57:00","date_gmt":"2021-01-11T16:57:00","guid":{"rendered":"https:\/\/iwk.de\/?page_id=2972"},"modified":"2023-03-28T07:16:26","modified_gmt":"2023-03-28T07:16:26","slug":"lignes-cles-en-main-iwk","status":"publish","type":"page","link":"https:\/\/vipgo.atsautomation.com\/iwk-de\/fr\/%20%20\/produits-et-solutions\/lignes-cles-en-main-iwk\/","title":{"rendered":"LIGNES CL\u00c9S EN MAIN IWK"},"content":{"rendered":"<div class=\"home-main row\">\n<span><span><a href=\"https:\/\/vipgo.atsautomation.com\/iwk-de\/fr\/%20%20\/\">HOME<\/a><\/span><\/span><\/p>\n<h2>La construction de machines enti\u00e8rement repens\u00e9e<\/h2>\n<p>En tant que fabricant leader d\u2019installations de remplissage et d\u2019emballage dans les secteurs pharmaceutique et cosm\u00e9tique, nous sommes les mieux plac\u00e9s pour r\u00e9pondre \u00e0 vos exigences. Gr\u00e2ce \u00e0 des services de conseil d\u00e8s le d\u00e9but du projet, nous assurons le d\u00e9roulement optimal de celui-ci. Le produit est au c\u0153ur de notre attention, c\u2019est pourquoi notre flexibilit\u00e9 est essentielle \u00e0 la conception de l\u2019installation.<\/p>\n<\/div>\n<div class=\"glance-second\">\n<div class=\"home-main row\">\n<details>\n<summary>EXPERTISE EN PLANIFICATION<\/summary>\n<div class=\"faq__content\">\n<p>IWK dispose d\u2019une exp\u00e9rience reconnue dans le secteur et est r\u00e9put\u00e9e pour satisfaire les exigences les plus strictes des clients. Nos experts fournissent des analyses d\u00e9taill\u00e9es et des recommandations compl\u00e8tes afin d\u2019optimiser et d\u2019 augmenter les performances des processus de production nouveaux ou existants. Nos prestations:<\/p>\n<ul>\n<li>Documentation et v\u00e9rification des processus de production actuels<\/li>\n<li>Cr\u00e9ation du concept global des processus de production futurs<\/li>\n<li>S\u00e9lection des technologies adapt\u00e9es<\/li>\n<li>Conception, planification et optimisation<\/li>\n<\/ul>\n<\/div>\n<\/details>\n<details>\n<summary>AUGMENTATION DE L\u2019EFFICACIT\u00c9<\/summary>\n<div class=\"faq__content\">\n<p>Gr\u00e2ce \u00e0 plus de 130 ann\u00e9es d\u2019exp\u00e9rience dans le secteur de l\u2019emballage et \u00e0 une \u00e9quipe extr\u00eamement motiv\u00e9e, nous am\u00e9liorons les performances de vos syst\u00e8mes d\u2019emballage, mais aussi des machines individuelles. Pour ce faire, nous nous concentrons principalement sur les \u00e9l\u00e9ments suivants:<\/p>\n<ul>\n<li>Affectation du personnel<\/li>\n<li>Formation et qualification du personnel disponible<\/li>\n<li>Qualit\u00e9 et manipulation des mat\u00e9riaux<\/li>\n<li>D\u00e9roulement du processus<\/li>\n<li>Processus logistique<\/li>\n<\/ul>\n<p>\u00c0 l\u2019aide des donn\u00e9es enregistr\u00e9es, nous vous fournissons une analyse et des recommandations relatives au d\u00e9roulement futur du processus. Les contr\u00f4les se d\u00e9roulant en parall\u00e8le permettent de surveiller en permanence le nouveau processus afin d\u2019assurer les performances convenues dans les prestations (ICP).<\/p>\n<\/div>\n<\/details>\n<details>\n<summary>CONCEPTION DE L\u2019INSTALLATION<\/summary>\n<div class=\"faq__content\">\n<p>Nos longues ann\u00e9es d\u2019exp\u00e9rience nous permettent de conna\u00eetre les moindres d\u00e9tails d\u2019une installation. Nous appliquons bien \u00e9videmment cette exp\u00e9rience lors de la conception de l\u2019installation. Outre l\u2019\u00e9valuation d\u00e9taill\u00e9e des technologies et fournisseurs mis \u00e0 l\u2019\u0153uvre, nous attribuons une importance toute particuli\u00e8re \u00e0 la d\u00e9finition exacte des interfaces. Bien \u00e9videmment, nos clients sont \u00e9galement impliqu\u00e9s dans le projet : une communication ouverte, transparente et directe avec toutes les personnes impliqu\u00e9es constitue la cl\u00e9 de la r\u00e9ussite d\u2019un projet.<\/p>\n<\/div>\n<\/details>\n<details>\n<summary>SERVICES D\u2019ASSISTANCE AU PROJET<\/summary>\n<div class=\"faq__content\">\n<h4>Vous utilisez les m\u00e9thodes Lean? Nous aussi!<\/h4>\n<p>Alors que les entreprises font face \u00e0 une pression \u00e9conomique de plus en plus importante, il est important qu\u2019elles agissent selon les m\u00e9thodes Lean et Smart \u00e0 tous les niveaux. Disposer de ressources de plus en plus rares en interne est l\u2019une des cons\u00e9quences de cette pression. Nous proposons une solution \u00e0 ce probl\u00e8me : notre \u00e9quipe de projet comp\u00e9tente est votre interlocuteur unique tout au long du projet. Nous nous chargeons de la communication avec toutes les personnes impliqu\u00e9es dans le processus, qu\u2019il s\u2019agisse d\u2019autres prestataires ou de partenaires. Notre principe \u00ab one face to the customer \u00bb (un interlocuteur par client) implique davantage de simplicit\u00e9 pour nos clients, ainsi que la possibilit\u00e9 pour eux de consacrer plus de temps \u00e0 d\u2019autres activit\u00e9s.<\/p>\n<\/div>\n<\/details>\n<details>\n<summary>S\u00c9LECTION ET APPROVISIONNEMENT<\/summary>\n<div class=\"faq__content\">\n<h4>Prix, qualit\u00e9, sp\u00e9cifications: le tout au moment opportun.<\/h4>\n<p>L\u2019objectif de notre service d\u2019approvisionnement est d\u2019identifier les technologies qui vous conviennent, au bon prix et avec les bonnes sp\u00e9cifications. Notre \u00e9quipe veille \u00e0 vous recommander les bons fournisseurs et \u00e0 vous mettre en contact avec ceux-ci. Dans le cadre de notre processus d\u2019approvisionnement, nous contr\u00f4lons tous les crit\u00e8res pertinents et nous les \u00e9valuons sur la base des donn\u00e9es d\u2019historique. De cette fa\u00e7on, nous pouvons d\u00e9terminer la technologie et l\u2019application adapt\u00e9es ainsi que les bons fournisseurs. Avant l\u2019attribution du contrat, l\u2019\u00e9quipe d\u2019approvisionnement d\u2019IWK v\u00e9rifie toutes les conditions contractuelles afin de s\u2019assurer qu\u2019elles correspondent aux exigences de nos clients. Bien \u00e9videmment, nous prenons \u00e9galement en compte les accords existants avec les fournisseurs, tout en vous garantissant une flexibilit\u00e9 totale.<\/p>\n<\/div>\n<\/details>\n<details>\n<summary>GESTION DE PROJET<\/summary>\n<div class=\"faq__content\">\n<h4>L\u2019option tout compris: nos services de gestion de projet<\/h4>\n<p>Nos chefs de projet incarnent les points de contact centralis\u00e9s pour toutes les questions de nos clients dans le cadre d\u2019un projet : \u00ab One face to the customer \u00bb (un interlocuteur par client). L\u2019une des principales missions des chefs de projet IWK consiste \u00e0 cr\u00e9er un flux d\u2019information et de communication constant entre toutes les personnes impliqu\u00e9es dans le projet (clients, concepteurs, ing\u00e9nieurs et fournisseurs) afin d\u2019assurer une compr\u00e9hension claire et document\u00e9e des principaux crit\u00e8res de r\u00e9ussite, performances et sp\u00e9cifications. Dans ce contexte, nous g\u00e9rons notamment les \u00e9l\u00e9ments suivants :<\/p>\n<ul>\n<li>Gestion financi\u00e8re<\/li>\n<li>Gestion de la communication<\/li>\n<li>Contr\u00f4le des documents<\/li>\n<li>Gestion de la logistique du projet<\/li>\n<li>Rapports d\u2019avancement<\/li>\n<li>Gestion de l\u2019int\u00e9gration du projet<\/li>\n<li>Gestion des d\u00e9lais<\/li>\n<li>Gestion du contenu<\/li>\n<li>Gestion de la qualit\u00e9<\/li>\n<li>Gestion des risques et des modifications<\/li>\n<\/ul>\n<\/div>\n<\/details>\n<details>\n<summary>AUTOMATISATION INDUSTRIELLE<\/summary>\n<div class=\"faq__content\">\n<h4>L\u2019automatisation cl\u00e9s en main: un aspect essentiel de votre installation<\/h4>\n<p>L\u2019automatisation cl\u00e9s en main d\u2019IWK (Turn-Key Automation) fait appel \u00e0 notre expertise et \u00e0 notre exp\u00e9rience du secteur pour fournir des solutions d\u2019emballage et d\u2019automatisation aussi rapides et ambitieuses que possible. Nos experts associent leur exp\u00e9rience des techniques d\u2019emballage, leurs vastes connaissances techniques et une m\u00e9thode de r\u00e9alisation complexe pour concevoir et r\u00e9aliser des solutions d\u2019automatisation robustes, quel que soit le secteur. Notre vaste exp\u00e9rience englobe les comp\u00e9tences cl\u00e9s suivantes:<\/p>\n<ul>\n<li>Manipulation des mat\u00e9riaux<\/li>\n<li>\u00c9tiquetage<\/li>\n<li>Syst\u00e8mes d\u2019inspection<\/li>\n<li>Exigences relatives aux emballages primaires\/secondaires et tertiaires<\/li>\n<li>Syst\u00e8mes d\u2019information de gestion<\/li>\n<li>Maintenance pr\u00e9ventive<\/li>\n<li>Application des technologies de l\u2019industrie\u00a04.0<\/li>\n<\/ul>\n<\/div>\n<\/details>\n<p>&nbsp;<\/p>\n<p><a class=\"backLink\" href=\"https:\/\/iwk.de\/fr\/produits-et-solutions\/\" target=\"_self\" rel=\"noopener\">RETOUR VERS \u201ePRODUITS ET SOLUTIONS\u201c<\/a><\/p>\n<\/div>\n<\/div>\n","protected":false},"excerpt":{"rendered":"<p>La construction de machines enti\u00e8rement repens\u00e9e En tant que fabricant leader d\u2019installations de remplissage et d\u2019emballage dans les secteurs pharmaceutique et cosm\u00e9tique, nous sommes les mieux plac\u00e9s pour r\u00e9pondre \u00e0 vos exigences. Gr\u00e2ce \u00e0 des services de conseil d\u00e8s le d\u00e9but du projet, nous assurons le d\u00e9roulement optimal de celui-ci. Le produit est au c\u0153ur&#8230;<\/p>\n<div class=\"post-button\"><a href=\"https:\/\/vipgo.atsautomation.com\/iwk-de\/fr\/%20%20\/produits-et-solutions\/lignes-cles-en-main-iwk\/\">Read More<\/a><\/div>\n","protected":false},"author":63,"featured_media":2131,"parent":2963,"menu_order":0,"comment_status":"closed","ping_status":"closed","template":"","meta":{"inline_featured_image":false,"footnotes":""},"class_list":["post-2972","page","type-page","status-publish","has-post-thumbnail","hentry"],"yoast_head":"<!-- This site is optimized with the Yoast SEO Premium plugin v26.8 (Yoast SEO v26.8) - https:\/\/yoast.com\/product\/yoast-seo-premium-wordpress\/ -->\n<title>LIGNES CL\u00c9S EN MAIN IWK - Innovative And Customized Manufacturing Solutions<\/title>\n<meta name=\"robots\" content=\"index, follow, max-snippet:-1, max-image-preview:large, max-video-preview:-1\" \/>\n<link rel=\"canonical\" href=\"https:\/\/vipgo.atsautomation.com\/iwk-de\/fr\/%20%20\/produits-et-solutions\/lignes-cles-en-main-iwk\/\" \/>\n<meta property=\"og:locale\" content=\"fr_FR\" \/>\n<meta property=\"og:type\" content=\"article\" \/>\n<meta property=\"og:title\" content=\"LIGNES CL\u00c9S EN MAIN IWK\" \/>\n<meta property=\"og:description\" content=\"La construction de machines enti\u00e8rement repens\u00e9e En tant que fabricant leader d\u2019installations de remplissage et d\u2019emballage dans les secteurs pharmaceutique et cosm\u00e9tique, nous sommes les mieux plac\u00e9s pour r\u00e9pondre \u00e0 vos exigences. Gr\u00e2ce \u00e0 des services de conseil d\u00e8s le d\u00e9but du projet, nous assurons le d\u00e9roulement optimal de celui-ci. Le produit est au c\u0153ur...Read More\" \/>\n<meta property=\"og:url\" content=\"https:\/\/vipgo.atsautomation.com\/iwk-de\/fr\/  \/produits-et-solutions\/lignes-cles-en-main-iwk\/\" \/>\n<meta property=\"og:site_name\" content=\"Innovative And Customized Manufacturing Solutions\" \/>\n<meta property=\"article:modified_time\" content=\"2023-03-28T07:16:26+00:00\" \/>\n<meta property=\"og:image\" content=\"https:\/\/vipgo.atsautomation.com\/iwk-de\/%20%20\/wp-content\/uploads\/sites\/22\/2021\/01\/turn.jpg\" \/>\n\t<meta property=\"og:image:width\" content=\"1895\" \/>\n\t<meta property=\"og:image:height\" content=\"727\" \/>\n\t<meta property=\"og:image:type\" content=\"image\/jpeg\" \/>\n<meta name=\"twitter:card\" content=\"summary_large_image\" \/>\n<meta name=\"twitter:label1\" content=\"Dur\u00e9e de lecture estim\u00e9e\" \/>\n\t<meta name=\"twitter:data1\" content=\"5 minutes\" \/>\n<script type=\"application\/ld+json\" class=\"yoast-schema-graph\">{\"@context\":\"https:\/\/schema.org\",\"@graph\":[{\"@type\":\"WebPage\",\"@id\":\"https:\/\/vipgo.atsautomation.com\/iwk-de\/fr\/%20%20\/produits-et-solutions\/lignes-cles-en-main-iwk\/\",\"url\":\"https:\/\/vipgo.atsautomation.com\/iwk-de\/fr\/%20%20\/produits-et-solutions\/lignes-cles-en-main-iwk\/\",\"name\":\"LIGNES CL\u00c9S EN MAIN IWK - Innovative And Customized Manufacturing Solutions\",\"isPartOf\":{\"@id\":\"https:\/\/vipgo.atsautomation.com\/iwk-de\/%20%20\/#website\"},\"primaryImageOfPage\":{\"@id\":\"https:\/\/vipgo.atsautomation.com\/iwk-de\/fr\/%20%20\/produits-et-solutions\/lignes-cles-en-main-iwk\/#primaryimage\"},\"image\":{\"@id\":\"https:\/\/vipgo.atsautomation.com\/iwk-de\/fr\/%20%20\/produits-et-solutions\/lignes-cles-en-main-iwk\/#primaryimage\"},\"thumbnailUrl\":\"https:\/\/vipgo.atsautomation.com\/iwk-de\/%20%20\/wp-content\/uploads\/sites\/22\/2021\/01\/turn.jpg\",\"datePublished\":\"2021-01-11T16:57:00+00:00\",\"dateModified\":\"2023-03-28T07:16:26+00:00\",\"breadcrumb\":{\"@id\":\"https:\/\/vipgo.atsautomation.com\/iwk-de\/fr\/%20%20\/produits-et-solutions\/lignes-cles-en-main-iwk\/#breadcrumb\"},\"inLanguage\":\"fr-FR\",\"potentialAction\":[{\"@type\":\"ReadAction\",\"target\":[\"https:\/\/vipgo.atsautomation.com\/iwk-de\/fr\/%20%20\/produits-et-solutions\/lignes-cles-en-main-iwk\/\"]}]},{\"@type\":\"ImageObject\",\"inLanguage\":\"fr-FR\",\"@id\":\"https:\/\/vipgo.atsautomation.com\/iwk-de\/fr\/%20%20\/produits-et-solutions\/lignes-cles-en-main-iwk\/#primaryimage\",\"url\":\"https:\/\/vipgo.atsautomation.com\/iwk-de\/%20%20\/wp-content\/uploads\/sites\/22\/2021\/01\/turn.jpg\",\"contentUrl\":\"https:\/\/vipgo.atsautomation.com\/iwk-de\/%20%20\/wp-content\/uploads\/sites\/22\/2021\/01\/turn.jpg\",\"width\":1895,\"height\":727},{\"@type\":\"BreadcrumbList\",\"@id\":\"https:\/\/vipgo.atsautomation.com\/iwk-de\/fr\/%20%20\/produits-et-solutions\/lignes-cles-en-main-iwk\/#breadcrumb\",\"itemListElement\":[{\"@type\":\"ListItem\",\"position\":1,\"name\":\"HOME\",\"item\":\"https:\/\/vipgo.atsautomation.com\/iwk-de\/fr\/%20%20\/\"},{\"@type\":\"ListItem\",\"position\":2,\"name\":\"PRODUITS ET SOLUTIONS\",\"item\":\"https:\/\/vipgo.atsautomation.com\/iwk-de\/fr\/%20%20\/produits-et-solutions\/\"},{\"@type\":\"ListItem\",\"position\":3,\"name\":\"LIGNES CL\u00c9S EN MAIN IWK\"}]},{\"@type\":\"WebSite\",\"@id\":\"https:\/\/vipgo.atsautomation.com\/iwk-de\/%20%20\/#website\",\"url\":\"https:\/\/vipgo.atsautomation.com\/iwk-de\/%20%20\/\",\"name\":\"Innovative And Customized Manufacturing Solutions\",\"description\":\"\",\"publisher\":{\"@id\":\"https:\/\/vipgo.atsautomation.com\/iwk-de\/%20%20\/#organization\"},\"potentialAction\":[{\"@type\":\"SearchAction\",\"target\":{\"@type\":\"EntryPoint\",\"urlTemplate\":\"https:\/\/vipgo.atsautomation.com\/iwk-de\/%20%20\/?s={search_term_string}\"},\"query-input\":{\"@type\":\"PropertyValueSpecification\",\"valueRequired\":true,\"valueName\":\"search_term_string\"}}],\"inLanguage\":\"fr-FR\"},{\"@type\":\"Organization\",\"@id\":\"https:\/\/vipgo.atsautomation.com\/iwk-de\/%20%20\/#organization\",\"name\":\"Innovative And Customized Manufacturing Solutions\",\"url\":\"https:\/\/vipgo.atsautomation.com\/iwk-de\/%20%20\/\",\"logo\":{\"@type\":\"ImageObject\",\"inLanguage\":\"fr-FR\",\"@id\":\"https:\/\/vipgo.atsautomation.com\/iwk-de\/%20%20\/#\/schema\/logo\/image\/\",\"url\":\"https:\/\/vipgo.atsautomation.com\/iwk-de\/%20%20\/wp-content\/uploads\/sites\/22\/2023\/02\/LOGO_IWK_4c_Size_2.png\",\"contentUrl\":\"https:\/\/vipgo.atsautomation.com\/iwk-de\/%20%20\/wp-content\/uploads\/sites\/22\/2023\/02\/LOGO_IWK_4c_Size_2.png\",\"width\":238,\"height\":137,\"caption\":\"Innovative And Customized Manufacturing Solutions\"},\"image\":{\"@id\":\"https:\/\/vipgo.atsautomation.com\/iwk-de\/%20%20\/#\/schema\/logo\/image\/\"}}]}<\/script>\n<!-- \/ Yoast SEO Premium plugin. -->","yoast_head_json":{"title":"LIGNES CL\u00c9S EN MAIN IWK - Innovative And Customized Manufacturing Solutions","robots":{"index":"index","follow":"follow","max-snippet":"max-snippet:-1","max-image-preview":"max-image-preview:large","max-video-preview":"max-video-preview:-1"},"canonical":"https:\/\/vipgo.atsautomation.com\/iwk-de\/fr\/  \/produits-et-solutions\/lignes-cles-en-main-iwk\/","og_locale":"fr_FR","og_type":"article","og_title":"LIGNES CL\u00c9S EN MAIN IWK","og_description":"La construction de machines enti\u00e8rement repens\u00e9e En tant que fabricant leader d\u2019installations de remplissage et d\u2019emballage dans les secteurs pharmaceutique et cosm\u00e9tique, nous sommes les mieux plac\u00e9s pour r\u00e9pondre \u00e0 vos exigences. Gr\u00e2ce \u00e0 des services de conseil d\u00e8s le d\u00e9but du projet, nous assurons le d\u00e9roulement optimal de celui-ci. Le produit est au c\u0153ur...Read More","og_url":"https:\/\/vipgo.atsautomation.com\/iwk-de\/fr\/  \/produits-et-solutions\/lignes-cles-en-main-iwk\/","og_site_name":"Innovative And Customized Manufacturing Solutions","article_modified_time":"2023-03-28T07:16:26+00:00","og_image":[{"width":1895,"height":727,"url":"https:\/\/vipgo.atsautomation.com\/iwk-de\/%20%20\/wp-content\/uploads\/sites\/22\/2021\/01\/turn.jpg","type":"image\/jpeg"}],"twitter_card":"summary_large_image","twitter_misc":{"Dur\u00e9e de lecture estim\u00e9e":"5 minutes"},"schema":{"@context":"https:\/\/schema.org","@graph":[{"@type":"WebPage","@id":"https:\/\/vipgo.atsautomation.com\/iwk-de\/fr\/%20%20\/produits-et-solutions\/lignes-cles-en-main-iwk\/","url":"https:\/\/vipgo.atsautomation.com\/iwk-de\/fr\/%20%20\/produits-et-solutions\/lignes-cles-en-main-iwk\/","name":"LIGNES CL\u00c9S EN MAIN IWK - Innovative And Customized Manufacturing Solutions","isPartOf":{"@id":"https:\/\/vipgo.atsautomation.com\/iwk-de\/%20%20\/#website"},"primaryImageOfPage":{"@id":"https:\/\/vipgo.atsautomation.com\/iwk-de\/fr\/%20%20\/produits-et-solutions\/lignes-cles-en-main-iwk\/#primaryimage"},"image":{"@id":"https:\/\/vipgo.atsautomation.com\/iwk-de\/fr\/%20%20\/produits-et-solutions\/lignes-cles-en-main-iwk\/#primaryimage"},"thumbnailUrl":"https:\/\/vipgo.atsautomation.com\/iwk-de\/%20%20\/wp-content\/uploads\/sites\/22\/2021\/01\/turn.jpg","datePublished":"2021-01-11T16:57:00+00:00","dateModified":"2023-03-28T07:16:26+00:00","breadcrumb":{"@id":"https:\/\/vipgo.atsautomation.com\/iwk-de\/fr\/%20%20\/produits-et-solutions\/lignes-cles-en-main-iwk\/#breadcrumb"},"inLanguage":"fr-FR","potentialAction":[{"@type":"ReadAction","target":["https:\/\/vipgo.atsautomation.com\/iwk-de\/fr\/%20%20\/produits-et-solutions\/lignes-cles-en-main-iwk\/"]}]},{"@type":"ImageObject","inLanguage":"fr-FR","@id":"https:\/\/vipgo.atsautomation.com\/iwk-de\/fr\/%20%20\/produits-et-solutions\/lignes-cles-en-main-iwk\/#primaryimage","url":"https:\/\/vipgo.atsautomation.com\/iwk-de\/%20%20\/wp-content\/uploads\/sites\/22\/2021\/01\/turn.jpg","contentUrl":"https:\/\/vipgo.atsautomation.com\/iwk-de\/%20%20\/wp-content\/uploads\/sites\/22\/2021\/01\/turn.jpg","width":1895,"height":727},{"@type":"BreadcrumbList","@id":"https:\/\/vipgo.atsautomation.com\/iwk-de\/fr\/%20%20\/produits-et-solutions\/lignes-cles-en-main-iwk\/#breadcrumb","itemListElement":[{"@type":"ListItem","position":1,"name":"HOME","item":"https:\/\/vipgo.atsautomation.com\/iwk-de\/fr\/%20%20\/"},{"@type":"ListItem","position":2,"name":"PRODUITS ET SOLUTIONS","item":"https:\/\/vipgo.atsautomation.com\/iwk-de\/fr\/%20%20\/produits-et-solutions\/"},{"@type":"ListItem","position":3,"name":"LIGNES CL\u00c9S EN MAIN IWK"}]},{"@type":"WebSite","@id":"https:\/\/vipgo.atsautomation.com\/iwk-de\/%20%20\/#website","url":"https:\/\/vipgo.atsautomation.com\/iwk-de\/%20%20\/","name":"Innovative And Customized Manufacturing Solutions","description":"","publisher":{"@id":"https:\/\/vipgo.atsautomation.com\/iwk-de\/%20%20\/#organization"},"potentialAction":[{"@type":"SearchAction","target":{"@type":"EntryPoint","urlTemplate":"https:\/\/vipgo.atsautomation.com\/iwk-de\/%20%20\/?s={search_term_string}"},"query-input":{"@type":"PropertyValueSpecification","valueRequired":true,"valueName":"search_term_string"}}],"inLanguage":"fr-FR"},{"@type":"Organization","@id":"https:\/\/vipgo.atsautomation.com\/iwk-de\/%20%20\/#organization","name":"Innovative And Customized Manufacturing Solutions","url":"https:\/\/vipgo.atsautomation.com\/iwk-de\/%20%20\/","logo":{"@type":"ImageObject","inLanguage":"fr-FR","@id":"https:\/\/vipgo.atsautomation.com\/iwk-de\/%20%20\/#\/schema\/logo\/image\/","url":"https:\/\/vipgo.atsautomation.com\/iwk-de\/%20%20\/wp-content\/uploads\/sites\/22\/2023\/02\/LOGO_IWK_4c_Size_2.png","contentUrl":"https:\/\/vipgo.atsautomation.com\/iwk-de\/%20%20\/wp-content\/uploads\/sites\/22\/2023\/02\/LOGO_IWK_4c_Size_2.png","width":238,"height":137,"caption":"Innovative And Customized Manufacturing Solutions"},"image":{"@id":"https:\/\/vipgo.atsautomation.com\/iwk-de\/%20%20\/#\/schema\/logo\/image\/"}}]}},"jetpack_sharing_enabled":true,"_links":{"self":[{"href":"https:\/\/vipgo.atsautomation.com\/iwk-de\/fr\/%20%20\/wp-json\/wp\/v2\/pages\/2972","targetHints":{"allow":["GET"]}}],"collection":[{"href":"https:\/\/vipgo.atsautomation.com\/iwk-de\/fr\/%20%20\/wp-json\/wp\/v2\/pages"}],"about":[{"href":"https:\/\/vipgo.atsautomation.com\/iwk-de\/fr\/%20%20\/wp-json\/wp\/v2\/types\/page"}],"author":[{"embeddable":true,"href":"https:\/\/vipgo.atsautomation.com\/iwk-de\/fr\/%20%20\/wp-json\/wp\/v2\/users\/63"}],"replies":[{"embeddable":true,"href":"https:\/\/vipgo.atsautomation.com\/iwk-de\/fr\/%20%20\/wp-json\/wp\/v2\/comments?post=2972"}],"version-history":[{"count":5,"href":"https:\/\/vipgo.atsautomation.com\/iwk-de\/fr\/%20%20\/wp-json\/wp\/v2\/pages\/2972\/revisions"}],"predecessor-version":[{"id":10907,"href":"https:\/\/vipgo.atsautomation.com\/iwk-de\/fr\/%20%20\/wp-json\/wp\/v2\/pages\/2972\/revisions\/10907"}],"up":[{"embeddable":true,"href":"https:\/\/vipgo.atsautomation.com\/iwk-de\/fr\/%20%20\/wp-json\/wp\/v2\/pages\/2963"}],"wp:featuredmedia":[{"embeddable":true,"href":"https:\/\/vipgo.atsautomation.com\/iwk-de\/fr\/%20%20\/wp-json\/wp\/v2\/media\/2131"}],"wp:attachment":[{"href":"https:\/\/vipgo.atsautomation.com\/iwk-de\/fr\/%20%20\/wp-json\/wp\/v2\/media?parent=2972"}],"curies":[{"name":"wp","href":"https:\/\/api.w.org\/{rel}","templated":true}]}}