{"id":2975,"date":"2021-01-11T17:38:30","date_gmt":"2021-01-11T17:38:30","guid":{"rendered":"https:\/\/iwk.de\/?page_id=2975"},"modified":"2021-02-26T14:43:20","modified_gmt":"2021-02-26T14:43:20","slug":"solutions-personnalisees","status":"publish","type":"page","link":"https:\/\/vipgo.atsautomation.com\/iwk-de\/fr\/%20%20\/produits-et-solutions\/solutions-personnalisees\/","title":{"rendered":"SOLUTIONS PERSONNALISE\u00c9S"},"content":{"rendered":"<div class=\"home-main row\">\n<span><span><a href=\"https:\/\/vipgo.atsautomation.com\/iwk-de\/fr\/%20%20\/\">HOME<\/a><\/span><\/span><\/p>\n<h2>Nous avons la solution parfaitement adapt\u00e9e \u00e0 votre produit unique<\/h2>\n<p>Des solutions sur mesure impliquent que votre installation de production soit enti\u00e8rement d\u00e9di\u00e9e au produit \u00e0 fabriquer afin d\u2019assurer une s\u00e9curit\u00e9 optimale du traitement. Dans ce contexte, nous respectons les 3 principes suivants:<\/p>\n<\/div>\n<div class=\"\">\n<div class=\"home-main row\">\n<div class=\"one column\">\n<img loading=\"lazy\" decoding=\"async\" src=\"https:\/\/iwk.de\/wp-content\/uploads\/sites\/22\/2021\/02\/icon_bedarf.png\" alt=\"\" width=\"100\" height=\"100\" class=\"aligncenter size-full wp-image-909\" \/><\/p>\n<h3>VOS BESOINS<\/h3>\n<p>Une id\u00e9e <br \/> Un nouveau produit <br \/> Un budget <\/p>\n<\/div>\n<div class=\"two column\">\n<img loading=\"lazy\" decoding=\"async\" src=\"https:\/\/iwk.de\/wp-content\/uploads\/sites\/22\/2021\/02\/icon_design.png\" alt=\"\" width=\"100\" height=\"100\" class=\"aligncenter size-full wp-image-907\" \/><\/p>\n<h3>LE CONCEPT<\/h3>\n<p>Existant <br \/> Modifi\u00e9 <br \/> Enti\u00e8rement nouveau<\/p>\n<\/div>\n<div class=\"three column\">\n<img loading=\"lazy\" decoding=\"async\" src=\"https:\/\/iwk.de\/wp-content\/uploads\/sites\/22\/2021\/02\/icon_cont_beratung-1.png\" alt=\"\" width=\"100\" height=\"100\" class=\"aligncenter size-full wp-image-908\" \/><\/p>\n<h3>LA R\u00c9ALISATION<\/h3>\n<p>Dans les d\u00e9lais <br \/> Dans le respect du budget <br \/> Dans le respect de la qualit\u00e9<\/p>\n<\/div>\n<p><a class=\"backLink\" href=\"https:\/\/iwk.de\/fr\/produits-et-solutions\/\" target=\"_self\" rel=\"noopener\">RETOUR VERS \u201ePRODUITS ET SOLUTIONS\u201c<\/a>\n<\/div>\n<\/div>\n","protected":false},"excerpt":{"rendered":"<p>Nous avons la solution parfaitement adapt\u00e9e \u00e0 votre produit unique Des solutions sur mesure impliquent que votre installation de production soit enti\u00e8rement d\u00e9di\u00e9e au produit \u00e0 fabriquer afin d\u2019assurer une s\u00e9curit\u00e9 optimale du traitement. Dans ce contexte, nous respectons les 3 principes suivants: VOS BESOINS Une id\u00e9e Un nouveau produit Un budget LE CONCEPT Existant&#8230;<\/p>\n<div class=\"post-button\"><a href=\"https:\/\/vipgo.atsautomation.com\/iwk-de\/fr\/%20%20\/produits-et-solutions\/solutions-personnalisees\/\">Read More<\/a><\/div>\n","protected":false},"author":63,"featured_media":2139,"parent":2963,"menu_order":0,"comment_status":"closed","ping_status":"closed","template":"","meta":{"inline_featured_image":false,"footnotes":""},"class_list":["post-2975","page","type-page","status-publish","has-post-thumbnail","hentry"],"yoast_head":"<!-- This site is optimized with the Yoast SEO Premium plugin v26.8 (Yoast SEO v26.8) - https:\/\/yoast.com\/product\/yoast-seo-premium-wordpress\/ -->\n<title>SOLUTIONS PERSONNALISE\u00c9S - Innovative And Customized Manufacturing Solutions<\/title>\n<meta name=\"robots\" content=\"index, follow, max-snippet:-1, max-image-preview:large, max-video-preview:-1\" \/>\n<link rel=\"canonical\" href=\"https:\/\/vipgo.atsautomation.com\/iwk-de\/fr\/%20%20\/produits-et-solutions\/solutions-personnalisees\/\" \/>\n<meta property=\"og:locale\" content=\"fr_FR\" \/>\n<meta property=\"og:type\" content=\"article\" \/>\n<meta property=\"og:title\" content=\"SOLUTIONS PERSONNALISE\u00c9S\" \/>\n<meta property=\"og:description\" content=\"Nous avons la solution parfaitement adapt\u00e9e \u00e0 votre produit unique Des solutions sur mesure impliquent que votre installation de production soit enti\u00e8rement d\u00e9di\u00e9e au produit \u00e0 fabriquer afin d\u2019assurer une s\u00e9curit\u00e9 optimale du traitement. Dans ce contexte, nous respectons les 3 principes suivants: VOS BESOINS Une id\u00e9e Un nouveau produit Un budget LE CONCEPT Existant...Read More\" \/>\n<meta property=\"og:url\" content=\"https:\/\/vipgo.atsautomation.com\/iwk-de\/fr\/  \/produits-et-solutions\/solutions-personnalisees\/\" \/>\n<meta property=\"og:site_name\" content=\"Innovative And Customized Manufacturing Solutions\" \/>\n<meta property=\"article:modified_time\" content=\"2021-02-26T14:43:20+00:00\" \/>\n<meta property=\"og:image\" content=\"https:\/\/vipgo.atsautomation.com\/iwk-de\/%20%20\/wp-content\/uploads\/sites\/22\/2021\/01\/KUNDENSPEZIFISCHE.jpg\" \/>\n\t<meta property=\"og:image:width\" content=\"1897\" \/>\n\t<meta property=\"og:image:height\" content=\"723\" \/>\n\t<meta property=\"og:image:type\" content=\"image\/jpeg\" \/>\n<meta name=\"twitter:card\" content=\"summary_large_image\" \/>\n<script type=\"application\/ld+json\" class=\"yoast-schema-graph\">{\"@context\":\"https:\/\/schema.org\",\"@graph\":[{\"@type\":\"WebPage\",\"@id\":\"https:\/\/vipgo.atsautomation.com\/iwk-de\/fr\/%20%20\/produits-et-solutions\/solutions-personnalisees\/\",\"url\":\"https:\/\/vipgo.atsautomation.com\/iwk-de\/fr\/%20%20\/produits-et-solutions\/solutions-personnalisees\/\",\"name\":\"SOLUTIONS PERSONNALISE\u00c9S - Innovative And Customized Manufacturing Solutions\",\"isPartOf\":{\"@id\":\"https:\/\/vipgo.atsautomation.com\/iwk-de\/%20%20\/#website\"},\"primaryImageOfPage\":{\"@id\":\"https:\/\/vipgo.atsautomation.com\/iwk-de\/fr\/%20%20\/produits-et-solutions\/solutions-personnalisees\/#primaryimage\"},\"image\":{\"@id\":\"https:\/\/vipgo.atsautomation.com\/iwk-de\/fr\/%20%20\/produits-et-solutions\/solutions-personnalisees\/#primaryimage\"},\"thumbnailUrl\":\"https:\/\/vipgo.atsautomation.com\/iwk-de\/%20%20\/wp-content\/uploads\/sites\/22\/2021\/01\/KUNDENSPEZIFISCHE.jpg\",\"datePublished\":\"2021-01-11T17:38:30+00:00\",\"dateModified\":\"2021-02-26T14:43:20+00:00\",\"breadcrumb\":{\"@id\":\"https:\/\/vipgo.atsautomation.com\/iwk-de\/fr\/%20%20\/produits-et-solutions\/solutions-personnalisees\/#breadcrumb\"},\"inLanguage\":\"fr-FR\",\"potentialAction\":[{\"@type\":\"ReadAction\",\"target\":[\"https:\/\/vipgo.atsautomation.com\/iwk-de\/fr\/%20%20\/produits-et-solutions\/solutions-personnalisees\/\"]}]},{\"@type\":\"ImageObject\",\"inLanguage\":\"fr-FR\",\"@id\":\"https:\/\/vipgo.atsautomation.com\/iwk-de\/fr\/%20%20\/produits-et-solutions\/solutions-personnalisees\/#primaryimage\",\"url\":\"https:\/\/vipgo.atsautomation.com\/iwk-de\/%20%20\/wp-content\/uploads\/sites\/22\/2021\/01\/KUNDENSPEZIFISCHE.jpg\",\"contentUrl\":\"https:\/\/vipgo.atsautomation.com\/iwk-de\/%20%20\/wp-content\/uploads\/sites\/22\/2021\/01\/KUNDENSPEZIFISCHE.jpg\",\"width\":1897,\"height\":723},{\"@type\":\"BreadcrumbList\",\"@id\":\"https:\/\/vipgo.atsautomation.com\/iwk-de\/fr\/%20%20\/produits-et-solutions\/solutions-personnalisees\/#breadcrumb\",\"itemListElement\":[{\"@type\":\"ListItem\",\"position\":1,\"name\":\"HOME\",\"item\":\"https:\/\/vipgo.atsautomation.com\/iwk-de\/fr\/%20%20\/\"},{\"@type\":\"ListItem\",\"position\":2,\"name\":\"PRODUITS ET SOLUTIONS\",\"item\":\"https:\/\/vipgo.atsautomation.com\/iwk-de\/fr\/%20%20\/produits-et-solutions\/\"},{\"@type\":\"ListItem\",\"position\":3,\"name\":\"SOLUTIONS PERSONNALISE\u00c9S\"}]},{\"@type\":\"WebSite\",\"@id\":\"https:\/\/vipgo.atsautomation.com\/iwk-de\/%20%20\/#website\",\"url\":\"https:\/\/vipgo.atsautomation.com\/iwk-de\/%20%20\/\",\"name\":\"Innovative And Customized Manufacturing Solutions\",\"description\":\"\",\"publisher\":{\"@id\":\"https:\/\/vipgo.atsautomation.com\/iwk-de\/%20%20\/#organization\"},\"potentialAction\":[{\"@type\":\"SearchAction\",\"target\":{\"@type\":\"EntryPoint\",\"urlTemplate\":\"https:\/\/vipgo.atsautomation.com\/iwk-de\/%20%20\/?s={search_term_string}\"},\"query-input\":{\"@type\":\"PropertyValueSpecification\",\"valueRequired\":true,\"valueName\":\"search_term_string\"}}],\"inLanguage\":\"fr-FR\"},{\"@type\":\"Organization\",\"@id\":\"https:\/\/vipgo.atsautomation.com\/iwk-de\/%20%20\/#organization\",\"name\":\"Innovative And Customized Manufacturing Solutions\",\"url\":\"https:\/\/vipgo.atsautomation.com\/iwk-de\/%20%20\/\",\"logo\":{\"@type\":\"ImageObject\",\"inLanguage\":\"fr-FR\",\"@id\":\"https:\/\/vipgo.atsautomation.com\/iwk-de\/%20%20\/#\/schema\/logo\/image\/\",\"url\":\"https:\/\/vipgo.atsautomation.com\/iwk-de\/%20%20\/wp-content\/uploads\/sites\/22\/2023\/02\/LOGO_IWK_4c_Size_2.png\",\"contentUrl\":\"https:\/\/vipgo.atsautomation.com\/iwk-de\/%20%20\/wp-content\/uploads\/sites\/22\/2023\/02\/LOGO_IWK_4c_Size_2.png\",\"width\":238,\"height\":137,\"caption\":\"Innovative And Customized Manufacturing Solutions\"},\"image\":{\"@id\":\"https:\/\/vipgo.atsautomation.com\/iwk-de\/%20%20\/#\/schema\/logo\/image\/\"}}]}<\/script>\n<!-- \/ Yoast SEO Premium plugin. -->","yoast_head_json":{"title":"SOLUTIONS PERSONNALISE\u00c9S - Innovative And Customized Manufacturing Solutions","robots":{"index":"index","follow":"follow","max-snippet":"max-snippet:-1","max-image-preview":"max-image-preview:large","max-video-preview":"max-video-preview:-1"},"canonical":"https:\/\/vipgo.atsautomation.com\/iwk-de\/fr\/  \/produits-et-solutions\/solutions-personnalisees\/","og_locale":"fr_FR","og_type":"article","og_title":"SOLUTIONS PERSONNALISE\u00c9S","og_description":"Nous avons la solution parfaitement adapt\u00e9e \u00e0 votre produit unique Des solutions sur mesure impliquent que votre installation de production soit enti\u00e8rement d\u00e9di\u00e9e au produit \u00e0 fabriquer afin d\u2019assurer une s\u00e9curit\u00e9 optimale du traitement. Dans ce contexte, nous respectons les 3 principes suivants: VOS BESOINS Une id\u00e9e Un nouveau produit Un budget LE CONCEPT Existant...Read More","og_url":"https:\/\/vipgo.atsautomation.com\/iwk-de\/fr\/  \/produits-et-solutions\/solutions-personnalisees\/","og_site_name":"Innovative And Customized Manufacturing Solutions","article_modified_time":"2021-02-26T14:43:20+00:00","og_image":[{"width":1897,"height":723,"url":"https:\/\/vipgo.atsautomation.com\/iwk-de\/%20%20\/wp-content\/uploads\/sites\/22\/2021\/01\/KUNDENSPEZIFISCHE.jpg","type":"image\/jpeg"}],"twitter_card":"summary_large_image","schema":{"@context":"https:\/\/schema.org","@graph":[{"@type":"WebPage","@id":"https:\/\/vipgo.atsautomation.com\/iwk-de\/fr\/%20%20\/produits-et-solutions\/solutions-personnalisees\/","url":"https:\/\/vipgo.atsautomation.com\/iwk-de\/fr\/%20%20\/produits-et-solutions\/solutions-personnalisees\/","name":"SOLUTIONS PERSONNALISE\u00c9S - Innovative And Customized Manufacturing Solutions","isPartOf":{"@id":"https:\/\/vipgo.atsautomation.com\/iwk-de\/%20%20\/#website"},"primaryImageOfPage":{"@id":"https:\/\/vipgo.atsautomation.com\/iwk-de\/fr\/%20%20\/produits-et-solutions\/solutions-personnalisees\/#primaryimage"},"image":{"@id":"https:\/\/vipgo.atsautomation.com\/iwk-de\/fr\/%20%20\/produits-et-solutions\/solutions-personnalisees\/#primaryimage"},"thumbnailUrl":"https:\/\/vipgo.atsautomation.com\/iwk-de\/%20%20\/wp-content\/uploads\/sites\/22\/2021\/01\/KUNDENSPEZIFISCHE.jpg","datePublished":"2021-01-11T17:38:30+00:00","dateModified":"2021-02-26T14:43:20+00:00","breadcrumb":{"@id":"https:\/\/vipgo.atsautomation.com\/iwk-de\/fr\/%20%20\/produits-et-solutions\/solutions-personnalisees\/#breadcrumb"},"inLanguage":"fr-FR","potentialAction":[{"@type":"ReadAction","target":["https:\/\/vipgo.atsautomation.com\/iwk-de\/fr\/%20%20\/produits-et-solutions\/solutions-personnalisees\/"]}]},{"@type":"ImageObject","inLanguage":"fr-FR","@id":"https:\/\/vipgo.atsautomation.com\/iwk-de\/fr\/%20%20\/produits-et-solutions\/solutions-personnalisees\/#primaryimage","url":"https:\/\/vipgo.atsautomation.com\/iwk-de\/%20%20\/wp-content\/uploads\/sites\/22\/2021\/01\/KUNDENSPEZIFISCHE.jpg","contentUrl":"https:\/\/vipgo.atsautomation.com\/iwk-de\/%20%20\/wp-content\/uploads\/sites\/22\/2021\/01\/KUNDENSPEZIFISCHE.jpg","width":1897,"height":723},{"@type":"BreadcrumbList","@id":"https:\/\/vipgo.atsautomation.com\/iwk-de\/fr\/%20%20\/produits-et-solutions\/solutions-personnalisees\/#breadcrumb","itemListElement":[{"@type":"ListItem","position":1,"name":"HOME","item":"https:\/\/vipgo.atsautomation.com\/iwk-de\/fr\/%20%20\/"},{"@type":"ListItem","position":2,"name":"PRODUITS ET SOLUTIONS","item":"https:\/\/vipgo.atsautomation.com\/iwk-de\/fr\/%20%20\/produits-et-solutions\/"},{"@type":"ListItem","position":3,"name":"SOLUTIONS PERSONNALISE\u00c9S"}]},{"@type":"WebSite","@id":"https:\/\/vipgo.atsautomation.com\/iwk-de\/%20%20\/#website","url":"https:\/\/vipgo.atsautomation.com\/iwk-de\/%20%20\/","name":"Innovative And Customized Manufacturing Solutions","description":"","publisher":{"@id":"https:\/\/vipgo.atsautomation.com\/iwk-de\/%20%20\/#organization"},"potentialAction":[{"@type":"SearchAction","target":{"@type":"EntryPoint","urlTemplate":"https:\/\/vipgo.atsautomation.com\/iwk-de\/%20%20\/?s={search_term_string}"},"query-input":{"@type":"PropertyValueSpecification","valueRequired":true,"valueName":"search_term_string"}}],"inLanguage":"fr-FR"},{"@type":"Organization","@id":"https:\/\/vipgo.atsautomation.com\/iwk-de\/%20%20\/#organization","name":"Innovative And Customized Manufacturing Solutions","url":"https:\/\/vipgo.atsautomation.com\/iwk-de\/%20%20\/","logo":{"@type":"ImageObject","inLanguage":"fr-FR","@id":"https:\/\/vipgo.atsautomation.com\/iwk-de\/%20%20\/#\/schema\/logo\/image\/","url":"https:\/\/vipgo.atsautomation.com\/iwk-de\/%20%20\/wp-content\/uploads\/sites\/22\/2023\/02\/LOGO_IWK_4c_Size_2.png","contentUrl":"https:\/\/vipgo.atsautomation.com\/iwk-de\/%20%20\/wp-content\/uploads\/sites\/22\/2023\/02\/LOGO_IWK_4c_Size_2.png","width":238,"height":137,"caption":"Innovative And Customized Manufacturing Solutions"},"image":{"@id":"https:\/\/vipgo.atsautomation.com\/iwk-de\/%20%20\/#\/schema\/logo\/image\/"}}]}},"jetpack_sharing_enabled":true,"_links":{"self":[{"href":"https:\/\/vipgo.atsautomation.com\/iwk-de\/fr\/%20%20\/wp-json\/wp\/v2\/pages\/2975","targetHints":{"allow":["GET"]}}],"collection":[{"href":"https:\/\/vipgo.atsautomation.com\/iwk-de\/fr\/%20%20\/wp-json\/wp\/v2\/pages"}],"about":[{"href":"https:\/\/vipgo.atsautomation.com\/iwk-de\/fr\/%20%20\/wp-json\/wp\/v2\/types\/page"}],"author":[{"embeddable":true,"href":"https:\/\/vipgo.atsautomation.com\/iwk-de\/fr\/%20%20\/wp-json\/wp\/v2\/users\/63"}],"replies":[{"embeddable":true,"href":"https:\/\/vipgo.atsautomation.com\/iwk-de\/fr\/%20%20\/wp-json\/wp\/v2\/comments?post=2975"}],"version-history":[{"count":4,"href":"https:\/\/vipgo.atsautomation.com\/iwk-de\/fr\/%20%20\/wp-json\/wp\/v2\/pages\/2975\/revisions"}],"predecessor-version":[{"id":5214,"href":"https:\/\/vipgo.atsautomation.com\/iwk-de\/fr\/%20%20\/wp-json\/wp\/v2\/pages\/2975\/revisions\/5214"}],"up":[{"embeddable":true,"href":"https:\/\/vipgo.atsautomation.com\/iwk-de\/fr\/%20%20\/wp-json\/wp\/v2\/pages\/2963"}],"wp:featuredmedia":[{"embeddable":true,"href":"https:\/\/vipgo.atsautomation.com\/iwk-de\/fr\/%20%20\/wp-json\/wp\/v2\/media\/2139"}],"wp:attachment":[{"href":"https:\/\/vipgo.atsautomation.com\/iwk-de\/fr\/%20%20\/wp-json\/wp\/v2\/media?parent=2975"}],"curies":[{"name":"wp","href":"https:\/\/api.w.org\/{rel}","templated":true}]}}