{"id":2980,"date":"2021-01-14T16:03:03","date_gmt":"2021-01-14T16:03:03","guid":{"rendered":"https:\/\/iwk.de\/?page_id=2980"},"modified":"2021-03-17T14:43:44","modified_gmt":"2021-03-17T14:43:44","slug":"systeme-dalimentation-en-tubes-manuelle-tzt-jusqua-90-tubes-min","status":"publish","type":"page","link":"https:\/\/vipgo.atsautomation.com\/iwk-de\/fr\/%20%20\/produits-et-solutions\/machines\/systeme-dalimentation-en-tubes-manuelle-tzt-jusqua-90-tubes-min\/","title":{"rendered":"Syst\u00e8me d\u2019alimentation en Tubes manuelle TZT (jusqu\u2019\u00e0 90 Tubes\/Min.)"},"content":{"rendered":"<div class=\"home-main row\"><span><span><a href=\"https:\/\/vipgo.atsautomation.com\/iwk-de\/fr\/%20%20\/\">HOME<\/a><\/span><\/span><\/p>\n<h2>Syst\u00e8me d\u2019alimentation en Tubes manuelle TZT<br \/>\n(jusqu\u2019\u00e0 90 Tubes\/Min.)<\/h2>\n<p>Les remplisseuses de tubes IWK peuvent \u00eatre compl\u00e9t\u00e9es par des syst\u00e8mes d\u2019alimentation en tubes modulaires. Cela permet d\u2019accro\u00eetre consid\u00e9rablement la performance des machines tout en se conformant aux exigences de plus en plus strictes du march\u00e9 en mati\u00e8re de processus et d\u2019emballage.<\/p>\n<div class=\"advantages\">\n<div class=\"col-sm-7 bodytext mt-4\">\n<h3>AVANTAGES<\/h3>\n<div class=\"list-style\">\n<ul>\n<li>Pr\u00e9vention du bourrage des tubes dans le r\u00e9servoir gr\u00e2ce \u00e0 un dispositif de s\u00e9paration (bascule)<\/li>\n<li>Entr\u00e9e plus s\u00fbre des tubes dans la goulotte de la remplisseuse de tubes au moyen d\u2019un poussoir suppl\u00e9mentaire<\/li>\n<li>Traitement de tous les mat\u00e9riaux de tubes<\/li>\n<li>Traitement plus s\u00fbr de tubes de diff\u00e9rentes dimensions gr\u00e2ce au r\u00e9glage de la paroi arri\u00e8re et au remplacement facile de certaines pi\u00e8ces de format<\/li>\n<\/ul>\n<\/div>\n<p><strong>Syst\u00e8me d\u2019alimentation en tubes TZT <\/strong><br \/> R\u00e9servoir de tubes pour remplisseuses de tubes avec une cadence allant jusqu\u2019\u00e0 90 Tubes\/Min.<\/p>\n<\/div>\n<div class=\"col-sm-9\">\n<div class=\"slideshow-container\">\n<div class=\"mySlides fade\">\n  <img decoding=\"async\" src=\"https:\/\/iwk.de\/wp-content\/uploads\/sites\/22\/2021\/01\/Tube-infeed-TZT.jpg\" style=\"width:100%\">\n<\/div>\n<\/div>\n<\/div>\n<\/div>\n<\/div>\n<section class=\"techData\">\n<div class=\"home-main row\">\n<h3>DONN\u00c9ES TECHNIQUES<\/h3>\n<table class=\"table\">\n<thead>\n<tr>\n<th>TYPE<\/th>\n<th>TZT<\/th>\n<\/tr>\n<\/thead>\n<tbody>\n<tr>\n<td>Cadence max. (Tubes\/Min.)<\/td>\n<td>90<\/td>\n<\/tr>\n<tr>\n<td>Diam\u00e8tre de tube (mm)<\/td>\n<td>11-52<\/td>\n<\/tr>\n<tr>\n<td>Longueur de tube totale (mm)<\/td>\n<td>50-250<\/td>\n<\/tr>\n<tr>\n<td>Dimensions de carton max. (mm)<\/td>\n<td>500\u00d7330<\/td>\n<\/tr>\n<\/tbody>\n<\/table>\n<\/section>\n<div class=\"home-main row\">\n<a href=\"https:\/\/iwk.de\/fr\/machines\/\" class=\"backLink\">  RETOUR <\/a>\n<\/div>\n","protected":false},"excerpt":{"rendered":"<p>Syst\u00e8me d\u2019alimentation en Tubes manuelle TZT (jusqu\u2019\u00e0 90 Tubes\/Min.) Les remplisseuses de tubes IWK peuvent \u00eatre compl\u00e9t\u00e9es par des syst\u00e8mes d\u2019alimentation en tubes modulaires. Cela permet d\u2019accro\u00eetre consid\u00e9rablement la performance des machines tout en se conformant aux exigences de plus en plus strictes du march\u00e9 en mati\u00e8re de processus et d\u2019emballage. AVANTAGES Pr\u00e9vention du bourrage&#8230;<\/p>\n<div class=\"post-button\"><a href=\"https:\/\/vipgo.atsautomation.com\/iwk-de\/fr\/%20%20\/produits-et-solutions\/machines\/systeme-dalimentation-en-tubes-manuelle-tzt-jusqua-90-tubes-min\/\">Read More<\/a><\/div>\n","protected":false},"author":63,"featured_media":2307,"parent":2982,"menu_order":0,"comment_status":"closed","ping_status":"closed","template":"page-templates\/landing-page.php","meta":{"inline_featured_image":false,"footnotes":""},"class_list":["post-2980","page","type-page","status-publish","has-post-thumbnail","hentry"],"yoast_head":"<!-- This site is optimized with the Yoast SEO Premium plugin v26.8 (Yoast SEO v26.8) - https:\/\/yoast.com\/product\/yoast-seo-premium-wordpress\/ -->\n<title>Syst\u00e8me d\u2019alimentation en Tubes manuelle TZT (jusqu\u2019\u00e0 90 Tubes\/Min.) - Innovative And Customized Manufacturing Solutions<\/title>\n<meta name=\"robots\" content=\"index, follow, max-snippet:-1, max-image-preview:large, max-video-preview:-1\" \/>\n<link rel=\"canonical\" href=\"https:\/\/vipgo.atsautomation.com\/iwk-de\/fr\/%20%20\/produits-et-solutions\/machines\/systeme-dalimentation-en-tubes-manuelle-tzt-jusqua-90-tubes-min\/\" \/>\n<meta property=\"og:locale\" content=\"fr_FR\" \/>\n<meta property=\"og:type\" content=\"article\" \/>\n<meta property=\"og:title\" content=\"Syst\u00e8me d\u2019alimentation en Tubes manuelle TZT (jusqu\u2019\u00e0 90 Tubes\/Min.)\" \/>\n<meta property=\"og:description\" content=\"Syst\u00e8me d\u2019alimentation en Tubes manuelle TZT (jusqu\u2019\u00e0 90 Tubes\/Min.) Les remplisseuses de tubes IWK peuvent \u00eatre compl\u00e9t\u00e9es par des syst\u00e8mes d\u2019alimentation en tubes modulaires. Cela permet d\u2019accro\u00eetre consid\u00e9rablement la performance des machines tout en se conformant aux exigences de plus en plus strictes du march\u00e9 en mati\u00e8re de processus et d\u2019emballage. AVANTAGES Pr\u00e9vention du bourrage...Read More\" \/>\n<meta property=\"og:url\" content=\"https:\/\/vipgo.atsautomation.com\/iwk-de\/fr\/  \/produits-et-solutions\/machines\/systeme-dalimentation-en-tubes-manuelle-tzt-jusqua-90-tubes-min\/\" \/>\n<meta property=\"og:site_name\" content=\"Innovative And Customized Manufacturing Solutions\" \/>\n<meta property=\"article:modified_time\" content=\"2021-03-17T14:43:44+00:00\" \/>\n<meta property=\"og:image\" content=\"https:\/\/vipgo.atsautomation.com\/iwk-de\/%20%20\/wp-content\/uploads\/sites\/22\/2021\/01\/machine.jpg\" \/>\n\t<meta property=\"og:image:width\" content=\"1895\" \/>\n\t<meta property=\"og:image:height\" content=\"727\" \/>\n\t<meta property=\"og:image:type\" content=\"image\/jpeg\" \/>\n<meta name=\"twitter:card\" content=\"summary_large_image\" \/>\n<meta name=\"twitter:label1\" content=\"Dur\u00e9e de lecture estim\u00e9e\" \/>\n\t<meta name=\"twitter:data1\" content=\"1 minute\" \/>\n<script type=\"application\/ld+json\" class=\"yoast-schema-graph\">{\"@context\":\"https:\/\/schema.org\",\"@graph\":[{\"@type\":\"WebPage\",\"@id\":\"https:\/\/vipgo.atsautomation.com\/iwk-de\/fr\/%20%20\/produits-et-solutions\/machines\/systeme-dalimentation-en-tubes-manuelle-tzt-jusqua-90-tubes-min\/\",\"url\":\"https:\/\/vipgo.atsautomation.com\/iwk-de\/fr\/%20%20\/produits-et-solutions\/machines\/systeme-dalimentation-en-tubes-manuelle-tzt-jusqua-90-tubes-min\/\",\"name\":\"Syst\u00e8me d\u2019alimentation en Tubes manuelle TZT (jusqu\u2019\u00e0 90 Tubes\/Min.) - Innovative And Customized Manufacturing Solutions\",\"isPartOf\":{\"@id\":\"https:\/\/vipgo.atsautomation.com\/iwk-de\/%20%20\/#website\"},\"primaryImageOfPage\":{\"@id\":\"https:\/\/vipgo.atsautomation.com\/iwk-de\/fr\/%20%20\/produits-et-solutions\/machines\/systeme-dalimentation-en-tubes-manuelle-tzt-jusqua-90-tubes-min\/#primaryimage\"},\"image\":{\"@id\":\"https:\/\/vipgo.atsautomation.com\/iwk-de\/fr\/%20%20\/produits-et-solutions\/machines\/systeme-dalimentation-en-tubes-manuelle-tzt-jusqua-90-tubes-min\/#primaryimage\"},\"thumbnailUrl\":\"https:\/\/vipgo.atsautomation.com\/iwk-de\/%20%20\/wp-content\/uploads\/sites\/22\/2021\/01\/machine.jpg\",\"datePublished\":\"2021-01-14T16:03:03+00:00\",\"dateModified\":\"2021-03-17T14:43:44+00:00\",\"breadcrumb\":{\"@id\":\"https:\/\/vipgo.atsautomation.com\/iwk-de\/fr\/%20%20\/produits-et-solutions\/machines\/systeme-dalimentation-en-tubes-manuelle-tzt-jusqua-90-tubes-min\/#breadcrumb\"},\"inLanguage\":\"fr-FR\",\"potentialAction\":[{\"@type\":\"ReadAction\",\"target\":[\"https:\/\/vipgo.atsautomation.com\/iwk-de\/fr\/%20%20\/produits-et-solutions\/machines\/systeme-dalimentation-en-tubes-manuelle-tzt-jusqua-90-tubes-min\/\"]}]},{\"@type\":\"ImageObject\",\"inLanguage\":\"fr-FR\",\"@id\":\"https:\/\/vipgo.atsautomation.com\/iwk-de\/fr\/%20%20\/produits-et-solutions\/machines\/systeme-dalimentation-en-tubes-manuelle-tzt-jusqua-90-tubes-min\/#primaryimage\",\"url\":\"https:\/\/vipgo.atsautomation.com\/iwk-de\/%20%20\/wp-content\/uploads\/sites\/22\/2021\/01\/machine.jpg\",\"contentUrl\":\"https:\/\/vipgo.atsautomation.com\/iwk-de\/%20%20\/wp-content\/uploads\/sites\/22\/2021\/01\/machine.jpg\",\"width\":1895,\"height\":727},{\"@type\":\"BreadcrumbList\",\"@id\":\"https:\/\/vipgo.atsautomation.com\/iwk-de\/fr\/%20%20\/produits-et-solutions\/machines\/systeme-dalimentation-en-tubes-manuelle-tzt-jusqua-90-tubes-min\/#breadcrumb\",\"itemListElement\":[{\"@type\":\"ListItem\",\"position\":1,\"name\":\"HOME\",\"item\":\"https:\/\/vipgo.atsautomation.com\/iwk-de\/fr\/%20%20\/\"},{\"@type\":\"ListItem\",\"position\":2,\"name\":\"PRODUITS ET SOLUTIONS\",\"item\":\"https:\/\/vipgo.atsautomation.com\/iwk-de\/fr\/%20%20\/produits-et-solutions\/\"},{\"@type\":\"ListItem\",\"position\":3,\"name\":\"MACHINES\",\"item\":\"https:\/\/vipgo.atsautomation.com\/iwk-de\/fr\/%20%20\/produits-et-solutions\/machines\/\"},{\"@type\":\"ListItem\",\"position\":4,\"name\":\"Syst\u00e8me d\u2019alimentation en Tubes manuelle TZT (jusqu\u2019\u00e0 90 Tubes\/Min.)\"}]},{\"@type\":\"WebSite\",\"@id\":\"https:\/\/vipgo.atsautomation.com\/iwk-de\/%20%20\/#website\",\"url\":\"https:\/\/vipgo.atsautomation.com\/iwk-de\/%20%20\/\",\"name\":\"Innovative And Customized Manufacturing Solutions\",\"description\":\"\",\"publisher\":{\"@id\":\"https:\/\/vipgo.atsautomation.com\/iwk-de\/%20%20\/#organization\"},\"potentialAction\":[{\"@type\":\"SearchAction\",\"target\":{\"@type\":\"EntryPoint\",\"urlTemplate\":\"https:\/\/vipgo.atsautomation.com\/iwk-de\/%20%20\/?s={search_term_string}\"},\"query-input\":{\"@type\":\"PropertyValueSpecification\",\"valueRequired\":true,\"valueName\":\"search_term_string\"}}],\"inLanguage\":\"fr-FR\"},{\"@type\":\"Organization\",\"@id\":\"https:\/\/vipgo.atsautomation.com\/iwk-de\/%20%20\/#organization\",\"name\":\"Innovative And Customized Manufacturing Solutions\",\"url\":\"https:\/\/vipgo.atsautomation.com\/iwk-de\/%20%20\/\",\"logo\":{\"@type\":\"ImageObject\",\"inLanguage\":\"fr-FR\",\"@id\":\"https:\/\/vipgo.atsautomation.com\/iwk-de\/%20%20\/#\/schema\/logo\/image\/\",\"url\":\"https:\/\/vipgo.atsautomation.com\/iwk-de\/%20%20\/wp-content\/uploads\/sites\/22\/2023\/02\/LOGO_IWK_4c_Size_2.png\",\"contentUrl\":\"https:\/\/vipgo.atsautomation.com\/iwk-de\/%20%20\/wp-content\/uploads\/sites\/22\/2023\/02\/LOGO_IWK_4c_Size_2.png\",\"width\":238,\"height\":137,\"caption\":\"Innovative And Customized Manufacturing Solutions\"},\"image\":{\"@id\":\"https:\/\/vipgo.atsautomation.com\/iwk-de\/%20%20\/#\/schema\/logo\/image\/\"}}]}<\/script>\n<!-- \/ Yoast SEO Premium plugin. -->","yoast_head_json":{"title":"Syst\u00e8me d\u2019alimentation en Tubes manuelle TZT (jusqu\u2019\u00e0 90 Tubes\/Min.) - Innovative And Customized Manufacturing Solutions","robots":{"index":"index","follow":"follow","max-snippet":"max-snippet:-1","max-image-preview":"max-image-preview:large","max-video-preview":"max-video-preview:-1"},"canonical":"https:\/\/vipgo.atsautomation.com\/iwk-de\/fr\/  \/produits-et-solutions\/machines\/systeme-dalimentation-en-tubes-manuelle-tzt-jusqua-90-tubes-min\/","og_locale":"fr_FR","og_type":"article","og_title":"Syst\u00e8me d\u2019alimentation en Tubes manuelle TZT (jusqu\u2019\u00e0 90 Tubes\/Min.)","og_description":"Syst\u00e8me d\u2019alimentation en Tubes manuelle TZT (jusqu\u2019\u00e0 90 Tubes\/Min.) Les remplisseuses de tubes IWK peuvent \u00eatre compl\u00e9t\u00e9es par des syst\u00e8mes d\u2019alimentation en tubes modulaires. Cela permet d\u2019accro\u00eetre consid\u00e9rablement la performance des machines tout en se conformant aux exigences de plus en plus strictes du march\u00e9 en mati\u00e8re de processus et d\u2019emballage. AVANTAGES Pr\u00e9vention du bourrage...Read More","og_url":"https:\/\/vipgo.atsautomation.com\/iwk-de\/fr\/  \/produits-et-solutions\/machines\/systeme-dalimentation-en-tubes-manuelle-tzt-jusqua-90-tubes-min\/","og_site_name":"Innovative And Customized Manufacturing Solutions","article_modified_time":"2021-03-17T14:43:44+00:00","og_image":[{"width":1895,"height":727,"url":"https:\/\/vipgo.atsautomation.com\/iwk-de\/%20%20\/wp-content\/uploads\/sites\/22\/2021\/01\/machine.jpg","type":"image\/jpeg"}],"twitter_card":"summary_large_image","twitter_misc":{"Dur\u00e9e de lecture estim\u00e9e":"1 minute"},"schema":{"@context":"https:\/\/schema.org","@graph":[{"@type":"WebPage","@id":"https:\/\/vipgo.atsautomation.com\/iwk-de\/fr\/%20%20\/produits-et-solutions\/machines\/systeme-dalimentation-en-tubes-manuelle-tzt-jusqua-90-tubes-min\/","url":"https:\/\/vipgo.atsautomation.com\/iwk-de\/fr\/%20%20\/produits-et-solutions\/machines\/systeme-dalimentation-en-tubes-manuelle-tzt-jusqua-90-tubes-min\/","name":"Syst\u00e8me d\u2019alimentation en Tubes manuelle TZT (jusqu\u2019\u00e0 90 Tubes\/Min.) - Innovative And Customized Manufacturing Solutions","isPartOf":{"@id":"https:\/\/vipgo.atsautomation.com\/iwk-de\/%20%20\/#website"},"primaryImageOfPage":{"@id":"https:\/\/vipgo.atsautomation.com\/iwk-de\/fr\/%20%20\/produits-et-solutions\/machines\/systeme-dalimentation-en-tubes-manuelle-tzt-jusqua-90-tubes-min\/#primaryimage"},"image":{"@id":"https:\/\/vipgo.atsautomation.com\/iwk-de\/fr\/%20%20\/produits-et-solutions\/machines\/systeme-dalimentation-en-tubes-manuelle-tzt-jusqua-90-tubes-min\/#primaryimage"},"thumbnailUrl":"https:\/\/vipgo.atsautomation.com\/iwk-de\/%20%20\/wp-content\/uploads\/sites\/22\/2021\/01\/machine.jpg","datePublished":"2021-01-14T16:03:03+00:00","dateModified":"2021-03-17T14:43:44+00:00","breadcrumb":{"@id":"https:\/\/vipgo.atsautomation.com\/iwk-de\/fr\/%20%20\/produits-et-solutions\/machines\/systeme-dalimentation-en-tubes-manuelle-tzt-jusqua-90-tubes-min\/#breadcrumb"},"inLanguage":"fr-FR","potentialAction":[{"@type":"ReadAction","target":["https:\/\/vipgo.atsautomation.com\/iwk-de\/fr\/%20%20\/produits-et-solutions\/machines\/systeme-dalimentation-en-tubes-manuelle-tzt-jusqua-90-tubes-min\/"]}]},{"@type":"ImageObject","inLanguage":"fr-FR","@id":"https:\/\/vipgo.atsautomation.com\/iwk-de\/fr\/%20%20\/produits-et-solutions\/machines\/systeme-dalimentation-en-tubes-manuelle-tzt-jusqua-90-tubes-min\/#primaryimage","url":"https:\/\/vipgo.atsautomation.com\/iwk-de\/%20%20\/wp-content\/uploads\/sites\/22\/2021\/01\/machine.jpg","contentUrl":"https:\/\/vipgo.atsautomation.com\/iwk-de\/%20%20\/wp-content\/uploads\/sites\/22\/2021\/01\/machine.jpg","width":1895,"height":727},{"@type":"BreadcrumbList","@id":"https:\/\/vipgo.atsautomation.com\/iwk-de\/fr\/%20%20\/produits-et-solutions\/machines\/systeme-dalimentation-en-tubes-manuelle-tzt-jusqua-90-tubes-min\/#breadcrumb","itemListElement":[{"@type":"ListItem","position":1,"name":"HOME","item":"https:\/\/vipgo.atsautomation.com\/iwk-de\/fr\/%20%20\/"},{"@type":"ListItem","position":2,"name":"PRODUITS ET SOLUTIONS","item":"https:\/\/vipgo.atsautomation.com\/iwk-de\/fr\/%20%20\/produits-et-solutions\/"},{"@type":"ListItem","position":3,"name":"MACHINES","item":"https:\/\/vipgo.atsautomation.com\/iwk-de\/fr\/%20%20\/produits-et-solutions\/machines\/"},{"@type":"ListItem","position":4,"name":"Syst\u00e8me d\u2019alimentation en Tubes manuelle TZT (jusqu\u2019\u00e0 90 Tubes\/Min.)"}]},{"@type":"WebSite","@id":"https:\/\/vipgo.atsautomation.com\/iwk-de\/%20%20\/#website","url":"https:\/\/vipgo.atsautomation.com\/iwk-de\/%20%20\/","name":"Innovative And Customized Manufacturing Solutions","description":"","publisher":{"@id":"https:\/\/vipgo.atsautomation.com\/iwk-de\/%20%20\/#organization"},"potentialAction":[{"@type":"SearchAction","target":{"@type":"EntryPoint","urlTemplate":"https:\/\/vipgo.atsautomation.com\/iwk-de\/%20%20\/?s={search_term_string}"},"query-input":{"@type":"PropertyValueSpecification","valueRequired":true,"valueName":"search_term_string"}}],"inLanguage":"fr-FR"},{"@type":"Organization","@id":"https:\/\/vipgo.atsautomation.com\/iwk-de\/%20%20\/#organization","name":"Innovative And Customized Manufacturing Solutions","url":"https:\/\/vipgo.atsautomation.com\/iwk-de\/%20%20\/","logo":{"@type":"ImageObject","inLanguage":"fr-FR","@id":"https:\/\/vipgo.atsautomation.com\/iwk-de\/%20%20\/#\/schema\/logo\/image\/","url":"https:\/\/vipgo.atsautomation.com\/iwk-de\/%20%20\/wp-content\/uploads\/sites\/22\/2023\/02\/LOGO_IWK_4c_Size_2.png","contentUrl":"https:\/\/vipgo.atsautomation.com\/iwk-de\/%20%20\/wp-content\/uploads\/sites\/22\/2023\/02\/LOGO_IWK_4c_Size_2.png","width":238,"height":137,"caption":"Innovative And Customized Manufacturing Solutions"},"image":{"@id":"https:\/\/vipgo.atsautomation.com\/iwk-de\/%20%20\/#\/schema\/logo\/image\/"}}]}},"jetpack_sharing_enabled":true,"_links":{"self":[{"href":"https:\/\/vipgo.atsautomation.com\/iwk-de\/fr\/%20%20\/wp-json\/wp\/v2\/pages\/2980","targetHints":{"allow":["GET"]}}],"collection":[{"href":"https:\/\/vipgo.atsautomation.com\/iwk-de\/fr\/%20%20\/wp-json\/wp\/v2\/pages"}],"about":[{"href":"https:\/\/vipgo.atsautomation.com\/iwk-de\/fr\/%20%20\/wp-json\/wp\/v2\/types\/page"}],"author":[{"embeddable":true,"href":"https:\/\/vipgo.atsautomation.com\/iwk-de\/fr\/%20%20\/wp-json\/wp\/v2\/users\/63"}],"replies":[{"embeddable":true,"href":"https:\/\/vipgo.atsautomation.com\/iwk-de\/fr\/%20%20\/wp-json\/wp\/v2\/comments?post=2980"}],"version-history":[{"count":3,"href":"https:\/\/vipgo.atsautomation.com\/iwk-de\/fr\/%20%20\/wp-json\/wp\/v2\/pages\/2980\/revisions"}],"predecessor-version":[{"id":5863,"href":"https:\/\/vipgo.atsautomation.com\/iwk-de\/fr\/%20%20\/wp-json\/wp\/v2\/pages\/2980\/revisions\/5863"}],"up":[{"embeddable":true,"href":"https:\/\/vipgo.atsautomation.com\/iwk-de\/fr\/%20%20\/wp-json\/wp\/v2\/pages\/2982"}],"wp:featuredmedia":[{"embeddable":true,"href":"https:\/\/vipgo.atsautomation.com\/iwk-de\/fr\/%20%20\/wp-json\/wp\/v2\/media\/2307"}],"wp:attachment":[{"href":"https:\/\/vipgo.atsautomation.com\/iwk-de\/fr\/%20%20\/wp-json\/wp\/v2\/media?parent=2980"}],"curies":[{"name":"wp","href":"https:\/\/api.w.org\/{rel}","templated":true}]}}