{"id":2982,"date":"2021-01-18T16:10:48","date_gmt":"2021-01-18T16:10:48","guid":{"rendered":"https:\/\/iwk.de\/?page_id=2982"},"modified":"2022-02-24T09:34:07","modified_gmt":"2022-02-24T09:34:07","slug":"machines","status":"publish","type":"page","link":"https:\/\/vipgo.atsautomation.com\/iwk-de\/fr\/%20%20\/produits-et-solutions\/machines\/","title":{"rendered":"MACHINES"},"content":{"rendered":"<div class=\"home-main row\">\n<span><span><a href=\"https:\/\/vipgo.atsautomation.com\/iwk-de\/fr\/%20%20\/\">HOME<\/a><\/span><\/span><\/p>\n<h2>Machines IWK:<br \/>\nune solution adapt\u00e9e \u00e0 chaque exigence<\/h2>\n<p>IWK est appr\u00e9ci\u00e9e de ses clients pour ses technologies de pointe, son exp\u00e9rience des lignes de production ainsi que ses machines haut de gamme offrent d\u2019excellentes performances et une fiabilit\u00e9 maximale.<\/p>\n<\/div>\n<div class=\"container filtering\">\n<div class=\"filter-cat \">\n<div class=\"home-main row\">\n<div class=\"col col-md-4 col-xs-6\">\n<p>\t<select class=\"form-control cat1\"><option value=\"cat-all\"> Type de machine : veuillez choisir <\/option><option value=\"cat-red\"> Type de machine: Syst\u00e8me d`alimentation des tubes <\/option><option value=\"cat-blue\"> Type de machine: Remplisseuse de tubes <\/option><option value=\"cat-green\"> Type de machine: Syst\u00e8me de transfert et de remise <\/option><option value=\"cat-black\"> Type de machine: Encartonneuse <\/option><\/select><\/p>\n<\/div>\n<div class=\"col col-md-4 col-xs-6\">\n    <select class=\"form-control cat2\"><option value=\"cat-all\"> Machines : veuillez d`abord choisir le type <\/option><option value=\"cat-Tubenzuf\u00fchrsysteme1\"> Syst\u00e8me d\u2019alimentation en Tubes manuelle <\/option><option value=\"cat-Tubenzuf\u00fchrsysteme2\"> Syst\u00e8me d\u2019alimentation en Tubes semi-automatique <\/option><option value=\"cat-Tubenzuf\u00fchrsysteme3\"> Alimentation en Tubes enti\u00e8rement automatique <\/option><option value=\"cat-Tubenf\u00fcller1\"> Remplisseuse de Tubes jusqu\u2019\u00e0 120 Tubes\/Min. <\/option><option value=\"cat-Tubenf\u00fcller2\"> Remplisseuse de Tubes jusqu\u2019\u00e0 300 Tubes\/Min. <\/option><option value=\"cat-Tubenf\u00fcller3\"> Remplisseuse de Tubes jusqu\u2019\u00e0 760 Tubes\/Min. <\/option><option value=\"cat-Kartonierer1\"> Encartonneuse Verticale <\/option><option value=\"cat-Kartonierer2\"> Encartonneuse Horizontale <\/option><option value=\"cat-Kartonierer3\"> Alimentation en \u00e9tuis enti\u00e8rement automatique <\/option><option value=\"cat-Kartonierer4\"> Topload Encartonneuse <\/option><\/select><\/p>\n<\/div>\n<\/div>\n<div class=\"row filter-cat-results\">\n<div class=\"col col-md-3 col-xs-6 f-cat\" data-cat=\"cat-red\" data-cat2=\"cat-Tubenzuf\u00fchrsysteme1\"><a href=\"https:\/\/iwk.de\/fr\/produits-et-solutions\/machines\/systeme-dalimentation-en-tubes-manuelle-tzt-jusqua-90-tubes-min\/\">Syst\u00e8me d\u2019alimentation en Tubes manuelle<br \/>\nTZT<br \/>\n(jusqu\u2019\u00e0 90 Tubes\/Min.)<\/a><\/div>\n<div class=\"col col-md-3 col-xs-6 f-cat\" data-cat=\"cat-red\" data-cat2=\"cat-Tubenzuf\u00fchrsysteme2\"><a href=\"https:\/\/iwk.de\/fr\/produits-et-solutions\/machines\/systeme-dalimentation-en-tubes-semi-automatique-tzm-jusqua-120-tubes-min\/\">Syst\u00e8me d\u2019alimentation en tubes semi-automatique<br \/>\nTZM<br \/>\n(jusqu\u2019\u00e0 120 tubes\/min)<\/a><\/div>\n<div class=\"col col-md-3 col-xs-6 f-cat\" data-cat=\"cat-red\" data-cat2=\"cat-Tubenzuf\u00fchrsysteme2\"><a href=\"https:\/\/iwk.de\/fr\/produits-et-solutions\/machines\/systeme-dalimentation-en-tubes-semi-automatique-tzf-jusqua-220-tubes-min\/\">Syst\u00e8me d\u2019alimentation en tubes semi-automatique<br \/>\nTZF<br \/>\n(jusqu\u2019\u00e0 220 tubes\/min)<\/a><\/div>\n<div class=\"col col-md-3 col-xs-6 f-cat\" data-cat=\"cat-red\" data-cat2=\"cat-Tubenzuf\u00fchrsysteme3\"><a href=\"https:\/\/iwk.de\/fr\/produits-et-solutions\/machines\/alimentation-en-tubes-entierement-automatique-tz-jusqua-300-tubes-min\/\">Alimentation en tubes enti\u00e8rement automatique<br \/>\nTZ<br \/>\n(jusqu\u2019\u00e0 300 tubes\/min)<\/a><\/div>\n<div class=\"col col-md-3 col-xs-6 f-cat\" data-cat=\"cat-red\" data-cat2=\"cat-Tubenzuf\u00fchrsysteme3\"><a href=\"https:\/\/iwk.de\/fr\/produits-et-solutions\/machines\/alimentation-en-tubes-entierement-automatique-cobot-tzc-jusqua-300-tubes-min\/\">Alimentation en tubes enti\u00e8rement automatique<br \/>\nCobot TZC<br \/>\n(jusqu\u2019\u00e0 300 tubes\/min)<\/a><\/div>\n<div class=\"col col-md-3 col-xs-6 f-cat\" data-cat=\"cat-red\" data-cat2=\"cat-Tubenzuf\u00fchrsysteme3\"><a href=\"https:\/\/iwk.de\/produits-et-solutions\/machines\/depalettiseur-entierement-automatique-cobot-dpc-jusqua-300-tubes-min\/?lang=fr\">D\u00e9palettiseur enti\u00e8rement automatique<br \/>\nCobot DPC<br \/>\n(jusqu\u2019\u00e0 300 tubes\/min)<\/a><\/div>\n<div class=\"col col-md-3 col-xs-6 f-cat\" data-cat=\"cat-red\" data-cat2=\"cat-Tubenzuf\u00fchrsysteme3\"><a href=\"https:\/\/iwk.de\/fr\/produits-et-solutions\/machines\/alimentation-par-robot-jusqua-760-tubes-min\/\">Alimentation par robot<br \/>\n(jusqu\u2019\u00e0 760 tubes\/min)<\/a><\/div>\n<div class=\"col col-md-3 col-xs-6 f-cat\" data-cat=\"cat-blue\" data-cat2=\"cat-Tubenf\u00fcller1\"><a href=\"https:\/\/iwk.de\/produits-et-solutions\/machines\/remplisseuse-de-tubes-iwk-fp-8-jusqua-40-tubes-min\/?lang=fr\">Remplisseuse de tubes<br \/>\nFP 8<br \/>\n(jusqu\u2019\u00e0 40 tubes\/min)<\/a><\/div>\n<div class=\"col col-md-3 col-xs-6 f-cat\" data-cat=\"cat-blue\" data-cat2=\"cat-Tubenf\u00fcller1\"><a href=\"https:\/\/iwk.de\/fr\/produits-et-solutions\/machines\/remplisseuse-de-tubes-fp-10-jusqua-70-tubes-min\/\">Remplisseuse de tubes<br \/>\nFP 10<br \/>\n(jusqu\u2019\u00e0 70 tubes\/min)<\/a><\/div>\n<div class=\"col col-md-3 col-xs-6 f-cat\" data-cat=\"cat-blue\" data-cat2=\"cat-Tubenf\u00fcller1\"><a href=\"https:\/\/iwk.de\/fr\/produits-et-solutions\/machines\/remplisseuse-de-tubes-fp-18-1-34-1-jusqua-120-tubes-min\/\">Remplisseuse de tubes<br \/>\nFP 18-1\/34-1<br \/>\n(jusqu\u2019\u00e0 120 tubes\/min)<\/a><\/div>\n<div class=\"col col-md-3 col-xs-6 f-cat\" data-cat=\"cat-blue\" data-cat2=\"cat-Tubenf\u00fcller2\"><a href=\"https:\/\/iwk.de\/fr\/produits-et-solutions\/machines\/remplisseuse-de-tubes-fp-sterile-jusqua-220-tubes-min\/\">Remplisseuse de tubes<br \/>\nFP Sterile<br \/>\n(jusqu\u2019\u00e0 220 tubes\/min)<\/a><\/div>\n<div class=\"col col-md-3 col-xs-6 f-cat\" data-cat=\"cat-blue\" data-cat2=\"cat-Tubenf\u00fcller2\"><a href=\"https:\/\/iwk.de\/fr\/produits-et-solutions\/machines\/remplisseuse-de-tubes-fp-34-2-46-2-jusqua-220-tubes-min\/\">Remplisseuse de tubes<br \/>\nFP 34-2\/46-2<br \/>\n(jusqu\u2019\u00e0 220 tubes\/min)<\/a><\/div>\n<div class=\"col col-md-3 col-xs-6 f-cat\" data-cat=\"cat-blue\" data-cat2=\"cat-Tubenf\u00fcller2\"><a href=\"https:\/\/iwk.de\/fr\/produits-et-solutions\/machines\/remplisseuse-de-tubes-fp-46-3-64-3-jusqua-300-tubes-min\/\">Remplisseuse de tubes<br \/>\nFP 46-3\/64-3<br \/>\n(jusqu\u2019\u00e0 300 tubes\/min)<\/a><\/div>\n<div class=\"col col-md-3 col-xs-6 f-cat\" data-cat=\"cat-blue\" data-cat2=\"cat-Tubenf\u00fcller3\"><a href=\"https:\/\/iwk.de\/fr\/produits-et-solutions\/machines\/remplisseuse-de-tubes-tfs-80-6-jusqua-510-tubes-min\/\">Remplisseuse de tubes<br \/>\nTFS 80-6<br \/>\n(jusqu\u2019\u00e0 510 tubes\/min)<\/a><\/div>\n<div class=\"col col-md-3 col-xs-6 f-cat\" data-cat=\"cat-blue\" data-cat2=\"cat-Tubenf\u00fcller3\"><a href=\"https:\/\/iwk.de\/fr\/produits-et-solutions\/machines\/remplisseuse-de-tubes-tfs-80-8-jusqua-760-tubes-min\/\">Remplisseuse de tubes<br \/>\nTFS 80-8<br \/>\n(jusqu\u2019\u00e0 760 tubes\/min)<\/a><\/div>\n<div class=\"col col-md-3 col-xs-6 f-cat\" data-cat=\"cat-green\"><a href=\"https:\/\/iwk.de\/fr\/produits-et-solutions\/machines\/universal-transfer-system-uts-jusqua-50-cycles-min\/\">Universal Transfer System (UTS)<br \/>\n(jusqu\u2019\u00e0 50 cycles\/min)<\/a><\/div>\n<div class=\"col col-md-3 col-xs-6 f-cat\" data-cat=\"cat-green\"><a href=\"https:\/\/iwk.de\/fr\/produits-et-solutions\/machines\/feedcell-jusqua-100-cycles-min\/\">Feedcell<br \/>\n(jusqu\u2019\u00e0 100 cycles\/min)<\/a><\/div>\n<div class=\"col col-md-3 col-xs-6 f-cat\" data-cat=\"cat-black\" data-cat2=\"cat-Kartonierer1\"><a href=\"https:\/\/iwk.de\/fr\/produits-et-solutions\/machines\/encartonneuse-verticale-vi-5-jusqua-75-etuis-min\/\">Encartonneuse verticale<br \/>\nVI 5<br \/>\n(jusqu\u2019\u00e0 75 \u00e9tuis\/min)<\/a><\/div>\n<div class=\"col col-md-3 col-xs-6 f-cat\" data-cat=\"cat-black\" data-cat2=\"cat-Kartonierer1\"><a href=\"https:\/\/iwk.de\/fr\/produits-et-solutions\/machines\/encartonneuse-verticale-vc-5-jusqua-120-etuis-min\/\">Encartonneuse verticale<br \/>\nVC 5<br \/>\n(jusqu\u2019\u00e0 120 \u00e9tuis\/min)<\/a><\/div>\n<div class=\"col col-md-3 col-xs-6 f-cat\" data-cat=\"cat-black\" data-cat2=\"cat-Kartonierer2\"><a href=\"https:\/\/iwk.de\/fr\/produits-et-solutions\/machines\/encartonneuse-horizontale-si-8-jusqua-45-etuis-min\/\">Encartonneuse horizontale<br \/>\nSI 8<br \/>\n(jusqu\u2019\u00e0 45 \u00e9tuis\/min)<\/a><\/div>\n<div class=\"col col-md-3 col-xs-6 f-cat\" data-cat=\"cat-black\" data-cat2=\"cat-Kartonierer2\"><a href=\"https:\/\/iwk.de\/fr\/produits-et-solutions\/machines\/encartonneuse-horizontale-si-6-jusqua-60-etuis-min\/\">Encartonneuse horizontale<br \/>\nSI 6<br \/>\n(jusqu\u2019\u00e0 60 \u00e9tuis\/min)<\/a><\/div>\n<div class=\"col col-md-3 col-xs-6 f-cat\" data-cat=\"cat-black\" data-cat2=\"cat-Kartonierer2\"><a href=\"https:\/\/iwk.de\/fr\/produits-et-solutions\/machines\/encartonneuse-horizontale-si-4-jusqua-80-etuis-min\/\">Encartonneuse horizontale<br \/>\nSI 4<br \/>\n(jusqu\u2019\u00e0 80 \u00e9tuis\/min)<\/a><\/div>\n<div class=\"col col-md-3 col-xs-6 f-cat\" data-cat=\"cat-black\" data-cat2=\"cat-Kartonierer2\"><a href=\"https:\/\/iwk.de\/fr\/produits-et-solutions\/machines\/encartonneuse-horizontale-si-5-jusqua-100-etuis-min\/\">Encartonneuse horizontale<br \/>\nSI 5<br \/>\n(jusqu\u2019\u00e0 100 \u00e9tuis\/min)<\/a><\/div>\n<div class=\"col col-md-3 col-xs-6 f-cat\" data-cat=\"cat-black\" data-cat2=\"cat-Kartonierer2\"><a href=\"https:\/\/iwk.de\/fr\/produits-et-solutions\/machines\/encartonneuse-horizontale-sc-8-jusqua-150-etuis-min\/\">Encartonneuse horizontale<br \/>\nSC 8<br \/>\n(jusqu\u2019\u00e0 150 \u00e9tuis\/min)<\/a><\/div>\n<div class=\"col col-md-3 col-xs-6 f-cat\" data-cat=\"cat-black\" data-cat2=\"cat-Kartonierer2\"><a href=\"https:\/\/iwk.de\/fr\/produits-et-solutions\/machines\/encartonneuse-horizontale-sc-5-jusqua-200-etuis-min\/\">Encartonneuse horizontale<br \/>\nSC 5<br \/>\n(jusqu\u2019\u00e0 200 \u00e9tuis\/min)<\/a><\/div>\n<div class=\"col col-md-3 col-xs-6 f-cat\" data-cat=\"cat-black\" data-cat2=\"cat-Kartonierer2\"><a href=\"https:\/\/iwk.de\/fr\/produits-et-solutions\/machines\/encartonneuse-horizontale-hc-5-jusqua-200-etuis-min2\/\">Encartonneuse horizontale<br \/>\nHC 5<br \/>\n(jusqu\u2019\u00e0 200 \u00e9tuis\/min)<\/a><\/div>\n<div class=\"col col-md-3 col-xs-6 f-cat\" data-cat=\"cat-black\" data-cat2=\"cat-Kartonierer2\"><a href=\"https:\/\/iwk.de\/fr\/produits-et-solutions\/machines\/encartonneuse-horizontale-sc-6-jusqua-300-etuis-min\/\">Encartonneuse horizontale<br \/>\nSC 6<br \/>\n(jusqu\u2019\u00e0 300 \u00e9tuis\/min)<\/a><\/div>\n<div class=\"col col-md-3 col-xs-6 f-cat\" data-cat=\"cat-black\" data-cat2=\"cat-Kartonierer2\"><a href=\"https:\/\/iwk.de\/fr\/produits-et-solutions\/machines\/encartonneuse-horizontale-sc-4-jusqua-450-etuis-min\/\">Encartonneuse horizontale<br \/>\nSC 4<br \/>\n(jusqu\u2019\u00e0 450 \u00e9tuis\/min)<\/a><\/div>\n<div class=\"col col-md-3 col-xs-6 f-cat\" data-cat=\"cat-black\" data-cat2=\"cat-Kartonierer2\"><a href=\"https:\/\/iwk.de\/fr\/produits-et-solutions\/machines\/encartonneuse-horizontale-sc-3-jusqua-510-etuis-min\/\">Encartonneuse horizontale<br \/>\nSC 3<br \/>\n(jusqu\u2019\u00e0 510 \u00e9tuis\/min)<\/a><\/div>\n<div class=\"col col-md-3 col-xs-6 f-cat\" data-cat=\"cat-black\" data-cat2=\"cat-Kartonierer2\"><a href=\"https:\/\/iwk.de\/fr\/produits-et-solutions\/machines\/encartonneuse-horizontale-sc-3-800-jusqua-800-etuis-min\/\">Encartonneuse horizontale<br \/>\nSC 3-800<br \/>\n(jusqu\u2019\u00e0 800 \u00e9tuis\/min)<\/a><\/div>\n<div class=\"col col-md-3 col-xs-6 f-cat\" data-cat=\"cat-black\" data-cat2=\"cat-Kartonierer2\"><a href=\"https:\/\/iwk.de\/fr\/produits-et-solutions\/machines\/encartonneuse-horizontale-sc-soap-jusqua-1-000-etuis-min\/\">Encartonneuse horizontale<br \/>\nSC Soap<br \/>\n(jusqu\u2019\u00e0 1.000 \u00e9tuis\/min)<\/a><\/div>\n<div class=\"col col-md-3 col-xs-6 f-cat\" data-cat=\"cat-black\" data-cat2=\"cat-Kartonierer3\"><a href=\"https:\/\/iwk.de\/fr\/produits-et-solutions\/machines\/alimentation-en-etuis-entierement-automatique-cfc-jusqua-450-etuis-min\/\">Alimentation en \u00e9tuis enti\u00e8rement automatique<br \/>\nCFC<br \/>\n(jusqu\u2019\u00e0 450 \u00e9tuis\/min)<\/a><\/div>\n<div class=\"col col-md-3 col-xs-6 f-cat\" data-cat=\"cat-black\" data-cat2=\"cat-Kartonierer4\"><a href=\"https:\/\/iwk.de\/produits-et-solutions\/machines\/topload-encartonneuse-iwk-tl\/?lang=fr\"> Topload encartonneuse IWK TL <\/a><\/div>\n<\/div>\n<\/div>\n<\/div>\n","protected":false},"excerpt":{"rendered":"<p>Machines IWK: une solution adapt\u00e9e \u00e0 chaque exigence IWK est appr\u00e9ci\u00e9e de ses clients pour ses technologies de pointe, son exp\u00e9rience des lignes de production ainsi que ses machines haut de gamme offrent d\u2019excellentes performances et une fiabilit\u00e9 maximale. Type de machine : veuillez choisir Type de machine: Syst\u00e8me d`alimentation des tubes Type de machine:&#8230;<\/p>\n<div class=\"post-button\"><a href=\"https:\/\/vipgo.atsautomation.com\/iwk-de\/fr\/%20%20\/produits-et-solutions\/machines\/\">Read More<\/a><\/div>\n","protected":false},"author":63,"featured_media":2427,"parent":2963,"menu_order":0,"comment_status":"closed","ping_status":"closed","template":"","meta":{"inline_featured_image":false,"footnotes":""},"class_list":["post-2982","page","type-page","status-publish","has-post-thumbnail","hentry"],"yoast_head":"<!-- This site is optimized with the Yoast SEO Premium plugin v26.8 (Yoast SEO v26.8) - https:\/\/yoast.com\/product\/yoast-seo-premium-wordpress\/ -->\n<title>MACHINES - Innovative And Customized Manufacturing Solutions<\/title>\n<meta name=\"robots\" content=\"index, follow, max-snippet:-1, max-image-preview:large, max-video-preview:-1\" \/>\n<link rel=\"canonical\" href=\"https:\/\/vipgo.atsautomation.com\/iwk-de\/fr\/%20%20\/produits-et-solutions\/machines\/\" \/>\n<meta property=\"og:locale\" content=\"fr_FR\" \/>\n<meta property=\"og:type\" content=\"article\" \/>\n<meta property=\"og:title\" content=\"MACHINES\" \/>\n<meta property=\"og:description\" content=\"Machines IWK: une solution adapt\u00e9e \u00e0 chaque exigence IWK est appr\u00e9ci\u00e9e de ses clients pour ses technologies de pointe, son exp\u00e9rience des lignes de production ainsi que ses machines haut de gamme offrent d\u2019excellentes performances et une fiabilit\u00e9 maximale. Type de machine : veuillez choisir Type de machine: Syst\u00e8me d`alimentation des tubes Type de machine:...Read More\" \/>\n<meta property=\"og:url\" content=\"https:\/\/vipgo.atsautomation.com\/iwk-de\/fr\/  \/produits-et-solutions\/machines\/\" \/>\n<meta property=\"og:site_name\" content=\"Innovative And Customized Manufacturing Solutions\" \/>\n<meta property=\"article:modified_time\" content=\"2022-02-24T09:34:07+00:00\" \/>\n<meta property=\"og:image\" content=\"https:\/\/vipgo.atsautomation.com\/iwk-de\/%20%20\/wp-content\/uploads\/sites\/22\/2021\/01\/maschinen-main.jpg\" \/>\n\t<meta property=\"og:image:width\" content=\"1896\" \/>\n\t<meta property=\"og:image:height\" content=\"726\" \/>\n\t<meta property=\"og:image:type\" content=\"image\/jpeg\" \/>\n<meta name=\"twitter:card\" content=\"summary_large_image\" \/>\n<meta name=\"twitter:label1\" content=\"Dur\u00e9e de lecture estim\u00e9e\" \/>\n\t<meta name=\"twitter:data1\" content=\"2 minutes\" \/>\n<script type=\"application\/ld+json\" class=\"yoast-schema-graph\">{\"@context\":\"https:\/\/schema.org\",\"@graph\":[{\"@type\":\"WebPage\",\"@id\":\"https:\/\/vipgo.atsautomation.com\/iwk-de\/fr\/%20%20\/produits-et-solutions\/machines\/\",\"url\":\"https:\/\/vipgo.atsautomation.com\/iwk-de\/fr\/%20%20\/produits-et-solutions\/machines\/\",\"name\":\"MACHINES - Innovative And Customized Manufacturing Solutions\",\"isPartOf\":{\"@id\":\"https:\/\/vipgo.atsautomation.com\/iwk-de\/%20%20\/#website\"},\"primaryImageOfPage\":{\"@id\":\"https:\/\/vipgo.atsautomation.com\/iwk-de\/fr\/%20%20\/produits-et-solutions\/machines\/#primaryimage\"},\"image\":{\"@id\":\"https:\/\/vipgo.atsautomation.com\/iwk-de\/fr\/%20%20\/produits-et-solutions\/machines\/#primaryimage\"},\"thumbnailUrl\":\"https:\/\/vipgo.atsautomation.com\/iwk-de\/%20%20\/wp-content\/uploads\/sites\/22\/2021\/01\/maschinen-main.jpg\",\"datePublished\":\"2021-01-18T16:10:48+00:00\",\"dateModified\":\"2022-02-24T09:34:07+00:00\",\"breadcrumb\":{\"@id\":\"https:\/\/vipgo.atsautomation.com\/iwk-de\/fr\/%20%20\/produits-et-solutions\/machines\/#breadcrumb\"},\"inLanguage\":\"fr-FR\",\"potentialAction\":[{\"@type\":\"ReadAction\",\"target\":[\"https:\/\/vipgo.atsautomation.com\/iwk-de\/fr\/%20%20\/produits-et-solutions\/machines\/\"]}]},{\"@type\":\"ImageObject\",\"inLanguage\":\"fr-FR\",\"@id\":\"https:\/\/vipgo.atsautomation.com\/iwk-de\/fr\/%20%20\/produits-et-solutions\/machines\/#primaryimage\",\"url\":\"https:\/\/vipgo.atsautomation.com\/iwk-de\/%20%20\/wp-content\/uploads\/sites\/22\/2021\/01\/maschinen-main.jpg\",\"contentUrl\":\"https:\/\/vipgo.atsautomation.com\/iwk-de\/%20%20\/wp-content\/uploads\/sites\/22\/2021\/01\/maschinen-main.jpg\",\"width\":1896,\"height\":726},{\"@type\":\"BreadcrumbList\",\"@id\":\"https:\/\/vipgo.atsautomation.com\/iwk-de\/fr\/%20%20\/produits-et-solutions\/machines\/#breadcrumb\",\"itemListElement\":[{\"@type\":\"ListItem\",\"position\":1,\"name\":\"HOME\",\"item\":\"https:\/\/vipgo.atsautomation.com\/iwk-de\/fr\/%20%20\/\"},{\"@type\":\"ListItem\",\"position\":2,\"name\":\"PRODUITS ET SOLUTIONS\",\"item\":\"https:\/\/vipgo.atsautomation.com\/iwk-de\/fr\/%20%20\/produits-et-solutions\/\"},{\"@type\":\"ListItem\",\"position\":3,\"name\":\"MACHINES\"}]},{\"@type\":\"WebSite\",\"@id\":\"https:\/\/vipgo.atsautomation.com\/iwk-de\/%20%20\/#website\",\"url\":\"https:\/\/vipgo.atsautomation.com\/iwk-de\/%20%20\/\",\"name\":\"Innovative And Customized Manufacturing Solutions\",\"description\":\"\",\"publisher\":{\"@id\":\"https:\/\/vipgo.atsautomation.com\/iwk-de\/%20%20\/#organization\"},\"potentialAction\":[{\"@type\":\"SearchAction\",\"target\":{\"@type\":\"EntryPoint\",\"urlTemplate\":\"https:\/\/vipgo.atsautomation.com\/iwk-de\/%20%20\/?s={search_term_string}\"},\"query-input\":{\"@type\":\"PropertyValueSpecification\",\"valueRequired\":true,\"valueName\":\"search_term_string\"}}],\"inLanguage\":\"fr-FR\"},{\"@type\":\"Organization\",\"@id\":\"https:\/\/vipgo.atsautomation.com\/iwk-de\/%20%20\/#organization\",\"name\":\"Innovative And Customized Manufacturing Solutions\",\"url\":\"https:\/\/vipgo.atsautomation.com\/iwk-de\/%20%20\/\",\"logo\":{\"@type\":\"ImageObject\",\"inLanguage\":\"fr-FR\",\"@id\":\"https:\/\/vipgo.atsautomation.com\/iwk-de\/%20%20\/#\/schema\/logo\/image\/\",\"url\":\"https:\/\/vipgo.atsautomation.com\/iwk-de\/%20%20\/wp-content\/uploads\/sites\/22\/2023\/02\/LOGO_IWK_4c_Size_2.png\",\"contentUrl\":\"https:\/\/vipgo.atsautomation.com\/iwk-de\/%20%20\/wp-content\/uploads\/sites\/22\/2023\/02\/LOGO_IWK_4c_Size_2.png\",\"width\":238,\"height\":137,\"caption\":\"Innovative And Customized Manufacturing Solutions\"},\"image\":{\"@id\":\"https:\/\/vipgo.atsautomation.com\/iwk-de\/%20%20\/#\/schema\/logo\/image\/\"}}]}<\/script>\n<!-- \/ Yoast SEO Premium plugin. -->","yoast_head_json":{"title":"MACHINES - Innovative And Customized Manufacturing Solutions","robots":{"index":"index","follow":"follow","max-snippet":"max-snippet:-1","max-image-preview":"max-image-preview:large","max-video-preview":"max-video-preview:-1"},"canonical":"https:\/\/vipgo.atsautomation.com\/iwk-de\/fr\/  \/produits-et-solutions\/machines\/","og_locale":"fr_FR","og_type":"article","og_title":"MACHINES","og_description":"Machines IWK: une solution adapt\u00e9e \u00e0 chaque exigence IWK est appr\u00e9ci\u00e9e de ses clients pour ses technologies de pointe, son exp\u00e9rience des lignes de production ainsi que ses machines haut de gamme offrent d\u2019excellentes performances et une fiabilit\u00e9 maximale. Type de machine : veuillez choisir Type de machine: Syst\u00e8me d`alimentation des tubes Type de machine:...Read More","og_url":"https:\/\/vipgo.atsautomation.com\/iwk-de\/fr\/  \/produits-et-solutions\/machines\/","og_site_name":"Innovative And Customized Manufacturing Solutions","article_modified_time":"2022-02-24T09:34:07+00:00","og_image":[{"width":1896,"height":726,"url":"https:\/\/vipgo.atsautomation.com\/iwk-de\/%20%20\/wp-content\/uploads\/sites\/22\/2021\/01\/maschinen-main.jpg","type":"image\/jpeg"}],"twitter_card":"summary_large_image","twitter_misc":{"Dur\u00e9e de lecture estim\u00e9e":"2 minutes"},"schema":{"@context":"https:\/\/schema.org","@graph":[{"@type":"WebPage","@id":"https:\/\/vipgo.atsautomation.com\/iwk-de\/fr\/%20%20\/produits-et-solutions\/machines\/","url":"https:\/\/vipgo.atsautomation.com\/iwk-de\/fr\/%20%20\/produits-et-solutions\/machines\/","name":"MACHINES - Innovative And Customized Manufacturing Solutions","isPartOf":{"@id":"https:\/\/vipgo.atsautomation.com\/iwk-de\/%20%20\/#website"},"primaryImageOfPage":{"@id":"https:\/\/vipgo.atsautomation.com\/iwk-de\/fr\/%20%20\/produits-et-solutions\/machines\/#primaryimage"},"image":{"@id":"https:\/\/vipgo.atsautomation.com\/iwk-de\/fr\/%20%20\/produits-et-solutions\/machines\/#primaryimage"},"thumbnailUrl":"https:\/\/vipgo.atsautomation.com\/iwk-de\/%20%20\/wp-content\/uploads\/sites\/22\/2021\/01\/maschinen-main.jpg","datePublished":"2021-01-18T16:10:48+00:00","dateModified":"2022-02-24T09:34:07+00:00","breadcrumb":{"@id":"https:\/\/vipgo.atsautomation.com\/iwk-de\/fr\/%20%20\/produits-et-solutions\/machines\/#breadcrumb"},"inLanguage":"fr-FR","potentialAction":[{"@type":"ReadAction","target":["https:\/\/vipgo.atsautomation.com\/iwk-de\/fr\/%20%20\/produits-et-solutions\/machines\/"]}]},{"@type":"ImageObject","inLanguage":"fr-FR","@id":"https:\/\/vipgo.atsautomation.com\/iwk-de\/fr\/%20%20\/produits-et-solutions\/machines\/#primaryimage","url":"https:\/\/vipgo.atsautomation.com\/iwk-de\/%20%20\/wp-content\/uploads\/sites\/22\/2021\/01\/maschinen-main.jpg","contentUrl":"https:\/\/vipgo.atsautomation.com\/iwk-de\/%20%20\/wp-content\/uploads\/sites\/22\/2021\/01\/maschinen-main.jpg","width":1896,"height":726},{"@type":"BreadcrumbList","@id":"https:\/\/vipgo.atsautomation.com\/iwk-de\/fr\/%20%20\/produits-et-solutions\/machines\/#breadcrumb","itemListElement":[{"@type":"ListItem","position":1,"name":"HOME","item":"https:\/\/vipgo.atsautomation.com\/iwk-de\/fr\/%20%20\/"},{"@type":"ListItem","position":2,"name":"PRODUITS ET SOLUTIONS","item":"https:\/\/vipgo.atsautomation.com\/iwk-de\/fr\/%20%20\/produits-et-solutions\/"},{"@type":"ListItem","position":3,"name":"MACHINES"}]},{"@type":"WebSite","@id":"https:\/\/vipgo.atsautomation.com\/iwk-de\/%20%20\/#website","url":"https:\/\/vipgo.atsautomation.com\/iwk-de\/%20%20\/","name":"Innovative And Customized Manufacturing Solutions","description":"","publisher":{"@id":"https:\/\/vipgo.atsautomation.com\/iwk-de\/%20%20\/#organization"},"potentialAction":[{"@type":"SearchAction","target":{"@type":"EntryPoint","urlTemplate":"https:\/\/vipgo.atsautomation.com\/iwk-de\/%20%20\/?s={search_term_string}"},"query-input":{"@type":"PropertyValueSpecification","valueRequired":true,"valueName":"search_term_string"}}],"inLanguage":"fr-FR"},{"@type":"Organization","@id":"https:\/\/vipgo.atsautomation.com\/iwk-de\/%20%20\/#organization","name":"Innovative And Customized Manufacturing Solutions","url":"https:\/\/vipgo.atsautomation.com\/iwk-de\/%20%20\/","logo":{"@type":"ImageObject","inLanguage":"fr-FR","@id":"https:\/\/vipgo.atsautomation.com\/iwk-de\/%20%20\/#\/schema\/logo\/image\/","url":"https:\/\/vipgo.atsautomation.com\/iwk-de\/%20%20\/wp-content\/uploads\/sites\/22\/2023\/02\/LOGO_IWK_4c_Size_2.png","contentUrl":"https:\/\/vipgo.atsautomation.com\/iwk-de\/%20%20\/wp-content\/uploads\/sites\/22\/2023\/02\/LOGO_IWK_4c_Size_2.png","width":238,"height":137,"caption":"Innovative And Customized Manufacturing Solutions"},"image":{"@id":"https:\/\/vipgo.atsautomation.com\/iwk-de\/%20%20\/#\/schema\/logo\/image\/"}}]}},"jetpack_sharing_enabled":true,"_links":{"self":[{"href":"https:\/\/vipgo.atsautomation.com\/iwk-de\/fr\/%20%20\/wp-json\/wp\/v2\/pages\/2982","targetHints":{"allow":["GET"]}}],"collection":[{"href":"https:\/\/vipgo.atsautomation.com\/iwk-de\/fr\/%20%20\/wp-json\/wp\/v2\/pages"}],"about":[{"href":"https:\/\/vipgo.atsautomation.com\/iwk-de\/fr\/%20%20\/wp-json\/wp\/v2\/types\/page"}],"author":[{"embeddable":true,"href":"https:\/\/vipgo.atsautomation.com\/iwk-de\/fr\/%20%20\/wp-json\/wp\/v2\/users\/63"}],"replies":[{"embeddable":true,"href":"https:\/\/vipgo.atsautomation.com\/iwk-de\/fr\/%20%20\/wp-json\/wp\/v2\/comments?post=2982"}],"version-history":[{"count":15,"href":"https:\/\/vipgo.atsautomation.com\/iwk-de\/fr\/%20%20\/wp-json\/wp\/v2\/pages\/2982\/revisions"}],"predecessor-version":[{"id":11445,"href":"https:\/\/vipgo.atsautomation.com\/iwk-de\/fr\/%20%20\/wp-json\/wp\/v2\/pages\/2982\/revisions\/11445"}],"up":[{"embeddable":true,"href":"https:\/\/vipgo.atsautomation.com\/iwk-de\/fr\/%20%20\/wp-json\/wp\/v2\/pages\/2963"}],"wp:featuredmedia":[{"embeddable":true,"href":"https:\/\/vipgo.atsautomation.com\/iwk-de\/fr\/%20%20\/wp-json\/wp\/v2\/media\/2427"}],"wp:attachment":[{"href":"https:\/\/vipgo.atsautomation.com\/iwk-de\/fr\/%20%20\/wp-json\/wp\/v2\/media?parent=2982"}],"curies":[{"name":"wp","href":"https:\/\/api.w.org\/{rel}","templated":true}]}}