{"id":3109,"date":"2021-01-18T09:37:13","date_gmt":"2021-01-18T09:37:13","guid":{"rendered":"https:\/\/iwk.de\/?page_id=3109"},"modified":"2021-08-13T12:34:44","modified_gmt":"2021-08-13T12:34:44","slug":"depalettiseur-entierement-automatique-cobot-dpc-jusqua-300-tubes-min","status":"publish","type":"page","link":"https:\/\/vipgo.atsautomation.com\/iwk-de\/fr\/%20%20\/produits-et-solutions\/machines\/depalettiseur-entierement-automatique-cobot-dpc-jusqua-300-tubes-min\/","title":{"rendered":"D\u00e9palettiseur enti\u00e8rement automatique Cobot DPC (jusqu\u2019\u00e0 300 tubes\/min)"},"content":{"rendered":"<div class=\"home-main row\"><span><span><a href=\"https:\/\/vipgo.atsautomation.com\/iwk-de\/fr\/%20%20\/\">HOME<\/a><\/span><\/span><\/p>\n<h2>D\u00e9palettiseur enti\u00e8rement automatique Cobot DPC<br \/>\n(jusqu\u2019\u00e0 300 tubes\/min)<\/h2>\n<p>Les syst\u00e8mes cobotiques augmentent sensiblement le rendement des installations d\u2019emballage gr\u00e2ce \u00e0 une manutention rapide et sans interruption. Ils ne n\u00e9cessitent aucun syst\u00e8me de s\u00e9curit\u00e9 suppl\u00e9mentaire et respectent les derni\u00e8res directives en mati\u00e8re de s\u00e9curit\u00e9 au travail. Un post-\u00e9quipement de syst\u00e8mes cobotiques IWK dans des installations d\u00e9j\u00e0 existantes se fait sans probl\u00e8me, \u00e9galement \u00e0 l\u2019unit\u00e9, et est vite rentabilis\u00e9. La dur\u00e9e d\u2019amortissement du syst\u00e8me est de 12 mois seulement, selon l\u2019utilisation.<\/p>\n<p><strong>Syst\u00e8me de d\u00e9palettisation DPC\u00a0<\/strong>assist\u00e9 par cobotique Le syst\u00e8me de d\u00e9palettisation collaboratif d\u2019IWK est unique dans ce secteur et offre une autonomie totale de l\u2019installation. Le bras du robot avec bras pr\u00e9henseurs pneumatiques peut saisir sur deux emplacements de palettes et alimenter ainsi sans interruption la ligne de remplissage de tubes. Cela augmente consid\u00e9rablement les temps de cycle des livraisons ult\u00e9rieures de palettes.<\/p>\n<div class=\"advantages\">\n<div class=\"col-sm-7 bodytext mt-4\">\n<h3>AVANTAGES<\/h3>\n<div class=\"list-style\">\n<ul>\n<li>Rendement \u00e9lev\u00e9<\/li>\n<li>Amortissement rapide<\/li>\n<li>Production sans interruption<\/li>\n<li>S\u00e9curit\u00e9 du travail renforc\u00e9e<\/li>\n<li>Manutention am\u00e9lior\u00e9e<\/li>\n<li>Installation flexible<\/li>\n<li>Post-\u00e9quipement facile<\/li>\n<\/ul>\n<\/div>\n<\/div>\n<div class=\"col-sm-9\">\n<div class=\"slideshow-container\">\n<div class=\"mySlides fade\"><img loading=\"lazy\" decoding=\"async\"  width=\"500\" height=\"334\"  src=\"https:\/\/iwk.de\/wp-content\/uploads\/sites\/22\/2021\/01\/IWK-Depalletizer-DPC-1.jpg\" \/><\/div>\n<div class=\"mySlides fade\"><img loading=\"lazy\" decoding=\"async\"  width=\"500\" height=\"334\"  src=\"https:\/\/iwk.de\/wp-content\/uploads\/sites\/22\/2021\/01\/IWK-Depalletizer-DPC-2.jpg\" \/><\/div>\n<div class=\"mySlides fade\"><img loading=\"lazy\" decoding=\"async\" s width=\"500\" height=\"334\"  src=\"https:\/\/iwk.de\/wp-content\/uploads\/sites\/22\/2021\/01\/MG_9646-1_ret-DE-1.jpg\" \/><\/div>\n<p><a class=\"prev\" onclick=\"plusSlides(-1)\">\u276e<\/a><br \/>\n<a class=\"next\" onclick=\"plusSlides(1)\">\u276f<\/a><\/p>\n<\/div>\n<\/div>\n<h3>TRAVAIL S\u00c9CURIS\u00c9<\/h3>\n<p>La zone de protection autour de l\u2019alimentation en tubes est surveill\u00e9e par des scanners laser de s\u00e9curit\u00e9 ultra sensibles. Jusqu\u2019\u00e0 quatre scanners enregistrent chaque d\u00e9passement et assurent une protection anti-accident fiable, qui r\u00e9pond entre autres aux directives exigeantes de l\u2019association professionnelle. Ce syst\u00e8me intelligent permet une intervention manuelle imm\u00e9diate dans l\u2019alimentation en tubes. Le syst\u00e8me reprend ensuite sa vitesse de production normale.\n<\/p><\/div>\n<\/div>\n<section class=\"techData\">\n<div class=\"home-main row\">\n<h3>DONN\u00c9ES TECHNIQUES<\/h3>\n<table class=\"table\">\n<thead>\n<tr>\n<th>TYPE<\/th>\n<th>DPC<\/th>\n<\/tr>\n<\/thead>\n<tbody>\n<tr>\n<td>Type de palette<\/td>\n<td>Palette Europe\/palette industrielle<\/td>\n<\/tr>\n<tr>\n<td>Dimensions de support (mm)<\/td>\n<td>min. 200 x 200 x 70; max. 600 x 600 x 265<\/td>\n<\/tr>\n<tr>\n<td>Valeurs de raccordement<\/td>\n<td>3 x 400 V\/ 50 Hz<\/td>\n<\/tr>\n<\/tbody>\n<\/table>\n<\/div>\n<\/section>\n<div class=\"home-main row\">\n<a href=\"https:\/\/iwk.de\/fr\/machines\/\" class=\"backLink\">  RETOUR <\/a>\n<\/div>\n","protected":false},"excerpt":{"rendered":"<p>D\u00e9palettiseur enti\u00e8rement automatique Cobot DPC (jusqu\u2019\u00e0 300 tubes\/min) Les syst\u00e8mes cobotiques augmentent sensiblement le rendement des installations d\u2019emballage gr\u00e2ce \u00e0 une manutention rapide et sans interruption. Ils ne n\u00e9cessitent aucun syst\u00e8me de s\u00e9curit\u00e9 suppl\u00e9mentaire et respectent les derni\u00e8res directives en mati\u00e8re de s\u00e9curit\u00e9 au travail. Un post-\u00e9quipement de syst\u00e8mes cobotiques IWK dans des installations d\u00e9j\u00e0&#8230;<\/p>\n<div class=\"post-button\"><a href=\"https:\/\/vipgo.atsautomation.com\/iwk-de\/fr\/%20%20\/produits-et-solutions\/machines\/depalettiseur-entierement-automatique-cobot-dpc-jusqua-300-tubes-min\/\">Read More<\/a><\/div>\n","protected":false},"author":63,"featured_media":2307,"parent":2982,"menu_order":0,"comment_status":"closed","ping_status":"closed","template":"page-templates\/landing-page.php","meta":{"inline_featured_image":false,"footnotes":""},"class_list":["post-3109","page","type-page","status-publish","has-post-thumbnail","hentry"],"yoast_head":"<!-- This site is optimized with the Yoast SEO Premium plugin v26.8 (Yoast SEO v26.8) - https:\/\/yoast.com\/product\/yoast-seo-premium-wordpress\/ -->\n<title>D\u00e9palettiseur enti\u00e8rement automatique Cobot DPC (jusqu\u2019\u00e0 300 tubes\/min) - Innovative And Customized Manufacturing Solutions<\/title>\n<meta name=\"robots\" content=\"index, follow, max-snippet:-1, max-image-preview:large, max-video-preview:-1\" \/>\n<link rel=\"canonical\" href=\"https:\/\/vipgo.atsautomation.com\/iwk-de\/fr\/%20%20\/produits-et-solutions\/machines\/depalettiseur-entierement-automatique-cobot-dpc-jusqua-300-tubes-min\/\" \/>\n<meta property=\"og:locale\" content=\"fr_FR\" \/>\n<meta property=\"og:type\" content=\"article\" \/>\n<meta property=\"og:title\" content=\"D\u00e9palettiseur enti\u00e8rement automatique Cobot DPC (jusqu\u2019\u00e0 300 tubes\/min)\" \/>\n<meta property=\"og:description\" content=\"D\u00e9palettiseur enti\u00e8rement automatique Cobot DPC (jusqu\u2019\u00e0 300 tubes\/min) Les syst\u00e8mes cobotiques augmentent sensiblement le rendement des installations d\u2019emballage gr\u00e2ce \u00e0 une manutention rapide et sans interruption. Ils ne n\u00e9cessitent aucun syst\u00e8me de s\u00e9curit\u00e9 suppl\u00e9mentaire et respectent les derni\u00e8res directives en mati\u00e8re de s\u00e9curit\u00e9 au travail. Un post-\u00e9quipement de syst\u00e8mes cobotiques IWK dans des installations d\u00e9j\u00e0...Read More\" \/>\n<meta property=\"og:url\" content=\"https:\/\/vipgo.atsautomation.com\/iwk-de\/fr\/  \/produits-et-solutions\/machines\/depalettiseur-entierement-automatique-cobot-dpc-jusqua-300-tubes-min\/\" \/>\n<meta property=\"og:site_name\" content=\"Innovative And Customized Manufacturing Solutions\" \/>\n<meta property=\"article:modified_time\" content=\"2021-08-13T12:34:44+00:00\" \/>\n<meta property=\"og:image\" content=\"https:\/\/vipgo.atsautomation.com\/iwk-de\/%20%20\/wp-content\/uploads\/sites\/22\/2021\/01\/machine.jpg\" \/>\n\t<meta property=\"og:image:width\" content=\"1895\" \/>\n\t<meta property=\"og:image:height\" content=\"727\" \/>\n\t<meta property=\"og:image:type\" content=\"image\/jpeg\" \/>\n<meta name=\"twitter:card\" content=\"summary_large_image\" \/>\n<meta name=\"twitter:label1\" content=\"Dur\u00e9e de lecture estim\u00e9e\" \/>\n\t<meta name=\"twitter:data1\" content=\"1 minute\" \/>\n<script type=\"application\/ld+json\" class=\"yoast-schema-graph\">{\"@context\":\"https:\/\/schema.org\",\"@graph\":[{\"@type\":\"WebPage\",\"@id\":\"https:\/\/vipgo.atsautomation.com\/iwk-de\/fr\/%20%20\/produits-et-solutions\/machines\/depalettiseur-entierement-automatique-cobot-dpc-jusqua-300-tubes-min\/\",\"url\":\"https:\/\/vipgo.atsautomation.com\/iwk-de\/fr\/%20%20\/produits-et-solutions\/machines\/depalettiseur-entierement-automatique-cobot-dpc-jusqua-300-tubes-min\/\",\"name\":\"D\u00e9palettiseur enti\u00e8rement automatique Cobot DPC (jusqu\u2019\u00e0 300 tubes\/min) - Innovative And Customized Manufacturing Solutions\",\"isPartOf\":{\"@id\":\"https:\/\/vipgo.atsautomation.com\/iwk-de\/%20%20\/#website\"},\"primaryImageOfPage\":{\"@id\":\"https:\/\/vipgo.atsautomation.com\/iwk-de\/fr\/%20%20\/produits-et-solutions\/machines\/depalettiseur-entierement-automatique-cobot-dpc-jusqua-300-tubes-min\/#primaryimage\"},\"image\":{\"@id\":\"https:\/\/vipgo.atsautomation.com\/iwk-de\/fr\/%20%20\/produits-et-solutions\/machines\/depalettiseur-entierement-automatique-cobot-dpc-jusqua-300-tubes-min\/#primaryimage\"},\"thumbnailUrl\":\"https:\/\/vipgo.atsautomation.com\/iwk-de\/%20%20\/wp-content\/uploads\/sites\/22\/2021\/01\/machine.jpg\",\"datePublished\":\"2021-01-18T09:37:13+00:00\",\"dateModified\":\"2021-08-13T12:34:44+00:00\",\"breadcrumb\":{\"@id\":\"https:\/\/vipgo.atsautomation.com\/iwk-de\/fr\/%20%20\/produits-et-solutions\/machines\/depalettiseur-entierement-automatique-cobot-dpc-jusqua-300-tubes-min\/#breadcrumb\"},\"inLanguage\":\"fr-FR\",\"potentialAction\":[{\"@type\":\"ReadAction\",\"target\":[\"https:\/\/vipgo.atsautomation.com\/iwk-de\/fr\/%20%20\/produits-et-solutions\/machines\/depalettiseur-entierement-automatique-cobot-dpc-jusqua-300-tubes-min\/\"]}]},{\"@type\":\"ImageObject\",\"inLanguage\":\"fr-FR\",\"@id\":\"https:\/\/vipgo.atsautomation.com\/iwk-de\/fr\/%20%20\/produits-et-solutions\/machines\/depalettiseur-entierement-automatique-cobot-dpc-jusqua-300-tubes-min\/#primaryimage\",\"url\":\"https:\/\/vipgo.atsautomation.com\/iwk-de\/%20%20\/wp-content\/uploads\/sites\/22\/2021\/01\/machine.jpg\",\"contentUrl\":\"https:\/\/vipgo.atsautomation.com\/iwk-de\/%20%20\/wp-content\/uploads\/sites\/22\/2021\/01\/machine.jpg\",\"width\":1895,\"height\":727},{\"@type\":\"BreadcrumbList\",\"@id\":\"https:\/\/vipgo.atsautomation.com\/iwk-de\/fr\/%20%20\/produits-et-solutions\/machines\/depalettiseur-entierement-automatique-cobot-dpc-jusqua-300-tubes-min\/#breadcrumb\",\"itemListElement\":[{\"@type\":\"ListItem\",\"position\":1,\"name\":\"HOME\",\"item\":\"https:\/\/vipgo.atsautomation.com\/iwk-de\/fr\/%20%20\/\"},{\"@type\":\"ListItem\",\"position\":2,\"name\":\"PRODUITS ET SOLUTIONS\",\"item\":\"https:\/\/vipgo.atsautomation.com\/iwk-de\/fr\/%20%20\/produits-et-solutions\/\"},{\"@type\":\"ListItem\",\"position\":3,\"name\":\"MACHINES\",\"item\":\"https:\/\/vipgo.atsautomation.com\/iwk-de\/fr\/%20%20\/produits-et-solutions\/machines\/\"},{\"@type\":\"ListItem\",\"position\":4,\"name\":\"D\u00e9palettiseur enti\u00e8rement automatique Cobot DPC (jusqu\u2019\u00e0 300 tubes\/min)\"}]},{\"@type\":\"WebSite\",\"@id\":\"https:\/\/vipgo.atsautomation.com\/iwk-de\/%20%20\/#website\",\"url\":\"https:\/\/vipgo.atsautomation.com\/iwk-de\/%20%20\/\",\"name\":\"Innovative And Customized Manufacturing Solutions\",\"description\":\"\",\"publisher\":{\"@id\":\"https:\/\/vipgo.atsautomation.com\/iwk-de\/%20%20\/#organization\"},\"potentialAction\":[{\"@type\":\"SearchAction\",\"target\":{\"@type\":\"EntryPoint\",\"urlTemplate\":\"https:\/\/vipgo.atsautomation.com\/iwk-de\/%20%20\/?s={search_term_string}\"},\"query-input\":{\"@type\":\"PropertyValueSpecification\",\"valueRequired\":true,\"valueName\":\"search_term_string\"}}],\"inLanguage\":\"fr-FR\"},{\"@type\":\"Organization\",\"@id\":\"https:\/\/vipgo.atsautomation.com\/iwk-de\/%20%20\/#organization\",\"name\":\"Innovative And Customized Manufacturing Solutions\",\"url\":\"https:\/\/vipgo.atsautomation.com\/iwk-de\/%20%20\/\",\"logo\":{\"@type\":\"ImageObject\",\"inLanguage\":\"fr-FR\",\"@id\":\"https:\/\/vipgo.atsautomation.com\/iwk-de\/%20%20\/#\/schema\/logo\/image\/\",\"url\":\"https:\/\/vipgo.atsautomation.com\/iwk-de\/%20%20\/wp-content\/uploads\/sites\/22\/2023\/02\/LOGO_IWK_4c_Size_2.png\",\"contentUrl\":\"https:\/\/vipgo.atsautomation.com\/iwk-de\/%20%20\/wp-content\/uploads\/sites\/22\/2023\/02\/LOGO_IWK_4c_Size_2.png\",\"width\":238,\"height\":137,\"caption\":\"Innovative And Customized Manufacturing Solutions\"},\"image\":{\"@id\":\"https:\/\/vipgo.atsautomation.com\/iwk-de\/%20%20\/#\/schema\/logo\/image\/\"}}]}<\/script>\n<!-- \/ Yoast SEO Premium plugin. -->","yoast_head_json":{"title":"D\u00e9palettiseur enti\u00e8rement automatique Cobot DPC (jusqu\u2019\u00e0 300 tubes\/min) - Innovative And Customized Manufacturing Solutions","robots":{"index":"index","follow":"follow","max-snippet":"max-snippet:-1","max-image-preview":"max-image-preview:large","max-video-preview":"max-video-preview:-1"},"canonical":"https:\/\/vipgo.atsautomation.com\/iwk-de\/fr\/  \/produits-et-solutions\/machines\/depalettiseur-entierement-automatique-cobot-dpc-jusqua-300-tubes-min\/","og_locale":"fr_FR","og_type":"article","og_title":"D\u00e9palettiseur enti\u00e8rement automatique Cobot DPC (jusqu\u2019\u00e0 300 tubes\/min)","og_description":"D\u00e9palettiseur enti\u00e8rement automatique Cobot DPC (jusqu\u2019\u00e0 300 tubes\/min) Les syst\u00e8mes cobotiques augmentent sensiblement le rendement des installations d\u2019emballage gr\u00e2ce \u00e0 une manutention rapide et sans interruption. Ils ne n\u00e9cessitent aucun syst\u00e8me de s\u00e9curit\u00e9 suppl\u00e9mentaire et respectent les derni\u00e8res directives en mati\u00e8re de s\u00e9curit\u00e9 au travail. Un post-\u00e9quipement de syst\u00e8mes cobotiques IWK dans des installations d\u00e9j\u00e0...Read More","og_url":"https:\/\/vipgo.atsautomation.com\/iwk-de\/fr\/  \/produits-et-solutions\/machines\/depalettiseur-entierement-automatique-cobot-dpc-jusqua-300-tubes-min\/","og_site_name":"Innovative And Customized Manufacturing Solutions","article_modified_time":"2021-08-13T12:34:44+00:00","og_image":[{"width":1895,"height":727,"url":"https:\/\/vipgo.atsautomation.com\/iwk-de\/%20%20\/wp-content\/uploads\/sites\/22\/2021\/01\/machine.jpg","type":"image\/jpeg"}],"twitter_card":"summary_large_image","twitter_misc":{"Dur\u00e9e de lecture estim\u00e9e":"1 minute"},"schema":{"@context":"https:\/\/schema.org","@graph":[{"@type":"WebPage","@id":"https:\/\/vipgo.atsautomation.com\/iwk-de\/fr\/%20%20\/produits-et-solutions\/machines\/depalettiseur-entierement-automatique-cobot-dpc-jusqua-300-tubes-min\/","url":"https:\/\/vipgo.atsautomation.com\/iwk-de\/fr\/%20%20\/produits-et-solutions\/machines\/depalettiseur-entierement-automatique-cobot-dpc-jusqua-300-tubes-min\/","name":"D\u00e9palettiseur enti\u00e8rement automatique Cobot DPC (jusqu\u2019\u00e0 300 tubes\/min) - Innovative And Customized Manufacturing Solutions","isPartOf":{"@id":"https:\/\/vipgo.atsautomation.com\/iwk-de\/%20%20\/#website"},"primaryImageOfPage":{"@id":"https:\/\/vipgo.atsautomation.com\/iwk-de\/fr\/%20%20\/produits-et-solutions\/machines\/depalettiseur-entierement-automatique-cobot-dpc-jusqua-300-tubes-min\/#primaryimage"},"image":{"@id":"https:\/\/vipgo.atsautomation.com\/iwk-de\/fr\/%20%20\/produits-et-solutions\/machines\/depalettiseur-entierement-automatique-cobot-dpc-jusqua-300-tubes-min\/#primaryimage"},"thumbnailUrl":"https:\/\/vipgo.atsautomation.com\/iwk-de\/%20%20\/wp-content\/uploads\/sites\/22\/2021\/01\/machine.jpg","datePublished":"2021-01-18T09:37:13+00:00","dateModified":"2021-08-13T12:34:44+00:00","breadcrumb":{"@id":"https:\/\/vipgo.atsautomation.com\/iwk-de\/fr\/%20%20\/produits-et-solutions\/machines\/depalettiseur-entierement-automatique-cobot-dpc-jusqua-300-tubes-min\/#breadcrumb"},"inLanguage":"fr-FR","potentialAction":[{"@type":"ReadAction","target":["https:\/\/vipgo.atsautomation.com\/iwk-de\/fr\/%20%20\/produits-et-solutions\/machines\/depalettiseur-entierement-automatique-cobot-dpc-jusqua-300-tubes-min\/"]}]},{"@type":"ImageObject","inLanguage":"fr-FR","@id":"https:\/\/vipgo.atsautomation.com\/iwk-de\/fr\/%20%20\/produits-et-solutions\/machines\/depalettiseur-entierement-automatique-cobot-dpc-jusqua-300-tubes-min\/#primaryimage","url":"https:\/\/vipgo.atsautomation.com\/iwk-de\/%20%20\/wp-content\/uploads\/sites\/22\/2021\/01\/machine.jpg","contentUrl":"https:\/\/vipgo.atsautomation.com\/iwk-de\/%20%20\/wp-content\/uploads\/sites\/22\/2021\/01\/machine.jpg","width":1895,"height":727},{"@type":"BreadcrumbList","@id":"https:\/\/vipgo.atsautomation.com\/iwk-de\/fr\/%20%20\/produits-et-solutions\/machines\/depalettiseur-entierement-automatique-cobot-dpc-jusqua-300-tubes-min\/#breadcrumb","itemListElement":[{"@type":"ListItem","position":1,"name":"HOME","item":"https:\/\/vipgo.atsautomation.com\/iwk-de\/fr\/%20%20\/"},{"@type":"ListItem","position":2,"name":"PRODUITS ET SOLUTIONS","item":"https:\/\/vipgo.atsautomation.com\/iwk-de\/fr\/%20%20\/produits-et-solutions\/"},{"@type":"ListItem","position":3,"name":"MACHINES","item":"https:\/\/vipgo.atsautomation.com\/iwk-de\/fr\/%20%20\/produits-et-solutions\/machines\/"},{"@type":"ListItem","position":4,"name":"D\u00e9palettiseur enti\u00e8rement automatique Cobot DPC (jusqu\u2019\u00e0 300 tubes\/min)"}]},{"@type":"WebSite","@id":"https:\/\/vipgo.atsautomation.com\/iwk-de\/%20%20\/#website","url":"https:\/\/vipgo.atsautomation.com\/iwk-de\/%20%20\/","name":"Innovative And Customized Manufacturing Solutions","description":"","publisher":{"@id":"https:\/\/vipgo.atsautomation.com\/iwk-de\/%20%20\/#organization"},"potentialAction":[{"@type":"SearchAction","target":{"@type":"EntryPoint","urlTemplate":"https:\/\/vipgo.atsautomation.com\/iwk-de\/%20%20\/?s={search_term_string}"},"query-input":{"@type":"PropertyValueSpecification","valueRequired":true,"valueName":"search_term_string"}}],"inLanguage":"fr-FR"},{"@type":"Organization","@id":"https:\/\/vipgo.atsautomation.com\/iwk-de\/%20%20\/#organization","name":"Innovative And Customized Manufacturing Solutions","url":"https:\/\/vipgo.atsautomation.com\/iwk-de\/%20%20\/","logo":{"@type":"ImageObject","inLanguage":"fr-FR","@id":"https:\/\/vipgo.atsautomation.com\/iwk-de\/%20%20\/#\/schema\/logo\/image\/","url":"https:\/\/vipgo.atsautomation.com\/iwk-de\/%20%20\/wp-content\/uploads\/sites\/22\/2023\/02\/LOGO_IWK_4c_Size_2.png","contentUrl":"https:\/\/vipgo.atsautomation.com\/iwk-de\/%20%20\/wp-content\/uploads\/sites\/22\/2023\/02\/LOGO_IWK_4c_Size_2.png","width":238,"height":137,"caption":"Innovative And Customized Manufacturing Solutions"},"image":{"@id":"https:\/\/vipgo.atsautomation.com\/iwk-de\/%20%20\/#\/schema\/logo\/image\/"}}]}},"jetpack_sharing_enabled":true,"_links":{"self":[{"href":"https:\/\/vipgo.atsautomation.com\/iwk-de\/fr\/%20%20\/wp-json\/wp\/v2\/pages\/3109","targetHints":{"allow":["GET"]}}],"collection":[{"href":"https:\/\/vipgo.atsautomation.com\/iwk-de\/fr\/%20%20\/wp-json\/wp\/v2\/pages"}],"about":[{"href":"https:\/\/vipgo.atsautomation.com\/iwk-de\/fr\/%20%20\/wp-json\/wp\/v2\/types\/page"}],"author":[{"embeddable":true,"href":"https:\/\/vipgo.atsautomation.com\/iwk-de\/fr\/%20%20\/wp-json\/wp\/v2\/users\/63"}],"replies":[{"embeddable":true,"href":"https:\/\/vipgo.atsautomation.com\/iwk-de\/fr\/%20%20\/wp-json\/wp\/v2\/comments?post=3109"}],"version-history":[{"count":6,"href":"https:\/\/vipgo.atsautomation.com\/iwk-de\/fr\/%20%20\/wp-json\/wp\/v2\/pages\/3109\/revisions"}],"predecessor-version":[{"id":7810,"href":"https:\/\/vipgo.atsautomation.com\/iwk-de\/fr\/%20%20\/wp-json\/wp\/v2\/pages\/3109\/revisions\/7810"}],"up":[{"embeddable":true,"href":"https:\/\/vipgo.atsautomation.com\/iwk-de\/fr\/%20%20\/wp-json\/wp\/v2\/pages\/2982"}],"wp:featuredmedia":[{"embeddable":true,"href":"https:\/\/vipgo.atsautomation.com\/iwk-de\/fr\/%20%20\/wp-json\/wp\/v2\/media\/2307"}],"wp:attachment":[{"href":"https:\/\/vipgo.atsautomation.com\/iwk-de\/fr\/%20%20\/wp-json\/wp\/v2\/media?parent=3109"}],"curies":[{"name":"wp","href":"https:\/\/api.w.org\/{rel}","templated":true}]}}