{"id":3117,"date":"2021-01-18T10:16:18","date_gmt":"2021-01-18T10:16:18","guid":{"rendered":"https:\/\/iwk.de\/?page_id=3117"},"modified":"2021-03-17T15:15:54","modified_gmt":"2021-03-17T15:15:54","slug":"remplisseuse-de-tubes-fp-10-jusqua-70-tubes-min","status":"publish","type":"page","link":"https:\/\/vipgo.atsautomation.com\/iwk-de\/fr\/%20%20\/produits-et-solutions\/machines\/remplisseuse-de-tubes-fp-10-jusqua-70-tubes-min\/","title":{"rendered":"Remplisseuse de tubes FP 10 (jusqu\u2019\u00e0 70 tubes\/min)"},"content":{"rendered":"<div class=\"home-main row\"><span><span><a href=\"https:\/\/vipgo.atsautomation.com\/iwk-de\/fr\/%20%20\/\">HOME<\/a><\/span><\/span><\/p>\n<h2>Remplisseuse de tubes FP 10<br \/>\n(jusqu\u2019\u00e0 70 tubes\/min)<\/h2>\n<p>Notre nouvelle remplisseuse de tubes \u00ab FP 10 \u00bb, de faible puissance, est l\u2019\u00e9volution de notre mod\u00e8le TFS 10, qui a rencontr\u00e9 un franc succ\u00e8s aupr\u00e8s des clients.  La FP 10 s\u00e9duit par sa technologie servocommand\u00e9e dernier cri et par ses possibilit\u00e9s de r\u00e9glages en toute simplicit\u00e9 gr\u00e2ce \u00e0 un \u00e9cran tactile.<\/p>\n<div class=\"advantages\">\n<div class=\"col-sm-7 bodytext mt-4\">\n<h3>AVANTAGES<\/h3>\n<div class=\"list-style\">\n<ul>\n<li>Temps de conversion tr\u00e8s courts gr\u00e2ce au syst\u00e8me de fermeture rapide<\/li>\n<li>Qualit\u00e9 uniforme des fermetures<\/li>\n<li>Absence de contamination du produit de remplissage gr\u00e2ce \u00e0 la s\u00e9paration entre la m\u00e9canique d\u2019entra\u00eenement et la zone de remplissage<\/li>\n<li>Nettoyage facilit\u00e9 par les surfaces lisses<\/li>\n<li>Entretien minimis\u00e9 gr\u00e2ce \u00e0 une m\u00e9canique optimis\u00e9e<\/li>\n<li>Acc\u00e8s facilit\u00e9 gr\u00e2ce \u00e0 une utilisation r\u00e9duite des pi\u00e8ces d\u2019usure<\/li>\n<\/ul>\n<\/div>\n<\/div>\n<div class=\"col-sm-9\">\n<div class=\"slideshow-container\">\n<div class=\"mySlides fade\">\n<img loading=\"lazy\" decoding=\"async\" src=\"https:\/\/iwk.de\/wp-content\/uploads\/sites\/22\/2021\/01\/FP-10-Transport-System-01.jpg\" width=\"500\" height=\"334\" \/>\n<\/div>\n<div class=\"mySlides fade\">\n<img loading=\"lazy\" decoding=\"async\" src=\"https:\/\/iwk.de\/wp-content\/uploads\/sites\/22\/2021\/01\/IWK-FP-10-Stand-alone.jpg\" width=\"500\" height=\"334\" \/>\n<\/div>\n<div class=\"mySlides fade\">\n  <img loading=\"lazy\" decoding=\"async\" src=\"https:\/\/iwk.de\/wp-content\/uploads\/sites\/22\/2021\/01\/IWK-FP-10-With-Infeed-Belt-01.jpg\" width=\"500\" height=\"334\" \/>\n<\/div>\n<p><a class=\"prev\" onclick=\"plusSlides(-1)\">&#10094;<\/a><br \/>\n<a class=\"next\" onclick=\"plusSlides(1)\">&#10095;<\/a>\n<\/div>\n<\/div>\n<\/div>\n<\/div>\n<section class=\"techData\">\n<div class=\"home-main row\">\n<h3>DONN\u00c9ES TECHNIQUES<\/h3>\n<table class=\"table\">\n<thead>\n<tr>\n<th>TYPE<\/th>\n<th>FP 10<\/th>\n<\/tr>\n<\/thead>\n<tbody>\n<tr>\n<td>Cadence max. (tubes\/min)<\/td>\n<td>70<\/td>\n<\/tr>\n<tr>\n<td>Stations de travail<\/td>\n<td>10<\/td>\n<\/tr>\n<tr>\n<td>Diam\u00e8tre de tube (mm)<\/td>\n<td>10-52<\/td>\n<\/tr>\n<tr>\n<td>Longueur de tube totale (mm)<\/td>\n<td>60-250<\/td>\n<\/tr>\n<tr>\n<td>Dosage (ml)<\/td>\n<td>1,5-300<\/td>\n<\/tr>\n<\/tbody>\n<\/table>\n<\/div>\n<\/section>\n<div class=\"home-main row\">\n<h2>APPLICATIONS<\/h2>\n<p><strong>Produits:<\/strong><br \/>\ndentifrices, cr\u00e8mes adh\u00e9sives dentaires, pommades pharmaceutiques, cr\u00e8mes, gels, shampoings, colorations capillaires, colles, colorants, silicone, ketchup, mayonnaise, moutarde<\/p>\n<p><strong>Mat\u00e9riau du tube:<\/strong><br \/>\naluminium, aluminium lamin\u00e9, PE, PE lamin\u00e9, Koex<\/p>\n<p><strong>Formes de tube:<\/strong><br \/>\ncylindrique (trou europ\u00e9en, soudure courb\u00e9e), ovale, conique, distributeur (mise en place de pistons), tube de mascara, cartouche, creuset, tube en plastique \u00ab Tottle \u00bb (mise en place de couvercles)\n<\/div>\n<div class=\"home-main row\">\n<a href=\"https:\/\/iwk.de\/fr\/machines\/\" class=\"backLink\"> RETOUR <\/a>\n<\/div>\n","protected":false},"excerpt":{"rendered":"<p>Remplisseuse de tubes FP 10 (jusqu\u2019\u00e0 70 tubes\/min) Notre nouvelle remplisseuse de tubes \u00ab FP 10 \u00bb, de faible puissance, est l\u2019\u00e9volution de notre mod\u00e8le TFS 10, qui a rencontr\u00e9 un franc succ\u00e8s aupr\u00e8s des clients. La FP 10 s\u00e9duit par sa technologie servocommand\u00e9e dernier cri et par ses possibilit\u00e9s de r\u00e9glages en toute simplicit\u00e9&#8230;<\/p>\n<div class=\"post-button\"><a href=\"https:\/\/vipgo.atsautomation.com\/iwk-de\/fr\/%20%20\/produits-et-solutions\/machines\/remplisseuse-de-tubes-fp-10-jusqua-70-tubes-min\/\">Read More<\/a><\/div>\n","protected":false},"author":63,"featured_media":2309,"parent":2982,"menu_order":0,"comment_status":"closed","ping_status":"closed","template":"page-templates\/machinetwo.php","meta":{"inline_featured_image":false,"footnotes":""},"class_list":["post-3117","page","type-page","status-publish","has-post-thumbnail","hentry"],"yoast_head":"<!-- This site is optimized with the Yoast SEO Premium plugin v26.8 (Yoast SEO v26.8) - https:\/\/yoast.com\/product\/yoast-seo-premium-wordpress\/ -->\n<title>Remplisseuse de tubes FP 10 (jusqu\u2019\u00e0 70 tubes\/min) - Innovative And Customized Manufacturing Solutions<\/title>\n<meta name=\"robots\" content=\"index, follow, max-snippet:-1, max-image-preview:large, max-video-preview:-1\" \/>\n<link rel=\"canonical\" href=\"https:\/\/vipgo.atsautomation.com\/iwk-de\/fr\/%20%20\/produits-et-solutions\/machines\/remplisseuse-de-tubes-fp-10-jusqua-70-tubes-min\/\" \/>\n<meta property=\"og:locale\" content=\"fr_FR\" \/>\n<meta property=\"og:type\" content=\"article\" \/>\n<meta property=\"og:title\" content=\"Remplisseuse de tubes FP 10 (jusqu\u2019\u00e0 70 tubes\/min)\" \/>\n<meta property=\"og:description\" content=\"Remplisseuse de tubes FP 10 (jusqu\u2019\u00e0 70 tubes\/min) Notre nouvelle remplisseuse de tubes \u00ab FP 10 \u00bb, de faible puissance, est l\u2019\u00e9volution de notre mod\u00e8le TFS 10, qui a rencontr\u00e9 un franc succ\u00e8s aupr\u00e8s des clients. La FP 10 s\u00e9duit par sa technologie servocommand\u00e9e dernier cri et par ses possibilit\u00e9s de r\u00e9glages en toute simplicit\u00e9...Read More\" \/>\n<meta property=\"og:url\" content=\"https:\/\/vipgo.atsautomation.com\/iwk-de\/fr\/  \/produits-et-solutions\/machines\/remplisseuse-de-tubes-fp-10-jusqua-70-tubes-min\/\" \/>\n<meta property=\"og:site_name\" content=\"Innovative And Customized Manufacturing Solutions\" \/>\n<meta property=\"article:modified_time\" content=\"2021-03-17T15:15:54+00:00\" \/>\n<meta property=\"og:image\" content=\"https:\/\/vipgo.atsautomation.com\/iwk-de\/%20%20\/wp-content\/uploads\/sites\/22\/2021\/01\/tube-infeed.jpg\" \/>\n\t<meta property=\"og:image:width\" content=\"1899\" \/>\n\t<meta property=\"og:image:height\" content=\"726\" \/>\n\t<meta property=\"og:image:type\" content=\"image\/jpeg\" \/>\n<meta name=\"twitter:card\" content=\"summary_large_image\" \/>\n<meta name=\"twitter:label1\" content=\"Dur\u00e9e de lecture estim\u00e9e\" \/>\n\t<meta name=\"twitter:data1\" content=\"1 minute\" \/>\n<script type=\"application\/ld+json\" class=\"yoast-schema-graph\">{\"@context\":\"https:\/\/schema.org\",\"@graph\":[{\"@type\":\"WebPage\",\"@id\":\"https:\/\/vipgo.atsautomation.com\/iwk-de\/fr\/%20%20\/produits-et-solutions\/machines\/remplisseuse-de-tubes-fp-10-jusqua-70-tubes-min\/\",\"url\":\"https:\/\/vipgo.atsautomation.com\/iwk-de\/fr\/%20%20\/produits-et-solutions\/machines\/remplisseuse-de-tubes-fp-10-jusqua-70-tubes-min\/\",\"name\":\"Remplisseuse de tubes FP 10 (jusqu\u2019\u00e0 70 tubes\/min) - Innovative And Customized Manufacturing Solutions\",\"isPartOf\":{\"@id\":\"https:\/\/vipgo.atsautomation.com\/iwk-de\/%20%20\/#website\"},\"primaryImageOfPage\":{\"@id\":\"https:\/\/vipgo.atsautomation.com\/iwk-de\/fr\/%20%20\/produits-et-solutions\/machines\/remplisseuse-de-tubes-fp-10-jusqua-70-tubes-min\/#primaryimage\"},\"image\":{\"@id\":\"https:\/\/vipgo.atsautomation.com\/iwk-de\/fr\/%20%20\/produits-et-solutions\/machines\/remplisseuse-de-tubes-fp-10-jusqua-70-tubes-min\/#primaryimage\"},\"thumbnailUrl\":\"https:\/\/vipgo.atsautomation.com\/iwk-de\/%20%20\/wp-content\/uploads\/sites\/22\/2021\/01\/tube-infeed.jpg\",\"datePublished\":\"2021-01-18T10:16:18+00:00\",\"dateModified\":\"2021-03-17T15:15:54+00:00\",\"breadcrumb\":{\"@id\":\"https:\/\/vipgo.atsautomation.com\/iwk-de\/fr\/%20%20\/produits-et-solutions\/machines\/remplisseuse-de-tubes-fp-10-jusqua-70-tubes-min\/#breadcrumb\"},\"inLanguage\":\"fr-FR\",\"potentialAction\":[{\"@type\":\"ReadAction\",\"target\":[\"https:\/\/vipgo.atsautomation.com\/iwk-de\/fr\/%20%20\/produits-et-solutions\/machines\/remplisseuse-de-tubes-fp-10-jusqua-70-tubes-min\/\"]}]},{\"@type\":\"ImageObject\",\"inLanguage\":\"fr-FR\",\"@id\":\"https:\/\/vipgo.atsautomation.com\/iwk-de\/fr\/%20%20\/produits-et-solutions\/machines\/remplisseuse-de-tubes-fp-10-jusqua-70-tubes-min\/#primaryimage\",\"url\":\"https:\/\/vipgo.atsautomation.com\/iwk-de\/%20%20\/wp-content\/uploads\/sites\/22\/2021\/01\/tube-infeed.jpg\",\"contentUrl\":\"https:\/\/vipgo.atsautomation.com\/iwk-de\/%20%20\/wp-content\/uploads\/sites\/22\/2021\/01\/tube-infeed.jpg\",\"width\":1899,\"height\":726},{\"@type\":\"BreadcrumbList\",\"@id\":\"https:\/\/vipgo.atsautomation.com\/iwk-de\/fr\/%20%20\/produits-et-solutions\/machines\/remplisseuse-de-tubes-fp-10-jusqua-70-tubes-min\/#breadcrumb\",\"itemListElement\":[{\"@type\":\"ListItem\",\"position\":1,\"name\":\"HOME\",\"item\":\"https:\/\/vipgo.atsautomation.com\/iwk-de\/fr\/%20%20\/\"},{\"@type\":\"ListItem\",\"position\":2,\"name\":\"PRODUITS ET SOLUTIONS\",\"item\":\"https:\/\/vipgo.atsautomation.com\/iwk-de\/fr\/%20%20\/produits-et-solutions\/\"},{\"@type\":\"ListItem\",\"position\":3,\"name\":\"MACHINES\",\"item\":\"https:\/\/vipgo.atsautomation.com\/iwk-de\/fr\/%20%20\/produits-et-solutions\/machines\/\"},{\"@type\":\"ListItem\",\"position\":4,\"name\":\"Remplisseuse de tubes FP 10 (jusqu\u2019\u00e0 70 tubes\/min)\"}]},{\"@type\":\"WebSite\",\"@id\":\"https:\/\/vipgo.atsautomation.com\/iwk-de\/%20%20\/#website\",\"url\":\"https:\/\/vipgo.atsautomation.com\/iwk-de\/%20%20\/\",\"name\":\"Innovative And Customized Manufacturing Solutions\",\"description\":\"\",\"publisher\":{\"@id\":\"https:\/\/vipgo.atsautomation.com\/iwk-de\/%20%20\/#organization\"},\"potentialAction\":[{\"@type\":\"SearchAction\",\"target\":{\"@type\":\"EntryPoint\",\"urlTemplate\":\"https:\/\/vipgo.atsautomation.com\/iwk-de\/%20%20\/?s={search_term_string}\"},\"query-input\":{\"@type\":\"PropertyValueSpecification\",\"valueRequired\":true,\"valueName\":\"search_term_string\"}}],\"inLanguage\":\"fr-FR\"},{\"@type\":\"Organization\",\"@id\":\"https:\/\/vipgo.atsautomation.com\/iwk-de\/%20%20\/#organization\",\"name\":\"Innovative And Customized Manufacturing Solutions\",\"url\":\"https:\/\/vipgo.atsautomation.com\/iwk-de\/%20%20\/\",\"logo\":{\"@type\":\"ImageObject\",\"inLanguage\":\"fr-FR\",\"@id\":\"https:\/\/vipgo.atsautomation.com\/iwk-de\/%20%20\/#\/schema\/logo\/image\/\",\"url\":\"https:\/\/vipgo.atsautomation.com\/iwk-de\/%20%20\/wp-content\/uploads\/sites\/22\/2023\/02\/LOGO_IWK_4c_Size_2.png\",\"contentUrl\":\"https:\/\/vipgo.atsautomation.com\/iwk-de\/%20%20\/wp-content\/uploads\/sites\/22\/2023\/02\/LOGO_IWK_4c_Size_2.png\",\"width\":238,\"height\":137,\"caption\":\"Innovative And Customized Manufacturing Solutions\"},\"image\":{\"@id\":\"https:\/\/vipgo.atsautomation.com\/iwk-de\/%20%20\/#\/schema\/logo\/image\/\"}}]}<\/script>\n<!-- \/ Yoast SEO Premium plugin. -->","yoast_head_json":{"title":"Remplisseuse de tubes FP 10 (jusqu\u2019\u00e0 70 tubes\/min) - Innovative And Customized Manufacturing Solutions","robots":{"index":"index","follow":"follow","max-snippet":"max-snippet:-1","max-image-preview":"max-image-preview:large","max-video-preview":"max-video-preview:-1"},"canonical":"https:\/\/vipgo.atsautomation.com\/iwk-de\/fr\/  \/produits-et-solutions\/machines\/remplisseuse-de-tubes-fp-10-jusqua-70-tubes-min\/","og_locale":"fr_FR","og_type":"article","og_title":"Remplisseuse de tubes FP 10 (jusqu\u2019\u00e0 70 tubes\/min)","og_description":"Remplisseuse de tubes FP 10 (jusqu\u2019\u00e0 70 tubes\/min) Notre nouvelle remplisseuse de tubes \u00ab FP 10 \u00bb, de faible puissance, est l\u2019\u00e9volution de notre mod\u00e8le TFS 10, qui a rencontr\u00e9 un franc succ\u00e8s aupr\u00e8s des clients. La FP 10 s\u00e9duit par sa technologie servocommand\u00e9e dernier cri et par ses possibilit\u00e9s de r\u00e9glages en toute simplicit\u00e9...Read More","og_url":"https:\/\/vipgo.atsautomation.com\/iwk-de\/fr\/  \/produits-et-solutions\/machines\/remplisseuse-de-tubes-fp-10-jusqua-70-tubes-min\/","og_site_name":"Innovative And Customized Manufacturing Solutions","article_modified_time":"2021-03-17T15:15:54+00:00","og_image":[{"width":1899,"height":726,"url":"https:\/\/vipgo.atsautomation.com\/iwk-de\/%20%20\/wp-content\/uploads\/sites\/22\/2021\/01\/tube-infeed.jpg","type":"image\/jpeg"}],"twitter_card":"summary_large_image","twitter_misc":{"Dur\u00e9e de lecture estim\u00e9e":"1 minute"},"schema":{"@context":"https:\/\/schema.org","@graph":[{"@type":"WebPage","@id":"https:\/\/vipgo.atsautomation.com\/iwk-de\/fr\/%20%20\/produits-et-solutions\/machines\/remplisseuse-de-tubes-fp-10-jusqua-70-tubes-min\/","url":"https:\/\/vipgo.atsautomation.com\/iwk-de\/fr\/%20%20\/produits-et-solutions\/machines\/remplisseuse-de-tubes-fp-10-jusqua-70-tubes-min\/","name":"Remplisseuse de tubes FP 10 (jusqu\u2019\u00e0 70 tubes\/min) - Innovative And Customized Manufacturing Solutions","isPartOf":{"@id":"https:\/\/vipgo.atsautomation.com\/iwk-de\/%20%20\/#website"},"primaryImageOfPage":{"@id":"https:\/\/vipgo.atsautomation.com\/iwk-de\/fr\/%20%20\/produits-et-solutions\/machines\/remplisseuse-de-tubes-fp-10-jusqua-70-tubes-min\/#primaryimage"},"image":{"@id":"https:\/\/vipgo.atsautomation.com\/iwk-de\/fr\/%20%20\/produits-et-solutions\/machines\/remplisseuse-de-tubes-fp-10-jusqua-70-tubes-min\/#primaryimage"},"thumbnailUrl":"https:\/\/vipgo.atsautomation.com\/iwk-de\/%20%20\/wp-content\/uploads\/sites\/22\/2021\/01\/tube-infeed.jpg","datePublished":"2021-01-18T10:16:18+00:00","dateModified":"2021-03-17T15:15:54+00:00","breadcrumb":{"@id":"https:\/\/vipgo.atsautomation.com\/iwk-de\/fr\/%20%20\/produits-et-solutions\/machines\/remplisseuse-de-tubes-fp-10-jusqua-70-tubes-min\/#breadcrumb"},"inLanguage":"fr-FR","potentialAction":[{"@type":"ReadAction","target":["https:\/\/vipgo.atsautomation.com\/iwk-de\/fr\/%20%20\/produits-et-solutions\/machines\/remplisseuse-de-tubes-fp-10-jusqua-70-tubes-min\/"]}]},{"@type":"ImageObject","inLanguage":"fr-FR","@id":"https:\/\/vipgo.atsautomation.com\/iwk-de\/fr\/%20%20\/produits-et-solutions\/machines\/remplisseuse-de-tubes-fp-10-jusqua-70-tubes-min\/#primaryimage","url":"https:\/\/vipgo.atsautomation.com\/iwk-de\/%20%20\/wp-content\/uploads\/sites\/22\/2021\/01\/tube-infeed.jpg","contentUrl":"https:\/\/vipgo.atsautomation.com\/iwk-de\/%20%20\/wp-content\/uploads\/sites\/22\/2021\/01\/tube-infeed.jpg","width":1899,"height":726},{"@type":"BreadcrumbList","@id":"https:\/\/vipgo.atsautomation.com\/iwk-de\/fr\/%20%20\/produits-et-solutions\/machines\/remplisseuse-de-tubes-fp-10-jusqua-70-tubes-min\/#breadcrumb","itemListElement":[{"@type":"ListItem","position":1,"name":"HOME","item":"https:\/\/vipgo.atsautomation.com\/iwk-de\/fr\/%20%20\/"},{"@type":"ListItem","position":2,"name":"PRODUITS ET SOLUTIONS","item":"https:\/\/vipgo.atsautomation.com\/iwk-de\/fr\/%20%20\/produits-et-solutions\/"},{"@type":"ListItem","position":3,"name":"MACHINES","item":"https:\/\/vipgo.atsautomation.com\/iwk-de\/fr\/%20%20\/produits-et-solutions\/machines\/"},{"@type":"ListItem","position":4,"name":"Remplisseuse de tubes FP 10 (jusqu\u2019\u00e0 70 tubes\/min)"}]},{"@type":"WebSite","@id":"https:\/\/vipgo.atsautomation.com\/iwk-de\/%20%20\/#website","url":"https:\/\/vipgo.atsautomation.com\/iwk-de\/%20%20\/","name":"Innovative And Customized Manufacturing Solutions","description":"","publisher":{"@id":"https:\/\/vipgo.atsautomation.com\/iwk-de\/%20%20\/#organization"},"potentialAction":[{"@type":"SearchAction","target":{"@type":"EntryPoint","urlTemplate":"https:\/\/vipgo.atsautomation.com\/iwk-de\/%20%20\/?s={search_term_string}"},"query-input":{"@type":"PropertyValueSpecification","valueRequired":true,"valueName":"search_term_string"}}],"inLanguage":"fr-FR"},{"@type":"Organization","@id":"https:\/\/vipgo.atsautomation.com\/iwk-de\/%20%20\/#organization","name":"Innovative And Customized Manufacturing Solutions","url":"https:\/\/vipgo.atsautomation.com\/iwk-de\/%20%20\/","logo":{"@type":"ImageObject","inLanguage":"fr-FR","@id":"https:\/\/vipgo.atsautomation.com\/iwk-de\/%20%20\/#\/schema\/logo\/image\/","url":"https:\/\/vipgo.atsautomation.com\/iwk-de\/%20%20\/wp-content\/uploads\/sites\/22\/2023\/02\/LOGO_IWK_4c_Size_2.png","contentUrl":"https:\/\/vipgo.atsautomation.com\/iwk-de\/%20%20\/wp-content\/uploads\/sites\/22\/2023\/02\/LOGO_IWK_4c_Size_2.png","width":238,"height":137,"caption":"Innovative And Customized Manufacturing Solutions"},"image":{"@id":"https:\/\/vipgo.atsautomation.com\/iwk-de\/%20%20\/#\/schema\/logo\/image\/"}}]}},"jetpack_sharing_enabled":true,"_links":{"self":[{"href":"https:\/\/vipgo.atsautomation.com\/iwk-de\/fr\/%20%20\/wp-json\/wp\/v2\/pages\/3117","targetHints":{"allow":["GET"]}}],"collection":[{"href":"https:\/\/vipgo.atsautomation.com\/iwk-de\/fr\/%20%20\/wp-json\/wp\/v2\/pages"}],"about":[{"href":"https:\/\/vipgo.atsautomation.com\/iwk-de\/fr\/%20%20\/wp-json\/wp\/v2\/types\/page"}],"author":[{"embeddable":true,"href":"https:\/\/vipgo.atsautomation.com\/iwk-de\/fr\/%20%20\/wp-json\/wp\/v2\/users\/63"}],"replies":[{"embeddable":true,"href":"https:\/\/vipgo.atsautomation.com\/iwk-de\/fr\/%20%20\/wp-json\/wp\/v2\/comments?post=3117"}],"version-history":[{"count":7,"href":"https:\/\/vipgo.atsautomation.com\/iwk-de\/fr\/%20%20\/wp-json\/wp\/v2\/pages\/3117\/revisions"}],"predecessor-version":[{"id":3899,"href":"https:\/\/vipgo.atsautomation.com\/iwk-de\/fr\/%20%20\/wp-json\/wp\/v2\/pages\/3117\/revisions\/3899"}],"up":[{"embeddable":true,"href":"https:\/\/vipgo.atsautomation.com\/iwk-de\/fr\/%20%20\/wp-json\/wp\/v2\/pages\/2982"}],"wp:featuredmedia":[{"embeddable":true,"href":"https:\/\/vipgo.atsautomation.com\/iwk-de\/fr\/%20%20\/wp-json\/wp\/v2\/media\/2309"}],"wp:attachment":[{"href":"https:\/\/vipgo.atsautomation.com\/iwk-de\/fr\/%20%20\/wp-json\/wp\/v2\/media?parent=3117"}],"curies":[{"name":"wp","href":"https:\/\/api.w.org\/{rel}","templated":true}]}}