{"id":3143,"date":"2021-01-18T10:55:14","date_gmt":"2021-01-18T10:55:14","guid":{"rendered":"https:\/\/iwk.de\/?page_id=3143"},"modified":"2023-11-24T07:18:51","modified_gmt":"2023-11-24T07:18:51","slug":"remplisseuse-de-tubes-tfs-80-6-jusqua-510-tubes-min","status":"publish","type":"page","link":"https:\/\/vipgo.atsautomation.com\/iwk-de\/fr\/%20%20\/produits-et-solutions\/machines\/remplisseuse-de-tubes-tfs-80-6-jusqua-510-tubes-min\/","title":{"rendered":"Remplisseuse de tubes TFS 80-6 (jusqu\u2019\u00e0 510 tubes\/min)"},"content":{"rendered":"<div class=\"home-main row\"><span><span><a href=\"https:\/\/vipgo.atsautomation.com\/iwk-de\/fr\/%20%20\/\">HOME<\/a><\/span><\/span><\/p>\n<h2>Remplisseuse de tubes TFS 80-6<br \/>\n(jusqu\u2019\u00e0 510 tubes\/min)<\/h2>\n<p>Des performances et une fiabilit\u00e9 \u00e9lev\u00e9es pour un d\u00e9roulement et une s\u00e9curit\u00e9 optimis\u00e9s du processus ont plac\u00e9 IWK \u00e0 la t\u00eate du march\u00e9 des remplisseuses de tubes automatiques dans la gamme des puissances moyennes et sup\u00e9rieures. La remplisseuse de tubes TFS 80-6 garantit un contr\u00f4le de poids et une r\u00e9gulation fiable \u00e0 100 %, ce qui permet de r\u00e9duire de fa\u00e7on significative les probl\u00e8mes de remplissage excessif des tubes. La machine remplit et ferme jusqu\u2019\u00e0 510 tubes\/minute et est ainsi la remplisseuse de tubes la plus productive au monde. De nombreuses applications sp\u00e9cifiques ainsi qu\u2019une int\u00e9gration parfaite \u00e0 une ligne d\u2019emballage compl\u00e8te sont \u00e9galement possibles.<\/p>\n<div class=\"advantages\">\n<div class=\"col-sm-7 bodytext mt-4\">\n<h3>AVANTAGES<\/h3>\n<div class=\"list-style\">\n<ul>\n<li>Temps de conversion tr\u00e8s courts gr\u00e2ce au syst\u00e8me de fermeture rapide<\/li>\n<li>Conception \u00e9prouv\u00e9e dans le respect le plus strict des BPF, utilisation simple et accessibilit\u00e9 optimale<\/li>\n<li>D\u00e9roulement optimal du processus et s\u00e9curit\u00e9 maximale<\/li>\n<li>Temporisation ind\u00e9pendante de la cadence pour les processus s\u00e9lectionn\u00e9s<\/li>\n<li>Structure compacte<\/li>\n<li>Op\u00e9rations de r\u00e9glage minimis\u00e9es et facilit\u00e9es pour une flexibilit\u00e9 et une fiabilit\u00e9 optimales<\/li>\n<li>Concept modulaire compatible avec diff\u00e9rents types de fermetures et de modules compl\u00e9mentaires<\/li>\n<\/ul>\n<\/div>\n<\/div>\n<div class=\"col-sm-9\">\n<div class=\"slideshow-container\">\n<div class=\"mySlides fade\"><img decoding=\"async\" style=\"width: 100%;\" src=\"https:\/\/iwk.de\/wp-content\/uploads\/sites\/22\/2021\/01\/TFS-80-6.jpg\" \/><\/div>\n<\/div>\n<\/div>\n<\/div>\n<\/div>\n<section class=\"techData\">\n<div class=\"home-main row\">\n<h3>DONN\u00c9ES TECHNIQUES<\/h3>\n<table class=\"table\">\n<thead>\n<tr>\n<th>TYPE<\/th>\n<th>TFS 80-6<\/th>\n<\/tr>\n<\/thead>\n<tbody>\n<tr>\n<td>Cadence max. (tubes\/min)<\/td>\n<td>510<\/td>\n<\/tr>\n<tr>\n<td>Stations de travail<\/td>\n<td>18<\/td>\n<\/tr>\n<tr>\n<td>Diam\u00e8tre de tube (mm)<\/td>\n<td>22-40<\/td>\n<\/tr>\n<tr>\n<td>Longueur de tube totale (mm)<\/td>\n<td>102-225<\/td>\n<\/tr>\n<tr>\n<td>Dosage (ml)<\/td>\n<td>2-220<\/td>\n<\/tr>\n<\/tbody>\n<\/table>\n<\/div>\n<\/section>\n<div class=\"home-main row\">\n<h2>APPLICATIONS<\/h2>\n<p><strong>Produits:<\/strong><br \/>\ndentifrices, cr\u00e8mes adh\u00e9sives dentaires, pommades pharmaceutiques, cr\u00e8mes, gels, shampoings, colorations capillaires, colles, colorants, silicone, ketchup, mayonnaise, moutarde<\/p>\n<p><strong>Mat\u00e9riau du tube:<\/strong><br \/>\naluminium lamin\u00e9, PE, PE lamin\u00e9, Koex<\/p>\n<p><strong>Formes de tube:<\/strong><br \/>\ncylindrique (trou europ\u00e9en, soudure courb\u00e9e), ovale, conique, distributeur (mise en place de pistons), tube de mascara, cartouche, creuset, tube en plastique \u00ab Tottle \u00bb (mise en place de couvercles)<\/p>\n<\/div>\n<div class=\"home-main row\"><a class=\"backLink\" href=\"https:\/\/iwk.de\/fr\/machines\/\"> RETOUR <\/a><\/div>\n","protected":false},"excerpt":{"rendered":"<p>Remplisseuse de tubes TFS 80-6 (jusqu\u2019\u00e0 510 tubes\/min) Des performances et une fiabilit\u00e9 \u00e9lev\u00e9es pour un d\u00e9roulement et une s\u00e9curit\u00e9 optimis\u00e9s du processus ont plac\u00e9 IWK \u00e0 la t\u00eate du march\u00e9 des remplisseuses de tubes automatiques dans la gamme des puissances moyennes et sup\u00e9rieures. La remplisseuse de tubes TFS 80-6 garantit un contr\u00f4le de poids&#8230;<\/p>\n<div class=\"post-button\"><a href=\"https:\/\/vipgo.atsautomation.com\/iwk-de\/fr\/%20%20\/produits-et-solutions\/machines\/remplisseuse-de-tubes-tfs-80-6-jusqua-510-tubes-min\/\">Read More<\/a><\/div>\n","protected":false},"author":63,"featured_media":2309,"parent":2982,"menu_order":0,"comment_status":"closed","ping_status":"closed","template":"page-templates\/machinetwo.php","meta":{"inline_featured_image":false,"footnotes":""},"class_list":["post-3143","page","type-page","status-publish","has-post-thumbnail","hentry"],"yoast_head":"<!-- This site is optimized with the Yoast SEO Premium plugin v26.8 (Yoast SEO v26.8) - https:\/\/yoast.com\/product\/yoast-seo-premium-wordpress\/ -->\n<title>Remplisseuse de tubes TFS 80-6 (jusqu\u2019\u00e0 510 tubes\/min) - Innovative And Customized Manufacturing Solutions<\/title>\n<meta name=\"robots\" content=\"index, follow, max-snippet:-1, max-image-preview:large, max-video-preview:-1\" \/>\n<link rel=\"canonical\" href=\"https:\/\/vipgo.atsautomation.com\/iwk-de\/fr\/%20%20\/produits-et-solutions\/machines\/remplisseuse-de-tubes-tfs-80-6-jusqua-510-tubes-min\/\" \/>\n<meta property=\"og:locale\" content=\"fr_FR\" \/>\n<meta property=\"og:type\" content=\"article\" \/>\n<meta property=\"og:title\" content=\"Remplisseuse de tubes TFS 80-6 (jusqu\u2019\u00e0 510 tubes\/min)\" \/>\n<meta property=\"og:description\" content=\"Remplisseuse de tubes TFS 80-6 (jusqu\u2019\u00e0 510 tubes\/min) Des performances et une fiabilit\u00e9 \u00e9lev\u00e9es pour un d\u00e9roulement et une s\u00e9curit\u00e9 optimis\u00e9s du processus ont plac\u00e9 IWK \u00e0 la t\u00eate du march\u00e9 des remplisseuses de tubes automatiques dans la gamme des puissances moyennes et sup\u00e9rieures. La remplisseuse de tubes TFS 80-6 garantit un contr\u00f4le de poids...Read More\" \/>\n<meta property=\"og:url\" content=\"https:\/\/vipgo.atsautomation.com\/iwk-de\/fr\/  \/produits-et-solutions\/machines\/remplisseuse-de-tubes-tfs-80-6-jusqua-510-tubes-min\/\" \/>\n<meta property=\"og:site_name\" content=\"Innovative And Customized Manufacturing Solutions\" \/>\n<meta property=\"article:modified_time\" content=\"2023-11-24T07:18:51+00:00\" \/>\n<meta property=\"og:image\" content=\"https:\/\/vipgo.atsautomation.com\/iwk-de\/%20%20\/wp-content\/uploads\/sites\/22\/2021\/01\/tube-infeed.jpg\" \/>\n\t<meta property=\"og:image:width\" content=\"1899\" \/>\n\t<meta property=\"og:image:height\" content=\"726\" \/>\n\t<meta property=\"og:image:type\" content=\"image\/jpeg\" \/>\n<meta name=\"twitter:card\" content=\"summary_large_image\" \/>\n<meta name=\"twitter:label1\" content=\"Dur\u00e9e de lecture estim\u00e9e\" \/>\n\t<meta name=\"twitter:data1\" content=\"2 minutes\" \/>\n<script type=\"application\/ld+json\" class=\"yoast-schema-graph\">{\"@context\":\"https:\/\/schema.org\",\"@graph\":[{\"@type\":\"WebPage\",\"@id\":\"https:\/\/vipgo.atsautomation.com\/iwk-de\/fr\/%20%20\/produits-et-solutions\/machines\/remplisseuse-de-tubes-tfs-80-6-jusqua-510-tubes-min\/\",\"url\":\"https:\/\/vipgo.atsautomation.com\/iwk-de\/fr\/%20%20\/produits-et-solutions\/machines\/remplisseuse-de-tubes-tfs-80-6-jusqua-510-tubes-min\/\",\"name\":\"Remplisseuse de tubes TFS 80-6 (jusqu\u2019\u00e0 510 tubes\/min) - Innovative And Customized Manufacturing Solutions\",\"isPartOf\":{\"@id\":\"https:\/\/vipgo.atsautomation.com\/iwk-de\/%20%20\/#website\"},\"primaryImageOfPage\":{\"@id\":\"https:\/\/vipgo.atsautomation.com\/iwk-de\/fr\/%20%20\/produits-et-solutions\/machines\/remplisseuse-de-tubes-tfs-80-6-jusqua-510-tubes-min\/#primaryimage\"},\"image\":{\"@id\":\"https:\/\/vipgo.atsautomation.com\/iwk-de\/fr\/%20%20\/produits-et-solutions\/machines\/remplisseuse-de-tubes-tfs-80-6-jusqua-510-tubes-min\/#primaryimage\"},\"thumbnailUrl\":\"https:\/\/vipgo.atsautomation.com\/iwk-de\/%20%20\/wp-content\/uploads\/sites\/22\/2021\/01\/tube-infeed.jpg\",\"datePublished\":\"2021-01-18T10:55:14+00:00\",\"dateModified\":\"2023-11-24T07:18:51+00:00\",\"breadcrumb\":{\"@id\":\"https:\/\/vipgo.atsautomation.com\/iwk-de\/fr\/%20%20\/produits-et-solutions\/machines\/remplisseuse-de-tubes-tfs-80-6-jusqua-510-tubes-min\/#breadcrumb\"},\"inLanguage\":\"fr-FR\",\"potentialAction\":[{\"@type\":\"ReadAction\",\"target\":[\"https:\/\/vipgo.atsautomation.com\/iwk-de\/fr\/%20%20\/produits-et-solutions\/machines\/remplisseuse-de-tubes-tfs-80-6-jusqua-510-tubes-min\/\"]}]},{\"@type\":\"ImageObject\",\"inLanguage\":\"fr-FR\",\"@id\":\"https:\/\/vipgo.atsautomation.com\/iwk-de\/fr\/%20%20\/produits-et-solutions\/machines\/remplisseuse-de-tubes-tfs-80-6-jusqua-510-tubes-min\/#primaryimage\",\"url\":\"https:\/\/vipgo.atsautomation.com\/iwk-de\/%20%20\/wp-content\/uploads\/sites\/22\/2021\/01\/tube-infeed.jpg\",\"contentUrl\":\"https:\/\/vipgo.atsautomation.com\/iwk-de\/%20%20\/wp-content\/uploads\/sites\/22\/2021\/01\/tube-infeed.jpg\",\"width\":1899,\"height\":726},{\"@type\":\"BreadcrumbList\",\"@id\":\"https:\/\/vipgo.atsautomation.com\/iwk-de\/fr\/%20%20\/produits-et-solutions\/machines\/remplisseuse-de-tubes-tfs-80-6-jusqua-510-tubes-min\/#breadcrumb\",\"itemListElement\":[{\"@type\":\"ListItem\",\"position\":1,\"name\":\"HOME\",\"item\":\"https:\/\/vipgo.atsautomation.com\/iwk-de\/fr\/%20%20\/\"},{\"@type\":\"ListItem\",\"position\":2,\"name\":\"PRODUITS ET SOLUTIONS\",\"item\":\"https:\/\/vipgo.atsautomation.com\/iwk-de\/fr\/%20%20\/produits-et-solutions\/\"},{\"@type\":\"ListItem\",\"position\":3,\"name\":\"MACHINES\",\"item\":\"https:\/\/vipgo.atsautomation.com\/iwk-de\/fr\/%20%20\/produits-et-solutions\/machines\/\"},{\"@type\":\"ListItem\",\"position\":4,\"name\":\"Remplisseuse de tubes TFS 80-6 (jusqu\u2019\u00e0 510 tubes\/min)\"}]},{\"@type\":\"WebSite\",\"@id\":\"https:\/\/vipgo.atsautomation.com\/iwk-de\/%20%20\/#website\",\"url\":\"https:\/\/vipgo.atsautomation.com\/iwk-de\/%20%20\/\",\"name\":\"Innovative And Customized Manufacturing Solutions\",\"description\":\"\",\"publisher\":{\"@id\":\"https:\/\/vipgo.atsautomation.com\/iwk-de\/%20%20\/#organization\"},\"potentialAction\":[{\"@type\":\"SearchAction\",\"target\":{\"@type\":\"EntryPoint\",\"urlTemplate\":\"https:\/\/vipgo.atsautomation.com\/iwk-de\/%20%20\/?s={search_term_string}\"},\"query-input\":{\"@type\":\"PropertyValueSpecification\",\"valueRequired\":true,\"valueName\":\"search_term_string\"}}],\"inLanguage\":\"fr-FR\"},{\"@type\":\"Organization\",\"@id\":\"https:\/\/vipgo.atsautomation.com\/iwk-de\/%20%20\/#organization\",\"name\":\"Innovative And Customized Manufacturing Solutions\",\"url\":\"https:\/\/vipgo.atsautomation.com\/iwk-de\/%20%20\/\",\"logo\":{\"@type\":\"ImageObject\",\"inLanguage\":\"fr-FR\",\"@id\":\"https:\/\/vipgo.atsautomation.com\/iwk-de\/%20%20\/#\/schema\/logo\/image\/\",\"url\":\"https:\/\/vipgo.atsautomation.com\/iwk-de\/%20%20\/wp-content\/uploads\/sites\/22\/2023\/02\/LOGO_IWK_4c_Size_2.png\",\"contentUrl\":\"https:\/\/vipgo.atsautomation.com\/iwk-de\/%20%20\/wp-content\/uploads\/sites\/22\/2023\/02\/LOGO_IWK_4c_Size_2.png\",\"width\":238,\"height\":137,\"caption\":\"Innovative And Customized Manufacturing Solutions\"},\"image\":{\"@id\":\"https:\/\/vipgo.atsautomation.com\/iwk-de\/%20%20\/#\/schema\/logo\/image\/\"}}]}<\/script>\n<!-- \/ Yoast SEO Premium plugin. -->","yoast_head_json":{"title":"Remplisseuse de tubes TFS 80-6 (jusqu\u2019\u00e0 510 tubes\/min) - Innovative And Customized Manufacturing Solutions","robots":{"index":"index","follow":"follow","max-snippet":"max-snippet:-1","max-image-preview":"max-image-preview:large","max-video-preview":"max-video-preview:-1"},"canonical":"https:\/\/vipgo.atsautomation.com\/iwk-de\/fr\/  \/produits-et-solutions\/machines\/remplisseuse-de-tubes-tfs-80-6-jusqua-510-tubes-min\/","og_locale":"fr_FR","og_type":"article","og_title":"Remplisseuse de tubes TFS 80-6 (jusqu\u2019\u00e0 510 tubes\/min)","og_description":"Remplisseuse de tubes TFS 80-6 (jusqu\u2019\u00e0 510 tubes\/min) Des performances et une fiabilit\u00e9 \u00e9lev\u00e9es pour un d\u00e9roulement et une s\u00e9curit\u00e9 optimis\u00e9s du processus ont plac\u00e9 IWK \u00e0 la t\u00eate du march\u00e9 des remplisseuses de tubes automatiques dans la gamme des puissances moyennes et sup\u00e9rieures. La remplisseuse de tubes TFS 80-6 garantit un contr\u00f4le de poids...Read More","og_url":"https:\/\/vipgo.atsautomation.com\/iwk-de\/fr\/  \/produits-et-solutions\/machines\/remplisseuse-de-tubes-tfs-80-6-jusqua-510-tubes-min\/","og_site_name":"Innovative And Customized Manufacturing Solutions","article_modified_time":"2023-11-24T07:18:51+00:00","og_image":[{"width":1899,"height":726,"url":"https:\/\/vipgo.atsautomation.com\/iwk-de\/%20%20\/wp-content\/uploads\/sites\/22\/2021\/01\/tube-infeed.jpg","type":"image\/jpeg"}],"twitter_card":"summary_large_image","twitter_misc":{"Dur\u00e9e de lecture estim\u00e9e":"2 minutes"},"schema":{"@context":"https:\/\/schema.org","@graph":[{"@type":"WebPage","@id":"https:\/\/vipgo.atsautomation.com\/iwk-de\/fr\/%20%20\/produits-et-solutions\/machines\/remplisseuse-de-tubes-tfs-80-6-jusqua-510-tubes-min\/","url":"https:\/\/vipgo.atsautomation.com\/iwk-de\/fr\/%20%20\/produits-et-solutions\/machines\/remplisseuse-de-tubes-tfs-80-6-jusqua-510-tubes-min\/","name":"Remplisseuse de tubes TFS 80-6 (jusqu\u2019\u00e0 510 tubes\/min) - Innovative And Customized Manufacturing Solutions","isPartOf":{"@id":"https:\/\/vipgo.atsautomation.com\/iwk-de\/%20%20\/#website"},"primaryImageOfPage":{"@id":"https:\/\/vipgo.atsautomation.com\/iwk-de\/fr\/%20%20\/produits-et-solutions\/machines\/remplisseuse-de-tubes-tfs-80-6-jusqua-510-tubes-min\/#primaryimage"},"image":{"@id":"https:\/\/vipgo.atsautomation.com\/iwk-de\/fr\/%20%20\/produits-et-solutions\/machines\/remplisseuse-de-tubes-tfs-80-6-jusqua-510-tubes-min\/#primaryimage"},"thumbnailUrl":"https:\/\/vipgo.atsautomation.com\/iwk-de\/%20%20\/wp-content\/uploads\/sites\/22\/2021\/01\/tube-infeed.jpg","datePublished":"2021-01-18T10:55:14+00:00","dateModified":"2023-11-24T07:18:51+00:00","breadcrumb":{"@id":"https:\/\/vipgo.atsautomation.com\/iwk-de\/fr\/%20%20\/produits-et-solutions\/machines\/remplisseuse-de-tubes-tfs-80-6-jusqua-510-tubes-min\/#breadcrumb"},"inLanguage":"fr-FR","potentialAction":[{"@type":"ReadAction","target":["https:\/\/vipgo.atsautomation.com\/iwk-de\/fr\/%20%20\/produits-et-solutions\/machines\/remplisseuse-de-tubes-tfs-80-6-jusqua-510-tubes-min\/"]}]},{"@type":"ImageObject","inLanguage":"fr-FR","@id":"https:\/\/vipgo.atsautomation.com\/iwk-de\/fr\/%20%20\/produits-et-solutions\/machines\/remplisseuse-de-tubes-tfs-80-6-jusqua-510-tubes-min\/#primaryimage","url":"https:\/\/vipgo.atsautomation.com\/iwk-de\/%20%20\/wp-content\/uploads\/sites\/22\/2021\/01\/tube-infeed.jpg","contentUrl":"https:\/\/vipgo.atsautomation.com\/iwk-de\/%20%20\/wp-content\/uploads\/sites\/22\/2021\/01\/tube-infeed.jpg","width":1899,"height":726},{"@type":"BreadcrumbList","@id":"https:\/\/vipgo.atsautomation.com\/iwk-de\/fr\/%20%20\/produits-et-solutions\/machines\/remplisseuse-de-tubes-tfs-80-6-jusqua-510-tubes-min\/#breadcrumb","itemListElement":[{"@type":"ListItem","position":1,"name":"HOME","item":"https:\/\/vipgo.atsautomation.com\/iwk-de\/fr\/%20%20\/"},{"@type":"ListItem","position":2,"name":"PRODUITS ET SOLUTIONS","item":"https:\/\/vipgo.atsautomation.com\/iwk-de\/fr\/%20%20\/produits-et-solutions\/"},{"@type":"ListItem","position":3,"name":"MACHINES","item":"https:\/\/vipgo.atsautomation.com\/iwk-de\/fr\/%20%20\/produits-et-solutions\/machines\/"},{"@type":"ListItem","position":4,"name":"Remplisseuse de tubes TFS 80-6 (jusqu\u2019\u00e0 510 tubes\/min)"}]},{"@type":"WebSite","@id":"https:\/\/vipgo.atsautomation.com\/iwk-de\/%20%20\/#website","url":"https:\/\/vipgo.atsautomation.com\/iwk-de\/%20%20\/","name":"Innovative And Customized Manufacturing Solutions","description":"","publisher":{"@id":"https:\/\/vipgo.atsautomation.com\/iwk-de\/%20%20\/#organization"},"potentialAction":[{"@type":"SearchAction","target":{"@type":"EntryPoint","urlTemplate":"https:\/\/vipgo.atsautomation.com\/iwk-de\/%20%20\/?s={search_term_string}"},"query-input":{"@type":"PropertyValueSpecification","valueRequired":true,"valueName":"search_term_string"}}],"inLanguage":"fr-FR"},{"@type":"Organization","@id":"https:\/\/vipgo.atsautomation.com\/iwk-de\/%20%20\/#organization","name":"Innovative And Customized Manufacturing Solutions","url":"https:\/\/vipgo.atsautomation.com\/iwk-de\/%20%20\/","logo":{"@type":"ImageObject","inLanguage":"fr-FR","@id":"https:\/\/vipgo.atsautomation.com\/iwk-de\/%20%20\/#\/schema\/logo\/image\/","url":"https:\/\/vipgo.atsautomation.com\/iwk-de\/%20%20\/wp-content\/uploads\/sites\/22\/2023\/02\/LOGO_IWK_4c_Size_2.png","contentUrl":"https:\/\/vipgo.atsautomation.com\/iwk-de\/%20%20\/wp-content\/uploads\/sites\/22\/2023\/02\/LOGO_IWK_4c_Size_2.png","width":238,"height":137,"caption":"Innovative And Customized Manufacturing Solutions"},"image":{"@id":"https:\/\/vipgo.atsautomation.com\/iwk-de\/%20%20\/#\/schema\/logo\/image\/"}}]}},"jetpack_sharing_enabled":true,"_links":{"self":[{"href":"https:\/\/vipgo.atsautomation.com\/iwk-de\/fr\/%20%20\/wp-json\/wp\/v2\/pages\/3143","targetHints":{"allow":["GET"]}}],"collection":[{"href":"https:\/\/vipgo.atsautomation.com\/iwk-de\/fr\/%20%20\/wp-json\/wp\/v2\/pages"}],"about":[{"href":"https:\/\/vipgo.atsautomation.com\/iwk-de\/fr\/%20%20\/wp-json\/wp\/v2\/types\/page"}],"author":[{"embeddable":true,"href":"https:\/\/vipgo.atsautomation.com\/iwk-de\/fr\/%20%20\/wp-json\/wp\/v2\/users\/63"}],"replies":[{"embeddable":true,"href":"https:\/\/vipgo.atsautomation.com\/iwk-de\/fr\/%20%20\/wp-json\/wp\/v2\/comments?post=3143"}],"version-history":[{"count":5,"href":"https:\/\/vipgo.atsautomation.com\/iwk-de\/fr\/%20%20\/wp-json\/wp\/v2\/pages\/3143\/revisions"}],"predecessor-version":[{"id":11142,"href":"https:\/\/vipgo.atsautomation.com\/iwk-de\/fr\/%20%20\/wp-json\/wp\/v2\/pages\/3143\/revisions\/11142"}],"up":[{"embeddable":true,"href":"https:\/\/vipgo.atsautomation.com\/iwk-de\/fr\/%20%20\/wp-json\/wp\/v2\/pages\/2982"}],"wp:featuredmedia":[{"embeddable":true,"href":"https:\/\/vipgo.atsautomation.com\/iwk-de\/fr\/%20%20\/wp-json\/wp\/v2\/media\/2309"}],"wp:attachment":[{"href":"https:\/\/vipgo.atsautomation.com\/iwk-de\/fr\/%20%20\/wp-json\/wp\/v2\/media?parent=3143"}],"curies":[{"name":"wp","href":"https:\/\/api.w.org\/{rel}","templated":true}]}}