{"id":3161,"date":"2021-01-18T12:10:11","date_gmt":"2021-01-18T12:10:11","guid":{"rendered":"https:\/\/iwk.de\/?page_id=3161"},"modified":"2021-10-14T08:42:06","modified_gmt":"2021-10-14T08:42:06","slug":"encartonneuse-horizontale-si-8-jusqua-45-etuis-min","status":"publish","type":"page","link":"https:\/\/vipgo.atsautomation.com\/iwk-de\/fr\/%20%20\/produits-et-solutions\/machines\/encartonneuse-horizontale-si-8-jusqua-45-etuis-min\/","title":{"rendered":"Encartonneuse horizontale SI 8 (jusqu\u2019\u00e0 45 \u00e9tuis\/min)"},"content":{"rendered":"<div class=\"home-main row\"><span><span><a href=\"https:\/\/vipgo.atsautomation.com\/iwk-de\/fr\/%20%20\/\">HOME<\/a><\/span><\/span><\/p>\n<h2>Encartonneuse horizontale SI 8<br \/>\n(jusqu\u2019\u00e0 45 \u00e9tuis\/min)<\/h2>\n<p>Pour une performance allant jusqu\u2019\u00e0 45 \u00e9tuis par minute, les encartonneuses intermittentes de la s\u00e9rie SI 8 repr\u00e9sentent le compl\u00e9ment id\u00e9al pour les applications dans la plage de cadences basses. Ouverture positive des \u00e9tuis avec bras d\u2019aspiration oppos\u00e9 et cin\u00e9matique de redressement. L\u2019alimentation en produits est facilit\u00e9e gr\u00e2ce au mode de travail cadenc\u00e9.<\/p>\n<div class=\"advantages\">\n<div class=\"col-sm-7 bodytext mt-4\">\n<h3>AVANTAGES<\/h3>\n<div class=\"list-style\">\n<ul>\n<li>Conception et fonctionnement adapt\u00e9s \u00e0 l\u2019industrie pharmaceutique<\/li>\n<li>Changement de formats simple sans outils<\/li>\n<li>Utilisation d\u2019une technologie d\u2019entra\u00eenement par servomoteur, permettant l\u2019adaptation optimale des fonctions individuelles de la machine aux exigences du processus d\u2019emballage<\/li>\n<li>\u00c9cran tactile central avec visualisation 3D<\/li>\n<li>Accessibilit\u00e9 optimale pour le nettoyage et la maintenance<\/li>\n<li>Connexion au syst\u00e8me de contr\u00f4le de ligne SCADA<\/li>\n<li>Technologie de suivi et de tra\u00e7abilit\u00e9<\/li>\n<li>Marquage et contr\u00f4le des produits<\/li>\n<\/ul>\n<\/div>\n<\/div>\n<div class=\"col-sm-9\">\n<div class=\"slideshow-container\">\n<div class=\"mySlides fade\">\n<img decoding=\"async\" src=\"https:\/\/iwk.de\/wp-content\/uploads\/sites\/22\/2021\/01\/SI-4.jpg\" style=\"width:100%\" \/>\n<\/div>\n<\/div>\n<\/div>\n<\/div>\n<\/div>\n<section class=\"techData\">\n<div class=\"home-main row\">\n<h3>DONN\u00c9ES TECHNIQUES<\/h3>\n<table class=\"table\">\n<thead>\n<tr>\n<th>TYPE<\/th>\n<th>SI 8<\/th>\n<\/tr>\n<\/thead>\n<tbody>\n<tr>\n<td>Mode de travail<\/td>\n<td>cadenc\u00e9<\/td>\n<\/tr>\n<tr>\n<td>Plage de format (mm)<br \/>\n(3 cha\u00eenes de carton)<\/td>\n<td>A: 40-165<br \/>\nB: 40-75<br \/>\nH: 65-185<\/td>\n<\/tr>\n<tr>\n<td>Plage de format (mm)<br \/>\n(4 cha\u00eenes de carton)<\/td>\n<td>A: 40-165<br \/>\nB: 40-75<br \/>\nH: 65-230<\/td>\n<\/tr>\n<tr>\n<td>Cadence max. (cartons\/min)<\/td>\n<td>45<\/td>\n<\/tr>\n<\/tbody>\n<\/table>\n<\/div>\n<\/section>\n<div class=\"home-main row\">\n<h2>APPLICATIONS<\/h2>\n<p>Les encartonneuses IWK sont principalement utilis\u00e9es pour la mise en carton de produits de l\u2019industrie pharmaceutique et cosm\u00e9tique. Les produits peuvent \u00eatre emball\u00e9s s\u00e9par\u00e9ment ou par lot avec notice dans des \u00e9tuis.<\/p>\n<p><strong>Produits (\u00e9galement en combinaisons):<\/strong><\/p>\n<div class=\"list-style\">\n<ul>\n<li>Tubes<\/li>\n<li>Blisters<\/li>\n<li>Flacons<\/li>\n<li>Ampoules<\/li>\n<li>Sacs, sachets, pochettes<\/li>\n<li>Bouteilles, plateaux<\/li>\n<li>Cuill\u00e8re<\/li>\n<li>Canules<\/li>\n<\/ul>\n<\/div>\n<h2>QUALIT\u00c9S DE CARTON\/D\u2019\u00c9TUI<\/h2>\n<p>Sur les encartonneuses IWK, il est possible de traiter des qualit\u00e9s conformes \u00e0 la norme DIN 53121 avec des grammages de papier allant de 250 \u00e0 500 g\/m\u00b2 ; il est \u00e9galement possible d\u2019avoir recours \u00e0 des qualit\u00e9s papier recycl\u00e9. Les dimensions et tol\u00e9rances de l\u2019\u00e9tui pr\u00e9coll\u00e9 doivent \u00eatre conformes \u00e0 la norme DIN 55522.\n<\/p><\/div>\n<div class=\"home-main row\">\n<a href=\"https:\/\/iwk.de\/fr\/machines\/\" class=\"backLink\"> RETOUR <\/a>\n<\/div>\n","protected":false},"excerpt":{"rendered":"<p>Encartonneuse horizontale SI 8 (jusqu\u2019\u00e0 45 \u00e9tuis\/min) Pour une performance allant jusqu\u2019\u00e0 45 \u00e9tuis par minute, les encartonneuses intermittentes de la s\u00e9rie SI 8 repr\u00e9sentent le compl\u00e9ment id\u00e9al pour les applications dans la plage de cadences basses. Ouverture positive des \u00e9tuis avec bras d\u2019aspiration oppos\u00e9 et cin\u00e9matique de redressement. L\u2019alimentation en produits est facilit\u00e9e gr\u00e2ce&#8230;<\/p>\n<div class=\"post-button\"><a href=\"https:\/\/vipgo.atsautomation.com\/iwk-de\/fr\/%20%20\/produits-et-solutions\/machines\/encartonneuse-horizontale-si-8-jusqua-45-etuis-min\/\">Read More<\/a><\/div>\n","protected":false},"author":63,"featured_media":2313,"parent":2982,"menu_order":0,"comment_status":"closed","ping_status":"closed","template":"page-templates\/machinefour.php","meta":{"inline_featured_image":false,"footnotes":""},"class_list":["post-3161","page","type-page","status-publish","has-post-thumbnail","hentry"],"yoast_head":"<!-- This site is optimized with the Yoast SEO Premium plugin v26.8 (Yoast SEO v26.8) - https:\/\/yoast.com\/product\/yoast-seo-premium-wordpress\/ -->\n<title>Encartonneuse horizontale SI 8 (jusqu\u2019\u00e0 45 \u00e9tuis\/min) - Innovative And Customized Manufacturing Solutions<\/title>\n<meta name=\"robots\" content=\"index, follow, max-snippet:-1, max-image-preview:large, max-video-preview:-1\" \/>\n<link rel=\"canonical\" href=\"https:\/\/vipgo.atsautomation.com\/iwk-de\/fr\/%20%20\/produits-et-solutions\/machines\/encartonneuse-horizontale-si-8-jusqua-45-etuis-min\/\" \/>\n<meta property=\"og:locale\" content=\"fr_FR\" \/>\n<meta property=\"og:type\" content=\"article\" \/>\n<meta property=\"og:title\" content=\"Encartonneuse horizontale SI 8 (jusqu\u2019\u00e0 45 \u00e9tuis\/min)\" \/>\n<meta property=\"og:description\" content=\"Encartonneuse horizontale SI 8 (jusqu\u2019\u00e0 45 \u00e9tuis\/min) Pour une performance allant jusqu\u2019\u00e0 45 \u00e9tuis par minute, les encartonneuses intermittentes de la s\u00e9rie SI 8 repr\u00e9sentent le compl\u00e9ment id\u00e9al pour les applications dans la plage de cadences basses. Ouverture positive des \u00e9tuis avec bras d\u2019aspiration oppos\u00e9 et cin\u00e9matique de redressement. L\u2019alimentation en produits est facilit\u00e9e gr\u00e2ce...Read More\" \/>\n<meta property=\"og:url\" content=\"https:\/\/vipgo.atsautomation.com\/iwk-de\/fr\/  \/produits-et-solutions\/machines\/encartonneuse-horizontale-si-8-jusqua-45-etuis-min\/\" \/>\n<meta property=\"og:site_name\" content=\"Innovative And Customized Manufacturing Solutions\" \/>\n<meta property=\"article:modified_time\" content=\"2021-10-14T08:42:06+00:00\" \/>\n<meta property=\"og:image\" content=\"https:\/\/vipgo.atsautomation.com\/iwk-de\/%20%20\/wp-content\/uploads\/sites\/22\/2021\/01\/KARTONIERER.jpg\" \/>\n\t<meta property=\"og:image:width\" content=\"1896\" \/>\n\t<meta property=\"og:image:height\" content=\"726\" \/>\n\t<meta property=\"og:image:type\" content=\"image\/jpeg\" \/>\n<meta name=\"twitter:card\" content=\"summary_large_image\" \/>\n<meta name=\"twitter:label1\" content=\"Dur\u00e9e de lecture estim\u00e9e\" \/>\n\t<meta name=\"twitter:data1\" content=\"2 minutes\" \/>\n<script type=\"application\/ld+json\" class=\"yoast-schema-graph\">{\"@context\":\"https:\/\/schema.org\",\"@graph\":[{\"@type\":\"WebPage\",\"@id\":\"https:\/\/vipgo.atsautomation.com\/iwk-de\/fr\/%20%20\/produits-et-solutions\/machines\/encartonneuse-horizontale-si-8-jusqua-45-etuis-min\/\",\"url\":\"https:\/\/vipgo.atsautomation.com\/iwk-de\/fr\/%20%20\/produits-et-solutions\/machines\/encartonneuse-horizontale-si-8-jusqua-45-etuis-min\/\",\"name\":\"Encartonneuse horizontale SI 8 (jusqu\u2019\u00e0 45 \u00e9tuis\/min) - Innovative And Customized Manufacturing Solutions\",\"isPartOf\":{\"@id\":\"https:\/\/vipgo.atsautomation.com\/iwk-de\/%20%20\/#website\"},\"primaryImageOfPage\":{\"@id\":\"https:\/\/vipgo.atsautomation.com\/iwk-de\/fr\/%20%20\/produits-et-solutions\/machines\/encartonneuse-horizontale-si-8-jusqua-45-etuis-min\/#primaryimage\"},\"image\":{\"@id\":\"https:\/\/vipgo.atsautomation.com\/iwk-de\/fr\/%20%20\/produits-et-solutions\/machines\/encartonneuse-horizontale-si-8-jusqua-45-etuis-min\/#primaryimage\"},\"thumbnailUrl\":\"https:\/\/vipgo.atsautomation.com\/iwk-de\/%20%20\/wp-content\/uploads\/sites\/22\/2021\/01\/KARTONIERER.jpg\",\"datePublished\":\"2021-01-18T12:10:11+00:00\",\"dateModified\":\"2021-10-14T08:42:06+00:00\",\"breadcrumb\":{\"@id\":\"https:\/\/vipgo.atsautomation.com\/iwk-de\/fr\/%20%20\/produits-et-solutions\/machines\/encartonneuse-horizontale-si-8-jusqua-45-etuis-min\/#breadcrumb\"},\"inLanguage\":\"fr-FR\",\"potentialAction\":[{\"@type\":\"ReadAction\",\"target\":[\"https:\/\/vipgo.atsautomation.com\/iwk-de\/fr\/%20%20\/produits-et-solutions\/machines\/encartonneuse-horizontale-si-8-jusqua-45-etuis-min\/\"]}]},{\"@type\":\"ImageObject\",\"inLanguage\":\"fr-FR\",\"@id\":\"https:\/\/vipgo.atsautomation.com\/iwk-de\/fr\/%20%20\/produits-et-solutions\/machines\/encartonneuse-horizontale-si-8-jusqua-45-etuis-min\/#primaryimage\",\"url\":\"https:\/\/vipgo.atsautomation.com\/iwk-de\/%20%20\/wp-content\/uploads\/sites\/22\/2021\/01\/KARTONIERER.jpg\",\"contentUrl\":\"https:\/\/vipgo.atsautomation.com\/iwk-de\/%20%20\/wp-content\/uploads\/sites\/22\/2021\/01\/KARTONIERER.jpg\",\"width\":1896,\"height\":726},{\"@type\":\"BreadcrumbList\",\"@id\":\"https:\/\/vipgo.atsautomation.com\/iwk-de\/fr\/%20%20\/produits-et-solutions\/machines\/encartonneuse-horizontale-si-8-jusqua-45-etuis-min\/#breadcrumb\",\"itemListElement\":[{\"@type\":\"ListItem\",\"position\":1,\"name\":\"HOME\",\"item\":\"https:\/\/vipgo.atsautomation.com\/iwk-de\/fr\/%20%20\/\"},{\"@type\":\"ListItem\",\"position\":2,\"name\":\"PRODUITS ET SOLUTIONS\",\"item\":\"https:\/\/vipgo.atsautomation.com\/iwk-de\/fr\/%20%20\/produits-et-solutions\/\"},{\"@type\":\"ListItem\",\"position\":3,\"name\":\"MACHINES\",\"item\":\"https:\/\/vipgo.atsautomation.com\/iwk-de\/fr\/%20%20\/produits-et-solutions\/machines\/\"},{\"@type\":\"ListItem\",\"position\":4,\"name\":\"Encartonneuse horizontale SI 8 (jusqu\u2019\u00e0 45 \u00e9tuis\/min)\"}]},{\"@type\":\"WebSite\",\"@id\":\"https:\/\/vipgo.atsautomation.com\/iwk-de\/%20%20\/#website\",\"url\":\"https:\/\/vipgo.atsautomation.com\/iwk-de\/%20%20\/\",\"name\":\"Innovative And Customized Manufacturing Solutions\",\"description\":\"\",\"publisher\":{\"@id\":\"https:\/\/vipgo.atsautomation.com\/iwk-de\/%20%20\/#organization\"},\"potentialAction\":[{\"@type\":\"SearchAction\",\"target\":{\"@type\":\"EntryPoint\",\"urlTemplate\":\"https:\/\/vipgo.atsautomation.com\/iwk-de\/%20%20\/?s={search_term_string}\"},\"query-input\":{\"@type\":\"PropertyValueSpecification\",\"valueRequired\":true,\"valueName\":\"search_term_string\"}}],\"inLanguage\":\"fr-FR\"},{\"@type\":\"Organization\",\"@id\":\"https:\/\/vipgo.atsautomation.com\/iwk-de\/%20%20\/#organization\",\"name\":\"Innovative And Customized Manufacturing Solutions\",\"url\":\"https:\/\/vipgo.atsautomation.com\/iwk-de\/%20%20\/\",\"logo\":{\"@type\":\"ImageObject\",\"inLanguage\":\"fr-FR\",\"@id\":\"https:\/\/vipgo.atsautomation.com\/iwk-de\/%20%20\/#\/schema\/logo\/image\/\",\"url\":\"https:\/\/vipgo.atsautomation.com\/iwk-de\/%20%20\/wp-content\/uploads\/sites\/22\/2023\/02\/LOGO_IWK_4c_Size_2.png\",\"contentUrl\":\"https:\/\/vipgo.atsautomation.com\/iwk-de\/%20%20\/wp-content\/uploads\/sites\/22\/2023\/02\/LOGO_IWK_4c_Size_2.png\",\"width\":238,\"height\":137,\"caption\":\"Innovative And Customized Manufacturing Solutions\"},\"image\":{\"@id\":\"https:\/\/vipgo.atsautomation.com\/iwk-de\/%20%20\/#\/schema\/logo\/image\/\"}}]}<\/script>\n<!-- \/ Yoast SEO Premium plugin. -->","yoast_head_json":{"title":"Encartonneuse horizontale SI 8 (jusqu\u2019\u00e0 45 \u00e9tuis\/min) - Innovative And Customized Manufacturing Solutions","robots":{"index":"index","follow":"follow","max-snippet":"max-snippet:-1","max-image-preview":"max-image-preview:large","max-video-preview":"max-video-preview:-1"},"canonical":"https:\/\/vipgo.atsautomation.com\/iwk-de\/fr\/  \/produits-et-solutions\/machines\/encartonneuse-horizontale-si-8-jusqua-45-etuis-min\/","og_locale":"fr_FR","og_type":"article","og_title":"Encartonneuse horizontale SI 8 (jusqu\u2019\u00e0 45 \u00e9tuis\/min)","og_description":"Encartonneuse horizontale SI 8 (jusqu\u2019\u00e0 45 \u00e9tuis\/min) Pour une performance allant jusqu\u2019\u00e0 45 \u00e9tuis par minute, les encartonneuses intermittentes de la s\u00e9rie SI 8 repr\u00e9sentent le compl\u00e9ment id\u00e9al pour les applications dans la plage de cadences basses. Ouverture positive des \u00e9tuis avec bras d\u2019aspiration oppos\u00e9 et cin\u00e9matique de redressement. L\u2019alimentation en produits est facilit\u00e9e gr\u00e2ce...Read More","og_url":"https:\/\/vipgo.atsautomation.com\/iwk-de\/fr\/  \/produits-et-solutions\/machines\/encartonneuse-horizontale-si-8-jusqua-45-etuis-min\/","og_site_name":"Innovative And Customized Manufacturing Solutions","article_modified_time":"2021-10-14T08:42:06+00:00","og_image":[{"width":1896,"height":726,"url":"https:\/\/vipgo.atsautomation.com\/iwk-de\/%20%20\/wp-content\/uploads\/sites\/22\/2021\/01\/KARTONIERER.jpg","type":"image\/jpeg"}],"twitter_card":"summary_large_image","twitter_misc":{"Dur\u00e9e de lecture estim\u00e9e":"2 minutes"},"schema":{"@context":"https:\/\/schema.org","@graph":[{"@type":"WebPage","@id":"https:\/\/vipgo.atsautomation.com\/iwk-de\/fr\/%20%20\/produits-et-solutions\/machines\/encartonneuse-horizontale-si-8-jusqua-45-etuis-min\/","url":"https:\/\/vipgo.atsautomation.com\/iwk-de\/fr\/%20%20\/produits-et-solutions\/machines\/encartonneuse-horizontale-si-8-jusqua-45-etuis-min\/","name":"Encartonneuse horizontale SI 8 (jusqu\u2019\u00e0 45 \u00e9tuis\/min) - Innovative And Customized Manufacturing Solutions","isPartOf":{"@id":"https:\/\/vipgo.atsautomation.com\/iwk-de\/%20%20\/#website"},"primaryImageOfPage":{"@id":"https:\/\/vipgo.atsautomation.com\/iwk-de\/fr\/%20%20\/produits-et-solutions\/machines\/encartonneuse-horizontale-si-8-jusqua-45-etuis-min\/#primaryimage"},"image":{"@id":"https:\/\/vipgo.atsautomation.com\/iwk-de\/fr\/%20%20\/produits-et-solutions\/machines\/encartonneuse-horizontale-si-8-jusqua-45-etuis-min\/#primaryimage"},"thumbnailUrl":"https:\/\/vipgo.atsautomation.com\/iwk-de\/%20%20\/wp-content\/uploads\/sites\/22\/2021\/01\/KARTONIERER.jpg","datePublished":"2021-01-18T12:10:11+00:00","dateModified":"2021-10-14T08:42:06+00:00","breadcrumb":{"@id":"https:\/\/vipgo.atsautomation.com\/iwk-de\/fr\/%20%20\/produits-et-solutions\/machines\/encartonneuse-horizontale-si-8-jusqua-45-etuis-min\/#breadcrumb"},"inLanguage":"fr-FR","potentialAction":[{"@type":"ReadAction","target":["https:\/\/vipgo.atsautomation.com\/iwk-de\/fr\/%20%20\/produits-et-solutions\/machines\/encartonneuse-horizontale-si-8-jusqua-45-etuis-min\/"]}]},{"@type":"ImageObject","inLanguage":"fr-FR","@id":"https:\/\/vipgo.atsautomation.com\/iwk-de\/fr\/%20%20\/produits-et-solutions\/machines\/encartonneuse-horizontale-si-8-jusqua-45-etuis-min\/#primaryimage","url":"https:\/\/vipgo.atsautomation.com\/iwk-de\/%20%20\/wp-content\/uploads\/sites\/22\/2021\/01\/KARTONIERER.jpg","contentUrl":"https:\/\/vipgo.atsautomation.com\/iwk-de\/%20%20\/wp-content\/uploads\/sites\/22\/2021\/01\/KARTONIERER.jpg","width":1896,"height":726},{"@type":"BreadcrumbList","@id":"https:\/\/vipgo.atsautomation.com\/iwk-de\/fr\/%20%20\/produits-et-solutions\/machines\/encartonneuse-horizontale-si-8-jusqua-45-etuis-min\/#breadcrumb","itemListElement":[{"@type":"ListItem","position":1,"name":"HOME","item":"https:\/\/vipgo.atsautomation.com\/iwk-de\/fr\/%20%20\/"},{"@type":"ListItem","position":2,"name":"PRODUITS ET SOLUTIONS","item":"https:\/\/vipgo.atsautomation.com\/iwk-de\/fr\/%20%20\/produits-et-solutions\/"},{"@type":"ListItem","position":3,"name":"MACHINES","item":"https:\/\/vipgo.atsautomation.com\/iwk-de\/fr\/%20%20\/produits-et-solutions\/machines\/"},{"@type":"ListItem","position":4,"name":"Encartonneuse horizontale SI 8 (jusqu\u2019\u00e0 45 \u00e9tuis\/min)"}]},{"@type":"WebSite","@id":"https:\/\/vipgo.atsautomation.com\/iwk-de\/%20%20\/#website","url":"https:\/\/vipgo.atsautomation.com\/iwk-de\/%20%20\/","name":"Innovative And Customized Manufacturing Solutions","description":"","publisher":{"@id":"https:\/\/vipgo.atsautomation.com\/iwk-de\/%20%20\/#organization"},"potentialAction":[{"@type":"SearchAction","target":{"@type":"EntryPoint","urlTemplate":"https:\/\/vipgo.atsautomation.com\/iwk-de\/%20%20\/?s={search_term_string}"},"query-input":{"@type":"PropertyValueSpecification","valueRequired":true,"valueName":"search_term_string"}}],"inLanguage":"fr-FR"},{"@type":"Organization","@id":"https:\/\/vipgo.atsautomation.com\/iwk-de\/%20%20\/#organization","name":"Innovative And Customized Manufacturing Solutions","url":"https:\/\/vipgo.atsautomation.com\/iwk-de\/%20%20\/","logo":{"@type":"ImageObject","inLanguage":"fr-FR","@id":"https:\/\/vipgo.atsautomation.com\/iwk-de\/%20%20\/#\/schema\/logo\/image\/","url":"https:\/\/vipgo.atsautomation.com\/iwk-de\/%20%20\/wp-content\/uploads\/sites\/22\/2023\/02\/LOGO_IWK_4c_Size_2.png","contentUrl":"https:\/\/vipgo.atsautomation.com\/iwk-de\/%20%20\/wp-content\/uploads\/sites\/22\/2023\/02\/LOGO_IWK_4c_Size_2.png","width":238,"height":137,"caption":"Innovative And Customized Manufacturing Solutions"},"image":{"@id":"https:\/\/vipgo.atsautomation.com\/iwk-de\/%20%20\/#\/schema\/logo\/image\/"}}]}},"jetpack_sharing_enabled":true,"_links":{"self":[{"href":"https:\/\/vipgo.atsautomation.com\/iwk-de\/fr\/%20%20\/wp-json\/wp\/v2\/pages\/3161","targetHints":{"allow":["GET"]}}],"collection":[{"href":"https:\/\/vipgo.atsautomation.com\/iwk-de\/fr\/%20%20\/wp-json\/wp\/v2\/pages"}],"about":[{"href":"https:\/\/vipgo.atsautomation.com\/iwk-de\/fr\/%20%20\/wp-json\/wp\/v2\/types\/page"}],"author":[{"embeddable":true,"href":"https:\/\/vipgo.atsautomation.com\/iwk-de\/fr\/%20%20\/wp-json\/wp\/v2\/users\/63"}],"replies":[{"embeddable":true,"href":"https:\/\/vipgo.atsautomation.com\/iwk-de\/fr\/%20%20\/wp-json\/wp\/v2\/comments?post=3161"}],"version-history":[{"count":6,"href":"https:\/\/vipgo.atsautomation.com\/iwk-de\/fr\/%20%20\/wp-json\/wp\/v2\/pages\/3161\/revisions"}],"predecessor-version":[{"id":8214,"href":"https:\/\/vipgo.atsautomation.com\/iwk-de\/fr\/%20%20\/wp-json\/wp\/v2\/pages\/3161\/revisions\/8214"}],"up":[{"embeddable":true,"href":"https:\/\/vipgo.atsautomation.com\/iwk-de\/fr\/%20%20\/wp-json\/wp\/v2\/pages\/2982"}],"wp:featuredmedia":[{"embeddable":true,"href":"https:\/\/vipgo.atsautomation.com\/iwk-de\/fr\/%20%20\/wp-json\/wp\/v2\/media\/2313"}],"wp:attachment":[{"href":"https:\/\/vipgo.atsautomation.com\/iwk-de\/fr\/%20%20\/wp-json\/wp\/v2\/media?parent=3161"}],"curies":[{"name":"wp","href":"https:\/\/api.w.org\/{rel}","templated":true}]}}