{"id":3229,"date":"2021-01-18T12:47:35","date_gmt":"2021-01-18T12:47:35","guid":{"rendered":"https:\/\/iwk.de\/?page_id=3229"},"modified":"2021-03-17T17:06:34","modified_gmt":"2021-03-17T17:06:34","slug":"encartonneuse-horizontale-sc-soap-jusqua-1-000-etuis-min","status":"publish","type":"page","link":"https:\/\/vipgo.atsautomation.com\/iwk-de\/fr\/%20%20\/produits-et-solutions\/machines\/encartonneuse-horizontale-sc-soap-jusqua-1-000-etuis-min\/","title":{"rendered":"Encartonneuse horizontale SC Soap (jusqu\u2019\u00e0 1.000 \u00e9tuis\/min)"},"content":{"rendered":"<div class=\"home-main row\"><span><span><a href=\"https:\/\/vipgo.atsautomation.com\/iwk-de\/fr\/%20%20\/\">HOME<\/a><\/span><\/span><\/p>\n<h2>Encartonneuse horizontale SC Soap<br \/>\n(jusqu\u2019\u00e0 1.000 \u00e9tuis\/min)<\/h2>\n<div class=\"advantages\">\n<div class=\"col-sm-7 bodytext mt-4\">\n<h3>AVANTAGES<\/h3>\n<div class=\"list-style\">\n<ul>\n<li>Encartonneuse horizontale la plus rapide au monde, sp\u00e9cialement con\u00e7ue pour la mise en carton de savons \u00e0 une cadence de 1.000&nbsp;cartons\/min.<\/li>\n<li>La machine pr\u00e9l\u00e8ve les savonnettes directement dans la presse \u00e0 savon<\/li>\n<li>Chargement facile du carton \u00e0 une hauteur ergonomique<\/li>\n<li>Syst\u00e8me d\u2019alignement des cartons brevet\u00e9<\/li>\n<li>Syst\u00e8me de fermeture des \u00e9tuis brevet\u00e9<\/li>\n<li>Changement en moins de 15&nbsp;minutes<\/li>\n<\/ul>\n<\/div>\n<\/div>\n<div class=\"col-sm-9\">\n<div class=\"slideshow-container\">\n<div class=\"mySlides fade\">\n<img decoding=\"async\" src=\"https:\/\/iwk.de\/wp-content\/uploads\/sites\/22\/2021\/01\/SC-Soap-Cyloid-08.jpg\" style=\"width:100%\" \/>\n<\/div>\n<div class=\"mySlides fade\">\n<img decoding=\"async\" src=\"https:\/\/iwk.de\/wp-content\/uploads\/sites\/22\/2021\/01\/SC-Soap-Product-Insertion-04.jpg\" style=\"width:100%\" \/>\n<\/div>\n<div class=\"mySlides fade\">\n<img decoding=\"async\" src=\"https:\/\/iwk.de\/wp-content\/uploads\/sites\/22\/2021\/01\/SC-Soap.jpg\" style=\"width:100%\" \/>\n<\/div>\n<p><a class=\"prev\" onclick=\"plusSlides(-1)\">&#10094;<\/a><br \/>\n<a class=\"next\" onclick=\"plusSlides(1)\">&#10095;<\/a>\n<\/div>\n<\/div>\n<\/div>\n<\/div>\n<section class=\"techData\">\n<div class=\"home-main row\">\n<h3>DONN\u00c9ES TECHNIQUES<\/h3>\n<table class=\"table\">\n<thead>\n<tr>\n<th>TYPE<\/th>\n<th>SC Soap<\/th>\n<\/tr>\n<\/thead>\n<tbody>\n<tr>\n<td>Mode de travail<\/td>\n<td>Permanent<\/td>\n<\/tr>\n<tr>\n<td>Plage de format (mm)<br \/>\n(3 cha\u00eenes de carton)<\/td>\n<td>A: 20-75<br \/>\nB: 15-35<br \/>\nH: 75-110<\/td>\n<\/tr>\n<tr>\n<td>Cadence max. (cartons\/min)<\/td>\n<td>1.000<\/td>\n<\/tr>\n<\/tbody>\n<\/table>\n<\/div>\n<\/section>\n<div class=\"home-main row\">\n<h2>APPLICATIONS<\/h2>\n<p>Les encartonneuses IWK sont principalement utilis\u00e9es pour la mise en carton de produits de l\u2019industrie pharmaceutique et cosm\u00e9tique. Les produits peuvent \u00eatre emball\u00e9s s\u00e9par\u00e9ment ou par lot avec notice dans des \u00e9tuis.<\/p>\n<h2>QUALIT\u00c9S DE CARTON\/D\u2019\u00c9TUI<\/h2>\n<p>Sur les encartonneuses IWK, il est possible de traiter des qualit\u00e9s conformes \u00e0 la norme DIN 53121 avec des grammages de papier allant de 250 \u00e0 500 g\/m\u00b2 ; il est \u00e9galement possible d\u2019avoir recours \u00e0 des qualit\u00e9s papier recycl\u00e9. Les dimensions et tol\u00e9rances de l\u2019\u00e9tui pr\u00e9coll\u00e9 doivent \u00eatre conformes \u00e0 la norme DIN 55522.<\/p>\n<\/div>\n<div class=\"home-main row\">\n<a href=\"https:\/\/iwk.de\/fr\/machines\/\" class=\"backLink\"> RETOUR <\/a>\n<\/div>\n","protected":false},"excerpt":{"rendered":"<p>Encartonneuse horizontale SC Soap (jusqu\u2019\u00e0 1.000 \u00e9tuis\/min) AVANTAGES Encartonneuse horizontale la plus rapide au monde, sp\u00e9cialement con\u00e7ue pour la mise en carton de savons \u00e0 une cadence de 1.000&nbsp;cartons\/min. La machine pr\u00e9l\u00e8ve les savonnettes directement dans la presse \u00e0 savon Chargement facile du carton \u00e0 une hauteur ergonomique Syst\u00e8me d\u2019alignement des cartons brevet\u00e9 Syst\u00e8me de&#8230;<\/p>\n<div class=\"post-button\"><a href=\"https:\/\/vipgo.atsautomation.com\/iwk-de\/fr\/%20%20\/produits-et-solutions\/machines\/encartonneuse-horizontale-sc-soap-jusqua-1-000-etuis-min\/\">Read More<\/a><\/div>\n","protected":false},"author":63,"featured_media":2313,"parent":2982,"menu_order":0,"comment_status":"closed","ping_status":"closed","template":"page-templates\/machinefour.php","meta":{"inline_featured_image":false,"footnotes":""},"class_list":["post-3229","page","type-page","status-publish","has-post-thumbnail","hentry"],"yoast_head":"<!-- This site is optimized with the Yoast SEO Premium plugin v26.8 (Yoast SEO v26.8) - https:\/\/yoast.com\/product\/yoast-seo-premium-wordpress\/ -->\n<title>Encartonneuse horizontale SC Soap (jusqu\u2019\u00e0 1.000 \u00e9tuis\/min) - Innovative And Customized Manufacturing Solutions<\/title>\n<meta name=\"robots\" content=\"index, follow, max-snippet:-1, max-image-preview:large, max-video-preview:-1\" \/>\n<link rel=\"canonical\" href=\"https:\/\/vipgo.atsautomation.com\/iwk-de\/fr\/%20%20\/produits-et-solutions\/machines\/encartonneuse-horizontale-sc-soap-jusqua-1-000-etuis-min\/\" \/>\n<meta property=\"og:locale\" content=\"fr_FR\" \/>\n<meta property=\"og:type\" content=\"article\" \/>\n<meta property=\"og:title\" content=\"Encartonneuse horizontale SC Soap (jusqu\u2019\u00e0 1.000 \u00e9tuis\/min)\" \/>\n<meta property=\"og:description\" content=\"Encartonneuse horizontale SC Soap (jusqu\u2019\u00e0 1.000 \u00e9tuis\/min) AVANTAGES Encartonneuse horizontale la plus rapide au monde, sp\u00e9cialement con\u00e7ue pour la mise en carton de savons \u00e0 une cadence de 1.000&nbsp;cartons\/min. La machine pr\u00e9l\u00e8ve les savonnettes directement dans la presse \u00e0 savon Chargement facile du carton \u00e0 une hauteur ergonomique Syst\u00e8me d\u2019alignement des cartons brevet\u00e9 Syst\u00e8me de...Read More\" \/>\n<meta property=\"og:url\" content=\"https:\/\/vipgo.atsautomation.com\/iwk-de\/fr\/  \/produits-et-solutions\/machines\/encartonneuse-horizontale-sc-soap-jusqua-1-000-etuis-min\/\" \/>\n<meta property=\"og:site_name\" content=\"Innovative And Customized Manufacturing Solutions\" \/>\n<meta property=\"article:modified_time\" content=\"2021-03-17T17:06:34+00:00\" \/>\n<meta property=\"og:image\" content=\"https:\/\/vipgo.atsautomation.com\/iwk-de\/%20%20\/wp-content\/uploads\/sites\/22\/2021\/01\/KARTONIERER.jpg\" \/>\n\t<meta property=\"og:image:width\" content=\"1896\" \/>\n\t<meta property=\"og:image:height\" content=\"726\" \/>\n\t<meta property=\"og:image:type\" content=\"image\/jpeg\" \/>\n<meta name=\"twitter:card\" content=\"summary_large_image\" \/>\n<meta name=\"twitter:label1\" content=\"Dur\u00e9e de lecture estim\u00e9e\" \/>\n\t<meta name=\"twitter:data1\" content=\"1 minute\" \/>\n<script type=\"application\/ld+json\" class=\"yoast-schema-graph\">{\"@context\":\"https:\/\/schema.org\",\"@graph\":[{\"@type\":\"WebPage\",\"@id\":\"https:\/\/vipgo.atsautomation.com\/iwk-de\/fr\/%20%20\/produits-et-solutions\/machines\/encartonneuse-horizontale-sc-soap-jusqua-1-000-etuis-min\/\",\"url\":\"https:\/\/vipgo.atsautomation.com\/iwk-de\/fr\/%20%20\/produits-et-solutions\/machines\/encartonneuse-horizontale-sc-soap-jusqua-1-000-etuis-min\/\",\"name\":\"Encartonneuse horizontale SC Soap (jusqu\u2019\u00e0 1.000 \u00e9tuis\/min) - Innovative And Customized Manufacturing Solutions\",\"isPartOf\":{\"@id\":\"https:\/\/vipgo.atsautomation.com\/iwk-de\/%20%20\/#website\"},\"primaryImageOfPage\":{\"@id\":\"https:\/\/vipgo.atsautomation.com\/iwk-de\/fr\/%20%20\/produits-et-solutions\/machines\/encartonneuse-horizontale-sc-soap-jusqua-1-000-etuis-min\/#primaryimage\"},\"image\":{\"@id\":\"https:\/\/vipgo.atsautomation.com\/iwk-de\/fr\/%20%20\/produits-et-solutions\/machines\/encartonneuse-horizontale-sc-soap-jusqua-1-000-etuis-min\/#primaryimage\"},\"thumbnailUrl\":\"https:\/\/vipgo.atsautomation.com\/iwk-de\/%20%20\/wp-content\/uploads\/sites\/22\/2021\/01\/KARTONIERER.jpg\",\"datePublished\":\"2021-01-18T12:47:35+00:00\",\"dateModified\":\"2021-03-17T17:06:34+00:00\",\"breadcrumb\":{\"@id\":\"https:\/\/vipgo.atsautomation.com\/iwk-de\/fr\/%20%20\/produits-et-solutions\/machines\/encartonneuse-horizontale-sc-soap-jusqua-1-000-etuis-min\/#breadcrumb\"},\"inLanguage\":\"fr-FR\",\"potentialAction\":[{\"@type\":\"ReadAction\",\"target\":[\"https:\/\/vipgo.atsautomation.com\/iwk-de\/fr\/%20%20\/produits-et-solutions\/machines\/encartonneuse-horizontale-sc-soap-jusqua-1-000-etuis-min\/\"]}]},{\"@type\":\"ImageObject\",\"inLanguage\":\"fr-FR\",\"@id\":\"https:\/\/vipgo.atsautomation.com\/iwk-de\/fr\/%20%20\/produits-et-solutions\/machines\/encartonneuse-horizontale-sc-soap-jusqua-1-000-etuis-min\/#primaryimage\",\"url\":\"https:\/\/vipgo.atsautomation.com\/iwk-de\/%20%20\/wp-content\/uploads\/sites\/22\/2021\/01\/KARTONIERER.jpg\",\"contentUrl\":\"https:\/\/vipgo.atsautomation.com\/iwk-de\/%20%20\/wp-content\/uploads\/sites\/22\/2021\/01\/KARTONIERER.jpg\",\"width\":1896,\"height\":726},{\"@type\":\"BreadcrumbList\",\"@id\":\"https:\/\/vipgo.atsautomation.com\/iwk-de\/fr\/%20%20\/produits-et-solutions\/machines\/encartonneuse-horizontale-sc-soap-jusqua-1-000-etuis-min\/#breadcrumb\",\"itemListElement\":[{\"@type\":\"ListItem\",\"position\":1,\"name\":\"HOME\",\"item\":\"https:\/\/vipgo.atsautomation.com\/iwk-de\/fr\/%20%20\/\"},{\"@type\":\"ListItem\",\"position\":2,\"name\":\"PRODUITS ET SOLUTIONS\",\"item\":\"https:\/\/vipgo.atsautomation.com\/iwk-de\/fr\/%20%20\/produits-et-solutions\/\"},{\"@type\":\"ListItem\",\"position\":3,\"name\":\"MACHINES\",\"item\":\"https:\/\/vipgo.atsautomation.com\/iwk-de\/fr\/%20%20\/produits-et-solutions\/machines\/\"},{\"@type\":\"ListItem\",\"position\":4,\"name\":\"Encartonneuse horizontale SC Soap (jusqu\u2019\u00e0 1.000 \u00e9tuis\/min)\"}]},{\"@type\":\"WebSite\",\"@id\":\"https:\/\/vipgo.atsautomation.com\/iwk-de\/%20%20\/#website\",\"url\":\"https:\/\/vipgo.atsautomation.com\/iwk-de\/%20%20\/\",\"name\":\"Innovative And Customized Manufacturing Solutions\",\"description\":\"\",\"publisher\":{\"@id\":\"https:\/\/vipgo.atsautomation.com\/iwk-de\/%20%20\/#organization\"},\"potentialAction\":[{\"@type\":\"SearchAction\",\"target\":{\"@type\":\"EntryPoint\",\"urlTemplate\":\"https:\/\/vipgo.atsautomation.com\/iwk-de\/%20%20\/?s={search_term_string}\"},\"query-input\":{\"@type\":\"PropertyValueSpecification\",\"valueRequired\":true,\"valueName\":\"search_term_string\"}}],\"inLanguage\":\"fr-FR\"},{\"@type\":\"Organization\",\"@id\":\"https:\/\/vipgo.atsautomation.com\/iwk-de\/%20%20\/#organization\",\"name\":\"Innovative And Customized Manufacturing Solutions\",\"url\":\"https:\/\/vipgo.atsautomation.com\/iwk-de\/%20%20\/\",\"logo\":{\"@type\":\"ImageObject\",\"inLanguage\":\"fr-FR\",\"@id\":\"https:\/\/vipgo.atsautomation.com\/iwk-de\/%20%20\/#\/schema\/logo\/image\/\",\"url\":\"https:\/\/vipgo.atsautomation.com\/iwk-de\/%20%20\/wp-content\/uploads\/sites\/22\/2023\/02\/LOGO_IWK_4c_Size_2.png\",\"contentUrl\":\"https:\/\/vipgo.atsautomation.com\/iwk-de\/%20%20\/wp-content\/uploads\/sites\/22\/2023\/02\/LOGO_IWK_4c_Size_2.png\",\"width\":238,\"height\":137,\"caption\":\"Innovative And Customized Manufacturing Solutions\"},\"image\":{\"@id\":\"https:\/\/vipgo.atsautomation.com\/iwk-de\/%20%20\/#\/schema\/logo\/image\/\"}}]}<\/script>\n<!-- \/ Yoast SEO Premium plugin. -->","yoast_head_json":{"title":"Encartonneuse horizontale SC Soap (jusqu\u2019\u00e0 1.000 \u00e9tuis\/min) - Innovative And Customized Manufacturing Solutions","robots":{"index":"index","follow":"follow","max-snippet":"max-snippet:-1","max-image-preview":"max-image-preview:large","max-video-preview":"max-video-preview:-1"},"canonical":"https:\/\/vipgo.atsautomation.com\/iwk-de\/fr\/  \/produits-et-solutions\/machines\/encartonneuse-horizontale-sc-soap-jusqua-1-000-etuis-min\/","og_locale":"fr_FR","og_type":"article","og_title":"Encartonneuse horizontale SC Soap (jusqu\u2019\u00e0 1.000 \u00e9tuis\/min)","og_description":"Encartonneuse horizontale SC Soap (jusqu\u2019\u00e0 1.000 \u00e9tuis\/min) AVANTAGES Encartonneuse horizontale la plus rapide au monde, sp\u00e9cialement con\u00e7ue pour la mise en carton de savons \u00e0 une cadence de 1.000&nbsp;cartons\/min. La machine pr\u00e9l\u00e8ve les savonnettes directement dans la presse \u00e0 savon Chargement facile du carton \u00e0 une hauteur ergonomique Syst\u00e8me d\u2019alignement des cartons brevet\u00e9 Syst\u00e8me de...Read More","og_url":"https:\/\/vipgo.atsautomation.com\/iwk-de\/fr\/  \/produits-et-solutions\/machines\/encartonneuse-horizontale-sc-soap-jusqua-1-000-etuis-min\/","og_site_name":"Innovative And Customized Manufacturing Solutions","article_modified_time":"2021-03-17T17:06:34+00:00","og_image":[{"width":1896,"height":726,"url":"https:\/\/vipgo.atsautomation.com\/iwk-de\/%20%20\/wp-content\/uploads\/sites\/22\/2021\/01\/KARTONIERER.jpg","type":"image\/jpeg"}],"twitter_card":"summary_large_image","twitter_misc":{"Dur\u00e9e de lecture estim\u00e9e":"1 minute"},"schema":{"@context":"https:\/\/schema.org","@graph":[{"@type":"WebPage","@id":"https:\/\/vipgo.atsautomation.com\/iwk-de\/fr\/%20%20\/produits-et-solutions\/machines\/encartonneuse-horizontale-sc-soap-jusqua-1-000-etuis-min\/","url":"https:\/\/vipgo.atsautomation.com\/iwk-de\/fr\/%20%20\/produits-et-solutions\/machines\/encartonneuse-horizontale-sc-soap-jusqua-1-000-etuis-min\/","name":"Encartonneuse horizontale SC Soap (jusqu\u2019\u00e0 1.000 \u00e9tuis\/min) - Innovative And Customized Manufacturing Solutions","isPartOf":{"@id":"https:\/\/vipgo.atsautomation.com\/iwk-de\/%20%20\/#website"},"primaryImageOfPage":{"@id":"https:\/\/vipgo.atsautomation.com\/iwk-de\/fr\/%20%20\/produits-et-solutions\/machines\/encartonneuse-horizontale-sc-soap-jusqua-1-000-etuis-min\/#primaryimage"},"image":{"@id":"https:\/\/vipgo.atsautomation.com\/iwk-de\/fr\/%20%20\/produits-et-solutions\/machines\/encartonneuse-horizontale-sc-soap-jusqua-1-000-etuis-min\/#primaryimage"},"thumbnailUrl":"https:\/\/vipgo.atsautomation.com\/iwk-de\/%20%20\/wp-content\/uploads\/sites\/22\/2021\/01\/KARTONIERER.jpg","datePublished":"2021-01-18T12:47:35+00:00","dateModified":"2021-03-17T17:06:34+00:00","breadcrumb":{"@id":"https:\/\/vipgo.atsautomation.com\/iwk-de\/fr\/%20%20\/produits-et-solutions\/machines\/encartonneuse-horizontale-sc-soap-jusqua-1-000-etuis-min\/#breadcrumb"},"inLanguage":"fr-FR","potentialAction":[{"@type":"ReadAction","target":["https:\/\/vipgo.atsautomation.com\/iwk-de\/fr\/%20%20\/produits-et-solutions\/machines\/encartonneuse-horizontale-sc-soap-jusqua-1-000-etuis-min\/"]}]},{"@type":"ImageObject","inLanguage":"fr-FR","@id":"https:\/\/vipgo.atsautomation.com\/iwk-de\/fr\/%20%20\/produits-et-solutions\/machines\/encartonneuse-horizontale-sc-soap-jusqua-1-000-etuis-min\/#primaryimage","url":"https:\/\/vipgo.atsautomation.com\/iwk-de\/%20%20\/wp-content\/uploads\/sites\/22\/2021\/01\/KARTONIERER.jpg","contentUrl":"https:\/\/vipgo.atsautomation.com\/iwk-de\/%20%20\/wp-content\/uploads\/sites\/22\/2021\/01\/KARTONIERER.jpg","width":1896,"height":726},{"@type":"BreadcrumbList","@id":"https:\/\/vipgo.atsautomation.com\/iwk-de\/fr\/%20%20\/produits-et-solutions\/machines\/encartonneuse-horizontale-sc-soap-jusqua-1-000-etuis-min\/#breadcrumb","itemListElement":[{"@type":"ListItem","position":1,"name":"HOME","item":"https:\/\/vipgo.atsautomation.com\/iwk-de\/fr\/%20%20\/"},{"@type":"ListItem","position":2,"name":"PRODUITS ET SOLUTIONS","item":"https:\/\/vipgo.atsautomation.com\/iwk-de\/fr\/%20%20\/produits-et-solutions\/"},{"@type":"ListItem","position":3,"name":"MACHINES","item":"https:\/\/vipgo.atsautomation.com\/iwk-de\/fr\/%20%20\/produits-et-solutions\/machines\/"},{"@type":"ListItem","position":4,"name":"Encartonneuse horizontale SC Soap (jusqu\u2019\u00e0 1.000 \u00e9tuis\/min)"}]},{"@type":"WebSite","@id":"https:\/\/vipgo.atsautomation.com\/iwk-de\/%20%20\/#website","url":"https:\/\/vipgo.atsautomation.com\/iwk-de\/%20%20\/","name":"Innovative And Customized Manufacturing Solutions","description":"","publisher":{"@id":"https:\/\/vipgo.atsautomation.com\/iwk-de\/%20%20\/#organization"},"potentialAction":[{"@type":"SearchAction","target":{"@type":"EntryPoint","urlTemplate":"https:\/\/vipgo.atsautomation.com\/iwk-de\/%20%20\/?s={search_term_string}"},"query-input":{"@type":"PropertyValueSpecification","valueRequired":true,"valueName":"search_term_string"}}],"inLanguage":"fr-FR"},{"@type":"Organization","@id":"https:\/\/vipgo.atsautomation.com\/iwk-de\/%20%20\/#organization","name":"Innovative And Customized Manufacturing Solutions","url":"https:\/\/vipgo.atsautomation.com\/iwk-de\/%20%20\/","logo":{"@type":"ImageObject","inLanguage":"fr-FR","@id":"https:\/\/vipgo.atsautomation.com\/iwk-de\/%20%20\/#\/schema\/logo\/image\/","url":"https:\/\/vipgo.atsautomation.com\/iwk-de\/%20%20\/wp-content\/uploads\/sites\/22\/2023\/02\/LOGO_IWK_4c_Size_2.png","contentUrl":"https:\/\/vipgo.atsautomation.com\/iwk-de\/%20%20\/wp-content\/uploads\/sites\/22\/2023\/02\/LOGO_IWK_4c_Size_2.png","width":238,"height":137,"caption":"Innovative And Customized Manufacturing Solutions"},"image":{"@id":"https:\/\/vipgo.atsautomation.com\/iwk-de\/%20%20\/#\/schema\/logo\/image\/"}}]}},"jetpack_sharing_enabled":true,"_links":{"self":[{"href":"https:\/\/vipgo.atsautomation.com\/iwk-de\/fr\/%20%20\/wp-json\/wp\/v2\/pages\/3229","targetHints":{"allow":["GET"]}}],"collection":[{"href":"https:\/\/vipgo.atsautomation.com\/iwk-de\/fr\/%20%20\/wp-json\/wp\/v2\/pages"}],"about":[{"href":"https:\/\/vipgo.atsautomation.com\/iwk-de\/fr\/%20%20\/wp-json\/wp\/v2\/types\/page"}],"author":[{"embeddable":true,"href":"https:\/\/vipgo.atsautomation.com\/iwk-de\/fr\/%20%20\/wp-json\/wp\/v2\/users\/63"}],"replies":[{"embeddable":true,"href":"https:\/\/vipgo.atsautomation.com\/iwk-de\/fr\/%20%20\/wp-json\/wp\/v2\/comments?post=3229"}],"version-history":[{"count":5,"href":"https:\/\/vipgo.atsautomation.com\/iwk-de\/fr\/%20%20\/wp-json\/wp\/v2\/pages\/3229\/revisions"}],"predecessor-version":[{"id":5937,"href":"https:\/\/vipgo.atsautomation.com\/iwk-de\/fr\/%20%20\/wp-json\/wp\/v2\/pages\/3229\/revisions\/5937"}],"up":[{"embeddable":true,"href":"https:\/\/vipgo.atsautomation.com\/iwk-de\/fr\/%20%20\/wp-json\/wp\/v2\/pages\/2982"}],"wp:featuredmedia":[{"embeddable":true,"href":"https:\/\/vipgo.atsautomation.com\/iwk-de\/fr\/%20%20\/wp-json\/wp\/v2\/media\/2313"}],"wp:attachment":[{"href":"https:\/\/vipgo.atsautomation.com\/iwk-de\/fr\/%20%20\/wp-json\/wp\/v2\/media?parent=3229"}],"curies":[{"name":"wp","href":"https:\/\/api.w.org\/{rel}","templated":true}]}}