{"id":3233,"date":"2021-01-18T12:49:28","date_gmt":"2021-01-18T12:49:28","guid":{"rendered":"https:\/\/iwk.de\/?page_id=3233"},"modified":"2022-01-17T10:26:22","modified_gmt":"2022-01-17T10:26:22","slug":"alimentation-en-etuis-entierement-automatique-cfc-jusqua-450-etuis-min","status":"publish","type":"page","link":"https:\/\/vipgo.atsautomation.com\/iwk-de\/fr\/%20%20\/produits-et-solutions\/machines\/alimentation-en-etuis-entierement-automatique-cfc-jusqua-450-etuis-min\/","title":{"rendered":"Alimentation en \u00e9tuis enti\u00e8rement automatique CFC (jusqu\u2019\u00e0 450 \u00e9tuis\/min)"},"content":{"rendered":"<div class=\"home-main row\"><span><span><a href=\"https:\/\/vipgo.atsautomation.com\/iwk-de\/fr\/%20%20\/\">HOME<\/a><\/span><\/span><\/p>\n<h2>Alimentation en \u00e9tuis enti\u00e8rement automatique CFC<br \/>\n(jusqu\u2019\u00e0 450 \u00e9tuis\/min)<\/h2>\n<div class=\"advantages\">\n<div class=\"col-sm-7 bodytext mt-4\">\n<h3>AVANTAGES<\/h3>\n<div class=\"list-style\">\n<ul>\n<li>Syst\u00e8me d\u2019alimentation en cartons enti\u00e8rement automatique \u00e9quip\u00e9 d\u2019une technologie innovante.<\/li>\n<li>Recommand\u00e9 par l\u2019association professionnelle pour renforcer l\u2019ergonomie.<\/li>\n<li>Utilisation de composants peu \u00e9nergivores.<\/li>\n<li>Un Cobot retire automatiquement les cartons du plateau et les d\u00e9pose dans le magasin \u00e0 cartons.<\/li>\n<li>Commande et configuration de format par l\u2019interm\u00e9diaire de l\u2019IHM IWK: aucune connaissance en robotique n\u2019est requise.<\/li>\n<li>Combin\u00e9 au d\u00e9palettiseur&nbsp;DPC d\u2019IWK, le syst\u00e8me fonctionne de mani\u00e8re totalement autonome sans intervention de l\u2019op\u00e9rateur.<\/li>\n<li>Les plateaux de carton vides sont d\u00e9mont\u00e9s ou recycl\u00e9s dans un bac \u00e0 d\u00e9chets.<\/li>\n<li>Kit de montage normalis\u00e9 pour diff\u00e9rentes options d\u2019alimentation avec diff\u00e9rentes tailles de tampon.<\/li>\n<\/ul>\n<\/div>\n<\/div>\n<div class=\"col-sm-9\">\n<div class=\"slideshow-container\">\n<div class=\"mySlides fade\">\n<img loading=\"lazy\" decoding=\"async\" src=\"https:\/\/iwk.de\/wp-content\/uploads\/sites\/22\/2021\/01\/CFC.jpg\" width=\"500\" height=\"334\" \/>\n<\/div>\n<div class=\"mySlides fade\">\n<img loading=\"lazy\" decoding=\"async\" src=\"https:\/\/iwk.de\/wp-content\/uploads\/sites\/22\/2021\/01\/CFC_3.jpg\" width=\"500\" height=\"334\" \/>\n<\/div>\n<div class=\"mySlides fade\">\n<img loading=\"lazy\" decoding=\"async\" src=\"https:\/\/iwk.de\/wp-content\/uploads\/sites\/22\/2021\/01\/CFC_PackExpo-K4.jpg\" width=\"500\" height=\"334\" \/>\n<\/div>\n<p><a class=\"prev\" onclick=\"plusSlides(-1)\">\u276e<\/a><br \/>\n<a class=\"next\" onclick=\"plusSlides(1)\">\u276f<\/a>\n<\/div>\n<\/div>\n<\/div>\n<\/div>\n<div class=\"home-main row\">\n<a href=\"https:\/\/iwk.de\/fr\/machines\/\" class=\"backLink\"> RETOUR <\/a>\n<\/div>\n","protected":false},"excerpt":{"rendered":"<p>Alimentation en \u00e9tuis enti\u00e8rement automatique CFC (jusqu\u2019\u00e0 450 \u00e9tuis\/min) AVANTAGES Syst\u00e8me d\u2019alimentation en cartons enti\u00e8rement automatique \u00e9quip\u00e9 d\u2019une technologie innovante. Recommand\u00e9 par l\u2019association professionnelle pour renforcer l\u2019ergonomie. Utilisation de composants peu \u00e9nergivores. Un Cobot retire automatiquement les cartons du plateau et les d\u00e9pose dans le magasin \u00e0 cartons. Commande et configuration de format par l\u2019interm\u00e9diaire&#8230;<\/p>\n<div class=\"post-button\"><a href=\"https:\/\/vipgo.atsautomation.com\/iwk-de\/fr\/%20%20\/produits-et-solutions\/machines\/alimentation-en-etuis-entierement-automatique-cfc-jusqua-450-etuis-min\/\">Read More<\/a><\/div>\n","protected":false},"author":63,"featured_media":2313,"parent":2982,"menu_order":0,"comment_status":"closed","ping_status":"closed","template":"page-templates\/machinefour.php","meta":{"inline_featured_image":false,"footnotes":""},"class_list":["post-3233","page","type-page","status-publish","has-post-thumbnail","hentry"],"yoast_head":"<!-- This site is optimized with the Yoast SEO Premium plugin v26.8 (Yoast SEO v26.8) - https:\/\/yoast.com\/product\/yoast-seo-premium-wordpress\/ -->\n<title>Alimentation en \u00e9tuis enti\u00e8rement automatique CFC (jusqu\u2019\u00e0 450 \u00e9tuis\/min) - Innovative And Customized Manufacturing Solutions<\/title>\n<meta name=\"robots\" content=\"index, follow, max-snippet:-1, max-image-preview:large, max-video-preview:-1\" \/>\n<link rel=\"canonical\" href=\"https:\/\/vipgo.atsautomation.com\/iwk-de\/fr\/%20%20\/produits-et-solutions\/machines\/alimentation-en-etuis-entierement-automatique-cfc-jusqua-450-etuis-min\/\" \/>\n<meta property=\"og:locale\" content=\"fr_FR\" \/>\n<meta property=\"og:type\" content=\"article\" \/>\n<meta property=\"og:title\" content=\"Alimentation en \u00e9tuis enti\u00e8rement automatique CFC (jusqu\u2019\u00e0 450 \u00e9tuis\/min)\" \/>\n<meta property=\"og:description\" content=\"Alimentation en \u00e9tuis enti\u00e8rement automatique CFC (jusqu\u2019\u00e0 450 \u00e9tuis\/min) AVANTAGES Syst\u00e8me d\u2019alimentation en cartons enti\u00e8rement automatique \u00e9quip\u00e9 d\u2019une technologie innovante. Recommand\u00e9 par l\u2019association professionnelle pour renforcer l\u2019ergonomie. Utilisation de composants peu \u00e9nergivores. Un Cobot retire automatiquement les cartons du plateau et les d\u00e9pose dans le magasin \u00e0 cartons. Commande et configuration de format par l\u2019interm\u00e9diaire...Read More\" \/>\n<meta property=\"og:url\" content=\"https:\/\/vipgo.atsautomation.com\/iwk-de\/fr\/  \/produits-et-solutions\/machines\/alimentation-en-etuis-entierement-automatique-cfc-jusqua-450-etuis-min\/\" \/>\n<meta property=\"og:site_name\" content=\"Innovative And Customized Manufacturing Solutions\" \/>\n<meta property=\"article:modified_time\" content=\"2022-01-17T10:26:22+00:00\" \/>\n<meta property=\"og:image\" content=\"https:\/\/vipgo.atsautomation.com\/iwk-de\/%20%20\/wp-content\/uploads\/sites\/22\/2021\/01\/KARTONIERER.jpg\" \/>\n\t<meta property=\"og:image:width\" content=\"1896\" \/>\n\t<meta property=\"og:image:height\" content=\"726\" \/>\n\t<meta property=\"og:image:type\" content=\"image\/jpeg\" \/>\n<meta name=\"twitter:card\" content=\"summary_large_image\" \/>\n<meta name=\"twitter:label1\" content=\"Dur\u00e9e de lecture estim\u00e9e\" \/>\n\t<meta name=\"twitter:data1\" content=\"1 minute\" \/>\n<script type=\"application\/ld+json\" class=\"yoast-schema-graph\">{\"@context\":\"https:\/\/schema.org\",\"@graph\":[{\"@type\":\"WebPage\",\"@id\":\"https:\/\/vipgo.atsautomation.com\/iwk-de\/fr\/%20%20\/produits-et-solutions\/machines\/alimentation-en-etuis-entierement-automatique-cfc-jusqua-450-etuis-min\/\",\"url\":\"https:\/\/vipgo.atsautomation.com\/iwk-de\/fr\/%20%20\/produits-et-solutions\/machines\/alimentation-en-etuis-entierement-automatique-cfc-jusqua-450-etuis-min\/\",\"name\":\"Alimentation en \u00e9tuis enti\u00e8rement automatique CFC (jusqu\u2019\u00e0 450 \u00e9tuis\/min) - Innovative And Customized Manufacturing Solutions\",\"isPartOf\":{\"@id\":\"https:\/\/vipgo.atsautomation.com\/iwk-de\/%20%20\/#website\"},\"primaryImageOfPage\":{\"@id\":\"https:\/\/vipgo.atsautomation.com\/iwk-de\/fr\/%20%20\/produits-et-solutions\/machines\/alimentation-en-etuis-entierement-automatique-cfc-jusqua-450-etuis-min\/#primaryimage\"},\"image\":{\"@id\":\"https:\/\/vipgo.atsautomation.com\/iwk-de\/fr\/%20%20\/produits-et-solutions\/machines\/alimentation-en-etuis-entierement-automatique-cfc-jusqua-450-etuis-min\/#primaryimage\"},\"thumbnailUrl\":\"https:\/\/vipgo.atsautomation.com\/iwk-de\/%20%20\/wp-content\/uploads\/sites\/22\/2021\/01\/KARTONIERER.jpg\",\"datePublished\":\"2021-01-18T12:49:28+00:00\",\"dateModified\":\"2022-01-17T10:26:22+00:00\",\"breadcrumb\":{\"@id\":\"https:\/\/vipgo.atsautomation.com\/iwk-de\/fr\/%20%20\/produits-et-solutions\/machines\/alimentation-en-etuis-entierement-automatique-cfc-jusqua-450-etuis-min\/#breadcrumb\"},\"inLanguage\":\"fr-FR\",\"potentialAction\":[{\"@type\":\"ReadAction\",\"target\":[\"https:\/\/vipgo.atsautomation.com\/iwk-de\/fr\/%20%20\/produits-et-solutions\/machines\/alimentation-en-etuis-entierement-automatique-cfc-jusqua-450-etuis-min\/\"]}]},{\"@type\":\"ImageObject\",\"inLanguage\":\"fr-FR\",\"@id\":\"https:\/\/vipgo.atsautomation.com\/iwk-de\/fr\/%20%20\/produits-et-solutions\/machines\/alimentation-en-etuis-entierement-automatique-cfc-jusqua-450-etuis-min\/#primaryimage\",\"url\":\"https:\/\/vipgo.atsautomation.com\/iwk-de\/%20%20\/wp-content\/uploads\/sites\/22\/2021\/01\/KARTONIERER.jpg\",\"contentUrl\":\"https:\/\/vipgo.atsautomation.com\/iwk-de\/%20%20\/wp-content\/uploads\/sites\/22\/2021\/01\/KARTONIERER.jpg\",\"width\":1896,\"height\":726},{\"@type\":\"BreadcrumbList\",\"@id\":\"https:\/\/vipgo.atsautomation.com\/iwk-de\/fr\/%20%20\/produits-et-solutions\/machines\/alimentation-en-etuis-entierement-automatique-cfc-jusqua-450-etuis-min\/#breadcrumb\",\"itemListElement\":[{\"@type\":\"ListItem\",\"position\":1,\"name\":\"HOME\",\"item\":\"https:\/\/vipgo.atsautomation.com\/iwk-de\/fr\/%20%20\/\"},{\"@type\":\"ListItem\",\"position\":2,\"name\":\"PRODUITS ET SOLUTIONS\",\"item\":\"https:\/\/vipgo.atsautomation.com\/iwk-de\/fr\/%20%20\/produits-et-solutions\/\"},{\"@type\":\"ListItem\",\"position\":3,\"name\":\"MACHINES\",\"item\":\"https:\/\/vipgo.atsautomation.com\/iwk-de\/fr\/%20%20\/produits-et-solutions\/machines\/\"},{\"@type\":\"ListItem\",\"position\":4,\"name\":\"Alimentation en \u00e9tuis enti\u00e8rement automatique CFC (jusqu\u2019\u00e0 450 \u00e9tuis\/min)\"}]},{\"@type\":\"WebSite\",\"@id\":\"https:\/\/vipgo.atsautomation.com\/iwk-de\/%20%20\/#website\",\"url\":\"https:\/\/vipgo.atsautomation.com\/iwk-de\/%20%20\/\",\"name\":\"Innovative And Customized Manufacturing Solutions\",\"description\":\"\",\"publisher\":{\"@id\":\"https:\/\/vipgo.atsautomation.com\/iwk-de\/%20%20\/#organization\"},\"potentialAction\":[{\"@type\":\"SearchAction\",\"target\":{\"@type\":\"EntryPoint\",\"urlTemplate\":\"https:\/\/vipgo.atsautomation.com\/iwk-de\/%20%20\/?s={search_term_string}\"},\"query-input\":{\"@type\":\"PropertyValueSpecification\",\"valueRequired\":true,\"valueName\":\"search_term_string\"}}],\"inLanguage\":\"fr-FR\"},{\"@type\":\"Organization\",\"@id\":\"https:\/\/vipgo.atsautomation.com\/iwk-de\/%20%20\/#organization\",\"name\":\"Innovative And Customized Manufacturing Solutions\",\"url\":\"https:\/\/vipgo.atsautomation.com\/iwk-de\/%20%20\/\",\"logo\":{\"@type\":\"ImageObject\",\"inLanguage\":\"fr-FR\",\"@id\":\"https:\/\/vipgo.atsautomation.com\/iwk-de\/%20%20\/#\/schema\/logo\/image\/\",\"url\":\"https:\/\/vipgo.atsautomation.com\/iwk-de\/%20%20\/wp-content\/uploads\/sites\/22\/2023\/02\/LOGO_IWK_4c_Size_2.png\",\"contentUrl\":\"https:\/\/vipgo.atsautomation.com\/iwk-de\/%20%20\/wp-content\/uploads\/sites\/22\/2023\/02\/LOGO_IWK_4c_Size_2.png\",\"width\":238,\"height\":137,\"caption\":\"Innovative And Customized Manufacturing Solutions\"},\"image\":{\"@id\":\"https:\/\/vipgo.atsautomation.com\/iwk-de\/%20%20\/#\/schema\/logo\/image\/\"}}]}<\/script>\n<!-- \/ Yoast SEO Premium plugin. -->","yoast_head_json":{"title":"Alimentation en \u00e9tuis enti\u00e8rement automatique CFC (jusqu\u2019\u00e0 450 \u00e9tuis\/min) - Innovative And Customized Manufacturing Solutions","robots":{"index":"index","follow":"follow","max-snippet":"max-snippet:-1","max-image-preview":"max-image-preview:large","max-video-preview":"max-video-preview:-1"},"canonical":"https:\/\/vipgo.atsautomation.com\/iwk-de\/fr\/  \/produits-et-solutions\/machines\/alimentation-en-etuis-entierement-automatique-cfc-jusqua-450-etuis-min\/","og_locale":"fr_FR","og_type":"article","og_title":"Alimentation en \u00e9tuis enti\u00e8rement automatique CFC (jusqu\u2019\u00e0 450 \u00e9tuis\/min)","og_description":"Alimentation en \u00e9tuis enti\u00e8rement automatique CFC (jusqu\u2019\u00e0 450 \u00e9tuis\/min) AVANTAGES Syst\u00e8me d\u2019alimentation en cartons enti\u00e8rement automatique \u00e9quip\u00e9 d\u2019une technologie innovante. Recommand\u00e9 par l\u2019association professionnelle pour renforcer l\u2019ergonomie. Utilisation de composants peu \u00e9nergivores. Un Cobot retire automatiquement les cartons du plateau et les d\u00e9pose dans le magasin \u00e0 cartons. Commande et configuration de format par l\u2019interm\u00e9diaire...Read More","og_url":"https:\/\/vipgo.atsautomation.com\/iwk-de\/fr\/  \/produits-et-solutions\/machines\/alimentation-en-etuis-entierement-automatique-cfc-jusqua-450-etuis-min\/","og_site_name":"Innovative And Customized Manufacturing Solutions","article_modified_time":"2022-01-17T10:26:22+00:00","og_image":[{"width":1896,"height":726,"url":"https:\/\/vipgo.atsautomation.com\/iwk-de\/%20%20\/wp-content\/uploads\/sites\/22\/2021\/01\/KARTONIERER.jpg","type":"image\/jpeg"}],"twitter_card":"summary_large_image","twitter_misc":{"Dur\u00e9e de lecture estim\u00e9e":"1 minute"},"schema":{"@context":"https:\/\/schema.org","@graph":[{"@type":"WebPage","@id":"https:\/\/vipgo.atsautomation.com\/iwk-de\/fr\/%20%20\/produits-et-solutions\/machines\/alimentation-en-etuis-entierement-automatique-cfc-jusqua-450-etuis-min\/","url":"https:\/\/vipgo.atsautomation.com\/iwk-de\/fr\/%20%20\/produits-et-solutions\/machines\/alimentation-en-etuis-entierement-automatique-cfc-jusqua-450-etuis-min\/","name":"Alimentation en \u00e9tuis enti\u00e8rement automatique CFC (jusqu\u2019\u00e0 450 \u00e9tuis\/min) - Innovative And Customized Manufacturing Solutions","isPartOf":{"@id":"https:\/\/vipgo.atsautomation.com\/iwk-de\/%20%20\/#website"},"primaryImageOfPage":{"@id":"https:\/\/vipgo.atsautomation.com\/iwk-de\/fr\/%20%20\/produits-et-solutions\/machines\/alimentation-en-etuis-entierement-automatique-cfc-jusqua-450-etuis-min\/#primaryimage"},"image":{"@id":"https:\/\/vipgo.atsautomation.com\/iwk-de\/fr\/%20%20\/produits-et-solutions\/machines\/alimentation-en-etuis-entierement-automatique-cfc-jusqua-450-etuis-min\/#primaryimage"},"thumbnailUrl":"https:\/\/vipgo.atsautomation.com\/iwk-de\/%20%20\/wp-content\/uploads\/sites\/22\/2021\/01\/KARTONIERER.jpg","datePublished":"2021-01-18T12:49:28+00:00","dateModified":"2022-01-17T10:26:22+00:00","breadcrumb":{"@id":"https:\/\/vipgo.atsautomation.com\/iwk-de\/fr\/%20%20\/produits-et-solutions\/machines\/alimentation-en-etuis-entierement-automatique-cfc-jusqua-450-etuis-min\/#breadcrumb"},"inLanguage":"fr-FR","potentialAction":[{"@type":"ReadAction","target":["https:\/\/vipgo.atsautomation.com\/iwk-de\/fr\/%20%20\/produits-et-solutions\/machines\/alimentation-en-etuis-entierement-automatique-cfc-jusqua-450-etuis-min\/"]}]},{"@type":"ImageObject","inLanguage":"fr-FR","@id":"https:\/\/vipgo.atsautomation.com\/iwk-de\/fr\/%20%20\/produits-et-solutions\/machines\/alimentation-en-etuis-entierement-automatique-cfc-jusqua-450-etuis-min\/#primaryimage","url":"https:\/\/vipgo.atsautomation.com\/iwk-de\/%20%20\/wp-content\/uploads\/sites\/22\/2021\/01\/KARTONIERER.jpg","contentUrl":"https:\/\/vipgo.atsautomation.com\/iwk-de\/%20%20\/wp-content\/uploads\/sites\/22\/2021\/01\/KARTONIERER.jpg","width":1896,"height":726},{"@type":"BreadcrumbList","@id":"https:\/\/vipgo.atsautomation.com\/iwk-de\/fr\/%20%20\/produits-et-solutions\/machines\/alimentation-en-etuis-entierement-automatique-cfc-jusqua-450-etuis-min\/#breadcrumb","itemListElement":[{"@type":"ListItem","position":1,"name":"HOME","item":"https:\/\/vipgo.atsautomation.com\/iwk-de\/fr\/%20%20\/"},{"@type":"ListItem","position":2,"name":"PRODUITS ET SOLUTIONS","item":"https:\/\/vipgo.atsautomation.com\/iwk-de\/fr\/%20%20\/produits-et-solutions\/"},{"@type":"ListItem","position":3,"name":"MACHINES","item":"https:\/\/vipgo.atsautomation.com\/iwk-de\/fr\/%20%20\/produits-et-solutions\/machines\/"},{"@type":"ListItem","position":4,"name":"Alimentation en \u00e9tuis enti\u00e8rement automatique CFC (jusqu\u2019\u00e0 450 \u00e9tuis\/min)"}]},{"@type":"WebSite","@id":"https:\/\/vipgo.atsautomation.com\/iwk-de\/%20%20\/#website","url":"https:\/\/vipgo.atsautomation.com\/iwk-de\/%20%20\/","name":"Innovative And Customized Manufacturing Solutions","description":"","publisher":{"@id":"https:\/\/vipgo.atsautomation.com\/iwk-de\/%20%20\/#organization"},"potentialAction":[{"@type":"SearchAction","target":{"@type":"EntryPoint","urlTemplate":"https:\/\/vipgo.atsautomation.com\/iwk-de\/%20%20\/?s={search_term_string}"},"query-input":{"@type":"PropertyValueSpecification","valueRequired":true,"valueName":"search_term_string"}}],"inLanguage":"fr-FR"},{"@type":"Organization","@id":"https:\/\/vipgo.atsautomation.com\/iwk-de\/%20%20\/#organization","name":"Innovative And Customized Manufacturing Solutions","url":"https:\/\/vipgo.atsautomation.com\/iwk-de\/%20%20\/","logo":{"@type":"ImageObject","inLanguage":"fr-FR","@id":"https:\/\/vipgo.atsautomation.com\/iwk-de\/%20%20\/#\/schema\/logo\/image\/","url":"https:\/\/vipgo.atsautomation.com\/iwk-de\/%20%20\/wp-content\/uploads\/sites\/22\/2023\/02\/LOGO_IWK_4c_Size_2.png","contentUrl":"https:\/\/vipgo.atsautomation.com\/iwk-de\/%20%20\/wp-content\/uploads\/sites\/22\/2023\/02\/LOGO_IWK_4c_Size_2.png","width":238,"height":137,"caption":"Innovative And Customized Manufacturing Solutions"},"image":{"@id":"https:\/\/vipgo.atsautomation.com\/iwk-de\/%20%20\/#\/schema\/logo\/image\/"}}]}},"jetpack_sharing_enabled":true,"_links":{"self":[{"href":"https:\/\/vipgo.atsautomation.com\/iwk-de\/fr\/%20%20\/wp-json\/wp\/v2\/pages\/3233","targetHints":{"allow":["GET"]}}],"collection":[{"href":"https:\/\/vipgo.atsautomation.com\/iwk-de\/fr\/%20%20\/wp-json\/wp\/v2\/pages"}],"about":[{"href":"https:\/\/vipgo.atsautomation.com\/iwk-de\/fr\/%20%20\/wp-json\/wp\/v2\/types\/page"}],"author":[{"embeddable":true,"href":"https:\/\/vipgo.atsautomation.com\/iwk-de\/fr\/%20%20\/wp-json\/wp\/v2\/users\/63"}],"replies":[{"embeddable":true,"href":"https:\/\/vipgo.atsautomation.com\/iwk-de\/fr\/%20%20\/wp-json\/wp\/v2\/comments?post=3233"}],"version-history":[{"count":9,"href":"https:\/\/vipgo.atsautomation.com\/iwk-de\/fr\/%20%20\/wp-json\/wp\/v2\/pages\/3233\/revisions"}],"predecessor-version":[{"id":8962,"href":"https:\/\/vipgo.atsautomation.com\/iwk-de\/fr\/%20%20\/wp-json\/wp\/v2\/pages\/3233\/revisions\/8962"}],"up":[{"embeddable":true,"href":"https:\/\/vipgo.atsautomation.com\/iwk-de\/fr\/%20%20\/wp-json\/wp\/v2\/pages\/2982"}],"wp:featuredmedia":[{"embeddable":true,"href":"https:\/\/vipgo.atsautomation.com\/iwk-de\/fr\/%20%20\/wp-json\/wp\/v2\/media\/2313"}],"wp:attachment":[{"href":"https:\/\/vipgo.atsautomation.com\/iwk-de\/fr\/%20%20\/wp-json\/wp\/v2\/media?parent=3233"}],"curies":[{"name":"wp","href":"https:\/\/api.w.org\/{rel}","templated":true}]}}