{"id":3236,"date":"2021-01-18T12:52:48","date_gmt":"2021-01-18T12:52:48","guid":{"rendered":"https:\/\/iwk.de\/?page_id=3236"},"modified":"2023-12-06T13:52:16","modified_gmt":"2023-12-06T13:52:16","slug":"universal-transfer-system-uts-jusqua-50-cycles-min","status":"publish","type":"page","link":"https:\/\/vipgo.atsautomation.com\/iwk-de\/fr\/%20%20\/produits-et-solutions\/machines\/universal-transfer-system-uts-jusqua-50-cycles-min\/","title":{"rendered":"Universal Transfer System (UTS) (jusqu\u2019\u00e0 50 cycles\/min)"},"content":{"rendered":"<div class=\"home-main row\"><span><span><a href=\"https:\/\/vipgo.atsautomation.com\/iwk-de\/fr\/%20%20\/\">HOME<\/a><\/span><\/span><\/p>\n<h2>Universal Transfer System (UTS)<br \/>\n(jusqu\u2019\u00e0 50 cycles\/min)<\/h2>\n<p>Cette machine \u00e0 grande vitesse et \u00e0 utilisation flexible rassemble, assortit et positionne des produits divers de fa\u00e7on ultrarapide et pr\u00e9cise dans la cha\u00eene de production de l&rsquo;encartonneuse \u00e0 l\u2019aide d\u2019un syst\u00e8me \u00e0 entra\u00eenement par servomoteur \u00ab Pick &amp; Place \u00bb \u00e0 trois axes.<\/p>\n<p>Elle r\u00e9alise ses t\u00e2ches rapidement et en douceur de fa\u00e7on organis\u00e9e, en atteignant jusqu\u2019\u00e0 50 cycles\/min.<\/p>\n<div class=\"advantages\">\n<div class=\"col-sm-7 bodytext mt-4\">\n<h2>AVANTAGES<\/h2>\n<div class=\"list-style\">\n<ul>\n<li>Possibilit\u00e9s d\u2019adaptation selon les besoins des clients<\/li>\n<li>Solution d\u2019alimentation et de transfert optimale pour toutes sortes de produits<\/li>\n<li>Dispositif de protection transparent en polycarbonate permettant une vue d\u00e9gag\u00e9e sur la zone de travail<\/li>\n<li>Portes frontales \u00e0 ouverture large \u00e9quip\u00e9es de commutateurs de s\u00e9curit\u00e9 permettant un acc\u00e8s facile, p.\u00a0ex. en vue d\u2019\u00e9ventuelles adaptations<\/li>\n<li>Commande par l\u2019encartonneuse<\/li>\n<\/ul>\n<\/div>\n<\/div>\n<div class=\"col-sm-9\">\n<div class=\"slideshow-container\">\n<div class=\"mySlides fade\"><img decoding=\"async\" style=\"width: 100%;\" src=\"https:\/\/iwk.de\/wp-content\/uploads\/sites\/22\/2021\/01\/UTS.jpg\" \/><\/div>\n<div class=\"mySlides fade\"><img decoding=\"async\" style=\"width: 100%;\" src=\"https:\/\/iwk.de\/wp-content\/uploads\/sites\/22\/2021\/01\/UTS_03.jpg\" \/><\/div>\n<p><a class=\"prev\">\u276e<\/a><br \/>\n<a class=\"next\">\u276f<\/a><\/p>\n<\/div>\n<\/div>\n<\/div>\n<h2>APPLICATIONS<\/h2>\n<p><strong>Produits:<\/strong><\/p>\n<div class=\"list-style\">\n<ul>\n<li>Tubes<\/li>\n<li>Blisters<\/li>\n<li>Flacons<\/li>\n<li>Ampoules<\/li>\n<li>Sacs<\/li>\n<li>Sachets<\/li>\n<li>Pochettes<\/li>\n<li>Bouteilles<\/li>\n<li>etc.<\/li>\n<\/ul>\n<\/div>\n<\/div>\n<div class=\"home-main row\"><a class=\"backLink\" href=\"https:\/\/iwk.de\/fr\/produits-et-solutions\/machines\/\"> RETOUR <\/a><\/div>\n","protected":false},"excerpt":{"rendered":"<p>Universal Transfer System (UTS) (jusqu\u2019\u00e0 50 cycles\/min) Cette machine \u00e0 grande vitesse et \u00e0 utilisation flexible rassemble, assortit et positionne des produits divers de fa\u00e7on ultrarapide et pr\u00e9cise dans la cha\u00eene de production de l&rsquo;encartonneuse \u00e0 l\u2019aide d\u2019un syst\u00e8me \u00e0 entra\u00eenement par servomoteur \u00ab Pick &amp; Place \u00bb \u00e0 trois axes. Elle r\u00e9alise ses t\u00e2ches&#8230;<\/p>\n<div class=\"post-button\"><a href=\"https:\/\/vipgo.atsautomation.com\/iwk-de\/fr\/%20%20\/produits-et-solutions\/machines\/universal-transfer-system-uts-jusqua-50-cycles-min\/\">Read More<\/a><\/div>\n","protected":false},"author":63,"featured_media":2311,"parent":2982,"menu_order":0,"comment_status":"closed","ping_status":"closed","template":"page-templates\/machinethree.php","meta":{"inline_featured_image":false,"footnotes":""},"class_list":["post-3236","page","type-page","status-publish","has-post-thumbnail","hentry"],"yoast_head":"<!-- This site is optimized with the Yoast SEO Premium plugin v26.8 (Yoast SEO v26.8) - https:\/\/yoast.com\/product\/yoast-seo-premium-wordpress\/ -->\n<title>Universal Transfer System (UTS) (jusqu\u2019\u00e0 50 cycles\/min) - Innovative And Customized Manufacturing Solutions<\/title>\n<meta name=\"robots\" content=\"index, follow, max-snippet:-1, max-image-preview:large, max-video-preview:-1\" \/>\n<link rel=\"canonical\" href=\"https:\/\/vipgo.atsautomation.com\/iwk-de\/fr\/%20%20\/produits-et-solutions\/machines\/universal-transfer-system-uts-jusqua-50-cycles-min\/\" \/>\n<meta property=\"og:locale\" content=\"fr_FR\" \/>\n<meta property=\"og:type\" content=\"article\" \/>\n<meta property=\"og:title\" content=\"Universal Transfer System (UTS) (jusqu\u2019\u00e0 50 cycles\/min)\" \/>\n<meta property=\"og:description\" content=\"Universal Transfer System (UTS) (jusqu\u2019\u00e0 50 cycles\/min) Cette machine \u00e0 grande vitesse et \u00e0 utilisation flexible rassemble, assortit et positionne des produits divers de fa\u00e7on ultrarapide et pr\u00e9cise dans la cha\u00eene de production de l&rsquo;encartonneuse \u00e0 l\u2019aide d\u2019un syst\u00e8me \u00e0 entra\u00eenement par servomoteur \u00ab Pick &amp; Place \u00bb \u00e0 trois axes. Elle r\u00e9alise ses t\u00e2ches...Read More\" \/>\n<meta property=\"og:url\" content=\"https:\/\/vipgo.atsautomation.com\/iwk-de\/fr\/  \/produits-et-solutions\/machines\/universal-transfer-system-uts-jusqua-50-cycles-min\/\" \/>\n<meta property=\"og:site_name\" content=\"Innovative And Customized Manufacturing Solutions\" \/>\n<meta property=\"article:modified_time\" content=\"2023-12-06T13:52:16+00:00\" \/>\n<meta property=\"og:image\" content=\"https:\/\/vipgo.atsautomation.com\/iwk-de\/%20%20\/wp-content\/uploads\/sites\/22\/2021\/01\/UBERGABE.jpg\" \/>\n\t<meta property=\"og:image:width\" content=\"1891\" \/>\n\t<meta property=\"og:image:height\" content=\"727\" \/>\n\t<meta property=\"og:image:type\" content=\"image\/jpeg\" \/>\n<meta name=\"twitter:card\" content=\"summary_large_image\" \/>\n<meta name=\"twitter:label1\" content=\"Dur\u00e9e de lecture estim\u00e9e\" \/>\n\t<meta name=\"twitter:data1\" content=\"2 minutes\" \/>\n<script type=\"application\/ld+json\" class=\"yoast-schema-graph\">{\"@context\":\"https:\/\/schema.org\",\"@graph\":[{\"@type\":\"WebPage\",\"@id\":\"https:\/\/vipgo.atsautomation.com\/iwk-de\/fr\/%20%20\/produits-et-solutions\/machines\/universal-transfer-system-uts-jusqua-50-cycles-min\/\",\"url\":\"https:\/\/vipgo.atsautomation.com\/iwk-de\/fr\/%20%20\/produits-et-solutions\/machines\/universal-transfer-system-uts-jusqua-50-cycles-min\/\",\"name\":\"Universal Transfer System (UTS) (jusqu\u2019\u00e0 50 cycles\/min) - Innovative And Customized Manufacturing Solutions\",\"isPartOf\":{\"@id\":\"https:\/\/vipgo.atsautomation.com\/iwk-de\/%20%20\/#website\"},\"primaryImageOfPage\":{\"@id\":\"https:\/\/vipgo.atsautomation.com\/iwk-de\/fr\/%20%20\/produits-et-solutions\/machines\/universal-transfer-system-uts-jusqua-50-cycles-min\/#primaryimage\"},\"image\":{\"@id\":\"https:\/\/vipgo.atsautomation.com\/iwk-de\/fr\/%20%20\/produits-et-solutions\/machines\/universal-transfer-system-uts-jusqua-50-cycles-min\/#primaryimage\"},\"thumbnailUrl\":\"https:\/\/vipgo.atsautomation.com\/iwk-de\/%20%20\/wp-content\/uploads\/sites\/22\/2021\/01\/UBERGABE.jpg\",\"datePublished\":\"2021-01-18T12:52:48+00:00\",\"dateModified\":\"2023-12-06T13:52:16+00:00\",\"breadcrumb\":{\"@id\":\"https:\/\/vipgo.atsautomation.com\/iwk-de\/fr\/%20%20\/produits-et-solutions\/machines\/universal-transfer-system-uts-jusqua-50-cycles-min\/#breadcrumb\"},\"inLanguage\":\"fr-FR\",\"potentialAction\":[{\"@type\":\"ReadAction\",\"target\":[\"https:\/\/vipgo.atsautomation.com\/iwk-de\/fr\/%20%20\/produits-et-solutions\/machines\/universal-transfer-system-uts-jusqua-50-cycles-min\/\"]}]},{\"@type\":\"ImageObject\",\"inLanguage\":\"fr-FR\",\"@id\":\"https:\/\/vipgo.atsautomation.com\/iwk-de\/fr\/%20%20\/produits-et-solutions\/machines\/universal-transfer-system-uts-jusqua-50-cycles-min\/#primaryimage\",\"url\":\"https:\/\/vipgo.atsautomation.com\/iwk-de\/%20%20\/wp-content\/uploads\/sites\/22\/2021\/01\/UBERGABE.jpg\",\"contentUrl\":\"https:\/\/vipgo.atsautomation.com\/iwk-de\/%20%20\/wp-content\/uploads\/sites\/22\/2021\/01\/UBERGABE.jpg\",\"width\":1891,\"height\":727},{\"@type\":\"BreadcrumbList\",\"@id\":\"https:\/\/vipgo.atsautomation.com\/iwk-de\/fr\/%20%20\/produits-et-solutions\/machines\/universal-transfer-system-uts-jusqua-50-cycles-min\/#breadcrumb\",\"itemListElement\":[{\"@type\":\"ListItem\",\"position\":1,\"name\":\"HOME\",\"item\":\"https:\/\/vipgo.atsautomation.com\/iwk-de\/fr\/%20%20\/\"},{\"@type\":\"ListItem\",\"position\":2,\"name\":\"PRODUITS ET SOLUTIONS\",\"item\":\"https:\/\/vipgo.atsautomation.com\/iwk-de\/fr\/%20%20\/produits-et-solutions\/\"},{\"@type\":\"ListItem\",\"position\":3,\"name\":\"MACHINES\",\"item\":\"https:\/\/vipgo.atsautomation.com\/iwk-de\/fr\/%20%20\/produits-et-solutions\/machines\/\"},{\"@type\":\"ListItem\",\"position\":4,\"name\":\"Universal Transfer System (UTS) (jusqu\u2019\u00e0 50 cycles\/min)\"}]},{\"@type\":\"WebSite\",\"@id\":\"https:\/\/vipgo.atsautomation.com\/iwk-de\/%20%20\/#website\",\"url\":\"https:\/\/vipgo.atsautomation.com\/iwk-de\/%20%20\/\",\"name\":\"Innovative And Customized Manufacturing Solutions\",\"description\":\"\",\"publisher\":{\"@id\":\"https:\/\/vipgo.atsautomation.com\/iwk-de\/%20%20\/#organization\"},\"potentialAction\":[{\"@type\":\"SearchAction\",\"target\":{\"@type\":\"EntryPoint\",\"urlTemplate\":\"https:\/\/vipgo.atsautomation.com\/iwk-de\/%20%20\/?s={search_term_string}\"},\"query-input\":{\"@type\":\"PropertyValueSpecification\",\"valueRequired\":true,\"valueName\":\"search_term_string\"}}],\"inLanguage\":\"fr-FR\"},{\"@type\":\"Organization\",\"@id\":\"https:\/\/vipgo.atsautomation.com\/iwk-de\/%20%20\/#organization\",\"name\":\"Innovative And Customized Manufacturing Solutions\",\"url\":\"https:\/\/vipgo.atsautomation.com\/iwk-de\/%20%20\/\",\"logo\":{\"@type\":\"ImageObject\",\"inLanguage\":\"fr-FR\",\"@id\":\"https:\/\/vipgo.atsautomation.com\/iwk-de\/%20%20\/#\/schema\/logo\/image\/\",\"url\":\"https:\/\/vipgo.atsautomation.com\/iwk-de\/%20%20\/wp-content\/uploads\/sites\/22\/2023\/02\/LOGO_IWK_4c_Size_2.png\",\"contentUrl\":\"https:\/\/vipgo.atsautomation.com\/iwk-de\/%20%20\/wp-content\/uploads\/sites\/22\/2023\/02\/LOGO_IWK_4c_Size_2.png\",\"width\":238,\"height\":137,\"caption\":\"Innovative And Customized Manufacturing Solutions\"},\"image\":{\"@id\":\"https:\/\/vipgo.atsautomation.com\/iwk-de\/%20%20\/#\/schema\/logo\/image\/\"}}]}<\/script>\n<!-- \/ Yoast SEO Premium plugin. -->","yoast_head_json":{"title":"Universal Transfer System (UTS) (jusqu\u2019\u00e0 50 cycles\/min) - Innovative And Customized Manufacturing Solutions","robots":{"index":"index","follow":"follow","max-snippet":"max-snippet:-1","max-image-preview":"max-image-preview:large","max-video-preview":"max-video-preview:-1"},"canonical":"https:\/\/vipgo.atsautomation.com\/iwk-de\/fr\/  \/produits-et-solutions\/machines\/universal-transfer-system-uts-jusqua-50-cycles-min\/","og_locale":"fr_FR","og_type":"article","og_title":"Universal Transfer System (UTS) (jusqu\u2019\u00e0 50 cycles\/min)","og_description":"Universal Transfer System (UTS) (jusqu\u2019\u00e0 50 cycles\/min) Cette machine \u00e0 grande vitesse et \u00e0 utilisation flexible rassemble, assortit et positionne des produits divers de fa\u00e7on ultrarapide et pr\u00e9cise dans la cha\u00eene de production de l&rsquo;encartonneuse \u00e0 l\u2019aide d\u2019un syst\u00e8me \u00e0 entra\u00eenement par servomoteur \u00ab Pick &amp; Place \u00bb \u00e0 trois axes. Elle r\u00e9alise ses t\u00e2ches...Read More","og_url":"https:\/\/vipgo.atsautomation.com\/iwk-de\/fr\/  \/produits-et-solutions\/machines\/universal-transfer-system-uts-jusqua-50-cycles-min\/","og_site_name":"Innovative And Customized Manufacturing Solutions","article_modified_time":"2023-12-06T13:52:16+00:00","og_image":[{"width":1891,"height":727,"url":"https:\/\/vipgo.atsautomation.com\/iwk-de\/%20%20\/wp-content\/uploads\/sites\/22\/2021\/01\/UBERGABE.jpg","type":"image\/jpeg"}],"twitter_card":"summary_large_image","twitter_misc":{"Dur\u00e9e de lecture estim\u00e9e":"2 minutes"},"schema":{"@context":"https:\/\/schema.org","@graph":[{"@type":"WebPage","@id":"https:\/\/vipgo.atsautomation.com\/iwk-de\/fr\/%20%20\/produits-et-solutions\/machines\/universal-transfer-system-uts-jusqua-50-cycles-min\/","url":"https:\/\/vipgo.atsautomation.com\/iwk-de\/fr\/%20%20\/produits-et-solutions\/machines\/universal-transfer-system-uts-jusqua-50-cycles-min\/","name":"Universal Transfer System (UTS) (jusqu\u2019\u00e0 50 cycles\/min) - Innovative And Customized Manufacturing Solutions","isPartOf":{"@id":"https:\/\/vipgo.atsautomation.com\/iwk-de\/%20%20\/#website"},"primaryImageOfPage":{"@id":"https:\/\/vipgo.atsautomation.com\/iwk-de\/fr\/%20%20\/produits-et-solutions\/machines\/universal-transfer-system-uts-jusqua-50-cycles-min\/#primaryimage"},"image":{"@id":"https:\/\/vipgo.atsautomation.com\/iwk-de\/fr\/%20%20\/produits-et-solutions\/machines\/universal-transfer-system-uts-jusqua-50-cycles-min\/#primaryimage"},"thumbnailUrl":"https:\/\/vipgo.atsautomation.com\/iwk-de\/%20%20\/wp-content\/uploads\/sites\/22\/2021\/01\/UBERGABE.jpg","datePublished":"2021-01-18T12:52:48+00:00","dateModified":"2023-12-06T13:52:16+00:00","breadcrumb":{"@id":"https:\/\/vipgo.atsautomation.com\/iwk-de\/fr\/%20%20\/produits-et-solutions\/machines\/universal-transfer-system-uts-jusqua-50-cycles-min\/#breadcrumb"},"inLanguage":"fr-FR","potentialAction":[{"@type":"ReadAction","target":["https:\/\/vipgo.atsautomation.com\/iwk-de\/fr\/%20%20\/produits-et-solutions\/machines\/universal-transfer-system-uts-jusqua-50-cycles-min\/"]}]},{"@type":"ImageObject","inLanguage":"fr-FR","@id":"https:\/\/vipgo.atsautomation.com\/iwk-de\/fr\/%20%20\/produits-et-solutions\/machines\/universal-transfer-system-uts-jusqua-50-cycles-min\/#primaryimage","url":"https:\/\/vipgo.atsautomation.com\/iwk-de\/%20%20\/wp-content\/uploads\/sites\/22\/2021\/01\/UBERGABE.jpg","contentUrl":"https:\/\/vipgo.atsautomation.com\/iwk-de\/%20%20\/wp-content\/uploads\/sites\/22\/2021\/01\/UBERGABE.jpg","width":1891,"height":727},{"@type":"BreadcrumbList","@id":"https:\/\/vipgo.atsautomation.com\/iwk-de\/fr\/%20%20\/produits-et-solutions\/machines\/universal-transfer-system-uts-jusqua-50-cycles-min\/#breadcrumb","itemListElement":[{"@type":"ListItem","position":1,"name":"HOME","item":"https:\/\/vipgo.atsautomation.com\/iwk-de\/fr\/%20%20\/"},{"@type":"ListItem","position":2,"name":"PRODUITS ET SOLUTIONS","item":"https:\/\/vipgo.atsautomation.com\/iwk-de\/fr\/%20%20\/produits-et-solutions\/"},{"@type":"ListItem","position":3,"name":"MACHINES","item":"https:\/\/vipgo.atsautomation.com\/iwk-de\/fr\/%20%20\/produits-et-solutions\/machines\/"},{"@type":"ListItem","position":4,"name":"Universal Transfer System (UTS) (jusqu\u2019\u00e0 50 cycles\/min)"}]},{"@type":"WebSite","@id":"https:\/\/vipgo.atsautomation.com\/iwk-de\/%20%20\/#website","url":"https:\/\/vipgo.atsautomation.com\/iwk-de\/%20%20\/","name":"Innovative And Customized Manufacturing Solutions","description":"","publisher":{"@id":"https:\/\/vipgo.atsautomation.com\/iwk-de\/%20%20\/#organization"},"potentialAction":[{"@type":"SearchAction","target":{"@type":"EntryPoint","urlTemplate":"https:\/\/vipgo.atsautomation.com\/iwk-de\/%20%20\/?s={search_term_string}"},"query-input":{"@type":"PropertyValueSpecification","valueRequired":true,"valueName":"search_term_string"}}],"inLanguage":"fr-FR"},{"@type":"Organization","@id":"https:\/\/vipgo.atsautomation.com\/iwk-de\/%20%20\/#organization","name":"Innovative And Customized Manufacturing Solutions","url":"https:\/\/vipgo.atsautomation.com\/iwk-de\/%20%20\/","logo":{"@type":"ImageObject","inLanguage":"fr-FR","@id":"https:\/\/vipgo.atsautomation.com\/iwk-de\/%20%20\/#\/schema\/logo\/image\/","url":"https:\/\/vipgo.atsautomation.com\/iwk-de\/%20%20\/wp-content\/uploads\/sites\/22\/2023\/02\/LOGO_IWK_4c_Size_2.png","contentUrl":"https:\/\/vipgo.atsautomation.com\/iwk-de\/%20%20\/wp-content\/uploads\/sites\/22\/2023\/02\/LOGO_IWK_4c_Size_2.png","width":238,"height":137,"caption":"Innovative And Customized Manufacturing Solutions"},"image":{"@id":"https:\/\/vipgo.atsautomation.com\/iwk-de\/%20%20\/#\/schema\/logo\/image\/"}}]}},"jetpack_sharing_enabled":true,"_links":{"self":[{"href":"https:\/\/vipgo.atsautomation.com\/iwk-de\/fr\/%20%20\/wp-json\/wp\/v2\/pages\/3236","targetHints":{"allow":["GET"]}}],"collection":[{"href":"https:\/\/vipgo.atsautomation.com\/iwk-de\/fr\/%20%20\/wp-json\/wp\/v2\/pages"}],"about":[{"href":"https:\/\/vipgo.atsautomation.com\/iwk-de\/fr\/%20%20\/wp-json\/wp\/v2\/types\/page"}],"author":[{"embeddable":true,"href":"https:\/\/vipgo.atsautomation.com\/iwk-de\/fr\/%20%20\/wp-json\/wp\/v2\/users\/63"}],"replies":[{"embeddable":true,"href":"https:\/\/vipgo.atsautomation.com\/iwk-de\/fr\/%20%20\/wp-json\/wp\/v2\/comments?post=3236"}],"version-history":[{"count":5,"href":"https:\/\/vipgo.atsautomation.com\/iwk-de\/fr\/%20%20\/wp-json\/wp\/v2\/pages\/3236\/revisions"}],"predecessor-version":[{"id":11151,"href":"https:\/\/vipgo.atsautomation.com\/iwk-de\/fr\/%20%20\/wp-json\/wp\/v2\/pages\/3236\/revisions\/11151"}],"up":[{"embeddable":true,"href":"https:\/\/vipgo.atsautomation.com\/iwk-de\/fr\/%20%20\/wp-json\/wp\/v2\/pages\/2982"}],"wp:featuredmedia":[{"embeddable":true,"href":"https:\/\/vipgo.atsautomation.com\/iwk-de\/fr\/%20%20\/wp-json\/wp\/v2\/media\/2311"}],"wp:attachment":[{"href":"https:\/\/vipgo.atsautomation.com\/iwk-de\/fr\/%20%20\/wp-json\/wp\/v2\/media?parent=3236"}],"curies":[{"name":"wp","href":"https:\/\/api.w.org\/{rel}","templated":true}]}}