{"id":3252,"date":"2020-12-15T19:44:25","date_gmt":"2020-12-15T19:44:25","guid":{"rendered":"https:\/\/iwk.de\/?page_id=3252"},"modified":"2023-03-14T07:55:32","modified_gmt":"2023-03-14T07:55:32","slug":"home-fr","status":"publish","type":"page","link":"https:\/\/vipgo.atsautomation.com\/iwk-de\/fr\/%20%20\/","title":{"rendered":"Home-fr"},"content":{"rendered":"\n\t\t\t<!-- START IWK HOME FR REVOLUTION SLIDER 6.4.4 --><p class=\"rs-p-wp-fix\"><\/p>\n\t\t\t<rs-module-wrap id=\"rev_slider_9_1_wrapper\" data-source=\"gallery\" style=\"background:transparent;padding:0;margin:0px auto;margin-top:0;margin-bottom:0;\">\n\t\t\t\t<rs-module id=\"rev_slider_9_1\" style=\"\" data-version=\"6.4.4\">\n\t\t\t\t\t<rs-slides>\n\t\t\t\t\t\t<rs-slide data-key=\"rs-42\" data-title=\"Slide\" data-thumb=\"\/\/iwk.de\/wp-content\/uploads\/sites\/22\/2021\/01\/slider.jpg\" data-in=\"o:0;\" data-out=\"a:false;\">\n\t\t\t\t\t\t\t<img loading=\"lazy\" decoding=\"async\" src=\"\/\/iwk.de\/wp-content\/uploads\/sites\/22\/2021\/01\/slider.jpg\" title=\"slider\" width=\"1893\" height=\"732\" class=\"rev-slidebg tp-rs-img\" data-no-retina>\n\t\t\t\t\t\t\t<rs-bgvideo \n\t\t\t\t\t\t\t\tdata-video=\"w:100%;h:100%;nse:false;l:true;ptimer:false;vfc:true;\"\n\t\t\t\t\t\t\t><\/rs-bgvideo>\n<!--\n\t\t\t\t\t\t\t--><rs-layer\n\t\t\t\t\t\t\t\tid=\"slider-9-slide-42-layer-0\" \n\t\t\t\t\t\t\t\tdata-type=\"text\"\n\t\t\t\t\t\t\t\tdata-color=\"#ffffff\"\n\t\t\t\t\t\t\t\tdata-rsp_ch=\"on\"\n\t\t\t\t\t\t\t\tdata-xy=\"x:18px;y:129px;\"\n\t\t\t\t\t\t\t\tdata-text=\"w:normal;s:60;l:72;\"\n\t\t\t\t\t\t\t\tdata-frame_999=\"o:0;st:w;\"\n\t\t\t\t\t\t\t\tstyle=\"z-index:5;font-family:Roboto;\"\n\t\t\t\t\t\t\t><b>PLUS DE 10 000 <br \/>\nINSTALLATIONS<br \/>\nBIEN PLUS QU\u2019UNE<br \/>\nPROMESSE<\/b><br \/>\n<br \/>\n<br \/>\n<br \/>\n \n\t\t\t\t\t\t\t<\/rs-layer><!--\n-->\t\t\t\t\t\t<\/rs-slide>\n\t\t\t\t\t\t<rs-slide data-key=\"rs-43\" data-title=\"Toploader\" data-thumb=\"\/\/iwk.de\/wp-content\/uploads\/sites\/22\/2021\/11\/IMG-HEADER_Toploader-1.jpg\" data-link=\"\/\/iwk.de\/fr\/produits-et-solutions\/machines\/topload-encartonneuse-iwk-tl\/\" data-target=\"_self\" data-seoz=\"front\" data-in=\"o:0;\" data-out=\"a:false;\">\n\t\t\t\t\t\t\t<img loading=\"lazy\" decoding=\"async\" src=\"\/\/iwk.de\/wp-content\/uploads\/sites\/22\/2021\/11\/IMG-HEADER_Toploader-1.jpg\" title=\"IMG-HEADER_Toploader\" width=\"3800\" height=\"1600\" class=\"rev-slidebg tp-rs-img\" data-bg=\"p:center top;\" data-no-retina>\n<!---->\t\t\t\t\t\t<\/rs-slide>\n\t\t\t\t\t\t<rs-slide data-key=\"rs-44\" data-title=\"IWK FP 8\" data-thumb=\"\/\/iwk.de\/wp-content\/uploads\/sites\/22\/2021\/01\/IMG-HEADER_Start_Slider_IWK_FP8_Tuben.jpg\" data-in=\"o:0;\" data-out=\"a:false;\">\n\t\t\t\t\t\t\t<img loading=\"lazy\" decoding=\"async\" src=\"\/\/iwk.de\/wp-content\/uploads\/sites\/22\/2021\/01\/IMG-HEADER_Start_Slider_IWK_FP8_Tuben.jpg\" title=\"IMG-HEADER_Start_Slider_IWK_FP8_Tuben\" width=\"1880\" height=\"720\" class=\"rev-slidebg tp-rs-img\" data-bg=\"p:center top;\" data-no-retina>\n<!--\n\t\t\t\t\t\t\t--><rs-layer\n\t\t\t\t\t\t\t\tid=\"slider-9-slide-44-layer-1\" \n\t\t\t\t\t\t\t\tdata-type=\"text\"\n\t\t\t\t\t\t\t\tdata-color=\"#ffffff\"\n\t\t\t\t\t\t\t\tdata-rsp_ch=\"on\"\n\t\t\t\t\t\t\t\tdata-xy=\"x:18px;y:128px;\"\n\t\t\t\t\t\t\t\tdata-text=\"w:normal;s:60;l:72;\"\n\t\t\t\t\t\t\t\tdata-frame_999=\"o:0;st:w;\"\n\t\t\t\t\t\t\t\tstyle=\"z-index:6;font-family:Roboto;\"\n\t\t\t\t\t\t\t><b>READY FOR<br \/>\nYOUR FUTURE! <\/br><br \/>\n<br \/>\n<br \/>\n \n\t\t\t\t\t\t\t<\/rs-layer><!--\n\n\t\t\t\t\t\t\t--><a\n\t\t\t\t\t\t\t\tid=\"slider-9-slide-44-layer-2\" \n\t\t\t\t\t\t\t\tclass=\"rs-layer rev-btn\"\n\t\t\t\t\t\t\t\thref=\"https:\/\/iwk-fp8.com\/\" target=\"_blank\" rel=\"nofollow noopener\"\n\t\t\t\t\t\t\t\tdata-type=\"button\"\n\t\t\t\t\t\t\t\tdata-color=\"#ffffff\"\n\t\t\t\t\t\t\t\tdata-bsh=\"c:rgba(0,0,0,0.25);v:10px;b:10px;\"\n\t\t\t\t\t\t\t\tdata-rsp_ch=\"on\"\n\t\t\t\t\t\t\t\tdata-xy=\"x:686px;y:398px;\"\n\t\t\t\t\t\t\t\tdata-text=\"w:normal;s:25;l:59;\"\n\t\t\t\t\t\t\t\tdata-dim=\"minh:0;\"\n\t\t\t\t\t\t\t\tdata-padding=\"r:37;l:37;\"\n\t\t\t\t\t\t\t\tdata-border=\"bos:solid;boc:rgba(255,255,255,0.35);bow:3px,3px,3px,3px;bor:25px,25px,25px,25px;\"\n\t\t\t\t\t\t\t\tdata-frame_999=\"o:0;st:w;\"\n\t\t\t\t\t\t\t\tdata-frame_hover=\"bgc:rgba(0,0,0,0);boc:rgba(255,255,255,0.75);bor:25px,25px,25px,25px;bos:solid;bow:3px,3px,3px,3px;e:power1.inOut;\"\n\t\t\t\t\t\t\t\tstyle=\"z-index:9;background-color:rgba(0,0,0,0);font-family:Titillium Web;\"\n\t\t\t\t\t\t\t>Configurez maintenant ! \n\t\t\t\t\t\t\t<\/a><!--\n-->\t\t\t\t\t\t<\/rs-slide>\n\t\t\t\t\t<\/rs-slides>\n\t\t\t\t<\/rs-module>\n\t\t\t\t<script type=\"text\/javascript\">\n\t\t\t\t\tsetREVStartSize({c: 'rev_slider_9_1',rl:[1240,1024,778,480],el:[750],gw:[1240],gh:[750],type:'standard',justify:'',layout:'fullwidth',mh:\"0\"});\n\t\t\t\t\tvar\trevapi9,\n\t\t\t\t\t\ttpj;\n\t\t\t\t\tfunction revinit_revslider91() {\n\t\t\t\t\tjQuery(function() {\n\t\t\t\t\t\ttpj = jQuery;\n\t\t\t\t\t\trevapi9 = tpj(\"#rev_slider_9_1\");\n\t\t\t\t\t\tif(revapi9==undefined || revapi9.revolution == undefined){\n\t\t\t\t\t\t\trevslider_showDoubleJqueryError(\"rev_slider_9_1\");\n\t\t\t\t\t\t}else{\n\t\t\t\t\t\t\trevapi9.revolution({\n\t\t\t\t\t\t\t\tduration:\"4000ms\",\n\t\t\t\t\t\t\t\tvisibilityLevels:\"1240,1024,778,480\",\n\t\t\t\t\t\t\t\tgridwidth:1240,\n\t\t\t\t\t\t\t\tgridheight:750,\n\t\t\t\t\t\t\t\tspinner:\"spinner3\",\n\t\t\t\t\t\t\t\tperspective:600,\n\t\t\t\t\t\t\t\tperspectiveType:\"global\",\n\t\t\t\t\t\t\t\teditorheight:\"750,768,960,720\",\n\t\t\t\t\t\t\t\tresponsiveLevels:\"1240,1024,778,480\",\n\t\t\t\t\t\t\t\tprogressBar:{disableProgressBar:true},\n\t\t\t\t\t\t\t\tnavigation: {\n\t\t\t\t\t\t\t\t\twheelCallDelay:1000,\n\t\t\t\t\t\t\t\t\tonHoverStop:false,\n\t\t\t\t\t\t\t\t\tarrows: {\n\t\t\t\t\t\t\t\t\t\tenable:true,\n\t\t\t\t\t\t\t\t\t\tstyle:\"hesperiden\",\n\t\t\t\t\t\t\t\t\t\thide_onmobile:true,\n\t\t\t\t\t\t\t\t\t\thide_under:778,\n\t\t\t\t\t\t\t\t\t\tleft: {\n\t\t\t\t\t\t\t\t\t\t\th_offset:30\n\t\t\t\t\t\t\t\t\t\t},\n\t\t\t\t\t\t\t\t\t\tright: {\n\t\t\t\t\t\t\t\t\t\t\th_offset:30\n\t\t\t\t\t\t\t\t\t\t}\n\t\t\t\t\t\t\t\t\t}\n\t\t\t\t\t\t\t\t},\n\t\t\t\t\t\t\t\tfallbacks: {\n\t\t\t\t\t\t\t\t\tallowHTML5AutoPlayOnAndroid:true\n\t\t\t\t\t\t\t\t},\n\t\t\t\t\t\t\t});\n\t\t\t\t\t\t}\n\t\t\t\t\t\t\n\t\t\t\t\t});\n\t\t\t\t\t} \/\/ End of RevInitScript\n\t\t\t\tvar once_revslider91 = false;\n\t\t\t\tif (document.readyState === \"loading\") {document.addEventListener('readystatechange',function() { if((document.readyState === \"interactive\" || document.readyState === \"complete\") && !once_revslider91 ) { once_revslider91 = true; revinit_revslider91();}});} else {once_revslider91 = true; revinit_revslider91();}\n\t\t\t\t<\/script>\n\t\t\t\t<script>\n\t\t\t\t\tvar htmlDivCss = unescape(\"%23rev_slider_9_1_wrapper%20rs-loader.spinner3%20div%20%7B%20background-color%3A%20%23ffffff%20%21important%3B%20%7D\");\n\t\t\t\t\tvar htmlDiv = document.getElementById('rs-plugin-settings-inline-css');\n\t\t\t\t\tif(htmlDiv) {\n\t\t\t\t\t\thtmlDiv.innerHTML = htmlDiv.innerHTML + htmlDivCss;\n\t\t\t\t\t}else{\n\t\t\t\t\t\tvar htmlDiv = document.createElement('div');\n\t\t\t\t\t\thtmlDiv.innerHTML = '<style>' + htmlDivCss + '<\/style>';\n\t\t\t\t\t\tdocument.getElementsByTagName('head')[0].appendChild(htmlDiv.childNodes[0]);\n\t\t\t\t\t}\n\t\t\t\t<\/script>\n\t\t\t\t<script>\n\t\t\t\t\tvar htmlDivCss = unescape(\"%23rev_slider_9_1_wrapper%20.hesperiden.tparrows%20%7B%0A%09cursor%3Apointer%3B%0A%09background%3Argba%280%2C0%2C0%2C0.5%29%3B%0A%09width%3A40px%3B%0A%09height%3A40px%3B%0A%09position%3Aabsolute%3B%0A%09display%3Ablock%3B%0A%09z-index%3A1000%3B%0A%20%20%20%20border-radius%3A%2050%25%3B%0A%7D%0A%23rev_slider_9_1_wrapper%20.hesperiden.tparrows%3Ahover%20%7B%0A%09background%3A%23000000%3B%0A%7D%0A%23rev_slider_9_1_wrapper%20.hesperiden.tparrows%3Abefore%20%7B%0A%09font-family%3A%20%27revicons%27%3B%0A%09font-size%3A20px%3B%0A%09color%3A%23ffffff%3B%0A%09display%3Ablock%3B%0A%09line-height%3A%2040px%3B%0A%09text-align%3A%20center%3B%0A%7D%0A%23rev_slider_9_1_wrapper%20.hesperiden.tparrows.tp-leftarrow%3Abefore%20%7B%0A%09content%3A%20%27%5Ce82c%27%3B%0A%20%20%20%20margin-left%3A-3px%3B%0A%7D%0A%23rev_slider_9_1_wrapper%20.hesperiden.tparrows.tp-rightarrow%3Abefore%20%7B%0A%09content%3A%20%27%5Ce82d%27%3B%0A%20%20%20%20margin-right%3A-3px%3B%0A%7D%0A\");\n\t\t\t\t\tvar htmlDiv = document.getElementById('rs-plugin-settings-inline-css');\n\t\t\t\t\tif(htmlDiv) {\n\t\t\t\t\t\thtmlDiv.innerHTML = htmlDiv.innerHTML + htmlDivCss;\n\t\t\t\t\t}else{\n\t\t\t\t\t\tvar htmlDiv = document.createElement('div');\n\t\t\t\t\t\thtmlDiv.innerHTML = '<style>' + htmlDivCss + '<\/style>';\n\t\t\t\t\t\tdocument.getElementsByTagName('head')[0].appendChild(htmlDiv.childNodes[0]);\n\t\t\t\t\t}\n\t\t\t\t<\/script>\n\t\t\t\t<script>\n\t\t\t\t\tvar htmlDivCss = unescape(\"%0A%0A%0A\");\n\t\t\t\t\tvar htmlDiv = document.getElementById('rs-plugin-settings-inline-css');\n\t\t\t\t\tif(htmlDiv) {\n\t\t\t\t\t\thtmlDiv.innerHTML = htmlDiv.innerHTML + htmlDivCss;\n\t\t\t\t\t}else{\n\t\t\t\t\t\tvar htmlDiv = document.createElement('div');\n\t\t\t\t\t\thtmlDiv.innerHTML = '<style>' + htmlDivCss + '<\/style>';\n\t\t\t\t\t\tdocument.getElementsByTagName('head')[0].appendChild(htmlDiv.childNodes[0]);\n\t\t\t\t\t}\n\t\t\t\t<\/script>\n\t\t\t<\/rs-module-wrap>\n\t\t\t<!-- END REVOLUTION SLIDER -->\n\n<div class=\"obliqueLine\"><\/div>\n<div class=\"home-main row\" style=\"margin-top: -105px;\">\n<img decoding=\"async\" class=\"alignnone size-medium wp-image-8013 gradient-bar\" style=\"height: 6px; width: 70%;\" src=\"https:\/\/iwk.de\/wp-content\/uploads\/sites\/22\/2021\/10\/GRAPHICS-IWK_color_gradient_bar.png?w=300\" alt=\"\" width=\"70%\" height=\"6px\" srcset=\"https:\/\/vipgo.atsautomation.com\/iwk-de\/%20%20\/wp-content\/uploads\/sites\/22\/2021\/10\/GRAPHICS-IWK_color_gradient_bar.png 1584w, https:\/\/vipgo.atsautomation.com\/iwk-de\/%20%20\/wp-content\/uploads\/sites\/22\/2021\/10\/GRAPHICS-IWK_color_gradient_bar.png?resize=300,6 300w, https:\/\/vipgo.atsautomation.com\/iwk-de\/%20%20\/wp-content\/uploads\/sites\/22\/2021\/10\/GRAPHICS-IWK_color_gradient_bar.png?resize=768,16 768w, https:\/\/vipgo.atsautomation.com\/iwk-de\/%20%20\/wp-content\/uploads\/sites\/22\/2021\/10\/GRAPHICS-IWK_color_gradient_bar.png?resize=1024,22 1024w, https:\/\/vipgo.atsautomation.com\/iwk-de\/%20%20\/wp-content\/uploads\/sites\/22\/2021\/10\/GRAPHICS-IWK_color_gradient_bar.png?resize=1536,33 1536w, https:\/\/vipgo.atsautomation.com\/iwk-de\/%20%20\/wp-content\/uploads\/sites\/22\/2021\/10\/GRAPHICS-IWK_color_gradient_bar.png?resize=700,15 700w\" sizes=\"(max-width: 1584px) 100vw, 1584px\" \/><\/p>\n<div class=\"machineMixedHeader\">\n<h4 class=\"newMachineHeader\">LA FLEXIBILIT\u00c9. L&rsquo;EXP\u00c9RIENCE. SERVICE.<\/h4>\n<h1 class=\"newMachineHeader\">ENCARTONNEUSES, MACHINES D&rsquo;EMBALLAGE ET REMPLISSEUSES DE TUBES D&rsquo;IWK<\/h1>\n<\/div>\n<div class=\"home-column row\" style=\"display: flex; overflow-x: auto; overflow-y: hidden\">\n<div class=\"one column\">\n<a href=\"https:\/\/iwk.de\/fr\/iwk-en-bref\/\"><br \/>\n<img loading=\"lazy\" decoding=\"async\" class=\"alignnone size-full wp-image-83\" src=\"https:\/\/iwk.de\/wp-content\/uploads\/sites\/22\/2021\/02\/two.png\" alt=\"\" width=\"100\" height=\"100\" \/><\/p>\n<h4>IWK EN BREF<\/h4>\n<div class=\"hidden-one\">\n<p>Depuis plus de 130 ans, l\u2019entreprise IWK est devenue synonyme de hautes technologies gr\u00e2ce \u00e0 son expertise de l\u2019int\u00e9gration de ligne fournissant et \u00e0 une fiabilit\u00e9 maximale pour le remplissage de tubes et l\u2019encartonnement.<\/p>\n<\/div>\n<p><\/a>\n<\/div>\n<div class=\"two column\">\n<a href=\"https:\/\/iwk.de\/fr\/conseil\/\"><br \/>\n<img loading=\"lazy\" decoding=\"async\" class=\"alignnone size-full wp-image-82\" src=\"https:\/\/iwk.de\/wp-content\/uploads\/sites\/22\/2021\/02\/icon_cont_beratung.png\" alt=\"\" width=\"100\" height=\"100\" \/><\/p>\n<h4>CONSEIL<\/h4>\n<div class=\"hidden-two\">\n<p>Nous connaissons les principales pr\u00e9occupations de nos clients et nous avons adopt\u00e9 notre offre en cons\u00e9quence.<\/p>\n<\/div>\n<p><\/a>\n<\/div>\n<div class=\"three column\">\n<a href=\"https:\/\/iwk.de\/fr\/produits-et-solutions\/\"><br \/>\n<img loading=\"lazy\" decoding=\"async\" class=\"alignnone size-full wp-image-86\" src=\"https:\/\/iwk.de\/wp-content\/uploads\/sites\/22\/2021\/02\/icon_cont_produkte_loesungen.png\" alt=\"\" width=\"100\" height=\"100\" \/><\/p>\n<h4>PRODUITS ET SOLUTIONS<\/h4>\n<div class=\"hidden-three\">\n<p>IWK fournit des produits d\u2019excellente qualit\u00e9 et des solutions compl\u00e8tes aussi bien pour l\u2019installation de lignes que sous forme de machines individuelles.<\/p>\n<\/div>\n<p><\/a>\n<\/div>\n<div class=\"four column\">\n<a href=\"https:\/\/iwk.de\/fr\/servicefr\/\"><br \/>\n<img loading=\"lazy\" decoding=\"async\" class=\"alignnone size-thumbnail wp-image-84\" src=\"https:\/\/iwk.de\/wp-content\/uploads\/sites\/22\/2021\/02\/icon_cont_service.png\" alt=\"\" width=\"100\" height=\"100\" \/><\/p>\n<h4>SERVICE<\/h4>\n<div class=\"hidden-four\">\n<p>Nous nous engageons \u00e0 fournir des services d\u2019ing\u00e9nierie haut de gamme, de la pr\u00e9-vente jusqu\u2019au lancement de votre installation, sans oublier la maintenance classique.<\/p>\n<\/div>\n<p><\/a>\n<\/div>\n<div class=\"five column\">\n<a href=\"https:\/\/iwk.de\/fr\/carriere\/\"><br \/>\n<img loading=\"lazy\" decoding=\"async\" class=\"alignnone size-thumbnail wp-image-85\" src=\"https:\/\/iwk.de\/wp-content\/uploads\/sites\/22\/2020\/12\/four.png?resize=150,150\" alt=\"\" width=\"100\" height=\"100\" srcset=\"https:\/\/vipgo.atsautomation.com\/iwk-de\/%20%20\/wp-content\/uploads\/sites\/22\/2020\/12\/four.png 163w, https:\/\/vipgo.atsautomation.com\/iwk-de\/%20%20\/wp-content\/uploads\/sites\/22\/2020\/12\/four.png?resize=150,150 150w\" sizes=\"auto, (max-width: 100px) 100vw, 100px\" \/><\/p>\n<h4>CARRI\u00c8RE<\/h4>\n<div class=\"hidden-five\">\n<p>Notre march\u00e9 est international, tout comme les activit\u00e9s et les possibilit\u00e9s qui s\u2019offrent \u00e0 nos collaborateurs.<\/p>\n<\/div>\n<p><\/a>\n<\/div>\n<\/div>\n<p>Avec une passion v\u00e9cue, une expertise unique et une comp\u00e9tence convaincante en mati\u00e8re de solutions, nous enthousiasmons nos clients depuis plus de 130 ans. Quels que soient les produits pour lesquels vous avez besoin d&rsquo;une solution d&#8217;emballage adapt\u00e9e, quels que soient les produits que vous souhaitez remplir, IWK installe des machines individuelles ou des <a title=\"Turn-key lines of the IWK\" href=\"https:\/\/iwk.de\/fr\/produits-et-solutions\/lignes-cles-en-main-iwk\/\"><strong> lignes compl\u00e8tes cl\u00e9s en main<\/strong><\/a> lignes compl\u00e8tes cl\u00e9s en main, qui sont pr\u00e9cis\u00e9ment adapt\u00e9es \u00e0 vos besoins et fonctionnent de mani\u00e8re fiable &#8211; dans le monde entier et 24 heures sur 24 ! Notre service TOP (Technologies &#8211; Op\u00e9rations &#8211; Productivit\u00e9) vous garantit \u00e9galement une assistance apr\u00e8s-vente compl\u00e8te sous forme de maintenance, de mises \u00e0 niveau ou de conversions.<\/p>\n<div class=\"video-wrapper\">\n<div class=\"cookieconsent-optout-marketing\">Bitte <a>akzeptieren<\/a> Sie die Marketing Cookies, um dieses Video abzuspielen.<\/div>\n<p><video style=\"width: 100%; height: 100%; position: absolute; top: 0; left: 0;\" controls=\"controls\" type=\"video\/mp4\" ><source src=\"https:\/\/iwk.de\/wp-content\/uploads\/sites\/22\/2022\/02\/2021-05-05-VDO_IWK_Packaging_Technology_Highlights.mp4\">Your browser does not support the video tag.<\/video>\n<\/div>\n<p><\/p>\n<div class=\"home-main row\">\n<\/p>\n<\/div>\n","protected":false},"excerpt":{"rendered":"<p>LA FLEXIBILIT\u00c9. L&rsquo;EXP\u00c9RIENCE. SERVICE. ENCARTONNEUSES, MACHINES D&rsquo;EMBALLAGE ET REMPLISSEUSES DE TUBES D&rsquo;IWK IWK EN BREF Depuis plus de 130 ans, l\u2019entreprise IWK est devenue synonyme de hautes technologies gr\u00e2ce \u00e0 son expertise de l\u2019int\u00e9gration de ligne fournissant et \u00e0 une fiabilit\u00e9 maximale pour le remplissage de tubes et l\u2019encartonnement. CONSEIL Nous connaissons les principales pr\u00e9occupations&#8230;<\/p>\n<div class=\"post-button\"><a href=\"https:\/\/vipgo.atsautomation.com\/iwk-de\/fr\/%20%20\/\">Read More<\/a><\/div>\n","protected":false},"author":63,"featured_media":0,"parent":0,"menu_order":0,"comment_status":"closed","ping_status":"closed","template":"","meta":{"inline_featured_image":false,"footnotes":""},"class_list":["post-3252","page","type-page","status-publish","hentry"],"yoast_head":"<!-- This site is optimized with the Yoast SEO Premium plugin v26.8 (Yoast SEO v26.8) - https:\/\/yoast.com\/product\/yoast-seo-premium-wordpress\/ -->\n<title>Home-fr - Innovative And Customized Manufacturing Solutions<\/title>\n<meta name=\"robots\" content=\"index, follow, max-snippet:-1, max-image-preview:large, max-video-preview:-1\" \/>\n<link rel=\"canonical\" href=\"https:\/\/vipgo.atsautomation.com\/iwk-de\/fr\/%20%20\/\" \/>\n<meta property=\"og:locale\" content=\"fr_FR\" \/>\n<meta property=\"og:type\" content=\"article\" \/>\n<meta property=\"og:title\" content=\"Home-fr\" \/>\n<meta property=\"og:description\" content=\"LA FLEXIBILIT\u00c9. L&rsquo;EXP\u00c9RIENCE. SERVICE. ENCARTONNEUSES, MACHINES D&rsquo;EMBALLAGE ET REMPLISSEUSES DE TUBES D&rsquo;IWK IWK EN BREF Depuis plus de 130 ans, l\u2019entreprise IWK est devenue synonyme de hautes technologies gr\u00e2ce \u00e0 son expertise de l\u2019int\u00e9gration de ligne fournissant et \u00e0 une fiabilit\u00e9 maximale pour le remplissage de tubes et l\u2019encartonnement. CONSEIL Nous connaissons les principales pr\u00e9occupations...Read More\" \/>\n<meta property=\"og:url\" content=\"https:\/\/vipgo.atsautomation.com\/iwk-de\/fr\/  \/\" \/>\n<meta property=\"og:site_name\" content=\"Innovative And Customized Manufacturing Solutions\" \/>\n<meta property=\"article:modified_time\" content=\"2023-03-14T07:55:32+00:00\" \/>\n<meta property=\"og:image\" content=\"https:\/\/iwk.de\/wp-content\/uploads\/sites\/22\/2021\/10\/GRAPHICS-IWK_color_gradient_bar.png?w=300\" \/>\n<meta name=\"twitter:card\" content=\"summary_large_image\" \/>\n<meta name=\"twitter:label1\" content=\"Dur\u00e9e de lecture estim\u00e9e\" \/>\n\t<meta name=\"twitter:data1\" content=\"3 minutes\" \/>\n<script type=\"application\/ld+json\" class=\"yoast-schema-graph\">{\"@context\":\"https:\/\/schema.org\",\"@graph\":[{\"@type\":\"WebPage\",\"@id\":\"https:\/\/vipgo.atsautomation.com\/iwk-de\/fr\/%20%20\/\",\"url\":\"https:\/\/vipgo.atsautomation.com\/iwk-de\/fr\/%20%20\/\",\"name\":\"Home-fr - Innovative And Customized Manufacturing Solutions\",\"isPartOf\":{\"@id\":\"https:\/\/vipgo.atsautomation.com\/iwk-de\/%20%20\/#website\"},\"primaryImageOfPage\":{\"@id\":\"https:\/\/vipgo.atsautomation.com\/iwk-de\/fr\/%20%20\/#primaryimage\"},\"image\":{\"@id\":\"https:\/\/vipgo.atsautomation.com\/iwk-de\/fr\/%20%20\/#primaryimage\"},\"thumbnailUrl\":\"https:\/\/iwk.de\/wp-content\/uploads\/sites\/22\/2021\/10\/GRAPHICS-IWK_color_gradient_bar.png?w=300\",\"datePublished\":\"2020-12-15T19:44:25+00:00\",\"dateModified\":\"2023-03-14T07:55:32+00:00\",\"breadcrumb\":{\"@id\":\"https:\/\/vipgo.atsautomation.com\/iwk-de\/fr\/%20%20\/#breadcrumb\"},\"inLanguage\":\"fr-FR\",\"potentialAction\":[{\"@type\":\"ReadAction\",\"target\":[\"https:\/\/vipgo.atsautomation.com\/iwk-de\/fr\/%20%20\/\"]}]},{\"@type\":\"ImageObject\",\"inLanguage\":\"fr-FR\",\"@id\":\"https:\/\/vipgo.atsautomation.com\/iwk-de\/fr\/%20%20\/#primaryimage\",\"url\":\"https:\/\/iwk.de\/wp-content\/uploads\/sites\/22\/2021\/10\/GRAPHICS-IWK_color_gradient_bar.png?w=300\",\"contentUrl\":\"https:\/\/iwk.de\/wp-content\/uploads\/sites\/22\/2021\/10\/GRAPHICS-IWK_color_gradient_bar.png?w=300\"},{\"@type\":\"BreadcrumbList\",\"@id\":\"https:\/\/vipgo.atsautomation.com\/iwk-de\/fr\/%20%20\/#breadcrumb\",\"itemListElement\":[{\"@type\":\"ListItem\",\"position\":1,\"name\":\"HOME\",\"item\":\"https:\/\/vipgo.atsautomation.com\/iwk-de\/fr\/%20%20\/\"},{\"@type\":\"ListItem\",\"position\":2,\"name\":\"Home-fr\"}]},{\"@type\":\"WebSite\",\"@id\":\"https:\/\/vipgo.atsautomation.com\/iwk-de\/%20%20\/#website\",\"url\":\"https:\/\/vipgo.atsautomation.com\/iwk-de\/%20%20\/\",\"name\":\"Innovative And Customized Manufacturing Solutions\",\"description\":\"\",\"publisher\":{\"@id\":\"https:\/\/vipgo.atsautomation.com\/iwk-de\/%20%20\/#organization\"},\"potentialAction\":[{\"@type\":\"SearchAction\",\"target\":{\"@type\":\"EntryPoint\",\"urlTemplate\":\"https:\/\/vipgo.atsautomation.com\/iwk-de\/%20%20\/?s={search_term_string}\"},\"query-input\":{\"@type\":\"PropertyValueSpecification\",\"valueRequired\":true,\"valueName\":\"search_term_string\"}}],\"inLanguage\":\"fr-FR\"},{\"@type\":\"Organization\",\"@id\":\"https:\/\/vipgo.atsautomation.com\/iwk-de\/%20%20\/#organization\",\"name\":\"Innovative And Customized Manufacturing Solutions\",\"url\":\"https:\/\/vipgo.atsautomation.com\/iwk-de\/%20%20\/\",\"logo\":{\"@type\":\"ImageObject\",\"inLanguage\":\"fr-FR\",\"@id\":\"https:\/\/vipgo.atsautomation.com\/iwk-de\/%20%20\/#\/schema\/logo\/image\/\",\"url\":\"https:\/\/vipgo.atsautomation.com\/iwk-de\/%20%20\/wp-content\/uploads\/sites\/22\/2023\/02\/LOGO_IWK_4c_Size_2.png\",\"contentUrl\":\"https:\/\/vipgo.atsautomation.com\/iwk-de\/%20%20\/wp-content\/uploads\/sites\/22\/2023\/02\/LOGO_IWK_4c_Size_2.png\",\"width\":238,\"height\":137,\"caption\":\"Innovative And Customized Manufacturing Solutions\"},\"image\":{\"@id\":\"https:\/\/vipgo.atsautomation.com\/iwk-de\/%20%20\/#\/schema\/logo\/image\/\"}}]}<\/script>\n<!-- \/ Yoast SEO Premium plugin. -->","yoast_head_json":{"title":"Home-fr - Innovative And Customized Manufacturing Solutions","robots":{"index":"index","follow":"follow","max-snippet":"max-snippet:-1","max-image-preview":"max-image-preview:large","max-video-preview":"max-video-preview:-1"},"canonical":"https:\/\/vipgo.atsautomation.com\/iwk-de\/fr\/  \/","og_locale":"fr_FR","og_type":"article","og_title":"Home-fr","og_description":"LA FLEXIBILIT\u00c9. L&rsquo;EXP\u00c9RIENCE. SERVICE. ENCARTONNEUSES, MACHINES D&rsquo;EMBALLAGE ET REMPLISSEUSES DE TUBES D&rsquo;IWK IWK EN BREF Depuis plus de 130 ans, l\u2019entreprise IWK est devenue synonyme de hautes technologies gr\u00e2ce \u00e0 son expertise de l\u2019int\u00e9gration de ligne fournissant et \u00e0 une fiabilit\u00e9 maximale pour le remplissage de tubes et l\u2019encartonnement. CONSEIL Nous connaissons les principales pr\u00e9occupations...Read More","og_url":"https:\/\/vipgo.atsautomation.com\/iwk-de\/fr\/  \/","og_site_name":"Innovative And Customized Manufacturing Solutions","article_modified_time":"2023-03-14T07:55:32+00:00","og_image":[{"url":"https:\/\/iwk.de\/wp-content\/uploads\/sites\/22\/2021\/10\/GRAPHICS-IWK_color_gradient_bar.png?w=300","type":"","width":"","height":""}],"twitter_card":"summary_large_image","twitter_misc":{"Dur\u00e9e de lecture estim\u00e9e":"3 minutes"},"schema":{"@context":"https:\/\/schema.org","@graph":[{"@type":"WebPage","@id":"https:\/\/vipgo.atsautomation.com\/iwk-de\/fr\/%20%20\/","url":"https:\/\/vipgo.atsautomation.com\/iwk-de\/fr\/%20%20\/","name":"Home-fr - Innovative And Customized Manufacturing Solutions","isPartOf":{"@id":"https:\/\/vipgo.atsautomation.com\/iwk-de\/%20%20\/#website"},"primaryImageOfPage":{"@id":"https:\/\/vipgo.atsautomation.com\/iwk-de\/fr\/%20%20\/#primaryimage"},"image":{"@id":"https:\/\/vipgo.atsautomation.com\/iwk-de\/fr\/%20%20\/#primaryimage"},"thumbnailUrl":"https:\/\/iwk.de\/wp-content\/uploads\/sites\/22\/2021\/10\/GRAPHICS-IWK_color_gradient_bar.png?w=300","datePublished":"2020-12-15T19:44:25+00:00","dateModified":"2023-03-14T07:55:32+00:00","breadcrumb":{"@id":"https:\/\/vipgo.atsautomation.com\/iwk-de\/fr\/%20%20\/#breadcrumb"},"inLanguage":"fr-FR","potentialAction":[{"@type":"ReadAction","target":["https:\/\/vipgo.atsautomation.com\/iwk-de\/fr\/%20%20\/"]}]},{"@type":"ImageObject","inLanguage":"fr-FR","@id":"https:\/\/vipgo.atsautomation.com\/iwk-de\/fr\/%20%20\/#primaryimage","url":"https:\/\/iwk.de\/wp-content\/uploads\/sites\/22\/2021\/10\/GRAPHICS-IWK_color_gradient_bar.png?w=300","contentUrl":"https:\/\/iwk.de\/wp-content\/uploads\/sites\/22\/2021\/10\/GRAPHICS-IWK_color_gradient_bar.png?w=300"},{"@type":"BreadcrumbList","@id":"https:\/\/vipgo.atsautomation.com\/iwk-de\/fr\/%20%20\/#breadcrumb","itemListElement":[{"@type":"ListItem","position":1,"name":"HOME","item":"https:\/\/vipgo.atsautomation.com\/iwk-de\/fr\/%20%20\/"},{"@type":"ListItem","position":2,"name":"Home-fr"}]},{"@type":"WebSite","@id":"https:\/\/vipgo.atsautomation.com\/iwk-de\/%20%20\/#website","url":"https:\/\/vipgo.atsautomation.com\/iwk-de\/%20%20\/","name":"Innovative And Customized Manufacturing Solutions","description":"","publisher":{"@id":"https:\/\/vipgo.atsautomation.com\/iwk-de\/%20%20\/#organization"},"potentialAction":[{"@type":"SearchAction","target":{"@type":"EntryPoint","urlTemplate":"https:\/\/vipgo.atsautomation.com\/iwk-de\/%20%20\/?s={search_term_string}"},"query-input":{"@type":"PropertyValueSpecification","valueRequired":true,"valueName":"search_term_string"}}],"inLanguage":"fr-FR"},{"@type":"Organization","@id":"https:\/\/vipgo.atsautomation.com\/iwk-de\/%20%20\/#organization","name":"Innovative And Customized Manufacturing Solutions","url":"https:\/\/vipgo.atsautomation.com\/iwk-de\/%20%20\/","logo":{"@type":"ImageObject","inLanguage":"fr-FR","@id":"https:\/\/vipgo.atsautomation.com\/iwk-de\/%20%20\/#\/schema\/logo\/image\/","url":"https:\/\/vipgo.atsautomation.com\/iwk-de\/%20%20\/wp-content\/uploads\/sites\/22\/2023\/02\/LOGO_IWK_4c_Size_2.png","contentUrl":"https:\/\/vipgo.atsautomation.com\/iwk-de\/%20%20\/wp-content\/uploads\/sites\/22\/2023\/02\/LOGO_IWK_4c_Size_2.png","width":238,"height":137,"caption":"Innovative And Customized Manufacturing Solutions"},"image":{"@id":"https:\/\/vipgo.atsautomation.com\/iwk-de\/%20%20\/#\/schema\/logo\/image\/"}}]}},"jetpack_sharing_enabled":true,"_links":{"self":[{"href":"https:\/\/vipgo.atsautomation.com\/iwk-de\/fr\/%20%20\/wp-json\/wp\/v2\/pages\/3252","targetHints":{"allow":["GET"]}}],"collection":[{"href":"https:\/\/vipgo.atsautomation.com\/iwk-de\/fr\/%20%20\/wp-json\/wp\/v2\/pages"}],"about":[{"href":"https:\/\/vipgo.atsautomation.com\/iwk-de\/fr\/%20%20\/wp-json\/wp\/v2\/types\/page"}],"author":[{"embeddable":true,"href":"https:\/\/vipgo.atsautomation.com\/iwk-de\/fr\/%20%20\/wp-json\/wp\/v2\/users\/63"}],"replies":[{"embeddable":true,"href":"https:\/\/vipgo.atsautomation.com\/iwk-de\/fr\/%20%20\/wp-json\/wp\/v2\/comments?post=3252"}],"version-history":[{"count":58,"href":"https:\/\/vipgo.atsautomation.com\/iwk-de\/fr\/%20%20\/wp-json\/wp\/v2\/pages\/3252\/revisions"}],"predecessor-version":[{"id":10860,"href":"https:\/\/vipgo.atsautomation.com\/iwk-de\/fr\/%20%20\/wp-json\/wp\/v2\/pages\/3252\/revisions\/10860"}],"wp:attachment":[{"href":"https:\/\/vipgo.atsautomation.com\/iwk-de\/fr\/%20%20\/wp-json\/wp\/v2\/media?parent=3252"}],"curies":[{"name":"wp","href":"https:\/\/api.w.org\/{rel}","templated":true}]}}